{"id":949,"date":"2024-08-12T09:19:26","date_gmt":"2024-08-12T09:19:26","guid":{"rendered":"https:\/\/ekco-ci.com\/ecommerce\/?post_type=product&#038;p=949"},"modified":"2024-12-12T09:12:35","modified_gmt":"2024-12-12T09:12:35","slug":"casque-bluetooth-de-sport-sans-fil-2","status":"publish","type":"product","link":"https:\/\/ekco-ci.com\/ecommerce\/produit\/casque-bluetooth-de-sport-sans-fil-2\/","title":{"rendered":"Casque Bluetooth De Sport Sans Fil"},"content":{"rendered":"<ol>\n<li>La qualit\u00e9 sonore HIFI haute fid\u00e9lit\u00e9 apporte un corps immersif, combine un diaphragme composite rigide, doux et fin, cr\u00e9e un effet auditif riche et tr\u00e8s spatial, profite de la sensation de pr\u00e9sence des basses \u00e9paisses et non \u00e9touffantes et des aigus forts.<\/li>\n<li>Compatible avec les appareils grand public, Changlian est compatible avec les t\u00e9l\u00e9phones mobiles, les ordinateurs de bureau, les tablettes, les ordinateurs portables et autres appareils Bluetooth \u00e0 tout moment et en tout lieu. Prise en charge des syst\u00e8mes d&#8217;exploitation Windows, iOS et Android<\/li>\n<li>Une nouvelle g\u00e9n\u00e9ration de puce de commande principale Bluetooth, une puissante conception d&#8217;antenne anti-brouillage, am\u00e9liore consid\u00e9rablement la capacit\u00e9 anti-brouillage dans des environnements complexes, une consommation d&#8217;\u00e9nergie plus faible, une transmission plus rapide, une connexion plus stable et choquante, un casque sans fil tactile num\u00e9rique de qualit\u00e9 sonore, une r\u00e9duction intelligente des appels vocaux ultra-clairs, la musique de jeu avec des effets sonores de haute qualit\u00e9 sans retard, son surround st\u00e9r\u00e9o\/r\u00e9duction du bruit ENC\/super silicium clair<\/li>\n<li>Le style de conception simple et \u00e9l\u00e9gant blanc est positionn\u00e9, le son surround est plus un effet explosif, la musique est centr\u00e9e sur vous et l&#8217;\u00e9coute sonore claire et nouvelle est extraordinaire.<\/li>\n<li>D\u00e9codage \u00e0 double mode du jeu, connexion plus rapide et plus stable, \u00e9couter des chansons et jouer \u00e0 des jeux plus clair et plus fluide, les performances du casque sont g\u00e9n\u00e9ralement am\u00e9lior\u00e9es<\/li>\n<li>Puce Bluetooth haute performance transmission et forte, nouvelle puce Bluetooth, avec une faible consommation d&#8217;\u00e9nergie pour r\u00e9aliser des interf\u00e9rences de protection haute performance de transmission longue distance, un signal stable et d\u00e9bloqu\u00e9, et une qualit\u00e9 sonore haute fid\u00e9lit\u00e9<\/li>\n<li>Petit et confortable \u00e0 porter sans sensation, facile \u00e0 dormir, confortable \u00e0 porter, confortable et confortable \u00e0 dormir sans le savoir<\/li>\n<li>La grande capacit\u00e9 et la forte puissance de base, la longue dur\u00e9e de vie de la batterie, sont les raisons pour lesquelles plus de gens choisissent.<\/li>\n<\/ol>\n","protected":false},"excerpt":{"rendered":"<p class=\"-fs20 -pts -pbxs\">Casque Bluetooth De Sport Sans Fil<\/p>\n","protected":false},"featured_media":942,"comment_status":"open","ping_status":"closed","template":"","meta":{"_uag_custom_page_level_css":"","site-sidebar-layout":"default","site-content-layout":"","ast-site-content-layout":"default","site-content-style":"default","site-sidebar-style":"default","ast-global-header-display":"","ast-banner-title-visibility":"","ast-main-header-display":"","ast-hfb-above-header-display":"","ast-hfb-below-header-display":"","ast-hfb-mobile-header-display":"","site-post-title":"","ast-breadcrumbs-content":"","ast-featured-img":"","footer-sml-layout":"","ast-disable-related-posts":"","theme-transparent-header-meta":"default","adv-header-id-meta":"","stick-header-meta":"","header-above-stick-meta":"","header-main-stick-meta":"","header-below-stick-meta":"","astra-migrate-meta-layouts":"set","ast-page-background-enabled":"default","ast-page-background-meta":{"desktop":{"background-color":"var(--ast-global-color-4)","background-image":"","background-repeat":"repeat","background-position":"center center","background-size":"auto","background-attachment":"scroll","background-type":"","background-media":"","overlay-type":"","overlay-color":"","overlay-opacity":"","overlay-gradient":""},"tablet":{"background-color":"","background-image":"","background-repeat":"repeat","background-position":"center center","background-size":"auto","background-attachment":"scroll","background-type":"","background-media":"","overlay-type":"","overlay-color":"","overlay-opacity":"","overlay-gradient":""},"mobile":{"background-color":"","background-image":"","background-repeat":"repeat","background-position":"center center","background-size":"auto","background-attachment":"scroll","background-type":"","background-media":"","overlay-type":"","overlay-color":"","overlay-opacity":"","overlay-gradient":""}},"ast-content-background-meta":{"desktop":{"background-color":"var(--ast-global-color-5)","background-image":"","background-repeat":"repeat","background-position":"center center","background-size":"auto","background-attachment":"scroll","background-type":"","background-media":"","overlay-type":"","overlay-color":"","overlay-opacity":"","overlay-gradient":""},"tablet":{"background-color":"var(--ast-global-color-5)","background-image":"","background-repeat":"repeat","background-position":"center center","background-size":"auto","background-attachment":"scroll","background-type":"","background-media":"","overlay-type":"","overlay-color":"","overlay-opacity":"","overlay-gradient":""},"mobile":{"background-color":"var(--ast-global-color-5)","background-image":"","background-repeat":"repeat","background-position":"center center","background-size":"auto","background-attachment":"scroll","background-type":"","background-media":"","overlay-type":"","overlay-color":"","overlay-opacity":"","overlay-gradient":""}}},"product_brand":[],"product_cat":[85,86,45],"product_tag":[87],"class_list":{"0":"post-949","1":"product","2":"type-product","3":"status-publish","4":"has-post-thumbnail","6":"product_cat-accesoires-telephone","7":"product_cat-ecouteur-bluetooth","8":"product_cat-telephones-tablettes","9":"product_tag-special","10":"desktop-align-left","11":"tablet-align-left","12":"mobile-align-left","14":"first","15":"instock","16":"sale","17":"shipping-taxable","18":"purchasable","19":"product-type-simple"},"yoast_head":"<!-- This site is optimized with the Yoast SEO plugin v26.8 - https:\/\/yoast.com\/product\/yoast-seo-wordpress\/ -->\n<title>Casque Bluetooth De Sport Sans Fil - Ekco Boutique<\/title>\n<meta name=\"description\" content=\"La qualit\u00e9 sonore HIFI haute fid\u00e9lit\u00e9 apporte un corps immersif, combine un diaphragme composite rigide, doux et fin, cr\u00e9e un effet auditif riche et tr\u00e8s spatial, profite de la sensation de pr\u00e9sence des basses \u00e9paisses et non \u00e9touffantes et des aigus forts.\" \/>\n<meta name=\"robots\" content=\"index, follow, max-snippet:-1, max-image-preview:large, max-video-preview:-1\" \/>\n<link rel=\"canonical\" href=\"https:\/\/ekco-ci.com\/ecommerce\/produit\/casque-bluetooth-de-sport-sans-fil-2\/\" \/>\n<meta property=\"og:locale\" content=\"fr_FR\" \/>\n<meta property=\"og:type\" content=\"article\" \/>\n<meta property=\"og:title\" content=\"Casque Bluetooth De Sport Sans Fil - Ekco Boutique\" \/>\n<meta property=\"og:description\" content=\"La qualit\u00e9 sonore HIFI haute fid\u00e9lit\u00e9 apporte un corps immersif, combine un diaphragme composite rigide, doux et fin, cr\u00e9e un effet auditif riche et tr\u00e8s spatial, profite de la sensation de pr\u00e9sence des basses \u00e9paisses et non \u00e9touffantes et des aigus forts.\" \/>\n<meta property=\"og:url\" content=\"https:\/\/ekco-ci.com\/ecommerce\/produit\/casque-bluetooth-de-sport-sans-fil-2\/\" \/>\n<meta property=\"og:site_name\" content=\"Ekco Boutique\" \/>\n<meta property=\"article:modified_time\" content=\"2024-12-12T09:12:35+00:00\" \/>\n<meta property=\"og:image\" content=\"https:\/\/ekco-ci.com\/ecommerce\/wp-content\/uploads\/2024\/08\/1-6-2.jpg\" \/>\n\t<meta property=\"og:image:width\" content=\"680\" \/>\n\t<meta property=\"og:image:height\" content=\"680\" \/>\n\t<meta property=\"og:image:type\" content=\"image\/jpeg\" \/>\n<meta name=\"twitter:card\" content=\"summary_large_image\" \/>\n<meta name=\"twitter:label1\" content=\"Dur\u00e9e de lecture estim\u00e9e\" \/>\n\t<meta name=\"twitter:data1\" content=\"2 minutes\" \/>\n<script type=\"application\/ld+json\" class=\"yoast-schema-graph\">{\"@context\":\"https:\/\/schema.org\",\"@graph\":[{\"@type\":\"WebPage\",\"@id\":\"https:\/\/ekco-ci.com\/ecommerce\/produit\/casque-bluetooth-de-sport-sans-fil-2\/\",\"url\":\"https:\/\/ekco-ci.com\/ecommerce\/produit\/casque-bluetooth-de-sport-sans-fil-2\/\",\"name\":\"Casque Bluetooth De Sport Sans Fil - Ekco Boutique\",\"isPartOf\":{\"@id\":\"https:\/\/ekco-ci.com\/ecommerce\/#website\"},\"primaryImageOfPage\":{\"@id\":\"https:\/\/ekco-ci.com\/ecommerce\/produit\/casque-bluetooth-de-sport-sans-fil-2\/#primaryimage\"},\"image\":{\"@id\":\"https:\/\/ekco-ci.com\/ecommerce\/produit\/casque-bluetooth-de-sport-sans-fil-2\/#primaryimage\"},\"thumbnailUrl\":\"https:\/\/ekco-ci.com\/ecommerce\/wp-content\/uploads\/2024\/08\/1-6-2.jpg\",\"datePublished\":\"2024-08-12T09:19:26+00:00\",\"dateModified\":\"2024-12-12T09:12:35+00:00\",\"description\":\"La qualit\u00e9 sonore HIFI haute fid\u00e9lit\u00e9 apporte un corps immersif, combine un diaphragme composite rigide, doux et fin, cr\u00e9e un effet auditif riche et tr\u00e8s spatial, profite de la sensation de pr\u00e9sence des basses \u00e9paisses et non \u00e9touffantes et des aigus forts.\",\"breadcrumb\":{\"@id\":\"https:\/\/ekco-ci.com\/ecommerce\/produit\/casque-bluetooth-de-sport-sans-fil-2\/#breadcrumb\"},\"inLanguage\":\"fr-FR\",\"potentialAction\":[{\"@type\":\"ReadAction\",\"target\":[\"https:\/\/ekco-ci.com\/ecommerce\/produit\/casque-bluetooth-de-sport-sans-fil-2\/\"]}]},{\"@type\":\"ImageObject\",\"inLanguage\":\"fr-FR\",\"@id\":\"https:\/\/ekco-ci.com\/ecommerce\/produit\/casque-bluetooth-de-sport-sans-fil-2\/#primaryimage\",\"url\":\"https:\/\/ekco-ci.com\/ecommerce\/wp-content\/uploads\/2024\/08\/1-6-2.jpg\",\"contentUrl\":\"https:\/\/ekco-ci.com\/ecommerce\/wp-content\/uploads\/2024\/08\/1-6-2.jpg\",\"width\":680,\"height\":680},{\"@type\":\"BreadcrumbList\",\"@id\":\"https:\/\/ekco-ci.com\/ecommerce\/produit\/casque-bluetooth-de-sport-sans-fil-2\/#breadcrumb\",\"itemListElement\":[{\"@type\":\"ListItem\",\"position\":1,\"name\":\"Home\",\"item\":\"https:\/\/ekco-ci.com\/ecommerce\/\"},{\"@type\":\"ListItem\",\"position\":2,\"name\":\"Boutique\",\"item\":\"https:\/\/ekco-ci.com\/ecommerce\/boutique\/\"},{\"@type\":\"ListItem\",\"position\":3,\"name\":\"Casque Bluetooth De Sport Sans Fil\"}]},{\"@type\":\"WebSite\",\"@id\":\"https:\/\/ekco-ci.com\/ecommerce\/#website\",\"url\":\"https:\/\/ekco-ci.com\/ecommerce\/\",\"name\":\"Ekco Boutique\",\"description\":\"Ekco Boutique! La qualit\u00e9 au c\u0153ur de chaque achat\",\"publisher\":{\"@id\":\"https:\/\/ekco-ci.com\/ecommerce\/#organization\"},\"alternateName\":\"Boutique\",\"potentialAction\":[{\"@type\":\"SearchAction\",\"target\":{\"@type\":\"EntryPoint\",\"urlTemplate\":\"https:\/\/ekco-ci.com\/ecommerce\/?s={search_term_string}\"},\"query-input\":{\"@type\":\"PropertyValueSpecification\",\"valueRequired\":true,\"valueName\":\"search_term_string\"}}],\"inLanguage\":\"fr-FR\"},{\"@type\":\"Organization\",\"@id\":\"https:\/\/ekco-ci.com\/ecommerce\/#organization\",\"name\":\"Ekco Boutique\",\"url\":\"https:\/\/ekco-ci.com\/ecommerce\/\",\"logo\":{\"@type\":\"ImageObject\",\"inLanguage\":\"fr-FR\",\"@id\":\"https:\/\/ekco-ci.com\/ecommerce\/#\/schema\/logo\/image\/\",\"url\":\"https:\/\/ekco-ci.com\/ecommerce\/wp-content\/uploads\/2024\/08\/cropped-lologo.png\",\"contentUrl\":\"https:\/\/ekco-ci.com\/ecommerce\/wp-content\/uploads\/2024\/08\/cropped-lologo.png\",\"width\":512,\"height\":512,\"caption\":\"Ekco Boutique\"},\"image\":{\"@id\":\"https:\/\/ekco-ci.com\/ecommerce\/#\/schema\/logo\/image\/\"}}]}<\/script>\n<!-- \/ Yoast SEO plugin. -->","yoast_head_json":{"title":"Casque Bluetooth De Sport Sans Fil - Ekco Boutique","description":"La qualit\u00e9 sonore HIFI haute fid\u00e9lit\u00e9 apporte un corps immersif, combine un diaphragme composite rigide, doux et fin, cr\u00e9e un effet auditif riche et tr\u00e8s spatial, profite de la sensation de pr\u00e9sence des basses \u00e9paisses et non \u00e9touffantes et des aigus forts.","robots":{"index":"index","follow":"follow","max-snippet":"max-snippet:-1","max-image-preview":"max-image-preview:large","max-video-preview":"max-video-preview:-1"},"canonical":"https:\/\/ekco-ci.com\/ecommerce\/produit\/casque-bluetooth-de-sport-sans-fil-2\/","og_locale":"fr_FR","og_type":"article","og_title":"Casque Bluetooth De Sport Sans Fil - Ekco Boutique","og_description":"La qualit\u00e9 sonore HIFI haute fid\u00e9lit\u00e9 apporte un corps immersif, combine un diaphragme composite rigide, doux et fin, cr\u00e9e un effet auditif riche et tr\u00e8s spatial, profite de la sensation de pr\u00e9sence des basses \u00e9paisses et non \u00e9touffantes et des aigus forts.","og_url":"https:\/\/ekco-ci.com\/ecommerce\/produit\/casque-bluetooth-de-sport-sans-fil-2\/","og_site_name":"Ekco Boutique","article_modified_time":"2024-12-12T09:12:35+00:00","og_image":[{"width":680,"height":680,"url":"https:\/\/ekco-ci.com\/ecommerce\/wp-content\/uploads\/2024\/08\/1-6-2.jpg","type":"image\/jpeg"}],"twitter_card":"summary_large_image","twitter_misc":{"Dur\u00e9e de lecture estim\u00e9e":"2 minutes"},"schema":{"@context":"https:\/\/schema.org","@graph":[{"@type":"WebPage","@id":"https:\/\/ekco-ci.com\/ecommerce\/produit\/casque-bluetooth-de-sport-sans-fil-2\/","url":"https:\/\/ekco-ci.com\/ecommerce\/produit\/casque-bluetooth-de-sport-sans-fil-2\/","name":"Casque Bluetooth De Sport Sans Fil - Ekco Boutique","isPartOf":{"@id":"https:\/\/ekco-ci.com\/ecommerce\/#website"},"primaryImageOfPage":{"@id":"https:\/\/ekco-ci.com\/ecommerce\/produit\/casque-bluetooth-de-sport-sans-fil-2\/#primaryimage"},"image":{"@id":"https:\/\/ekco-ci.com\/ecommerce\/produit\/casque-bluetooth-de-sport-sans-fil-2\/#primaryimage"},"thumbnailUrl":"https:\/\/ekco-ci.com\/ecommerce\/wp-content\/uploads\/2024\/08\/1-6-2.jpg","datePublished":"2024-08-12T09:19:26+00:00","dateModified":"2024-12-12T09:12:35+00:00","description":"La qualit\u00e9 sonore HIFI haute fid\u00e9lit\u00e9 apporte un corps immersif, combine un diaphragme composite rigide, doux et fin, cr\u00e9e un effet auditif riche et tr\u00e8s spatial, profite de la sensation de pr\u00e9sence des basses \u00e9paisses et non \u00e9touffantes et des aigus forts.","breadcrumb":{"@id":"https:\/\/ekco-ci.com\/ecommerce\/produit\/casque-bluetooth-de-sport-sans-fil-2\/#breadcrumb"},"inLanguage":"fr-FR","potentialAction":[{"@type":"ReadAction","target":["https:\/\/ekco-ci.com\/ecommerce\/produit\/casque-bluetooth-de-sport-sans-fil-2\/"]}]},{"@type":"ImageObject","inLanguage":"fr-FR","@id":"https:\/\/ekco-ci.com\/ecommerce\/produit\/casque-bluetooth-de-sport-sans-fil-2\/#primaryimage","url":"https:\/\/ekco-ci.com\/ecommerce\/wp-content\/uploads\/2024\/08\/1-6-2.jpg","contentUrl":"https:\/\/ekco-ci.com\/ecommerce\/wp-content\/uploads\/2024\/08\/1-6-2.jpg","width":680,"height":680},{"@type":"BreadcrumbList","@id":"https:\/\/ekco-ci.com\/ecommerce\/produit\/casque-bluetooth-de-sport-sans-fil-2\/#breadcrumb","itemListElement":[{"@type":"ListItem","position":1,"name":"Home","item":"https:\/\/ekco-ci.com\/ecommerce\/"},{"@type":"ListItem","position":2,"name":"Boutique","item":"https:\/\/ekco-ci.com\/ecommerce\/boutique\/"},{"@type":"ListItem","position":3,"name":"Casque Bluetooth De Sport Sans Fil"}]},{"@type":"WebSite","@id":"https:\/\/ekco-ci.com\/ecommerce\/#website","url":"https:\/\/ekco-ci.com\/ecommerce\/","name":"Ekco Boutique","description":"Ekco Boutique! La qualit\u00e9 au c\u0153ur de chaque achat","publisher":{"@id":"https:\/\/ekco-ci.com\/ecommerce\/#organization"},"alternateName":"Boutique","potentialAction":[{"@type":"SearchAction","target":{"@type":"EntryPoint","urlTemplate":"https:\/\/ekco-ci.com\/ecommerce\/?s={search_term_string}"},"query-input":{"@type":"PropertyValueSpecification","valueRequired":true,"valueName":"search_term_string"}}],"inLanguage":"fr-FR"},{"@type":"Organization","@id":"https:\/\/ekco-ci.com\/ecommerce\/#organization","name":"Ekco Boutique","url":"https:\/\/ekco-ci.com\/ecommerce\/","logo":{"@type":"ImageObject","inLanguage":"fr-FR","@id":"https:\/\/ekco-ci.com\/ecommerce\/#\/schema\/logo\/image\/","url":"https:\/\/ekco-ci.com\/ecommerce\/wp-content\/uploads\/2024\/08\/cropped-lologo.png","contentUrl":"https:\/\/ekco-ci.com\/ecommerce\/wp-content\/uploads\/2024\/08\/cropped-lologo.png","width":512,"height":512,"caption":"Ekco Boutique"},"image":{"@id":"https:\/\/ekco-ci.com\/ecommerce\/#\/schema\/logo\/image\/"}}]}},"uagb_featured_image_src":{"full":["https:\/\/ekco-ci.com\/ecommerce\/wp-content\/uploads\/2024\/08\/1-6-2.jpg",680,680,false],"thumbnail":["https:\/\/ekco-ci.com\/ecommerce\/wp-content\/uploads\/2024\/08\/1-6-2-150x150.jpg",150,150,true],"medium":["https:\/\/ekco-ci.com\/ecommerce\/wp-content\/uploads\/2024\/08\/1-6-2-300x300.jpg",300,300,true],"medium_large":["https:\/\/ekco-ci.com\/ecommerce\/wp-content\/uploads\/2024\/08\/1-6-2.jpg",680,680,false],"large":["https:\/\/ekco-ci.com\/ecommerce\/wp-content\/uploads\/2024\/08\/1-6-2.jpg",680,680,false],"1536x1536":["https:\/\/ekco-ci.com\/ecommerce\/wp-content\/uploads\/2024\/08\/1-6-2.jpg",680,680,false],"2048x2048":["https:\/\/ekco-ci.com\/ecommerce\/wp-content\/uploads\/2024\/08\/1-6-2.jpg",680,680,false],"cfw_cart_thumb":["https:\/\/ekco-ci.com\/ecommerce\/wp-content\/uploads\/2024\/08\/1-6-2.jpg",60,60,false],"cfw_order_bump_thumb":["https:\/\/ekco-ci.com\/ecommerce\/wp-content\/uploads\/2024\/08\/1-6-2.jpg",320,320,false],"woocommerce_thumbnail":["https:\/\/ekco-ci.com\/ecommerce\/wp-content\/uploads\/2024\/08\/1-6-2-300x225.jpg",300,225,true],"woocommerce_single":["https:\/\/ekco-ci.com\/ecommerce\/wp-content\/uploads\/2024\/08\/1-6-2-600x600.jpg",600,600,true],"woocommerce_gallery_thumbnail":["https:\/\/ekco-ci.com\/ecommerce\/wp-content\/uploads\/2024\/08\/1-6-2-100x100.jpg",100,100,true]},"uagb_author_info":{"display_name":"Christabelle Moulo","author_link":"https:\/\/ekco-ci.com\/ecommerce\/author\/"},"uagb_comment_info":0,"uagb_excerpt":"Casque Bluetooth De Sport Sans Fil","_links":{"self":[{"href":"https:\/\/ekco-ci.com\/ecommerce\/wp-json\/wp\/v2\/product\/949","targetHints":{"allow":["GET"]}}],"collection":[{"href":"https:\/\/ekco-ci.com\/ecommerce\/wp-json\/wp\/v2\/product"}],"about":[{"href":"https:\/\/ekco-ci.com\/ecommerce\/wp-json\/wp\/v2\/types\/product"}],"replies":[{"embeddable":true,"href":"https:\/\/ekco-ci.com\/ecommerce\/wp-json\/wp\/v2\/comments?post=949"}],"wp:featuredmedia":[{"embeddable":true,"href":"https:\/\/ekco-ci.com\/ecommerce\/wp-json\/wp\/v2\/media\/942"}],"wp:attachment":[{"href":"https:\/\/ekco-ci.com\/ecommerce\/wp-json\/wp\/v2\/media?parent=949"}],"wp:term":[{"taxonomy":"product_brand","embeddable":true,"href":"https:\/\/ekco-ci.com\/ecommerce\/wp-json\/wp\/v2\/product_brand?post=949"},{"taxonomy":"product_cat","embeddable":true,"href":"https:\/\/ekco-ci.com\/ecommerce\/wp-json\/wp\/v2\/product_cat?post=949"},{"taxonomy":"product_tag","embeddable":true,"href":"https:\/\/ekco-ci.com\/ecommerce\/wp-json\/wp\/v2\/product_tag?post=949"}],"curies":[{"name":"wp","href":"https:\/\/api.w.org\/{rel}","templated":true}]}}