{"id":8924,"date":"2024-11-01T11:47:20","date_gmt":"2024-11-01T11:47:20","guid":{"rendered":"https:\/\/ekco-ci.com\/ecommerce\/?post_type=product&#038;p=8924"},"modified":"2024-12-12T09:19:13","modified_gmt":"2024-12-12T09:19:13","slug":"skyline-tv-led-hd-43-skt-43m-noir-garantie-12-mois","status":"publish","type":"product","link":"https:\/\/ekco-ci.com\/ecommerce\/produit\/skyline-tv-led-hd-43-skt-43m-noir-garantie-12-mois\/","title":{"rendered":"Skyline TV LED HD &#8211; 43&#8243;- SKT-43M &#8211; Noir &#8211; Garantie 12 Mois"},"content":{"rendered":"<h2 class=\"feature-benefit__title\" style=\"text-align: center\" data-omni=\"Enjoy full HD to the fullest\">SKYLINE,<\/h2>\n<h3 class=\"feature-benefit__title\" style=\"text-align: center\" data-omni=\"Enjoy full HD to the fullest\"><\/h3>\n<h2 style=\"text-align: center\">SKT-43M<\/h2>\n<h3 class=\"feature-benefit__title\" style=\"text-align: center\" data-omni=\"Enjoy full HD to the fullest\"><\/h3>\n<h2 class=\"feature-benefit__title\" data-omni=\"Enjoy full HD to the fullest\">Profitez du Meilleur de la Full HD<\/h2>\n<h3 class=\"feature-benefit__title\" data-omni=\"Enjoy full HD to the fullest\">\n<img fetchpriority=\"high\" decoding=\"async\" src=\"https:\/\/images.samsung.com\/is\/image\/samsung\/my-feature-full-hd-picture-quality-103833434?$FB_TYPE_A_JPG$\" alt=\"Qualit\u00c3\u00a9 d'image Full HD\" width=\"755\" height=\"441\" data-src=\"https:\/\/images.samsung.com\/is\/image\/samsung\/my-feature-full-hd-picture-quality-103833434?$FB_TYPE_A_JPG$\" \/><\/p>\n<p>Vos \u00e9missions de t\u00e9l\u00e9vision et vos films pr\u00e9f\u00e9r\u00e9s deviennent r\u00e9els.\u00a0La texture riche et vivante des images Full HD vous coupera le souffle.<\/h3>\n<h2 class=\"feature-benefit__title\" data-omni=\"Clean View\">Une Vue Hors du Commun<\/h2>\n<h3 class=\"feature-benefit__title\" data-omni=\"Enjoy full HD to the fullest\">\nUne vue nette r\u00e9duit le bruit et les interf\u00e9rences, tout en am\u00e9liorant la couleur et le contraste pour une vue parfaitement nette.\u00a0Profitez de tout avec une qualit\u00e9 d&#8217;image raffin\u00e9e.<\/h3>\n<h2 class=\"feature-benefit__title\" data-omni=\"Wide Colour Enhancer\">Une Vue Encore Plus Color\u00e9e<\/h2>\n<h3 class=\"feature-benefit__title\" data-omni=\"Enjoy full HD to the fullest\">\n<img decoding=\"async\" src=\"https:\/\/images.samsung.com\/is\/image\/samsung\/my-feature-wide-colour-enhancer-103833410?$FB_TYPE_A_JPG$\" alt=\"Enhancer de couleur large\" width=\"746\" height=\"435\" data-src=\"https:\/\/images.samsung.com\/is\/image\/samsung\/my-feature-wide-colour-enhancer-103833410?$FB_TYPE_A_JPG$\" \/><\/p>\n<p>Des couleurs vives et riches vous attendent.\u00a0Nous savons que vous aimer les belles choses c&#8217;est pourquoi nous vous offrons une\u00a0qualit\u00e9\u00a0d&#8217;image exceptionnelle\u00a0avec les couleurs telles qu&#8217;elles ont \u00e9t\u00e9 con\u00e7ues.<\/h3>\n<h2 class=\"feature-benefit__title\" data-omni=\"Connect share movie\">Vos Contenus \u00e0 Tous Moments<\/h2>\n<h3 class=\"feature-benefit__title\" data-omni=\"Enjoy full HD to the fullest\">\n<img decoding=\"async\" src=\"https:\/\/images.samsung.com\/is\/image\/samsung\/my-feature-connect-share-movie-103833420?$FB_TYPE_C_JPG$\" alt=\"Connect partager le film\" data-src=\"https:\/\/images.samsung.com\/is\/image\/samsung\/my-feature-connect-share-movie-103833420?$FB_TYPE_C_JPG$\" \/><\/p>\n<p>Branchez votre divertissement et vos m\u00e9dias pr\u00e9f\u00e9r\u00e9s sur votre t\u00e9l\u00e9viseur &#8211; regardez des vid\u00e9os, \u00e9coutez de la musique ou visionnez des photos via une connexion USB.<\/h3>\n","protected":false},"excerpt":{"rendered":"<p>SKYLINE, SKT-43M Profitez du Meilleur de la Full HD Vos \u00e9missions de t\u00e9l\u00e9vision et vos films pr\u00e9f\u00e9r\u00e9s deviennent r\u00e9els.\u00a0La texture [&hellip;]<\/p>\n","protected":false},"featured_media":8922,"comment_status":"open","ping_status":"closed","template":"","meta":{"_uag_custom_page_level_css":"","site-sidebar-layout":"default","site-content-layout":"","ast-site-content-layout":"default","site-content-style":"default","site-sidebar-style":"default","ast-global-header-display":"","ast-banner-title-visibility":"","ast-main-header-display":"","ast-hfb-above-header-display":"","ast-hfb-below-header-display":"","ast-hfb-mobile-header-display":"","site-post-title":"","ast-breadcrumbs-content":"","ast-featured-img":"","footer-sml-layout":"","ast-disable-related-posts":"","theme-transparent-header-meta":"default","adv-header-id-meta":"","stick-header-meta":"","header-above-stick-meta":"","header-main-stick-meta":"","header-below-stick-meta":"","astra-migrate-meta-layouts":"set","ast-page-background-enabled":"default","ast-page-background-meta":{"desktop":{"background-color":"var(--ast-global-color-4)","background-image":"","background-repeat":"repeat","background-position":"center center","background-size":"auto","background-attachment":"scroll","background-type":"","background-media":"","overlay-type":"","overlay-color":"","overlay-opacity":"","overlay-gradient":""},"tablet":{"background-color":"","background-image":"","background-repeat":"repeat","background-position":"center center","background-size":"auto","background-attachment":"scroll","background-type":"","background-media":"","overlay-type":"","overlay-color":"","overlay-opacity":"","overlay-gradient":""},"mobile":{"background-color":"","background-image":"","background-repeat":"repeat","background-position":"center center","background-size":"auto","background-attachment":"scroll","background-type":"","background-media":"","overlay-type":"","overlay-color":"","overlay-opacity":"","overlay-gradient":""}},"ast-content-background-meta":{"desktop":{"background-color":"var(--ast-global-color-5)","background-image":"","background-repeat":"repeat","background-position":"center center","background-size":"auto","background-attachment":"scroll","background-type":"","background-media":"","overlay-type":"","overlay-color":"","overlay-opacity":"","overlay-gradient":""},"tablet":{"background-color":"var(--ast-global-color-5)","background-image":"","background-repeat":"repeat","background-position":"center center","background-size":"auto","background-attachment":"scroll","background-type":"","background-media":"","overlay-type":"","overlay-color":"","overlay-opacity":"","overlay-gradient":""},"mobile":{"background-color":"var(--ast-global-color-5)","background-image":"","background-repeat":"repeat","background-position":"center center","background-size":"auto","background-attachment":"scroll","background-type":"","background-media":"","overlay-type":"","overlay-color":"","overlay-opacity":"","overlay-gradient":""}}},"product_brand":[],"product_cat":[420,1031,81,421,1032],"product_tag":[],"class_list":{"0":"post-8924","1":"product","2":"type-product","3":"status-publish","4":"has-post-thumbnail","6":"product_cat-televisions","7":"product_cat-tv-tv-electronique","8":"product_cat-tv-electronique","9":"product_cat-tv-led-lcd","10":"product_cat-video-home-cinema-tv-electronique","11":"desktop-align-left","12":"tablet-align-left","13":"mobile-align-left","15":"first","16":"instock","17":"sale","18":"shipping-taxable","19":"purchasable","20":"product-type-simple"},"yoast_head":"<!-- This site is optimized with the Yoast SEO plugin v26.8 - https:\/\/yoast.com\/product\/yoast-seo-wordpress\/ -->\n<title>Skyline TV LED HD - 43&quot;- SKT-43M - Noir - Garantie 12 Mois - Ekco Boutique<\/title>\n<meta name=\"robots\" content=\"index, follow, max-snippet:-1, max-image-preview:large, max-video-preview:-1\" \/>\n<link rel=\"canonical\" href=\"https:\/\/ekco-ci.com\/ecommerce\/produit\/skyline-tv-led-hd-43-skt-43m-noir-garantie-12-mois\/\" \/>\n<meta property=\"og:locale\" content=\"fr_FR\" \/>\n<meta property=\"og:type\" content=\"article\" \/>\n<meta property=\"og:title\" content=\"Skyline TV LED HD - 43&quot;- SKT-43M - Noir - Garantie 12 Mois - Ekco Boutique\" \/>\n<meta property=\"og:description\" content=\"SKYLINE, SKT-43M Profitez du Meilleur de la Full HD Vos \u00e9missions de t\u00e9l\u00e9vision et vos films pr\u00e9f\u00e9r\u00e9s deviennent r\u00e9els.\u00a0La texture [&hellip;]\" \/>\n<meta property=\"og:url\" content=\"https:\/\/ekco-ci.com\/ecommerce\/produit\/skyline-tv-led-hd-43-skt-43m-noir-garantie-12-mois\/\" \/>\n<meta property=\"og:site_name\" content=\"Ekco Boutique\" \/>\n<meta property=\"article:modified_time\" content=\"2024-12-12T09:19:13+00:00\" \/>\n<meta property=\"og:image\" content=\"https:\/\/ekco-ci.com\/ecommerce\/wp-content\/uploads\/2024\/11\/1-12.jpg\" \/>\n\t<meta property=\"og:image:width\" content=\"500\" \/>\n\t<meta property=\"og:image:height\" content=\"500\" \/>\n\t<meta property=\"og:image:type\" content=\"image\/jpeg\" \/>\n<meta name=\"twitter:card\" content=\"summary_large_image\" \/>\n<meta name=\"twitter:label1\" content=\"Dur\u00e9e de lecture estim\u00e9e\" \/>\n\t<meta name=\"twitter:data1\" content=\"2 minutes\" \/>\n<script type=\"application\/ld+json\" class=\"yoast-schema-graph\">{\"@context\":\"https:\/\/schema.org\",\"@graph\":[{\"@type\":\"WebPage\",\"@id\":\"https:\/\/ekco-ci.com\/ecommerce\/produit\/skyline-tv-led-hd-43-skt-43m-noir-garantie-12-mois\/\",\"url\":\"https:\/\/ekco-ci.com\/ecommerce\/produit\/skyline-tv-led-hd-43-skt-43m-noir-garantie-12-mois\/\",\"name\":\"Skyline TV LED HD - 43\\\"- SKT-43M - Noir - Garantie 12 Mois - Ekco Boutique\",\"isPartOf\":{\"@id\":\"https:\/\/ekco-ci.com\/ecommerce\/#website\"},\"primaryImageOfPage\":{\"@id\":\"https:\/\/ekco-ci.com\/ecommerce\/produit\/skyline-tv-led-hd-43-skt-43m-noir-garantie-12-mois\/#primaryimage\"},\"image\":{\"@id\":\"https:\/\/ekco-ci.com\/ecommerce\/produit\/skyline-tv-led-hd-43-skt-43m-noir-garantie-12-mois\/#primaryimage\"},\"thumbnailUrl\":\"https:\/\/ekco-ci.com\/ecommerce\/wp-content\/uploads\/2024\/11\/1-12.jpg\",\"datePublished\":\"2024-11-01T11:47:20+00:00\",\"dateModified\":\"2024-12-12T09:19:13+00:00\",\"breadcrumb\":{\"@id\":\"https:\/\/ekco-ci.com\/ecommerce\/produit\/skyline-tv-led-hd-43-skt-43m-noir-garantie-12-mois\/#breadcrumb\"},\"inLanguage\":\"fr-FR\",\"potentialAction\":[{\"@type\":\"ReadAction\",\"target\":[\"https:\/\/ekco-ci.com\/ecommerce\/produit\/skyline-tv-led-hd-43-skt-43m-noir-garantie-12-mois\/\"]}]},{\"@type\":\"ImageObject\",\"inLanguage\":\"fr-FR\",\"@id\":\"https:\/\/ekco-ci.com\/ecommerce\/produit\/skyline-tv-led-hd-43-skt-43m-noir-garantie-12-mois\/#primaryimage\",\"url\":\"https:\/\/ekco-ci.com\/ecommerce\/wp-content\/uploads\/2024\/11\/1-12.jpg\",\"contentUrl\":\"https:\/\/ekco-ci.com\/ecommerce\/wp-content\/uploads\/2024\/11\/1-12.jpg\",\"width\":500,\"height\":500},{\"@type\":\"BreadcrumbList\",\"@id\":\"https:\/\/ekco-ci.com\/ecommerce\/produit\/skyline-tv-led-hd-43-skt-43m-noir-garantie-12-mois\/#breadcrumb\",\"itemListElement\":[{\"@type\":\"ListItem\",\"position\":1,\"name\":\"Home\",\"item\":\"https:\/\/ekco-ci.com\/ecommerce\/\"},{\"@type\":\"ListItem\",\"position\":2,\"name\":\"Boutique\",\"item\":\"https:\/\/ekco-ci.com\/ecommerce\/boutique\/\"},{\"@type\":\"ListItem\",\"position\":3,\"name\":\"Skyline TV LED HD &#8211; 43&#8243;- SKT-43M &#8211; Noir &#8211; Garantie 12 Mois\"}]},{\"@type\":\"WebSite\",\"@id\":\"https:\/\/ekco-ci.com\/ecommerce\/#website\",\"url\":\"https:\/\/ekco-ci.com\/ecommerce\/\",\"name\":\"Ekco Boutique\",\"description\":\"Ekco Boutique! La qualit\u00e9 au c\u0153ur de chaque achat\",\"publisher\":{\"@id\":\"https:\/\/ekco-ci.com\/ecommerce\/#organization\"},\"alternateName\":\"Boutique\",\"potentialAction\":[{\"@type\":\"SearchAction\",\"target\":{\"@type\":\"EntryPoint\",\"urlTemplate\":\"https:\/\/ekco-ci.com\/ecommerce\/?s={search_term_string}\"},\"query-input\":{\"@type\":\"PropertyValueSpecification\",\"valueRequired\":true,\"valueName\":\"search_term_string\"}}],\"inLanguage\":\"fr-FR\"},{\"@type\":\"Organization\",\"@id\":\"https:\/\/ekco-ci.com\/ecommerce\/#organization\",\"name\":\"Ekco Boutique\",\"url\":\"https:\/\/ekco-ci.com\/ecommerce\/\",\"logo\":{\"@type\":\"ImageObject\",\"inLanguage\":\"fr-FR\",\"@id\":\"https:\/\/ekco-ci.com\/ecommerce\/#\/schema\/logo\/image\/\",\"url\":\"https:\/\/ekco-ci.com\/ecommerce\/wp-content\/uploads\/2024\/08\/cropped-lologo.png\",\"contentUrl\":\"https:\/\/ekco-ci.com\/ecommerce\/wp-content\/uploads\/2024\/08\/cropped-lologo.png\",\"width\":512,\"height\":512,\"caption\":\"Ekco Boutique\"},\"image\":{\"@id\":\"https:\/\/ekco-ci.com\/ecommerce\/#\/schema\/logo\/image\/\"}}]}<\/script>\n<!-- \/ Yoast SEO plugin. -->","yoast_head_json":{"title":"Skyline TV LED HD - 43\"- SKT-43M - Noir - Garantie 12 Mois - Ekco Boutique","robots":{"index":"index","follow":"follow","max-snippet":"max-snippet:-1","max-image-preview":"max-image-preview:large","max-video-preview":"max-video-preview:-1"},"canonical":"https:\/\/ekco-ci.com\/ecommerce\/produit\/skyline-tv-led-hd-43-skt-43m-noir-garantie-12-mois\/","og_locale":"fr_FR","og_type":"article","og_title":"Skyline TV LED HD - 43\"- SKT-43M - Noir - Garantie 12 Mois - Ekco Boutique","og_description":"SKYLINE, SKT-43M Profitez du Meilleur de la Full HD Vos \u00e9missions de t\u00e9l\u00e9vision et vos films pr\u00e9f\u00e9r\u00e9s deviennent r\u00e9els.\u00a0La texture [&hellip;]","og_url":"https:\/\/ekco-ci.com\/ecommerce\/produit\/skyline-tv-led-hd-43-skt-43m-noir-garantie-12-mois\/","og_site_name":"Ekco Boutique","article_modified_time":"2024-12-12T09:19:13+00:00","og_image":[{"width":500,"height":500,"url":"https:\/\/ekco-ci.com\/ecommerce\/wp-content\/uploads\/2024\/11\/1-12.jpg","type":"image\/jpeg"}],"twitter_card":"summary_large_image","twitter_misc":{"Dur\u00e9e de lecture estim\u00e9e":"2 minutes"},"schema":{"@context":"https:\/\/schema.org","@graph":[{"@type":"WebPage","@id":"https:\/\/ekco-ci.com\/ecommerce\/produit\/skyline-tv-led-hd-43-skt-43m-noir-garantie-12-mois\/","url":"https:\/\/ekco-ci.com\/ecommerce\/produit\/skyline-tv-led-hd-43-skt-43m-noir-garantie-12-mois\/","name":"Skyline TV LED HD - 43\"- SKT-43M - Noir - Garantie 12 Mois - Ekco Boutique","isPartOf":{"@id":"https:\/\/ekco-ci.com\/ecommerce\/#website"},"primaryImageOfPage":{"@id":"https:\/\/ekco-ci.com\/ecommerce\/produit\/skyline-tv-led-hd-43-skt-43m-noir-garantie-12-mois\/#primaryimage"},"image":{"@id":"https:\/\/ekco-ci.com\/ecommerce\/produit\/skyline-tv-led-hd-43-skt-43m-noir-garantie-12-mois\/#primaryimage"},"thumbnailUrl":"https:\/\/ekco-ci.com\/ecommerce\/wp-content\/uploads\/2024\/11\/1-12.jpg","datePublished":"2024-11-01T11:47:20+00:00","dateModified":"2024-12-12T09:19:13+00:00","breadcrumb":{"@id":"https:\/\/ekco-ci.com\/ecommerce\/produit\/skyline-tv-led-hd-43-skt-43m-noir-garantie-12-mois\/#breadcrumb"},"inLanguage":"fr-FR","potentialAction":[{"@type":"ReadAction","target":["https:\/\/ekco-ci.com\/ecommerce\/produit\/skyline-tv-led-hd-43-skt-43m-noir-garantie-12-mois\/"]}]},{"@type":"ImageObject","inLanguage":"fr-FR","@id":"https:\/\/ekco-ci.com\/ecommerce\/produit\/skyline-tv-led-hd-43-skt-43m-noir-garantie-12-mois\/#primaryimage","url":"https:\/\/ekco-ci.com\/ecommerce\/wp-content\/uploads\/2024\/11\/1-12.jpg","contentUrl":"https:\/\/ekco-ci.com\/ecommerce\/wp-content\/uploads\/2024\/11\/1-12.jpg","width":500,"height":500},{"@type":"BreadcrumbList","@id":"https:\/\/ekco-ci.com\/ecommerce\/produit\/skyline-tv-led-hd-43-skt-43m-noir-garantie-12-mois\/#breadcrumb","itemListElement":[{"@type":"ListItem","position":1,"name":"Home","item":"https:\/\/ekco-ci.com\/ecommerce\/"},{"@type":"ListItem","position":2,"name":"Boutique","item":"https:\/\/ekco-ci.com\/ecommerce\/boutique\/"},{"@type":"ListItem","position":3,"name":"Skyline TV LED HD &#8211; 43&#8243;- SKT-43M &#8211; Noir &#8211; Garantie 12 Mois"}]},{"@type":"WebSite","@id":"https:\/\/ekco-ci.com\/ecommerce\/#website","url":"https:\/\/ekco-ci.com\/ecommerce\/","name":"Ekco Boutique","description":"Ekco Boutique! La qualit\u00e9 au c\u0153ur de chaque achat","publisher":{"@id":"https:\/\/ekco-ci.com\/ecommerce\/#organization"},"alternateName":"Boutique","potentialAction":[{"@type":"SearchAction","target":{"@type":"EntryPoint","urlTemplate":"https:\/\/ekco-ci.com\/ecommerce\/?s={search_term_string}"},"query-input":{"@type":"PropertyValueSpecification","valueRequired":true,"valueName":"search_term_string"}}],"inLanguage":"fr-FR"},{"@type":"Organization","@id":"https:\/\/ekco-ci.com\/ecommerce\/#organization","name":"Ekco Boutique","url":"https:\/\/ekco-ci.com\/ecommerce\/","logo":{"@type":"ImageObject","inLanguage":"fr-FR","@id":"https:\/\/ekco-ci.com\/ecommerce\/#\/schema\/logo\/image\/","url":"https:\/\/ekco-ci.com\/ecommerce\/wp-content\/uploads\/2024\/08\/cropped-lologo.png","contentUrl":"https:\/\/ekco-ci.com\/ecommerce\/wp-content\/uploads\/2024\/08\/cropped-lologo.png","width":512,"height":512,"caption":"Ekco Boutique"},"image":{"@id":"https:\/\/ekco-ci.com\/ecommerce\/#\/schema\/logo\/image\/"}}]}},"uagb_featured_image_src":{"full":["https:\/\/ekco-ci.com\/ecommerce\/wp-content\/uploads\/2024\/11\/1-12.jpg",500,500,false],"thumbnail":["https:\/\/ekco-ci.com\/ecommerce\/wp-content\/uploads\/2024\/11\/1-12-150x150.jpg",150,150,true],"medium":["https:\/\/ekco-ci.com\/ecommerce\/wp-content\/uploads\/2024\/11\/1-12-300x300.jpg",300,300,true],"medium_large":["https:\/\/ekco-ci.com\/ecommerce\/wp-content\/uploads\/2024\/11\/1-12.jpg",500,500,false],"large":["https:\/\/ekco-ci.com\/ecommerce\/wp-content\/uploads\/2024\/11\/1-12.jpg",500,500,false],"1536x1536":["https:\/\/ekco-ci.com\/ecommerce\/wp-content\/uploads\/2024\/11\/1-12.jpg",500,500,false],"2048x2048":["https:\/\/ekco-ci.com\/ecommerce\/wp-content\/uploads\/2024\/11\/1-12.jpg",500,500,false],"cfw_cart_thumb":["https:\/\/ekco-ci.com\/ecommerce\/wp-content\/uploads\/2024\/11\/1-12-60x60.jpg",60,60,true],"cfw_order_bump_thumb":["https:\/\/ekco-ci.com\/ecommerce\/wp-content\/uploads\/2024\/11\/1-12.jpg",320,320,false],"woocommerce_thumbnail":["https:\/\/ekco-ci.com\/ecommerce\/wp-content\/uploads\/2024\/11\/1-12-300x225.jpg",300,225,true],"woocommerce_single":["https:\/\/ekco-ci.com\/ecommerce\/wp-content\/uploads\/2024\/11\/1-12.jpg",500,500,false],"woocommerce_gallery_thumbnail":["https:\/\/ekco-ci.com\/ecommerce\/wp-content\/uploads\/2024\/11\/1-12-100x100.jpg",100,100,true]},"uagb_author_info":{"display_name":"Christabelle Moulo","author_link":"https:\/\/ekco-ci.com\/ecommerce\/author\/"},"uagb_comment_info":0,"uagb_excerpt":"SKYLINE, SKT-43M Profitez du Meilleur de la Full HD Vos \u00e9missions de t\u00e9l\u00e9vision et vos films pr\u00e9f\u00e9r\u00e9s deviennent r\u00e9els.\u00a0La texture [&hellip;]","_links":{"self":[{"href":"https:\/\/ekco-ci.com\/ecommerce\/wp-json\/wp\/v2\/product\/8924","targetHints":{"allow":["GET"]}}],"collection":[{"href":"https:\/\/ekco-ci.com\/ecommerce\/wp-json\/wp\/v2\/product"}],"about":[{"href":"https:\/\/ekco-ci.com\/ecommerce\/wp-json\/wp\/v2\/types\/product"}],"replies":[{"embeddable":true,"href":"https:\/\/ekco-ci.com\/ecommerce\/wp-json\/wp\/v2\/comments?post=8924"}],"wp:featuredmedia":[{"embeddable":true,"href":"https:\/\/ekco-ci.com\/ecommerce\/wp-json\/wp\/v2\/media\/8922"}],"wp:attachment":[{"href":"https:\/\/ekco-ci.com\/ecommerce\/wp-json\/wp\/v2\/media?parent=8924"}],"wp:term":[{"taxonomy":"product_brand","embeddable":true,"href":"https:\/\/ekco-ci.com\/ecommerce\/wp-json\/wp\/v2\/product_brand?post=8924"},{"taxonomy":"product_cat","embeddable":true,"href":"https:\/\/ekco-ci.com\/ecommerce\/wp-json\/wp\/v2\/product_cat?post=8924"},{"taxonomy":"product_tag","embeddable":true,"href":"https:\/\/ekco-ci.com\/ecommerce\/wp-json\/wp\/v2\/product_tag?post=8924"}],"curies":[{"name":"wp","href":"https:\/\/api.w.org\/{rel}","templated":true}]}}