{"id":7997,"date":"2024-10-24T16:38:55","date_gmt":"2024-10-24T16:38:55","guid":{"rendered":"https:\/\/ekco-ci.com\/ecommerce\/?post_type=product&#038;p=7997"},"modified":"2024-12-12T09:18:41","modified_gmt":"2024-12-12T09:18:41","slug":"casque-bluetooth-p9-sans-fil-compatible-avec-ios-et-android","status":"publish","type":"product","link":"https:\/\/ekco-ci.com\/ecommerce\/produit\/casque-bluetooth-p9-sans-fil-compatible-avec-ios-et-android\/","title":{"rendered":"Casque Bluetooth P9 Sans Fil &#8211; Compatible Avec IOS Et Android"},"content":{"rendered":"<h1 class=\"-fs20 -pts -pbxs\">Casque Bluetooth P9 Sans Fil &#8211; Compatible Avec IOS Et Android<\/h1>\n<p>&nbsp;<\/p>\n<ul>\n<li>\n<h2>Casque P9\u00a0sans fil filaire double mode Bluetooth 5.0\u00a0casque portable avec microphone casque st\u00e9r\u00e9o HIFI mont\u00e9 sur la t\u00eate<\/h2>\n<p><strong>Caract\u00e9ristiques:<\/strong><\/p>\n<ul>\n<li>Le dernier casque Bluetooth st\u00e9r\u00e9o binaural TWS avec la puce 5.0\u00a0vous offre des performances sans fil tr\u00e8s efficaces.<\/li>\n<li>Suppression avanc\u00e9e du bruit : restez concentr\u00e9 avec la suppression active du bruit hybride du P9. Les microphones \u00e0 double d\u00e9tection de bruit captent et filtrent jusqu&#8217;\u00e0 95 % des sons ambiants \u00e0 basse fr\u00e9quence, garantissant qu&#8217;ils ne vous distraient pas de votre musique.<\/li>\n<li>L&#8217;exp\u00e9rience ultime de suppression du bruit : minimisez le bruit des moteurs d&#8217;avions, r\u00e9duisez le trafic et le vent \u00e0 l&#8217;ext\u00e9rieur et \u00e0 l&#8217;int\u00e9rieur pour supprimer le bruit des bureaux occup\u00e9s qui parlent aux gens en arri\u00e8re-plan.<\/li>\n<li>Musique haute r\u00e9solution : \u00e9coutez chaque d\u00e9tail de vos chansons pr\u00e9f\u00e9r\u00e9es avec les haut-parleurs de 40 mm du P9. Le diaphragme en soie tr\u00e8s flexible reproduit des basses puissantes et des aigus nets jusqu&#8217;\u00e0 40 kHz pour une clart\u00e9 accrue.<\/li>\n<li>40 heures de lecture : le casque antibruit actif P9\u00a0peut lire jusqu&#8217;\u00e0 40 heures de musique en mode antibruit. Le mode standard prolonge le temps de lecture \u00e0 60 heures, tandis qu&#8217;une courte charge de 5 minutes vous donnera 4 heures d&#8217;\u00e9coute.<\/li>\n<li>Confort sans pression : les \u00e9couteurs antibruit P9\u00a0sont dot\u00e9s d&#8217;oreillettes en cuir prot\u00e9in\u00e9 ultra doux avec un rembourrage en mousse \u00e0 m\u00e9moire de forme qui s&#8217;adapte parfaitement \u00e0 vos oreilles. La construction l\u00e9g\u00e8re garantit \u00e9galement qu&#8217;ils sont confortables pour des sessions d&#8217;\u00e9coute prolong\u00e9es.<\/li>\n<\/ul>\n<p><strong>Param\u00e8tre<\/strong><\/p>\n<ul>\n<li>Marque : Music Pioneer<\/li>\n<li>Mod\u00e8le : P9<\/li>\n<li>Nom du produit : \u00e9couteurs Bluetooth<\/li>\n<li>Couleur : Noir<\/li>\n<li>Puissance de charge : 50mW<\/li>\n<li>Version Bluetooth : Bluetooth 5.0<\/li>\n<li>R\u00e9ponse en fr\u00e9quence du casque : 20Hz-20KHz<\/li>\n<li>Tension d&#8217;alimentation : 3.3-4.2V<\/li>\n<li>SNR : 100dB<\/li>\n<li>Port\u00e9e : jusqu&#8217;\u00e0 15 m\u00e8tres<\/li>\n<li>R\u00e9ponse en fr\u00e9quence 5-2500Hz<\/li>\n<li>Sensibilit\u00e9 105dB<\/li>\n<li>Dur\u00e9e de la musique 8-10 heures<\/li>\n<li>Autonomie en veille jusqu&#8217;\u00e0 10 heures<\/li>\n<li>Gamme de fr\u00e9quences 2,4 GHZ-2,48 FGZ<\/li>\n<li>Mode de transfert : type bobine mobile<\/li>\n<li>Gamme de fr\u00e9quences : 24GHz-2480GHz<\/li>\n<li>Tension de charge : 5V<\/li>\n<li>Sp\u00e9cification du klaxon : 40mm<\/li>\n<li>Imp\u00e9dance : 32<\/li>\n<li>Interface de chargement : Micro USB<\/li>\n<li>Type de prise : Interface st\u00e9r\u00e9o 3,5 mm<\/li>\n<li>Capacit\u00e9 de la batterie : 400\u00a0mA<\/li>\n<li>Poids : 150g\/5.3oz<\/li>\n<\/ul>\n<p><strong>Remarque<\/strong>\u00a0: lorsque vous recevez le produit, veuillez v\u00e9rifier si le colis est complet et si le casque est aliment\u00e9. En raison du transport longue distance du casque, il peut arriver que le casque ne soit pas aliment\u00e9. Veuillez charger le casque avant utilisation. Merci pour votre confiance et vous souhaitons un bon magasinage!\u200b<\/li>\n<\/ul>\n","protected":false},"excerpt":{"rendered":"<p>Casque Bluetooth P9 Sans Fil &#8211; Compatible Avec IOS Et Android &nbsp; Casque P9\u00a0sans fil filaire double mode Bluetooth 5.0\u00a0casque [&hellip;]<\/p>\n","protected":false},"featured_media":7998,"comment_status":"open","ping_status":"closed","template":"","meta":{"_uag_custom_page_level_css":"","site-sidebar-layout":"default","site-content-layout":"","ast-site-content-layout":"default","site-content-style":"default","site-sidebar-style":"default","ast-global-header-display":"","ast-banner-title-visibility":"","ast-main-header-display":"","ast-hfb-above-header-display":"","ast-hfb-below-header-display":"","ast-hfb-mobile-header-display":"","site-post-title":"","ast-breadcrumbs-content":"","ast-featured-img":"","footer-sml-layout":"","ast-disable-related-posts":"","theme-transparent-header-meta":"default","adv-header-id-meta":"","stick-header-meta":"","header-above-stick-meta":"","header-main-stick-meta":"","header-below-stick-meta":"","astra-migrate-meta-layouts":"set","ast-page-background-enabled":"default","ast-page-background-meta":{"desktop":{"background-color":"var(--ast-global-color-4)","background-image":"","background-repeat":"repeat","background-position":"center center","background-size":"auto","background-attachment":"scroll","background-type":"","background-media":"","overlay-type":"","overlay-color":"","overlay-opacity":"","overlay-gradient":""},"tablet":{"background-color":"","background-image":"","background-repeat":"repeat","background-position":"center center","background-size":"auto","background-attachment":"scroll","background-type":"","background-media":"","overlay-type":"","overlay-color":"","overlay-opacity":"","overlay-gradient":""},"mobile":{"background-color":"","background-image":"","background-repeat":"repeat","background-position":"center center","background-size":"auto","background-attachment":"scroll","background-type":"","background-media":"","overlay-type":"","overlay-color":"","overlay-opacity":"","overlay-gradient":""}},"ast-content-background-meta":{"desktop":{"background-color":"var(--ast-global-color-5)","background-image":"","background-repeat":"repeat","background-position":"center center","background-size":"auto","background-attachment":"scroll","background-type":"","background-media":"","overlay-type":"","overlay-color":"","overlay-opacity":"","overlay-gradient":""},"tablet":{"background-color":"var(--ast-global-color-5)","background-image":"","background-repeat":"repeat","background-position":"center center","background-size":"auto","background-attachment":"scroll","background-type":"","background-media":"","overlay-type":"","overlay-color":"","overlay-opacity":"","overlay-gradient":""},"mobile":{"background-color":"var(--ast-global-color-5)","background-image":"","background-repeat":"repeat","background-position":"center center","background-size":"auto","background-attachment":"scroll","background-type":"","background-media":"","overlay-type":"","overlay-color":"","overlay-opacity":"","overlay-gradient":""}}},"product_brand":[],"product_cat":[85,90,45],"product_tag":[],"class_list":{"0":"post-7997","1":"product","2":"type-product","3":"status-publish","4":"has-post-thumbnail","6":"product_cat-accesoires-telephone","7":"product_cat-ecouteurs-casque","8":"product_cat-telephones-tablettes","9":"desktop-align-left","10":"tablet-align-left","11":"mobile-align-left","13":"first","14":"instock","15":"sale","16":"shipping-taxable","17":"purchasable","18":"product-type-simple"},"yoast_head":"<!-- This site is optimized with the Yoast SEO plugin v26.8 - https:\/\/yoast.com\/product\/yoast-seo-wordpress\/ -->\n<title>Casque Bluetooth P9 Sans Fil - Compatible Avec IOS Et Android - Ekco Boutique<\/title>\n<meta name=\"robots\" content=\"index, follow, max-snippet:-1, max-image-preview:large, max-video-preview:-1\" \/>\n<link rel=\"canonical\" href=\"https:\/\/ekco-ci.com\/ecommerce\/produit\/casque-bluetooth-p9-sans-fil-compatible-avec-ios-et-android\/\" \/>\n<meta property=\"og:locale\" content=\"fr_FR\" \/>\n<meta property=\"og:type\" content=\"article\" \/>\n<meta property=\"og:title\" content=\"Casque Bluetooth P9 Sans Fil - Compatible Avec IOS Et Android - Ekco Boutique\" \/>\n<meta property=\"og:description\" content=\"Casque Bluetooth P9 Sans Fil &#8211; Compatible Avec IOS Et Android &nbsp; Casque P9\u00a0sans fil filaire double mode Bluetooth 5.0\u00a0casque [&hellip;]\" \/>\n<meta property=\"og:url\" content=\"https:\/\/ekco-ci.com\/ecommerce\/produit\/casque-bluetooth-p9-sans-fil-compatible-avec-ios-et-android\/\" \/>\n<meta property=\"og:site_name\" content=\"Ekco Boutique\" \/>\n<meta property=\"article:modified_time\" content=\"2024-12-12T09:18:41+00:00\" \/>\n<meta property=\"og:image\" content=\"https:\/\/ekco-ci.com\/ecommerce\/wp-content\/uploads\/2024\/10\/6-1-4.jpg\" \/>\n\t<meta property=\"og:image:width\" content=\"500\" \/>\n\t<meta property=\"og:image:height\" content=\"500\" \/>\n\t<meta property=\"og:image:type\" content=\"image\/jpeg\" \/>\n<meta name=\"twitter:card\" content=\"summary_large_image\" \/>\n<meta name=\"twitter:label1\" content=\"Dur\u00e9e de lecture estim\u00e9e\" \/>\n\t<meta name=\"twitter:data1\" content=\"3 minutes\" \/>\n<script type=\"application\/ld+json\" class=\"yoast-schema-graph\">{\"@context\":\"https:\/\/schema.org\",\"@graph\":[{\"@type\":\"WebPage\",\"@id\":\"https:\/\/ekco-ci.com\/ecommerce\/produit\/casque-bluetooth-p9-sans-fil-compatible-avec-ios-et-android\/\",\"url\":\"https:\/\/ekco-ci.com\/ecommerce\/produit\/casque-bluetooth-p9-sans-fil-compatible-avec-ios-et-android\/\",\"name\":\"Casque Bluetooth P9 Sans Fil - Compatible Avec IOS Et Android - Ekco Boutique\",\"isPartOf\":{\"@id\":\"https:\/\/ekco-ci.com\/ecommerce\/#website\"},\"primaryImageOfPage\":{\"@id\":\"https:\/\/ekco-ci.com\/ecommerce\/produit\/casque-bluetooth-p9-sans-fil-compatible-avec-ios-et-android\/#primaryimage\"},\"image\":{\"@id\":\"https:\/\/ekco-ci.com\/ecommerce\/produit\/casque-bluetooth-p9-sans-fil-compatible-avec-ios-et-android\/#primaryimage\"},\"thumbnailUrl\":\"https:\/\/ekco-ci.com\/ecommerce\/wp-content\/uploads\/2024\/10\/6-1-4.jpg\",\"datePublished\":\"2024-10-24T16:38:55+00:00\",\"dateModified\":\"2024-12-12T09:18:41+00:00\",\"breadcrumb\":{\"@id\":\"https:\/\/ekco-ci.com\/ecommerce\/produit\/casque-bluetooth-p9-sans-fil-compatible-avec-ios-et-android\/#breadcrumb\"},\"inLanguage\":\"fr-FR\",\"potentialAction\":[{\"@type\":\"ReadAction\",\"target\":[\"https:\/\/ekco-ci.com\/ecommerce\/produit\/casque-bluetooth-p9-sans-fil-compatible-avec-ios-et-android\/\"]}]},{\"@type\":\"ImageObject\",\"inLanguage\":\"fr-FR\",\"@id\":\"https:\/\/ekco-ci.com\/ecommerce\/produit\/casque-bluetooth-p9-sans-fil-compatible-avec-ios-et-android\/#primaryimage\",\"url\":\"https:\/\/ekco-ci.com\/ecommerce\/wp-content\/uploads\/2024\/10\/6-1-4.jpg\",\"contentUrl\":\"https:\/\/ekco-ci.com\/ecommerce\/wp-content\/uploads\/2024\/10\/6-1-4.jpg\",\"width\":500,\"height\":500},{\"@type\":\"BreadcrumbList\",\"@id\":\"https:\/\/ekco-ci.com\/ecommerce\/produit\/casque-bluetooth-p9-sans-fil-compatible-avec-ios-et-android\/#breadcrumb\",\"itemListElement\":[{\"@type\":\"ListItem\",\"position\":1,\"name\":\"Home\",\"item\":\"https:\/\/ekco-ci.com\/ecommerce\/\"},{\"@type\":\"ListItem\",\"position\":2,\"name\":\"Boutique\",\"item\":\"https:\/\/ekco-ci.com\/ecommerce\/boutique\/\"},{\"@type\":\"ListItem\",\"position\":3,\"name\":\"Casque Bluetooth P9 Sans Fil &#8211; Compatible Avec IOS Et Android\"}]},{\"@type\":\"WebSite\",\"@id\":\"https:\/\/ekco-ci.com\/ecommerce\/#website\",\"url\":\"https:\/\/ekco-ci.com\/ecommerce\/\",\"name\":\"Ekco Boutique\",\"description\":\"Ekco Boutique! La qualit\u00e9 au c\u0153ur de chaque achat\",\"publisher\":{\"@id\":\"https:\/\/ekco-ci.com\/ecommerce\/#organization\"},\"alternateName\":\"Boutique\",\"potentialAction\":[{\"@type\":\"SearchAction\",\"target\":{\"@type\":\"EntryPoint\",\"urlTemplate\":\"https:\/\/ekco-ci.com\/ecommerce\/?s={search_term_string}\"},\"query-input\":{\"@type\":\"PropertyValueSpecification\",\"valueRequired\":true,\"valueName\":\"search_term_string\"}}],\"inLanguage\":\"fr-FR\"},{\"@type\":\"Organization\",\"@id\":\"https:\/\/ekco-ci.com\/ecommerce\/#organization\",\"name\":\"Ekco Boutique\",\"url\":\"https:\/\/ekco-ci.com\/ecommerce\/\",\"logo\":{\"@type\":\"ImageObject\",\"inLanguage\":\"fr-FR\",\"@id\":\"https:\/\/ekco-ci.com\/ecommerce\/#\/schema\/logo\/image\/\",\"url\":\"https:\/\/ekco-ci.com\/ecommerce\/wp-content\/uploads\/2024\/08\/cropped-lologo.png\",\"contentUrl\":\"https:\/\/ekco-ci.com\/ecommerce\/wp-content\/uploads\/2024\/08\/cropped-lologo.png\",\"width\":512,\"height\":512,\"caption\":\"Ekco Boutique\"},\"image\":{\"@id\":\"https:\/\/ekco-ci.com\/ecommerce\/#\/schema\/logo\/image\/\"}}]}<\/script>\n<!-- \/ Yoast SEO plugin. -->","yoast_head_json":{"title":"Casque Bluetooth P9 Sans Fil - Compatible Avec IOS Et Android - Ekco Boutique","robots":{"index":"index","follow":"follow","max-snippet":"max-snippet:-1","max-image-preview":"max-image-preview:large","max-video-preview":"max-video-preview:-1"},"canonical":"https:\/\/ekco-ci.com\/ecommerce\/produit\/casque-bluetooth-p9-sans-fil-compatible-avec-ios-et-android\/","og_locale":"fr_FR","og_type":"article","og_title":"Casque Bluetooth P9 Sans Fil - Compatible Avec IOS Et Android - Ekco Boutique","og_description":"Casque Bluetooth P9 Sans Fil &#8211; Compatible Avec IOS Et Android &nbsp; Casque P9\u00a0sans fil filaire double mode Bluetooth 5.0\u00a0casque [&hellip;]","og_url":"https:\/\/ekco-ci.com\/ecommerce\/produit\/casque-bluetooth-p9-sans-fil-compatible-avec-ios-et-android\/","og_site_name":"Ekco Boutique","article_modified_time":"2024-12-12T09:18:41+00:00","og_image":[{"width":500,"height":500,"url":"https:\/\/ekco-ci.com\/ecommerce\/wp-content\/uploads\/2024\/10\/6-1-4.jpg","type":"image\/jpeg"}],"twitter_card":"summary_large_image","twitter_misc":{"Dur\u00e9e de lecture estim\u00e9e":"3 minutes"},"schema":{"@context":"https:\/\/schema.org","@graph":[{"@type":"WebPage","@id":"https:\/\/ekco-ci.com\/ecommerce\/produit\/casque-bluetooth-p9-sans-fil-compatible-avec-ios-et-android\/","url":"https:\/\/ekco-ci.com\/ecommerce\/produit\/casque-bluetooth-p9-sans-fil-compatible-avec-ios-et-android\/","name":"Casque Bluetooth P9 Sans Fil - Compatible Avec IOS Et Android - Ekco Boutique","isPartOf":{"@id":"https:\/\/ekco-ci.com\/ecommerce\/#website"},"primaryImageOfPage":{"@id":"https:\/\/ekco-ci.com\/ecommerce\/produit\/casque-bluetooth-p9-sans-fil-compatible-avec-ios-et-android\/#primaryimage"},"image":{"@id":"https:\/\/ekco-ci.com\/ecommerce\/produit\/casque-bluetooth-p9-sans-fil-compatible-avec-ios-et-android\/#primaryimage"},"thumbnailUrl":"https:\/\/ekco-ci.com\/ecommerce\/wp-content\/uploads\/2024\/10\/6-1-4.jpg","datePublished":"2024-10-24T16:38:55+00:00","dateModified":"2024-12-12T09:18:41+00:00","breadcrumb":{"@id":"https:\/\/ekco-ci.com\/ecommerce\/produit\/casque-bluetooth-p9-sans-fil-compatible-avec-ios-et-android\/#breadcrumb"},"inLanguage":"fr-FR","potentialAction":[{"@type":"ReadAction","target":["https:\/\/ekco-ci.com\/ecommerce\/produit\/casque-bluetooth-p9-sans-fil-compatible-avec-ios-et-android\/"]}]},{"@type":"ImageObject","inLanguage":"fr-FR","@id":"https:\/\/ekco-ci.com\/ecommerce\/produit\/casque-bluetooth-p9-sans-fil-compatible-avec-ios-et-android\/#primaryimage","url":"https:\/\/ekco-ci.com\/ecommerce\/wp-content\/uploads\/2024\/10\/6-1-4.jpg","contentUrl":"https:\/\/ekco-ci.com\/ecommerce\/wp-content\/uploads\/2024\/10\/6-1-4.jpg","width":500,"height":500},{"@type":"BreadcrumbList","@id":"https:\/\/ekco-ci.com\/ecommerce\/produit\/casque-bluetooth-p9-sans-fil-compatible-avec-ios-et-android\/#breadcrumb","itemListElement":[{"@type":"ListItem","position":1,"name":"Home","item":"https:\/\/ekco-ci.com\/ecommerce\/"},{"@type":"ListItem","position":2,"name":"Boutique","item":"https:\/\/ekco-ci.com\/ecommerce\/boutique\/"},{"@type":"ListItem","position":3,"name":"Casque Bluetooth P9 Sans Fil &#8211; Compatible Avec IOS Et Android"}]},{"@type":"WebSite","@id":"https:\/\/ekco-ci.com\/ecommerce\/#website","url":"https:\/\/ekco-ci.com\/ecommerce\/","name":"Ekco Boutique","description":"Ekco Boutique! La qualit\u00e9 au c\u0153ur de chaque achat","publisher":{"@id":"https:\/\/ekco-ci.com\/ecommerce\/#organization"},"alternateName":"Boutique","potentialAction":[{"@type":"SearchAction","target":{"@type":"EntryPoint","urlTemplate":"https:\/\/ekco-ci.com\/ecommerce\/?s={search_term_string}"},"query-input":{"@type":"PropertyValueSpecification","valueRequired":true,"valueName":"search_term_string"}}],"inLanguage":"fr-FR"},{"@type":"Organization","@id":"https:\/\/ekco-ci.com\/ecommerce\/#organization","name":"Ekco Boutique","url":"https:\/\/ekco-ci.com\/ecommerce\/","logo":{"@type":"ImageObject","inLanguage":"fr-FR","@id":"https:\/\/ekco-ci.com\/ecommerce\/#\/schema\/logo\/image\/","url":"https:\/\/ekco-ci.com\/ecommerce\/wp-content\/uploads\/2024\/08\/cropped-lologo.png","contentUrl":"https:\/\/ekco-ci.com\/ecommerce\/wp-content\/uploads\/2024\/08\/cropped-lologo.png","width":512,"height":512,"caption":"Ekco Boutique"},"image":{"@id":"https:\/\/ekco-ci.com\/ecommerce\/#\/schema\/logo\/image\/"}}]}},"uagb_featured_image_src":{"full":["https:\/\/ekco-ci.com\/ecommerce\/wp-content\/uploads\/2024\/10\/6-1-4.jpg",500,500,false],"thumbnail":["https:\/\/ekco-ci.com\/ecommerce\/wp-content\/uploads\/2024\/10\/6-1-4-150x150.jpg",150,150,true],"medium":["https:\/\/ekco-ci.com\/ecommerce\/wp-content\/uploads\/2024\/10\/6-1-4-300x300.jpg",300,300,true],"medium_large":["https:\/\/ekco-ci.com\/ecommerce\/wp-content\/uploads\/2024\/10\/6-1-4.jpg",500,500,false],"large":["https:\/\/ekco-ci.com\/ecommerce\/wp-content\/uploads\/2024\/10\/6-1-4.jpg",500,500,false],"1536x1536":["https:\/\/ekco-ci.com\/ecommerce\/wp-content\/uploads\/2024\/10\/6-1-4.jpg",500,500,false],"2048x2048":["https:\/\/ekco-ci.com\/ecommerce\/wp-content\/uploads\/2024\/10\/6-1-4.jpg",500,500,false],"cfw_cart_thumb":["https:\/\/ekco-ci.com\/ecommerce\/wp-content\/uploads\/2024\/10\/6-1-4-60x60.jpg",60,60,true],"cfw_order_bump_thumb":["https:\/\/ekco-ci.com\/ecommerce\/wp-content\/uploads\/2024\/10\/6-1-4.jpg",320,320,false],"woocommerce_thumbnail":["https:\/\/ekco-ci.com\/ecommerce\/wp-content\/uploads\/2024\/10\/6-1-4-300x225.jpg",300,225,true],"woocommerce_single":["https:\/\/ekco-ci.com\/ecommerce\/wp-content\/uploads\/2024\/10\/6-1-4.jpg",500,500,false],"woocommerce_gallery_thumbnail":["https:\/\/ekco-ci.com\/ecommerce\/wp-content\/uploads\/2024\/10\/6-1-4-100x100.jpg",100,100,true]},"uagb_author_info":{"display_name":"Christabelle Moulo","author_link":"https:\/\/ekco-ci.com\/ecommerce\/author\/"},"uagb_comment_info":0,"uagb_excerpt":"Casque Bluetooth P9 Sans Fil &#8211; Compatible Avec IOS Et Android &nbsp; Casque P9\u00a0sans fil filaire double mode Bluetooth 5.0\u00a0casque [&hellip;]","_links":{"self":[{"href":"https:\/\/ekco-ci.com\/ecommerce\/wp-json\/wp\/v2\/product\/7997","targetHints":{"allow":["GET"]}}],"collection":[{"href":"https:\/\/ekco-ci.com\/ecommerce\/wp-json\/wp\/v2\/product"}],"about":[{"href":"https:\/\/ekco-ci.com\/ecommerce\/wp-json\/wp\/v2\/types\/product"}],"replies":[{"embeddable":true,"href":"https:\/\/ekco-ci.com\/ecommerce\/wp-json\/wp\/v2\/comments?post=7997"}],"wp:featuredmedia":[{"embeddable":true,"href":"https:\/\/ekco-ci.com\/ecommerce\/wp-json\/wp\/v2\/media\/7998"}],"wp:attachment":[{"href":"https:\/\/ekco-ci.com\/ecommerce\/wp-json\/wp\/v2\/media?parent=7997"}],"wp:term":[{"taxonomy":"product_brand","embeddable":true,"href":"https:\/\/ekco-ci.com\/ecommerce\/wp-json\/wp\/v2\/product_brand?post=7997"},{"taxonomy":"product_cat","embeddable":true,"href":"https:\/\/ekco-ci.com\/ecommerce\/wp-json\/wp\/v2\/product_cat?post=7997"},{"taxonomy":"product_tag","embeddable":true,"href":"https:\/\/ekco-ci.com\/ecommerce\/wp-json\/wp\/v2\/product_tag?post=7997"}],"curies":[{"name":"wp","href":"https:\/\/api.w.org\/{rel}","templated":true}]}}