{"id":7323,"date":"2024-10-16T15:40:24","date_gmt":"2024-10-16T15:40:24","guid":{"rendered":"https:\/\/ekco-ci.com\/ecommerce\/?post_type=product&#038;p=7323"},"modified":"2024-12-12T09:18:16","modified_gmt":"2024-12-12T09:18:16","slug":"nasco-nas-t9n1-split-1cv-r-410a-blanc","status":"publish","type":"product","link":"https:\/\/ekco-ci.com\/ecommerce\/produit\/nasco-nas-t9n1-split-1cv-r-410a-blanc\/","title":{"rendered":"Nasco Nas-T9N1 &#8211; Split 1Cv R-410A Blanc"},"content":{"rendered":"<h1 class=\"-fs20 -pts -pbxs\">Nasco Nas-T9N1 &#8211; Split 1Cv R-410A Blanc<\/h1>\n<p>&nbsp;<\/p>\n<p><img fetchpriority=\"high\" decoding=\"async\" src=\"https:\/\/ci.jumia.is\/cms\/external\/pet\/NA083HL077W9VNAFAMZ\/da8c4f8c6f7a67c208c810dc894c2956.jpg\" alt=\"\" width=\"634\" height=\"97\" data-src=\"https:\/\/ci.jumia.is\/cms\/external\/pet\/NA083HL077W9VNAFAMZ\/da8c4f8c6f7a67c208c810dc894c2956.jpg\" \/><\/p>\n<p>Vous \u00eates \u00e0 la recherche du Split ou du climatiseur qui vous sied ?! B\u00e9n\u00e9ficiez d&#8217;un confort optimal dans votre maison ou au bureau avec nos climatiseurs split \u00e0 bon prix sur JUMIA.CI !<\/p>\n<p>&nbsp;<\/p>\n<h3>Design compact. Puissance \u00e9lev\u00e9e.<\/h3>\n<p><img decoding=\"async\" src=\"https:\/\/static.jumia.ci\/cms\/external\/pet\/SM350OTADX6LNAFAMZ\/63773c2edc50018732b90eb1b57f691f_baa745f4baac3848533208071991a940bd10d514.jpg\" alt=\"image\" data-src=\"https:\/\/static.jumia.ci\/cms\/external\/pet\/SM350OTADX6LNAFAMZ\/63773c2edc50018732b90eb1b57f691f_baa745f4baac3848533208071991a940bd10d514.jpg\" \/><\/p>\n<p>Le design ne doit jamais passer au second plan. Un\u00a0<strong>design compac<\/strong>t exclusif garantit non seulement une l\u00e9g\u00e8ret\u00e9, une facilit\u00e9 d&#8217;installation et moins d\u2019espace occup\u00e9, tout en donnant du cachet \u00e0 votre habitation.<\/p>\n<p>&nbsp;<\/p>\n<h3>Le moyen id\u00e9al de garder votre air propre.<\/h3>\n<p><img decoding=\"async\" src=\"https:\/\/static.jumia.ci\/cms\/external\/pet\/SM350OTADX6LNAFAMZ\/63773c2edc50018732b90eb1b57f691f_4d10db4f929fa7b2cedafc0286c25399f3c8a39f.jpg\" alt=\"image\" data-src=\"https:\/\/static.jumia.ci\/cms\/external\/pet\/SM350OTADX6LNAFAMZ\/63773c2edc50018732b90eb1b57f691f_4d10db4f929fa7b2cedafc0286c25399f3c8a39f.jpg\" \/><\/p>\n<p>Vous ne le savez peut-\u00eatre pas, mais un climatiseur peut g\u00e9n\u00e9rer des\u00a0<strong>moisissures<\/strong>\u00a0et diffuser des microbes. En effet, la diff\u00e9rence entre les temp\u00e9ratures int\u00e9rieures et ext\u00e9rieures de l\u2019air provoque la formation de moisissure \u00e0 l\u2019int\u00e9rieur de l\u2019appareil, et donc de bact\u00e9ries.\u00a0<strong>Notre solution<\/strong>\u00a0? Ces climatiseurs disposent d\u2019une fonction de nettoyage automatique qui met automatiquement le ventilateur en marche, m\u00eame lorsque vous l\u2019avez mis hors tension, afin que tout soit sec et d\u00e9nu\u00e9 d\u2019odeur, tout en emp\u00eachant la propagation des microbes.<\/p>\n<p>&nbsp;<\/p>\n<h3>R\u00e9veillez-vous de bonne humeur gr\u00e2ce au mode nuit.<\/h3>\n<p><img decoding=\"async\" src=\"https:\/\/static.jumia.ci\/cms\/external\/pet\/XP824OTADZL0NAFAMZ\/aeb621dfb03f6db4af30e45b8e5888b4_dd2f9b24944a16ef0378a12eb659ebc2181ad219.jpg\" alt=\"image\" data-src=\"https:\/\/static.jumia.ci\/cms\/external\/pet\/XP824OTADZL0NAFAMZ\/aeb621dfb03f6db4af30e45b8e5888b4_dd2f9b24944a16ef0378a12eb659ebc2181ad219.jpg\" \/><\/p>\n<p>Le fait de ne pas profiter d\u2019une bonne nuit de sommeil peut s\u2019av\u00e9rer f\u00e2cheux au cours de la journ\u00e9e. C\u2019est pourquoi le mode nui permet de cr\u00e9er un environnement confortable dans votre chambre.\u00a0<strong>Gr\u00e2ce \u00e0 un syst\u00e8me<\/strong>\u00a0de contr\u00f4le pr\u00e9cis de la temp\u00e9rature et \u00e0 un r\u00e9glage automatique de l\u2019humidit\u00e9, les trois phases vitales du sommeil sont prot\u00e9g\u00e9es contre l\u2019humidit\u00e9 et la chaleur afin de vous r\u00e9veiller en \u00e9tant compl\u00e8tement repos\u00e9 et pr\u00eat \u00e0 d\u00e9marrer une nouvelle journ\u00e9e.<\/p>\n<p>&nbsp;<\/p>\n<h3>Affichage LED de la temp\u00e9rature.<\/h3>\n<p><img decoding=\"async\" src=\"https:\/\/static.jumia.ci\/cms\/external\/pet\/SM350OTADX6LNAFAMZ\/63773c2edc50018732b90eb1b57f691f_fc7c7c07bf2ea43c424129bb74a53367b6d4284d.jpg\" alt=\"image\" data-src=\"https:\/\/static.jumia.ci\/cms\/external\/pet\/SM350OTADX6LNAFAMZ\/63773c2edc50018732b90eb1b57f691f_fc7c7c07bf2ea43c424129bb74a53367b6d4284d.jpg\" \/><\/p>\n<p>Quel que soit votre \u00e2ge, vous v\u00e9rifierez facilement la temp\u00e9rature gr\u00e2ce \u00e0 l\u2019\u00e9cran convivial. En effet, chiffres faciles \u00e0 lire et surdimensionn\u00e9s s\u2019affichent dans une lumi\u00e8re lumineuse et blanche afin de facilit\u00e9 un relev\u00e9 instantan\u00e9 de la temp\u00e9rature. En outre, les ic\u00f4nes simples et attractives vous permettent de l\u2019utiliser en toute simplicit\u00e9.<\/p>\n","protected":false},"excerpt":{"rendered":"<p>Nasco Nas-T9N1 &#8211; Split 1Cv R-410A Blanc &nbsp; Vous \u00eates \u00e0 la recherche du Split ou du climatiseur qui vous [&hellip;]<\/p>\n","protected":false},"featured_media":7324,"comment_status":"open","ping_status":"closed","template":"","meta":{"_uag_custom_page_level_css":"","site-sidebar-layout":"default","site-content-layout":"","ast-site-content-layout":"default","site-content-style":"default","site-sidebar-style":"default","ast-global-header-display":"","ast-banner-title-visibility":"","ast-main-header-display":"","ast-hfb-above-header-display":"","ast-hfb-below-header-display":"","ast-hfb-mobile-header-display":"","site-post-title":"","ast-breadcrumbs-content":"","ast-featured-img":"","footer-sml-layout":"","ast-disable-related-posts":"","theme-transparent-header-meta":"default","adv-header-id-meta":"","stick-header-meta":"","header-above-stick-meta":"","header-main-stick-meta":"","header-below-stick-meta":"","astra-migrate-meta-layouts":"set","ast-page-background-enabled":"default","ast-page-background-meta":{"desktop":{"background-color":"var(--ast-global-color-4)","background-image":"","background-repeat":"repeat","background-position":"center center","background-size":"auto","background-attachment":"scroll","background-type":"","background-media":"","overlay-type":"","overlay-color":"","overlay-opacity":"","overlay-gradient":""},"tablet":{"background-color":"","background-image":"","background-repeat":"repeat","background-position":"center center","background-size":"auto","background-attachment":"scroll","background-type":"","background-media":"","overlay-type":"","overlay-color":"","overlay-opacity":"","overlay-gradient":""},"mobile":{"background-color":"","background-image":"","background-repeat":"repeat","background-position":"center center","background-size":"auto","background-attachment":"scroll","background-type":"","background-media":"","overlay-type":"","overlay-color":"","overlay-opacity":"","overlay-gradient":""}},"ast-content-background-meta":{"desktop":{"background-color":"var(--ast-global-color-5)","background-image":"","background-repeat":"repeat","background-position":"center center","background-size":"auto","background-attachment":"scroll","background-type":"","background-media":"","overlay-type":"","overlay-color":"","overlay-opacity":"","overlay-gradient":""},"tablet":{"background-color":"var(--ast-global-color-5)","background-image":"","background-repeat":"repeat","background-position":"center center","background-size":"auto","background-attachment":"scroll","background-type":"","background-media":"","overlay-type":"","overlay-color":"","overlay-opacity":"","overlay-gradient":""},"mobile":{"background-color":"var(--ast-global-color-5)","background-image":"","background-repeat":"repeat","background-position":"center center","background-size":"auto","background-attachment":"scroll","background-type":"","background-media":"","overlay-type":"","overlay-color":"","overlay-opacity":"","overlay-gradient":""}}},"product_brand":[],"product_cat":[633,657,656,619,23,686],"product_tag":[],"class_list":{"0":"post-7323","1":"product","2":"type-product","3":"status-publish","4":"has-post-thumbnail","6":"product_cat-chauffage-ventilation-cuisine-maison","7":"product_cat-climatiseurs","8":"product_cat-climatiseurs-et-accessoires-chauffage-ventilation-cuisine-maison","9":"product_cat-cuisine-maison","10":"product_cat-maison-bureau","11":"product_cat-split-system-climatiseurs","12":"desktop-align-left","13":"tablet-align-left","14":"mobile-align-left","16":"first","17":"instock","18":"sale","19":"shipping-taxable","20":"purchasable","21":"product-type-simple"},"yoast_head":"<!-- This site is optimized with the Yoast SEO plugin v26.8 - https:\/\/yoast.com\/product\/yoast-seo-wordpress\/ -->\n<title>Nasco Nas-T9N1 - Split 1Cv R-410A Blanc - Ekco Boutique<\/title>\n<meta name=\"robots\" content=\"index, follow, max-snippet:-1, max-image-preview:large, max-video-preview:-1\" \/>\n<link rel=\"canonical\" href=\"https:\/\/ekco-ci.com\/ecommerce\/produit\/nasco-nas-t9n1-split-1cv-r-410a-blanc\/\" \/>\n<meta property=\"og:locale\" content=\"fr_FR\" \/>\n<meta property=\"og:type\" content=\"article\" \/>\n<meta property=\"og:title\" content=\"Nasco Nas-T9N1 - Split 1Cv R-410A Blanc - Ekco Boutique\" \/>\n<meta property=\"og:description\" content=\"Nasco Nas-T9N1 &#8211; Split 1Cv R-410A Blanc &nbsp; Vous \u00eates \u00e0 la recherche du Split ou du climatiseur qui vous [&hellip;]\" \/>\n<meta property=\"og:url\" content=\"https:\/\/ekco-ci.com\/ecommerce\/produit\/nasco-nas-t9n1-split-1cv-r-410a-blanc\/\" \/>\n<meta property=\"og:site_name\" content=\"Ekco Boutique\" \/>\n<meta property=\"article:modified_time\" content=\"2024-12-12T09:18:16+00:00\" \/>\n<meta property=\"og:image\" content=\"https:\/\/ekco-ci.com\/ecommerce\/wp-content\/uploads\/2024\/10\/2-59.jpg\" \/>\n\t<meta property=\"og:image:width\" content=\"500\" \/>\n\t<meta property=\"og:image:height\" content=\"500\" \/>\n\t<meta property=\"og:image:type\" content=\"image\/jpeg\" \/>\n<meta name=\"twitter:card\" content=\"summary_large_image\" \/>\n<meta name=\"twitter:label1\" content=\"Dur\u00e9e de lecture estim\u00e9e\" \/>\n\t<meta name=\"twitter:data1\" content=\"3 minutes\" \/>\n<script type=\"application\/ld+json\" class=\"yoast-schema-graph\">{\"@context\":\"https:\/\/schema.org\",\"@graph\":[{\"@type\":\"WebPage\",\"@id\":\"https:\/\/ekco-ci.com\/ecommerce\/produit\/nasco-nas-t9n1-split-1cv-r-410a-blanc\/\",\"url\":\"https:\/\/ekco-ci.com\/ecommerce\/produit\/nasco-nas-t9n1-split-1cv-r-410a-blanc\/\",\"name\":\"Nasco Nas-T9N1 - Split 1Cv R-410A Blanc - Ekco Boutique\",\"isPartOf\":{\"@id\":\"https:\/\/ekco-ci.com\/ecommerce\/#website\"},\"primaryImageOfPage\":{\"@id\":\"https:\/\/ekco-ci.com\/ecommerce\/produit\/nasco-nas-t9n1-split-1cv-r-410a-blanc\/#primaryimage\"},\"image\":{\"@id\":\"https:\/\/ekco-ci.com\/ecommerce\/produit\/nasco-nas-t9n1-split-1cv-r-410a-blanc\/#primaryimage\"},\"thumbnailUrl\":\"https:\/\/ekco-ci.com\/ecommerce\/wp-content\/uploads\/2024\/10\/2-59.jpg\",\"datePublished\":\"2024-10-16T15:40:24+00:00\",\"dateModified\":\"2024-12-12T09:18:16+00:00\",\"breadcrumb\":{\"@id\":\"https:\/\/ekco-ci.com\/ecommerce\/produit\/nasco-nas-t9n1-split-1cv-r-410a-blanc\/#breadcrumb\"},\"inLanguage\":\"fr-FR\",\"potentialAction\":[{\"@type\":\"ReadAction\",\"target\":[\"https:\/\/ekco-ci.com\/ecommerce\/produit\/nasco-nas-t9n1-split-1cv-r-410a-blanc\/\"]}]},{\"@type\":\"ImageObject\",\"inLanguage\":\"fr-FR\",\"@id\":\"https:\/\/ekco-ci.com\/ecommerce\/produit\/nasco-nas-t9n1-split-1cv-r-410a-blanc\/#primaryimage\",\"url\":\"https:\/\/ekco-ci.com\/ecommerce\/wp-content\/uploads\/2024\/10\/2-59.jpg\",\"contentUrl\":\"https:\/\/ekco-ci.com\/ecommerce\/wp-content\/uploads\/2024\/10\/2-59.jpg\",\"width\":500,\"height\":500},{\"@type\":\"BreadcrumbList\",\"@id\":\"https:\/\/ekco-ci.com\/ecommerce\/produit\/nasco-nas-t9n1-split-1cv-r-410a-blanc\/#breadcrumb\",\"itemListElement\":[{\"@type\":\"ListItem\",\"position\":1,\"name\":\"Home\",\"item\":\"https:\/\/ekco-ci.com\/ecommerce\/\"},{\"@type\":\"ListItem\",\"position\":2,\"name\":\"Boutique\",\"item\":\"https:\/\/ekco-ci.com\/ecommerce\/boutique\/\"},{\"@type\":\"ListItem\",\"position\":3,\"name\":\"Nasco Nas-T9N1 &#8211; Split 1Cv R-410A Blanc\"}]},{\"@type\":\"WebSite\",\"@id\":\"https:\/\/ekco-ci.com\/ecommerce\/#website\",\"url\":\"https:\/\/ekco-ci.com\/ecommerce\/\",\"name\":\"Ekco Boutique\",\"description\":\"Ekco Boutique! La qualit\u00e9 au c\u0153ur de chaque achat\",\"publisher\":{\"@id\":\"https:\/\/ekco-ci.com\/ecommerce\/#organization\"},\"alternateName\":\"Boutique\",\"potentialAction\":[{\"@type\":\"SearchAction\",\"target\":{\"@type\":\"EntryPoint\",\"urlTemplate\":\"https:\/\/ekco-ci.com\/ecommerce\/?s={search_term_string}\"},\"query-input\":{\"@type\":\"PropertyValueSpecification\",\"valueRequired\":true,\"valueName\":\"search_term_string\"}}],\"inLanguage\":\"fr-FR\"},{\"@type\":\"Organization\",\"@id\":\"https:\/\/ekco-ci.com\/ecommerce\/#organization\",\"name\":\"Ekco Boutique\",\"url\":\"https:\/\/ekco-ci.com\/ecommerce\/\",\"logo\":{\"@type\":\"ImageObject\",\"inLanguage\":\"fr-FR\",\"@id\":\"https:\/\/ekco-ci.com\/ecommerce\/#\/schema\/logo\/image\/\",\"url\":\"https:\/\/ekco-ci.com\/ecommerce\/wp-content\/uploads\/2024\/08\/cropped-lologo.png\",\"contentUrl\":\"https:\/\/ekco-ci.com\/ecommerce\/wp-content\/uploads\/2024\/08\/cropped-lologo.png\",\"width\":512,\"height\":512,\"caption\":\"Ekco Boutique\"},\"image\":{\"@id\":\"https:\/\/ekco-ci.com\/ecommerce\/#\/schema\/logo\/image\/\"}}]}<\/script>\n<!-- \/ Yoast SEO plugin. -->","yoast_head_json":{"title":"Nasco Nas-T9N1 - Split 1Cv R-410A Blanc - Ekco Boutique","robots":{"index":"index","follow":"follow","max-snippet":"max-snippet:-1","max-image-preview":"max-image-preview:large","max-video-preview":"max-video-preview:-1"},"canonical":"https:\/\/ekco-ci.com\/ecommerce\/produit\/nasco-nas-t9n1-split-1cv-r-410a-blanc\/","og_locale":"fr_FR","og_type":"article","og_title":"Nasco Nas-T9N1 - Split 1Cv R-410A Blanc - Ekco Boutique","og_description":"Nasco Nas-T9N1 &#8211; Split 1Cv R-410A Blanc &nbsp; Vous \u00eates \u00e0 la recherche du Split ou du climatiseur qui vous [&hellip;]","og_url":"https:\/\/ekco-ci.com\/ecommerce\/produit\/nasco-nas-t9n1-split-1cv-r-410a-blanc\/","og_site_name":"Ekco Boutique","article_modified_time":"2024-12-12T09:18:16+00:00","og_image":[{"width":500,"height":500,"url":"https:\/\/ekco-ci.com\/ecommerce\/wp-content\/uploads\/2024\/10\/2-59.jpg","type":"image\/jpeg"}],"twitter_card":"summary_large_image","twitter_misc":{"Dur\u00e9e de lecture estim\u00e9e":"3 minutes"},"schema":{"@context":"https:\/\/schema.org","@graph":[{"@type":"WebPage","@id":"https:\/\/ekco-ci.com\/ecommerce\/produit\/nasco-nas-t9n1-split-1cv-r-410a-blanc\/","url":"https:\/\/ekco-ci.com\/ecommerce\/produit\/nasco-nas-t9n1-split-1cv-r-410a-blanc\/","name":"Nasco Nas-T9N1 - Split 1Cv R-410A Blanc - Ekco Boutique","isPartOf":{"@id":"https:\/\/ekco-ci.com\/ecommerce\/#website"},"primaryImageOfPage":{"@id":"https:\/\/ekco-ci.com\/ecommerce\/produit\/nasco-nas-t9n1-split-1cv-r-410a-blanc\/#primaryimage"},"image":{"@id":"https:\/\/ekco-ci.com\/ecommerce\/produit\/nasco-nas-t9n1-split-1cv-r-410a-blanc\/#primaryimage"},"thumbnailUrl":"https:\/\/ekco-ci.com\/ecommerce\/wp-content\/uploads\/2024\/10\/2-59.jpg","datePublished":"2024-10-16T15:40:24+00:00","dateModified":"2024-12-12T09:18:16+00:00","breadcrumb":{"@id":"https:\/\/ekco-ci.com\/ecommerce\/produit\/nasco-nas-t9n1-split-1cv-r-410a-blanc\/#breadcrumb"},"inLanguage":"fr-FR","potentialAction":[{"@type":"ReadAction","target":["https:\/\/ekco-ci.com\/ecommerce\/produit\/nasco-nas-t9n1-split-1cv-r-410a-blanc\/"]}]},{"@type":"ImageObject","inLanguage":"fr-FR","@id":"https:\/\/ekco-ci.com\/ecommerce\/produit\/nasco-nas-t9n1-split-1cv-r-410a-blanc\/#primaryimage","url":"https:\/\/ekco-ci.com\/ecommerce\/wp-content\/uploads\/2024\/10\/2-59.jpg","contentUrl":"https:\/\/ekco-ci.com\/ecommerce\/wp-content\/uploads\/2024\/10\/2-59.jpg","width":500,"height":500},{"@type":"BreadcrumbList","@id":"https:\/\/ekco-ci.com\/ecommerce\/produit\/nasco-nas-t9n1-split-1cv-r-410a-blanc\/#breadcrumb","itemListElement":[{"@type":"ListItem","position":1,"name":"Home","item":"https:\/\/ekco-ci.com\/ecommerce\/"},{"@type":"ListItem","position":2,"name":"Boutique","item":"https:\/\/ekco-ci.com\/ecommerce\/boutique\/"},{"@type":"ListItem","position":3,"name":"Nasco Nas-T9N1 &#8211; Split 1Cv R-410A Blanc"}]},{"@type":"WebSite","@id":"https:\/\/ekco-ci.com\/ecommerce\/#website","url":"https:\/\/ekco-ci.com\/ecommerce\/","name":"Ekco Boutique","description":"Ekco Boutique! La qualit\u00e9 au c\u0153ur de chaque achat","publisher":{"@id":"https:\/\/ekco-ci.com\/ecommerce\/#organization"},"alternateName":"Boutique","potentialAction":[{"@type":"SearchAction","target":{"@type":"EntryPoint","urlTemplate":"https:\/\/ekco-ci.com\/ecommerce\/?s={search_term_string}"},"query-input":{"@type":"PropertyValueSpecification","valueRequired":true,"valueName":"search_term_string"}}],"inLanguage":"fr-FR"},{"@type":"Organization","@id":"https:\/\/ekco-ci.com\/ecommerce\/#organization","name":"Ekco Boutique","url":"https:\/\/ekco-ci.com\/ecommerce\/","logo":{"@type":"ImageObject","inLanguage":"fr-FR","@id":"https:\/\/ekco-ci.com\/ecommerce\/#\/schema\/logo\/image\/","url":"https:\/\/ekco-ci.com\/ecommerce\/wp-content\/uploads\/2024\/08\/cropped-lologo.png","contentUrl":"https:\/\/ekco-ci.com\/ecommerce\/wp-content\/uploads\/2024\/08\/cropped-lologo.png","width":512,"height":512,"caption":"Ekco Boutique"},"image":{"@id":"https:\/\/ekco-ci.com\/ecommerce\/#\/schema\/logo\/image\/"}}]}},"uagb_featured_image_src":{"full":["https:\/\/ekco-ci.com\/ecommerce\/wp-content\/uploads\/2024\/10\/2-59.jpg",500,500,false],"thumbnail":["https:\/\/ekco-ci.com\/ecommerce\/wp-content\/uploads\/2024\/10\/2-59-150x150.jpg",150,150,true],"medium":["https:\/\/ekco-ci.com\/ecommerce\/wp-content\/uploads\/2024\/10\/2-59-300x300.jpg",300,300,true],"medium_large":["https:\/\/ekco-ci.com\/ecommerce\/wp-content\/uploads\/2024\/10\/2-59.jpg",500,500,false],"large":["https:\/\/ekco-ci.com\/ecommerce\/wp-content\/uploads\/2024\/10\/2-59.jpg",500,500,false],"1536x1536":["https:\/\/ekco-ci.com\/ecommerce\/wp-content\/uploads\/2024\/10\/2-59.jpg",500,500,false],"2048x2048":["https:\/\/ekco-ci.com\/ecommerce\/wp-content\/uploads\/2024\/10\/2-59.jpg",500,500,false],"cfw_cart_thumb":["https:\/\/ekco-ci.com\/ecommerce\/wp-content\/uploads\/2024\/10\/2-59-60x60.jpg",60,60,true],"cfw_order_bump_thumb":["https:\/\/ekco-ci.com\/ecommerce\/wp-content\/uploads\/2024\/10\/2-59.jpg",320,320,false],"woocommerce_thumbnail":["https:\/\/ekco-ci.com\/ecommerce\/wp-content\/uploads\/2024\/10\/2-59-300x225.jpg",300,225,true],"woocommerce_single":["https:\/\/ekco-ci.com\/ecommerce\/wp-content\/uploads\/2024\/10\/2-59.jpg",500,500,false],"woocommerce_gallery_thumbnail":["https:\/\/ekco-ci.com\/ecommerce\/wp-content\/uploads\/2024\/10\/2-59-100x100.jpg",100,100,true]},"uagb_author_info":{"display_name":"Christabelle Moulo","author_link":"https:\/\/ekco-ci.com\/ecommerce\/author\/"},"uagb_comment_info":0,"uagb_excerpt":"Nasco Nas-T9N1 &#8211; Split 1Cv R-410A Blanc &nbsp; Vous \u00eates \u00e0 la recherche du Split ou du climatiseur qui vous [&hellip;]","_links":{"self":[{"href":"https:\/\/ekco-ci.com\/ecommerce\/wp-json\/wp\/v2\/product\/7323","targetHints":{"allow":["GET"]}}],"collection":[{"href":"https:\/\/ekco-ci.com\/ecommerce\/wp-json\/wp\/v2\/product"}],"about":[{"href":"https:\/\/ekco-ci.com\/ecommerce\/wp-json\/wp\/v2\/types\/product"}],"replies":[{"embeddable":true,"href":"https:\/\/ekco-ci.com\/ecommerce\/wp-json\/wp\/v2\/comments?post=7323"}],"wp:featuredmedia":[{"embeddable":true,"href":"https:\/\/ekco-ci.com\/ecommerce\/wp-json\/wp\/v2\/media\/7324"}],"wp:attachment":[{"href":"https:\/\/ekco-ci.com\/ecommerce\/wp-json\/wp\/v2\/media?parent=7323"}],"wp:term":[{"taxonomy":"product_brand","embeddable":true,"href":"https:\/\/ekco-ci.com\/ecommerce\/wp-json\/wp\/v2\/product_brand?post=7323"},{"taxonomy":"product_cat","embeddable":true,"href":"https:\/\/ekco-ci.com\/ecommerce\/wp-json\/wp\/v2\/product_cat?post=7323"},{"taxonomy":"product_tag","embeddable":true,"href":"https:\/\/ekco-ci.com\/ecommerce\/wp-json\/wp\/v2\/product_tag?post=7323"}],"curies":[{"name":"wp","href":"https:\/\/api.w.org\/{rel}","templated":true}]}}