{"id":7227,"date":"2024-10-16T10:20:23","date_gmt":"2024-10-16T10:20:23","guid":{"rendered":"https:\/\/ekco-ci.com\/ecommerce\/?post_type=product&#038;p=7227"},"modified":"2024-12-12T09:18:07","modified_gmt":"2024-12-12T09:18:07","slug":"packs-de-4-boxers-calecons-homme-2","status":"publish","type":"product","link":"https:\/\/ekco-ci.com\/ecommerce\/produit\/packs-de-4-boxers-calecons-homme-2\/","title":{"rendered":"Packs De 4 Boxers Cale\u00e7ons Homme"},"content":{"rendered":"<p>Pour plus de produits, cliquez sur l&#8217;image<\/p>\n<table border=\"1\" cellspacing=\"1\" cellpadding=\"1\">\n<tbody>\n<tr>\n<td><a href=\"https:\/\/www.jumia.ci\/generic-chaussures-britanniques-a-la-mode-15054550.html\"><img decoding=\"async\" src=\"https:\/\/ci.jumia.is\/cms\/external\/pet\/GE070SL13AM1JNAFAMZ\/7d93b999cd3d3307fafde526296507ac.jpg\" alt=\"\" data-src=\"https:\/\/ci.jumia.is\/cms\/external\/pet\/GE070SL13AM1JNAFAMZ\/7d93b999cd3d3307fafde526296507ac.jpg\" \/><\/a><\/td>\n<td><a href=\"https:\/\/www.jumia.ci\/generic-vieilles-chaussures-en-tissu-de-pekin-15100063.html\"><img decoding=\"async\" src=\"https:\/\/ci.jumia.is\/cms\/external\/pet\/GE070SL13AM1JNAFAMZ\/d0be47be88a65ee6a7c7eb27f8e46491.jpg\" alt=\"\" data-src=\"https:\/\/ci.jumia.is\/cms\/external\/pet\/GE070SL13AM1JNAFAMZ\/d0be47be88a65ee6a7c7eb27f8e46491.jpg\" \/><\/a><\/td>\n<td><a href=\"https:\/\/www.jumia.ci\/fashion-pantoufles-pour-hommes-bleu-fonce-20234669.html\"><img decoding=\"async\" src=\"https:\/\/ci.jumia.is\/cms\/external\/pet\/GE070SL13AM1JNAFAMZ\/d248bb825fd56b7d7b6396098aed4c8f.jpg\" alt=\"\" data-src=\"https:\/\/ci.jumia.is\/cms\/external\/pet\/GE070SL13AM1JNAFAMZ\/d248bb825fd56b7d7b6396098aed4c8f.jpg\" \/><\/a><\/td>\n<\/tr>\n<tr>\n<td><a href=\"https:\/\/www.jumia.ci\/generic-chaussettes-simples-en-coton-business-5-paires-15054567.html\"><img decoding=\"async\" src=\"https:\/\/ci.jumia.is\/cms\/external\/pet\/GE070SL13AM1JNAFAMZ\/2db0d50af01ad688180a467392e75be6.jpg\" alt=\"\" data-src=\"https:\/\/ci.jumia.is\/cms\/external\/pet\/GE070SL13AM1JNAFAMZ\/2db0d50af01ad688180a467392e75be6.jpg\" \/><\/a><\/td>\n<td><a href=\"https:\/\/www.jumia.ci\/generic-packs-de-4-boxers-calecons-homme-15100066.html\"><img decoding=\"async\" src=\"https:\/\/ci.jumia.is\/cms\/external\/pet\/GE070SL13AM1JNAFAMZ\/a0fba472f0bbf36f74e5aa88041d4e62.jpg\" alt=\"\" data-src=\"https:\/\/ci.jumia.is\/cms\/external\/pet\/GE070SL13AM1JNAFAMZ\/a0fba472f0bbf36f74e5aa88041d4e62.jpg\" \/><\/a><\/td>\n<td><a href=\"https:\/\/www.jumia.ci\/generic-lot-de-4-boxer-homme-respirant-culotte-15100065.html\"><img decoding=\"async\" src=\"https:\/\/ci.jumia.is\/cms\/external\/pet\/GE070SL13AM1JNAFAMZ\/1ce6f5af7cb63892d4d7232779a035c6.jpg\" alt=\"\" data-src=\"https:\/\/ci.jumia.is\/cms\/external\/pet\/GE070SL13AM1JNAFAMZ\/1ce6f5af7cb63892d4d7232779a035c6.jpg\" \/><\/a><\/td>\n<\/tr>\n<tr>\n<td><a href=\"https:\/\/www.jumia.ci\/generic-chemises-pour-homme-manches-courtes-15054498.html\"><img decoding=\"async\" src=\"https:\/\/ci.jumia.is\/cms\/external\/pet\/GE070SL13AM1JNAFAMZ\/b97816431134b63a80746c71044ddcd5.jpg\" alt=\"\" data-src=\"https:\/\/ci.jumia.is\/cms\/external\/pet\/GE070SL13AM1JNAFAMZ\/b97816431134b63a80746c71044ddcd5.jpg\" \/><\/a><\/td>\n<td><a href=\"https:\/\/www.jumia.ci\/fashion-chemise-a-courtes-longues-pour-homme-marine-22798431.html\"><img decoding=\"async\" src=\"https:\/\/ci.jumia.is\/cms\/external\/pet\/GE070SL13AM1JNAFAMZ\/e25f1f6a729ee2baa89525051da3553b.jpg\" alt=\"\" data-src=\"https:\/\/ci.jumia.is\/cms\/external\/pet\/GE070SL13AM1JNAFAMZ\/e25f1f6a729ee2baa89525051da3553b.jpg\" \/><\/a><\/td>\n<td><a href=\"https:\/\/www.jumia.ci\/generic-chemise-a-manches-courtes-impression-15054547.html\"><img decoding=\"async\" src=\"https:\/\/ci.jumia.is\/cms\/external\/pet\/GE070SL13AM1JNAFAMZ\/15553f267f142dcc22909ca84f58970b.jpg\" alt=\"\" data-src=\"https:\/\/ci.jumia.is\/cms\/external\/pet\/GE070SL13AM1JNAFAMZ\/15553f267f142dcc22909ca84f58970b.jpg\" \/><\/a><\/td>\n<\/tr>\n<\/tbody>\n<\/table>\n<p><b>4pcs Boxer Homme\u00a0<\/b><b><br \/>\n<\/b>Attention s&#8217;il vous pla\u00eet : Pour les besoins de transport, le tissu que vous avez re\u00e7u aura un ph\u00e9nom\u00e8ne de pli. Ne vous inqui\u00e9tez pas, cette situation de pli dispara\u00eetra apr\u00e8s la premi\u00e8re fois que vous nettoyez ou repassez.\u00a0\u00c0 propos de la couleur : les images ne sont que des \u00e9chantillons pour r\u00e9f\u00e9rence. En raison des limitations de la photographie et des diff\u00e9rences in\u00e9vitables dans les param\u00e8tres du moniteur, les couleurs affich\u00e9es sur la photo peuvent ne pas correspondre \u00e0 100 % \u00e0 celles des \u00e9l\u00e9ments eux-m\u00eames.<\/p>\n","protected":false},"excerpt":{"rendered":"<p>Pour plus de produits, cliquez sur l&#8217;image 4pcs Boxer Homme\u00a0 Attention s&#8217;il vous pla\u00eet : Pour les besoins de transport, [&hellip;]<\/p>\n","protected":false},"featured_media":7228,"comment_status":"open","ping_status":"closed","template":"","meta":{"_uag_custom_page_level_css":"","site-sidebar-layout":"default","site-content-layout":"","ast-site-content-layout":"default","site-content-style":"default","site-sidebar-style":"default","ast-global-header-display":"","ast-banner-title-visibility":"","ast-main-header-display":"","ast-hfb-above-header-display":"","ast-hfb-below-header-display":"","ast-hfb-mobile-header-display":"","site-post-title":"","ast-breadcrumbs-content":"","ast-featured-img":"","footer-sml-layout":"","ast-disable-related-posts":"","theme-transparent-header-meta":"default","adv-header-id-meta":"","stick-header-meta":"","header-above-stick-meta":"","header-main-stick-meta":"","header-below-stick-meta":"","astra-migrate-meta-layouts":"set","ast-page-background-enabled":"default","ast-page-background-meta":{"desktop":{"background-color":"var(--ast-global-color-4)","background-image":"","background-repeat":"repeat","background-position":"center center","background-size":"auto","background-attachment":"scroll","background-type":"","background-media":"","overlay-type":"","overlay-color":"","overlay-opacity":"","overlay-gradient":""},"tablet":{"background-color":"","background-image":"","background-repeat":"repeat","background-position":"center center","background-size":"auto","background-attachment":"scroll","background-type":"","background-media":"","overlay-type":"","overlay-color":"","overlay-opacity":"","overlay-gradient":""},"mobile":{"background-color":"","background-image":"","background-repeat":"repeat","background-position":"center center","background-size":"auto","background-attachment":"scroll","background-type":"","background-media":"","overlay-type":"","overlay-color":"","overlay-opacity":"","overlay-gradient":""}},"ast-content-background-meta":{"desktop":{"background-color":"var(--ast-global-color-5)","background-image":"","background-repeat":"repeat","background-position":"center center","background-size":"auto","background-attachment":"scroll","background-type":"","background-media":"","overlay-type":"","overlay-color":"","overlay-opacity":"","overlay-gradient":""},"tablet":{"background-color":"var(--ast-global-color-5)","background-image":"","background-repeat":"repeat","background-position":"center center","background-size":"auto","background-attachment":"scroll","background-type":"","background-media":"","overlay-type":"","overlay-color":"","overlay-opacity":"","overlay-gradient":""},"mobile":{"background-color":"var(--ast-global-color-5)","background-image":"","background-repeat":"repeat","background-position":"center center","background-size":"auto","background-attachment":"scroll","background-type":"","background-media":"","overlay-type":"","overlay-color":"","overlay-opacity":"","overlay-gradient":""}}},"product_brand":[],"product_cat":[818,30,181,817,658],"product_tag":[],"class_list":{"0":"post-7227","1":"product","2":"type-product","3":"status-publish","4":"has-post-thumbnail","6":"product_cat-boxers","7":"product_cat-mode","8":"product_cat-mode-hommes","9":"product_cat-sous-vetements","10":"product_cat-vetements-mode-hommes","11":"desktop-align-left","12":"tablet-align-left","13":"mobile-align-left","15":"first","16":"instock","17":"sale","18":"shipping-taxable","19":"purchasable","20":"product-type-simple"},"yoast_head":"<!-- This site is optimized with the Yoast SEO plugin v26.8 - https:\/\/yoast.com\/product\/yoast-seo-wordpress\/ -->\n<title>Packs De 4 Boxers Cale\u00e7ons Homme - Ekco Boutique<\/title>\n<meta name=\"robots\" content=\"index, follow, max-snippet:-1, max-image-preview:large, max-video-preview:-1\" \/>\n<link rel=\"canonical\" href=\"https:\/\/ekco-ci.com\/ecommerce\/produit\/packs-de-4-boxers-calecons-homme-2\/\" \/>\n<meta property=\"og:locale\" content=\"fr_FR\" \/>\n<meta property=\"og:type\" content=\"article\" \/>\n<meta property=\"og:title\" content=\"Packs De 4 Boxers Cale\u00e7ons Homme - Ekco Boutique\" \/>\n<meta property=\"og:description\" content=\"Pour plus de produits, cliquez sur l&#8217;image 4pcs Boxer Homme\u00a0 Attention s&#8217;il vous pla\u00eet : Pour les besoins de transport, [&hellip;]\" \/>\n<meta property=\"og:url\" content=\"https:\/\/ekco-ci.com\/ecommerce\/produit\/packs-de-4-boxers-calecons-homme-2\/\" \/>\n<meta property=\"og:site_name\" content=\"Ekco Boutique\" \/>\n<meta property=\"article:modified_time\" content=\"2024-12-12T09:18:07+00:00\" \/>\n<meta property=\"og:image\" content=\"https:\/\/ekco-ci.com\/ecommerce\/wp-content\/uploads\/2024\/10\/6-20.jpg\" \/>\n\t<meta property=\"og:image:width\" content=\"500\" \/>\n\t<meta property=\"og:image:height\" content=\"500\" \/>\n\t<meta property=\"og:image:type\" content=\"image\/jpeg\" \/>\n<meta name=\"twitter:card\" content=\"summary_large_image\" \/>\n<meta name=\"twitter:label1\" content=\"Dur\u00e9e de lecture estim\u00e9e\" \/>\n\t<meta name=\"twitter:data1\" content=\"3 minutes\" \/>\n<script type=\"application\/ld+json\" class=\"yoast-schema-graph\">{\"@context\":\"https:\/\/schema.org\",\"@graph\":[{\"@type\":\"WebPage\",\"@id\":\"https:\/\/ekco-ci.com\/ecommerce\/produit\/packs-de-4-boxers-calecons-homme-2\/\",\"url\":\"https:\/\/ekco-ci.com\/ecommerce\/produit\/packs-de-4-boxers-calecons-homme-2\/\",\"name\":\"Packs De 4 Boxers Cale\u00e7ons Homme - Ekco Boutique\",\"isPartOf\":{\"@id\":\"https:\/\/ekco-ci.com\/ecommerce\/#website\"},\"primaryImageOfPage\":{\"@id\":\"https:\/\/ekco-ci.com\/ecommerce\/produit\/packs-de-4-boxers-calecons-homme-2\/#primaryimage\"},\"image\":{\"@id\":\"https:\/\/ekco-ci.com\/ecommerce\/produit\/packs-de-4-boxers-calecons-homme-2\/#primaryimage\"},\"thumbnailUrl\":\"https:\/\/ekco-ci.com\/ecommerce\/wp-content\/uploads\/2024\/10\/6-20.jpg\",\"datePublished\":\"2024-10-16T10:20:23+00:00\",\"dateModified\":\"2024-12-12T09:18:07+00:00\",\"breadcrumb\":{\"@id\":\"https:\/\/ekco-ci.com\/ecommerce\/produit\/packs-de-4-boxers-calecons-homme-2\/#breadcrumb\"},\"inLanguage\":\"fr-FR\",\"potentialAction\":[{\"@type\":\"ReadAction\",\"target\":[\"https:\/\/ekco-ci.com\/ecommerce\/produit\/packs-de-4-boxers-calecons-homme-2\/\"]}]},{\"@type\":\"ImageObject\",\"inLanguage\":\"fr-FR\",\"@id\":\"https:\/\/ekco-ci.com\/ecommerce\/produit\/packs-de-4-boxers-calecons-homme-2\/#primaryimage\",\"url\":\"https:\/\/ekco-ci.com\/ecommerce\/wp-content\/uploads\/2024\/10\/6-20.jpg\",\"contentUrl\":\"https:\/\/ekco-ci.com\/ecommerce\/wp-content\/uploads\/2024\/10\/6-20.jpg\",\"width\":500,\"height\":500},{\"@type\":\"BreadcrumbList\",\"@id\":\"https:\/\/ekco-ci.com\/ecommerce\/produit\/packs-de-4-boxers-calecons-homme-2\/#breadcrumb\",\"itemListElement\":[{\"@type\":\"ListItem\",\"position\":1,\"name\":\"Home\",\"item\":\"https:\/\/ekco-ci.com\/ecommerce\/\"},{\"@type\":\"ListItem\",\"position\":2,\"name\":\"Boutique\",\"item\":\"https:\/\/ekco-ci.com\/ecommerce\/boutique\/\"},{\"@type\":\"ListItem\",\"position\":3,\"name\":\"Packs De 4 Boxers Cale\u00e7ons Homme\"}]},{\"@type\":\"WebSite\",\"@id\":\"https:\/\/ekco-ci.com\/ecommerce\/#website\",\"url\":\"https:\/\/ekco-ci.com\/ecommerce\/\",\"name\":\"Ekco Boutique\",\"description\":\"Ekco Boutique! La qualit\u00e9 au c\u0153ur de chaque achat\",\"publisher\":{\"@id\":\"https:\/\/ekco-ci.com\/ecommerce\/#organization\"},\"alternateName\":\"Boutique\",\"potentialAction\":[{\"@type\":\"SearchAction\",\"target\":{\"@type\":\"EntryPoint\",\"urlTemplate\":\"https:\/\/ekco-ci.com\/ecommerce\/?s={search_term_string}\"},\"query-input\":{\"@type\":\"PropertyValueSpecification\",\"valueRequired\":true,\"valueName\":\"search_term_string\"}}],\"inLanguage\":\"fr-FR\"},{\"@type\":\"Organization\",\"@id\":\"https:\/\/ekco-ci.com\/ecommerce\/#organization\",\"name\":\"Ekco Boutique\",\"url\":\"https:\/\/ekco-ci.com\/ecommerce\/\",\"logo\":{\"@type\":\"ImageObject\",\"inLanguage\":\"fr-FR\",\"@id\":\"https:\/\/ekco-ci.com\/ecommerce\/#\/schema\/logo\/image\/\",\"url\":\"https:\/\/ekco-ci.com\/ecommerce\/wp-content\/uploads\/2024\/08\/cropped-lologo.png\",\"contentUrl\":\"https:\/\/ekco-ci.com\/ecommerce\/wp-content\/uploads\/2024\/08\/cropped-lologo.png\",\"width\":512,\"height\":512,\"caption\":\"Ekco Boutique\"},\"image\":{\"@id\":\"https:\/\/ekco-ci.com\/ecommerce\/#\/schema\/logo\/image\/\"}}]}<\/script>\n<!-- \/ Yoast SEO plugin. -->","yoast_head_json":{"title":"Packs De 4 Boxers Cale\u00e7ons Homme - Ekco Boutique","robots":{"index":"index","follow":"follow","max-snippet":"max-snippet:-1","max-image-preview":"max-image-preview:large","max-video-preview":"max-video-preview:-1"},"canonical":"https:\/\/ekco-ci.com\/ecommerce\/produit\/packs-de-4-boxers-calecons-homme-2\/","og_locale":"fr_FR","og_type":"article","og_title":"Packs De 4 Boxers Cale\u00e7ons Homme - Ekco Boutique","og_description":"Pour plus de produits, cliquez sur l&#8217;image 4pcs Boxer Homme\u00a0 Attention s&#8217;il vous pla\u00eet : Pour les besoins de transport, [&hellip;]","og_url":"https:\/\/ekco-ci.com\/ecommerce\/produit\/packs-de-4-boxers-calecons-homme-2\/","og_site_name":"Ekco Boutique","article_modified_time":"2024-12-12T09:18:07+00:00","og_image":[{"width":500,"height":500,"url":"https:\/\/ekco-ci.com\/ecommerce\/wp-content\/uploads\/2024\/10\/6-20.jpg","type":"image\/jpeg"}],"twitter_card":"summary_large_image","twitter_misc":{"Dur\u00e9e de lecture estim\u00e9e":"3 minutes"},"schema":{"@context":"https:\/\/schema.org","@graph":[{"@type":"WebPage","@id":"https:\/\/ekco-ci.com\/ecommerce\/produit\/packs-de-4-boxers-calecons-homme-2\/","url":"https:\/\/ekco-ci.com\/ecommerce\/produit\/packs-de-4-boxers-calecons-homme-2\/","name":"Packs De 4 Boxers Cale\u00e7ons Homme - Ekco Boutique","isPartOf":{"@id":"https:\/\/ekco-ci.com\/ecommerce\/#website"},"primaryImageOfPage":{"@id":"https:\/\/ekco-ci.com\/ecommerce\/produit\/packs-de-4-boxers-calecons-homme-2\/#primaryimage"},"image":{"@id":"https:\/\/ekco-ci.com\/ecommerce\/produit\/packs-de-4-boxers-calecons-homme-2\/#primaryimage"},"thumbnailUrl":"https:\/\/ekco-ci.com\/ecommerce\/wp-content\/uploads\/2024\/10\/6-20.jpg","datePublished":"2024-10-16T10:20:23+00:00","dateModified":"2024-12-12T09:18:07+00:00","breadcrumb":{"@id":"https:\/\/ekco-ci.com\/ecommerce\/produit\/packs-de-4-boxers-calecons-homme-2\/#breadcrumb"},"inLanguage":"fr-FR","potentialAction":[{"@type":"ReadAction","target":["https:\/\/ekco-ci.com\/ecommerce\/produit\/packs-de-4-boxers-calecons-homme-2\/"]}]},{"@type":"ImageObject","inLanguage":"fr-FR","@id":"https:\/\/ekco-ci.com\/ecommerce\/produit\/packs-de-4-boxers-calecons-homme-2\/#primaryimage","url":"https:\/\/ekco-ci.com\/ecommerce\/wp-content\/uploads\/2024\/10\/6-20.jpg","contentUrl":"https:\/\/ekco-ci.com\/ecommerce\/wp-content\/uploads\/2024\/10\/6-20.jpg","width":500,"height":500},{"@type":"BreadcrumbList","@id":"https:\/\/ekco-ci.com\/ecommerce\/produit\/packs-de-4-boxers-calecons-homme-2\/#breadcrumb","itemListElement":[{"@type":"ListItem","position":1,"name":"Home","item":"https:\/\/ekco-ci.com\/ecommerce\/"},{"@type":"ListItem","position":2,"name":"Boutique","item":"https:\/\/ekco-ci.com\/ecommerce\/boutique\/"},{"@type":"ListItem","position":3,"name":"Packs De 4 Boxers Cale\u00e7ons Homme"}]},{"@type":"WebSite","@id":"https:\/\/ekco-ci.com\/ecommerce\/#website","url":"https:\/\/ekco-ci.com\/ecommerce\/","name":"Ekco Boutique","description":"Ekco Boutique! La qualit\u00e9 au c\u0153ur de chaque achat","publisher":{"@id":"https:\/\/ekco-ci.com\/ecommerce\/#organization"},"alternateName":"Boutique","potentialAction":[{"@type":"SearchAction","target":{"@type":"EntryPoint","urlTemplate":"https:\/\/ekco-ci.com\/ecommerce\/?s={search_term_string}"},"query-input":{"@type":"PropertyValueSpecification","valueRequired":true,"valueName":"search_term_string"}}],"inLanguage":"fr-FR"},{"@type":"Organization","@id":"https:\/\/ekco-ci.com\/ecommerce\/#organization","name":"Ekco Boutique","url":"https:\/\/ekco-ci.com\/ecommerce\/","logo":{"@type":"ImageObject","inLanguage":"fr-FR","@id":"https:\/\/ekco-ci.com\/ecommerce\/#\/schema\/logo\/image\/","url":"https:\/\/ekco-ci.com\/ecommerce\/wp-content\/uploads\/2024\/08\/cropped-lologo.png","contentUrl":"https:\/\/ekco-ci.com\/ecommerce\/wp-content\/uploads\/2024\/08\/cropped-lologo.png","width":512,"height":512,"caption":"Ekco Boutique"},"image":{"@id":"https:\/\/ekco-ci.com\/ecommerce\/#\/schema\/logo\/image\/"}}]}},"uagb_featured_image_src":{"full":["https:\/\/ekco-ci.com\/ecommerce\/wp-content\/uploads\/2024\/10\/6-20.jpg",500,500,false],"thumbnail":["https:\/\/ekco-ci.com\/ecommerce\/wp-content\/uploads\/2024\/10\/6-20-150x150.jpg",150,150,true],"medium":["https:\/\/ekco-ci.com\/ecommerce\/wp-content\/uploads\/2024\/10\/6-20-300x300.jpg",300,300,true],"medium_large":["https:\/\/ekco-ci.com\/ecommerce\/wp-content\/uploads\/2024\/10\/6-20.jpg",500,500,false],"large":["https:\/\/ekco-ci.com\/ecommerce\/wp-content\/uploads\/2024\/10\/6-20.jpg",500,500,false],"1536x1536":["https:\/\/ekco-ci.com\/ecommerce\/wp-content\/uploads\/2024\/10\/6-20.jpg",500,500,false],"2048x2048":["https:\/\/ekco-ci.com\/ecommerce\/wp-content\/uploads\/2024\/10\/6-20.jpg",500,500,false],"cfw_cart_thumb":["https:\/\/ekco-ci.com\/ecommerce\/wp-content\/uploads\/2024\/10\/6-20-60x60.jpg",60,60,true],"cfw_order_bump_thumb":["https:\/\/ekco-ci.com\/ecommerce\/wp-content\/uploads\/2024\/10\/6-20.jpg",320,320,false],"woocommerce_thumbnail":["https:\/\/ekco-ci.com\/ecommerce\/wp-content\/uploads\/2024\/10\/6-20-300x225.jpg",300,225,true],"woocommerce_single":["https:\/\/ekco-ci.com\/ecommerce\/wp-content\/uploads\/2024\/10\/6-20.jpg",500,500,false],"woocommerce_gallery_thumbnail":["https:\/\/ekco-ci.com\/ecommerce\/wp-content\/uploads\/2024\/10\/6-20-100x100.jpg",100,100,true]},"uagb_author_info":{"display_name":"Christabelle Moulo","author_link":"https:\/\/ekco-ci.com\/ecommerce\/author\/"},"uagb_comment_info":0,"uagb_excerpt":"Pour plus de produits, cliquez sur l&#8217;image 4pcs Boxer Homme\u00a0 Attention s&#8217;il vous pla\u00eet : Pour les besoins de transport, [&hellip;]","_links":{"self":[{"href":"https:\/\/ekco-ci.com\/ecommerce\/wp-json\/wp\/v2\/product\/7227","targetHints":{"allow":["GET"]}}],"collection":[{"href":"https:\/\/ekco-ci.com\/ecommerce\/wp-json\/wp\/v2\/product"}],"about":[{"href":"https:\/\/ekco-ci.com\/ecommerce\/wp-json\/wp\/v2\/types\/product"}],"replies":[{"embeddable":true,"href":"https:\/\/ekco-ci.com\/ecommerce\/wp-json\/wp\/v2\/comments?post=7227"}],"wp:featuredmedia":[{"embeddable":true,"href":"https:\/\/ekco-ci.com\/ecommerce\/wp-json\/wp\/v2\/media\/7228"}],"wp:attachment":[{"href":"https:\/\/ekco-ci.com\/ecommerce\/wp-json\/wp\/v2\/media?parent=7227"}],"wp:term":[{"taxonomy":"product_brand","embeddable":true,"href":"https:\/\/ekco-ci.com\/ecommerce\/wp-json\/wp\/v2\/product_brand?post=7227"},{"taxonomy":"product_cat","embeddable":true,"href":"https:\/\/ekco-ci.com\/ecommerce\/wp-json\/wp\/v2\/product_cat?post=7227"},{"taxonomy":"product_tag","embeddable":true,"href":"https:\/\/ekco-ci.com\/ecommerce\/wp-json\/wp\/v2\/product_tag?post=7227"}],"curies":[{"name":"wp","href":"https:\/\/api.w.org\/{rel}","templated":true}]}}