{"id":6803,"date":"2024-10-12T10:56:26","date_gmt":"2024-10-12T10:56:26","guid":{"rendered":"https:\/\/ekco-ci.com\/ecommerce\/?post_type=product&#038;p=6803"},"modified":"2024-12-12T09:17:52","modified_gmt":"2024-12-12T09:17:52","slug":"chicco-siege-de-table-pour-bebe-mini-kit-de-soin-offert-shampoing-dentifrice","status":"publish","type":"product","link":"https:\/\/ekco-ci.com\/ecommerce\/produit\/chicco-siege-de-table-pour-bebe-mini-kit-de-soin-offert-shampoing-dentifrice\/","title":{"rendered":"Chicco Si\u00e8ge De Table Pour B\u00e9b\u00e9 + Mini Kit de soin offert (Shampoing + Dentifrice )"},"content":{"rendered":"<h3 style=\"text-align: center\">CHICCO<\/h3>\n<h1 style=\"text-align: center\">Si\u00e8ge De Table Pour B\u00e9b\u00e9<\/h1>\n<p><img decoding=\"async\" src=\"https:\/\/ci.jumia.is\/cms\/external\/pet\/CH085TB11U8FCNAFAMZ\/7ea19b5ff29ce8070eb38719798f67f5.jpg\" alt=\"Smarty Pop\" data-src=\"https:\/\/ci.jumia.is\/cms\/external\/pet\/CH085TB11U8FCNAFAMZ\/7ea19b5ff29ce8070eb38719798f67f5.jpg\" \/><\/p>\n<p>Le rehausseur original, fabriqu\u00e9 en Italie<br \/>\nINFORMATIONS D&#8217;UTILISATION<br \/>\nde 6 mois \u00e0 15 kg<br \/>\n<img fetchpriority=\"high\" decoding=\"async\" src=\"https:\/\/ci.jumia.is\/cms\/external\/pet\/CH085TB11U8FCNAFAMZ\/20c78d691eb9bec59723203c021cc70a.jpg\" alt=\"\" width=\"468\" height=\"429\" data-src=\"https:\/\/ci.jumia.is\/cms\/external\/pet\/CH085TB11U8FCNAFAMZ\/20c78d691eb9bec59723203c021cc70a.jpg\" \/><br \/>\nDESCRIPTION<\/p>\n<p>Syst\u00e8me universel de fixation au fauteuil \u00e0 l&#8217;aide d&#8217;un jeu de harnais r\u00e9glables<br \/>\n4 hauteurs (0-18 cm), grand plateau amovible et lavable<br \/>\nAssise de forme anatomique avec rembourrage en tissu imprim\u00e9 doux, amovible et lavable<br \/>\nHarnais de s\u00e9curit\u00e9 3 points<\/p>\n<p><img decoding=\"async\" src=\"https:\/\/ci.jumia.is\/cms\/external\/pet\/CH085TB11U8FCNAFAMZ\/8ddbb7105579001aec1a300230101033.jpg\" alt=\"\" width=\"497\" height=\"456\" data-src=\"https:\/\/ci.jumia.is\/cms\/external\/pet\/CH085TB11U8FCNAFAMZ\/8ddbb7105579001aec1a300230101033.jpg\" \/><\/p>\n<p>Base avec bouchons en caoutchouc antid\u00e9rapants<br \/>\nElle s&#8217;adapte \u00e0 la croissance de b\u00e9b\u00e9 : id\u00e9ale aussi bien comme chaise haute de voyage avec un grand plateau pour les plus jeunes que comme r\u00e9hausseur pour les plus grands qui souhaitent se mettre \u00e0 table avec leurs parents.<br \/>\nTr\u00e8s facile \u00e0 nettoyer avec une \u00e9ponge<br \/>\nHousse en tissu lavable \u00e0 30\u00b0C<br \/>\nPliage ultra-compact<br \/>\nParfait comme id\u00e9e cadeau, avec un coffret lithographi\u00e9<\/p>\n<p><img decoding=\"async\" src=\"https:\/\/ci.jumia.is\/cms\/external\/pet\/CH085TB11U8FCNAFAMZ\/fafbf11d29aae2d7e6c038d3d32e794d.jpg\" alt=\"\" width=\"582\" height=\"534\" data-src=\"https:\/\/ci.jumia.is\/cms\/external\/pet\/CH085TB11U8FCNAFAMZ\/fafbf11d29aae2d7e6c038d3d32e794d.jpg\" \/><\/p>\n<p><img loading=\"lazy\" decoding=\"async\" src=\"https:\/\/ci.jumia.is\/cms\/external\/pet\/CH085TB11U8FCNAFAMZ\/aa7374d7cf20f5dcd0bd082c9493930e.jpg\" alt=\"Chicco Logo et symbole, sens, histoire, PNG, marque\" width=\"214\" height=\"134\" data-src=\"https:\/\/ci.jumia.is\/cms\/external\/pet\/CH085TB11U8FCNAFAMZ\/aa7374d7cf20f5dcd0bd082c9493930e.jpg\" \/><\/p>\n","protected":false},"excerpt":{"rendered":"<p>CHICCO Si\u00e8ge De Table Pour B\u00e9b\u00e9 Le rehausseur original, fabriqu\u00e9 en Italie INFORMATIONS D&#8217;UTILISATION de 6 mois \u00e0 15 kg [&hellip;]<\/p>\n","protected":false},"featured_media":6804,"comment_status":"open","ping_status":"closed","template":"","meta":{"_uag_custom_page_level_css":"","site-sidebar-layout":"default","site-content-layout":"","ast-site-content-layout":"default","site-content-style":"default","site-sidebar-style":"default","ast-global-header-display":"","ast-banner-title-visibility":"","ast-main-header-display":"","ast-hfb-above-header-display":"","ast-hfb-below-header-display":"","ast-hfb-mobile-header-display":"","site-post-title":"","ast-breadcrumbs-content":"","ast-featured-img":"","footer-sml-layout":"","ast-disable-related-posts":"","theme-transparent-header-meta":"default","adv-header-id-meta":"","stick-header-meta":"","header-above-stick-meta":"","header-main-stick-meta":"","header-below-stick-meta":"","astra-migrate-meta-layouts":"set","ast-page-background-enabled":"default","ast-page-background-meta":{"desktop":{"background-color":"var(--ast-global-color-4)","background-image":"","background-repeat":"repeat","background-position":"center center","background-size":"auto","background-attachment":"scroll","background-type":"","background-media":"","overlay-type":"","overlay-color":"","overlay-opacity":"","overlay-gradient":""},"tablet":{"background-color":"","background-image":"","background-repeat":"repeat","background-position":"center center","background-size":"auto","background-attachment":"scroll","background-type":"","background-media":"","overlay-type":"","overlay-color":"","overlay-opacity":"","overlay-gradient":""},"mobile":{"background-color":"","background-image":"","background-repeat":"repeat","background-position":"center center","background-size":"auto","background-attachment":"scroll","background-type":"","background-media":"","overlay-type":"","overlay-color":"","overlay-opacity":"","overlay-gradient":""}},"ast-content-background-meta":{"desktop":{"background-color":"var(--ast-global-color-5)","background-image":"","background-repeat":"repeat","background-position":"center center","background-size":"auto","background-attachment":"scroll","background-type":"","background-media":"","overlay-type":"","overlay-color":"","overlay-opacity":"","overlay-gradient":""},"tablet":{"background-color":"var(--ast-global-color-5)","background-image":"","background-repeat":"repeat","background-position":"center center","background-size":"auto","background-attachment":"scroll","background-type":"","background-media":"","overlay-type":"","overlay-color":"","overlay-opacity":"","overlay-gradient":""},"mobile":{"background-color":"var(--ast-global-color-5)","background-image":"","background-repeat":"repeat","background-position":"center center","background-size":"auto","background-attachment":"scroll","background-type":"","background-media":"","overlay-type":"","overlay-color":"","overlay-opacity":"","overlay-gradient":""}}},"product_brand":[],"product_cat":[858,840,518],"product_tag":[],"class_list":{"0":"post-6803","1":"product","2":"type-product","3":"status-publish","4":"has-post-thumbnail","6":"product_cat-baignoires-et-sieges","7":"product_cat-bain-et-soin-de-peau","8":"product_cat-produits-pour-bebe","9":"desktop-align-left","10":"tablet-align-left","11":"mobile-align-left","13":"first","14":"instock","15":"sale","16":"shipping-taxable","17":"purchasable","18":"product-type-simple"},"yoast_head":"<!-- This site is optimized with the Yoast SEO plugin v26.8 - https:\/\/yoast.com\/product\/yoast-seo-wordpress\/ -->\n<title>Chicco Si\u00e8ge De Table Pour B\u00e9b\u00e9 + Mini Kit de soin offert (Shampoing + Dentifrice ) - Ekco Boutique<\/title>\n<meta name=\"robots\" content=\"index, follow, max-snippet:-1, max-image-preview:large, max-video-preview:-1\" \/>\n<link rel=\"canonical\" href=\"https:\/\/ekco-ci.com\/ecommerce\/produit\/chicco-siege-de-table-pour-bebe-mini-kit-de-soin-offert-shampoing-dentifrice\/\" \/>\n<meta property=\"og:locale\" content=\"fr_FR\" \/>\n<meta property=\"og:type\" content=\"article\" \/>\n<meta property=\"og:title\" content=\"Chicco Si\u00e8ge De Table Pour B\u00e9b\u00e9 + Mini Kit de soin offert (Shampoing + Dentifrice ) - Ekco Boutique\" \/>\n<meta property=\"og:description\" content=\"CHICCO Si\u00e8ge De Table Pour B\u00e9b\u00e9 Le rehausseur original, fabriqu\u00e9 en Italie INFORMATIONS D&#8217;UTILISATION de 6 mois \u00e0 15 kg [&hellip;]\" \/>\n<meta property=\"og:url\" content=\"https:\/\/ekco-ci.com\/ecommerce\/produit\/chicco-siege-de-table-pour-bebe-mini-kit-de-soin-offert-shampoing-dentifrice\/\" \/>\n<meta property=\"og:site_name\" content=\"Ekco Boutique\" \/>\n<meta property=\"article:modified_time\" content=\"2024-12-12T09:17:52+00:00\" \/>\n<meta property=\"og:image\" content=\"https:\/\/ekco-ci.com\/ecommerce\/wp-content\/uploads\/2024\/10\/1-24-5.jpg\" \/>\n\t<meta property=\"og:image:width\" content=\"500\" \/>\n\t<meta property=\"og:image:height\" content=\"500\" \/>\n\t<meta property=\"og:image:type\" content=\"image\/jpeg\" \/>\n<meta name=\"twitter:card\" content=\"summary_large_image\" \/>\n<meta name=\"twitter:label1\" content=\"Dur\u00e9e de lecture estim\u00e9e\" \/>\n\t<meta name=\"twitter:data1\" content=\"2 minutes\" \/>\n<script type=\"application\/ld+json\" class=\"yoast-schema-graph\">{\"@context\":\"https:\/\/schema.org\",\"@graph\":[{\"@type\":\"WebPage\",\"@id\":\"https:\/\/ekco-ci.com\/ecommerce\/produit\/chicco-siege-de-table-pour-bebe-mini-kit-de-soin-offert-shampoing-dentifrice\/\",\"url\":\"https:\/\/ekco-ci.com\/ecommerce\/produit\/chicco-siege-de-table-pour-bebe-mini-kit-de-soin-offert-shampoing-dentifrice\/\",\"name\":\"Chicco Si\u00e8ge De Table Pour B\u00e9b\u00e9 + Mini Kit de soin offert (Shampoing + Dentifrice ) - Ekco Boutique\",\"isPartOf\":{\"@id\":\"https:\/\/ekco-ci.com\/ecommerce\/#website\"},\"primaryImageOfPage\":{\"@id\":\"https:\/\/ekco-ci.com\/ecommerce\/produit\/chicco-siege-de-table-pour-bebe-mini-kit-de-soin-offert-shampoing-dentifrice\/#primaryimage\"},\"image\":{\"@id\":\"https:\/\/ekco-ci.com\/ecommerce\/produit\/chicco-siege-de-table-pour-bebe-mini-kit-de-soin-offert-shampoing-dentifrice\/#primaryimage\"},\"thumbnailUrl\":\"https:\/\/ekco-ci.com\/ecommerce\/wp-content\/uploads\/2024\/10\/1-24-5.jpg\",\"datePublished\":\"2024-10-12T10:56:26+00:00\",\"dateModified\":\"2024-12-12T09:17:52+00:00\",\"breadcrumb\":{\"@id\":\"https:\/\/ekco-ci.com\/ecommerce\/produit\/chicco-siege-de-table-pour-bebe-mini-kit-de-soin-offert-shampoing-dentifrice\/#breadcrumb\"},\"inLanguage\":\"fr-FR\",\"potentialAction\":[{\"@type\":\"ReadAction\",\"target\":[\"https:\/\/ekco-ci.com\/ecommerce\/produit\/chicco-siege-de-table-pour-bebe-mini-kit-de-soin-offert-shampoing-dentifrice\/\"]}]},{\"@type\":\"ImageObject\",\"inLanguage\":\"fr-FR\",\"@id\":\"https:\/\/ekco-ci.com\/ecommerce\/produit\/chicco-siege-de-table-pour-bebe-mini-kit-de-soin-offert-shampoing-dentifrice\/#primaryimage\",\"url\":\"https:\/\/ekco-ci.com\/ecommerce\/wp-content\/uploads\/2024\/10\/1-24-5.jpg\",\"contentUrl\":\"https:\/\/ekco-ci.com\/ecommerce\/wp-content\/uploads\/2024\/10\/1-24-5.jpg\",\"width\":500,\"height\":500},{\"@type\":\"BreadcrumbList\",\"@id\":\"https:\/\/ekco-ci.com\/ecommerce\/produit\/chicco-siege-de-table-pour-bebe-mini-kit-de-soin-offert-shampoing-dentifrice\/#breadcrumb\",\"itemListElement\":[{\"@type\":\"ListItem\",\"position\":1,\"name\":\"Home\",\"item\":\"https:\/\/ekco-ci.com\/ecommerce\/\"},{\"@type\":\"ListItem\",\"position\":2,\"name\":\"Boutique\",\"item\":\"https:\/\/ekco-ci.com\/ecommerce\/boutique\/\"},{\"@type\":\"ListItem\",\"position\":3,\"name\":\"Chicco Si\u00e8ge De Table Pour B\u00e9b\u00e9 + Mini Kit de soin offert (Shampoing + Dentifrice )\"}]},{\"@type\":\"WebSite\",\"@id\":\"https:\/\/ekco-ci.com\/ecommerce\/#website\",\"url\":\"https:\/\/ekco-ci.com\/ecommerce\/\",\"name\":\"Ekco Boutique\",\"description\":\"Ekco Boutique! La qualit\u00e9 au c\u0153ur de chaque achat\",\"publisher\":{\"@id\":\"https:\/\/ekco-ci.com\/ecommerce\/#organization\"},\"alternateName\":\"Boutique\",\"potentialAction\":[{\"@type\":\"SearchAction\",\"target\":{\"@type\":\"EntryPoint\",\"urlTemplate\":\"https:\/\/ekco-ci.com\/ecommerce\/?s={search_term_string}\"},\"query-input\":{\"@type\":\"PropertyValueSpecification\",\"valueRequired\":true,\"valueName\":\"search_term_string\"}}],\"inLanguage\":\"fr-FR\"},{\"@type\":\"Organization\",\"@id\":\"https:\/\/ekco-ci.com\/ecommerce\/#organization\",\"name\":\"Ekco Boutique\",\"url\":\"https:\/\/ekco-ci.com\/ecommerce\/\",\"logo\":{\"@type\":\"ImageObject\",\"inLanguage\":\"fr-FR\",\"@id\":\"https:\/\/ekco-ci.com\/ecommerce\/#\/schema\/logo\/image\/\",\"url\":\"https:\/\/ekco-ci.com\/ecommerce\/wp-content\/uploads\/2024\/08\/cropped-lologo.png\",\"contentUrl\":\"https:\/\/ekco-ci.com\/ecommerce\/wp-content\/uploads\/2024\/08\/cropped-lologo.png\",\"width\":512,\"height\":512,\"caption\":\"Ekco Boutique\"},\"image\":{\"@id\":\"https:\/\/ekco-ci.com\/ecommerce\/#\/schema\/logo\/image\/\"}}]}<\/script>\n<!-- \/ Yoast SEO plugin. -->","yoast_head_json":{"title":"Chicco Si\u00e8ge De Table Pour B\u00e9b\u00e9 + Mini Kit de soin offert (Shampoing + Dentifrice ) - Ekco Boutique","robots":{"index":"index","follow":"follow","max-snippet":"max-snippet:-1","max-image-preview":"max-image-preview:large","max-video-preview":"max-video-preview:-1"},"canonical":"https:\/\/ekco-ci.com\/ecommerce\/produit\/chicco-siege-de-table-pour-bebe-mini-kit-de-soin-offert-shampoing-dentifrice\/","og_locale":"fr_FR","og_type":"article","og_title":"Chicco Si\u00e8ge De Table Pour B\u00e9b\u00e9 + Mini Kit de soin offert (Shampoing + Dentifrice ) - Ekco Boutique","og_description":"CHICCO Si\u00e8ge De Table Pour B\u00e9b\u00e9 Le rehausseur original, fabriqu\u00e9 en Italie INFORMATIONS D&#8217;UTILISATION de 6 mois \u00e0 15 kg [&hellip;]","og_url":"https:\/\/ekco-ci.com\/ecommerce\/produit\/chicco-siege-de-table-pour-bebe-mini-kit-de-soin-offert-shampoing-dentifrice\/","og_site_name":"Ekco Boutique","article_modified_time":"2024-12-12T09:17:52+00:00","og_image":[{"width":500,"height":500,"url":"https:\/\/ekco-ci.com\/ecommerce\/wp-content\/uploads\/2024\/10\/1-24-5.jpg","type":"image\/jpeg"}],"twitter_card":"summary_large_image","twitter_misc":{"Dur\u00e9e de lecture estim\u00e9e":"2 minutes"},"schema":{"@context":"https:\/\/schema.org","@graph":[{"@type":"WebPage","@id":"https:\/\/ekco-ci.com\/ecommerce\/produit\/chicco-siege-de-table-pour-bebe-mini-kit-de-soin-offert-shampoing-dentifrice\/","url":"https:\/\/ekco-ci.com\/ecommerce\/produit\/chicco-siege-de-table-pour-bebe-mini-kit-de-soin-offert-shampoing-dentifrice\/","name":"Chicco Si\u00e8ge De Table Pour B\u00e9b\u00e9 + Mini Kit de soin offert (Shampoing + Dentifrice ) - Ekco Boutique","isPartOf":{"@id":"https:\/\/ekco-ci.com\/ecommerce\/#website"},"primaryImageOfPage":{"@id":"https:\/\/ekco-ci.com\/ecommerce\/produit\/chicco-siege-de-table-pour-bebe-mini-kit-de-soin-offert-shampoing-dentifrice\/#primaryimage"},"image":{"@id":"https:\/\/ekco-ci.com\/ecommerce\/produit\/chicco-siege-de-table-pour-bebe-mini-kit-de-soin-offert-shampoing-dentifrice\/#primaryimage"},"thumbnailUrl":"https:\/\/ekco-ci.com\/ecommerce\/wp-content\/uploads\/2024\/10\/1-24-5.jpg","datePublished":"2024-10-12T10:56:26+00:00","dateModified":"2024-12-12T09:17:52+00:00","breadcrumb":{"@id":"https:\/\/ekco-ci.com\/ecommerce\/produit\/chicco-siege-de-table-pour-bebe-mini-kit-de-soin-offert-shampoing-dentifrice\/#breadcrumb"},"inLanguage":"fr-FR","potentialAction":[{"@type":"ReadAction","target":["https:\/\/ekco-ci.com\/ecommerce\/produit\/chicco-siege-de-table-pour-bebe-mini-kit-de-soin-offert-shampoing-dentifrice\/"]}]},{"@type":"ImageObject","inLanguage":"fr-FR","@id":"https:\/\/ekco-ci.com\/ecommerce\/produit\/chicco-siege-de-table-pour-bebe-mini-kit-de-soin-offert-shampoing-dentifrice\/#primaryimage","url":"https:\/\/ekco-ci.com\/ecommerce\/wp-content\/uploads\/2024\/10\/1-24-5.jpg","contentUrl":"https:\/\/ekco-ci.com\/ecommerce\/wp-content\/uploads\/2024\/10\/1-24-5.jpg","width":500,"height":500},{"@type":"BreadcrumbList","@id":"https:\/\/ekco-ci.com\/ecommerce\/produit\/chicco-siege-de-table-pour-bebe-mini-kit-de-soin-offert-shampoing-dentifrice\/#breadcrumb","itemListElement":[{"@type":"ListItem","position":1,"name":"Home","item":"https:\/\/ekco-ci.com\/ecommerce\/"},{"@type":"ListItem","position":2,"name":"Boutique","item":"https:\/\/ekco-ci.com\/ecommerce\/boutique\/"},{"@type":"ListItem","position":3,"name":"Chicco Si\u00e8ge De Table Pour B\u00e9b\u00e9 + Mini Kit de soin offert (Shampoing + Dentifrice )"}]},{"@type":"WebSite","@id":"https:\/\/ekco-ci.com\/ecommerce\/#website","url":"https:\/\/ekco-ci.com\/ecommerce\/","name":"Ekco Boutique","description":"Ekco Boutique! La qualit\u00e9 au c\u0153ur de chaque achat","publisher":{"@id":"https:\/\/ekco-ci.com\/ecommerce\/#organization"},"alternateName":"Boutique","potentialAction":[{"@type":"SearchAction","target":{"@type":"EntryPoint","urlTemplate":"https:\/\/ekco-ci.com\/ecommerce\/?s={search_term_string}"},"query-input":{"@type":"PropertyValueSpecification","valueRequired":true,"valueName":"search_term_string"}}],"inLanguage":"fr-FR"},{"@type":"Organization","@id":"https:\/\/ekco-ci.com\/ecommerce\/#organization","name":"Ekco Boutique","url":"https:\/\/ekco-ci.com\/ecommerce\/","logo":{"@type":"ImageObject","inLanguage":"fr-FR","@id":"https:\/\/ekco-ci.com\/ecommerce\/#\/schema\/logo\/image\/","url":"https:\/\/ekco-ci.com\/ecommerce\/wp-content\/uploads\/2024\/08\/cropped-lologo.png","contentUrl":"https:\/\/ekco-ci.com\/ecommerce\/wp-content\/uploads\/2024\/08\/cropped-lologo.png","width":512,"height":512,"caption":"Ekco Boutique"},"image":{"@id":"https:\/\/ekco-ci.com\/ecommerce\/#\/schema\/logo\/image\/"}}]}},"uagb_featured_image_src":{"full":["https:\/\/ekco-ci.com\/ecommerce\/wp-content\/uploads\/2024\/10\/1-24-5.jpg",500,500,false],"thumbnail":["https:\/\/ekco-ci.com\/ecommerce\/wp-content\/uploads\/2024\/10\/1-24-5-150x150.jpg",150,150,true],"medium":["https:\/\/ekco-ci.com\/ecommerce\/wp-content\/uploads\/2024\/10\/1-24-5-300x300.jpg",300,300,true],"medium_large":["https:\/\/ekco-ci.com\/ecommerce\/wp-content\/uploads\/2024\/10\/1-24-5.jpg",500,500,false],"large":["https:\/\/ekco-ci.com\/ecommerce\/wp-content\/uploads\/2024\/10\/1-24-5.jpg",500,500,false],"1536x1536":["https:\/\/ekco-ci.com\/ecommerce\/wp-content\/uploads\/2024\/10\/1-24-5.jpg",500,500,false],"2048x2048":["https:\/\/ekco-ci.com\/ecommerce\/wp-content\/uploads\/2024\/10\/1-24-5.jpg",500,500,false],"cfw_cart_thumb":["https:\/\/ekco-ci.com\/ecommerce\/wp-content\/uploads\/2024\/10\/1-24-5-60x60.jpg",60,60,true],"cfw_order_bump_thumb":["https:\/\/ekco-ci.com\/ecommerce\/wp-content\/uploads\/2024\/10\/1-24-5.jpg",320,320,false],"woocommerce_thumbnail":["https:\/\/ekco-ci.com\/ecommerce\/wp-content\/uploads\/2024\/10\/1-24-5-300x225.jpg",300,225,true],"woocommerce_single":["https:\/\/ekco-ci.com\/ecommerce\/wp-content\/uploads\/2024\/10\/1-24-5.jpg",500,500,false],"woocommerce_gallery_thumbnail":["https:\/\/ekco-ci.com\/ecommerce\/wp-content\/uploads\/2024\/10\/1-24-5-100x100.jpg",100,100,true]},"uagb_author_info":{"display_name":"Christabelle Moulo","author_link":"https:\/\/ekco-ci.com\/ecommerce\/author\/"},"uagb_comment_info":0,"uagb_excerpt":"CHICCO Si\u00e8ge De Table Pour B\u00e9b\u00e9 Le rehausseur original, fabriqu\u00e9 en Italie INFORMATIONS D&#8217;UTILISATION de 6 mois \u00e0 15 kg [&hellip;]","_links":{"self":[{"href":"https:\/\/ekco-ci.com\/ecommerce\/wp-json\/wp\/v2\/product\/6803","targetHints":{"allow":["GET"]}}],"collection":[{"href":"https:\/\/ekco-ci.com\/ecommerce\/wp-json\/wp\/v2\/product"}],"about":[{"href":"https:\/\/ekco-ci.com\/ecommerce\/wp-json\/wp\/v2\/types\/product"}],"replies":[{"embeddable":true,"href":"https:\/\/ekco-ci.com\/ecommerce\/wp-json\/wp\/v2\/comments?post=6803"}],"wp:featuredmedia":[{"embeddable":true,"href":"https:\/\/ekco-ci.com\/ecommerce\/wp-json\/wp\/v2\/media\/6804"}],"wp:attachment":[{"href":"https:\/\/ekco-ci.com\/ecommerce\/wp-json\/wp\/v2\/media?parent=6803"}],"wp:term":[{"taxonomy":"product_brand","embeddable":true,"href":"https:\/\/ekco-ci.com\/ecommerce\/wp-json\/wp\/v2\/product_brand?post=6803"},{"taxonomy":"product_cat","embeddable":true,"href":"https:\/\/ekco-ci.com\/ecommerce\/wp-json\/wp\/v2\/product_cat?post=6803"},{"taxonomy":"product_tag","embeddable":true,"href":"https:\/\/ekco-ci.com\/ecommerce\/wp-json\/wp\/v2\/product_tag?post=6803"}],"curies":[{"name":"wp","href":"https:\/\/api.w.org\/{rel}","templated":true}]}}