{"id":635,"date":"2024-08-09T14:42:29","date_gmt":"2024-08-09T14:42:29","guid":{"rendered":"https:\/\/ekco-ci.com\/ecommerce\/?post_type=product&#038;p=635"},"modified":"2024-12-12T09:12:31","modified_gmt":"2024-12-12T09:12:31","slug":"smart-technology-batteur-electrique-avec-bol-stpe-312-200-w-blanc-inox-3-mois-garantie","status":"publish","type":"product","link":"https:\/\/ekco-ci.com\/ecommerce\/produit\/smart-technology-batteur-electrique-avec-bol-stpe-312-200-w-blanc-inox-3-mois-garantie\/","title":{"rendered":"SMART TECHNOLOGY Batteur Electrique Avec Bol-STPE-312 &#8211; 200 W &#8211; Blanc\/Inox &#8211; 3 Mois Garantie"},"content":{"rendered":"<h3 style=\"font-weight: 400\">Le batteur multifonctions par excellence !<\/h3>\n<p style=\"font-weight: 400\">Dot\u00e9 d&#8217;une Technologie de premi\u00e8re monte, le batteur Smart offre une tr\u00e8s bonne performance. Il dispose en effet de fouets inox pour battre, m\u00e9langer, malaxer et mixer. Son fouet d\u00e9montable est compatible lave-vaisselle offre un entretien facile.<\/p>\n<h2 style=\"font-weight: 400\">Recette EKCO<\/h2>\n<h3 style=\"font-weight: 400\">Ingr\u00e9dients:<\/h3>\n<ul style=\"font-weight: 400\">\n<li>8 \u0153ufs<\/li>\n<li>250g de sucre<\/li>\n<li>250g farine<\/li>\n<li>50g de beurre fondu<\/li>\n<\/ul>\n<h3 style=\"font-weight: 400\">Pr\u00e9paration :<\/h3>\n<ul style=\"font-weight: 400\">\n<li>Faite fondre votre beurre et laisser le refroidir.<\/li>\n<li>S\u00e9parer les blancs des jaunes d\u2019\u0153ufs.<\/li>\n<li>Monter les blancs en neige et les serrer avec le sucre<\/li>\n<li>Ralentir votre batteur \u00e0 vitesse moyenne et incorporer les jaunes d\u2019\u0153ufs<\/li>\n<li>Ensuite la farine et terminer par le beurre refroidi.<\/li>\n<li>Verser dans un moule beurr\u00e9 et farin\u00e9.<\/li>\n<li>Cuire tout de suite 25 \u00e0 30 min dans un four pr\u00e9chauff\u00e9 \u00e0 170\u00b0c.<\/li>\n<li>d\u00e9corer la g\u00e9noise avec des fraises<\/li>\n<\/ul>\n","protected":false},"excerpt":{"rendered":"<p>Le batteur multifonctions par excellence ! Dot\u00e9 d&#8217;une Technologie de premi\u00e8re monte, le batteur Smart offre une tr\u00e8s bonne performance. [&hellip;]<\/p>\n","protected":false},"featured_media":646,"comment_status":"open","ping_status":"closed","template":"","meta":{"_uag_custom_page_level_css":"","site-sidebar-layout":"default","site-content-layout":"","ast-site-content-layout":"default","site-content-style":"default","site-sidebar-style":"default","ast-global-header-display":"","ast-banner-title-visibility":"","ast-main-header-display":"","ast-hfb-above-header-display":"","ast-hfb-below-header-display":"","ast-hfb-mobile-header-display":"","site-post-title":"","ast-breadcrumbs-content":"","ast-featured-img":"","footer-sml-layout":"","ast-disable-related-posts":"","theme-transparent-header-meta":"default","adv-header-id-meta":"","stick-header-meta":"","header-above-stick-meta":"","header-main-stick-meta":"","header-below-stick-meta":"","astra-migrate-meta-layouts":"set","ast-page-background-enabled":"default","ast-page-background-meta":{"desktop":{"background-color":"var(--ast-global-color-4)","background-image":"","background-repeat":"repeat","background-position":"center center","background-size":"auto","background-attachment":"scroll","background-type":"","background-media":"","overlay-type":"","overlay-color":"","overlay-opacity":"","overlay-gradient":""},"tablet":{"background-color":"","background-image":"","background-repeat":"repeat","background-position":"center center","background-size":"auto","background-attachment":"scroll","background-type":"","background-media":"","overlay-type":"","overlay-color":"","overlay-opacity":"","overlay-gradient":""},"mobile":{"background-color":"","background-image":"","background-repeat":"repeat","background-position":"center center","background-size":"auto","background-attachment":"scroll","background-type":"","background-media":"","overlay-type":"","overlay-color":"","overlay-opacity":"","overlay-gradient":""}},"ast-content-background-meta":{"desktop":{"background-color":"var(--ast-global-color-5)","background-image":"","background-repeat":"repeat","background-position":"center center","background-size":"auto","background-attachment":"scroll","background-type":"","background-media":"","overlay-type":"","overlay-color":"","overlay-opacity":"","overlay-gradient":""},"tablet":{"background-color":"var(--ast-global-color-5)","background-image":"","background-repeat":"repeat","background-position":"center center","background-size":"auto","background-attachment":"scroll","background-type":"","background-media":"","overlay-type":"","overlay-color":"","overlay-opacity":"","overlay-gradient":""},"mobile":{"background-color":"var(--ast-global-color-5)","background-image":"","background-repeat":"repeat","background-position":"center center","background-size":"auto","background-attachment":"scroll","background-type":"","background-media":"","overlay-type":"","overlay-color":"","overlay-opacity":"","overlay-gradient":""}}},"product_brand":[],"product_cat":[24],"product_tag":[],"class_list":{"0":"post-635","1":"product","2":"type-product","3":"status-publish","4":"has-post-thumbnail","6":"product_cat-cuisine-art-de-la-table","7":"desktop-align-left","8":"tablet-align-left","9":"mobile-align-left","11":"first","12":"instock","13":"shipping-taxable","14":"purchasable","15":"product-type-simple"},"yoast_head":"<!-- This site is optimized with the Yoast SEO plugin v26.8 - https:\/\/yoast.com\/product\/yoast-seo-wordpress\/ -->\n<title>SMART TECHNOLOGY Batteur Electrique Avec Bol-STPE-312 - 200 W - Blanc\/Inox - 3 Mois Garantie - Ekco Boutique<\/title>\n<meta name=\"robots\" content=\"index, follow, max-snippet:-1, max-image-preview:large, max-video-preview:-1\" \/>\n<link rel=\"canonical\" href=\"https:\/\/ekco-ci.com\/ecommerce\/produit\/smart-technology-batteur-electrique-avec-bol-stpe-312-200-w-blanc-inox-3-mois-garantie\/\" \/>\n<meta property=\"og:locale\" content=\"fr_FR\" \/>\n<meta property=\"og:type\" content=\"article\" \/>\n<meta property=\"og:title\" content=\"SMART TECHNOLOGY Batteur Electrique Avec Bol-STPE-312 - 200 W - Blanc\/Inox - 3 Mois Garantie - Ekco Boutique\" \/>\n<meta property=\"og:description\" content=\"Le batteur multifonctions par excellence ! Dot\u00e9 d&#8217;une Technologie de premi\u00e8re monte, le batteur Smart offre une tr\u00e8s bonne performance. [&hellip;]\" \/>\n<meta property=\"og:url\" content=\"https:\/\/ekco-ci.com\/ecommerce\/produit\/smart-technology-batteur-electrique-avec-bol-stpe-312-200-w-blanc-inox-3-mois-garantie\/\" \/>\n<meta property=\"og:site_name\" content=\"Ekco Boutique\" \/>\n<meta property=\"article:modified_time\" content=\"2024-12-12T09:12:31+00:00\" \/>\n<meta property=\"og:image\" content=\"https:\/\/ekco-ci.com\/ecommerce\/wp-content\/uploads\/2024\/08\/1-12-1.jpg\" \/>\n\t<meta property=\"og:image:width\" content=\"680\" \/>\n\t<meta property=\"og:image:height\" content=\"680\" \/>\n\t<meta property=\"og:image:type\" content=\"image\/jpeg\" \/>\n<meta name=\"twitter:card\" content=\"summary_large_image\" \/>\n<meta name=\"twitter:label1\" content=\"Dur\u00e9e de lecture estim\u00e9e\" \/>\n\t<meta name=\"twitter:data1\" content=\"1 minute\" \/>\n<script type=\"application\/ld+json\" class=\"yoast-schema-graph\">{\"@context\":\"https:\/\/schema.org\",\"@graph\":[{\"@type\":\"WebPage\",\"@id\":\"https:\/\/ekco-ci.com\/ecommerce\/produit\/smart-technology-batteur-electrique-avec-bol-stpe-312-200-w-blanc-inox-3-mois-garantie\/\",\"url\":\"https:\/\/ekco-ci.com\/ecommerce\/produit\/smart-technology-batteur-electrique-avec-bol-stpe-312-200-w-blanc-inox-3-mois-garantie\/\",\"name\":\"SMART TECHNOLOGY Batteur Electrique Avec Bol-STPE-312 - 200 W - Blanc\/Inox - 3 Mois Garantie - Ekco Boutique\",\"isPartOf\":{\"@id\":\"https:\/\/ekco-ci.com\/ecommerce\/#website\"},\"primaryImageOfPage\":{\"@id\":\"https:\/\/ekco-ci.com\/ecommerce\/produit\/smart-technology-batteur-electrique-avec-bol-stpe-312-200-w-blanc-inox-3-mois-garantie\/#primaryimage\"},\"image\":{\"@id\":\"https:\/\/ekco-ci.com\/ecommerce\/produit\/smart-technology-batteur-electrique-avec-bol-stpe-312-200-w-blanc-inox-3-mois-garantie\/#primaryimage\"},\"thumbnailUrl\":\"https:\/\/ekco-ci.com\/ecommerce\/wp-content\/uploads\/2024\/08\/1-12-1.jpg\",\"datePublished\":\"2024-08-09T14:42:29+00:00\",\"dateModified\":\"2024-12-12T09:12:31+00:00\",\"breadcrumb\":{\"@id\":\"https:\/\/ekco-ci.com\/ecommerce\/produit\/smart-technology-batteur-electrique-avec-bol-stpe-312-200-w-blanc-inox-3-mois-garantie\/#breadcrumb\"},\"inLanguage\":\"fr-FR\",\"potentialAction\":[{\"@type\":\"ReadAction\",\"target\":[\"https:\/\/ekco-ci.com\/ecommerce\/produit\/smart-technology-batteur-electrique-avec-bol-stpe-312-200-w-blanc-inox-3-mois-garantie\/\"]}]},{\"@type\":\"ImageObject\",\"inLanguage\":\"fr-FR\",\"@id\":\"https:\/\/ekco-ci.com\/ecommerce\/produit\/smart-technology-batteur-electrique-avec-bol-stpe-312-200-w-blanc-inox-3-mois-garantie\/#primaryimage\",\"url\":\"https:\/\/ekco-ci.com\/ecommerce\/wp-content\/uploads\/2024\/08\/1-12-1.jpg\",\"contentUrl\":\"https:\/\/ekco-ci.com\/ecommerce\/wp-content\/uploads\/2024\/08\/1-12-1.jpg\",\"width\":680,\"height\":680},{\"@type\":\"BreadcrumbList\",\"@id\":\"https:\/\/ekco-ci.com\/ecommerce\/produit\/smart-technology-batteur-electrique-avec-bol-stpe-312-200-w-blanc-inox-3-mois-garantie\/#breadcrumb\",\"itemListElement\":[{\"@type\":\"ListItem\",\"position\":1,\"name\":\"Home\",\"item\":\"https:\/\/ekco-ci.com\/ecommerce\/\"},{\"@type\":\"ListItem\",\"position\":2,\"name\":\"Boutique\",\"item\":\"https:\/\/ekco-ci.com\/ecommerce\/boutique\/\"},{\"@type\":\"ListItem\",\"position\":3,\"name\":\"SMART TECHNOLOGY Batteur Electrique Avec Bol-STPE-312 &#8211; 200 W &#8211; Blanc\/Inox &#8211; 3 Mois Garantie\"}]},{\"@type\":\"WebSite\",\"@id\":\"https:\/\/ekco-ci.com\/ecommerce\/#website\",\"url\":\"https:\/\/ekco-ci.com\/ecommerce\/\",\"name\":\"Ekco Boutique\",\"description\":\"Ekco Boutique! La qualit\u00e9 au c\u0153ur de chaque achat\",\"publisher\":{\"@id\":\"https:\/\/ekco-ci.com\/ecommerce\/#organization\"},\"alternateName\":\"Boutique\",\"potentialAction\":[{\"@type\":\"SearchAction\",\"target\":{\"@type\":\"EntryPoint\",\"urlTemplate\":\"https:\/\/ekco-ci.com\/ecommerce\/?s={search_term_string}\"},\"query-input\":{\"@type\":\"PropertyValueSpecification\",\"valueRequired\":true,\"valueName\":\"search_term_string\"}}],\"inLanguage\":\"fr-FR\"},{\"@type\":\"Organization\",\"@id\":\"https:\/\/ekco-ci.com\/ecommerce\/#organization\",\"name\":\"Ekco Boutique\",\"url\":\"https:\/\/ekco-ci.com\/ecommerce\/\",\"logo\":{\"@type\":\"ImageObject\",\"inLanguage\":\"fr-FR\",\"@id\":\"https:\/\/ekco-ci.com\/ecommerce\/#\/schema\/logo\/image\/\",\"url\":\"https:\/\/ekco-ci.com\/ecommerce\/wp-content\/uploads\/2024\/08\/cropped-lologo.png\",\"contentUrl\":\"https:\/\/ekco-ci.com\/ecommerce\/wp-content\/uploads\/2024\/08\/cropped-lologo.png\",\"width\":512,\"height\":512,\"caption\":\"Ekco Boutique\"},\"image\":{\"@id\":\"https:\/\/ekco-ci.com\/ecommerce\/#\/schema\/logo\/image\/\"}}]}<\/script>\n<!-- \/ Yoast SEO plugin. -->","yoast_head_json":{"title":"SMART TECHNOLOGY Batteur Electrique Avec Bol-STPE-312 - 200 W - Blanc\/Inox - 3 Mois Garantie - Ekco Boutique","robots":{"index":"index","follow":"follow","max-snippet":"max-snippet:-1","max-image-preview":"max-image-preview:large","max-video-preview":"max-video-preview:-1"},"canonical":"https:\/\/ekco-ci.com\/ecommerce\/produit\/smart-technology-batteur-electrique-avec-bol-stpe-312-200-w-blanc-inox-3-mois-garantie\/","og_locale":"fr_FR","og_type":"article","og_title":"SMART TECHNOLOGY Batteur Electrique Avec Bol-STPE-312 - 200 W - Blanc\/Inox - 3 Mois Garantie - Ekco Boutique","og_description":"Le batteur multifonctions par excellence ! Dot\u00e9 d&#8217;une Technologie de premi\u00e8re monte, le batteur Smart offre une tr\u00e8s bonne performance. [&hellip;]","og_url":"https:\/\/ekco-ci.com\/ecommerce\/produit\/smart-technology-batteur-electrique-avec-bol-stpe-312-200-w-blanc-inox-3-mois-garantie\/","og_site_name":"Ekco Boutique","article_modified_time":"2024-12-12T09:12:31+00:00","og_image":[{"width":680,"height":680,"url":"https:\/\/ekco-ci.com\/ecommerce\/wp-content\/uploads\/2024\/08\/1-12-1.jpg","type":"image\/jpeg"}],"twitter_card":"summary_large_image","twitter_misc":{"Dur\u00e9e de lecture estim\u00e9e":"1 minute"},"schema":{"@context":"https:\/\/schema.org","@graph":[{"@type":"WebPage","@id":"https:\/\/ekco-ci.com\/ecommerce\/produit\/smart-technology-batteur-electrique-avec-bol-stpe-312-200-w-blanc-inox-3-mois-garantie\/","url":"https:\/\/ekco-ci.com\/ecommerce\/produit\/smart-technology-batteur-electrique-avec-bol-stpe-312-200-w-blanc-inox-3-mois-garantie\/","name":"SMART TECHNOLOGY Batteur Electrique Avec Bol-STPE-312 - 200 W - Blanc\/Inox - 3 Mois Garantie - Ekco Boutique","isPartOf":{"@id":"https:\/\/ekco-ci.com\/ecommerce\/#website"},"primaryImageOfPage":{"@id":"https:\/\/ekco-ci.com\/ecommerce\/produit\/smart-technology-batteur-electrique-avec-bol-stpe-312-200-w-blanc-inox-3-mois-garantie\/#primaryimage"},"image":{"@id":"https:\/\/ekco-ci.com\/ecommerce\/produit\/smart-technology-batteur-electrique-avec-bol-stpe-312-200-w-blanc-inox-3-mois-garantie\/#primaryimage"},"thumbnailUrl":"https:\/\/ekco-ci.com\/ecommerce\/wp-content\/uploads\/2024\/08\/1-12-1.jpg","datePublished":"2024-08-09T14:42:29+00:00","dateModified":"2024-12-12T09:12:31+00:00","breadcrumb":{"@id":"https:\/\/ekco-ci.com\/ecommerce\/produit\/smart-technology-batteur-electrique-avec-bol-stpe-312-200-w-blanc-inox-3-mois-garantie\/#breadcrumb"},"inLanguage":"fr-FR","potentialAction":[{"@type":"ReadAction","target":["https:\/\/ekco-ci.com\/ecommerce\/produit\/smart-technology-batteur-electrique-avec-bol-stpe-312-200-w-blanc-inox-3-mois-garantie\/"]}]},{"@type":"ImageObject","inLanguage":"fr-FR","@id":"https:\/\/ekco-ci.com\/ecommerce\/produit\/smart-technology-batteur-electrique-avec-bol-stpe-312-200-w-blanc-inox-3-mois-garantie\/#primaryimage","url":"https:\/\/ekco-ci.com\/ecommerce\/wp-content\/uploads\/2024\/08\/1-12-1.jpg","contentUrl":"https:\/\/ekco-ci.com\/ecommerce\/wp-content\/uploads\/2024\/08\/1-12-1.jpg","width":680,"height":680},{"@type":"BreadcrumbList","@id":"https:\/\/ekco-ci.com\/ecommerce\/produit\/smart-technology-batteur-electrique-avec-bol-stpe-312-200-w-blanc-inox-3-mois-garantie\/#breadcrumb","itemListElement":[{"@type":"ListItem","position":1,"name":"Home","item":"https:\/\/ekco-ci.com\/ecommerce\/"},{"@type":"ListItem","position":2,"name":"Boutique","item":"https:\/\/ekco-ci.com\/ecommerce\/boutique\/"},{"@type":"ListItem","position":3,"name":"SMART TECHNOLOGY Batteur Electrique Avec Bol-STPE-312 &#8211; 200 W &#8211; Blanc\/Inox &#8211; 3 Mois Garantie"}]},{"@type":"WebSite","@id":"https:\/\/ekco-ci.com\/ecommerce\/#website","url":"https:\/\/ekco-ci.com\/ecommerce\/","name":"Ekco Boutique","description":"Ekco Boutique! La qualit\u00e9 au c\u0153ur de chaque achat","publisher":{"@id":"https:\/\/ekco-ci.com\/ecommerce\/#organization"},"alternateName":"Boutique","potentialAction":[{"@type":"SearchAction","target":{"@type":"EntryPoint","urlTemplate":"https:\/\/ekco-ci.com\/ecommerce\/?s={search_term_string}"},"query-input":{"@type":"PropertyValueSpecification","valueRequired":true,"valueName":"search_term_string"}}],"inLanguage":"fr-FR"},{"@type":"Organization","@id":"https:\/\/ekco-ci.com\/ecommerce\/#organization","name":"Ekco Boutique","url":"https:\/\/ekco-ci.com\/ecommerce\/","logo":{"@type":"ImageObject","inLanguage":"fr-FR","@id":"https:\/\/ekco-ci.com\/ecommerce\/#\/schema\/logo\/image\/","url":"https:\/\/ekco-ci.com\/ecommerce\/wp-content\/uploads\/2024\/08\/cropped-lologo.png","contentUrl":"https:\/\/ekco-ci.com\/ecommerce\/wp-content\/uploads\/2024\/08\/cropped-lologo.png","width":512,"height":512,"caption":"Ekco Boutique"},"image":{"@id":"https:\/\/ekco-ci.com\/ecommerce\/#\/schema\/logo\/image\/"}}]}},"uagb_featured_image_src":{"full":["https:\/\/ekco-ci.com\/ecommerce\/wp-content\/uploads\/2024\/08\/1-12-1.jpg",680,680,false],"thumbnail":["https:\/\/ekco-ci.com\/ecommerce\/wp-content\/uploads\/2024\/08\/1-12-1-150x150.jpg",150,150,true],"medium":["https:\/\/ekco-ci.com\/ecommerce\/wp-content\/uploads\/2024\/08\/1-12-1-300x300.jpg",300,300,true],"medium_large":["https:\/\/ekco-ci.com\/ecommerce\/wp-content\/uploads\/2024\/08\/1-12-1.jpg",680,680,false],"large":["https:\/\/ekco-ci.com\/ecommerce\/wp-content\/uploads\/2024\/08\/1-12-1.jpg",680,680,false],"1536x1536":["https:\/\/ekco-ci.com\/ecommerce\/wp-content\/uploads\/2024\/08\/1-12-1.jpg",680,680,false],"2048x2048":["https:\/\/ekco-ci.com\/ecommerce\/wp-content\/uploads\/2024\/08\/1-12-1.jpg",680,680,false],"cfw_cart_thumb":["https:\/\/ekco-ci.com\/ecommerce\/wp-content\/uploads\/2024\/08\/1-12-1.jpg",60,60,false],"cfw_order_bump_thumb":["https:\/\/ekco-ci.com\/ecommerce\/wp-content\/uploads\/2024\/08\/1-12-1.jpg",320,320,false],"woocommerce_thumbnail":["https:\/\/ekco-ci.com\/ecommerce\/wp-content\/uploads\/2024\/08\/1-12-1-300x225.jpg",300,225,true],"woocommerce_single":["https:\/\/ekco-ci.com\/ecommerce\/wp-content\/uploads\/2024\/08\/1-12-1-600x600.jpg",600,600,true],"woocommerce_gallery_thumbnail":["https:\/\/ekco-ci.com\/ecommerce\/wp-content\/uploads\/2024\/08\/1-12-1-100x100.jpg",100,100,true]},"uagb_author_info":{"display_name":"Joseph Kouam\u00e9","author_link":"https:\/\/ekco-ci.com\/ecommerce\/author\/"},"uagb_comment_info":0,"uagb_excerpt":"Le batteur multifonctions par excellence ! Dot\u00e9 d&#8217;une Technologie de premi\u00e8re monte, le batteur Smart offre une tr\u00e8s bonne performance. [&hellip;]","_links":{"self":[{"href":"https:\/\/ekco-ci.com\/ecommerce\/wp-json\/wp\/v2\/product\/635","targetHints":{"allow":["GET"]}}],"collection":[{"href":"https:\/\/ekco-ci.com\/ecommerce\/wp-json\/wp\/v2\/product"}],"about":[{"href":"https:\/\/ekco-ci.com\/ecommerce\/wp-json\/wp\/v2\/types\/product"}],"replies":[{"embeddable":true,"href":"https:\/\/ekco-ci.com\/ecommerce\/wp-json\/wp\/v2\/comments?post=635"}],"wp:featuredmedia":[{"embeddable":true,"href":"https:\/\/ekco-ci.com\/ecommerce\/wp-json\/wp\/v2\/media\/646"}],"wp:attachment":[{"href":"https:\/\/ekco-ci.com\/ecommerce\/wp-json\/wp\/v2\/media?parent=635"}],"wp:term":[{"taxonomy":"product_brand","embeddable":true,"href":"https:\/\/ekco-ci.com\/ecommerce\/wp-json\/wp\/v2\/product_brand?post=635"},{"taxonomy":"product_cat","embeddable":true,"href":"https:\/\/ekco-ci.com\/ecommerce\/wp-json\/wp\/v2\/product_cat?post=635"},{"taxonomy":"product_tag","embeddable":true,"href":"https:\/\/ekco-ci.com\/ecommerce\/wp-json\/wp\/v2\/product_tag?post=635"}],"curies":[{"name":"wp","href":"https:\/\/api.w.org\/{rel}","templated":true}]}}