{"id":5273,"date":"2024-09-21T09:08:41","date_gmt":"2024-09-21T09:08:41","guid":{"rendered":"https:\/\/ekco-ci.com\/ecommerce\/?post_type=product&#038;p=5273"},"modified":"2024-12-12T09:16:28","modified_gmt":"2024-12-12T09:16:28","slug":"midea-micro-onde-700w-230v-5-power-levels-20l-mm720cfb-s-gris-garantie-12-mois-2","status":"publish","type":"product","link":"https:\/\/ekco-ci.com\/ecommerce\/produit\/midea-micro-onde-700w-230v-5-power-levels-20l-mm720cfb-s-gris-garantie-12-mois-2\/","title":{"rendered":"Midea Micro-Onde -700W-230V- 5 Power Levels- 20L &#8211; MM720CFB-S &#8211; Gris &#8211; Garantie 12 Mois"},"content":{"rendered":"<p style=\"text-align: center\"><strong>DES FONCTIONNALIT\u00c9S UTILES AU QUOTIDIEN<\/strong><\/p>\n<p>Le micro-ondes poss\u00e8de une capacit\u00e9 de 20L.<\/p>\n<p>Ce volume vous permet de r\u00e9chauffer des plats d&#8217;une taille raisonnable en toute tranquillit\u00e9.<\/p>\n<p>\u00c9quip\u00e9 de la fonction maintien au chaud, ce micro-ondes est utile lorsqu&#8217;il s&#8217;agit de maintenir un plat \u00e0 temp\u00e9rature de d\u00e9gustation en attendant vos convives. En activant la fonction arr\u00eat du plateau tournant, vous profitez pleinement du volume int\u00e9rieur et pouvez positionner vos plats rectangulaires avec aisance.<br \/>\n<a href=\"http:\/\/zupimages.net\/viewer.php?id=19\/16\/qsvn.jpg\"><img decoding=\"async\" src=\"image\/gif;base64,R0lGODlhAQABAIAAAAAAAP\/yH5BAEAAAAALAAAAAABAAEAAAIBRAA7\" alt=\"\" data-src=\"https:\/\/zupimages.net\/up\/19\/16\/qsvn.jpg\" data-lazy-error=\"true\" \/><\/a><\/p>\n<p><strong>UN MICRO-ONDES DESIGN POUR VOTRE CUISINE<\/strong><\/p>\n<p>Ce micro-ondes poss\u00e8de un design offrant une allure moderne.<\/p>\n<p>Vous allez adorer ses finitions miroir, son \u00e9cran et ses boutons en fa\u00e7ade aussi pratiques qu&#8217;esth\u00e9tiques.<\/p>\n<p>Ses commandes \u00e9lectroniques sont d&#8217;ailleurs plus pr\u00e9cises et faciles \u00e0 manier.<\/p>\n<p>Il saura s&#8217;int\u00e9grer dans votre cuisine pour lui apporter un style contemporain.<\/p>\n<h4><a href=\"http:\/\/zupimages.net\/viewer.php?id=19\/16\/gmnv.jpg\"><img fetchpriority=\"high\" decoding=\"async\" src=\"https:\/\/zupimages.net\/up\/19\/16\/gmnv.jpg\" alt=\"\" width=\"633\" height=\"391\" data-src=\"https:\/\/zupimages.net\/up\/19\/16\/gmnv.jpg\" \/><\/a><\/h4>\n","protected":false},"excerpt":{"rendered":"<p>DES FONCTIONNALIT\u00c9S UTILES AU QUOTIDIEN Le micro-ondes poss\u00e8de une capacit\u00e9 de 20L. Ce volume vous permet de r\u00e9chauffer des plats [&hellip;]<\/p>\n","protected":false},"featured_media":5275,"comment_status":"open","ping_status":"closed","template":"","meta":{"_uag_custom_page_level_css":"","site-sidebar-layout":"default","site-content-layout":"","ast-site-content-layout":"default","site-content-style":"default","site-sidebar-style":"default","ast-global-header-display":"","ast-banner-title-visibility":"","ast-main-header-display":"","ast-hfb-above-header-display":"","ast-hfb-below-header-display":"","ast-hfb-mobile-header-display":"","site-post-title":"","ast-breadcrumbs-content":"","ast-featured-img":"","footer-sml-layout":"","ast-disable-related-posts":"","theme-transparent-header-meta":"default","adv-header-id-meta":"","stick-header-meta":"","header-above-stick-meta":"","header-main-stick-meta":"","header-below-stick-meta":"","astra-migrate-meta-layouts":"set","ast-page-background-enabled":"default","ast-page-background-meta":{"desktop":{"background-color":"var(--ast-global-color-4)","background-image":"","background-repeat":"repeat","background-position":"center center","background-size":"auto","background-attachment":"scroll","background-type":"","background-media":"","overlay-type":"","overlay-color":"","overlay-opacity":"","overlay-gradient":""},"tablet":{"background-color":"","background-image":"","background-repeat":"repeat","background-position":"center center","background-size":"auto","background-attachment":"scroll","background-type":"","background-media":"","overlay-type":"","overlay-color":"","overlay-opacity":"","overlay-gradient":""},"mobile":{"background-color":"","background-image":"","background-repeat":"repeat","background-position":"center center","background-size":"auto","background-attachment":"scroll","background-type":"","background-media":"","overlay-type":"","overlay-color":"","overlay-opacity":"","overlay-gradient":""}},"ast-content-background-meta":{"desktop":{"background-color":"var(--ast-global-color-5)","background-image":"","background-repeat":"repeat","background-position":"center center","background-size":"auto","background-attachment":"scroll","background-type":"","background-media":"","overlay-type":"","overlay-color":"","overlay-opacity":"","overlay-gradient":""},"tablet":{"background-color":"var(--ast-global-color-5)","background-image":"","background-repeat":"repeat","background-position":"center center","background-size":"auto","background-attachment":"scroll","background-type":"","background-media":"","overlay-type":"","overlay-color":"","overlay-opacity":"","overlay-gradient":""},"mobile":{"background-color":"var(--ast-global-color-5)","background-image":"","background-repeat":"repeat","background-position":"center center","background-size":"auto","background-attachment":"scroll","background-type":"","background-media":"","overlay-type":"","overlay-color":"","overlay-opacity":"","overlay-gradient":""}}},"product_brand":[],"product_cat":[621,620,619,622,23],"product_tag":[],"class_list":{"0":"post-5273","1":"product","2":"type-product","3":"status-publish","4":"has-post-thumbnail","6":"product_cat-appareils-de-preparation-culinaire-fait-maison-cuisine-arts-culinaires","7":"product_cat-cuisine-arts-culinaires-cuisine-et-maison","8":"product_cat-cuisine-maison","9":"product_cat-fours-a-micro-ondes-appareils-de-preparation-culinaire-fait-maison","10":"product_cat-maison-bureau","11":"desktop-align-left","12":"tablet-align-left","13":"mobile-align-left","15":"first","16":"instock","17":"sale","18":"shipping-taxable","19":"purchasable","20":"product-type-simple"},"yoast_head":"<!-- This site is optimized with the Yoast SEO plugin v26.8 - https:\/\/yoast.com\/product\/yoast-seo-wordpress\/ -->\n<title>Midea Micro-Onde -700W-230V- 5 Power Levels- 20L - MM720CFB-S - Gris - Garantie 12 Mois - Ekco Boutique<\/title>\n<meta name=\"robots\" content=\"index, follow, max-snippet:-1, max-image-preview:large, max-video-preview:-1\" \/>\n<link rel=\"canonical\" href=\"https:\/\/ekco-ci.com\/ecommerce\/produit\/midea-micro-onde-700w-230v-5-power-levels-20l-mm720cfb-s-gris-garantie-12-mois-2\/\" \/>\n<meta property=\"og:locale\" content=\"fr_FR\" \/>\n<meta property=\"og:type\" content=\"article\" \/>\n<meta property=\"og:title\" content=\"Midea Micro-Onde -700W-230V- 5 Power Levels- 20L - MM720CFB-S - Gris - Garantie 12 Mois - Ekco Boutique\" \/>\n<meta property=\"og:description\" content=\"DES FONCTIONNALIT\u00c9S UTILES AU QUOTIDIEN Le micro-ondes poss\u00e8de une capacit\u00e9 de 20L. Ce volume vous permet de r\u00e9chauffer des plats [&hellip;]\" \/>\n<meta property=\"og:url\" content=\"https:\/\/ekco-ci.com\/ecommerce\/produit\/midea-micro-onde-700w-230v-5-power-levels-20l-mm720cfb-s-gris-garantie-12-mois-2\/\" \/>\n<meta property=\"og:site_name\" content=\"Ekco Boutique\" \/>\n<meta property=\"article:modified_time\" content=\"2024-12-12T09:16:28+00:00\" \/>\n<meta property=\"og:image\" content=\"https:\/\/ekco-ci.com\/ecommerce\/wp-content\/uploads\/2024\/09\/2-4-5.jpg\" \/>\n\t<meta property=\"og:image:width\" content=\"500\" \/>\n\t<meta property=\"og:image:height\" content=\"500\" \/>\n\t<meta property=\"og:image:type\" content=\"image\/jpeg\" \/>\n<meta name=\"twitter:card\" content=\"summary_large_image\" \/>\n<meta name=\"twitter:label1\" content=\"Dur\u00e9e de lecture estim\u00e9e\" \/>\n\t<meta name=\"twitter:data1\" content=\"2 minutes\" \/>\n<script type=\"application\/ld+json\" class=\"yoast-schema-graph\">{\"@context\":\"https:\/\/schema.org\",\"@graph\":[{\"@type\":\"WebPage\",\"@id\":\"https:\/\/ekco-ci.com\/ecommerce\/produit\/midea-micro-onde-700w-230v-5-power-levels-20l-mm720cfb-s-gris-garantie-12-mois-2\/\",\"url\":\"https:\/\/ekco-ci.com\/ecommerce\/produit\/midea-micro-onde-700w-230v-5-power-levels-20l-mm720cfb-s-gris-garantie-12-mois-2\/\",\"name\":\"Midea Micro-Onde -700W-230V- 5 Power Levels- 20L - MM720CFB-S - Gris - Garantie 12 Mois - Ekco Boutique\",\"isPartOf\":{\"@id\":\"https:\/\/ekco-ci.com\/ecommerce\/#website\"},\"primaryImageOfPage\":{\"@id\":\"https:\/\/ekco-ci.com\/ecommerce\/produit\/midea-micro-onde-700w-230v-5-power-levels-20l-mm720cfb-s-gris-garantie-12-mois-2\/#primaryimage\"},\"image\":{\"@id\":\"https:\/\/ekco-ci.com\/ecommerce\/produit\/midea-micro-onde-700w-230v-5-power-levels-20l-mm720cfb-s-gris-garantie-12-mois-2\/#primaryimage\"},\"thumbnailUrl\":\"https:\/\/ekco-ci.com\/ecommerce\/wp-content\/uploads\/2024\/09\/2-4-5.jpg\",\"datePublished\":\"2024-09-21T09:08:41+00:00\",\"dateModified\":\"2024-12-12T09:16:28+00:00\",\"breadcrumb\":{\"@id\":\"https:\/\/ekco-ci.com\/ecommerce\/produit\/midea-micro-onde-700w-230v-5-power-levels-20l-mm720cfb-s-gris-garantie-12-mois-2\/#breadcrumb\"},\"inLanguage\":\"fr-FR\",\"potentialAction\":[{\"@type\":\"ReadAction\",\"target\":[\"https:\/\/ekco-ci.com\/ecommerce\/produit\/midea-micro-onde-700w-230v-5-power-levels-20l-mm720cfb-s-gris-garantie-12-mois-2\/\"]}]},{\"@type\":\"ImageObject\",\"inLanguage\":\"fr-FR\",\"@id\":\"https:\/\/ekco-ci.com\/ecommerce\/produit\/midea-micro-onde-700w-230v-5-power-levels-20l-mm720cfb-s-gris-garantie-12-mois-2\/#primaryimage\",\"url\":\"https:\/\/ekco-ci.com\/ecommerce\/wp-content\/uploads\/2024\/09\/2-4-5.jpg\",\"contentUrl\":\"https:\/\/ekco-ci.com\/ecommerce\/wp-content\/uploads\/2024\/09\/2-4-5.jpg\",\"width\":500,\"height\":500},{\"@type\":\"BreadcrumbList\",\"@id\":\"https:\/\/ekco-ci.com\/ecommerce\/produit\/midea-micro-onde-700w-230v-5-power-levels-20l-mm720cfb-s-gris-garantie-12-mois-2\/#breadcrumb\",\"itemListElement\":[{\"@type\":\"ListItem\",\"position\":1,\"name\":\"Home\",\"item\":\"https:\/\/ekco-ci.com\/ecommerce\/\"},{\"@type\":\"ListItem\",\"position\":2,\"name\":\"Boutique\",\"item\":\"https:\/\/ekco-ci.com\/ecommerce\/boutique\/\"},{\"@type\":\"ListItem\",\"position\":3,\"name\":\"Midea Micro-Onde -700W-230V- 5 Power Levels- 20L &#8211; MM720CFB-S &#8211; Gris &#8211; Garantie 12 Mois\"}]},{\"@type\":\"WebSite\",\"@id\":\"https:\/\/ekco-ci.com\/ecommerce\/#website\",\"url\":\"https:\/\/ekco-ci.com\/ecommerce\/\",\"name\":\"Ekco Boutique\",\"description\":\"Ekco Boutique! La qualit\u00e9 au c\u0153ur de chaque achat\",\"publisher\":{\"@id\":\"https:\/\/ekco-ci.com\/ecommerce\/#organization\"},\"alternateName\":\"Boutique\",\"potentialAction\":[{\"@type\":\"SearchAction\",\"target\":{\"@type\":\"EntryPoint\",\"urlTemplate\":\"https:\/\/ekco-ci.com\/ecommerce\/?s={search_term_string}\"},\"query-input\":{\"@type\":\"PropertyValueSpecification\",\"valueRequired\":true,\"valueName\":\"search_term_string\"}}],\"inLanguage\":\"fr-FR\"},{\"@type\":\"Organization\",\"@id\":\"https:\/\/ekco-ci.com\/ecommerce\/#organization\",\"name\":\"Ekco Boutique\",\"url\":\"https:\/\/ekco-ci.com\/ecommerce\/\",\"logo\":{\"@type\":\"ImageObject\",\"inLanguage\":\"fr-FR\",\"@id\":\"https:\/\/ekco-ci.com\/ecommerce\/#\/schema\/logo\/image\/\",\"url\":\"https:\/\/ekco-ci.com\/ecommerce\/wp-content\/uploads\/2024\/08\/cropped-lologo.png\",\"contentUrl\":\"https:\/\/ekco-ci.com\/ecommerce\/wp-content\/uploads\/2024\/08\/cropped-lologo.png\",\"width\":512,\"height\":512,\"caption\":\"Ekco Boutique\"},\"image\":{\"@id\":\"https:\/\/ekco-ci.com\/ecommerce\/#\/schema\/logo\/image\/\"}}]}<\/script>\n<!-- \/ Yoast SEO plugin. -->","yoast_head_json":{"title":"Midea Micro-Onde -700W-230V- 5 Power Levels- 20L - MM720CFB-S - Gris - Garantie 12 Mois - Ekco Boutique","robots":{"index":"index","follow":"follow","max-snippet":"max-snippet:-1","max-image-preview":"max-image-preview:large","max-video-preview":"max-video-preview:-1"},"canonical":"https:\/\/ekco-ci.com\/ecommerce\/produit\/midea-micro-onde-700w-230v-5-power-levels-20l-mm720cfb-s-gris-garantie-12-mois-2\/","og_locale":"fr_FR","og_type":"article","og_title":"Midea Micro-Onde -700W-230V- 5 Power Levels- 20L - MM720CFB-S - Gris - Garantie 12 Mois - Ekco Boutique","og_description":"DES FONCTIONNALIT\u00c9S UTILES AU QUOTIDIEN Le micro-ondes poss\u00e8de une capacit\u00e9 de 20L. Ce volume vous permet de r\u00e9chauffer des plats [&hellip;]","og_url":"https:\/\/ekco-ci.com\/ecommerce\/produit\/midea-micro-onde-700w-230v-5-power-levels-20l-mm720cfb-s-gris-garantie-12-mois-2\/","og_site_name":"Ekco Boutique","article_modified_time":"2024-12-12T09:16:28+00:00","og_image":[{"width":500,"height":500,"url":"https:\/\/ekco-ci.com\/ecommerce\/wp-content\/uploads\/2024\/09\/2-4-5.jpg","type":"image\/jpeg"}],"twitter_card":"summary_large_image","twitter_misc":{"Dur\u00e9e de lecture estim\u00e9e":"2 minutes"},"schema":{"@context":"https:\/\/schema.org","@graph":[{"@type":"WebPage","@id":"https:\/\/ekco-ci.com\/ecommerce\/produit\/midea-micro-onde-700w-230v-5-power-levels-20l-mm720cfb-s-gris-garantie-12-mois-2\/","url":"https:\/\/ekco-ci.com\/ecommerce\/produit\/midea-micro-onde-700w-230v-5-power-levels-20l-mm720cfb-s-gris-garantie-12-mois-2\/","name":"Midea Micro-Onde -700W-230V- 5 Power Levels- 20L - MM720CFB-S - Gris - Garantie 12 Mois - Ekco Boutique","isPartOf":{"@id":"https:\/\/ekco-ci.com\/ecommerce\/#website"},"primaryImageOfPage":{"@id":"https:\/\/ekco-ci.com\/ecommerce\/produit\/midea-micro-onde-700w-230v-5-power-levels-20l-mm720cfb-s-gris-garantie-12-mois-2\/#primaryimage"},"image":{"@id":"https:\/\/ekco-ci.com\/ecommerce\/produit\/midea-micro-onde-700w-230v-5-power-levels-20l-mm720cfb-s-gris-garantie-12-mois-2\/#primaryimage"},"thumbnailUrl":"https:\/\/ekco-ci.com\/ecommerce\/wp-content\/uploads\/2024\/09\/2-4-5.jpg","datePublished":"2024-09-21T09:08:41+00:00","dateModified":"2024-12-12T09:16:28+00:00","breadcrumb":{"@id":"https:\/\/ekco-ci.com\/ecommerce\/produit\/midea-micro-onde-700w-230v-5-power-levels-20l-mm720cfb-s-gris-garantie-12-mois-2\/#breadcrumb"},"inLanguage":"fr-FR","potentialAction":[{"@type":"ReadAction","target":["https:\/\/ekco-ci.com\/ecommerce\/produit\/midea-micro-onde-700w-230v-5-power-levels-20l-mm720cfb-s-gris-garantie-12-mois-2\/"]}]},{"@type":"ImageObject","inLanguage":"fr-FR","@id":"https:\/\/ekco-ci.com\/ecommerce\/produit\/midea-micro-onde-700w-230v-5-power-levels-20l-mm720cfb-s-gris-garantie-12-mois-2\/#primaryimage","url":"https:\/\/ekco-ci.com\/ecommerce\/wp-content\/uploads\/2024\/09\/2-4-5.jpg","contentUrl":"https:\/\/ekco-ci.com\/ecommerce\/wp-content\/uploads\/2024\/09\/2-4-5.jpg","width":500,"height":500},{"@type":"BreadcrumbList","@id":"https:\/\/ekco-ci.com\/ecommerce\/produit\/midea-micro-onde-700w-230v-5-power-levels-20l-mm720cfb-s-gris-garantie-12-mois-2\/#breadcrumb","itemListElement":[{"@type":"ListItem","position":1,"name":"Home","item":"https:\/\/ekco-ci.com\/ecommerce\/"},{"@type":"ListItem","position":2,"name":"Boutique","item":"https:\/\/ekco-ci.com\/ecommerce\/boutique\/"},{"@type":"ListItem","position":3,"name":"Midea Micro-Onde -700W-230V- 5 Power Levels- 20L &#8211; MM720CFB-S &#8211; Gris &#8211; Garantie 12 Mois"}]},{"@type":"WebSite","@id":"https:\/\/ekco-ci.com\/ecommerce\/#website","url":"https:\/\/ekco-ci.com\/ecommerce\/","name":"Ekco Boutique","description":"Ekco Boutique! La qualit\u00e9 au c\u0153ur de chaque achat","publisher":{"@id":"https:\/\/ekco-ci.com\/ecommerce\/#organization"},"alternateName":"Boutique","potentialAction":[{"@type":"SearchAction","target":{"@type":"EntryPoint","urlTemplate":"https:\/\/ekco-ci.com\/ecommerce\/?s={search_term_string}"},"query-input":{"@type":"PropertyValueSpecification","valueRequired":true,"valueName":"search_term_string"}}],"inLanguage":"fr-FR"},{"@type":"Organization","@id":"https:\/\/ekco-ci.com\/ecommerce\/#organization","name":"Ekco Boutique","url":"https:\/\/ekco-ci.com\/ecommerce\/","logo":{"@type":"ImageObject","inLanguage":"fr-FR","@id":"https:\/\/ekco-ci.com\/ecommerce\/#\/schema\/logo\/image\/","url":"https:\/\/ekco-ci.com\/ecommerce\/wp-content\/uploads\/2024\/08\/cropped-lologo.png","contentUrl":"https:\/\/ekco-ci.com\/ecommerce\/wp-content\/uploads\/2024\/08\/cropped-lologo.png","width":512,"height":512,"caption":"Ekco Boutique"},"image":{"@id":"https:\/\/ekco-ci.com\/ecommerce\/#\/schema\/logo\/image\/"}}]}},"uagb_featured_image_src":{"full":["https:\/\/ekco-ci.com\/ecommerce\/wp-content\/uploads\/2024\/09\/2-4-5.jpg",500,500,false],"thumbnail":["https:\/\/ekco-ci.com\/ecommerce\/wp-content\/uploads\/2024\/09\/2-4-5-150x150.jpg",150,150,true],"medium":["https:\/\/ekco-ci.com\/ecommerce\/wp-content\/uploads\/2024\/09\/2-4-5-300x300.jpg",300,300,true],"medium_large":["https:\/\/ekco-ci.com\/ecommerce\/wp-content\/uploads\/2024\/09\/2-4-5.jpg",500,500,false],"large":["https:\/\/ekco-ci.com\/ecommerce\/wp-content\/uploads\/2024\/09\/2-4-5.jpg",500,500,false],"1536x1536":["https:\/\/ekco-ci.com\/ecommerce\/wp-content\/uploads\/2024\/09\/2-4-5.jpg",500,500,false],"2048x2048":["https:\/\/ekco-ci.com\/ecommerce\/wp-content\/uploads\/2024\/09\/2-4-5.jpg",500,500,false],"cfw_cart_thumb":["https:\/\/ekco-ci.com\/ecommerce\/wp-content\/uploads\/2024\/09\/2-4-5-60x60.jpg",60,60,true],"cfw_order_bump_thumb":["https:\/\/ekco-ci.com\/ecommerce\/wp-content\/uploads\/2024\/09\/2-4-5.jpg",320,320,false],"woocommerce_thumbnail":["https:\/\/ekco-ci.com\/ecommerce\/wp-content\/uploads\/2024\/09\/2-4-5-300x225.jpg",300,225,true],"woocommerce_single":["https:\/\/ekco-ci.com\/ecommerce\/wp-content\/uploads\/2024\/09\/2-4-5.jpg",500,500,false],"woocommerce_gallery_thumbnail":["https:\/\/ekco-ci.com\/ecommerce\/wp-content\/uploads\/2024\/09\/2-4-5-100x100.jpg",100,100,true]},"uagb_author_info":{"display_name":"Christabelle Moulo","author_link":"https:\/\/ekco-ci.com\/ecommerce\/author\/"},"uagb_comment_info":0,"uagb_excerpt":"DES FONCTIONNALIT\u00c9S UTILES AU QUOTIDIEN Le micro-ondes poss\u00e8de une capacit\u00e9 de 20L. Ce volume vous permet de r\u00e9chauffer des plats [&hellip;]","_links":{"self":[{"href":"https:\/\/ekco-ci.com\/ecommerce\/wp-json\/wp\/v2\/product\/5273","targetHints":{"allow":["GET"]}}],"collection":[{"href":"https:\/\/ekco-ci.com\/ecommerce\/wp-json\/wp\/v2\/product"}],"about":[{"href":"https:\/\/ekco-ci.com\/ecommerce\/wp-json\/wp\/v2\/types\/product"}],"replies":[{"embeddable":true,"href":"https:\/\/ekco-ci.com\/ecommerce\/wp-json\/wp\/v2\/comments?post=5273"}],"wp:featuredmedia":[{"embeddable":true,"href":"https:\/\/ekco-ci.com\/ecommerce\/wp-json\/wp\/v2\/media\/5275"}],"wp:attachment":[{"href":"https:\/\/ekco-ci.com\/ecommerce\/wp-json\/wp\/v2\/media?parent=5273"}],"wp:term":[{"taxonomy":"product_brand","embeddable":true,"href":"https:\/\/ekco-ci.com\/ecommerce\/wp-json\/wp\/v2\/product_brand?post=5273"},{"taxonomy":"product_cat","embeddable":true,"href":"https:\/\/ekco-ci.com\/ecommerce\/wp-json\/wp\/v2\/product_cat?post=5273"},{"taxonomy":"product_tag","embeddable":true,"href":"https:\/\/ekco-ci.com\/ecommerce\/wp-json\/wp\/v2\/product_tag?post=5273"}],"curies":[{"name":"wp","href":"https:\/\/api.w.org\/{rel}","templated":true}]}}