{"id":5215,"date":"2024-09-19T16:54:22","date_gmt":"2024-09-19T16:54:22","guid":{"rendered":"https:\/\/ekco-ci.com\/ecommerce\/?post_type=product&#038;p=5215"},"modified":"2024-12-12T09:16:27","modified_gmt":"2024-12-12T09:16:27","slug":"hisense-smart-tv-led-55-4k-ultra-hd-vidaa-h55a6k-noir-garantie-12-mois","status":"publish","type":"product","link":"https:\/\/ekco-ci.com\/ecommerce\/produit\/hisense-smart-tv-led-55-4k-ultra-hd-vidaa-h55a6k-noir-garantie-12-mois\/","title":{"rendered":"Hisense Smart TV LED 55&#8243; &#8211; 4K Ultra HD &#8211; VIDAA -H55A6K &#8211; Noir &#8211; Garantie 12 Mois"},"content":{"rendered":"<h1 class=\"-fs20 -pts -pbxs\" style=\"text-align: center\">Hisense Smart TV LED 55&#8243; &#8211; 4K Ultra HD &#8211; VIDAA -H55A6K &#8211; Noir &#8211; Garantie 12 Mois<\/h1>\n<p style=\"text-align: center\">\n<h4 style=\"text-align: center\">Hisense<\/h4>\n<h1 style=\"text-align: center\"><strong>H55A6K<\/strong><\/h1>\n<p>&nbsp;<\/p>\n<p>&nbsp;<\/p>\n<p><strong><img fetchpriority=\"high\" decoding=\"async\" src=\"https:\/\/ci.jumia.is\/cms\/external\/pet\/HI653EA03MGWONAFAMZ\/750bfd520116956668ba900043ea8105.jpg\" alt=\"Hisense-t\u00e9l\u00e9viseur 4K 55A6K, ,\" width=\"679\" height=\"509\" data-src=\"https:\/\/ci.jumia.is\/cms\/external\/pet\/HI653EA03MGWONAFAMZ\/750bfd520116956668ba900043ea8105.jpg\" \/><\/strong><\/p>\n<p>&nbsp;<\/p>\n<h2>Obtenez une qualit\u00e9 4K exceptionnellement d\u00e9taill\u00e9e pour tous vos contenus pr\u00e9f\u00e9r\u00e9s<\/h2>\n<p>Profitez sans arr\u00eat de vos s\u00e9ries pr\u00e9f\u00e9r\u00e9es, plongez-vous dans les derniers films ou vivez chaque instant des jeux les plus excitants. Offrez-vous un t\u00e9l\u00e9viseur Hisense 4K qui vous place au centre de l&#8217;action.<\/p>\n<p>&nbsp;<\/p>\n<p>&nbsp;<\/p>\n<p><img decoding=\"async\" src=\"https:\/\/ci.jumia.is\/cms\/external\/pet\/HI653EA03MGWONAFAMZ\/8cb12c8703556b01e52e72191e00aa17.jpg\" alt=\"\" width=\"808\" height=\"455\" data-src=\"https:\/\/ci.jumia.is\/cms\/external\/pet\/HI653EA03MGWONAFAMZ\/8cb12c8703556b01e52e72191e00aa17.jpg\" \/><\/p>\n<p>&nbsp;<\/p>\n<p>&nbsp;<\/p>\n<h2>Une image compl\u00e8tement noire d\u2019un bord \u00e0 l\u2019autre<\/h2>\n<p>Contrairement aux \u00e9crans LED \u00e0 \u00e9clairage lat\u00e9ral plus courants, Direct Full Array r\u00e9partit la lumi\u00e8re uniform\u00e9ment sur l&#8217;\u00e9cran pour des noirs uniformes et stables.<\/p>\n<p>&nbsp;<\/p>\n<p>&nbsp;<\/p>\n<p><img decoding=\"async\" src=\"https:\/\/ci.jumia.is\/cms\/external\/pet\/HI653EA03MGWONAFAMZ\/2d59e1754c4a4771ff2f6b024e06c8e6.jpg\" alt=\"\" width=\"800\" height=\"450\" data-src=\"https:\/\/ci.jumia.is\/cms\/external\/pet\/HI653EA03MGWONAFAMZ\/2d59e1754c4a4771ff2f6b024e06c8e6.jpg\" \/><\/p>\n<p>&nbsp;<\/p>\n<p>&nbsp;<\/p>\n<h2>Les couches d\u00e9finissent l&#8217;histoire<\/h2>\n<p>Profitez d&#8217;une exp\u00e9rience visuelle plus impressionnante avec une plus grande sensation de profondeur. Gr\u00e2ce \u00e0 la technologie de profondeur adaptative de l&#8217;IA, vous pouvez d\u00e9sormais voir une route sinueuse menant \u00e0 une montagne enneig\u00e9e avec des cr\u00eates et des sommets clairement d\u00e9finis.<\/p>\n<p>&nbsp;<\/p>\n<p><img loading=\"lazy\" decoding=\"async\" src=\"image\/gif;base64,R0lGODlhAQABAIAAAAAAAP\/\/\/yH5BAEAAAAALAAAAAABAAEAAAIBRAA7\" alt=\"\" width=\"747\" height=\"421\" data-src=\"https:\/\/www.hisense.es\/wp-content\/uploads\/2023\/04\/3-AI-Adeptive-Depth.jpg\" data-lazy-error=\"true\" \/><\/p>\n<p>&nbsp;<\/p>\n<h2>Voir le contenu avec des d\u00e9tails \u00e9blouissants<\/h2>\n<p>Le t\u00e9l\u00e9viseur Hisense prend en charge le d\u00e9codage HDR10+. Que vous souhaitiez rester inform\u00e9 des derniers contenus ou simplement passer du temps avec vos jeux immersifs pr\u00e9f\u00e9r\u00e9s, ce t\u00e9l\u00e9viseur propose un contenu original avec des d\u00e9tails d&#8217;ombres am\u00e9lior\u00e9s et des reflets plus lumineux.<\/p>\n<p>&nbsp;<\/p>\n<p><img loading=\"lazy\" decoding=\"async\" src=\"image\/gif;base64,R0lGODlhAQABAIAAAAAAAP\/\/\/yH5BAEAAAAALAAAAAABAAEAAAIBRAA7\" alt=\"\" width=\"740\" height=\"416\" data-src=\"https:\/\/ci.jumia.is\/cms\/external\/pet\/HI653EA03MGWONAFAMZ\/afebf58faabf63d36948c7dfa878b59b.jpg\" data-lazy-error=\"true\" \/><\/p>\n<p>&nbsp;<\/p>\n<p>&nbsp;<\/p>\n<h2>Les exp\u00e9riences de divertissement les plus impressionnantes m\u00e9ritent un son t\u00e9l\u00e9 immersif<\/h2>\n<p>La technologie DTS\u00ae Virtual:XTM pour haut-parleurs TV donne vie au divertissement en offrant un son am\u00e9lior\u00e9 et une exp\u00e9rience de cin\u00e9ma maison immersive. Le r\u00e9sultat? Le son semble provenir de partout, sans qu\u2019il soit n\u00e9cessaire de recourir \u00e0 plusieurs haut-parleurs. Vous remarquerez des basses plus riches, des dialogues plus clairs et serez \u00e9tonn\u00e9 de voir \u00e0 quel point cela transforme votre exp\u00e9rience lorsque vous regardez des films, \u00e9coutez de la musique et jouez \u00e0 des jeux vid\u00e9o. Tout depuis votre t\u00e9l\u00e9viseur.<\/p>\n<p>&nbsp;<\/p>\n<p>&nbsp;<\/p>\n<p><img loading=\"lazy\" decoding=\"async\" src=\"image\/gif;base64,R0lGODlhAQABAIAAAAAAAP\/\/\/yH5BAEAAAAALAAAAAABAAEAAAIBRAA7\" alt=\"\" width=\"738\" height=\"415\" data-src=\"https:\/\/ci.jumia.is\/cms\/external\/pet\/HI653EA03MGWONAFAMZ\/471de497d7f0b1250db1c0aa7971b18d.jpg\" data-lazy-error=\"true\" \/><\/p>\n<p>&nbsp;<\/p>\n<p>&nbsp;<\/p>\n<h2>Facile \u00e0 utiliser, rapide et gratuit.<\/h2>\n<p>Acc\u00e8s facile et instantan\u00e9 \u00e0 plus de 150 plateformes de diffusion, que ce soit par c\u00e2ble, satellite, TNT ou streaming, le tout au m\u00eame endroit.<\/p>\n<p>&nbsp;<\/p>\n<p><img loading=\"lazy\" decoding=\"async\" src=\"image\/gif;base64,R0lGODlhAQABAIAAAAAAAP\/\/\/yH5BAEAAAAALAAAAAABAAEAAAIBRAA7\" alt=\"\" width=\"737\" height=\"514\" data-src=\"https:\/\/ci.jumia.is\/cms\/external\/pet\/HI653EA03MGWONAFAMZ\/6d1ce5292adede00581ef8e63e0cab87.jpg\" data-lazy-error=\"true\" \/><\/p>\n<p>&nbsp;<\/p>\n<p>&nbsp;<\/p>\n<h2>Profitez-en sur un \u00e9cran plus grand<\/h2>\n<p>Partagez votre petit \u00e9cran pour obtenir une image plus grande. Le \u00ab\u00a0Partage d&#8217;\u00e9cran\u00a0\u00bb refl\u00e8te ce que vous avez sur votre t\u00e9l\u00e9phone, afin que vous puissiez partager la vue avec votre famille et vos amis pour une exp\u00e9rience visuelle agr\u00e9able ensemble. Il vous offre \u00e9galement la possibilit\u00e9 de diffuser uniquement le contenu sur le t\u00e9l\u00e9viseur \u00e0 l&#8217;aide du \u00ab Partage de contenu \u00bb, tout en continuant \u00e0 utiliser votre appareil pour d&#8217;autres t\u00e2ches. C&#8217;est du vrai partage !<\/p>\n<p>&nbsp;<\/p>\n<p><img loading=\"lazy\" decoding=\"async\" src=\"image\/gif;base64,R0lGODlhAQABAIAAAAAAAP\/\/\/yH5BAEAAAAALAAAAAABAAEAAAIBRAA7\" alt=\"\" width=\"743\" height=\"418\" data-src=\"https:\/\/www.hisense.es\/wp-content\/uploads\/2023\/04\/15-Share-to-TV.jpg\" data-lazy-error=\"true\" \/><\/p>\n<p>&nbsp;<\/p>\n","protected":false},"excerpt":{"rendered":"<p>Hisense Smart TV LED 55&#8243; &#8211; 4K Ultra HD &#8211; VIDAA -H55A6K &#8211; Noir &#8211; Garantie 12 Mois Hisense H55A6K [&hellip;]<\/p>\n","protected":false},"featured_media":5216,"comment_status":"open","ping_status":"closed","template":"","meta":{"_uag_custom_page_level_css":"","site-sidebar-layout":"default","site-content-layout":"","ast-site-content-layout":"default","site-content-style":"default","site-sidebar-style":"default","ast-global-header-display":"","ast-banner-title-visibility":"","ast-main-header-display":"","ast-hfb-above-header-display":"","ast-hfb-below-header-display":"","ast-hfb-mobile-header-display":"","site-post-title":"","ast-breadcrumbs-content":"","ast-featured-img":"","footer-sml-layout":"","ast-disable-related-posts":"","theme-transparent-header-meta":"default","adv-header-id-meta":"","stick-header-meta":"","header-above-stick-meta":"","header-main-stick-meta":"","header-below-stick-meta":"","astra-migrate-meta-layouts":"set","ast-page-background-enabled":"default","ast-page-background-meta":{"desktop":{"background-color":"var(--ast-global-color-4)","background-image":"","background-repeat":"repeat","background-position":"center center","background-size":"auto","background-attachment":"scroll","background-type":"","background-media":"","overlay-type":"","overlay-color":"","overlay-opacity":"","overlay-gradient":""},"tablet":{"background-color":"","background-image":"","background-repeat":"repeat","background-position":"center center","background-size":"auto","background-attachment":"scroll","background-type":"","background-media":"","overlay-type":"","overlay-color":"","overlay-opacity":"","overlay-gradient":""},"mobile":{"background-color":"","background-image":"","background-repeat":"repeat","background-position":"center center","background-size":"auto","background-attachment":"scroll","background-type":"","background-media":"","overlay-type":"","overlay-color":"","overlay-opacity":"","overlay-gradient":""}},"ast-content-background-meta":{"desktop":{"background-color":"var(--ast-global-color-5)","background-image":"","background-repeat":"repeat","background-position":"center center","background-size":"auto","background-attachment":"scroll","background-type":"","background-media":"","overlay-type":"","overlay-color":"","overlay-opacity":"","overlay-gradient":""},"tablet":{"background-color":"var(--ast-global-color-5)","background-image":"","background-repeat":"repeat","background-position":"center center","background-size":"auto","background-attachment":"scroll","background-type":"","background-media":"","overlay-type":"","overlay-color":"","overlay-opacity":"","overlay-gradient":""},"mobile":{"background-color":"var(--ast-global-color-5)","background-image":"","background-repeat":"repeat","background-position":"center center","background-size":"auto","background-attachment":"scroll","background-type":"","background-media":"","overlay-type":"","overlay-color":"","overlay-opacity":"","overlay-gradient":""}}},"product_brand":[],"product_cat":[95,430,97,94,23],"product_tag":[],"class_list":{"0":"post-5215","1":"product","2":"type-product","3":"status-publish","4":"has-post-thumbnail","6":"product_cat-chauffages-et-ventilations","7":"product_cat-climatiseurs-et-accessoires","8":"product_cat-climatisseurs","9":"product_cat-cuisine-et-maison","10":"product_cat-maison-bureau","11":"desktop-align-left","12":"tablet-align-left","13":"mobile-align-left","15":"first","16":"instock","17":"sale","18":"shipping-taxable","19":"purchasable","20":"product-type-simple"},"yoast_head":"<!-- This site is optimized with the Yoast SEO plugin v26.8 - https:\/\/yoast.com\/product\/yoast-seo-wordpress\/ -->\n<title>Hisense Smart TV LED 55&quot; - 4K Ultra HD - VIDAA -H55A6K - Noir - Garantie 12 Mois - Ekco Boutique<\/title>\n<meta name=\"robots\" content=\"index, follow, max-snippet:-1, max-image-preview:large, max-video-preview:-1\" \/>\n<link rel=\"canonical\" href=\"https:\/\/ekco-ci.com\/ecommerce\/produit\/hisense-smart-tv-led-55-4k-ultra-hd-vidaa-h55a6k-noir-garantie-12-mois\/\" \/>\n<meta property=\"og:locale\" content=\"fr_FR\" \/>\n<meta property=\"og:type\" content=\"article\" \/>\n<meta property=\"og:title\" content=\"Hisense Smart TV LED 55&quot; - 4K Ultra HD - VIDAA -H55A6K - Noir - Garantie 12 Mois - Ekco Boutique\" \/>\n<meta property=\"og:description\" content=\"Hisense Smart TV LED 55&#8243; &#8211; 4K Ultra HD &#8211; VIDAA -H55A6K &#8211; Noir &#8211; Garantie 12 Mois Hisense H55A6K [&hellip;]\" \/>\n<meta property=\"og:url\" content=\"https:\/\/ekco-ci.com\/ecommerce\/produit\/hisense-smart-tv-led-55-4k-ultra-hd-vidaa-h55a6k-noir-garantie-12-mois\/\" \/>\n<meta property=\"og:site_name\" content=\"Ekco Boutique\" \/>\n<meta property=\"article:modified_time\" content=\"2024-12-12T09:16:27+00:00\" \/>\n<meta property=\"og:image\" content=\"https:\/\/ekco-ci.com\/ecommerce\/wp-content\/uploads\/2024\/09\/1-7-11.jpg\" \/>\n\t<meta property=\"og:image:width\" content=\"500\" \/>\n\t<meta property=\"og:image:height\" content=\"500\" \/>\n\t<meta property=\"og:image:type\" content=\"image\/jpeg\" \/>\n<meta name=\"twitter:card\" content=\"summary_large_image\" \/>\n<meta name=\"twitter:label1\" content=\"Dur\u00e9e de lecture estim\u00e9e\" \/>\n\t<meta name=\"twitter:data1\" content=\"4 minutes\" \/>\n<script type=\"application\/ld+json\" class=\"yoast-schema-graph\">{\"@context\":\"https:\/\/schema.org\",\"@graph\":[{\"@type\":\"WebPage\",\"@id\":\"https:\/\/ekco-ci.com\/ecommerce\/produit\/hisense-smart-tv-led-55-4k-ultra-hd-vidaa-h55a6k-noir-garantie-12-mois\/\",\"url\":\"https:\/\/ekco-ci.com\/ecommerce\/produit\/hisense-smart-tv-led-55-4k-ultra-hd-vidaa-h55a6k-noir-garantie-12-mois\/\",\"name\":\"Hisense Smart TV LED 55\\\" - 4K Ultra HD - VIDAA -H55A6K - Noir - Garantie 12 Mois - Ekco Boutique\",\"isPartOf\":{\"@id\":\"https:\/\/ekco-ci.com\/ecommerce\/#website\"},\"primaryImageOfPage\":{\"@id\":\"https:\/\/ekco-ci.com\/ecommerce\/produit\/hisense-smart-tv-led-55-4k-ultra-hd-vidaa-h55a6k-noir-garantie-12-mois\/#primaryimage\"},\"image\":{\"@id\":\"https:\/\/ekco-ci.com\/ecommerce\/produit\/hisense-smart-tv-led-55-4k-ultra-hd-vidaa-h55a6k-noir-garantie-12-mois\/#primaryimage\"},\"thumbnailUrl\":\"https:\/\/ekco-ci.com\/ecommerce\/wp-content\/uploads\/2024\/09\/1-7-11.jpg\",\"datePublished\":\"2024-09-19T16:54:22+00:00\",\"dateModified\":\"2024-12-12T09:16:27+00:00\",\"breadcrumb\":{\"@id\":\"https:\/\/ekco-ci.com\/ecommerce\/produit\/hisense-smart-tv-led-55-4k-ultra-hd-vidaa-h55a6k-noir-garantie-12-mois\/#breadcrumb\"},\"inLanguage\":\"fr-FR\",\"potentialAction\":[{\"@type\":\"ReadAction\",\"target\":[\"https:\/\/ekco-ci.com\/ecommerce\/produit\/hisense-smart-tv-led-55-4k-ultra-hd-vidaa-h55a6k-noir-garantie-12-mois\/\"]}]},{\"@type\":\"ImageObject\",\"inLanguage\":\"fr-FR\",\"@id\":\"https:\/\/ekco-ci.com\/ecommerce\/produit\/hisense-smart-tv-led-55-4k-ultra-hd-vidaa-h55a6k-noir-garantie-12-mois\/#primaryimage\",\"url\":\"https:\/\/ekco-ci.com\/ecommerce\/wp-content\/uploads\/2024\/09\/1-7-11.jpg\",\"contentUrl\":\"https:\/\/ekco-ci.com\/ecommerce\/wp-content\/uploads\/2024\/09\/1-7-11.jpg\",\"width\":500,\"height\":500},{\"@type\":\"BreadcrumbList\",\"@id\":\"https:\/\/ekco-ci.com\/ecommerce\/produit\/hisense-smart-tv-led-55-4k-ultra-hd-vidaa-h55a6k-noir-garantie-12-mois\/#breadcrumb\",\"itemListElement\":[{\"@type\":\"ListItem\",\"position\":1,\"name\":\"Home\",\"item\":\"https:\/\/ekco-ci.com\/ecommerce\/\"},{\"@type\":\"ListItem\",\"position\":2,\"name\":\"Boutique\",\"item\":\"https:\/\/ekco-ci.com\/ecommerce\/boutique\/\"},{\"@type\":\"ListItem\",\"position\":3,\"name\":\"Hisense Smart TV LED 55&#8243; &#8211; 4K Ultra HD &#8211; VIDAA -H55A6K &#8211; Noir &#8211; Garantie 12 Mois\"}]},{\"@type\":\"WebSite\",\"@id\":\"https:\/\/ekco-ci.com\/ecommerce\/#website\",\"url\":\"https:\/\/ekco-ci.com\/ecommerce\/\",\"name\":\"Ekco Boutique\",\"description\":\"Ekco Boutique! La qualit\u00e9 au c\u0153ur de chaque achat\",\"publisher\":{\"@id\":\"https:\/\/ekco-ci.com\/ecommerce\/#organization\"},\"alternateName\":\"Boutique\",\"potentialAction\":[{\"@type\":\"SearchAction\",\"target\":{\"@type\":\"EntryPoint\",\"urlTemplate\":\"https:\/\/ekco-ci.com\/ecommerce\/?s={search_term_string}\"},\"query-input\":{\"@type\":\"PropertyValueSpecification\",\"valueRequired\":true,\"valueName\":\"search_term_string\"}}],\"inLanguage\":\"fr-FR\"},{\"@type\":\"Organization\",\"@id\":\"https:\/\/ekco-ci.com\/ecommerce\/#organization\",\"name\":\"Ekco Boutique\",\"url\":\"https:\/\/ekco-ci.com\/ecommerce\/\",\"logo\":{\"@type\":\"ImageObject\",\"inLanguage\":\"fr-FR\",\"@id\":\"https:\/\/ekco-ci.com\/ecommerce\/#\/schema\/logo\/image\/\",\"url\":\"https:\/\/ekco-ci.com\/ecommerce\/wp-content\/uploads\/2024\/08\/cropped-lologo.png\",\"contentUrl\":\"https:\/\/ekco-ci.com\/ecommerce\/wp-content\/uploads\/2024\/08\/cropped-lologo.png\",\"width\":512,\"height\":512,\"caption\":\"Ekco Boutique\"},\"image\":{\"@id\":\"https:\/\/ekco-ci.com\/ecommerce\/#\/schema\/logo\/image\/\"}}]}<\/script>\n<!-- \/ Yoast SEO plugin. -->","yoast_head_json":{"title":"Hisense Smart TV LED 55\" - 4K Ultra HD - VIDAA -H55A6K - Noir - Garantie 12 Mois - Ekco Boutique","robots":{"index":"index","follow":"follow","max-snippet":"max-snippet:-1","max-image-preview":"max-image-preview:large","max-video-preview":"max-video-preview:-1"},"canonical":"https:\/\/ekco-ci.com\/ecommerce\/produit\/hisense-smart-tv-led-55-4k-ultra-hd-vidaa-h55a6k-noir-garantie-12-mois\/","og_locale":"fr_FR","og_type":"article","og_title":"Hisense Smart TV LED 55\" - 4K Ultra HD - VIDAA -H55A6K - Noir - Garantie 12 Mois - Ekco Boutique","og_description":"Hisense Smart TV LED 55&#8243; &#8211; 4K Ultra HD &#8211; VIDAA -H55A6K &#8211; Noir &#8211; Garantie 12 Mois Hisense H55A6K [&hellip;]","og_url":"https:\/\/ekco-ci.com\/ecommerce\/produit\/hisense-smart-tv-led-55-4k-ultra-hd-vidaa-h55a6k-noir-garantie-12-mois\/","og_site_name":"Ekco Boutique","article_modified_time":"2024-12-12T09:16:27+00:00","og_image":[{"width":500,"height":500,"url":"https:\/\/ekco-ci.com\/ecommerce\/wp-content\/uploads\/2024\/09\/1-7-11.jpg","type":"image\/jpeg"}],"twitter_card":"summary_large_image","twitter_misc":{"Dur\u00e9e de lecture estim\u00e9e":"4 minutes"},"schema":{"@context":"https:\/\/schema.org","@graph":[{"@type":"WebPage","@id":"https:\/\/ekco-ci.com\/ecommerce\/produit\/hisense-smart-tv-led-55-4k-ultra-hd-vidaa-h55a6k-noir-garantie-12-mois\/","url":"https:\/\/ekco-ci.com\/ecommerce\/produit\/hisense-smart-tv-led-55-4k-ultra-hd-vidaa-h55a6k-noir-garantie-12-mois\/","name":"Hisense Smart TV LED 55\" - 4K Ultra HD - VIDAA -H55A6K - Noir - Garantie 12 Mois - Ekco Boutique","isPartOf":{"@id":"https:\/\/ekco-ci.com\/ecommerce\/#website"},"primaryImageOfPage":{"@id":"https:\/\/ekco-ci.com\/ecommerce\/produit\/hisense-smart-tv-led-55-4k-ultra-hd-vidaa-h55a6k-noir-garantie-12-mois\/#primaryimage"},"image":{"@id":"https:\/\/ekco-ci.com\/ecommerce\/produit\/hisense-smart-tv-led-55-4k-ultra-hd-vidaa-h55a6k-noir-garantie-12-mois\/#primaryimage"},"thumbnailUrl":"https:\/\/ekco-ci.com\/ecommerce\/wp-content\/uploads\/2024\/09\/1-7-11.jpg","datePublished":"2024-09-19T16:54:22+00:00","dateModified":"2024-12-12T09:16:27+00:00","breadcrumb":{"@id":"https:\/\/ekco-ci.com\/ecommerce\/produit\/hisense-smart-tv-led-55-4k-ultra-hd-vidaa-h55a6k-noir-garantie-12-mois\/#breadcrumb"},"inLanguage":"fr-FR","potentialAction":[{"@type":"ReadAction","target":["https:\/\/ekco-ci.com\/ecommerce\/produit\/hisense-smart-tv-led-55-4k-ultra-hd-vidaa-h55a6k-noir-garantie-12-mois\/"]}]},{"@type":"ImageObject","inLanguage":"fr-FR","@id":"https:\/\/ekco-ci.com\/ecommerce\/produit\/hisense-smart-tv-led-55-4k-ultra-hd-vidaa-h55a6k-noir-garantie-12-mois\/#primaryimage","url":"https:\/\/ekco-ci.com\/ecommerce\/wp-content\/uploads\/2024\/09\/1-7-11.jpg","contentUrl":"https:\/\/ekco-ci.com\/ecommerce\/wp-content\/uploads\/2024\/09\/1-7-11.jpg","width":500,"height":500},{"@type":"BreadcrumbList","@id":"https:\/\/ekco-ci.com\/ecommerce\/produit\/hisense-smart-tv-led-55-4k-ultra-hd-vidaa-h55a6k-noir-garantie-12-mois\/#breadcrumb","itemListElement":[{"@type":"ListItem","position":1,"name":"Home","item":"https:\/\/ekco-ci.com\/ecommerce\/"},{"@type":"ListItem","position":2,"name":"Boutique","item":"https:\/\/ekco-ci.com\/ecommerce\/boutique\/"},{"@type":"ListItem","position":3,"name":"Hisense Smart TV LED 55&#8243; &#8211; 4K Ultra HD &#8211; VIDAA -H55A6K &#8211; Noir &#8211; Garantie 12 Mois"}]},{"@type":"WebSite","@id":"https:\/\/ekco-ci.com\/ecommerce\/#website","url":"https:\/\/ekco-ci.com\/ecommerce\/","name":"Ekco Boutique","description":"Ekco Boutique! La qualit\u00e9 au c\u0153ur de chaque achat","publisher":{"@id":"https:\/\/ekco-ci.com\/ecommerce\/#organization"},"alternateName":"Boutique","potentialAction":[{"@type":"SearchAction","target":{"@type":"EntryPoint","urlTemplate":"https:\/\/ekco-ci.com\/ecommerce\/?s={search_term_string}"},"query-input":{"@type":"PropertyValueSpecification","valueRequired":true,"valueName":"search_term_string"}}],"inLanguage":"fr-FR"},{"@type":"Organization","@id":"https:\/\/ekco-ci.com\/ecommerce\/#organization","name":"Ekco Boutique","url":"https:\/\/ekco-ci.com\/ecommerce\/","logo":{"@type":"ImageObject","inLanguage":"fr-FR","@id":"https:\/\/ekco-ci.com\/ecommerce\/#\/schema\/logo\/image\/","url":"https:\/\/ekco-ci.com\/ecommerce\/wp-content\/uploads\/2024\/08\/cropped-lologo.png","contentUrl":"https:\/\/ekco-ci.com\/ecommerce\/wp-content\/uploads\/2024\/08\/cropped-lologo.png","width":512,"height":512,"caption":"Ekco Boutique"},"image":{"@id":"https:\/\/ekco-ci.com\/ecommerce\/#\/schema\/logo\/image\/"}}]}},"uagb_featured_image_src":{"full":["https:\/\/ekco-ci.com\/ecommerce\/wp-content\/uploads\/2024\/09\/1-7-11.jpg",500,500,false],"thumbnail":["https:\/\/ekco-ci.com\/ecommerce\/wp-content\/uploads\/2024\/09\/1-7-11-150x150.jpg",150,150,true],"medium":["https:\/\/ekco-ci.com\/ecommerce\/wp-content\/uploads\/2024\/09\/1-7-11-300x300.jpg",300,300,true],"medium_large":["https:\/\/ekco-ci.com\/ecommerce\/wp-content\/uploads\/2024\/09\/1-7-11.jpg",500,500,false],"large":["https:\/\/ekco-ci.com\/ecommerce\/wp-content\/uploads\/2024\/09\/1-7-11.jpg",500,500,false],"1536x1536":["https:\/\/ekco-ci.com\/ecommerce\/wp-content\/uploads\/2024\/09\/1-7-11.jpg",500,500,false],"2048x2048":["https:\/\/ekco-ci.com\/ecommerce\/wp-content\/uploads\/2024\/09\/1-7-11.jpg",500,500,false],"cfw_cart_thumb":["https:\/\/ekco-ci.com\/ecommerce\/wp-content\/uploads\/2024\/09\/1-7-11-60x60.jpg",60,60,true],"cfw_order_bump_thumb":["https:\/\/ekco-ci.com\/ecommerce\/wp-content\/uploads\/2024\/09\/1-7-11.jpg",320,320,false],"woocommerce_thumbnail":["https:\/\/ekco-ci.com\/ecommerce\/wp-content\/uploads\/2024\/09\/1-7-11-300x225.jpg",300,225,true],"woocommerce_single":["https:\/\/ekco-ci.com\/ecommerce\/wp-content\/uploads\/2024\/09\/1-7-11.jpg",500,500,false],"woocommerce_gallery_thumbnail":["https:\/\/ekco-ci.com\/ecommerce\/wp-content\/uploads\/2024\/09\/1-7-11-100x100.jpg",100,100,true]},"uagb_author_info":{"display_name":"Christabelle Moulo","author_link":"https:\/\/ekco-ci.com\/ecommerce\/author\/"},"uagb_comment_info":0,"uagb_excerpt":"Hisense Smart TV LED 55&#8243; &#8211; 4K Ultra HD &#8211; VIDAA -H55A6K &#8211; Noir &#8211; Garantie 12 Mois Hisense H55A6K [&hellip;]","_links":{"self":[{"href":"https:\/\/ekco-ci.com\/ecommerce\/wp-json\/wp\/v2\/product\/5215","targetHints":{"allow":["GET"]}}],"collection":[{"href":"https:\/\/ekco-ci.com\/ecommerce\/wp-json\/wp\/v2\/product"}],"about":[{"href":"https:\/\/ekco-ci.com\/ecommerce\/wp-json\/wp\/v2\/types\/product"}],"replies":[{"embeddable":true,"href":"https:\/\/ekco-ci.com\/ecommerce\/wp-json\/wp\/v2\/comments?post=5215"}],"wp:featuredmedia":[{"embeddable":true,"href":"https:\/\/ekco-ci.com\/ecommerce\/wp-json\/wp\/v2\/media\/5216"}],"wp:attachment":[{"href":"https:\/\/ekco-ci.com\/ecommerce\/wp-json\/wp\/v2\/media?parent=5215"}],"wp:term":[{"taxonomy":"product_brand","embeddable":true,"href":"https:\/\/ekco-ci.com\/ecommerce\/wp-json\/wp\/v2\/product_brand?post=5215"},{"taxonomy":"product_cat","embeddable":true,"href":"https:\/\/ekco-ci.com\/ecommerce\/wp-json\/wp\/v2\/product_cat?post=5215"},{"taxonomy":"product_tag","embeddable":true,"href":"https:\/\/ekco-ci.com\/ecommerce\/wp-json\/wp\/v2\/product_tag?post=5215"}],"curies":[{"name":"wp","href":"https:\/\/api.w.org\/{rel}","templated":true}]}}