{"id":5163,"date":"2024-09-19T12:20:16","date_gmt":"2024-09-19T12:20:16","guid":{"rendered":"https:\/\/ekco-ci.com\/ecommerce\/?post_type=product&#038;p=5163"},"modified":"2024-12-12T09:16:25","modified_gmt":"2024-12-12T09:16:25","slug":"tpe-terminal-de-paiement-mobile-verifone-x990-2","status":"publish","type":"product","link":"https:\/\/ekco-ci.com\/ecommerce\/produit\/tpe-terminal-de-paiement-mobile-verifone-x990-2\/","title":{"rendered":"TPE Terminal De Paiement Mobile &#8211; Verifone X990"},"content":{"rendered":"<h5>TPE Terminal De Paiement Mobile &#8211; Verifone X990<\/h5>\n<div class=\"markup -mhm -pvl -oxa -sc\">Le X990 de Verifone est un appareil intelligent portable fin, l\u00e9ger et dot\u00e9 du dernier syst\u00e8me d&#8217;exploitation Android 5.X. Cet appareil r\u00e9pond \u00e0 diverses demandes commerciales avec une s\u00e9curit\u00e9 sans compromis et une \u00e9volutivit\u00e9 de la plate-forme pour des int\u00e9grations syst\u00e8me transparentes. Le X990 est \u00e9quip\u00e9 des communications mobiles 4G les plus rapides, connect\u00e9 aux commer\u00e7ants, clients et fournisseurs de services. Une plate-forme logicielle riche permet aux clients de cr\u00e9er des applications sans effort, telles que des applications pour la gestion des membres, la fid\u00e9lit\u00e9, les coupons, la r\u00e9servation en ligne, l&#8217;inventaire et la gestion des ventes. De plus, le X990 peut se connecter \u00e0 distance pour une gestion dynamique des donn\u00e9es commerciales et des \u00e9quipements terminaux, am\u00e9liorant ainsi l&#8217;efficacit\u00e9 des commer\u00e7ants avec un effort de maintenance r\u00e9duit. Cet appareil est le meilleur choix pour les entreprises \u00e0 l&#8217;\u00e8re du commerce mobile.<br \/>\nPrend en charge les applications tierces<br \/>\nAccepte des options de paiement flexibles, y compris les paiements NFC\/sans contact<br \/>\nLecteur de codes-barres 1D\/2D ; cam\u00e9ras CMOS avant et arri\u00e8re prenant en charge le code QR<br \/>\nOptions de connectivit\u00e9 flexibles, notamment 4G LTE, WiFi et Bluetooth<br \/>\nLongue dur\u00e9e de vie de la batterie et temps de veille<br \/>\n<img fetchpriority=\"high\" decoding=\"async\" src=\"https:\/\/ae01.alicdn.com\/kf\/S529307ecedf84dd390c7217206a78035E.jpg\" width=\"558\" height=\"426\" data-spm-anchor-id=\"a2g0o.detail.1000023.i0.65f6rppWrppWND\" \/><img decoding=\"async\" src=\"https:\/\/ae01.alicdn.com\/kf\/S23963666ea93464f9711aef4ba487fa8e.png\" \/><img decoding=\"async\" src=\"https:\/\/ae01.alicdn.com\/kf\/Sfa49958b3ebd49609b01f104ff4e87b6p.png\" width=\"562\" height=\"458\" \/><br \/>\nsp\u00e9cificationProcesseur<br \/>\nProcesseur quadric\u0153ur Cortex-A7<br \/>\nM\u00e9moire<br \/>\n1 Go de RAM, 8 Go de ROM Flash(2 Go de RAM en option, 16 Go de ROM Flash)<br \/>\nLecteur de carte m\u00e9moire<br \/>\nLecteur de carte TF, prend en charge jusqu&#8217;\u00e0 32 Go<br \/>\nAfficher<br \/>\n\u00c9cran LCD couleur IPS de 5,5 pouces (r\u00e9solution HD 1 280 \u00d7 720), \u00e9cran tactile capacitif<br \/>\nSyst\u00e8me op\u00e9rateur<br \/>\nAndroid 5.X<br \/>\nConnectivit\u00e9<br \/>\n4G LTE, compatible 2G\/3G, WiFi, Bluetooth<br \/>\nImprimante<br \/>\n18 lps, rouleau de papier de 40 mm<br \/>\nLecteurs de cartes<br \/>\nMSR triple voie, bidirectionnel : ISO 7811 1\/2\/3 ; Lecteur de carte \u00e0 puce : ISO 7816, PBOC 3.0, EMV 4.3 niveaux 1 et 2<br \/>\nSans contact<br \/>\nISO\/IEC 14443 A&amp;B, MiFare, QuickPass, PayPass, payWave<br \/>\nCam\u00e9ra<br \/>\nAvant : CMOS 0,3 MP ; arri\u00e8re : CMOS 5 MP, autofocus, lampe de poche<br \/>\nPorts p\u00e9riph\u00e9riques<br \/>\nMicro USB OTG unique, USB 2.0 HS<br \/>\nS\u00e9curit\u00e9<br \/>\nApprouv\u00e9 PCI PTS 4.X<br \/>\nClavier NIP<br \/>\nANSI X9.8\/ISO 9564, ANSI X9.9\/ISO 8731, cl\u00e9 principale\/cl\u00e9 de session, fixe, DUKPT, DES, 3DES, RSA, SHA-256, AES<br \/>\nCertifications<br \/>\nPBOC L1\/L2, QPBOC L1\/L2, QuickPass, CCC, PCI PTS 4.X, EMV L1\/L2, PayPass\/payWave, TQM, ROHS<br \/>\nPouvoir<br \/>\nEntr\u00e9e : 100 V-240 V CA\/50-60 Hz\/0,35 A ; sortie : 5 V CC\/2 A ; connecteur de charge sur le terminal : Micro USB ; batterie : amovible, deux barils, 3,7 V 5 200 mAh Li-Ion<br \/>\nEnvironnemental<br \/>\nTemp\u00e9rature de fonctionnement : -10\u00b0 \u00e0 50\u00b0 C (14\u00b0 \u00e0 122\u00b0 F) ; temp\u00e9rature de stockage : -20\u00b0 \u00e0 70\u00b0 C (-4\u00b0 \u00e0 158\u00b0 F) ; humidit\u00e9 relative : 5% \u00e0 90%, sans condensation<br \/>\n<b>ATTENTION : Appareil livr\u00e9 sans aucune application de Gestion !!\u00a0<\/b><b>Pas d&#8217;interface Android smartphone !\u00a0<\/b><\/div>\n<p>&nbsp;<\/p>\n","protected":false},"excerpt":{"rendered":"<p>TPE Terminal De Paiement Mobile &#8211; Verifone X990 Le X990 de Verifone est un appareil intelligent portable fin, l\u00e9ger et [&hellip;]<\/p>\n","protected":false},"featured_media":5160,"comment_status":"open","ping_status":"closed","template":"","meta":{"_uag_custom_page_level_css":"","site-sidebar-layout":"default","site-content-layout":"","ast-site-content-layout":"default","site-content-style":"default","site-sidebar-style":"default","ast-global-header-display":"","ast-banner-title-visibility":"","ast-main-header-display":"","ast-hfb-above-header-display":"","ast-hfb-below-header-display":"","ast-hfb-mobile-header-display":"","site-post-title":"","ast-breadcrumbs-content":"","ast-featured-img":"","footer-sml-layout":"","ast-disable-related-posts":"","theme-transparent-header-meta":"default","adv-header-id-meta":"","stick-header-meta":"","header-above-stick-meta":"","header-main-stick-meta":"","header-below-stick-meta":"","astra-migrate-meta-layouts":"set","ast-page-background-enabled":"default","ast-page-background-meta":{"desktop":{"background-color":"var(--ast-global-color-4)","background-image":"","background-repeat":"repeat","background-position":"center center","background-size":"auto","background-attachment":"scroll","background-type":"","background-media":"","overlay-type":"","overlay-color":"","overlay-opacity":"","overlay-gradient":""},"tablet":{"background-color":"","background-image":"","background-repeat":"repeat","background-position":"center center","background-size":"auto","background-attachment":"scroll","background-type":"","background-media":"","overlay-type":"","overlay-color":"","overlay-opacity":"","overlay-gradient":""},"mobile":{"background-color":"","background-image":"","background-repeat":"repeat","background-position":"center center","background-size":"auto","background-attachment":"scroll","background-type":"","background-media":"","overlay-type":"","overlay-color":"","overlay-opacity":"","overlay-gradient":""}},"ast-content-background-meta":{"desktop":{"background-color":"var(--ast-global-color-5)","background-image":"","background-repeat":"repeat","background-position":"center center","background-size":"auto","background-attachment":"scroll","background-type":"","background-media":"","overlay-type":"","overlay-color":"","overlay-opacity":"","overlay-gradient":""},"tablet":{"background-color":"var(--ast-global-color-5)","background-image":"","background-repeat":"repeat","background-position":"center center","background-size":"auto","background-attachment":"scroll","background-type":"","background-media":"","overlay-type":"","overlay-color":"","overlay-opacity":"","overlay-gradient":""},"mobile":{"background-color":"var(--ast-global-color-5)","background-image":"","background-repeat":"repeat","background-position":"center center","background-size":"auto","background-attachment":"scroll","background-type":"","background-media":"","overlay-type":"","overlay-color":"","overlay-opacity":"","overlay-gradient":""}}},"product_brand":[],"product_cat":[608,81],"product_tag":[],"class_list":{"0":"post-5163","1":"product","2":"type-product","3":"status-publish","4":"has-post-thumbnail","6":"product_cat-technologie-portable-bureau","7":"product_cat-tv-electronique","8":"product_shipping_class-expedition-internationnal","9":"desktop-align-left","10":"tablet-align-left","11":"mobile-align-left","13":"first","14":"instock","15":"sale","16":"shipping-taxable","17":"purchasable","18":"product-type-simple"},"yoast_head":"<!-- This site is optimized with the Yoast SEO plugin v26.8 - https:\/\/yoast.com\/product\/yoast-seo-wordpress\/ -->\n<title>TPE Terminal De Paiement Mobile - Verifone X990 - Ekco Boutique<\/title>\n<meta name=\"robots\" content=\"index, follow, max-snippet:-1, max-image-preview:large, max-video-preview:-1\" \/>\n<link rel=\"canonical\" href=\"https:\/\/ekco-ci.com\/ecommerce\/produit\/tpe-terminal-de-paiement-mobile-verifone-x990-2\/\" \/>\n<meta property=\"og:locale\" content=\"fr_FR\" \/>\n<meta property=\"og:type\" content=\"article\" \/>\n<meta property=\"og:title\" content=\"TPE Terminal De Paiement Mobile - Verifone X990 - Ekco Boutique\" \/>\n<meta property=\"og:description\" content=\"TPE Terminal De Paiement Mobile &#8211; Verifone X990 Le X990 de Verifone est un appareil intelligent portable fin, l\u00e9ger et [&hellip;]\" \/>\n<meta property=\"og:url\" content=\"https:\/\/ekco-ci.com\/ecommerce\/produit\/tpe-terminal-de-paiement-mobile-verifone-x990-2\/\" \/>\n<meta property=\"og:site_name\" content=\"Ekco Boutique\" \/>\n<meta property=\"article:modified_time\" content=\"2024-12-12T09:16:25+00:00\" \/>\n<meta property=\"og:image\" content=\"https:\/\/ekco-ci.com\/ecommerce\/wp-content\/uploads\/2024\/09\/2-45.jpg\" \/>\n\t<meta property=\"og:image:width\" content=\"680\" \/>\n\t<meta property=\"og:image:height\" content=\"680\" \/>\n\t<meta property=\"og:image:type\" content=\"image\/jpeg\" \/>\n<meta name=\"twitter:card\" content=\"summary_large_image\" \/>\n<meta name=\"twitter:label1\" content=\"Dur\u00e9e de lecture estim\u00e9e\" \/>\n\t<meta name=\"twitter:data1\" content=\"4 minutes\" \/>\n<script type=\"application\/ld+json\" class=\"yoast-schema-graph\">{\"@context\":\"https:\/\/schema.org\",\"@graph\":[{\"@type\":\"WebPage\",\"@id\":\"https:\/\/ekco-ci.com\/ecommerce\/produit\/tpe-terminal-de-paiement-mobile-verifone-x990-2\/\",\"url\":\"https:\/\/ekco-ci.com\/ecommerce\/produit\/tpe-terminal-de-paiement-mobile-verifone-x990-2\/\",\"name\":\"TPE Terminal De Paiement Mobile - Verifone X990 - Ekco Boutique\",\"isPartOf\":{\"@id\":\"https:\/\/ekco-ci.com\/ecommerce\/#website\"},\"primaryImageOfPage\":{\"@id\":\"https:\/\/ekco-ci.com\/ecommerce\/produit\/tpe-terminal-de-paiement-mobile-verifone-x990-2\/#primaryimage\"},\"image\":{\"@id\":\"https:\/\/ekco-ci.com\/ecommerce\/produit\/tpe-terminal-de-paiement-mobile-verifone-x990-2\/#primaryimage\"},\"thumbnailUrl\":\"https:\/\/ekco-ci.com\/ecommerce\/wp-content\/uploads\/2024\/09\/2-45.jpg\",\"datePublished\":\"2024-09-19T12:20:16+00:00\",\"dateModified\":\"2024-12-12T09:16:25+00:00\",\"breadcrumb\":{\"@id\":\"https:\/\/ekco-ci.com\/ecommerce\/produit\/tpe-terminal-de-paiement-mobile-verifone-x990-2\/#breadcrumb\"},\"inLanguage\":\"fr-FR\",\"potentialAction\":[{\"@type\":\"ReadAction\",\"target\":[\"https:\/\/ekco-ci.com\/ecommerce\/produit\/tpe-terminal-de-paiement-mobile-verifone-x990-2\/\"]}]},{\"@type\":\"ImageObject\",\"inLanguage\":\"fr-FR\",\"@id\":\"https:\/\/ekco-ci.com\/ecommerce\/produit\/tpe-terminal-de-paiement-mobile-verifone-x990-2\/#primaryimage\",\"url\":\"https:\/\/ekco-ci.com\/ecommerce\/wp-content\/uploads\/2024\/09\/2-45.jpg\",\"contentUrl\":\"https:\/\/ekco-ci.com\/ecommerce\/wp-content\/uploads\/2024\/09\/2-45.jpg\",\"width\":680,\"height\":680},{\"@type\":\"BreadcrumbList\",\"@id\":\"https:\/\/ekco-ci.com\/ecommerce\/produit\/tpe-terminal-de-paiement-mobile-verifone-x990-2\/#breadcrumb\",\"itemListElement\":[{\"@type\":\"ListItem\",\"position\":1,\"name\":\"Home\",\"item\":\"https:\/\/ekco-ci.com\/ecommerce\/\"},{\"@type\":\"ListItem\",\"position\":2,\"name\":\"Boutique\",\"item\":\"https:\/\/ekco-ci.com\/ecommerce\/boutique\/\"},{\"@type\":\"ListItem\",\"position\":3,\"name\":\"TPE Terminal De Paiement Mobile &#8211; Verifone X990\"}]},{\"@type\":\"WebSite\",\"@id\":\"https:\/\/ekco-ci.com\/ecommerce\/#website\",\"url\":\"https:\/\/ekco-ci.com\/ecommerce\/\",\"name\":\"Ekco Boutique\",\"description\":\"Ekco Boutique! La qualit\u00e9 au c\u0153ur de chaque achat\",\"publisher\":{\"@id\":\"https:\/\/ekco-ci.com\/ecommerce\/#organization\"},\"alternateName\":\"Boutique\",\"potentialAction\":[{\"@type\":\"SearchAction\",\"target\":{\"@type\":\"EntryPoint\",\"urlTemplate\":\"https:\/\/ekco-ci.com\/ecommerce\/?s={search_term_string}\"},\"query-input\":{\"@type\":\"PropertyValueSpecification\",\"valueRequired\":true,\"valueName\":\"search_term_string\"}}],\"inLanguage\":\"fr-FR\"},{\"@type\":\"Organization\",\"@id\":\"https:\/\/ekco-ci.com\/ecommerce\/#organization\",\"name\":\"Ekco Boutique\",\"url\":\"https:\/\/ekco-ci.com\/ecommerce\/\",\"logo\":{\"@type\":\"ImageObject\",\"inLanguage\":\"fr-FR\",\"@id\":\"https:\/\/ekco-ci.com\/ecommerce\/#\/schema\/logo\/image\/\",\"url\":\"https:\/\/ekco-ci.com\/ecommerce\/wp-content\/uploads\/2024\/08\/cropped-lologo.png\",\"contentUrl\":\"https:\/\/ekco-ci.com\/ecommerce\/wp-content\/uploads\/2024\/08\/cropped-lologo.png\",\"width\":512,\"height\":512,\"caption\":\"Ekco Boutique\"},\"image\":{\"@id\":\"https:\/\/ekco-ci.com\/ecommerce\/#\/schema\/logo\/image\/\"}}]}<\/script>\n<!-- \/ Yoast SEO plugin. -->","yoast_head_json":{"title":"TPE Terminal De Paiement Mobile - Verifone X990 - Ekco Boutique","robots":{"index":"index","follow":"follow","max-snippet":"max-snippet:-1","max-image-preview":"max-image-preview:large","max-video-preview":"max-video-preview:-1"},"canonical":"https:\/\/ekco-ci.com\/ecommerce\/produit\/tpe-terminal-de-paiement-mobile-verifone-x990-2\/","og_locale":"fr_FR","og_type":"article","og_title":"TPE Terminal De Paiement Mobile - Verifone X990 - Ekco Boutique","og_description":"TPE Terminal De Paiement Mobile &#8211; Verifone X990 Le X990 de Verifone est un appareil intelligent portable fin, l\u00e9ger et [&hellip;]","og_url":"https:\/\/ekco-ci.com\/ecommerce\/produit\/tpe-terminal-de-paiement-mobile-verifone-x990-2\/","og_site_name":"Ekco Boutique","article_modified_time":"2024-12-12T09:16:25+00:00","og_image":[{"width":680,"height":680,"url":"https:\/\/ekco-ci.com\/ecommerce\/wp-content\/uploads\/2024\/09\/2-45.jpg","type":"image\/jpeg"}],"twitter_card":"summary_large_image","twitter_misc":{"Dur\u00e9e de lecture estim\u00e9e":"4 minutes"},"schema":{"@context":"https:\/\/schema.org","@graph":[{"@type":"WebPage","@id":"https:\/\/ekco-ci.com\/ecommerce\/produit\/tpe-terminal-de-paiement-mobile-verifone-x990-2\/","url":"https:\/\/ekco-ci.com\/ecommerce\/produit\/tpe-terminal-de-paiement-mobile-verifone-x990-2\/","name":"TPE Terminal De Paiement Mobile - Verifone X990 - Ekco Boutique","isPartOf":{"@id":"https:\/\/ekco-ci.com\/ecommerce\/#website"},"primaryImageOfPage":{"@id":"https:\/\/ekco-ci.com\/ecommerce\/produit\/tpe-terminal-de-paiement-mobile-verifone-x990-2\/#primaryimage"},"image":{"@id":"https:\/\/ekco-ci.com\/ecommerce\/produit\/tpe-terminal-de-paiement-mobile-verifone-x990-2\/#primaryimage"},"thumbnailUrl":"https:\/\/ekco-ci.com\/ecommerce\/wp-content\/uploads\/2024\/09\/2-45.jpg","datePublished":"2024-09-19T12:20:16+00:00","dateModified":"2024-12-12T09:16:25+00:00","breadcrumb":{"@id":"https:\/\/ekco-ci.com\/ecommerce\/produit\/tpe-terminal-de-paiement-mobile-verifone-x990-2\/#breadcrumb"},"inLanguage":"fr-FR","potentialAction":[{"@type":"ReadAction","target":["https:\/\/ekco-ci.com\/ecommerce\/produit\/tpe-terminal-de-paiement-mobile-verifone-x990-2\/"]}]},{"@type":"ImageObject","inLanguage":"fr-FR","@id":"https:\/\/ekco-ci.com\/ecommerce\/produit\/tpe-terminal-de-paiement-mobile-verifone-x990-2\/#primaryimage","url":"https:\/\/ekco-ci.com\/ecommerce\/wp-content\/uploads\/2024\/09\/2-45.jpg","contentUrl":"https:\/\/ekco-ci.com\/ecommerce\/wp-content\/uploads\/2024\/09\/2-45.jpg","width":680,"height":680},{"@type":"BreadcrumbList","@id":"https:\/\/ekco-ci.com\/ecommerce\/produit\/tpe-terminal-de-paiement-mobile-verifone-x990-2\/#breadcrumb","itemListElement":[{"@type":"ListItem","position":1,"name":"Home","item":"https:\/\/ekco-ci.com\/ecommerce\/"},{"@type":"ListItem","position":2,"name":"Boutique","item":"https:\/\/ekco-ci.com\/ecommerce\/boutique\/"},{"@type":"ListItem","position":3,"name":"TPE Terminal De Paiement Mobile &#8211; Verifone X990"}]},{"@type":"WebSite","@id":"https:\/\/ekco-ci.com\/ecommerce\/#website","url":"https:\/\/ekco-ci.com\/ecommerce\/","name":"Ekco Boutique","description":"Ekco Boutique! La qualit\u00e9 au c\u0153ur de chaque achat","publisher":{"@id":"https:\/\/ekco-ci.com\/ecommerce\/#organization"},"alternateName":"Boutique","potentialAction":[{"@type":"SearchAction","target":{"@type":"EntryPoint","urlTemplate":"https:\/\/ekco-ci.com\/ecommerce\/?s={search_term_string}"},"query-input":{"@type":"PropertyValueSpecification","valueRequired":true,"valueName":"search_term_string"}}],"inLanguage":"fr-FR"},{"@type":"Organization","@id":"https:\/\/ekco-ci.com\/ecommerce\/#organization","name":"Ekco Boutique","url":"https:\/\/ekco-ci.com\/ecommerce\/","logo":{"@type":"ImageObject","inLanguage":"fr-FR","@id":"https:\/\/ekco-ci.com\/ecommerce\/#\/schema\/logo\/image\/","url":"https:\/\/ekco-ci.com\/ecommerce\/wp-content\/uploads\/2024\/08\/cropped-lologo.png","contentUrl":"https:\/\/ekco-ci.com\/ecommerce\/wp-content\/uploads\/2024\/08\/cropped-lologo.png","width":512,"height":512,"caption":"Ekco Boutique"},"image":{"@id":"https:\/\/ekco-ci.com\/ecommerce\/#\/schema\/logo\/image\/"}}]}},"uagb_featured_image_src":{"full":["https:\/\/ekco-ci.com\/ecommerce\/wp-content\/uploads\/2024\/09\/2-45.jpg",680,680,false],"thumbnail":["https:\/\/ekco-ci.com\/ecommerce\/wp-content\/uploads\/2024\/09\/2-45-150x150.jpg",150,150,true],"medium":["https:\/\/ekco-ci.com\/ecommerce\/wp-content\/uploads\/2024\/09\/2-45-300x300.jpg",300,300,true],"medium_large":["https:\/\/ekco-ci.com\/ecommerce\/wp-content\/uploads\/2024\/09\/2-45.jpg",680,680,false],"large":["https:\/\/ekco-ci.com\/ecommerce\/wp-content\/uploads\/2024\/09\/2-45.jpg",680,680,false],"1536x1536":["https:\/\/ekco-ci.com\/ecommerce\/wp-content\/uploads\/2024\/09\/2-45.jpg",680,680,false],"2048x2048":["https:\/\/ekco-ci.com\/ecommerce\/wp-content\/uploads\/2024\/09\/2-45.jpg",680,680,false],"cfw_cart_thumb":["https:\/\/ekco-ci.com\/ecommerce\/wp-content\/uploads\/2024\/09\/2-45-60x60.jpg",60,60,true],"cfw_order_bump_thumb":["https:\/\/ekco-ci.com\/ecommerce\/wp-content\/uploads\/2024\/09\/2-45.jpg",320,320,false],"woocommerce_thumbnail":["https:\/\/ekco-ci.com\/ecommerce\/wp-content\/uploads\/2024\/09\/2-45-300x225.jpg",300,225,true],"woocommerce_single":["https:\/\/ekco-ci.com\/ecommerce\/wp-content\/uploads\/2024\/09\/2-45-600x600.jpg",600,600,true],"woocommerce_gallery_thumbnail":["https:\/\/ekco-ci.com\/ecommerce\/wp-content\/uploads\/2024\/09\/2-45-100x100.jpg",100,100,true]},"uagb_author_info":{"display_name":"ekco","author_link":"https:\/\/ekco-ci.com\/ecommerce\/author\/"},"uagb_comment_info":0,"uagb_excerpt":"TPE Terminal De Paiement Mobile &#8211; Verifone X990 Le X990 de Verifone est un appareil intelligent portable fin, l\u00e9ger et [&hellip;]","_links":{"self":[{"href":"https:\/\/ekco-ci.com\/ecommerce\/wp-json\/wp\/v2\/product\/5163","targetHints":{"allow":["GET"]}}],"collection":[{"href":"https:\/\/ekco-ci.com\/ecommerce\/wp-json\/wp\/v2\/product"}],"about":[{"href":"https:\/\/ekco-ci.com\/ecommerce\/wp-json\/wp\/v2\/types\/product"}],"replies":[{"embeddable":true,"href":"https:\/\/ekco-ci.com\/ecommerce\/wp-json\/wp\/v2\/comments?post=5163"}],"wp:featuredmedia":[{"embeddable":true,"href":"https:\/\/ekco-ci.com\/ecommerce\/wp-json\/wp\/v2\/media\/5160"}],"wp:attachment":[{"href":"https:\/\/ekco-ci.com\/ecommerce\/wp-json\/wp\/v2\/media?parent=5163"}],"wp:term":[{"taxonomy":"product_brand","embeddable":true,"href":"https:\/\/ekco-ci.com\/ecommerce\/wp-json\/wp\/v2\/product_brand?post=5163"},{"taxonomy":"product_cat","embeddable":true,"href":"https:\/\/ekco-ci.com\/ecommerce\/wp-json\/wp\/v2\/product_cat?post=5163"},{"taxonomy":"product_tag","embeddable":true,"href":"https:\/\/ekco-ci.com\/ecommerce\/wp-json\/wp\/v2\/product_tag?post=5163"}],"curies":[{"name":"wp","href":"https:\/\/api.w.org\/{rel}","templated":true}]}}