{"id":500,"date":"2024-08-09T11:39:22","date_gmt":"2024-08-09T11:39:22","guid":{"rendered":"https:\/\/ekco-ci.com\/ecommerce\/?post_type=product&#038;p=500"},"modified":"2024-12-12T09:12:28","modified_gmt":"2024-12-12T09:12:28","slug":"infinix-smart-7-hd-6-6-dual-sim-64go-2go-8mp-5000-mah-noir","status":"publish","type":"product","link":"https:\/\/ekco-ci.com\/ecommerce\/produit\/infinix-smart-7-hd-6-6-dual-sim-64go-2go-8mp-5000-mah-noir\/","title":{"rendered":"Infinix Smart 7 HD &#8211; 6.6&#8243;- Dual Sim &#8211; 64Go + 2Go &#8211; 8MP &#8211; 5000 MAh &#8211; Noir"},"content":{"rendered":"<h1 style=\"text-align: center\"><strong>Infinix Smart 7 HD<\/strong><\/h1>\n<p style=\"text-align: center\"><img decoding=\"async\" src=\"https:\/\/ci.jumia.is\/cms\/external\/pet\/IN805MP0EMGIMNAFAMZ\/7fba3e45b4fe173fdd5be054c90c0915.jpg\" alt=\"\" data-mce-=\"\" data-src=\"https:\/\/ci.jumia.is\/cms\/external\/pet\/IN805MP0EMGIMNAFAMZ\/7fba3e45b4fe173fdd5be054c90c0915.jpg\" \/><\/p>\n<h2 style=\"text-align: center\"><strong>Texture &amp; Design 3D \/ 64 GB ROM \/ RAM extensible<\/strong><\/h2>\n<h3 style=\"text-align: center\"><strong>\u00a0<\/strong><\/h3>\n<p style=\"text-align: center\">Le SMART 7 HD s&#8217;est inspir\u00e9 des ondulations vives pour vous offrir une exp\u00e9rience dynamique unique et branch\u00e9e comme nulle autre.<\/p>\n<p style=\"text-align: center\">64 GB de stockage massif et plus encore. La technologie de rationalisation du stockage Infinix de ce Smartphone optimise la logique de stockage des fichiers existants pour lib\u00e9rer jusqu&#8217;\u00e0 15 % d&#8217;espace de stockage, ce qui donne plus d&#8217;espace pour stocker vos applications pr\u00e9f\u00e9r\u00e9es, vos photos et votre musique.<\/p>\n<p style=\"text-align: center\">Le SMART 7 HD offre un nouveau niveau de fluidit\u00e9 dans sa cat\u00e9gorie. Regarder des films, \u00e9couter de la musique, ou la musique quotidienne ou d&#8217;autres sc\u00e9narios peuvent \u00eatre rendus plus agr\u00e9ables avec la plus grande RAM (y compris 2 Go de RAM \u00e9tendue).<\/p>\n<p style=\"text-align: center\">Pour r\u00e9pondre \u00e0 vos besoins en constante \u00e9volution pour toutes les photos, vid\u00e9os et chansons qui vous tiennent \u00e0 c\u0153ur, le SMART 7 HD prend en charge l&#8217;extension du stockage jusqu&#8217;\u00e0 2 Go. Vous pouvez donc enregistrer votre quotidien et ce qui vous passionne sans vous inqui\u00e9ter.<\/p>\n<p style=\"text-align: center\"><strong><img fetchpriority=\"high\" decoding=\"async\" src=\"https:\/\/ci.jumia.is\/cms\/external\/pet\/IN805MP0EMGIMNAFAMZ\/380afbed39e506e6a1e52dac5a749df6.jpg\" alt=\"\" width=\"544\" height=\"741\" data-mce-=\"\" data-src=\"https:\/\/ci.jumia.is\/cms\/external\/pet\/IN805MP0EMGIMNAFAMZ\/380afbed39e506e6a1e52dac5a749df6.jpg\" \/><\/strong><\/p>\n<h2 style=\"text-align: center\"><strong>Puissant processeur Octa Core \u00e0 Intelligence Artificielle (IA)<\/strong><\/h2>\n<h3 style=\"text-align: center\"><strong>\u00a0<\/strong><\/h3>\n<p style=\"text-align: center\">La plateforme de processeur IA Octa Core hautement int\u00e9gr\u00e9e est le cerveau intelligent sur lequel vous pouvez compter. Elle g\u00e8re facilement vos besoins quotidiens en mati\u00e8re de communication, de photo ou de vos autres utilisations quotidiennes.<\/p>\n<p style=\"text-align: center\">La plateforme de processeur IA Octa Core hautement int\u00e9gr\u00e9e est le cerveau intelligent sur lequel vous pouvez compter. Elle g\u00e8re facilement vos besoins quotidiens en mati\u00e8re de communication, de photo ou d&#8217;autres usages.<\/p>\n<p style=\"text-align: center\">Le grand \u00e9cran HD + de 6,6 pouces avec un rapport \u00e9cran\/corps de 84 % cr\u00e9e une exp\u00e9rience visuelle digne d&#8217;un film pour votre plaisir quotidien. Parce que vous avez besoin d&#8217;un \u00e9cran plus lumineux lorsque la lumi\u00e8re est forte \u00e0 l&#8217;ext\u00e9rieur. Le SMART 7 HD pr\u00e9sente 40 niveaux d&#8217;ajustement automatique de la luminosit\u00e9, de 500 nits \u00e0 1 nit, ce qui vous permet de regarder confortablement \u00e0 l&#8217;ext\u00e9rieur, quelles que soient les conditions d&#8217;\u00e9clairage.<\/p>\n<p style=\"text-align: center\"><strong><img decoding=\"async\" src=\"https:\/\/ci.jumia.is\/cms\/external\/pet\/IN805MP0EMGIMNAFAMZ\/23799dfcb4bdf265c6f08ddc34be8bae.jpg\" alt=\"\" width=\"576\" height=\"759\" data-mce-=\"\" data-src=\"https:\/\/ci.jumia.is\/cms\/external\/pet\/IN805MP0EMGIMNAFAMZ\/23799dfcb4bdf265c6f08ddc34be8bae.jpg\" \/><\/strong><\/p>\n<h2 style=\"text-align: center\"><strong>Grande et durable Batterie de 5000 mAh\u00a0<\/strong><\/h2>\n<h3 style=\"text-align: center\"><strong>\u00a0<\/strong><\/h3>\n<p style=\"text-align: center\">La Dur\u00e9e de vie de la batterie extra-longue. La puissante batterie de 5000 mAh vous apporte tout cela et plus encore. Que vous \u00e9coutiez de la musique ou regardiez votre \u00e9mission pr\u00e9f\u00e9r\u00e9e, le SMART 7 HD est con\u00e7u pour durer.<\/p>\n<p style=\"text-align: center\">Du plaisir toute la journ\u00e9e sans souci. Power Marathon offre 3 solutions d&#8217;\u00e9conomie d&#8217;\u00e9nergie diff\u00e9rentes pour s&#8217;adapter \u00e0 vos besoins, le mode d&#8217;\u00e9conomie d&#8217;\u00e9nergie ultra permet une incroyable autonomie en veille pendant toute une journ\u00e9e ou 2 heures d&#8217;appel lorsque la batterie est faible \u00e0 5<strong>%.<\/strong><\/p>\n<p style=\"text-align: center\"><strong><img decoding=\"async\" src=\"https:\/\/ci.jumia.is\/cms\/external\/pet\/IN805MP0EMGIMNAFAMZ\/b9c09bfb85b60db0afe2cd46bfd38298.jpg\" alt=\"\" width=\"434\" height=\"682\" data-mce-=\"\" data-src=\"https:\/\/ci.jumia.is\/cms\/external\/pet\/IN805MP0EMGIMNAFAMZ\/b9c09bfb85b60db0afe2cd46bfd38298.jpg\" \/><\/strong><\/p>\n<h2 style=\"text-align: center\"><strong>Double Camera AI\u00a0<\/strong><\/h2>\n<h3 style=\"text-align: center\"><strong>\u00a0<\/strong><\/h3>\n<p style=\"text-align: center\">D\u00e9couvrez des images nettes avec le nouveau SMART 7 HD et immortalisez tous les beaux moments de votre vie.<\/p>\n<p style=\"text-align: center\">De plus,\u00a0Le d\u00e9verrouillage par empreinte digitale et par reconnaissance faciale du SMART 7 HD offre une exp\u00e9rience de d\u00e9verrouillage s\u00fbre et pratique. Sans manquer que\u00a0Votre cam\u00e9ra de face est \u00e9quip\u00e9e d&#8217;un flash lumineux. Faites ressortir vos selfies \u00e0 tout moment et en tout lieu.<\/p>\n<p style=\"text-align: center\">Soyez aussi un musicien ! L&#8217;application Beez 2.0 fait ressortir le meilleur de votre cr\u00e9ativit\u00e9 en vous permettant de composer votre propre musique, d&#8217;entrer des voix, des paroles et d&#8217;\u00e9diter.<strong>\u00a0<\/strong><\/p>\n<p style=\"text-align: center\"><strong><img decoding=\"async\" src=\"https:\/\/ci.jumia.is\/cms\/external\/pet\/IN805MP0EMGIMNAFAMZ\/b70ac461d1d822bf3f7a3d200bb9c265.jpg\" alt=\"\" data-mce-=\"\" data-src=\"https:\/\/ci.jumia.is\/cms\/external\/pet\/IN805MP0EMGIMNAFAMZ\/b70ac461d1d822bf3f7a3d200bb9c265.jpg\" \/><\/strong><\/p>\n<h2 style=\"text-align: center\"><strong>La s\u00e9rie SMART 7 HD<\/strong><\/h2>\n<h3 style=\"text-align: center\"><strong>\u00a0<\/strong><\/h3>\n<p style=\"text-align: center\">Disponible en : Noir, Blanc, Vert et Bleu<\/p>\n<p><strong><img decoding=\"async\" class=\"aligncenter\" src=\"https:\/\/ci.jumia.is\/cms\/external\/pet\/IN805MP0EMGIMNAFAMZ\/039ed7850ca2df2eab075758bd25c77f.jpg\" alt=\"\" data-mce-=\"\" data-src=\"https:\/\/ci.jumia.is\/cms\/external\/pet\/IN805MP0EMGIMNAFAMZ\/039ed7850ca2df2eab075758bd25c77f.jpg\" \/><\/strong><\/p>\n","protected":false},"excerpt":{"rendered":"<p>Infinix Smart 7 HD Texture &amp; Design 3D \/ 64 GB ROM \/ RAM extensible \u00a0 Le SMART 7 HD [&hellip;]<\/p>\n","protected":false},"featured_media":506,"comment_status":"open","ping_status":"closed","template":"","meta":{"_uag_custom_page_level_css":"","site-sidebar-layout":"default","site-content-layout":"","ast-site-content-layout":"default","site-content-style":"default","site-sidebar-style":"default","ast-global-header-display":"","ast-banner-title-visibility":"","ast-main-header-display":"","ast-hfb-above-header-display":"","ast-hfb-below-header-display":"","ast-hfb-mobile-header-display":"","site-post-title":"","ast-breadcrumbs-content":"","ast-featured-img":"","footer-sml-layout":"","ast-disable-related-posts":"","theme-transparent-header-meta":"default","adv-header-id-meta":"","stick-header-meta":"","header-above-stick-meta":"","header-main-stick-meta":"","header-below-stick-meta":"","astra-migrate-meta-layouts":"set","ast-page-background-enabled":"default","ast-page-background-meta":{"desktop":{"background-color":"var(--ast-global-color-4)","background-image":"","background-repeat":"repeat","background-position":"center center","background-size":"auto","background-attachment":"scroll","background-type":"","background-media":"","overlay-type":"","overlay-color":"","overlay-opacity":"","overlay-gradient":""},"tablet":{"background-color":"","background-image":"","background-repeat":"repeat","background-position":"center center","background-size":"auto","background-attachment":"scroll","background-type":"","background-media":"","overlay-type":"","overlay-color":"","overlay-opacity":"","overlay-gradient":""},"mobile":{"background-color":"","background-image":"","background-repeat":"repeat","background-position":"center center","background-size":"auto","background-attachment":"scroll","background-type":"","background-media":"","overlay-type":"","overlay-color":"","overlay-opacity":"","overlay-gradient":""}},"ast-content-background-meta":{"desktop":{"background-color":"var(--ast-global-color-5)","background-image":"","background-repeat":"repeat","background-position":"center center","background-size":"auto","background-attachment":"scroll","background-type":"","background-media":"","overlay-type":"","overlay-color":"","overlay-opacity":"","overlay-gradient":""},"tablet":{"background-color":"var(--ast-global-color-5)","background-image":"","background-repeat":"repeat","background-position":"center center","background-size":"auto","background-attachment":"scroll","background-type":"","background-media":"","overlay-type":"","overlay-color":"","overlay-opacity":"","overlay-gradient":""},"mobile":{"background-color":"var(--ast-global-color-5)","background-image":"","background-repeat":"repeat","background-position":"center center","background-size":"auto","background-attachment":"scroll","background-type":"","background-media":"","overlay-type":"","overlay-color":"","overlay-opacity":"","overlay-gradient":""}}},"product_brand":[],"product_cat":[42,52,47,46,45,48],"product_tag":[],"class_list":{"0":"post-500","1":"product","2":"type-product","3":"status-publish","4":"has-post-thumbnail","6":"product_cat-boutique-officiel","7":"product_cat-infinix","8":"product_cat-smartphones","9":"product_cat-telephone-portable","10":"product_cat-telephones-tablettes","11":"product_cat-telephones-android","12":"desktop-align-left","13":"tablet-align-left","14":"mobile-align-left","16":"first","17":"instock","18":"shipping-taxable","19":"purchasable","20":"product-type-simple"},"yoast_head":"<!-- This site is optimized with the Yoast SEO plugin v26.8 - https:\/\/yoast.com\/product\/yoast-seo-wordpress\/ -->\n<title>Infinix Smart 7 HD - 6.6&quot;- Dual Sim - 64Go + 2Go - 8MP - 5000 MAh - Noir - Ekco Boutique<\/title>\n<meta name=\"robots\" content=\"index, follow, max-snippet:-1, max-image-preview:large, max-video-preview:-1\" \/>\n<link rel=\"canonical\" href=\"https:\/\/ekco-ci.com\/ecommerce\/produit\/infinix-smart-7-hd-6-6-dual-sim-64go-2go-8mp-5000-mah-noir\/\" \/>\n<meta property=\"og:locale\" content=\"fr_FR\" \/>\n<meta property=\"og:type\" content=\"article\" \/>\n<meta property=\"og:title\" content=\"Infinix Smart 7 HD - 6.6&quot;- Dual Sim - 64Go + 2Go - 8MP - 5000 MAh - Noir - Ekco Boutique\" \/>\n<meta property=\"og:description\" content=\"Infinix Smart 7 HD Texture &amp; Design 3D \/ 64 GB ROM \/ RAM extensible \u00a0 Le SMART 7 HD [&hellip;]\" \/>\n<meta property=\"og:url\" content=\"https:\/\/ekco-ci.com\/ecommerce\/produit\/infinix-smart-7-hd-6-6-dual-sim-64go-2go-8mp-5000-mah-noir\/\" \/>\n<meta property=\"og:site_name\" content=\"Ekco Boutique\" \/>\n<meta property=\"article:modified_time\" content=\"2024-12-12T09:12:28+00:00\" \/>\n<meta property=\"og:image\" content=\"https:\/\/ekco-ci.com\/ecommerce\/wp-content\/uploads\/2024\/08\/1-2.jpg\" \/>\n\t<meta property=\"og:image:width\" content=\"680\" \/>\n\t<meta property=\"og:image:height\" content=\"680\" \/>\n\t<meta property=\"og:image:type\" content=\"image\/jpeg\" \/>\n<meta name=\"twitter:card\" content=\"summary_large_image\" \/>\n<meta name=\"twitter:label1\" content=\"Dur\u00e9e de lecture estim\u00e9e\" \/>\n\t<meta name=\"twitter:data1\" content=\"5 minutes\" \/>\n<script type=\"application\/ld+json\" class=\"yoast-schema-graph\">{\"@context\":\"https:\/\/schema.org\",\"@graph\":[{\"@type\":\"WebPage\",\"@id\":\"https:\/\/ekco-ci.com\/ecommerce\/produit\/infinix-smart-7-hd-6-6-dual-sim-64go-2go-8mp-5000-mah-noir\/\",\"url\":\"https:\/\/ekco-ci.com\/ecommerce\/produit\/infinix-smart-7-hd-6-6-dual-sim-64go-2go-8mp-5000-mah-noir\/\",\"name\":\"Infinix Smart 7 HD - 6.6\\\"- Dual Sim - 64Go + 2Go - 8MP - 5000 MAh - Noir - Ekco Boutique\",\"isPartOf\":{\"@id\":\"https:\/\/ekco-ci.com\/ecommerce\/#website\"},\"primaryImageOfPage\":{\"@id\":\"https:\/\/ekco-ci.com\/ecommerce\/produit\/infinix-smart-7-hd-6-6-dual-sim-64go-2go-8mp-5000-mah-noir\/#primaryimage\"},\"image\":{\"@id\":\"https:\/\/ekco-ci.com\/ecommerce\/produit\/infinix-smart-7-hd-6-6-dual-sim-64go-2go-8mp-5000-mah-noir\/#primaryimage\"},\"thumbnailUrl\":\"https:\/\/ekco-ci.com\/ecommerce\/wp-content\/uploads\/2024\/08\/1-2.jpg\",\"datePublished\":\"2024-08-09T11:39:22+00:00\",\"dateModified\":\"2024-12-12T09:12:28+00:00\",\"breadcrumb\":{\"@id\":\"https:\/\/ekco-ci.com\/ecommerce\/produit\/infinix-smart-7-hd-6-6-dual-sim-64go-2go-8mp-5000-mah-noir\/#breadcrumb\"},\"inLanguage\":\"fr-FR\",\"potentialAction\":[{\"@type\":\"ReadAction\",\"target\":[\"https:\/\/ekco-ci.com\/ecommerce\/produit\/infinix-smart-7-hd-6-6-dual-sim-64go-2go-8mp-5000-mah-noir\/\"]}]},{\"@type\":\"ImageObject\",\"inLanguage\":\"fr-FR\",\"@id\":\"https:\/\/ekco-ci.com\/ecommerce\/produit\/infinix-smart-7-hd-6-6-dual-sim-64go-2go-8mp-5000-mah-noir\/#primaryimage\",\"url\":\"https:\/\/ekco-ci.com\/ecommerce\/wp-content\/uploads\/2024\/08\/1-2.jpg\",\"contentUrl\":\"https:\/\/ekco-ci.com\/ecommerce\/wp-content\/uploads\/2024\/08\/1-2.jpg\",\"width\":680,\"height\":680},{\"@type\":\"BreadcrumbList\",\"@id\":\"https:\/\/ekco-ci.com\/ecommerce\/produit\/infinix-smart-7-hd-6-6-dual-sim-64go-2go-8mp-5000-mah-noir\/#breadcrumb\",\"itemListElement\":[{\"@type\":\"ListItem\",\"position\":1,\"name\":\"Home\",\"item\":\"https:\/\/ekco-ci.com\/ecommerce\/\"},{\"@type\":\"ListItem\",\"position\":2,\"name\":\"Boutique\",\"item\":\"https:\/\/ekco-ci.com\/ecommerce\/boutique\/\"},{\"@type\":\"ListItem\",\"position\":3,\"name\":\"Infinix Smart 7 HD &#8211; 6.6&#8243;- Dual Sim &#8211; 64Go + 2Go &#8211; 8MP &#8211; 5000 MAh &#8211; Noir\"}]},{\"@type\":\"WebSite\",\"@id\":\"https:\/\/ekco-ci.com\/ecommerce\/#website\",\"url\":\"https:\/\/ekco-ci.com\/ecommerce\/\",\"name\":\"Ekco Boutique\",\"description\":\"Ekco Boutique! La qualit\u00e9 au c\u0153ur de chaque achat\",\"publisher\":{\"@id\":\"https:\/\/ekco-ci.com\/ecommerce\/#organization\"},\"alternateName\":\"Boutique\",\"potentialAction\":[{\"@type\":\"SearchAction\",\"target\":{\"@type\":\"EntryPoint\",\"urlTemplate\":\"https:\/\/ekco-ci.com\/ecommerce\/?s={search_term_string}\"},\"query-input\":{\"@type\":\"PropertyValueSpecification\",\"valueRequired\":true,\"valueName\":\"search_term_string\"}}],\"inLanguage\":\"fr-FR\"},{\"@type\":\"Organization\",\"@id\":\"https:\/\/ekco-ci.com\/ecommerce\/#organization\",\"name\":\"Ekco Boutique\",\"url\":\"https:\/\/ekco-ci.com\/ecommerce\/\",\"logo\":{\"@type\":\"ImageObject\",\"inLanguage\":\"fr-FR\",\"@id\":\"https:\/\/ekco-ci.com\/ecommerce\/#\/schema\/logo\/image\/\",\"url\":\"https:\/\/ekco-ci.com\/ecommerce\/wp-content\/uploads\/2024\/08\/cropped-lologo.png\",\"contentUrl\":\"https:\/\/ekco-ci.com\/ecommerce\/wp-content\/uploads\/2024\/08\/cropped-lologo.png\",\"width\":512,\"height\":512,\"caption\":\"Ekco Boutique\"},\"image\":{\"@id\":\"https:\/\/ekco-ci.com\/ecommerce\/#\/schema\/logo\/image\/\"}}]}<\/script>\n<!-- \/ Yoast SEO plugin. -->","yoast_head_json":{"title":"Infinix Smart 7 HD - 6.6\"- Dual Sim - 64Go + 2Go - 8MP - 5000 MAh - Noir - Ekco Boutique","robots":{"index":"index","follow":"follow","max-snippet":"max-snippet:-1","max-image-preview":"max-image-preview:large","max-video-preview":"max-video-preview:-1"},"canonical":"https:\/\/ekco-ci.com\/ecommerce\/produit\/infinix-smart-7-hd-6-6-dual-sim-64go-2go-8mp-5000-mah-noir\/","og_locale":"fr_FR","og_type":"article","og_title":"Infinix Smart 7 HD - 6.6\"- Dual Sim - 64Go + 2Go - 8MP - 5000 MAh - Noir - Ekco Boutique","og_description":"Infinix Smart 7 HD Texture &amp; Design 3D \/ 64 GB ROM \/ RAM extensible \u00a0 Le SMART 7 HD [&hellip;]","og_url":"https:\/\/ekco-ci.com\/ecommerce\/produit\/infinix-smart-7-hd-6-6-dual-sim-64go-2go-8mp-5000-mah-noir\/","og_site_name":"Ekco Boutique","article_modified_time":"2024-12-12T09:12:28+00:00","og_image":[{"width":680,"height":680,"url":"https:\/\/ekco-ci.com\/ecommerce\/wp-content\/uploads\/2024\/08\/1-2.jpg","type":"image\/jpeg"}],"twitter_card":"summary_large_image","twitter_misc":{"Dur\u00e9e de lecture estim\u00e9e":"5 minutes"},"schema":{"@context":"https:\/\/schema.org","@graph":[{"@type":"WebPage","@id":"https:\/\/ekco-ci.com\/ecommerce\/produit\/infinix-smart-7-hd-6-6-dual-sim-64go-2go-8mp-5000-mah-noir\/","url":"https:\/\/ekco-ci.com\/ecommerce\/produit\/infinix-smart-7-hd-6-6-dual-sim-64go-2go-8mp-5000-mah-noir\/","name":"Infinix Smart 7 HD - 6.6\"- Dual Sim - 64Go + 2Go - 8MP - 5000 MAh - Noir - Ekco Boutique","isPartOf":{"@id":"https:\/\/ekco-ci.com\/ecommerce\/#website"},"primaryImageOfPage":{"@id":"https:\/\/ekco-ci.com\/ecommerce\/produit\/infinix-smart-7-hd-6-6-dual-sim-64go-2go-8mp-5000-mah-noir\/#primaryimage"},"image":{"@id":"https:\/\/ekco-ci.com\/ecommerce\/produit\/infinix-smart-7-hd-6-6-dual-sim-64go-2go-8mp-5000-mah-noir\/#primaryimage"},"thumbnailUrl":"https:\/\/ekco-ci.com\/ecommerce\/wp-content\/uploads\/2024\/08\/1-2.jpg","datePublished":"2024-08-09T11:39:22+00:00","dateModified":"2024-12-12T09:12:28+00:00","breadcrumb":{"@id":"https:\/\/ekco-ci.com\/ecommerce\/produit\/infinix-smart-7-hd-6-6-dual-sim-64go-2go-8mp-5000-mah-noir\/#breadcrumb"},"inLanguage":"fr-FR","potentialAction":[{"@type":"ReadAction","target":["https:\/\/ekco-ci.com\/ecommerce\/produit\/infinix-smart-7-hd-6-6-dual-sim-64go-2go-8mp-5000-mah-noir\/"]}]},{"@type":"ImageObject","inLanguage":"fr-FR","@id":"https:\/\/ekco-ci.com\/ecommerce\/produit\/infinix-smart-7-hd-6-6-dual-sim-64go-2go-8mp-5000-mah-noir\/#primaryimage","url":"https:\/\/ekco-ci.com\/ecommerce\/wp-content\/uploads\/2024\/08\/1-2.jpg","contentUrl":"https:\/\/ekco-ci.com\/ecommerce\/wp-content\/uploads\/2024\/08\/1-2.jpg","width":680,"height":680},{"@type":"BreadcrumbList","@id":"https:\/\/ekco-ci.com\/ecommerce\/produit\/infinix-smart-7-hd-6-6-dual-sim-64go-2go-8mp-5000-mah-noir\/#breadcrumb","itemListElement":[{"@type":"ListItem","position":1,"name":"Home","item":"https:\/\/ekco-ci.com\/ecommerce\/"},{"@type":"ListItem","position":2,"name":"Boutique","item":"https:\/\/ekco-ci.com\/ecommerce\/boutique\/"},{"@type":"ListItem","position":3,"name":"Infinix Smart 7 HD &#8211; 6.6&#8243;- Dual Sim &#8211; 64Go + 2Go &#8211; 8MP &#8211; 5000 MAh &#8211; Noir"}]},{"@type":"WebSite","@id":"https:\/\/ekco-ci.com\/ecommerce\/#website","url":"https:\/\/ekco-ci.com\/ecommerce\/","name":"Ekco Boutique","description":"Ekco Boutique! La qualit\u00e9 au c\u0153ur de chaque achat","publisher":{"@id":"https:\/\/ekco-ci.com\/ecommerce\/#organization"},"alternateName":"Boutique","potentialAction":[{"@type":"SearchAction","target":{"@type":"EntryPoint","urlTemplate":"https:\/\/ekco-ci.com\/ecommerce\/?s={search_term_string}"},"query-input":{"@type":"PropertyValueSpecification","valueRequired":true,"valueName":"search_term_string"}}],"inLanguage":"fr-FR"},{"@type":"Organization","@id":"https:\/\/ekco-ci.com\/ecommerce\/#organization","name":"Ekco Boutique","url":"https:\/\/ekco-ci.com\/ecommerce\/","logo":{"@type":"ImageObject","inLanguage":"fr-FR","@id":"https:\/\/ekco-ci.com\/ecommerce\/#\/schema\/logo\/image\/","url":"https:\/\/ekco-ci.com\/ecommerce\/wp-content\/uploads\/2024\/08\/cropped-lologo.png","contentUrl":"https:\/\/ekco-ci.com\/ecommerce\/wp-content\/uploads\/2024\/08\/cropped-lologo.png","width":512,"height":512,"caption":"Ekco Boutique"},"image":{"@id":"https:\/\/ekco-ci.com\/ecommerce\/#\/schema\/logo\/image\/"}}]}},"uagb_featured_image_src":{"full":["https:\/\/ekco-ci.com\/ecommerce\/wp-content\/uploads\/2024\/08\/1-2.jpg",680,680,false],"thumbnail":["https:\/\/ekco-ci.com\/ecommerce\/wp-content\/uploads\/2024\/08\/1-2-150x150.jpg",150,150,true],"medium":["https:\/\/ekco-ci.com\/ecommerce\/wp-content\/uploads\/2024\/08\/1-2-300x300.jpg",300,300,true],"medium_large":["https:\/\/ekco-ci.com\/ecommerce\/wp-content\/uploads\/2024\/08\/1-2.jpg",680,680,false],"large":["https:\/\/ekco-ci.com\/ecommerce\/wp-content\/uploads\/2024\/08\/1-2.jpg",680,680,false],"1536x1536":["https:\/\/ekco-ci.com\/ecommerce\/wp-content\/uploads\/2024\/08\/1-2.jpg",680,680,false],"2048x2048":["https:\/\/ekco-ci.com\/ecommerce\/wp-content\/uploads\/2024\/08\/1-2.jpg",680,680,false],"cfw_cart_thumb":["https:\/\/ekco-ci.com\/ecommerce\/wp-content\/uploads\/2024\/08\/1-2.jpg",60,60,false],"cfw_order_bump_thumb":["https:\/\/ekco-ci.com\/ecommerce\/wp-content\/uploads\/2024\/08\/1-2.jpg",320,320,false],"woocommerce_thumbnail":["https:\/\/ekco-ci.com\/ecommerce\/wp-content\/uploads\/2024\/08\/1-2-300x225.jpg",300,225,true],"woocommerce_single":["https:\/\/ekco-ci.com\/ecommerce\/wp-content\/uploads\/2024\/08\/1-2-600x600.jpg",600,600,true],"woocommerce_gallery_thumbnail":["https:\/\/ekco-ci.com\/ecommerce\/wp-content\/uploads\/2024\/08\/1-2-100x100.jpg",100,100,true]},"uagb_author_info":{"display_name":"Joseph Kouam\u00e9","author_link":"https:\/\/ekco-ci.com\/ecommerce\/author\/"},"uagb_comment_info":0,"uagb_excerpt":"Infinix Smart 7 HD Texture &amp; Design 3D \/ 64 GB ROM \/ RAM extensible \u00a0 Le SMART 7 HD [&hellip;]","_links":{"self":[{"href":"https:\/\/ekco-ci.com\/ecommerce\/wp-json\/wp\/v2\/product\/500","targetHints":{"allow":["GET"]}}],"collection":[{"href":"https:\/\/ekco-ci.com\/ecommerce\/wp-json\/wp\/v2\/product"}],"about":[{"href":"https:\/\/ekco-ci.com\/ecommerce\/wp-json\/wp\/v2\/types\/product"}],"replies":[{"embeddable":true,"href":"https:\/\/ekco-ci.com\/ecommerce\/wp-json\/wp\/v2\/comments?post=500"}],"wp:featuredmedia":[{"embeddable":true,"href":"https:\/\/ekco-ci.com\/ecommerce\/wp-json\/wp\/v2\/media\/506"}],"wp:attachment":[{"href":"https:\/\/ekco-ci.com\/ecommerce\/wp-json\/wp\/v2\/media?parent=500"}],"wp:term":[{"taxonomy":"product_brand","embeddable":true,"href":"https:\/\/ekco-ci.com\/ecommerce\/wp-json\/wp\/v2\/product_brand?post=500"},{"taxonomy":"product_cat","embeddable":true,"href":"https:\/\/ekco-ci.com\/ecommerce\/wp-json\/wp\/v2\/product_cat?post=500"},{"taxonomy":"product_tag","embeddable":true,"href":"https:\/\/ekco-ci.com\/ecommerce\/wp-json\/wp\/v2\/product_tag?post=500"}],"curies":[{"name":"wp","href":"https:\/\/api.w.org\/{rel}","templated":true}]}}