{"id":4585,"date":"2024-09-11T17:26:15","date_gmt":"2024-09-11T17:26:15","guid":{"rendered":"https:\/\/ekco-ci.com\/ecommerce\/?post_type=product&#038;p=4585"},"modified":"2024-12-12T09:16:06","modified_gmt":"2024-12-12T09:16:06","slug":"chaoba-tondeuse-professional-ch-808-cliper-220-v-50-hz","status":"publish","type":"product","link":"https:\/\/ekco-ci.com\/ecommerce\/produit\/chaoba-tondeuse-professional-ch-808-cliper-220-v-50-hz\/","title":{"rendered":"Chaoba Tondeuse Professional CH-808 Cliper 220 V \/ 50 HZ"},"content":{"rendered":"<div class=\"card aim -mtm\">\n<div class=\"markup -mhm -pvl -oxa -sc\"><img decoding=\"async\" src=\"https:\/\/ci.jumia.is\/cms\/external\/pet\/CH588OT16SRGXNAFAMZ\/626072a066148457a3a3eedea3a576c3.jpg\" alt=\"image\" width=\"800\" data-src=\"https:\/\/ci.jumia.is\/cms\/external\/pet\/CH588OT16SRGXNAFAMZ\/626072a066148457a3a3eedea3a576c3.jpg\" \/><br \/>\nVous prenez soin de vos cheveux ?<\/p>\n<p>Vos cheveux refl\u00e8tent peut-\u00eatre votre personnalit\u00e9. Vous aimez jouez avec pour s\u00e9duire ou avoir de l\u2019allure. La coupe parfaite est essentielle \u00e0 votre quotidien et quand votre \u00ab t\u00eate \u00bb n\u2019est pas \u00e0 votre go\u00fbt, bonjour le stress !<br \/>\nC\u2019est pourquoi, nous vous proposons les outils essentiels \u00e0 une belle coiffure et une belle chevelure au quotidien ; Des tondeuses, des lisseurs pour cheveux et accessoires de marque sont \u00e0 votre disposition pour vous permettre d\u2019\u00eatre toujours au top.<\/p>\n<p><img decoding=\"async\" src=\"https:\/\/ci.jumia.is\/cms\/external\/pet\/CH588OT16SRGXNAFAMZ\/da0047412fdb83a1a69876f236cb8693.jpg\" alt=\"image\" width=\"800\" data-src=\"https:\/\/ci.jumia.is\/cms\/external\/pet\/CH588OT16SRGXNAFAMZ\/da0047412fdb83a1a69876f236cb8693.jpg\" \/><\/p>\n<p>3 Bonnes raisons d\u2019acheter votre propre mat\u00e9riel de coiffure.<\/p>\n<p><b>1 l\u2019hygi\u00e8ne<\/b><\/p>\n<p>Des accessoires personnels pour vos cheveux vous permettent de profiter d\u2019une meilleure hygi\u00e8ne, diminuant ainsi les risques de contracter une maladie li\u00e9e aux cheveux, contrairement \u00e0 un Barbershop.<\/p>\n<p><img decoding=\"async\" src=\"https:\/\/ci.jumia.is\/cms\/external\/pet\/CH588OT16SRGXNAFAMZ\/24c3bb9e4da65b7465608f4867803304.jpg\" alt=\"image\" width=\"800\" data-src=\"https:\/\/ci.jumia.is\/cms\/external\/pet\/CH588OT16SRGXNAFAMZ\/24c3bb9e4da65b7465608f4867803304.jpg\" \/><br \/>\n<b>2 Une meilleure organisation<\/b><\/p>\n<p>Des cheveux vite liss\u00e9, ou une coiffure vite retouch\u00e9e vous permettent un pr\u00e9cieux gain de temps. Vous avez un rendez et vous \u00eatre pris au d\u00e9pourvu ? Bonne nouvelle, vous n\u2019aurez pas besoin d\u2019aller chez votre coiffeur pour vous faire une beaut\u00e9 !<\/p>\n<p><img decoding=\"async\" src=\"https:\/\/ci.jumia.is\/cms\/external\/pet\/CH588OT16SRGXNAFAMZ\/29b61b0a8f383e9aa20f5687f4e62f47.jpg\" alt=\"image\" width=\"800\" data-src=\"https:\/\/ci.jumia.is\/cms\/external\/pet\/CH588OT16SRGXNAFAMZ\/29b61b0a8f383e9aa20f5687f4e62f47.jpg\" \/><br \/>\n<b>3) Faites des \u00e9conomies<\/b><\/p>\n<p>Pour terminer, \u00ab le vrai point ! \u00bb, Comme on dit chez nous, avec votre propre mat\u00e9riel vous faites \u00e9conomies. Vous alliez chez le coiffeur 4 fois par semaine ? Vous irez certainement une seule fois d\u00e9sormais, ou peut-\u00eatre deux. Quoiqu\u2019il en soit, vous avez fait le pari gagnant, en achetant chez votre livreur officiel de bonheur.<br \/>\nJ\u2019oubliais ! Pour une jolie couronne ou une \u00e9pilation parfaite, vous connaissez \u00e9galement la bonne adresse \uf04a<\/p>\n<\/div>\n<\/div>\n<section class=\"card aim -mtm -fs16\">\n<div id=\"specifications\" class=\"hook\"><\/div>\n<header class=\"-pvs -bb\"><\/header>\n<\/section>\n","protected":false},"excerpt":{"rendered":"<p>Vous prenez soin de vos cheveux ? Vos cheveux refl\u00e8tent peut-\u00eatre votre personnalit\u00e9. Vous aimez jouez avec pour s\u00e9duire ou [&hellip;]<\/p>\n","protected":false},"featured_media":4586,"comment_status":"open","ping_status":"closed","template":"","meta":{"_uag_custom_page_level_css":"","site-sidebar-layout":"default","site-content-layout":"","ast-site-content-layout":"default","site-content-style":"default","site-sidebar-style":"default","ast-global-header-display":"","ast-banner-title-visibility":"","ast-main-header-display":"","ast-hfb-above-header-display":"","ast-hfb-below-header-display":"","ast-hfb-mobile-header-display":"","site-post-title":"","ast-breadcrumbs-content":"","ast-featured-img":"","footer-sml-layout":"","ast-disable-related-posts":"","theme-transparent-header-meta":"default","adv-header-id-meta":"","stick-header-meta":"","header-above-stick-meta":"","header-main-stick-meta":"","header-below-stick-meta":"","astra-migrate-meta-layouts":"set","ast-page-background-enabled":"default","ast-page-background-meta":{"desktop":{"background-color":"var(--ast-global-color-4)","background-image":"","background-repeat":"repeat","background-position":"center center","background-size":"auto","background-attachment":"scroll","background-type":"","background-media":"","overlay-type":"","overlay-color":"","overlay-opacity":"","overlay-gradient":""},"tablet":{"background-color":"","background-image":"","background-repeat":"repeat","background-position":"center center","background-size":"auto","background-attachment":"scroll","background-type":"","background-media":"","overlay-type":"","overlay-color":"","overlay-opacity":"","overlay-gradient":""},"mobile":{"background-color":"","background-image":"","background-repeat":"repeat","background-position":"center center","background-size":"auto","background-attachment":"scroll","background-type":"","background-media":"","overlay-type":"","overlay-color":"","overlay-opacity":"","overlay-gradient":""}},"ast-content-background-meta":{"desktop":{"background-color":"var(--ast-global-color-5)","background-image":"","background-repeat":"repeat","background-position":"center center","background-size":"auto","background-attachment":"scroll","background-type":"","background-media":"","overlay-type":"","overlay-color":"","overlay-opacity":"","overlay-gradient":""},"tablet":{"background-color":"var(--ast-global-color-5)","background-image":"","background-repeat":"repeat","background-position":"center center","background-size":"auto","background-attachment":"scroll","background-type":"","background-media":"","overlay-type":"","overlay-color":"","overlay-opacity":"","overlay-gradient":""},"mobile":{"background-color":"var(--ast-global-color-5)","background-image":"","background-repeat":"repeat","background-position":"center center","background-size":"auto","background-attachment":"scroll","background-type":"","background-media":"","overlay-type":"","overlay-color":"","overlay-opacity":"","overlay-gradient":""}}},"product_brand":[],"product_cat":[56,515,502,514,516],"product_tag":[],"class_list":{"0":"post-4585","1":"product","2":"type-product","3":"status-publish","4":"has-post-thumbnail","6":"product_cat-beaute-hygiene","7":"product_cat-hommes","8":"product_cat-hygiene-soins-personnels","9":"product_cat-rasage-et-epilation","10":"product_cat-rasoirs-tondeuses","11":"desktop-align-left","12":"tablet-align-left","13":"mobile-align-left","15":"first","16":"instock","17":"sale","18":"shipping-taxable","19":"purchasable","20":"product-type-simple"},"yoast_head":"<!-- This site is optimized with the Yoast SEO plugin v26.8 - https:\/\/yoast.com\/product\/yoast-seo-wordpress\/ -->\n<title>Chaoba Tondeuse Professional CH-808 Cliper 220 V \/ 50 HZ - Ekco Boutique<\/title>\n<meta name=\"robots\" content=\"index, follow, max-snippet:-1, max-image-preview:large, max-video-preview:-1\" \/>\n<link rel=\"canonical\" href=\"https:\/\/ekco-ci.com\/ecommerce\/produit\/chaoba-tondeuse-professional-ch-808-cliper-220-v-50-hz\/\" \/>\n<meta property=\"og:locale\" content=\"fr_FR\" \/>\n<meta property=\"og:type\" content=\"article\" \/>\n<meta property=\"og:title\" content=\"Chaoba Tondeuse Professional CH-808 Cliper 220 V \/ 50 HZ - Ekco Boutique\" \/>\n<meta property=\"og:description\" content=\"Vous prenez soin de vos cheveux ? Vos cheveux refl\u00e8tent peut-\u00eatre votre personnalit\u00e9. Vous aimez jouez avec pour s\u00e9duire ou [&hellip;]\" \/>\n<meta property=\"og:url\" content=\"https:\/\/ekco-ci.com\/ecommerce\/produit\/chaoba-tondeuse-professional-ch-808-cliper-220-v-50-hz\/\" \/>\n<meta property=\"og:site_name\" content=\"Ekco Boutique\" \/>\n<meta property=\"article:modified_time\" content=\"2024-12-12T09:16:06+00:00\" \/>\n<meta property=\"og:image\" content=\"https:\/\/ekco-ci.com\/ecommerce\/wp-content\/uploads\/2024\/09\/1-7-7.jpg\" \/>\n\t<meta property=\"og:image:width\" content=\"500\" \/>\n\t<meta property=\"og:image:height\" content=\"500\" \/>\n\t<meta property=\"og:image:type\" content=\"image\/jpeg\" \/>\n<meta name=\"twitter:card\" content=\"summary_large_image\" \/>\n<meta name=\"twitter:label1\" content=\"Dur\u00e9e de lecture estim\u00e9e\" \/>\n\t<meta name=\"twitter:data1\" content=\"3 minutes\" \/>\n<script type=\"application\/ld+json\" class=\"yoast-schema-graph\">{\"@context\":\"https:\/\/schema.org\",\"@graph\":[{\"@type\":\"WebPage\",\"@id\":\"https:\/\/ekco-ci.com\/ecommerce\/produit\/chaoba-tondeuse-professional-ch-808-cliper-220-v-50-hz\/\",\"url\":\"https:\/\/ekco-ci.com\/ecommerce\/produit\/chaoba-tondeuse-professional-ch-808-cliper-220-v-50-hz\/\",\"name\":\"Chaoba Tondeuse Professional CH-808 Cliper 220 V \/ 50 HZ - Ekco Boutique\",\"isPartOf\":{\"@id\":\"https:\/\/ekco-ci.com\/ecommerce\/#website\"},\"primaryImageOfPage\":{\"@id\":\"https:\/\/ekco-ci.com\/ecommerce\/produit\/chaoba-tondeuse-professional-ch-808-cliper-220-v-50-hz\/#primaryimage\"},\"image\":{\"@id\":\"https:\/\/ekco-ci.com\/ecommerce\/produit\/chaoba-tondeuse-professional-ch-808-cliper-220-v-50-hz\/#primaryimage\"},\"thumbnailUrl\":\"https:\/\/ekco-ci.com\/ecommerce\/wp-content\/uploads\/2024\/09\/1-7-7.jpg\",\"datePublished\":\"2024-09-11T17:26:15+00:00\",\"dateModified\":\"2024-12-12T09:16:06+00:00\",\"breadcrumb\":{\"@id\":\"https:\/\/ekco-ci.com\/ecommerce\/produit\/chaoba-tondeuse-professional-ch-808-cliper-220-v-50-hz\/#breadcrumb\"},\"inLanguage\":\"fr-FR\",\"potentialAction\":[{\"@type\":\"ReadAction\",\"target\":[\"https:\/\/ekco-ci.com\/ecommerce\/produit\/chaoba-tondeuse-professional-ch-808-cliper-220-v-50-hz\/\"]}]},{\"@type\":\"ImageObject\",\"inLanguage\":\"fr-FR\",\"@id\":\"https:\/\/ekco-ci.com\/ecommerce\/produit\/chaoba-tondeuse-professional-ch-808-cliper-220-v-50-hz\/#primaryimage\",\"url\":\"https:\/\/ekco-ci.com\/ecommerce\/wp-content\/uploads\/2024\/09\/1-7-7.jpg\",\"contentUrl\":\"https:\/\/ekco-ci.com\/ecommerce\/wp-content\/uploads\/2024\/09\/1-7-7.jpg\",\"width\":500,\"height\":500},{\"@type\":\"BreadcrumbList\",\"@id\":\"https:\/\/ekco-ci.com\/ecommerce\/produit\/chaoba-tondeuse-professional-ch-808-cliper-220-v-50-hz\/#breadcrumb\",\"itemListElement\":[{\"@type\":\"ListItem\",\"position\":1,\"name\":\"Home\",\"item\":\"https:\/\/ekco-ci.com\/ecommerce\/\"},{\"@type\":\"ListItem\",\"position\":2,\"name\":\"Boutique\",\"item\":\"https:\/\/ekco-ci.com\/ecommerce\/boutique\/\"},{\"@type\":\"ListItem\",\"position\":3,\"name\":\"Chaoba Tondeuse Professional CH-808 Cliper 220 V \/ 50 HZ\"}]},{\"@type\":\"WebSite\",\"@id\":\"https:\/\/ekco-ci.com\/ecommerce\/#website\",\"url\":\"https:\/\/ekco-ci.com\/ecommerce\/\",\"name\":\"Ekco Boutique\",\"description\":\"Ekco Boutique! La qualit\u00e9 au c\u0153ur de chaque achat\",\"publisher\":{\"@id\":\"https:\/\/ekco-ci.com\/ecommerce\/#organization\"},\"alternateName\":\"Boutique\",\"potentialAction\":[{\"@type\":\"SearchAction\",\"target\":{\"@type\":\"EntryPoint\",\"urlTemplate\":\"https:\/\/ekco-ci.com\/ecommerce\/?s={search_term_string}\"},\"query-input\":{\"@type\":\"PropertyValueSpecification\",\"valueRequired\":true,\"valueName\":\"search_term_string\"}}],\"inLanguage\":\"fr-FR\"},{\"@type\":\"Organization\",\"@id\":\"https:\/\/ekco-ci.com\/ecommerce\/#organization\",\"name\":\"Ekco Boutique\",\"url\":\"https:\/\/ekco-ci.com\/ecommerce\/\",\"logo\":{\"@type\":\"ImageObject\",\"inLanguage\":\"fr-FR\",\"@id\":\"https:\/\/ekco-ci.com\/ecommerce\/#\/schema\/logo\/image\/\",\"url\":\"https:\/\/ekco-ci.com\/ecommerce\/wp-content\/uploads\/2024\/08\/cropped-lologo.png\",\"contentUrl\":\"https:\/\/ekco-ci.com\/ecommerce\/wp-content\/uploads\/2024\/08\/cropped-lologo.png\",\"width\":512,\"height\":512,\"caption\":\"Ekco Boutique\"},\"image\":{\"@id\":\"https:\/\/ekco-ci.com\/ecommerce\/#\/schema\/logo\/image\/\"}}]}<\/script>\n<!-- \/ Yoast SEO plugin. -->","yoast_head_json":{"title":"Chaoba Tondeuse Professional CH-808 Cliper 220 V \/ 50 HZ - Ekco Boutique","robots":{"index":"index","follow":"follow","max-snippet":"max-snippet:-1","max-image-preview":"max-image-preview:large","max-video-preview":"max-video-preview:-1"},"canonical":"https:\/\/ekco-ci.com\/ecommerce\/produit\/chaoba-tondeuse-professional-ch-808-cliper-220-v-50-hz\/","og_locale":"fr_FR","og_type":"article","og_title":"Chaoba Tondeuse Professional CH-808 Cliper 220 V \/ 50 HZ - Ekco Boutique","og_description":"Vous prenez soin de vos cheveux ? Vos cheveux refl\u00e8tent peut-\u00eatre votre personnalit\u00e9. Vous aimez jouez avec pour s\u00e9duire ou [&hellip;]","og_url":"https:\/\/ekco-ci.com\/ecommerce\/produit\/chaoba-tondeuse-professional-ch-808-cliper-220-v-50-hz\/","og_site_name":"Ekco Boutique","article_modified_time":"2024-12-12T09:16:06+00:00","og_image":[{"width":500,"height":500,"url":"https:\/\/ekco-ci.com\/ecommerce\/wp-content\/uploads\/2024\/09\/1-7-7.jpg","type":"image\/jpeg"}],"twitter_card":"summary_large_image","twitter_misc":{"Dur\u00e9e de lecture estim\u00e9e":"3 minutes"},"schema":{"@context":"https:\/\/schema.org","@graph":[{"@type":"WebPage","@id":"https:\/\/ekco-ci.com\/ecommerce\/produit\/chaoba-tondeuse-professional-ch-808-cliper-220-v-50-hz\/","url":"https:\/\/ekco-ci.com\/ecommerce\/produit\/chaoba-tondeuse-professional-ch-808-cliper-220-v-50-hz\/","name":"Chaoba Tondeuse Professional CH-808 Cliper 220 V \/ 50 HZ - Ekco Boutique","isPartOf":{"@id":"https:\/\/ekco-ci.com\/ecommerce\/#website"},"primaryImageOfPage":{"@id":"https:\/\/ekco-ci.com\/ecommerce\/produit\/chaoba-tondeuse-professional-ch-808-cliper-220-v-50-hz\/#primaryimage"},"image":{"@id":"https:\/\/ekco-ci.com\/ecommerce\/produit\/chaoba-tondeuse-professional-ch-808-cliper-220-v-50-hz\/#primaryimage"},"thumbnailUrl":"https:\/\/ekco-ci.com\/ecommerce\/wp-content\/uploads\/2024\/09\/1-7-7.jpg","datePublished":"2024-09-11T17:26:15+00:00","dateModified":"2024-12-12T09:16:06+00:00","breadcrumb":{"@id":"https:\/\/ekco-ci.com\/ecommerce\/produit\/chaoba-tondeuse-professional-ch-808-cliper-220-v-50-hz\/#breadcrumb"},"inLanguage":"fr-FR","potentialAction":[{"@type":"ReadAction","target":["https:\/\/ekco-ci.com\/ecommerce\/produit\/chaoba-tondeuse-professional-ch-808-cliper-220-v-50-hz\/"]}]},{"@type":"ImageObject","inLanguage":"fr-FR","@id":"https:\/\/ekco-ci.com\/ecommerce\/produit\/chaoba-tondeuse-professional-ch-808-cliper-220-v-50-hz\/#primaryimage","url":"https:\/\/ekco-ci.com\/ecommerce\/wp-content\/uploads\/2024\/09\/1-7-7.jpg","contentUrl":"https:\/\/ekco-ci.com\/ecommerce\/wp-content\/uploads\/2024\/09\/1-7-7.jpg","width":500,"height":500},{"@type":"BreadcrumbList","@id":"https:\/\/ekco-ci.com\/ecommerce\/produit\/chaoba-tondeuse-professional-ch-808-cliper-220-v-50-hz\/#breadcrumb","itemListElement":[{"@type":"ListItem","position":1,"name":"Home","item":"https:\/\/ekco-ci.com\/ecommerce\/"},{"@type":"ListItem","position":2,"name":"Boutique","item":"https:\/\/ekco-ci.com\/ecommerce\/boutique\/"},{"@type":"ListItem","position":3,"name":"Chaoba Tondeuse Professional CH-808 Cliper 220 V \/ 50 HZ"}]},{"@type":"WebSite","@id":"https:\/\/ekco-ci.com\/ecommerce\/#website","url":"https:\/\/ekco-ci.com\/ecommerce\/","name":"Ekco Boutique","description":"Ekco Boutique! La qualit\u00e9 au c\u0153ur de chaque achat","publisher":{"@id":"https:\/\/ekco-ci.com\/ecommerce\/#organization"},"alternateName":"Boutique","potentialAction":[{"@type":"SearchAction","target":{"@type":"EntryPoint","urlTemplate":"https:\/\/ekco-ci.com\/ecommerce\/?s={search_term_string}"},"query-input":{"@type":"PropertyValueSpecification","valueRequired":true,"valueName":"search_term_string"}}],"inLanguage":"fr-FR"},{"@type":"Organization","@id":"https:\/\/ekco-ci.com\/ecommerce\/#organization","name":"Ekco Boutique","url":"https:\/\/ekco-ci.com\/ecommerce\/","logo":{"@type":"ImageObject","inLanguage":"fr-FR","@id":"https:\/\/ekco-ci.com\/ecommerce\/#\/schema\/logo\/image\/","url":"https:\/\/ekco-ci.com\/ecommerce\/wp-content\/uploads\/2024\/08\/cropped-lologo.png","contentUrl":"https:\/\/ekco-ci.com\/ecommerce\/wp-content\/uploads\/2024\/08\/cropped-lologo.png","width":512,"height":512,"caption":"Ekco Boutique"},"image":{"@id":"https:\/\/ekco-ci.com\/ecommerce\/#\/schema\/logo\/image\/"}}]}},"uagb_featured_image_src":{"full":["https:\/\/ekco-ci.com\/ecommerce\/wp-content\/uploads\/2024\/09\/1-7-7.jpg",500,500,false],"thumbnail":["https:\/\/ekco-ci.com\/ecommerce\/wp-content\/uploads\/2024\/09\/1-7-7-150x150.jpg",150,150,true],"medium":["https:\/\/ekco-ci.com\/ecommerce\/wp-content\/uploads\/2024\/09\/1-7-7-300x300.jpg",300,300,true],"medium_large":["https:\/\/ekco-ci.com\/ecommerce\/wp-content\/uploads\/2024\/09\/1-7-7.jpg",500,500,false],"large":["https:\/\/ekco-ci.com\/ecommerce\/wp-content\/uploads\/2024\/09\/1-7-7.jpg",500,500,false],"1536x1536":["https:\/\/ekco-ci.com\/ecommerce\/wp-content\/uploads\/2024\/09\/1-7-7.jpg",500,500,false],"2048x2048":["https:\/\/ekco-ci.com\/ecommerce\/wp-content\/uploads\/2024\/09\/1-7-7.jpg",500,500,false],"cfw_cart_thumb":["https:\/\/ekco-ci.com\/ecommerce\/wp-content\/uploads\/2024\/09\/1-7-7-60x60.jpg",60,60,true],"cfw_order_bump_thumb":["https:\/\/ekco-ci.com\/ecommerce\/wp-content\/uploads\/2024\/09\/1-7-7.jpg",320,320,false],"woocommerce_thumbnail":["https:\/\/ekco-ci.com\/ecommerce\/wp-content\/uploads\/2024\/09\/1-7-7-300x225.jpg",300,225,true],"woocommerce_single":["https:\/\/ekco-ci.com\/ecommerce\/wp-content\/uploads\/2024\/09\/1-7-7.jpg",500,500,false],"woocommerce_gallery_thumbnail":["https:\/\/ekco-ci.com\/ecommerce\/wp-content\/uploads\/2024\/09\/1-7-7-100x100.jpg",100,100,true]},"uagb_author_info":{"display_name":"Christabelle Moulo","author_link":"https:\/\/ekco-ci.com\/ecommerce\/author\/"},"uagb_comment_info":0,"uagb_excerpt":"Vous prenez soin de vos cheveux ? Vos cheveux refl\u00e8tent peut-\u00eatre votre personnalit\u00e9. Vous aimez jouez avec pour s\u00e9duire ou [&hellip;]","_links":{"self":[{"href":"https:\/\/ekco-ci.com\/ecommerce\/wp-json\/wp\/v2\/product\/4585","targetHints":{"allow":["GET"]}}],"collection":[{"href":"https:\/\/ekco-ci.com\/ecommerce\/wp-json\/wp\/v2\/product"}],"about":[{"href":"https:\/\/ekco-ci.com\/ecommerce\/wp-json\/wp\/v2\/types\/product"}],"replies":[{"embeddable":true,"href":"https:\/\/ekco-ci.com\/ecommerce\/wp-json\/wp\/v2\/comments?post=4585"}],"wp:featuredmedia":[{"embeddable":true,"href":"https:\/\/ekco-ci.com\/ecommerce\/wp-json\/wp\/v2\/media\/4586"}],"wp:attachment":[{"href":"https:\/\/ekco-ci.com\/ecommerce\/wp-json\/wp\/v2\/media?parent=4585"}],"wp:term":[{"taxonomy":"product_brand","embeddable":true,"href":"https:\/\/ekco-ci.com\/ecommerce\/wp-json\/wp\/v2\/product_brand?post=4585"},{"taxonomy":"product_cat","embeddable":true,"href":"https:\/\/ekco-ci.com\/ecommerce\/wp-json\/wp\/v2\/product_cat?post=4585"},{"taxonomy":"product_tag","embeddable":true,"href":"https:\/\/ekco-ci.com\/ecommerce\/wp-json\/wp\/v2\/product_tag?post=4585"}],"curies":[{"name":"wp","href":"https:\/\/api.w.org\/{rel}","templated":true}]}}