{"id":4367,"date":"2024-09-07T12:50:23","date_gmt":"2024-09-07T12:50:23","guid":{"rendered":"https:\/\/ekco-ci.com\/ecommerce\/?post_type=product&#038;p=4367"},"modified":"2024-12-12T09:15:53","modified_gmt":"2024-12-12T09:15:53","slug":"lenovo-pc-bureau-v50t-13imb-core-i3-4gb-1000-go-hdd-22-garantie-6-mois","status":"publish","type":"product","link":"https:\/\/ekco-ci.com\/ecommerce\/produit\/lenovo-pc-bureau-v50t-13imb-core-i3-4gb-1000-go-hdd-22-garantie-6-mois\/","title":{"rendered":"Lenovo PC Bureau &#8211; V50T-13IMB &#8211; Core I3 &#8211; 4GB &#8211; 1000 GO HDD &#8211; 22&#8221; &#8211; Garantie 6 Mois"},"content":{"rendered":"<h1 class=\"-fs20 -pts -pbxs\">Lenovo PC Bureau &#8211; V50T-13IMB &#8211; Core I3 &#8211; 4GB &#8211; 1000 GO HDD &#8211; 22&#8221; &#8211; Garantie 6 Mois<\/h1>\n<p>&nbsp;<\/p>\n<p><img decoding=\"async\" src=\"https:\/\/ci.jumia.is\/cms\/external\/pet\/LE018CL06C07CNAFAMZ\/64c83359cfaeb37a35c11acb89342a01.jpg\" alt=\"Vue de dessus du PC tour Lenovo\u00a0V50t \u00e0 90\u00a0degr\u00e9s, montrant les ports avant, le dessus et le c\u00f4t\u00e9\" data-src=\"https:\/\/ci.jumia.is\/cms\/external\/pet\/LE018CL06C07CNAFAMZ\/64c83359cfaeb37a35c11acb89342a01.jpg\" \/><\/p>\n<p>Productivit\u00e9 durable<\/p>\n<p>Augmentez votre productivit\u00e9 avec le PC de bureau au format tour Lenovo V50t Gen 2. Avec ses processeurs allant jusqu\u2019au mod\u00e8le Intel\u00ae Core\u2122 i9 de 11e g\u00e9n\u00e9ration, ainsi que sa m\u00e9moire et son stockage fluides, il vous offre toute la puissance n\u00e9cessaire pour accomplir efficacement n\u2019importe quelle t\u00e2che. Son niveau sonore ultra-faible et son efficacit\u00e9 \u00e9nerg\u00e9tique sont \u00e9galement certifi\u00e9s, ce qui est meilleur pour la plan\u00e8te et vos r\u00e9sultats financiers.<\/p>\n<p>La puissance \u00e0 port\u00e9e de main<\/p>\n<p>Vous avez besoin de consulter vos e-mails ? Ou d\u2019\u00e9diter une vid\u00e9o 4K ? L\u2019interface BIOS simple \u00e0 utiliser du Lenovo V50t Gen 2 vous permet de basculer entre diff\u00e9rents modes de performance en fonction de vos besoins. Vous pouvez \u00e9galement choisir entre deux cartes graphiques ind\u00e9pendantes : soit l\u2019AMD Radeon\u2122 avec 4 Go de GDDR5, soit la NVIDIA\u00ae GeForce\u00ae avec 4 Go de GDDR6 (bient\u00f4t disponible). La balle est dans votre camp !<\/p>\n<p><img decoding=\"async\" src=\"https:\/\/ci.jumia.is\/cms\/external\/pet\/LE018CL06C07CNAFAMZ\/1c7864978d4805d5a2c4c89012cf6c52.jpg\" alt=\"Lenovo V50t Gen 2 Tower (Intel)\" data-src=\"https:\/\/ci.jumia.is\/cms\/external\/pet\/LE018CL06C07CNAFAMZ\/1c7864978d4805d5a2c4c89012cf6c52.jpg\" \/><\/p>\n<p>Chez lui partout<\/p>\n<p>Avec sa finition \u00e9l\u00e9gante et lisse, le Lenovo V50t Gen 2 semble \u00eatre chez lui n\u2019importe o\u00f9, au bureau comme \u00e0 la biblioth\u00e8que. Il offre \u00e9galement un port USB d\u00e9di\u00e9 pour un clavier et la fonction Smart Power On, qui vous permet de l\u2019allumer \u00e0 l\u2019aide d\u2019un raccourci clavier plut\u00f4t qu\u2019avec le bouton de mise sous tension.<\/p>\n<p>Une s\u00e9curit\u00e9 \u00e0 laquelle vous pouvez vous fier<\/p>\n<p>Le Lenovo V50t Gen 2 int\u00e8gre le microprogramme Trusted Platform Module pour chiffrer les donn\u00e9es et les mots de passe. Il dispose du syst\u00e8me Smart USB Protection pour contrecarrer l\u2019utilisation non autoris\u00e9e des ports USB et d\u2019un attache-c\u00e2bles inviolable pour les c\u00e2bles connect\u00e9s aux ports. Enfin, il est \u00e9quip\u00e9 d\u2019un emplacement pour c\u00e2ble de s\u00e9curit\u00e9 Kensington et d\u2019un anneau de cadenas qui s\u00e9curisent physiquement le PC.<\/p>\n<p>&nbsp;<\/p>\n<p>Moniteur, clavier et souris vendus s\u00e9par\u00e9ment.<\/p>\n<p><img decoding=\"async\" src=\"https:\/\/ci.jumia.is\/cms\/external\/pet\/LE018CL06C07CNAFAMZ\/b1c529ce297e0807861acdb87912d6f1.jpg\" alt=\"Lenovo V50t Gen 2 Tower (Intel)\" data-src=\"https:\/\/ci.jumia.is\/cms\/external\/pet\/LE018CL06C07CNAFAMZ\/b1c529ce297e0807861acdb87912d6f1.jpg\" \/><\/p>\n<p>Achetez ce PC et obtenez une mise \u00e0 niveau gratuite vers Windows 11 d\u00e8s qu&#8217;elle est disponible.1<\/p>\n<p>1 Le plan de d\u00e9ploiement de la mise \u00e0 niveau est en cours de finalisation et devrait commencer fin 2021 et se poursuivre jusqu\u2019en 2022. Le calendrier sp\u00e9cifique variera selon l\u2019ordinateur. Certaines fonctionnalit\u00e9s n\u00e9cessitent un mat\u00e9riel sp\u00e9cifique,<\/p>\n<p>&nbsp;<\/p>\n<p>Les sp\u00e9cifications peuvent varier selon la zone g\u00e9ographique\/le mod\u00e8le.<\/p>\n<p><img decoding=\"async\" src=\"https:\/\/ci.jumia.is\/cms\/external\/pet\/LE018CL06C07CNAFAMZ\/bfc160852c94e9b8393e0ad46bc2ed86.jpg\" alt=\"Lenovo Premium Care\" data-src=\"https:\/\/ci.jumia.is\/cms\/external\/pet\/LE018CL06C07CNAFAMZ\/bfc160852c94e9b8393e0ad46bc2ed86.jpg\" \/><\/p>\n<p>Profitez d\u2019un support avanc\u00e9 assur\u00e9 par des personnes en chair et en os avec<\/p>\n<p>Lenovo Premium Care<\/p>\n<p>&nbsp;<\/p>\n<p>Les fonctionnalit\u00e9s et avantages sont les suivants<\/p>\n<p>&nbsp;<\/p>\n<ul>\n<li>Support technique par t\u00e9l\u00e9phone, e-mail et chat<img decoding=\"async\" class=\"emoticon\" src=\"https:\/\/ci.jumia.is\/cms\/external\/pet\/LE018CL06C07CNAFAMZ\/51776ee3999a1c03698deeae347213c6.jpg\" alt=\"\" width=\"16\" height=\"16\" data-src=\"https:\/\/ci.jumia.is\/cms\/external\/pet\/LE018CL06C07CNAFAMZ\/51776ee3999a1c03698deeae347213c6.jpg\" \/><\/li>\n<li>Prestation de service de r\u00e9paration du mat\u00e9riel sur site<img decoding=\"async\" class=\"emoticon\" src=\"https:\/\/ci.jumia.is\/cms\/external\/pet\/LE018CL06C07CNAFAMZ\/51776ee3999a1c03698deeae347213c6.jpg\" alt=\"\" width=\"16\" height=\"16\" data-src=\"https:\/\/ci.jumia.is\/cms\/external\/pet\/LE018CL06C07CNAFAMZ\/51776ee3999a1c03698deeae347213c6.jpg\" \/><\/li>\n<li>Bien d\u00e9marrer avec l\u2019assistance \u00e0 la migration des donn\u00e9es et des param\u00e8tres<img decoding=\"async\" class=\"emoticon\" src=\"https:\/\/ci.jumia.is\/cms\/external\/pet\/LE018CL06C07CNAFAMZ\/51776ee3999a1c03698deeae347213c6.jpg\" alt=\"\" width=\"16\" height=\"16\" data-src=\"https:\/\/ci.jumia.is\/cms\/external\/pet\/LE018CL06C07CNAFAMZ\/51776ee3999a1c03698deeae347213c6.jpg\" \/><\/li>\n<li>Assistance de type \u00ab Bien d\u00e9marrer \u00bb avec des recommandations d\u2019utilisation syst\u00e8me proactives<img decoding=\"async\" class=\"emoticon\" src=\"https:\/\/ci.jumia.is\/cms\/external\/pet\/LE018CL06C07CNAFAMZ\/51776ee3999a1c03698deeae347213c6.jpg\" alt=\"\" width=\"16\" height=\"16\" data-src=\"https:\/\/ci.jumia.is\/cms\/external\/pet\/LE018CL06C07CNAFAMZ\/51776ee3999a1c03698deeae347213c6.jpg\" \/><\/li>\n<li>Interlocuteur unique pour l\u2019expertise mat\u00e9rielle et logicielle<img decoding=\"async\" class=\"emoticon\" src=\"https:\/\/ci.jumia.is\/cms\/external\/pet\/LE018CL06C07CNAFAMZ\/51776ee3999a1c03698deeae347213c6.jpg\" alt=\"\" width=\"16\" height=\"16\" data-src=\"https:\/\/ci.jumia.is\/cms\/external\/pet\/LE018CL06C07CNAFAMZ\/51776ee3999a1c03698deeae347213c6.jpg\" \/><\/li>\n<li>Support logiciel exhaustif avec assistance collaborative pour les logiciels tiers<img decoding=\"async\" class=\"emoticon\" src=\"https:\/\/ci.jumia.is\/cms\/external\/pet\/LE018CL06C07CNAFAMZ\/51776ee3999a1c03698deeae347213c6.jpg\" alt=\"\" width=\"16\" height=\"16\" data-src=\"https:\/\/ci.jumia.is\/cms\/external\/pet\/LE018CL06C07CNAFAMZ\/51776ee3999a1c03698deeae347213c6.jpg\" \/><\/li>\n<li>Bilan de sant\u00e9 annuel complet du PC<\/li>\n<\/ul>\n","protected":false},"excerpt":{"rendered":"<p>Lenovo PC Bureau &#8211; V50T-13IMB &#8211; Core I3 &#8211; 4GB &#8211; 1000 GO HDD &#8211; 22&#8221; &#8211; Garantie 6 Mois [&hellip;]<\/p>\n","protected":false},"featured_media":4369,"comment_status":"open","ping_status":"closed","template":"","meta":{"_uag_custom_page_level_css":"","site-sidebar-layout":"default","site-content-layout":"","ast-site-content-layout":"default","site-content-style":"default","site-sidebar-style":"default","ast-global-header-display":"","ast-banner-title-visibility":"","ast-main-header-display":"","ast-hfb-above-header-display":"","ast-hfb-below-header-display":"","ast-hfb-mobile-header-display":"","site-post-title":"","ast-breadcrumbs-content":"","ast-featured-img":"","footer-sml-layout":"","ast-disable-related-posts":"","theme-transparent-header-meta":"default","adv-header-id-meta":"","stick-header-meta":"","header-above-stick-meta":"","header-main-stick-meta":"","header-below-stick-meta":"","astra-migrate-meta-layouts":"set","ast-page-background-enabled":"default","ast-page-background-meta":{"desktop":{"background-color":"var(--ast-global-color-4)","background-image":"","background-repeat":"repeat","background-position":"center center","background-size":"auto","background-attachment":"scroll","background-type":"","background-media":"","overlay-type":"","overlay-color":"","overlay-opacity":"","overlay-gradient":""},"tablet":{"background-color":"","background-image":"","background-repeat":"repeat","background-position":"center center","background-size":"auto","background-attachment":"scroll","background-type":"","background-media":"","overlay-type":"","overlay-color":"","overlay-opacity":"","overlay-gradient":""},"mobile":{"background-color":"","background-image":"","background-repeat":"repeat","background-position":"center center","background-size":"auto","background-attachment":"scroll","background-type":"","background-media":"","overlay-type":"","overlay-color":"","overlay-opacity":"","overlay-gradient":""}},"ast-content-background-meta":{"desktop":{"background-color":"var(--ast-global-color-5)","background-image":"","background-repeat":"repeat","background-position":"center center","background-size":"auto","background-attachment":"scroll","background-type":"","background-media":"","overlay-type":"","overlay-color":"","overlay-opacity":"","overlay-gradient":""},"tablet":{"background-color":"var(--ast-global-color-5)","background-image":"","background-repeat":"repeat","background-position":"center center","background-size":"auto","background-attachment":"scroll","background-type":"","background-media":"","overlay-type":"","overlay-color":"","overlay-opacity":"","overlay-gradient":""},"mobile":{"background-color":"var(--ast-global-color-5)","background-image":"","background-repeat":"repeat","background-position":"center center","background-size":"auto","background-attachment":"scroll","background-type":"","background-media":"","overlay-type":"","overlay-color":"","overlay-opacity":"","overlay-gradient":""}}},"product_brand":[],"product_cat":[102,350,456,117,351,457],"product_tag":[],"class_list":{"0":"post-4367","1":"product","2":"type-product","3":"status-publish","4":"has-post-thumbnail","6":"product_cat-informatique","7":"product_cat-ordinateurs","8":"product_cat-ordinateurs-de-bureau","9":"product_cat-ordinateurs-et-imprimantes","10":"product_cat-ordinateurs-portables","11":"product_cat-tout-en-un","12":"desktop-align-left","13":"tablet-align-left","14":"mobile-align-left","16":"first","17":"instock","18":"sale","19":"shipping-taxable","20":"purchasable","21":"product-type-simple"},"yoast_head":"<!-- This site is optimized with the Yoast SEO plugin v26.8 - https:\/\/yoast.com\/product\/yoast-seo-wordpress\/ -->\n<title>Lenovo PC Bureau - V50T-13IMB - Core I3 - 4GB - 1000 GO HDD - 22&#039;&#039; - Garantie 6 Mois - Ekco Boutique<\/title>\n<meta name=\"robots\" content=\"index, follow, max-snippet:-1, max-image-preview:large, max-video-preview:-1\" \/>\n<link rel=\"canonical\" href=\"https:\/\/ekco-ci.com\/ecommerce\/produit\/lenovo-pc-bureau-v50t-13imb-core-i3-4gb-1000-go-hdd-22-garantie-6-mois\/\" \/>\n<meta property=\"og:locale\" content=\"fr_FR\" \/>\n<meta property=\"og:type\" content=\"article\" \/>\n<meta property=\"og:title\" content=\"Lenovo PC Bureau - V50T-13IMB - Core I3 - 4GB - 1000 GO HDD - 22&#039;&#039; - Garantie 6 Mois - Ekco Boutique\" \/>\n<meta property=\"og:description\" content=\"Lenovo PC Bureau &#8211; V50T-13IMB &#8211; Core I3 &#8211; 4GB &#8211; 1000 GO HDD &#8211; 22&#8221; &#8211; Garantie 6 Mois [&hellip;]\" \/>\n<meta property=\"og:url\" content=\"https:\/\/ekco-ci.com\/ecommerce\/produit\/lenovo-pc-bureau-v50t-13imb-core-i3-4gb-1000-go-hdd-22-garantie-6-mois\/\" \/>\n<meta property=\"og:site_name\" content=\"Ekco Boutique\" \/>\n<meta property=\"article:modified_time\" content=\"2024-12-12T09:15:53+00:00\" \/>\n<meta property=\"og:image\" content=\"https:\/\/ekco-ci.com\/ecommerce\/wp-content\/uploads\/2024\/09\/4-15-1.jpg\" \/>\n\t<meta property=\"og:image:width\" content=\"500\" \/>\n\t<meta property=\"og:image:height\" content=\"500\" \/>\n\t<meta property=\"og:image:type\" content=\"image\/jpeg\" \/>\n<meta name=\"twitter:card\" content=\"summary_large_image\" \/>\n<meta name=\"twitter:label1\" content=\"Dur\u00e9e de lecture estim\u00e9e\" \/>\n\t<meta name=\"twitter:data1\" content=\"5 minutes\" \/>\n<script type=\"application\/ld+json\" class=\"yoast-schema-graph\">{\"@context\":\"https:\/\/schema.org\",\"@graph\":[{\"@type\":\"WebPage\",\"@id\":\"https:\/\/ekco-ci.com\/ecommerce\/produit\/lenovo-pc-bureau-v50t-13imb-core-i3-4gb-1000-go-hdd-22-garantie-6-mois\/\",\"url\":\"https:\/\/ekco-ci.com\/ecommerce\/produit\/lenovo-pc-bureau-v50t-13imb-core-i3-4gb-1000-go-hdd-22-garantie-6-mois\/\",\"name\":\"Lenovo PC Bureau - V50T-13IMB - Core I3 - 4GB - 1000 GO HDD - 22'' - Garantie 6 Mois - Ekco Boutique\",\"isPartOf\":{\"@id\":\"https:\/\/ekco-ci.com\/ecommerce\/#website\"},\"primaryImageOfPage\":{\"@id\":\"https:\/\/ekco-ci.com\/ecommerce\/produit\/lenovo-pc-bureau-v50t-13imb-core-i3-4gb-1000-go-hdd-22-garantie-6-mois\/#primaryimage\"},\"image\":{\"@id\":\"https:\/\/ekco-ci.com\/ecommerce\/produit\/lenovo-pc-bureau-v50t-13imb-core-i3-4gb-1000-go-hdd-22-garantie-6-mois\/#primaryimage\"},\"thumbnailUrl\":\"https:\/\/ekco-ci.com\/ecommerce\/wp-content\/uploads\/2024\/09\/4-15-1.jpg\",\"datePublished\":\"2024-09-07T12:50:23+00:00\",\"dateModified\":\"2024-12-12T09:15:53+00:00\",\"breadcrumb\":{\"@id\":\"https:\/\/ekco-ci.com\/ecommerce\/produit\/lenovo-pc-bureau-v50t-13imb-core-i3-4gb-1000-go-hdd-22-garantie-6-mois\/#breadcrumb\"},\"inLanguage\":\"fr-FR\",\"potentialAction\":[{\"@type\":\"ReadAction\",\"target\":[\"https:\/\/ekco-ci.com\/ecommerce\/produit\/lenovo-pc-bureau-v50t-13imb-core-i3-4gb-1000-go-hdd-22-garantie-6-mois\/\"]}]},{\"@type\":\"ImageObject\",\"inLanguage\":\"fr-FR\",\"@id\":\"https:\/\/ekco-ci.com\/ecommerce\/produit\/lenovo-pc-bureau-v50t-13imb-core-i3-4gb-1000-go-hdd-22-garantie-6-mois\/#primaryimage\",\"url\":\"https:\/\/ekco-ci.com\/ecommerce\/wp-content\/uploads\/2024\/09\/4-15-1.jpg\",\"contentUrl\":\"https:\/\/ekco-ci.com\/ecommerce\/wp-content\/uploads\/2024\/09\/4-15-1.jpg\",\"width\":500,\"height\":500},{\"@type\":\"BreadcrumbList\",\"@id\":\"https:\/\/ekco-ci.com\/ecommerce\/produit\/lenovo-pc-bureau-v50t-13imb-core-i3-4gb-1000-go-hdd-22-garantie-6-mois\/#breadcrumb\",\"itemListElement\":[{\"@type\":\"ListItem\",\"position\":1,\"name\":\"Home\",\"item\":\"https:\/\/ekco-ci.com\/ecommerce\/\"},{\"@type\":\"ListItem\",\"position\":2,\"name\":\"Boutique\",\"item\":\"https:\/\/ekco-ci.com\/ecommerce\/boutique\/\"},{\"@type\":\"ListItem\",\"position\":3,\"name\":\"Lenovo PC Bureau &#8211; V50T-13IMB &#8211; Core I3 &#8211; 4GB &#8211; 1000 GO HDD &#8211; 22&#8221; &#8211; Garantie 6 Mois\"}]},{\"@type\":\"WebSite\",\"@id\":\"https:\/\/ekco-ci.com\/ecommerce\/#website\",\"url\":\"https:\/\/ekco-ci.com\/ecommerce\/\",\"name\":\"Ekco Boutique\",\"description\":\"Ekco Boutique! La qualit\u00e9 au c\u0153ur de chaque achat\",\"publisher\":{\"@id\":\"https:\/\/ekco-ci.com\/ecommerce\/#organization\"},\"alternateName\":\"Boutique\",\"potentialAction\":[{\"@type\":\"SearchAction\",\"target\":{\"@type\":\"EntryPoint\",\"urlTemplate\":\"https:\/\/ekco-ci.com\/ecommerce\/?s={search_term_string}\"},\"query-input\":{\"@type\":\"PropertyValueSpecification\",\"valueRequired\":true,\"valueName\":\"search_term_string\"}}],\"inLanguage\":\"fr-FR\"},{\"@type\":\"Organization\",\"@id\":\"https:\/\/ekco-ci.com\/ecommerce\/#organization\",\"name\":\"Ekco Boutique\",\"url\":\"https:\/\/ekco-ci.com\/ecommerce\/\",\"logo\":{\"@type\":\"ImageObject\",\"inLanguage\":\"fr-FR\",\"@id\":\"https:\/\/ekco-ci.com\/ecommerce\/#\/schema\/logo\/image\/\",\"url\":\"https:\/\/ekco-ci.com\/ecommerce\/wp-content\/uploads\/2024\/08\/cropped-lologo.png\",\"contentUrl\":\"https:\/\/ekco-ci.com\/ecommerce\/wp-content\/uploads\/2024\/08\/cropped-lologo.png\",\"width\":512,\"height\":512,\"caption\":\"Ekco Boutique\"},\"image\":{\"@id\":\"https:\/\/ekco-ci.com\/ecommerce\/#\/schema\/logo\/image\/\"}}]}<\/script>\n<!-- \/ Yoast SEO plugin. -->","yoast_head_json":{"title":"Lenovo PC Bureau - V50T-13IMB - Core I3 - 4GB - 1000 GO HDD - 22'' - Garantie 6 Mois - Ekco Boutique","robots":{"index":"index","follow":"follow","max-snippet":"max-snippet:-1","max-image-preview":"max-image-preview:large","max-video-preview":"max-video-preview:-1"},"canonical":"https:\/\/ekco-ci.com\/ecommerce\/produit\/lenovo-pc-bureau-v50t-13imb-core-i3-4gb-1000-go-hdd-22-garantie-6-mois\/","og_locale":"fr_FR","og_type":"article","og_title":"Lenovo PC Bureau - V50T-13IMB - Core I3 - 4GB - 1000 GO HDD - 22'' - Garantie 6 Mois - Ekco Boutique","og_description":"Lenovo PC Bureau &#8211; V50T-13IMB &#8211; Core I3 &#8211; 4GB &#8211; 1000 GO HDD &#8211; 22&#8221; &#8211; Garantie 6 Mois [&hellip;]","og_url":"https:\/\/ekco-ci.com\/ecommerce\/produit\/lenovo-pc-bureau-v50t-13imb-core-i3-4gb-1000-go-hdd-22-garantie-6-mois\/","og_site_name":"Ekco Boutique","article_modified_time":"2024-12-12T09:15:53+00:00","og_image":[{"width":500,"height":500,"url":"https:\/\/ekco-ci.com\/ecommerce\/wp-content\/uploads\/2024\/09\/4-15-1.jpg","type":"image\/jpeg"}],"twitter_card":"summary_large_image","twitter_misc":{"Dur\u00e9e de lecture estim\u00e9e":"5 minutes"},"schema":{"@context":"https:\/\/schema.org","@graph":[{"@type":"WebPage","@id":"https:\/\/ekco-ci.com\/ecommerce\/produit\/lenovo-pc-bureau-v50t-13imb-core-i3-4gb-1000-go-hdd-22-garantie-6-mois\/","url":"https:\/\/ekco-ci.com\/ecommerce\/produit\/lenovo-pc-bureau-v50t-13imb-core-i3-4gb-1000-go-hdd-22-garantie-6-mois\/","name":"Lenovo PC Bureau - V50T-13IMB - Core I3 - 4GB - 1000 GO HDD - 22'' - Garantie 6 Mois - Ekco Boutique","isPartOf":{"@id":"https:\/\/ekco-ci.com\/ecommerce\/#website"},"primaryImageOfPage":{"@id":"https:\/\/ekco-ci.com\/ecommerce\/produit\/lenovo-pc-bureau-v50t-13imb-core-i3-4gb-1000-go-hdd-22-garantie-6-mois\/#primaryimage"},"image":{"@id":"https:\/\/ekco-ci.com\/ecommerce\/produit\/lenovo-pc-bureau-v50t-13imb-core-i3-4gb-1000-go-hdd-22-garantie-6-mois\/#primaryimage"},"thumbnailUrl":"https:\/\/ekco-ci.com\/ecommerce\/wp-content\/uploads\/2024\/09\/4-15-1.jpg","datePublished":"2024-09-07T12:50:23+00:00","dateModified":"2024-12-12T09:15:53+00:00","breadcrumb":{"@id":"https:\/\/ekco-ci.com\/ecommerce\/produit\/lenovo-pc-bureau-v50t-13imb-core-i3-4gb-1000-go-hdd-22-garantie-6-mois\/#breadcrumb"},"inLanguage":"fr-FR","potentialAction":[{"@type":"ReadAction","target":["https:\/\/ekco-ci.com\/ecommerce\/produit\/lenovo-pc-bureau-v50t-13imb-core-i3-4gb-1000-go-hdd-22-garantie-6-mois\/"]}]},{"@type":"ImageObject","inLanguage":"fr-FR","@id":"https:\/\/ekco-ci.com\/ecommerce\/produit\/lenovo-pc-bureau-v50t-13imb-core-i3-4gb-1000-go-hdd-22-garantie-6-mois\/#primaryimage","url":"https:\/\/ekco-ci.com\/ecommerce\/wp-content\/uploads\/2024\/09\/4-15-1.jpg","contentUrl":"https:\/\/ekco-ci.com\/ecommerce\/wp-content\/uploads\/2024\/09\/4-15-1.jpg","width":500,"height":500},{"@type":"BreadcrumbList","@id":"https:\/\/ekco-ci.com\/ecommerce\/produit\/lenovo-pc-bureau-v50t-13imb-core-i3-4gb-1000-go-hdd-22-garantie-6-mois\/#breadcrumb","itemListElement":[{"@type":"ListItem","position":1,"name":"Home","item":"https:\/\/ekco-ci.com\/ecommerce\/"},{"@type":"ListItem","position":2,"name":"Boutique","item":"https:\/\/ekco-ci.com\/ecommerce\/boutique\/"},{"@type":"ListItem","position":3,"name":"Lenovo PC Bureau &#8211; V50T-13IMB &#8211; Core I3 &#8211; 4GB &#8211; 1000 GO HDD &#8211; 22&#8221; &#8211; Garantie 6 Mois"}]},{"@type":"WebSite","@id":"https:\/\/ekco-ci.com\/ecommerce\/#website","url":"https:\/\/ekco-ci.com\/ecommerce\/","name":"Ekco Boutique","description":"Ekco Boutique! La qualit\u00e9 au c\u0153ur de chaque achat","publisher":{"@id":"https:\/\/ekco-ci.com\/ecommerce\/#organization"},"alternateName":"Boutique","potentialAction":[{"@type":"SearchAction","target":{"@type":"EntryPoint","urlTemplate":"https:\/\/ekco-ci.com\/ecommerce\/?s={search_term_string}"},"query-input":{"@type":"PropertyValueSpecification","valueRequired":true,"valueName":"search_term_string"}}],"inLanguage":"fr-FR"},{"@type":"Organization","@id":"https:\/\/ekco-ci.com\/ecommerce\/#organization","name":"Ekco Boutique","url":"https:\/\/ekco-ci.com\/ecommerce\/","logo":{"@type":"ImageObject","inLanguage":"fr-FR","@id":"https:\/\/ekco-ci.com\/ecommerce\/#\/schema\/logo\/image\/","url":"https:\/\/ekco-ci.com\/ecommerce\/wp-content\/uploads\/2024\/08\/cropped-lologo.png","contentUrl":"https:\/\/ekco-ci.com\/ecommerce\/wp-content\/uploads\/2024\/08\/cropped-lologo.png","width":512,"height":512,"caption":"Ekco Boutique"},"image":{"@id":"https:\/\/ekco-ci.com\/ecommerce\/#\/schema\/logo\/image\/"}}]}},"uagb_featured_image_src":{"full":["https:\/\/ekco-ci.com\/ecommerce\/wp-content\/uploads\/2024\/09\/4-15-1.jpg",500,500,false],"thumbnail":["https:\/\/ekco-ci.com\/ecommerce\/wp-content\/uploads\/2024\/09\/4-15-1-150x150.jpg",150,150,true],"medium":["https:\/\/ekco-ci.com\/ecommerce\/wp-content\/uploads\/2024\/09\/4-15-1-300x300.jpg",300,300,true],"medium_large":["https:\/\/ekco-ci.com\/ecommerce\/wp-content\/uploads\/2024\/09\/4-15-1.jpg",500,500,false],"large":["https:\/\/ekco-ci.com\/ecommerce\/wp-content\/uploads\/2024\/09\/4-15-1.jpg",500,500,false],"1536x1536":["https:\/\/ekco-ci.com\/ecommerce\/wp-content\/uploads\/2024\/09\/4-15-1.jpg",500,500,false],"2048x2048":["https:\/\/ekco-ci.com\/ecommerce\/wp-content\/uploads\/2024\/09\/4-15-1.jpg",500,500,false],"cfw_cart_thumb":["https:\/\/ekco-ci.com\/ecommerce\/wp-content\/uploads\/2024\/09\/4-15-1-60x60.jpg",60,60,true],"cfw_order_bump_thumb":["https:\/\/ekco-ci.com\/ecommerce\/wp-content\/uploads\/2024\/09\/4-15-1.jpg",320,320,false],"woocommerce_thumbnail":["https:\/\/ekco-ci.com\/ecommerce\/wp-content\/uploads\/2024\/09\/4-15-1-300x225.jpg",300,225,true],"woocommerce_single":["https:\/\/ekco-ci.com\/ecommerce\/wp-content\/uploads\/2024\/09\/4-15-1.jpg",500,500,false],"woocommerce_gallery_thumbnail":["https:\/\/ekco-ci.com\/ecommerce\/wp-content\/uploads\/2024\/09\/4-15-1-100x100.jpg",100,100,true]},"uagb_author_info":{"display_name":"Christabelle Moulo","author_link":"https:\/\/ekco-ci.com\/ecommerce\/author\/"},"uagb_comment_info":0,"uagb_excerpt":"Lenovo PC Bureau &#8211; V50T-13IMB &#8211; Core I3 &#8211; 4GB &#8211; 1000 GO HDD &#8211; 22&#8221; &#8211; Garantie 6 Mois [&hellip;]","_links":{"self":[{"href":"https:\/\/ekco-ci.com\/ecommerce\/wp-json\/wp\/v2\/product\/4367","targetHints":{"allow":["GET"]}}],"collection":[{"href":"https:\/\/ekco-ci.com\/ecommerce\/wp-json\/wp\/v2\/product"}],"about":[{"href":"https:\/\/ekco-ci.com\/ecommerce\/wp-json\/wp\/v2\/types\/product"}],"replies":[{"embeddable":true,"href":"https:\/\/ekco-ci.com\/ecommerce\/wp-json\/wp\/v2\/comments?post=4367"}],"wp:featuredmedia":[{"embeddable":true,"href":"https:\/\/ekco-ci.com\/ecommerce\/wp-json\/wp\/v2\/media\/4369"}],"wp:attachment":[{"href":"https:\/\/ekco-ci.com\/ecommerce\/wp-json\/wp\/v2\/media?parent=4367"}],"wp:term":[{"taxonomy":"product_brand","embeddable":true,"href":"https:\/\/ekco-ci.com\/ecommerce\/wp-json\/wp\/v2\/product_brand?post=4367"},{"taxonomy":"product_cat","embeddable":true,"href":"https:\/\/ekco-ci.com\/ecommerce\/wp-json\/wp\/v2\/product_cat?post=4367"},{"taxonomy":"product_tag","embeddable":true,"href":"https:\/\/ekco-ci.com\/ecommerce\/wp-json\/wp\/v2\/product_tag?post=4367"}],"curies":[{"name":"wp","href":"https:\/\/api.w.org\/{rel}","templated":true}]}}