{"id":4169,"date":"2024-09-06T15:15:19","date_gmt":"2024-09-06T15:15:19","guid":{"rendered":"https:\/\/ekco-ci.com\/ecommerce\/?post_type=product&#038;p=4169"},"modified":"2024-12-12T09:15:48","modified_gmt":"2024-12-12T09:15:48","slug":"fouet-professionnels-de-cuisine-acier-inoxydable","status":"publish","type":"product","link":"https:\/\/ekco-ci.com\/ecommerce\/produit\/fouet-professionnels-de-cuisine-acier-inoxydable\/","title":{"rendered":"Fouet Professionnels De Cuisine &#8211; Acier Inoxydable"},"content":{"rendered":"<h1 class=\"-fs20 -pts -pbxs\">Fouet Professionnels De Cuisine &#8211; Acier Inoxydable<\/h1>\n<p style=\"text-align: center\">Le saviez-vous ?<\/p>\n<p>Les casseroles en Inox sont plus saines et respectueuses de l\u2019environnement. Adoptez les donc pour votre cuisine ! Mais si vous \u00eates allergique au nickel, pas touche. Choisissez un classique.<\/p>\n<p><img decoding=\"async\" src=\"https:\/\/ci.jumia.is\/cms\/external\/pet\/GE070OT18OBHPNAFAMZ\/3b5bfa2471ad7f35f099e58eeeb47cc0.jpg\" alt=\"image\" width=\"700\" data-src=\"https:\/\/ci.jumia.is\/cms\/external\/pet\/GE070OT18OBHPNAFAMZ\/3b5bfa2471ad7f35f099e58eeeb47cc0.jpg\" \/><\/p>\n<p>N\u2019oubliez pas les couverts<\/p>\n<p>Question Couverts, cuill\u00e8res, fourchettes, louches, couteaux\u2026. Vous trouverez de quoi faire un dressing clean et ravir tout le monde \u00e0 la maison. La qualit\u00e9 et la solidit\u00e9 sont de mise.<\/p>\n<p><img decoding=\"async\" src=\"image\/gif;base64,R0lGODlhAQABAIAAAAAAAP\/\/\/yH5BAEAAAAALAAAAAABAAEAAAIBRAA7\" alt=\"image\" width=\"700\" data-src=\"https:\/\/images.pexels.com\/photos\/1166424\/pexels-photo-1166424.jpeg?auto=compress&amp;cs=tinysrgb&amp;dpr=2&amp;h=650&amp;w=940\" data-lazy-error=\"true\" \/><\/p>\n<p>N\u2019oublier pas l\u2019innovation<\/p>\n<p>Vous avez longtemps souffert en cuisine ? Et bien nous avons de quoi faciliter votre quotidien. Nicer Dicer, Blender, Robot p\u00e2tissier et presse agrume sont quelques articles que vous pourrez parcourir, et vous offrir pour une cuisine rapide, seine et r\u00e9ussie !<\/p>\n<p><img decoding=\"async\" src=\"https:\/\/ci.jumia.is\/cms\/external\/pet\/GE070OT18OBHPNAFAMZ\/2b8357c42a83d75608caf73ddfa3521d.jpg\" alt=\"image\" width=\"700\" data-src=\"https:\/\/ci.jumia.is\/cms\/external\/pet\/GE070OT18OBHPNAFAMZ\/2b8357c42a83d75608caf73ddfa3521d.jpg\" \/><\/p>\n<p>Bonne nouvelle<\/p>\n<p>Tous ces articles, vous les trouverez ici, chez votre livreur officiel de bonheur, \u00e0 des prix imbattables. La s\u00e9lection est de taille, les articles de qualit\u00e9, et leurs disponibilit\u00e9s garanties. N\u2019est-ce pas une bonne nouvelle ? Faites-vous plaisir !<\/p>\n<p><img decoding=\"async\" src=\"https:\/\/ci.jumia.is\/cms\/external\/pet\/GE070OT18OBHPNAFAMZ\/2376684627f543d4adbdd2c01338243a.jpg\" alt=\"image\" width=\"700\" data-src=\"https:\/\/ci.jumia.is\/cms\/external\/pet\/GE070OT18OBHPNAFAMZ\/2376684627f543d4adbdd2c01338243a.jpg\" \/><\/p>\n","protected":false},"excerpt":{"rendered":"<p>Fouet Professionnels De Cuisine &#8211; Acier Inoxydable Le saviez-vous ? Les casseroles en Inox sont plus saines et respectueuses de [&hellip;]<\/p>\n","protected":false},"featured_media":4170,"comment_status":"open","ping_status":"closed","template":"","meta":{"_uag_custom_page_level_css":"","site-sidebar-layout":"default","site-content-layout":"","ast-site-content-layout":"default","site-content-style":"default","site-sidebar-style":"default","ast-global-header-display":"","ast-banner-title-visibility":"","ast-main-header-display":"","ast-hfb-above-header-display":"","ast-hfb-below-header-display":"","ast-hfb-mobile-header-display":"","site-post-title":"","ast-breadcrumbs-content":"","ast-featured-img":"","footer-sml-layout":"","ast-disable-related-posts":"","theme-transparent-header-meta":"default","adv-header-id-meta":"","stick-header-meta":"","header-above-stick-meta":"","header-main-stick-meta":"","header-below-stick-meta":"","astra-migrate-meta-layouts":"set","ast-page-background-enabled":"default","ast-page-background-meta":{"desktop":{"background-color":"var(--ast-global-color-4)","background-image":"","background-repeat":"repeat","background-position":"center center","background-size":"auto","background-attachment":"scroll","background-type":"","background-media":"","overlay-type":"","overlay-color":"","overlay-opacity":"","overlay-gradient":""},"tablet":{"background-color":"","background-image":"","background-repeat":"repeat","background-position":"center center","background-size":"auto","background-attachment":"scroll","background-type":"","background-media":"","overlay-type":"","overlay-color":"","overlay-opacity":"","overlay-gradient":""},"mobile":{"background-color":"","background-image":"","background-repeat":"repeat","background-position":"center center","background-size":"auto","background-attachment":"scroll","background-type":"","background-media":"","overlay-type":"","overlay-color":"","overlay-opacity":"","overlay-gradient":""}},"ast-content-background-meta":{"desktop":{"background-color":"var(--ast-global-color-5)","background-image":"","background-repeat":"repeat","background-position":"center center","background-size":"auto","background-attachment":"scroll","background-type":"","background-media":"","overlay-type":"","overlay-color":"","overlay-opacity":"","overlay-gradient":""},"tablet":{"background-color":"var(--ast-global-color-5)","background-image":"","background-repeat":"repeat","background-position":"center center","background-size":"auto","background-attachment":"scroll","background-type":"","background-media":"","overlay-type":"","overlay-color":"","overlay-opacity":"","overlay-gradient":""},"mobile":{"background-color":"var(--ast-global-color-5)","background-image":"","background-repeat":"repeat","background-position":"center center","background-size":"auto","background-attachment":"scroll","background-type":"","background-media":"","overlay-type":"","overlay-color":"","overlay-opacity":"","overlay-gradient":""}}},"product_brand":[],"product_cat":[73,23,168,448,267,25],"product_tag":[],"class_list":{"0":"post-4169","1":"product","2":"type-product","3":"status-publish","4":"has-post-thumbnail","6":"product_cat-cuisine-et-art-culinaire","7":"product_cat-maison-bureau","8":"product_cat-maison-et-cuisine","9":"product_cat-ustensiles-outils-de-cuisine","10":"product_cat-ustensiles-daide-a-la-preparation","11":"product_cat-ustensiles-de-cuisine","12":"desktop-align-left","13":"tablet-align-left","14":"mobile-align-left","16":"first","17":"instock","18":"sale","19":"shipping-taxable","20":"purchasable","21":"product-type-simple"},"yoast_head":"<!-- This site is optimized with the Yoast SEO plugin v26.8 - https:\/\/yoast.com\/product\/yoast-seo-wordpress\/ -->\n<title>Fouet Professionnels De Cuisine - Acier Inoxydable - Ekco Boutique<\/title>\n<meta name=\"robots\" content=\"index, follow, max-snippet:-1, max-image-preview:large, max-video-preview:-1\" \/>\n<link rel=\"canonical\" href=\"https:\/\/ekco-ci.com\/ecommerce\/produit\/fouet-professionnels-de-cuisine-acier-inoxydable\/\" \/>\n<meta property=\"og:locale\" content=\"fr_FR\" \/>\n<meta property=\"og:type\" content=\"article\" \/>\n<meta property=\"og:title\" content=\"Fouet Professionnels De Cuisine - Acier Inoxydable - Ekco Boutique\" \/>\n<meta property=\"og:description\" content=\"Fouet Professionnels De Cuisine &#8211; Acier Inoxydable Le saviez-vous ? Les casseroles en Inox sont plus saines et respectueuses de [&hellip;]\" \/>\n<meta property=\"og:url\" content=\"https:\/\/ekco-ci.com\/ecommerce\/produit\/fouet-professionnels-de-cuisine-acier-inoxydable\/\" \/>\n<meta property=\"og:site_name\" content=\"Ekco Boutique\" \/>\n<meta property=\"article:modified_time\" content=\"2024-12-12T09:15:48+00:00\" \/>\n<meta property=\"og:image\" content=\"https:\/\/ekco-ci.com\/ecommerce\/wp-content\/uploads\/2024\/09\/1-57.jpg\" \/>\n\t<meta property=\"og:image:width\" content=\"500\" \/>\n\t<meta property=\"og:image:height\" content=\"500\" \/>\n\t<meta property=\"og:image:type\" content=\"image\/jpeg\" \/>\n<meta name=\"twitter:card\" content=\"summary_large_image\" \/>\n<meta name=\"twitter:label1\" content=\"Dur\u00e9e de lecture estim\u00e9e\" \/>\n\t<meta name=\"twitter:data1\" content=\"2 minutes\" \/>\n<script type=\"application\/ld+json\" class=\"yoast-schema-graph\">{\"@context\":\"https:\/\/schema.org\",\"@graph\":[{\"@type\":\"WebPage\",\"@id\":\"https:\/\/ekco-ci.com\/ecommerce\/produit\/fouet-professionnels-de-cuisine-acier-inoxydable\/\",\"url\":\"https:\/\/ekco-ci.com\/ecommerce\/produit\/fouet-professionnels-de-cuisine-acier-inoxydable\/\",\"name\":\"Fouet Professionnels De Cuisine - Acier Inoxydable - Ekco Boutique\",\"isPartOf\":{\"@id\":\"https:\/\/ekco-ci.com\/ecommerce\/#website\"},\"primaryImageOfPage\":{\"@id\":\"https:\/\/ekco-ci.com\/ecommerce\/produit\/fouet-professionnels-de-cuisine-acier-inoxydable\/#primaryimage\"},\"image\":{\"@id\":\"https:\/\/ekco-ci.com\/ecommerce\/produit\/fouet-professionnels-de-cuisine-acier-inoxydable\/#primaryimage\"},\"thumbnailUrl\":\"https:\/\/ekco-ci.com\/ecommerce\/wp-content\/uploads\/2024\/09\/1-57.jpg\",\"datePublished\":\"2024-09-06T15:15:19+00:00\",\"dateModified\":\"2024-12-12T09:15:48+00:00\",\"breadcrumb\":{\"@id\":\"https:\/\/ekco-ci.com\/ecommerce\/produit\/fouet-professionnels-de-cuisine-acier-inoxydable\/#breadcrumb\"},\"inLanguage\":\"fr-FR\",\"potentialAction\":[{\"@type\":\"ReadAction\",\"target\":[\"https:\/\/ekco-ci.com\/ecommerce\/produit\/fouet-professionnels-de-cuisine-acier-inoxydable\/\"]}]},{\"@type\":\"ImageObject\",\"inLanguage\":\"fr-FR\",\"@id\":\"https:\/\/ekco-ci.com\/ecommerce\/produit\/fouet-professionnels-de-cuisine-acier-inoxydable\/#primaryimage\",\"url\":\"https:\/\/ekco-ci.com\/ecommerce\/wp-content\/uploads\/2024\/09\/1-57.jpg\",\"contentUrl\":\"https:\/\/ekco-ci.com\/ecommerce\/wp-content\/uploads\/2024\/09\/1-57.jpg\",\"width\":500,\"height\":500},{\"@type\":\"BreadcrumbList\",\"@id\":\"https:\/\/ekco-ci.com\/ecommerce\/produit\/fouet-professionnels-de-cuisine-acier-inoxydable\/#breadcrumb\",\"itemListElement\":[{\"@type\":\"ListItem\",\"position\":1,\"name\":\"Home\",\"item\":\"https:\/\/ekco-ci.com\/ecommerce\/\"},{\"@type\":\"ListItem\",\"position\":2,\"name\":\"Boutique\",\"item\":\"https:\/\/ekco-ci.com\/ecommerce\/boutique\/\"},{\"@type\":\"ListItem\",\"position\":3,\"name\":\"Fouet Professionnels De Cuisine &#8211; Acier Inoxydable\"}]},{\"@type\":\"WebSite\",\"@id\":\"https:\/\/ekco-ci.com\/ecommerce\/#website\",\"url\":\"https:\/\/ekco-ci.com\/ecommerce\/\",\"name\":\"Ekco Boutique\",\"description\":\"Ekco Boutique! La qualit\u00e9 au c\u0153ur de chaque achat\",\"publisher\":{\"@id\":\"https:\/\/ekco-ci.com\/ecommerce\/#organization\"},\"alternateName\":\"Boutique\",\"potentialAction\":[{\"@type\":\"SearchAction\",\"target\":{\"@type\":\"EntryPoint\",\"urlTemplate\":\"https:\/\/ekco-ci.com\/ecommerce\/?s={search_term_string}\"},\"query-input\":{\"@type\":\"PropertyValueSpecification\",\"valueRequired\":true,\"valueName\":\"search_term_string\"}}],\"inLanguage\":\"fr-FR\"},{\"@type\":\"Organization\",\"@id\":\"https:\/\/ekco-ci.com\/ecommerce\/#organization\",\"name\":\"Ekco Boutique\",\"url\":\"https:\/\/ekco-ci.com\/ecommerce\/\",\"logo\":{\"@type\":\"ImageObject\",\"inLanguage\":\"fr-FR\",\"@id\":\"https:\/\/ekco-ci.com\/ecommerce\/#\/schema\/logo\/image\/\",\"url\":\"https:\/\/ekco-ci.com\/ecommerce\/wp-content\/uploads\/2024\/08\/cropped-lologo.png\",\"contentUrl\":\"https:\/\/ekco-ci.com\/ecommerce\/wp-content\/uploads\/2024\/08\/cropped-lologo.png\",\"width\":512,\"height\":512,\"caption\":\"Ekco Boutique\"},\"image\":{\"@id\":\"https:\/\/ekco-ci.com\/ecommerce\/#\/schema\/logo\/image\/\"}}]}<\/script>\n<!-- \/ Yoast SEO plugin. -->","yoast_head_json":{"title":"Fouet Professionnels De Cuisine - Acier Inoxydable - Ekco Boutique","robots":{"index":"index","follow":"follow","max-snippet":"max-snippet:-1","max-image-preview":"max-image-preview:large","max-video-preview":"max-video-preview:-1"},"canonical":"https:\/\/ekco-ci.com\/ecommerce\/produit\/fouet-professionnels-de-cuisine-acier-inoxydable\/","og_locale":"fr_FR","og_type":"article","og_title":"Fouet Professionnels De Cuisine - Acier Inoxydable - Ekco Boutique","og_description":"Fouet Professionnels De Cuisine &#8211; Acier Inoxydable Le saviez-vous ? Les casseroles en Inox sont plus saines et respectueuses de [&hellip;]","og_url":"https:\/\/ekco-ci.com\/ecommerce\/produit\/fouet-professionnels-de-cuisine-acier-inoxydable\/","og_site_name":"Ekco Boutique","article_modified_time":"2024-12-12T09:15:48+00:00","og_image":[{"width":500,"height":500,"url":"https:\/\/ekco-ci.com\/ecommerce\/wp-content\/uploads\/2024\/09\/1-57.jpg","type":"image\/jpeg"}],"twitter_card":"summary_large_image","twitter_misc":{"Dur\u00e9e de lecture estim\u00e9e":"2 minutes"},"schema":{"@context":"https:\/\/schema.org","@graph":[{"@type":"WebPage","@id":"https:\/\/ekco-ci.com\/ecommerce\/produit\/fouet-professionnels-de-cuisine-acier-inoxydable\/","url":"https:\/\/ekco-ci.com\/ecommerce\/produit\/fouet-professionnels-de-cuisine-acier-inoxydable\/","name":"Fouet Professionnels De Cuisine - Acier Inoxydable - Ekco Boutique","isPartOf":{"@id":"https:\/\/ekco-ci.com\/ecommerce\/#website"},"primaryImageOfPage":{"@id":"https:\/\/ekco-ci.com\/ecommerce\/produit\/fouet-professionnels-de-cuisine-acier-inoxydable\/#primaryimage"},"image":{"@id":"https:\/\/ekco-ci.com\/ecommerce\/produit\/fouet-professionnels-de-cuisine-acier-inoxydable\/#primaryimage"},"thumbnailUrl":"https:\/\/ekco-ci.com\/ecommerce\/wp-content\/uploads\/2024\/09\/1-57.jpg","datePublished":"2024-09-06T15:15:19+00:00","dateModified":"2024-12-12T09:15:48+00:00","breadcrumb":{"@id":"https:\/\/ekco-ci.com\/ecommerce\/produit\/fouet-professionnels-de-cuisine-acier-inoxydable\/#breadcrumb"},"inLanguage":"fr-FR","potentialAction":[{"@type":"ReadAction","target":["https:\/\/ekco-ci.com\/ecommerce\/produit\/fouet-professionnels-de-cuisine-acier-inoxydable\/"]}]},{"@type":"ImageObject","inLanguage":"fr-FR","@id":"https:\/\/ekco-ci.com\/ecommerce\/produit\/fouet-professionnels-de-cuisine-acier-inoxydable\/#primaryimage","url":"https:\/\/ekco-ci.com\/ecommerce\/wp-content\/uploads\/2024\/09\/1-57.jpg","contentUrl":"https:\/\/ekco-ci.com\/ecommerce\/wp-content\/uploads\/2024\/09\/1-57.jpg","width":500,"height":500},{"@type":"BreadcrumbList","@id":"https:\/\/ekco-ci.com\/ecommerce\/produit\/fouet-professionnels-de-cuisine-acier-inoxydable\/#breadcrumb","itemListElement":[{"@type":"ListItem","position":1,"name":"Home","item":"https:\/\/ekco-ci.com\/ecommerce\/"},{"@type":"ListItem","position":2,"name":"Boutique","item":"https:\/\/ekco-ci.com\/ecommerce\/boutique\/"},{"@type":"ListItem","position":3,"name":"Fouet Professionnels De Cuisine &#8211; Acier Inoxydable"}]},{"@type":"WebSite","@id":"https:\/\/ekco-ci.com\/ecommerce\/#website","url":"https:\/\/ekco-ci.com\/ecommerce\/","name":"Ekco Boutique","description":"Ekco Boutique! La qualit\u00e9 au c\u0153ur de chaque achat","publisher":{"@id":"https:\/\/ekco-ci.com\/ecommerce\/#organization"},"alternateName":"Boutique","potentialAction":[{"@type":"SearchAction","target":{"@type":"EntryPoint","urlTemplate":"https:\/\/ekco-ci.com\/ecommerce\/?s={search_term_string}"},"query-input":{"@type":"PropertyValueSpecification","valueRequired":true,"valueName":"search_term_string"}}],"inLanguage":"fr-FR"},{"@type":"Organization","@id":"https:\/\/ekco-ci.com\/ecommerce\/#organization","name":"Ekco Boutique","url":"https:\/\/ekco-ci.com\/ecommerce\/","logo":{"@type":"ImageObject","inLanguage":"fr-FR","@id":"https:\/\/ekco-ci.com\/ecommerce\/#\/schema\/logo\/image\/","url":"https:\/\/ekco-ci.com\/ecommerce\/wp-content\/uploads\/2024\/08\/cropped-lologo.png","contentUrl":"https:\/\/ekco-ci.com\/ecommerce\/wp-content\/uploads\/2024\/08\/cropped-lologo.png","width":512,"height":512,"caption":"Ekco Boutique"},"image":{"@id":"https:\/\/ekco-ci.com\/ecommerce\/#\/schema\/logo\/image\/"}}]}},"uagb_featured_image_src":{"full":["https:\/\/ekco-ci.com\/ecommerce\/wp-content\/uploads\/2024\/09\/1-57.jpg",500,500,false],"thumbnail":["https:\/\/ekco-ci.com\/ecommerce\/wp-content\/uploads\/2024\/09\/1-57-150x150.jpg",150,150,true],"medium":["https:\/\/ekco-ci.com\/ecommerce\/wp-content\/uploads\/2024\/09\/1-57-300x300.jpg",300,300,true],"medium_large":["https:\/\/ekco-ci.com\/ecommerce\/wp-content\/uploads\/2024\/09\/1-57.jpg",500,500,false],"large":["https:\/\/ekco-ci.com\/ecommerce\/wp-content\/uploads\/2024\/09\/1-57.jpg",500,500,false],"1536x1536":["https:\/\/ekco-ci.com\/ecommerce\/wp-content\/uploads\/2024\/09\/1-57.jpg",500,500,false],"2048x2048":["https:\/\/ekco-ci.com\/ecommerce\/wp-content\/uploads\/2024\/09\/1-57.jpg",500,500,false],"cfw_cart_thumb":["https:\/\/ekco-ci.com\/ecommerce\/wp-content\/uploads\/2024\/09\/1-57-60x60.jpg",60,60,true],"cfw_order_bump_thumb":["https:\/\/ekco-ci.com\/ecommerce\/wp-content\/uploads\/2024\/09\/1-57.jpg",320,320,false],"woocommerce_thumbnail":["https:\/\/ekco-ci.com\/ecommerce\/wp-content\/uploads\/2024\/09\/1-57-300x225.jpg",300,225,true],"woocommerce_single":["https:\/\/ekco-ci.com\/ecommerce\/wp-content\/uploads\/2024\/09\/1-57.jpg",500,500,false],"woocommerce_gallery_thumbnail":["https:\/\/ekco-ci.com\/ecommerce\/wp-content\/uploads\/2024\/09\/1-57-100x100.jpg",100,100,true]},"uagb_author_info":{"display_name":"Christabelle Moulo","author_link":"https:\/\/ekco-ci.com\/ecommerce\/author\/"},"uagb_comment_info":0,"uagb_excerpt":"Fouet Professionnels De Cuisine &#8211; Acier Inoxydable Le saviez-vous ? Les casseroles en Inox sont plus saines et respectueuses de [&hellip;]","_links":{"self":[{"href":"https:\/\/ekco-ci.com\/ecommerce\/wp-json\/wp\/v2\/product\/4169","targetHints":{"allow":["GET"]}}],"collection":[{"href":"https:\/\/ekco-ci.com\/ecommerce\/wp-json\/wp\/v2\/product"}],"about":[{"href":"https:\/\/ekco-ci.com\/ecommerce\/wp-json\/wp\/v2\/types\/product"}],"replies":[{"embeddable":true,"href":"https:\/\/ekco-ci.com\/ecommerce\/wp-json\/wp\/v2\/comments?post=4169"}],"wp:featuredmedia":[{"embeddable":true,"href":"https:\/\/ekco-ci.com\/ecommerce\/wp-json\/wp\/v2\/media\/4170"}],"wp:attachment":[{"href":"https:\/\/ekco-ci.com\/ecommerce\/wp-json\/wp\/v2\/media?parent=4169"}],"wp:term":[{"taxonomy":"product_brand","embeddable":true,"href":"https:\/\/ekco-ci.com\/ecommerce\/wp-json\/wp\/v2\/product_brand?post=4169"},{"taxonomy":"product_cat","embeddable":true,"href":"https:\/\/ekco-ci.com\/ecommerce\/wp-json\/wp\/v2\/product_cat?post=4169"},{"taxonomy":"product_tag","embeddable":true,"href":"https:\/\/ekco-ci.com\/ecommerce\/wp-json\/wp\/v2\/product_tag?post=4169"}],"curies":[{"name":"wp","href":"https:\/\/api.w.org\/{rel}","templated":true}]}}