{"id":3698,"date":"2024-09-02T11:40:30","date_gmt":"2024-09-02T11:40:30","guid":{"rendered":"https:\/\/ekco-ci.com\/ecommerce\/?post_type=product&#038;p=3698"},"modified":"2024-12-12T09:15:29","modified_gmt":"2024-12-12T09:15:29","slug":"nokia-c21-65-4g-2go-32go-8-mpx-3000-mah-gris","status":"publish","type":"product","link":"https:\/\/ekco-ci.com\/ecommerce\/produit\/nokia-c21-65-4g-2go-32go-8-mpx-3000-mah-gris\/","title":{"rendered":"Nokia C21 &#8211; 6,5&#8243;- 4G &#8211; 2Go &#8211; 32Go &#8211; 8&nbsp;Mpx &#8211; 3000 MAh &#8211; Gris"},"content":{"rendered":"<p>Double cam\u00e9ra et plus de d\u00e9tails<br \/>\nSes 2 cam\u00e9ras arri\u00e8re de 50 Mpx\/2 Mpx vous permettront de prendre des photos avec plus de d\u00e9tails et d&#8217;obtenir des effets uniques comme le c\u00e9l\u00e8bre mode portrait de petite profondeur de champ<\/p>\n<p>De plus, l&#8217;appareil dispose d&#8217;une cam\u00e9ra frontale de 8 Mpx pour vous permettre de prendre des selfies amusants ou de faire des appels vid\u00e9o.<\/p>\n<p>Plus \u00e0 voir<br \/>\nAvec son \u00e9cran IPS de 6,517&#8243;, profitez de couleurs intenses et plus nettes dans tout votre contenu.<\/p>\n<p>Meilleure performance<br \/>\nSa m\u00e9moire RAM de 3 Go permet \u00e0 votre smartphone de fonctionner de mani\u00e8re fluide et sans effort pour effectuer diff\u00e9rentes t\u00e2ches, jouer ou naviguer .<\/p>\n<p>D\u00e9blocage facial et d\u00e9verrouillage<br \/>\nS\u00e9curit\u00e9 maximale pour que vous puissiez acc\u00e9der \u00e0 l&#8217;\u00e9quipement seul. Vous pourrez choisir entre le capteur d&#8217;empreintes digitales pour activer le t\u00e9l\u00e9phone en un clic, ou la reconnaissance faciale qui permet un d\u00e9verrouillage jusqu&#8217;\u00e0 30 % plus rapide.<\/p>\n<p>Batterie longue dur\u00e9e sup\u00e9rieur<br \/>\nD\u00e9sencha\u00een\u00e9\u00a0! Avec la super batterie de 5\u00a0000 mAh vous offrira beaucoup plus d&#8217;\u00e9nergie pour jouer, voir des s\u00e9ries ou travailler sans avoir besoin de recharger.<\/p>\n<p>Grande capacit\u00e9 de stockage<br \/>\nAvec sa m\u00e9moire interne de 64 Go, vous aurez toujours de l&#8217;espace pour stocker des fichiers et des documents importants. De plus, vous pourrez regarder des films, des s\u00e9ries et des vid\u00e9os pour les reproduire quand vous voulez sans connexion.<\/p>\n","protected":false},"excerpt":{"rendered":"<p>Double cam\u00e9ra et plus de d\u00e9tails Ses 2 cam\u00e9ras arri\u00e8re de 50 Mpx\/2 Mpx vous permettront de prendre des photos [&hellip;]<\/p>\n","protected":false},"featured_media":3699,"comment_status":"open","ping_status":"closed","template":"","meta":{"_uag_custom_page_level_css":"","site-sidebar-layout":"default","site-content-layout":"","ast-site-content-layout":"default","site-content-style":"default","site-sidebar-style":"default","ast-global-header-display":"","ast-banner-title-visibility":"","ast-main-header-display":"","ast-hfb-above-header-display":"","ast-hfb-below-header-display":"","ast-hfb-mobile-header-display":"","site-post-title":"","ast-breadcrumbs-content":"","ast-featured-img":"","footer-sml-layout":"","ast-disable-related-posts":"","theme-transparent-header-meta":"default","adv-header-id-meta":"","stick-header-meta":"","header-above-stick-meta":"","header-main-stick-meta":"","header-below-stick-meta":"","astra-migrate-meta-layouts":"set","ast-page-background-enabled":"default","ast-page-background-meta":{"desktop":{"background-color":"var(--ast-global-color-4)","background-image":"","background-repeat":"repeat","background-position":"center center","background-size":"auto","background-attachment":"scroll","background-type":"","background-media":"","overlay-type":"","overlay-color":"","overlay-opacity":"","overlay-gradient":""},"tablet":{"background-color":"","background-image":"","background-repeat":"repeat","background-position":"center center","background-size":"auto","background-attachment":"scroll","background-type":"","background-media":"","overlay-type":"","overlay-color":"","overlay-opacity":"","overlay-gradient":""},"mobile":{"background-color":"","background-image":"","background-repeat":"repeat","background-position":"center center","background-size":"auto","background-attachment":"scroll","background-type":"","background-media":"","overlay-type":"","overlay-color":"","overlay-opacity":"","overlay-gradient":""}},"ast-content-background-meta":{"desktop":{"background-color":"var(--ast-global-color-5)","background-image":"","background-repeat":"repeat","background-position":"center center","background-size":"auto","background-attachment":"scroll","background-type":"","background-media":"","overlay-type":"","overlay-color":"","overlay-opacity":"","overlay-gradient":""},"tablet":{"background-color":"var(--ast-global-color-5)","background-image":"","background-repeat":"repeat","background-position":"center center","background-size":"auto","background-attachment":"scroll","background-type":"","background-media":"","overlay-type":"","overlay-color":"","overlay-opacity":"","overlay-gradient":""},"mobile":{"background-color":"var(--ast-global-color-5)","background-image":"","background-repeat":"repeat","background-position":"center center","background-size":"auto","background-attachment":"scroll","background-type":"","background-media":"","overlay-type":"","overlay-color":"","overlay-opacity":"","overlay-gradient":""}}},"product_brand":[],"product_cat":[47,46,45,48],"product_tag":[],"class_list":{"0":"post-3698","1":"product","2":"type-product","3":"status-publish","4":"has-post-thumbnail","6":"product_cat-smartphones","7":"product_cat-telephone-portable","8":"product_cat-telephones-tablettes","9":"product_cat-telephones-android","10":"desktop-align-left","11":"tablet-align-left","12":"mobile-align-left","14":"first","15":"instock","16":"sale","17":"shipping-taxable","18":"purchasable","19":"product-type-simple"},"yoast_head":"<!-- This site is optimized with the Yoast SEO plugin v26.8 - https:\/\/yoast.com\/product\/yoast-seo-wordpress\/ -->\n<title>Nokia C21 - 6,5&quot;- 4G - 2Go - 32Go - 8&nbsp;Mpx - 3000 MAh - Gris - Ekco Boutique<\/title>\n<meta name=\"robots\" content=\"index, follow, max-snippet:-1, max-image-preview:large, max-video-preview:-1\" \/>\n<link rel=\"canonical\" href=\"https:\/\/ekco-ci.com\/ecommerce\/produit\/nokia-c21-65-4g-2go-32go-8-mpx-3000-mah-gris\/\" \/>\n<meta property=\"og:locale\" content=\"fr_FR\" \/>\n<meta property=\"og:type\" content=\"article\" \/>\n<meta property=\"og:title\" content=\"Nokia C21 - 6,5&quot;- 4G - 2Go - 32Go - 8&nbsp;Mpx - 3000 MAh - Gris - Ekco Boutique\" \/>\n<meta property=\"og:description\" content=\"Double cam\u00e9ra et plus de d\u00e9tails Ses 2 cam\u00e9ras arri\u00e8re de 50 Mpx\/2 Mpx vous permettront de prendre des photos [&hellip;]\" \/>\n<meta property=\"og:url\" content=\"https:\/\/ekco-ci.com\/ecommerce\/produit\/nokia-c21-65-4g-2go-32go-8-mpx-3000-mah-gris\/\" \/>\n<meta property=\"og:site_name\" content=\"Ekco Boutique\" \/>\n<meta property=\"article:modified_time\" content=\"2024-12-12T09:15:29+00:00\" \/>\n<meta property=\"og:image\" content=\"https:\/\/ekco-ci.com\/ecommerce\/wp-content\/uploads\/2024\/09\/1-41.jpg\" \/>\n\t<meta property=\"og:image:width\" content=\"500\" \/>\n\t<meta property=\"og:image:height\" content=\"500\" \/>\n\t<meta property=\"og:image:type\" content=\"image\/jpeg\" \/>\n<meta name=\"twitter:card\" content=\"summary_large_image\" \/>\n<meta name=\"twitter:label1\" content=\"Dur\u00e9e de lecture estim\u00e9e\" \/>\n\t<meta name=\"twitter:data1\" content=\"2 minutes\" \/>\n<script type=\"application\/ld+json\" class=\"yoast-schema-graph\">{\"@context\":\"https:\/\/schema.org\",\"@graph\":[{\"@type\":\"WebPage\",\"@id\":\"https:\/\/ekco-ci.com\/ecommerce\/produit\/nokia-c21-65-4g-2go-32go-8-mpx-3000-mah-gris\/\",\"url\":\"https:\/\/ekco-ci.com\/ecommerce\/produit\/nokia-c21-65-4g-2go-32go-8-mpx-3000-mah-gris\/\",\"name\":\"Nokia C21 - 6,5\\\"- 4G - 2Go - 32Go - 8&nbsp;Mpx - 3000 MAh - Gris - Ekco Boutique\",\"isPartOf\":{\"@id\":\"https:\/\/ekco-ci.com\/ecommerce\/#website\"},\"primaryImageOfPage\":{\"@id\":\"https:\/\/ekco-ci.com\/ecommerce\/produit\/nokia-c21-65-4g-2go-32go-8-mpx-3000-mah-gris\/#primaryimage\"},\"image\":{\"@id\":\"https:\/\/ekco-ci.com\/ecommerce\/produit\/nokia-c21-65-4g-2go-32go-8-mpx-3000-mah-gris\/#primaryimage\"},\"thumbnailUrl\":\"https:\/\/ekco-ci.com\/ecommerce\/wp-content\/uploads\/2024\/09\/1-41.jpg\",\"datePublished\":\"2024-09-02T11:40:30+00:00\",\"dateModified\":\"2024-12-12T09:15:29+00:00\",\"breadcrumb\":{\"@id\":\"https:\/\/ekco-ci.com\/ecommerce\/produit\/nokia-c21-65-4g-2go-32go-8-mpx-3000-mah-gris\/#breadcrumb\"},\"inLanguage\":\"fr-FR\",\"potentialAction\":[{\"@type\":\"ReadAction\",\"target\":[\"https:\/\/ekco-ci.com\/ecommerce\/produit\/nokia-c21-65-4g-2go-32go-8-mpx-3000-mah-gris\/\"]}]},{\"@type\":\"ImageObject\",\"inLanguage\":\"fr-FR\",\"@id\":\"https:\/\/ekco-ci.com\/ecommerce\/produit\/nokia-c21-65-4g-2go-32go-8-mpx-3000-mah-gris\/#primaryimage\",\"url\":\"https:\/\/ekco-ci.com\/ecommerce\/wp-content\/uploads\/2024\/09\/1-41.jpg\",\"contentUrl\":\"https:\/\/ekco-ci.com\/ecommerce\/wp-content\/uploads\/2024\/09\/1-41.jpg\",\"width\":500,\"height\":500},{\"@type\":\"BreadcrumbList\",\"@id\":\"https:\/\/ekco-ci.com\/ecommerce\/produit\/nokia-c21-65-4g-2go-32go-8-mpx-3000-mah-gris\/#breadcrumb\",\"itemListElement\":[{\"@type\":\"ListItem\",\"position\":1,\"name\":\"Home\",\"item\":\"https:\/\/ekco-ci.com\/ecommerce\/\"},{\"@type\":\"ListItem\",\"position\":2,\"name\":\"Boutique\",\"item\":\"https:\/\/ekco-ci.com\/ecommerce\/boutique\/\"},{\"@type\":\"ListItem\",\"position\":3,\"name\":\"Nokia C21 &#8211; 6,5&#8243;- 4G &#8211; 2Go &#8211; 32Go &#8211; 8&nbsp;Mpx &#8211; 3000 MAh &#8211; Gris\"}]},{\"@type\":\"WebSite\",\"@id\":\"https:\/\/ekco-ci.com\/ecommerce\/#website\",\"url\":\"https:\/\/ekco-ci.com\/ecommerce\/\",\"name\":\"Ekco Boutique\",\"description\":\"Ekco Boutique! La qualit\u00e9 au c\u0153ur de chaque achat\",\"publisher\":{\"@id\":\"https:\/\/ekco-ci.com\/ecommerce\/#organization\"},\"alternateName\":\"Boutique\",\"potentialAction\":[{\"@type\":\"SearchAction\",\"target\":{\"@type\":\"EntryPoint\",\"urlTemplate\":\"https:\/\/ekco-ci.com\/ecommerce\/?s={search_term_string}\"},\"query-input\":{\"@type\":\"PropertyValueSpecification\",\"valueRequired\":true,\"valueName\":\"search_term_string\"}}],\"inLanguage\":\"fr-FR\"},{\"@type\":\"Organization\",\"@id\":\"https:\/\/ekco-ci.com\/ecommerce\/#organization\",\"name\":\"Ekco Boutique\",\"url\":\"https:\/\/ekco-ci.com\/ecommerce\/\",\"logo\":{\"@type\":\"ImageObject\",\"inLanguage\":\"fr-FR\",\"@id\":\"https:\/\/ekco-ci.com\/ecommerce\/#\/schema\/logo\/image\/\",\"url\":\"https:\/\/ekco-ci.com\/ecommerce\/wp-content\/uploads\/2024\/08\/cropped-lologo.png\",\"contentUrl\":\"https:\/\/ekco-ci.com\/ecommerce\/wp-content\/uploads\/2024\/08\/cropped-lologo.png\",\"width\":512,\"height\":512,\"caption\":\"Ekco Boutique\"},\"image\":{\"@id\":\"https:\/\/ekco-ci.com\/ecommerce\/#\/schema\/logo\/image\/\"}}]}<\/script>\n<!-- \/ Yoast SEO plugin. -->","yoast_head_json":{"title":"Nokia C21 - 6,5\"- 4G - 2Go - 32Go - 8&nbsp;Mpx - 3000 MAh - Gris - Ekco Boutique","robots":{"index":"index","follow":"follow","max-snippet":"max-snippet:-1","max-image-preview":"max-image-preview:large","max-video-preview":"max-video-preview:-1"},"canonical":"https:\/\/ekco-ci.com\/ecommerce\/produit\/nokia-c21-65-4g-2go-32go-8-mpx-3000-mah-gris\/","og_locale":"fr_FR","og_type":"article","og_title":"Nokia C21 - 6,5\"- 4G - 2Go - 32Go - 8&nbsp;Mpx - 3000 MAh - Gris - Ekco Boutique","og_description":"Double cam\u00e9ra et plus de d\u00e9tails Ses 2 cam\u00e9ras arri\u00e8re de 50 Mpx\/2 Mpx vous permettront de prendre des photos [&hellip;]","og_url":"https:\/\/ekco-ci.com\/ecommerce\/produit\/nokia-c21-65-4g-2go-32go-8-mpx-3000-mah-gris\/","og_site_name":"Ekco Boutique","article_modified_time":"2024-12-12T09:15:29+00:00","og_image":[{"width":500,"height":500,"url":"https:\/\/ekco-ci.com\/ecommerce\/wp-content\/uploads\/2024\/09\/1-41.jpg","type":"image\/jpeg"}],"twitter_card":"summary_large_image","twitter_misc":{"Dur\u00e9e de lecture estim\u00e9e":"2 minutes"},"schema":{"@context":"https:\/\/schema.org","@graph":[{"@type":"WebPage","@id":"https:\/\/ekco-ci.com\/ecommerce\/produit\/nokia-c21-65-4g-2go-32go-8-mpx-3000-mah-gris\/","url":"https:\/\/ekco-ci.com\/ecommerce\/produit\/nokia-c21-65-4g-2go-32go-8-mpx-3000-mah-gris\/","name":"Nokia C21 - 6,5\"- 4G - 2Go - 32Go - 8&nbsp;Mpx - 3000 MAh - Gris - Ekco Boutique","isPartOf":{"@id":"https:\/\/ekco-ci.com\/ecommerce\/#website"},"primaryImageOfPage":{"@id":"https:\/\/ekco-ci.com\/ecommerce\/produit\/nokia-c21-65-4g-2go-32go-8-mpx-3000-mah-gris\/#primaryimage"},"image":{"@id":"https:\/\/ekco-ci.com\/ecommerce\/produit\/nokia-c21-65-4g-2go-32go-8-mpx-3000-mah-gris\/#primaryimage"},"thumbnailUrl":"https:\/\/ekco-ci.com\/ecommerce\/wp-content\/uploads\/2024\/09\/1-41.jpg","datePublished":"2024-09-02T11:40:30+00:00","dateModified":"2024-12-12T09:15:29+00:00","breadcrumb":{"@id":"https:\/\/ekco-ci.com\/ecommerce\/produit\/nokia-c21-65-4g-2go-32go-8-mpx-3000-mah-gris\/#breadcrumb"},"inLanguage":"fr-FR","potentialAction":[{"@type":"ReadAction","target":["https:\/\/ekco-ci.com\/ecommerce\/produit\/nokia-c21-65-4g-2go-32go-8-mpx-3000-mah-gris\/"]}]},{"@type":"ImageObject","inLanguage":"fr-FR","@id":"https:\/\/ekco-ci.com\/ecommerce\/produit\/nokia-c21-65-4g-2go-32go-8-mpx-3000-mah-gris\/#primaryimage","url":"https:\/\/ekco-ci.com\/ecommerce\/wp-content\/uploads\/2024\/09\/1-41.jpg","contentUrl":"https:\/\/ekco-ci.com\/ecommerce\/wp-content\/uploads\/2024\/09\/1-41.jpg","width":500,"height":500},{"@type":"BreadcrumbList","@id":"https:\/\/ekco-ci.com\/ecommerce\/produit\/nokia-c21-65-4g-2go-32go-8-mpx-3000-mah-gris\/#breadcrumb","itemListElement":[{"@type":"ListItem","position":1,"name":"Home","item":"https:\/\/ekco-ci.com\/ecommerce\/"},{"@type":"ListItem","position":2,"name":"Boutique","item":"https:\/\/ekco-ci.com\/ecommerce\/boutique\/"},{"@type":"ListItem","position":3,"name":"Nokia C21 &#8211; 6,5&#8243;- 4G &#8211; 2Go &#8211; 32Go &#8211; 8&nbsp;Mpx &#8211; 3000 MAh &#8211; Gris"}]},{"@type":"WebSite","@id":"https:\/\/ekco-ci.com\/ecommerce\/#website","url":"https:\/\/ekco-ci.com\/ecommerce\/","name":"Ekco Boutique","description":"Ekco Boutique! La qualit\u00e9 au c\u0153ur de chaque achat","publisher":{"@id":"https:\/\/ekco-ci.com\/ecommerce\/#organization"},"alternateName":"Boutique","potentialAction":[{"@type":"SearchAction","target":{"@type":"EntryPoint","urlTemplate":"https:\/\/ekco-ci.com\/ecommerce\/?s={search_term_string}"},"query-input":{"@type":"PropertyValueSpecification","valueRequired":true,"valueName":"search_term_string"}}],"inLanguage":"fr-FR"},{"@type":"Organization","@id":"https:\/\/ekco-ci.com\/ecommerce\/#organization","name":"Ekco Boutique","url":"https:\/\/ekco-ci.com\/ecommerce\/","logo":{"@type":"ImageObject","inLanguage":"fr-FR","@id":"https:\/\/ekco-ci.com\/ecommerce\/#\/schema\/logo\/image\/","url":"https:\/\/ekco-ci.com\/ecommerce\/wp-content\/uploads\/2024\/08\/cropped-lologo.png","contentUrl":"https:\/\/ekco-ci.com\/ecommerce\/wp-content\/uploads\/2024\/08\/cropped-lologo.png","width":512,"height":512,"caption":"Ekco Boutique"},"image":{"@id":"https:\/\/ekco-ci.com\/ecommerce\/#\/schema\/logo\/image\/"}}]}},"uagb_featured_image_src":{"full":["https:\/\/ekco-ci.com\/ecommerce\/wp-content\/uploads\/2024\/09\/1-41.jpg",500,500,false],"thumbnail":["https:\/\/ekco-ci.com\/ecommerce\/wp-content\/uploads\/2024\/09\/1-41-150x150.jpg",150,150,true],"medium":["https:\/\/ekco-ci.com\/ecommerce\/wp-content\/uploads\/2024\/09\/1-41-300x300.jpg",300,300,true],"medium_large":["https:\/\/ekco-ci.com\/ecommerce\/wp-content\/uploads\/2024\/09\/1-41.jpg",500,500,false],"large":["https:\/\/ekco-ci.com\/ecommerce\/wp-content\/uploads\/2024\/09\/1-41.jpg",500,500,false],"1536x1536":["https:\/\/ekco-ci.com\/ecommerce\/wp-content\/uploads\/2024\/09\/1-41.jpg",500,500,false],"2048x2048":["https:\/\/ekco-ci.com\/ecommerce\/wp-content\/uploads\/2024\/09\/1-41.jpg",500,500,false],"cfw_cart_thumb":["https:\/\/ekco-ci.com\/ecommerce\/wp-content\/uploads\/2024\/09\/1-41-60x60.jpg",60,60,true],"cfw_order_bump_thumb":["https:\/\/ekco-ci.com\/ecommerce\/wp-content\/uploads\/2024\/09\/1-41.jpg",320,320,false],"woocommerce_thumbnail":["https:\/\/ekco-ci.com\/ecommerce\/wp-content\/uploads\/2024\/09\/1-41-300x225.jpg",300,225,true],"woocommerce_single":["https:\/\/ekco-ci.com\/ecommerce\/wp-content\/uploads\/2024\/09\/1-41.jpg",500,500,false],"woocommerce_gallery_thumbnail":["https:\/\/ekco-ci.com\/ecommerce\/wp-content\/uploads\/2024\/09\/1-41-100x100.jpg",100,100,true]},"uagb_author_info":{"display_name":"ekco","author_link":"https:\/\/ekco-ci.com\/ecommerce\/author\/"},"uagb_comment_info":0,"uagb_excerpt":"Double cam\u00e9ra et plus de d\u00e9tails Ses 2 cam\u00e9ras arri\u00e8re de 50 Mpx\/2 Mpx vous permettront de prendre des photos [&hellip;]","_links":{"self":[{"href":"https:\/\/ekco-ci.com\/ecommerce\/wp-json\/wp\/v2\/product\/3698","targetHints":{"allow":["GET"]}}],"collection":[{"href":"https:\/\/ekco-ci.com\/ecommerce\/wp-json\/wp\/v2\/product"}],"about":[{"href":"https:\/\/ekco-ci.com\/ecommerce\/wp-json\/wp\/v2\/types\/product"}],"replies":[{"embeddable":true,"href":"https:\/\/ekco-ci.com\/ecommerce\/wp-json\/wp\/v2\/comments?post=3698"}],"wp:featuredmedia":[{"embeddable":true,"href":"https:\/\/ekco-ci.com\/ecommerce\/wp-json\/wp\/v2\/media\/3699"}],"wp:attachment":[{"href":"https:\/\/ekco-ci.com\/ecommerce\/wp-json\/wp\/v2\/media?parent=3698"}],"wp:term":[{"taxonomy":"product_brand","embeddable":true,"href":"https:\/\/ekco-ci.com\/ecommerce\/wp-json\/wp\/v2\/product_brand?post=3698"},{"taxonomy":"product_cat","embeddable":true,"href":"https:\/\/ekco-ci.com\/ecommerce\/wp-json\/wp\/v2\/product_cat?post=3698"},{"taxonomy":"product_tag","embeddable":true,"href":"https:\/\/ekco-ci.com\/ecommerce\/wp-json\/wp\/v2\/product_tag?post=3698"}],"curies":[{"name":"wp","href":"https:\/\/api.w.org\/{rel}","templated":true}]}}