{"id":3616,"date":"2024-08-31T10:59:10","date_gmt":"2024-08-31T10:59:10","guid":{"rendered":"https:\/\/ekco-ci.com\/ecommerce\/?post_type=product&#038;p=3616"},"modified":"2024-12-12T09:15:18","modified_gmt":"2024-12-12T09:15:18","slug":"music-pioneer-2-09-montre-connectee-t900-ultra-bluetooth-pour-appels-sportifs-et-fitness-serie-8","status":"publish","type":"product","link":"https:\/\/ekco-ci.com\/ecommerce\/produit\/music-pioneer-2-09-montre-connectee-t900-ultra-bluetooth-pour-appels-sportifs-et-fitness-serie-8\/","title":{"rendered":"Music Pioneer 2.09&#8221; Montre Connect\u00e9e T900 Ultra Bluetooth Pour Appels Sportifs Et Fitness S\u00e9rie 8"},"content":{"rendered":"<p><strong>La description<\/strong><\/p>\n<ul>\n<li>Rappel des appels et des messages par Bluetooth : La montre intelligente est \u00e9quip\u00e9e d&#8217;un haut-parleur HD. Une fois connect\u00e9e \u00e0 votre t\u00e9l\u00e9phone via Bluetooth, vous pouvez directement utiliser la montre intelligente pour r\u00e9pondre ou passer des appels, lire des messages, enregistrer des contacts, consulter l&#8217;historique des appels. La smartwatch peut configurer plus de notifications de messages dans l&#8217;APP. Vous ne manquerez aucun appel ou message pendant les r\u00e9unions, les s\u00e9ances d&#8217;entra\u00eenement ou les promenades.<\/li>\n<li>\u00c9cran tactile de 2,09 pouces et cadrans de montre DIY : La montre intelligente est dot\u00e9e d&#8217;un \u00e9cran couleur tactile HD de 2,09 pouces qui vous offre une exp\u00e9rience visuelle unique et une meilleure interactivit\u00e9. Quatre niveaux de luminosit\u00e9 vous permettent de lire facilement les informations au soleil ou dans l&#8217;obscurit\u00e9. La montre intelligente de fitness dispose de plus de 200 cadrans de montre gratuits qui peuvent \u00eatre t\u00e9l\u00e9charg\u00e9s et utilis\u00e9s dans l&#8217;application.<\/li>\n<li>Surveillance de la sant\u00e9 tout au long de la journ\u00e9e : Cette montre intelligente est dot\u00e9e de capteurs avanc\u00e9s qui vous aident \u00e0 d\u00e9tecter votre fr\u00e9quence cardiaque en temps r\u00e9el tout au long de la journ\u00e9e. Elle surveille automatiquement l&#8217;\u00e9tat de votre sommeil et fournit une analyse compl\u00e8te de la qualit\u00e9 du sommeil. Synchronis\u00e9e avec l&#8217;application pour t\u00e9l\u00e9phone portable, vous pouvez \u00e9galement obtenir plus de d\u00e9tails sur la sant\u00e9 de votre corps via l&#8217;APP. De plus, vous pouvez consulter les rapports de sant\u00e9 d&#8217;une semaine dans l&#8217;application, ce qui vous permet de recevoir des recommandations en mati\u00e8re de sant\u00e9.<\/li>\n<li>Plus de 100 modes sportifs et \u00e9tanch\u00e9it\u00e9 IP67 : La montre intelligente sportive propose plus de 100 modes d&#8217;exercice, tels que la course \u00e0 pied, le yoga, le saut d&#8217;obstacles, les redressements assis, etc. Pendant votre exercice, elle enregistrera vos donn\u00e9es comme la fr\u00e9quence cardiaque, les pas, les calories br\u00fbl\u00e9es, la distance et les heures d&#8217;activit\u00e9 en temps r\u00e9el. Le tracker de fitness est \u00e9tanche selon la norme IP67, vous pouvez donc le porter lors d&#8217;activit\u00e9s de plein air, par temps de pluie ou en le lavant \u00e0 la main.<\/li>\n<li>GRANDE BATTERIE ET CHARGEMENT SANS FIL : La T900 Ultra est \u00e9quip\u00e9e d&#8217;un syst\u00e8me de chargement sans fil. La T900 Ultra dispose d&#8217;une batterie int\u00e9gr\u00e9e de grande capacit\u00e9 de 360mah, qui peut \u00eatre compl\u00e8tement charg\u00e9e en 2 heures, et peut \u00eatre utilis\u00e9e jusqu&#8217;\u00e0 7 jours, et l&#8217;autonomie en veille est d&#8217;environ 30 jours. L&#8217;application de la smartwatch comporte de nombreux outils utiles tels que les pr\u00e9visions m\u00e9t\u00e9orologiques, le chronom\u00e8tre, la minuterie, le contr\u00f4le\/la lecture de la musique, le r\u00e9glage de la luminosit\u00e9, la recherche du t\u00e9l\u00e9phone\/de la montre, l&#8217;entra\u00eenement \u00e0 la respiration, le r\u00e9veil intelligent, le contr\u00f4le de l&#8217;appareil photo, la sant\u00e9 des femmes, le rappel de la s\u00e9dentarit\u00e9 et bien plus encore.<\/li>\n<li><strong>Sp\u00e9cification<\/strong>\n<ul>\n<li>Marque : Music Pioneer<\/li>\n<li>Mod\u00e8le : T900 Ultra<\/li>\n<li>Couleur : Orange<\/li>\n<li>Taille de l&#8217;\u00e9cran : 2.09inch<\/li>\n<li>R\u00e9solution : 320*380<\/li>\n<li>Appel Bluetooth : Support<\/li>\n<li>Version Bluetooth : 4.0\/5.0<\/li>\n<li>Capacit\u00e9 de la batterie : 350mah<\/li>\n<li>Autonomie en veille : 30 jours<\/li>\n<li>Dur\u00e9e d&#8217;utilisation : 7-15 jours<\/li>\n<li>Interface de chargement : chargement sans fil<\/li>\n<li>Configuration requise : Android5.0\/IOS9.0+<\/li>\n<li>APP : HryFine<\/li>\n<\/ul>\n<\/li>\n<\/ul>\n","protected":false},"excerpt":{"rendered":"<p>La description Rappel des appels et des messages par Bluetooth : La montre intelligente est \u00e9quip\u00e9e d&#8217;un haut-parleur HD. Une [&hellip;]<\/p>\n","protected":false},"featured_media":3617,"comment_status":"open","ping_status":"closed","template":"","meta":{"_uag_custom_page_level_css":"","site-sidebar-layout":"default","site-content-layout":"","ast-site-content-layout":"default","site-content-style":"default","site-sidebar-style":"default","ast-global-header-display":"","ast-banner-title-visibility":"","ast-main-header-display":"","ast-hfb-above-header-display":"","ast-hfb-below-header-display":"","ast-hfb-mobile-header-display":"","site-post-title":"","ast-breadcrumbs-content":"","ast-featured-img":"","footer-sml-layout":"","ast-disable-related-posts":"","theme-transparent-header-meta":"default","adv-header-id-meta":"","stick-header-meta":"","header-above-stick-meta":"","header-main-stick-meta":"","header-below-stick-meta":"","astra-migrate-meta-layouts":"set","ast-page-background-enabled":"default","ast-page-background-meta":{"desktop":{"background-color":"var(--ast-global-color-4)","background-image":"","background-repeat":"repeat","background-position":"center center","background-size":"auto","background-attachment":"scroll","background-type":"","background-media":"","overlay-type":"","overlay-color":"","overlay-opacity":"","overlay-gradient":""},"tablet":{"background-color":"","background-image":"","background-repeat":"repeat","background-position":"center center","background-size":"auto","background-attachment":"scroll","background-type":"","background-media":"","overlay-type":"","overlay-color":"","overlay-opacity":"","overlay-gradient":""},"mobile":{"background-color":"","background-image":"","background-repeat":"repeat","background-position":"center center","background-size":"auto","background-attachment":"scroll","background-type":"","background-media":"","overlay-type":"","overlay-color":"","overlay-opacity":"","overlay-gradient":""}},"ast-content-background-meta":{"desktop":{"background-color":"var(--ast-global-color-5)","background-image":"","background-repeat":"repeat","background-position":"center center","background-size":"auto","background-attachment":"scroll","background-type":"","background-media":"","overlay-type":"","overlay-color":"","overlay-opacity":"","overlay-gradient":""},"tablet":{"background-color":"var(--ast-global-color-5)","background-image":"","background-repeat":"repeat","background-position":"center center","background-size":"auto","background-attachment":"scroll","background-type":"","background-media":"","overlay-type":"","overlay-color":"","overlay-opacity":"","overlay-gradient":""},"mobile":{"background-color":"var(--ast-global-color-5)","background-image":"","background-repeat":"repeat","background-position":"center center","background-size":"auto","background-attachment":"scroll","background-type":"","background-media":"","overlay-type":"","overlay-color":"","overlay-opacity":"","overlay-gradient":""}}},"product_brand":[],"product_cat":[301,374,45],"product_tag":[],"class_list":{"0":"post-3616","1":"product","2":"type-product","3":"status-publish","4":"has-post-thumbnail","6":"product_cat-accessoires-telephone","7":"product_cat-montres-intelligentes","8":"product_cat-telephones-tablettes","9":"desktop-align-left","10":"tablet-align-left","11":"mobile-align-left","13":"first","14":"instock","15":"sale","16":"shipping-taxable","17":"purchasable","18":"product-type-simple"},"yoast_head":"<!-- This site is optimized with the Yoast SEO plugin v26.8 - https:\/\/yoast.com\/product\/yoast-seo-wordpress\/ -->\n<title>Music Pioneer 2.09&#039;&#039; Montre Connect\u00e9e T900 Ultra Bluetooth Pour Appels Sportifs Et Fitness S\u00e9rie 8 - Ekco Boutique<\/title>\n<meta name=\"robots\" content=\"index, follow, max-snippet:-1, max-image-preview:large, max-video-preview:-1\" \/>\n<link rel=\"canonical\" href=\"https:\/\/ekco-ci.com\/ecommerce\/produit\/music-pioneer-2-09-montre-connectee-t900-ultra-bluetooth-pour-appels-sportifs-et-fitness-serie-8\/\" \/>\n<meta property=\"og:locale\" content=\"fr_FR\" \/>\n<meta property=\"og:type\" content=\"article\" \/>\n<meta property=\"og:title\" content=\"Music Pioneer 2.09&#039;&#039; Montre Connect\u00e9e T900 Ultra Bluetooth Pour Appels Sportifs Et Fitness S\u00e9rie 8 - Ekco Boutique\" \/>\n<meta property=\"og:description\" content=\"La description Rappel des appels et des messages par Bluetooth : La montre intelligente est \u00e9quip\u00e9e d&#8217;un haut-parleur HD. Une [&hellip;]\" \/>\n<meta property=\"og:url\" content=\"https:\/\/ekco-ci.com\/ecommerce\/produit\/music-pioneer-2-09-montre-connectee-t900-ultra-bluetooth-pour-appels-sportifs-et-fitness-serie-8\/\" \/>\n<meta property=\"og:site_name\" content=\"Ekco Boutique\" \/>\n<meta property=\"article:modified_time\" content=\"2024-12-12T09:15:18+00:00\" \/>\n<meta property=\"og:image\" content=\"https:\/\/ekco-ci.com\/ecommerce\/wp-content\/uploads\/2024\/08\/1-16-3.jpg\" \/>\n\t<meta property=\"og:image:width\" content=\"300\" \/>\n\t<meta property=\"og:image:height\" content=\"300\" \/>\n\t<meta property=\"og:image:type\" content=\"image\/jpeg\" \/>\n<meta name=\"twitter:card\" content=\"summary_large_image\" \/>\n<meta name=\"twitter:label1\" content=\"Dur\u00e9e de lecture estim\u00e9e\" \/>\n\t<meta name=\"twitter:data1\" content=\"3 minutes\" \/>\n<script type=\"application\/ld+json\" class=\"yoast-schema-graph\">{\"@context\":\"https:\/\/schema.org\",\"@graph\":[{\"@type\":\"WebPage\",\"@id\":\"https:\/\/ekco-ci.com\/ecommerce\/produit\/music-pioneer-2-09-montre-connectee-t900-ultra-bluetooth-pour-appels-sportifs-et-fitness-serie-8\/\",\"url\":\"https:\/\/ekco-ci.com\/ecommerce\/produit\/music-pioneer-2-09-montre-connectee-t900-ultra-bluetooth-pour-appels-sportifs-et-fitness-serie-8\/\",\"name\":\"Music Pioneer 2.09'' Montre Connect\u00e9e T900 Ultra Bluetooth Pour Appels Sportifs Et Fitness S\u00e9rie 8 - Ekco Boutique\",\"isPartOf\":{\"@id\":\"https:\/\/ekco-ci.com\/ecommerce\/#website\"},\"primaryImageOfPage\":{\"@id\":\"https:\/\/ekco-ci.com\/ecommerce\/produit\/music-pioneer-2-09-montre-connectee-t900-ultra-bluetooth-pour-appels-sportifs-et-fitness-serie-8\/#primaryimage\"},\"image\":{\"@id\":\"https:\/\/ekco-ci.com\/ecommerce\/produit\/music-pioneer-2-09-montre-connectee-t900-ultra-bluetooth-pour-appels-sportifs-et-fitness-serie-8\/#primaryimage\"},\"thumbnailUrl\":\"https:\/\/ekco-ci.com\/ecommerce\/wp-content\/uploads\/2024\/08\/1-16-3.jpg\",\"datePublished\":\"2024-08-31T10:59:10+00:00\",\"dateModified\":\"2024-12-12T09:15:18+00:00\",\"breadcrumb\":{\"@id\":\"https:\/\/ekco-ci.com\/ecommerce\/produit\/music-pioneer-2-09-montre-connectee-t900-ultra-bluetooth-pour-appels-sportifs-et-fitness-serie-8\/#breadcrumb\"},\"inLanguage\":\"fr-FR\",\"potentialAction\":[{\"@type\":\"ReadAction\",\"target\":[\"https:\/\/ekco-ci.com\/ecommerce\/produit\/music-pioneer-2-09-montre-connectee-t900-ultra-bluetooth-pour-appels-sportifs-et-fitness-serie-8\/\"]}]},{\"@type\":\"ImageObject\",\"inLanguage\":\"fr-FR\",\"@id\":\"https:\/\/ekco-ci.com\/ecommerce\/produit\/music-pioneer-2-09-montre-connectee-t900-ultra-bluetooth-pour-appels-sportifs-et-fitness-serie-8\/#primaryimage\",\"url\":\"https:\/\/ekco-ci.com\/ecommerce\/wp-content\/uploads\/2024\/08\/1-16-3.jpg\",\"contentUrl\":\"https:\/\/ekco-ci.com\/ecommerce\/wp-content\/uploads\/2024\/08\/1-16-3.jpg\",\"width\":300,\"height\":300},{\"@type\":\"BreadcrumbList\",\"@id\":\"https:\/\/ekco-ci.com\/ecommerce\/produit\/music-pioneer-2-09-montre-connectee-t900-ultra-bluetooth-pour-appels-sportifs-et-fitness-serie-8\/#breadcrumb\",\"itemListElement\":[{\"@type\":\"ListItem\",\"position\":1,\"name\":\"Home\",\"item\":\"https:\/\/ekco-ci.com\/ecommerce\/\"},{\"@type\":\"ListItem\",\"position\":2,\"name\":\"Boutique\",\"item\":\"https:\/\/ekco-ci.com\/ecommerce\/boutique\/\"},{\"@type\":\"ListItem\",\"position\":3,\"name\":\"Music Pioneer 2.09&#8221; Montre Connect\u00e9e T900 Ultra Bluetooth Pour Appels Sportifs Et Fitness S\u00e9rie 8\"}]},{\"@type\":\"WebSite\",\"@id\":\"https:\/\/ekco-ci.com\/ecommerce\/#website\",\"url\":\"https:\/\/ekco-ci.com\/ecommerce\/\",\"name\":\"Ekco Boutique\",\"description\":\"Ekco Boutique! La qualit\u00e9 au c\u0153ur de chaque achat\",\"publisher\":{\"@id\":\"https:\/\/ekco-ci.com\/ecommerce\/#organization\"},\"alternateName\":\"Boutique\",\"potentialAction\":[{\"@type\":\"SearchAction\",\"target\":{\"@type\":\"EntryPoint\",\"urlTemplate\":\"https:\/\/ekco-ci.com\/ecommerce\/?s={search_term_string}\"},\"query-input\":{\"@type\":\"PropertyValueSpecification\",\"valueRequired\":true,\"valueName\":\"search_term_string\"}}],\"inLanguage\":\"fr-FR\"},{\"@type\":\"Organization\",\"@id\":\"https:\/\/ekco-ci.com\/ecommerce\/#organization\",\"name\":\"Ekco Boutique\",\"url\":\"https:\/\/ekco-ci.com\/ecommerce\/\",\"logo\":{\"@type\":\"ImageObject\",\"inLanguage\":\"fr-FR\",\"@id\":\"https:\/\/ekco-ci.com\/ecommerce\/#\/schema\/logo\/image\/\",\"url\":\"https:\/\/ekco-ci.com\/ecommerce\/wp-content\/uploads\/2024\/08\/cropped-lologo.png\",\"contentUrl\":\"https:\/\/ekco-ci.com\/ecommerce\/wp-content\/uploads\/2024\/08\/cropped-lologo.png\",\"width\":512,\"height\":512,\"caption\":\"Ekco Boutique\"},\"image\":{\"@id\":\"https:\/\/ekco-ci.com\/ecommerce\/#\/schema\/logo\/image\/\"}}]}<\/script>\n<!-- \/ Yoast SEO plugin. -->","yoast_head_json":{"title":"Music Pioneer 2.09'' Montre Connect\u00e9e T900 Ultra Bluetooth Pour Appels Sportifs Et Fitness S\u00e9rie 8 - Ekco Boutique","robots":{"index":"index","follow":"follow","max-snippet":"max-snippet:-1","max-image-preview":"max-image-preview:large","max-video-preview":"max-video-preview:-1"},"canonical":"https:\/\/ekco-ci.com\/ecommerce\/produit\/music-pioneer-2-09-montre-connectee-t900-ultra-bluetooth-pour-appels-sportifs-et-fitness-serie-8\/","og_locale":"fr_FR","og_type":"article","og_title":"Music Pioneer 2.09'' Montre Connect\u00e9e T900 Ultra Bluetooth Pour Appels Sportifs Et Fitness S\u00e9rie 8 - Ekco Boutique","og_description":"La description Rappel des appels et des messages par Bluetooth : La montre intelligente est \u00e9quip\u00e9e d&#8217;un haut-parleur HD. Une [&hellip;]","og_url":"https:\/\/ekco-ci.com\/ecommerce\/produit\/music-pioneer-2-09-montre-connectee-t900-ultra-bluetooth-pour-appels-sportifs-et-fitness-serie-8\/","og_site_name":"Ekco Boutique","article_modified_time":"2024-12-12T09:15:18+00:00","og_image":[{"width":300,"height":300,"url":"https:\/\/ekco-ci.com\/ecommerce\/wp-content\/uploads\/2024\/08\/1-16-3.jpg","type":"image\/jpeg"}],"twitter_card":"summary_large_image","twitter_misc":{"Dur\u00e9e de lecture estim\u00e9e":"3 minutes"},"schema":{"@context":"https:\/\/schema.org","@graph":[{"@type":"WebPage","@id":"https:\/\/ekco-ci.com\/ecommerce\/produit\/music-pioneer-2-09-montre-connectee-t900-ultra-bluetooth-pour-appels-sportifs-et-fitness-serie-8\/","url":"https:\/\/ekco-ci.com\/ecommerce\/produit\/music-pioneer-2-09-montre-connectee-t900-ultra-bluetooth-pour-appels-sportifs-et-fitness-serie-8\/","name":"Music Pioneer 2.09'' Montre Connect\u00e9e T900 Ultra Bluetooth Pour Appels Sportifs Et Fitness S\u00e9rie 8 - Ekco Boutique","isPartOf":{"@id":"https:\/\/ekco-ci.com\/ecommerce\/#website"},"primaryImageOfPage":{"@id":"https:\/\/ekco-ci.com\/ecommerce\/produit\/music-pioneer-2-09-montre-connectee-t900-ultra-bluetooth-pour-appels-sportifs-et-fitness-serie-8\/#primaryimage"},"image":{"@id":"https:\/\/ekco-ci.com\/ecommerce\/produit\/music-pioneer-2-09-montre-connectee-t900-ultra-bluetooth-pour-appels-sportifs-et-fitness-serie-8\/#primaryimage"},"thumbnailUrl":"https:\/\/ekco-ci.com\/ecommerce\/wp-content\/uploads\/2024\/08\/1-16-3.jpg","datePublished":"2024-08-31T10:59:10+00:00","dateModified":"2024-12-12T09:15:18+00:00","breadcrumb":{"@id":"https:\/\/ekco-ci.com\/ecommerce\/produit\/music-pioneer-2-09-montre-connectee-t900-ultra-bluetooth-pour-appels-sportifs-et-fitness-serie-8\/#breadcrumb"},"inLanguage":"fr-FR","potentialAction":[{"@type":"ReadAction","target":["https:\/\/ekco-ci.com\/ecommerce\/produit\/music-pioneer-2-09-montre-connectee-t900-ultra-bluetooth-pour-appels-sportifs-et-fitness-serie-8\/"]}]},{"@type":"ImageObject","inLanguage":"fr-FR","@id":"https:\/\/ekco-ci.com\/ecommerce\/produit\/music-pioneer-2-09-montre-connectee-t900-ultra-bluetooth-pour-appels-sportifs-et-fitness-serie-8\/#primaryimage","url":"https:\/\/ekco-ci.com\/ecommerce\/wp-content\/uploads\/2024\/08\/1-16-3.jpg","contentUrl":"https:\/\/ekco-ci.com\/ecommerce\/wp-content\/uploads\/2024\/08\/1-16-3.jpg","width":300,"height":300},{"@type":"BreadcrumbList","@id":"https:\/\/ekco-ci.com\/ecommerce\/produit\/music-pioneer-2-09-montre-connectee-t900-ultra-bluetooth-pour-appels-sportifs-et-fitness-serie-8\/#breadcrumb","itemListElement":[{"@type":"ListItem","position":1,"name":"Home","item":"https:\/\/ekco-ci.com\/ecommerce\/"},{"@type":"ListItem","position":2,"name":"Boutique","item":"https:\/\/ekco-ci.com\/ecommerce\/boutique\/"},{"@type":"ListItem","position":3,"name":"Music Pioneer 2.09&#8221; Montre Connect\u00e9e T900 Ultra Bluetooth Pour Appels Sportifs Et Fitness S\u00e9rie 8"}]},{"@type":"WebSite","@id":"https:\/\/ekco-ci.com\/ecommerce\/#website","url":"https:\/\/ekco-ci.com\/ecommerce\/","name":"Ekco Boutique","description":"Ekco Boutique! La qualit\u00e9 au c\u0153ur de chaque achat","publisher":{"@id":"https:\/\/ekco-ci.com\/ecommerce\/#organization"},"alternateName":"Boutique","potentialAction":[{"@type":"SearchAction","target":{"@type":"EntryPoint","urlTemplate":"https:\/\/ekco-ci.com\/ecommerce\/?s={search_term_string}"},"query-input":{"@type":"PropertyValueSpecification","valueRequired":true,"valueName":"search_term_string"}}],"inLanguage":"fr-FR"},{"@type":"Organization","@id":"https:\/\/ekco-ci.com\/ecommerce\/#organization","name":"Ekco Boutique","url":"https:\/\/ekco-ci.com\/ecommerce\/","logo":{"@type":"ImageObject","inLanguage":"fr-FR","@id":"https:\/\/ekco-ci.com\/ecommerce\/#\/schema\/logo\/image\/","url":"https:\/\/ekco-ci.com\/ecommerce\/wp-content\/uploads\/2024\/08\/cropped-lologo.png","contentUrl":"https:\/\/ekco-ci.com\/ecommerce\/wp-content\/uploads\/2024\/08\/cropped-lologo.png","width":512,"height":512,"caption":"Ekco Boutique"},"image":{"@id":"https:\/\/ekco-ci.com\/ecommerce\/#\/schema\/logo\/image\/"}}]}},"uagb_featured_image_src":{"full":["https:\/\/ekco-ci.com\/ecommerce\/wp-content\/uploads\/2024\/08\/1-16-3.jpg",300,300,false],"thumbnail":["https:\/\/ekco-ci.com\/ecommerce\/wp-content\/uploads\/2024\/08\/1-16-3-150x150.jpg",150,150,true],"medium":["https:\/\/ekco-ci.com\/ecommerce\/wp-content\/uploads\/2024\/08\/1-16-3.jpg",300,300,false],"medium_large":["https:\/\/ekco-ci.com\/ecommerce\/wp-content\/uploads\/2024\/08\/1-16-3.jpg",300,300,false],"large":["https:\/\/ekco-ci.com\/ecommerce\/wp-content\/uploads\/2024\/08\/1-16-3.jpg",300,300,false],"1536x1536":["https:\/\/ekco-ci.com\/ecommerce\/wp-content\/uploads\/2024\/08\/1-16-3.jpg",300,300,false],"2048x2048":["https:\/\/ekco-ci.com\/ecommerce\/wp-content\/uploads\/2024\/08\/1-16-3.jpg",300,300,false],"cfw_cart_thumb":["https:\/\/ekco-ci.com\/ecommerce\/wp-content\/uploads\/2024\/08\/1-16-3-60x60.jpg",60,60,true],"cfw_order_bump_thumb":["https:\/\/ekco-ci.com\/ecommerce\/wp-content\/uploads\/2024\/08\/1-16-3.jpg",300,300,false],"woocommerce_thumbnail":["https:\/\/ekco-ci.com\/ecommerce\/wp-content\/uploads\/2024\/08\/1-16-3-300x225.jpg",300,225,true],"woocommerce_single":["https:\/\/ekco-ci.com\/ecommerce\/wp-content\/uploads\/2024\/08\/1-16-3.jpg",300,300,false],"woocommerce_gallery_thumbnail":["https:\/\/ekco-ci.com\/ecommerce\/wp-content\/uploads\/2024\/08\/1-16-3-100x100.jpg",100,100,true]},"uagb_author_info":{"display_name":"Christabelle Moulo","author_link":"https:\/\/ekco-ci.com\/ecommerce\/author\/"},"uagb_comment_info":0,"uagb_excerpt":"La description Rappel des appels et des messages par Bluetooth : La montre intelligente est \u00e9quip\u00e9e d&#8217;un haut-parleur HD. Une [&hellip;]","_links":{"self":[{"href":"https:\/\/ekco-ci.com\/ecommerce\/wp-json\/wp\/v2\/product\/3616","targetHints":{"allow":["GET"]}}],"collection":[{"href":"https:\/\/ekco-ci.com\/ecommerce\/wp-json\/wp\/v2\/product"}],"about":[{"href":"https:\/\/ekco-ci.com\/ecommerce\/wp-json\/wp\/v2\/types\/product"}],"replies":[{"embeddable":true,"href":"https:\/\/ekco-ci.com\/ecommerce\/wp-json\/wp\/v2\/comments?post=3616"}],"wp:featuredmedia":[{"embeddable":true,"href":"https:\/\/ekco-ci.com\/ecommerce\/wp-json\/wp\/v2\/media\/3617"}],"wp:attachment":[{"href":"https:\/\/ekco-ci.com\/ecommerce\/wp-json\/wp\/v2\/media?parent=3616"}],"wp:term":[{"taxonomy":"product_brand","embeddable":true,"href":"https:\/\/ekco-ci.com\/ecommerce\/wp-json\/wp\/v2\/product_brand?post=3616"},{"taxonomy":"product_cat","embeddable":true,"href":"https:\/\/ekco-ci.com\/ecommerce\/wp-json\/wp\/v2\/product_cat?post=3616"},{"taxonomy":"product_tag","embeddable":true,"href":"https:\/\/ekco-ci.com\/ecommerce\/wp-json\/wp\/v2\/product_tag?post=3616"}],"curies":[{"name":"wp","href":"https:\/\/api.w.org\/{rel}","templated":true}]}}