{"id":1662,"date":"2024-08-14T16:08:43","date_gmt":"2024-08-14T16:08:43","guid":{"rendered":"https:\/\/ekco-ci.com\/ecommerce\/?post_type=product&#038;p=1662"},"modified":"2024-12-12T09:13:22","modified_gmt":"2024-12-12T09:13:22","slug":"planche-a-dessin-avec-projecteur-led-pour-enfants-table-de-peinture-bureau-tablette-decriture-jaune","status":"publish","type":"product","link":"https:\/\/ekco-ci.com\/ecommerce\/produit\/planche-a-dessin-avec-projecteur-led-pour-enfants-table-de-peinture-bureau-tablette-decriture-jaune\/","title":{"rendered":"Planche \u00e0 Dessin Avec Projecteur LED Pour Enfants, Table De Peinture, Bureau, Tablette D&#8217;\u00e9criture- &#8211; Jaune"},"content":{"rendered":"<p><b>Sp\u00e9cification<\/b><\/p>\n<p>Nom: planche \u00e0 dessin LED de projecteur<br \/>\nMat\u00e9riel: ABS<br \/>\nAliment\u00e9 par 3 piles AA (piles non incluses)<br \/>\nPoids: 480g<br \/>\nB\u00e9b\u00e9 aime les graffitis par nature, en laissant le b\u00e9b\u00e9 d\u00e9velopper sa cr\u00e9ativit\u00e9 dans tous les aspects de la cr\u00e9ation. Ce jouet permet \u00e0 votre enfant de s&#8217;exprimer artistiquement.<\/p>\n<p><b>Caract\u00e9ristiques<\/b><\/p>\n<p>Jouet de projecteur amusant: livr\u00e9 avec un projecteur de haute qualit\u00e9, il suffit d&#8217;\u00e9teindre les lumi\u00e8res, d&#8217;allumer le projecteur et d&#8217;ins\u00e9rer une glissi\u00e8re pr\u00e9-imprim\u00e9e et de tracer. Puis colorer ou peindre la photo. Projeter une image que votre enfant peut dessiner le long de la photo.<\/p>\n<p>Super jouet \u00e9ducatif: ce jouet de projecteur amusant permet \u00e0 vos enfants de s&#8217;exprimer artistiquement. Il peut am\u00e9liorer la cr\u00e9ativit\u00e9 et l&#8217;imagination de vos enfants, exercer la coordination \u0153il-main et la capacit\u00e9 de perception des couleurs.<\/p>\n<p>Attrayant et innovant: rendez le temps de jeu amusant avec ce projecteur mignon, cela aidera et encouragera les enfants \u00e0 apprendre \u00e0 dessiner et \u00e0 peindre tout en s&#8217;amusant. Jouet intelligent attrayant et durable, moderne et \u00e9l\u00e9gant \u00e0 la mode, technologie innovante de projecteur de lumi\u00e8re.<\/p>\n<p>Mat\u00e9riau s\u00fbr et DURABLE: fabriqu\u00e9 en mat\u00e9riau ABS de haute qualit\u00e9, le bord et la surface lisses ne blesseront pas la main de votre b\u00e9b\u00e9. Pinceau Non toxique, il peut \u00eatre utilis\u00e9 en toute confiance.<\/p>\n<p>Cadeau parfait pour les enfants: venez aider votre petit artiste \u00e0 faire ses propres \u0153uvres, c&#8217;est aussi un lien communicatif entre vous et votre b\u00e9b\u00e9. Costume pour anniversaire, vacances ou cadeau de no\u00ebl. Les enfants aimeront explorer leur cr\u00e9ativit\u00e9, il est facile de cr\u00e9er de belles images m\u00eame pour les enfants de 3 ans.<\/p>\n<p><img decoding=\"async\" class=\"detail-desc-decorate-image\" src=\"https:\/\/ci.jumia.is\/cms\/external\/pet\/GE070TG06FM9UNAFAMZ\/36275fcc0c9ef5338ef245e892a3fae2.jpg\" alt=\"image\" data-src=\"https:\/\/ci.jumia.is\/cms\/external\/pet\/GE070TG06FM9UNAFAMZ\/36275fcc0c9ef5338ef245e892a3fae2.jpg\" \/><img decoding=\"async\" class=\"detail-desc-decorate-image\" src=\"https:\/\/ci.jumia.is\/cms\/external\/pet\/GE070TG06FM9UNAFAMZ\/1bc0caa93f06b85b995edf2324724ec3.jpg\" alt=\"image\" data-src=\"https:\/\/ci.jumia.is\/cms\/external\/pet\/GE070TG06FM9UNAFAMZ\/1bc0caa93f06b85b995edf2324724ec3.jpg\" \/><\/p>\n<p><b>Girafe Projecteur Planche \u00c0 Dessin<\/b><\/p>\n<p>Promouvoir l&#8217;int\u00e9r\u00eat des enfants pour le dessin et l&#8217;\u00e9criture, la cr\u00e9ation de dessin est la cl\u00e9 pour d\u00e9velopper l&#8217;imagination et la concentration des enfants, le panneau de projection permet aux enfants d&#8217;interagir en cr\u00e9ant avec les parents<\/p>\n<p><img decoding=\"async\" class=\"detail-desc-decorate-image\" src=\"https:\/\/ci.jumia.is\/cms\/external\/pet\/GE070TG06FM9UNAFAMZ\/62e33de6b5a8ca13ebb8bcb3bc9360fd.jpg\" alt=\"image\" data-src=\"https:\/\/ci.jumia.is\/cms\/external\/pet\/GE070TG06FM9UNAFAMZ\/62e33de6b5a8ca13ebb8bcb3bc9360fd.jpg\" \/><\/p>\n<p><b>Base de Table octogonale ext\u00e9rieure \u00e9paisse amovible<\/b><\/p>\n<p>Fabriqu\u00e9 en plastique de haute qualit\u00e9, le pied de la tablette est \u00e9pais, Stable et facile \u00e0 installer, il est donc capable de devenir la tablette de dessin des enfants en quelques minutes<\/p>\n<p><img decoding=\"async\" class=\"detail-desc-decorate-image\" src=\"https:\/\/ci.jumia.is\/cms\/external\/pet\/GE070TG06FM9UNAFAMZ\/b36c17b86152c8d8ac14644c61705d52.jpg\" alt=\"image\" data-src=\"https:\/\/ci.jumia.is\/cms\/external\/pet\/GE070TG06FM9UNAFAMZ\/b36c17b86152c8d8ac14644c61705d52.jpg\" \/><\/p>\n<p>Vue de Projection et dessin, peut \u00eatre essuy\u00e9 avec un chiffon de planche \u00e0 dessin<\/p>\n<p>B\u00e9b\u00e9 peut graffiti ce qu&#8217;il voit ou pense, utilisez simplement le frottement de la plaque pour essuyer proprement<\/p>\n<p><img decoding=\"async\" class=\"detail-desc-decorate-image\" src=\"https:\/\/ci.jumia.is\/cms\/external\/pet\/GE070TG06FM9UNAFAMZ\/b67d4874ddc1ad5882a307bef0a31074.jpg\" alt=\"image\" data-src=\"https:\/\/ci.jumia.is\/cms\/external\/pet\/GE070TG06FM9UNAFAMZ\/b67d4874ddc1ad5882a307bef0a31074.jpg\" \/><\/p>\n<p>\u00c9couter de La Musique Tout En Dessinant<\/p>\n<p>Allumez le bouton d&#8217;alimentation, un \u00e9quipement pour la projection, un \u00e9quipement pour \u00e9couter de la musique, les enfants peuvent dessiner tout en \u00e9coutant la musique, fournir un meilleur environnement pour les enfants<\/p>\n<p><img decoding=\"async\" class=\"detail-desc-decorate-image\" src=\"https:\/\/ci.jumia.is\/cms\/external\/pet\/GE070TG06FM9UNAFAMZ\/627080be7bc5155927a2ffb8599bbe20.jpg\" alt=\"image\" data-src=\"https:\/\/ci.jumia.is\/cms\/external\/pet\/GE070TG06FM9UNAFAMZ\/627080be7bc5155927a2ffb8599bbe20.jpg\" \/><img decoding=\"async\" class=\"detail-desc-decorate-image\" src=\"https:\/\/ci.jumia.is\/cms\/external\/pet\/GE070TG06FM9UNAFAMZ\/c59e451084e1023bca0981307e7780a4.jpg\" alt=\"image\" data-src=\"https:\/\/ci.jumia.is\/cms\/external\/pet\/GE070TG06FM9UNAFAMZ\/c59e451084e1023bca0981307e7780a4.jpg\" \/><\/p>\n<p>Mettez le papier blanc pour copier le dessin<\/p>\n<p>Projeter le motif sur le tableau et copier le dessin, aider et encourager les enfants \u00e0 apprendre \u00e0 dessiner, peindre et dessiner tout en jouant. C&#8217;est un jouet intellectuel qui peut non seulement am\u00e9liorer la capacit\u00e9 de pratique des enfants, mais aussi jouer au jeu.<\/p>\n<p><img decoding=\"async\" class=\"detail-desc-decorate-image\" src=\"https:\/\/ci.jumia.is\/cms\/external\/pet\/GE070TG06FM9UNAFAMZ\/63cf0ffd3a88e22d9e5325de10f408af.jpg\" alt=\"image\" data-src=\"https:\/\/ci.jumia.is\/cms\/external\/pet\/GE070TG06FM9UNAFAMZ\/63cf0ffd3a88e22d9e5325de10f408af.jpg\" \/><\/p>\n<p>Projection amusante, copie facile, dessin<\/p>\n<p>Installez la carte, peut copier le dessin de nombreux motifs de dessin anim\u00e9<\/p>\n<p><img decoding=\"async\" class=\"detail-desc-decorate-image\" src=\"https:\/\/ci.jumia.is\/cms\/external\/pet\/GE070TG06FM9UNAFAMZ\/530e07c4bd97dfba463897eae1f4580e.jpg\" alt=\"image\" data-src=\"https:\/\/ci.jumia.is\/cms\/external\/pet\/GE070TG06FM9UNAFAMZ\/530e07c4bd97dfba463897eae1f4580e.jpg\" data-spm-anchor-id=\"a2g0o.detail.1000023.i2.57b715b8Vsnnzh\" \/><img decoding=\"async\" class=\"detail-desc-decorate-image\" src=\"https:\/\/ci.jumia.is\/cms\/external\/pet\/GE070TG06FM9UNAFAMZ\/19f98b6a9523ba7f9fc0772b21de687b.jpg\" alt=\"image\" data-src=\"https:\/\/ci.jumia.is\/cms\/external\/pet\/GE070TG06FM9UNAFAMZ\/19f98b6a9523ba7f9fc0772b21de687b.jpg\" \/><\/p>\n<p>Lisse Bord Arrondi Conception<\/p>\n<p>Finement poli et tous les bords sont chanfrein\u00e9s \u00e0 360 \u00b0, s\u00fbrs et lisses sans bavures, prot\u00e8gent les enfants des rayures<\/p>\n<p><img decoding=\"async\" class=\"detail-desc-decorate-image\" src=\"https:\/\/ci.jumia.is\/cms\/external\/pet\/GE070TG06FM9UNAFAMZ\/e095b5373c138e1562cad3cb8dc81398.jpg\" alt=\"image\" data-src=\"https:\/\/ci.jumia.is\/cms\/external\/pet\/GE070TG06FM9UNAFAMZ\/e095b5373c138e1562cad3cb8dc81398.jpg\" data-spm-anchor-id=\"a2g0o.detail.1000023.i3.57b715b8Vsnnzh\" \/><\/p>\n<p>Instruction<\/p>\n<p data-spm-anchor-id=\"a2g0o.detail.1000023.i4.57b715b8Vsnnzh\">1. Mettre trois piles AAA<br \/>\n2. Installez la t\u00eate de projection sur le tableau<br \/>\n3. Mettez la carte sur la t\u00eate<br \/>\n4. Un mode: Projection<br \/>\nDeuxi\u00e8me mode: Projection + musique<\/p>\n","protected":false},"excerpt":{"rendered":"<p>Sp\u00e9cification Nom: planche \u00e0 dessin LED de projecteur Mat\u00e9riel: ABS Aliment\u00e9 par 3 piles AA (piles non incluses) Poids: 480g [&hellip;]<\/p>\n","protected":false},"featured_media":1663,"comment_status":"open","ping_status":"closed","template":"","meta":{"_uag_custom_page_level_css":"","site-sidebar-layout":"default","site-content-layout":"","ast-site-content-layout":"default","site-content-style":"default","site-sidebar-style":"default","ast-global-header-display":"","ast-banner-title-visibility":"","ast-main-header-display":"","ast-hfb-above-header-display":"","ast-hfb-below-header-display":"","ast-hfb-mobile-header-display":"","site-post-title":"","ast-breadcrumbs-content":"","ast-featured-img":"","footer-sml-layout":"","ast-disable-related-posts":"","theme-transparent-header-meta":"default","adv-header-id-meta":"","stick-header-meta":"","header-above-stick-meta":"","header-main-stick-meta":"","header-below-stick-meta":"","astra-migrate-meta-layouts":"set","ast-page-background-enabled":"default","ast-page-background-meta":{"desktop":{"background-color":"var(--ast-global-color-4)","background-image":"","background-repeat":"repeat","background-position":"center center","background-size":"auto","background-attachment":"scroll","background-type":"","background-media":"","overlay-type":"","overlay-color":"","overlay-opacity":"","overlay-gradient":""},"tablet":{"background-color":"","background-image":"","background-repeat":"repeat","background-position":"center center","background-size":"auto","background-attachment":"scroll","background-type":"","background-media":"","overlay-type":"","overlay-color":"","overlay-opacity":"","overlay-gradient":""},"mobile":{"background-color":"","background-image":"","background-repeat":"repeat","background-position":"center center","background-size":"auto","background-attachment":"scroll","background-type":"","background-media":"","overlay-type":"","overlay-color":"","overlay-opacity":"","overlay-gradient":""}},"ast-content-background-meta":{"desktop":{"background-color":"var(--ast-global-color-5)","background-image":"","background-repeat":"repeat","background-position":"center center","background-size":"auto","background-attachment":"scroll","background-type":"","background-media":"","overlay-type":"","overlay-color":"","overlay-opacity":"","overlay-gradient":""},"tablet":{"background-color":"var(--ast-global-color-5)","background-image":"","background-repeat":"repeat","background-position":"center center","background-size":"auto","background-attachment":"scroll","background-type":"","background-media":"","overlay-type":"","overlay-color":"","overlay-opacity":"","overlay-gradient":""},"mobile":{"background-color":"var(--ast-global-color-5)","background-image":"","background-repeat":"repeat","background-position":"center center","background-size":"auto","background-attachment":"scroll","background-type":"","background-media":"","overlay-type":"","overlay-color":"","overlay-opacity":"","overlay-gradient":""}}},"product_brand":[],"product_cat":[120],"product_tag":[],"class_list":{"0":"post-1662","1":"product","2":"type-product","3":"status-publish","4":"has-post-thumbnail","6":"product_cat-jouet-enfant","7":"desktop-align-left","8":"tablet-align-left","9":"mobile-align-left","11":"first","12":"instock","13":"shipping-taxable","14":"purchasable","15":"product-type-simple"},"yoast_head":"<!-- This site is optimized with the Yoast SEO plugin v26.8 - https:\/\/yoast.com\/product\/yoast-seo-wordpress\/ -->\n<title>Planche \u00e0 Dessin Avec Projecteur LED Pour Enfants, Table De Peinture, Bureau, Tablette D&#039;\u00e9criture- Jaune - Ekco Boutique<\/title>\n<meta name=\"robots\" content=\"index, follow, max-snippet:-1, max-image-preview:large, max-video-preview:-1\" \/>\n<link rel=\"canonical\" href=\"https:\/\/ekco-ci.com\/ecommerce\/produit\/planche-a-dessin-avec-projecteur-led-pour-enfants-table-de-peinture-bureau-tablette-decriture-jaune\/\" \/>\n<meta property=\"og:locale\" content=\"fr_FR\" \/>\n<meta property=\"og:type\" content=\"article\" \/>\n<meta property=\"og:title\" content=\"Planche \u00e0 Dessin Avec Projecteur LED Pour Enfants, Table De Peinture, Bureau, Tablette D&#039;\u00e9criture- Jaune - Ekco Boutique\" \/>\n<meta property=\"og:description\" content=\"Sp\u00e9cification Nom: planche \u00e0 dessin LED de projecteur Mat\u00e9riel: ABS Aliment\u00e9 par 3 piles AA (piles non incluses) Poids: 480g [&hellip;]\" \/>\n<meta property=\"og:url\" content=\"https:\/\/ekco-ci.com\/ecommerce\/produit\/planche-a-dessin-avec-projecteur-led-pour-enfants-table-de-peinture-bureau-tablette-decriture-jaune\/\" \/>\n<meta property=\"og:site_name\" content=\"Ekco Boutique\" \/>\n<meta property=\"article:modified_time\" content=\"2024-12-12T09:13:22+00:00\" \/>\n<meta property=\"og:image\" content=\"https:\/\/ekco-ci.com\/ecommerce\/wp-content\/uploads\/2024\/08\/1-2024-08-14T160549.057.jpg\" \/>\n\t<meta property=\"og:image:width\" content=\"680\" \/>\n\t<meta property=\"og:image:height\" content=\"680\" \/>\n\t<meta property=\"og:image:type\" content=\"image\/jpeg\" \/>\n<meta name=\"twitter:card\" content=\"summary_large_image\" \/>\n<meta name=\"twitter:label1\" content=\"Dur\u00e9e de lecture estim\u00e9e\" \/>\n\t<meta name=\"twitter:data1\" content=\"6 minutes\" \/>\n<script type=\"application\/ld+json\" class=\"yoast-schema-graph\">{\"@context\":\"https:\/\/schema.org\",\"@graph\":[{\"@type\":\"WebPage\",\"@id\":\"https:\/\/ekco-ci.com\/ecommerce\/produit\/planche-a-dessin-avec-projecteur-led-pour-enfants-table-de-peinture-bureau-tablette-decriture-jaune\/\",\"url\":\"https:\/\/ekco-ci.com\/ecommerce\/produit\/planche-a-dessin-avec-projecteur-led-pour-enfants-table-de-peinture-bureau-tablette-decriture-jaune\/\",\"name\":\"Planche \u00e0 Dessin Avec Projecteur LED Pour Enfants, Table De Peinture, Bureau, Tablette D'\u00e9criture- Jaune - Ekco Boutique\",\"isPartOf\":{\"@id\":\"https:\/\/ekco-ci.com\/ecommerce\/#website\"},\"primaryImageOfPage\":{\"@id\":\"https:\/\/ekco-ci.com\/ecommerce\/produit\/planche-a-dessin-avec-projecteur-led-pour-enfants-table-de-peinture-bureau-tablette-decriture-jaune\/#primaryimage\"},\"image\":{\"@id\":\"https:\/\/ekco-ci.com\/ecommerce\/produit\/planche-a-dessin-avec-projecteur-led-pour-enfants-table-de-peinture-bureau-tablette-decriture-jaune\/#primaryimage\"},\"thumbnailUrl\":\"https:\/\/ekco-ci.com\/ecommerce\/wp-content\/uploads\/2024\/08\/1-2024-08-14T160549.057.jpg\",\"datePublished\":\"2024-08-14T16:08:43+00:00\",\"dateModified\":\"2024-12-12T09:13:22+00:00\",\"breadcrumb\":{\"@id\":\"https:\/\/ekco-ci.com\/ecommerce\/produit\/planche-a-dessin-avec-projecteur-led-pour-enfants-table-de-peinture-bureau-tablette-decriture-jaune\/#breadcrumb\"},\"inLanguage\":\"fr-FR\",\"potentialAction\":[{\"@type\":\"ReadAction\",\"target\":[\"https:\/\/ekco-ci.com\/ecommerce\/produit\/planche-a-dessin-avec-projecteur-led-pour-enfants-table-de-peinture-bureau-tablette-decriture-jaune\/\"]}]},{\"@type\":\"ImageObject\",\"inLanguage\":\"fr-FR\",\"@id\":\"https:\/\/ekco-ci.com\/ecommerce\/produit\/planche-a-dessin-avec-projecteur-led-pour-enfants-table-de-peinture-bureau-tablette-decriture-jaune\/#primaryimage\",\"url\":\"https:\/\/ekco-ci.com\/ecommerce\/wp-content\/uploads\/2024\/08\/1-2024-08-14T160549.057.jpg\",\"contentUrl\":\"https:\/\/ekco-ci.com\/ecommerce\/wp-content\/uploads\/2024\/08\/1-2024-08-14T160549.057.jpg\",\"width\":680,\"height\":680},{\"@type\":\"BreadcrumbList\",\"@id\":\"https:\/\/ekco-ci.com\/ecommerce\/produit\/planche-a-dessin-avec-projecteur-led-pour-enfants-table-de-peinture-bureau-tablette-decriture-jaune\/#breadcrumb\",\"itemListElement\":[{\"@type\":\"ListItem\",\"position\":1,\"name\":\"Home\",\"item\":\"https:\/\/ekco-ci.com\/ecommerce\/\"},{\"@type\":\"ListItem\",\"position\":2,\"name\":\"Boutique\",\"item\":\"https:\/\/ekco-ci.com\/ecommerce\/boutique\/\"},{\"@type\":\"ListItem\",\"position\":3,\"name\":\"Planche \u00e0 Dessin Avec Projecteur LED Pour Enfants, Table De Peinture, Bureau, Tablette D&#8217;\u00e9criture- &#8211; Jaune\"}]},{\"@type\":\"WebSite\",\"@id\":\"https:\/\/ekco-ci.com\/ecommerce\/#website\",\"url\":\"https:\/\/ekco-ci.com\/ecommerce\/\",\"name\":\"Ekco Boutique\",\"description\":\"Ekco Boutique! La qualit\u00e9 au c\u0153ur de chaque achat\",\"publisher\":{\"@id\":\"https:\/\/ekco-ci.com\/ecommerce\/#organization\"},\"alternateName\":\"Boutique\",\"potentialAction\":[{\"@type\":\"SearchAction\",\"target\":{\"@type\":\"EntryPoint\",\"urlTemplate\":\"https:\/\/ekco-ci.com\/ecommerce\/?s={search_term_string}\"},\"query-input\":{\"@type\":\"PropertyValueSpecification\",\"valueRequired\":true,\"valueName\":\"search_term_string\"}}],\"inLanguage\":\"fr-FR\"},{\"@type\":\"Organization\",\"@id\":\"https:\/\/ekco-ci.com\/ecommerce\/#organization\",\"name\":\"Ekco Boutique\",\"url\":\"https:\/\/ekco-ci.com\/ecommerce\/\",\"logo\":{\"@type\":\"ImageObject\",\"inLanguage\":\"fr-FR\",\"@id\":\"https:\/\/ekco-ci.com\/ecommerce\/#\/schema\/logo\/image\/\",\"url\":\"https:\/\/ekco-ci.com\/ecommerce\/wp-content\/uploads\/2024\/08\/cropped-lologo.png\",\"contentUrl\":\"https:\/\/ekco-ci.com\/ecommerce\/wp-content\/uploads\/2024\/08\/cropped-lologo.png\",\"width\":512,\"height\":512,\"caption\":\"Ekco Boutique\"},\"image\":{\"@id\":\"https:\/\/ekco-ci.com\/ecommerce\/#\/schema\/logo\/image\/\"}}]}<\/script>\n<!-- \/ Yoast SEO plugin. -->","yoast_head_json":{"title":"Planche \u00e0 Dessin Avec Projecteur LED Pour Enfants, Table De Peinture, Bureau, Tablette D'\u00e9criture- Jaune - Ekco Boutique","robots":{"index":"index","follow":"follow","max-snippet":"max-snippet:-1","max-image-preview":"max-image-preview:large","max-video-preview":"max-video-preview:-1"},"canonical":"https:\/\/ekco-ci.com\/ecommerce\/produit\/planche-a-dessin-avec-projecteur-led-pour-enfants-table-de-peinture-bureau-tablette-decriture-jaune\/","og_locale":"fr_FR","og_type":"article","og_title":"Planche \u00e0 Dessin Avec Projecteur LED Pour Enfants, Table De Peinture, Bureau, Tablette D'\u00e9criture- Jaune - Ekco Boutique","og_description":"Sp\u00e9cification Nom: planche \u00e0 dessin LED de projecteur Mat\u00e9riel: ABS Aliment\u00e9 par 3 piles AA (piles non incluses) Poids: 480g [&hellip;]","og_url":"https:\/\/ekco-ci.com\/ecommerce\/produit\/planche-a-dessin-avec-projecteur-led-pour-enfants-table-de-peinture-bureau-tablette-decriture-jaune\/","og_site_name":"Ekco Boutique","article_modified_time":"2024-12-12T09:13:22+00:00","og_image":[{"width":680,"height":680,"url":"https:\/\/ekco-ci.com\/ecommerce\/wp-content\/uploads\/2024\/08\/1-2024-08-14T160549.057.jpg","type":"image\/jpeg"}],"twitter_card":"summary_large_image","twitter_misc":{"Dur\u00e9e de lecture estim\u00e9e":"6 minutes"},"schema":{"@context":"https:\/\/schema.org","@graph":[{"@type":"WebPage","@id":"https:\/\/ekco-ci.com\/ecommerce\/produit\/planche-a-dessin-avec-projecteur-led-pour-enfants-table-de-peinture-bureau-tablette-decriture-jaune\/","url":"https:\/\/ekco-ci.com\/ecommerce\/produit\/planche-a-dessin-avec-projecteur-led-pour-enfants-table-de-peinture-bureau-tablette-decriture-jaune\/","name":"Planche \u00e0 Dessin Avec Projecteur LED Pour Enfants, Table De Peinture, Bureau, Tablette D'\u00e9criture- Jaune - Ekco Boutique","isPartOf":{"@id":"https:\/\/ekco-ci.com\/ecommerce\/#website"},"primaryImageOfPage":{"@id":"https:\/\/ekco-ci.com\/ecommerce\/produit\/planche-a-dessin-avec-projecteur-led-pour-enfants-table-de-peinture-bureau-tablette-decriture-jaune\/#primaryimage"},"image":{"@id":"https:\/\/ekco-ci.com\/ecommerce\/produit\/planche-a-dessin-avec-projecteur-led-pour-enfants-table-de-peinture-bureau-tablette-decriture-jaune\/#primaryimage"},"thumbnailUrl":"https:\/\/ekco-ci.com\/ecommerce\/wp-content\/uploads\/2024\/08\/1-2024-08-14T160549.057.jpg","datePublished":"2024-08-14T16:08:43+00:00","dateModified":"2024-12-12T09:13:22+00:00","breadcrumb":{"@id":"https:\/\/ekco-ci.com\/ecommerce\/produit\/planche-a-dessin-avec-projecteur-led-pour-enfants-table-de-peinture-bureau-tablette-decriture-jaune\/#breadcrumb"},"inLanguage":"fr-FR","potentialAction":[{"@type":"ReadAction","target":["https:\/\/ekco-ci.com\/ecommerce\/produit\/planche-a-dessin-avec-projecteur-led-pour-enfants-table-de-peinture-bureau-tablette-decriture-jaune\/"]}]},{"@type":"ImageObject","inLanguage":"fr-FR","@id":"https:\/\/ekco-ci.com\/ecommerce\/produit\/planche-a-dessin-avec-projecteur-led-pour-enfants-table-de-peinture-bureau-tablette-decriture-jaune\/#primaryimage","url":"https:\/\/ekco-ci.com\/ecommerce\/wp-content\/uploads\/2024\/08\/1-2024-08-14T160549.057.jpg","contentUrl":"https:\/\/ekco-ci.com\/ecommerce\/wp-content\/uploads\/2024\/08\/1-2024-08-14T160549.057.jpg","width":680,"height":680},{"@type":"BreadcrumbList","@id":"https:\/\/ekco-ci.com\/ecommerce\/produit\/planche-a-dessin-avec-projecteur-led-pour-enfants-table-de-peinture-bureau-tablette-decriture-jaune\/#breadcrumb","itemListElement":[{"@type":"ListItem","position":1,"name":"Home","item":"https:\/\/ekco-ci.com\/ecommerce\/"},{"@type":"ListItem","position":2,"name":"Boutique","item":"https:\/\/ekco-ci.com\/ecommerce\/boutique\/"},{"@type":"ListItem","position":3,"name":"Planche \u00e0 Dessin Avec Projecteur LED Pour Enfants, Table De Peinture, Bureau, Tablette D&#8217;\u00e9criture- &#8211; Jaune"}]},{"@type":"WebSite","@id":"https:\/\/ekco-ci.com\/ecommerce\/#website","url":"https:\/\/ekco-ci.com\/ecommerce\/","name":"Ekco Boutique","description":"Ekco Boutique! La qualit\u00e9 au c\u0153ur de chaque achat","publisher":{"@id":"https:\/\/ekco-ci.com\/ecommerce\/#organization"},"alternateName":"Boutique","potentialAction":[{"@type":"SearchAction","target":{"@type":"EntryPoint","urlTemplate":"https:\/\/ekco-ci.com\/ecommerce\/?s={search_term_string}"},"query-input":{"@type":"PropertyValueSpecification","valueRequired":true,"valueName":"search_term_string"}}],"inLanguage":"fr-FR"},{"@type":"Organization","@id":"https:\/\/ekco-ci.com\/ecommerce\/#organization","name":"Ekco Boutique","url":"https:\/\/ekco-ci.com\/ecommerce\/","logo":{"@type":"ImageObject","inLanguage":"fr-FR","@id":"https:\/\/ekco-ci.com\/ecommerce\/#\/schema\/logo\/image\/","url":"https:\/\/ekco-ci.com\/ecommerce\/wp-content\/uploads\/2024\/08\/cropped-lologo.png","contentUrl":"https:\/\/ekco-ci.com\/ecommerce\/wp-content\/uploads\/2024\/08\/cropped-lologo.png","width":512,"height":512,"caption":"Ekco Boutique"},"image":{"@id":"https:\/\/ekco-ci.com\/ecommerce\/#\/schema\/logo\/image\/"}}]}},"uagb_featured_image_src":{"full":["https:\/\/ekco-ci.com\/ecommerce\/wp-content\/uploads\/2024\/08\/1-2024-08-14T160549.057.jpg",680,680,false],"thumbnail":["https:\/\/ekco-ci.com\/ecommerce\/wp-content\/uploads\/2024\/08\/1-2024-08-14T160549.057-150x150.jpg",150,150,true],"medium":["https:\/\/ekco-ci.com\/ecommerce\/wp-content\/uploads\/2024\/08\/1-2024-08-14T160549.057-300x300.jpg",300,300,true],"medium_large":["https:\/\/ekco-ci.com\/ecommerce\/wp-content\/uploads\/2024\/08\/1-2024-08-14T160549.057.jpg",680,680,false],"large":["https:\/\/ekco-ci.com\/ecommerce\/wp-content\/uploads\/2024\/08\/1-2024-08-14T160549.057.jpg",680,680,false],"1536x1536":["https:\/\/ekco-ci.com\/ecommerce\/wp-content\/uploads\/2024\/08\/1-2024-08-14T160549.057.jpg",680,680,false],"2048x2048":["https:\/\/ekco-ci.com\/ecommerce\/wp-content\/uploads\/2024\/08\/1-2024-08-14T160549.057.jpg",680,680,false],"cfw_cart_thumb":["https:\/\/ekco-ci.com\/ecommerce\/wp-content\/uploads\/2024\/08\/1-2024-08-14T160549.057.jpg",60,60,false],"cfw_order_bump_thumb":["https:\/\/ekco-ci.com\/ecommerce\/wp-content\/uploads\/2024\/08\/1-2024-08-14T160549.057.jpg",320,320,false],"woocommerce_thumbnail":["https:\/\/ekco-ci.com\/ecommerce\/wp-content\/uploads\/2024\/08\/1-2024-08-14T160549.057-300x225.jpg",300,225,true],"woocommerce_single":["https:\/\/ekco-ci.com\/ecommerce\/wp-content\/uploads\/2024\/08\/1-2024-08-14T160549.057-600x600.jpg",600,600,true],"woocommerce_gallery_thumbnail":["https:\/\/ekco-ci.com\/ecommerce\/wp-content\/uploads\/2024\/08\/1-2024-08-14T160549.057-100x100.jpg",100,100,true]},"uagb_author_info":{"display_name":"Joseph Kouam\u00e9","author_link":"https:\/\/ekco-ci.com\/ecommerce\/author\/"},"uagb_comment_info":0,"uagb_excerpt":"Sp\u00e9cification Nom: planche \u00e0 dessin LED de projecteur Mat\u00e9riel: ABS Aliment\u00e9 par 3 piles AA (piles non incluses) Poids: 480g [&hellip;]","_links":{"self":[{"href":"https:\/\/ekco-ci.com\/ecommerce\/wp-json\/wp\/v2\/product\/1662","targetHints":{"allow":["GET"]}}],"collection":[{"href":"https:\/\/ekco-ci.com\/ecommerce\/wp-json\/wp\/v2\/product"}],"about":[{"href":"https:\/\/ekco-ci.com\/ecommerce\/wp-json\/wp\/v2\/types\/product"}],"replies":[{"embeddable":true,"href":"https:\/\/ekco-ci.com\/ecommerce\/wp-json\/wp\/v2\/comments?post=1662"}],"wp:featuredmedia":[{"embeddable":true,"href":"https:\/\/ekco-ci.com\/ecommerce\/wp-json\/wp\/v2\/media\/1663"}],"wp:attachment":[{"href":"https:\/\/ekco-ci.com\/ecommerce\/wp-json\/wp\/v2\/media?parent=1662"}],"wp:term":[{"taxonomy":"product_brand","embeddable":true,"href":"https:\/\/ekco-ci.com\/ecommerce\/wp-json\/wp\/v2\/product_brand?post=1662"},{"taxonomy":"product_cat","embeddable":true,"href":"https:\/\/ekco-ci.com\/ecommerce\/wp-json\/wp\/v2\/product_cat?post=1662"},{"taxonomy":"product_tag","embeddable":true,"href":"https:\/\/ekco-ci.com\/ecommerce\/wp-json\/wp\/v2\/product_tag?post=1662"}],"curies":[{"name":"wp","href":"https:\/\/api.w.org\/{rel}","templated":true}]}}