{"id":15173,"date":"2026-04-28T16:54:13","date_gmt":"2026-04-28T16:54:13","guid":{"rendered":"https:\/\/ekco-ci.com\/ecommerce\/?post_type=product&#038;p=15173"},"modified":"2026-04-28T16:54:15","modified_gmt":"2026-04-28T16:54:15","slug":"ventilateur-portable-a-pince","status":"publish","type":"product","link":"https:\/\/ekco-ci.com\/ecommerce\/produit\/ventilateur-portable-a-pince\/","title":{"rendered":"Ventilateur Portable \u00e0 Pince"},"content":{"rendered":"<p><strong>Nouveau ventilateur de bureau mural portable \u00e0 clip (2024), \u00e9clairage nocturne, mini ventilateur de bureau \u00e0 chargement par rotation. Caract\u00e9ristiques\u00a0: Frais et silencieux, plus silencieux que la respiration, favorisant le sommeil, r\u00e9glable sous tous les angles, rafra\u00eechissant et sans angles morts. Dites adieu au soufflage unilat\u00e9ral et profitez d&#8217;un confort int\u00e9rieur optimal. Large zone d&#8217;alimentation en circulation, secouage de la t\u00eate en un clic et minuterie, grand angle enti\u00e8rement automatique, r\u00e9glage de l&#8217;angle, frais et sans angles morts. Dites adieu au soufflage lat\u00e9ral et profitez d&#8217;un confort int\u00e9rieur optimal. Alimentation en circulation \u00e0 720 \u00b0, alimentation \u00e0 360 \u00b0 par le haut et le bas de la housse en maille et alimentation \u00e0 360 \u00b0 par la gauche et la droite du si\u00e8ge. Convient \u00e0 divers, peut se tenir debout, se clipser ou accrocher, ventilateur de circulation, conception de suspension de moteur am\u00e9lior\u00e9e partout o\u00f9 vous allez et soufflez, combin\u00e9 avec un syst\u00e8me de r\u00e9duction du bruit, le vent qui souffle est plus doux et plus silencieux, et l&#8217;ambiance est confortable et non irritable. Affichage num\u00e9rique de puissance intelligent, fonction d&#8217;affichage num\u00e9rique nouvellement am\u00e9lior\u00e9e avec puissance restante, contr\u00f4le intelligent du vent, r\u00e9gulation du vent \u00e0 cinq vitesses, vous permettant de profiter du vent naturel tranquillement, en soufflant doucement le vent selon votre c\u0153ur (1-2 vitesses &#8211; vent frais et l\u00e9ger) adapt\u00e9 aux environnements int\u00e9rieurs climatis\u00e9s au d\u00e9but de l&#8217;\u00e9t\u00e9, (3-4 vitesses &#8211; et vent fort) adapt\u00e9 \u00e0 l&#8217;\u00e9touffement int\u00e9rieur sans climatisation, (5 vitesses &#8211; fort) adapt\u00e9 aux \u00e9t\u00e9s moites et chauds. Ventilateur \u00e0 grand angle de 720 \u00b0, ventilateur de circulation avec vent fort, alimentation lointaine, plus silencieux, angle r\u00e9glable, fra\u00eecheur sans angles morts, adieu au soufflage lat\u00e9ral, confort int\u00e9rieur, soufflant 10 m\u00e8tres en une seconde, une chute soudaine de 35 \u2103 en 3 secondes, et les pales du ventilateur coop\u00e8rent avec le moteur du coin mural pour balayer rapidement la chaleur torride.Description du produit :Vitesse du vent : r\u00e9glage \u00e0 5 vitessesBruit : inf\u00e9rieur \u00e0 36 dBTension de sortie : 3,7 VTension d&#8217;entr\u00e9e : 5 V\/1 APuissance : 5 WMoteur : moteur sans balaisBatterie : 2400 mAh (capacit\u00e9 personnalisable)Mat\u00e9riau : ABS haute brillance mat\u00e9riaux respectueux de l&#8217;environnement\/PC\/composants \u00e9lectroniquesPoids du produit : 580 gTaille du produit : 255 x 141 x 170 mmListe des produits : 1 * ventilateur1 * c\u00e2ble USB<\/strong><\/p>\n<ul>\n<li>LAKUB Soldes 2024 Nouveau Clip Ventilateur de Circulation Veilleuse \u00c9clairage Mini Charge Circulation Portable Mural Ventilateur de Bureau<\/li>\n<li>Frais et silencieux, plus silencieux que la respiration, il favorise le sommeil, r\u00e9glable sous tous les angles, rafra\u00eechissant et sans angle mort. Dites adieu au souffle unilat\u00e9ral et profitez d&#8217;un confort int\u00e9rieur optimal en toutes circonstances.<\/li>\n<li>Circulation d&#8217;air sur une grande surface, agitation de la t\u00eate en un clic et minuterie, grand angle enti\u00e8rement automatique, r\u00e9glage de l&#8217;angle, fra\u00eecheur et absence de coins morts. Dites adieu au soufflage lat\u00e9ral et profitez d&#8217;un confort int\u00e9rieur optimal. Circulation d&#8217;air \u00e0 720\u00b0, 360\u00b0 par le haut et le bas de la housse en maille, et 360\u00b0 par les c\u00f4t\u00e9s gauche et droit du si\u00e8ge.<\/li>\n<li>Convient \u00e0 divers, peut se tenir debout, se clipser ou accrocher, ventilateur de circulation, conception de suspension de moteur am\u00e9lior\u00e9e partout o\u00f9 vous allez et soufflez, combin\u00e9 avec un syst\u00e8me de r\u00e9duction du bruit, le vent soufflant est plus doux et plus silencieux, et l&#8217;ambiance est confortable et non irritable.<\/li>\n<li>Affichage num\u00e9rique de puissance intelligent, fonction d&#8217;affichage num\u00e9rique nouvellement am\u00e9lior\u00e9e avec puissance restante, contr\u00f4le intelligent du vent, r\u00e9gulation du vent \u00e0 cinq vitesses, vous permettant de profiter tranquillement du vent naturel, soufflant doucement le vent selon votre c\u0153ur (1-2 vitesses &#8211; vent frais et l\u00e9ger) adapt\u00e9 aux environnements int\u00e9rieurs climatis\u00e9s au d\u00e9but de l&#8217;\u00e9t\u00e9, (3-4 vitesses &#8211; et vent fort) adapt\u00e9 \u00e0 l&#8217;\u00e9touffement int\u00e9rieur sans climatisation, (5 vitesses &#8211; fort) adapt\u00e9 aux \u00e9t\u00e9s moites et chauds.;<\/li>\n<\/ul>\n","protected":false},"excerpt":{"rendered":"<p>Nouveau ventilateur de bureau mural portable \u00e0 clip (2024), \u00e9clairage nocturne, mini ventilateur de bureau \u00e0 chargement par rotation. Caract\u00e9ristiques\u00a0: [&hellip;]<\/p>\n","protected":false},"featured_media":15178,"comment_status":"open","ping_status":"closed","template":"","meta":{"_uag_custom_page_level_css":"","site-sidebar-layout":"default","site-content-layout":"","ast-site-content-layout":"default","site-content-style":"default","site-sidebar-style":"default","ast-global-header-display":"","ast-banner-title-visibility":"","ast-main-header-display":"","ast-hfb-above-header-display":"","ast-hfb-below-header-display":"","ast-hfb-mobile-header-display":"","site-post-title":"","ast-breadcrumbs-content":"","ast-featured-img":"","footer-sml-layout":"","ast-disable-related-posts":"","theme-transparent-header-meta":"default","adv-header-id-meta":"","stick-header-meta":"","header-above-stick-meta":"","header-main-stick-meta":"","header-below-stick-meta":"","astra-migrate-meta-layouts":"set","ast-page-background-enabled":"default","ast-page-background-meta":{"desktop":{"background-color":"var(--ast-global-color-4)","background-image":"","background-repeat":"repeat","background-position":"center center","background-size":"auto","background-attachment":"scroll","background-type":"","background-media":"","overlay-type":"","overlay-color":"","overlay-opacity":"","overlay-gradient":""},"tablet":{"background-color":"","background-image":"","background-repeat":"repeat","background-position":"center center","background-size":"auto","background-attachment":"scroll","background-type":"","background-media":"","overlay-type":"","overlay-color":"","overlay-opacity":"","overlay-gradient":""},"mobile":{"background-color":"","background-image":"","background-repeat":"repeat","background-position":"center center","background-size":"auto","background-attachment":"scroll","background-type":"","background-media":"","overlay-type":"","overlay-color":"","overlay-opacity":"","overlay-gradient":""}},"ast-content-background-meta":{"desktop":{"background-color":"var(--ast-global-color-5)","background-image":"","background-repeat":"repeat","background-position":"center center","background-size":"auto","background-attachment":"scroll","background-type":"","background-media":"","overlay-type":"","overlay-color":"","overlay-opacity":"","overlay-gradient":""},"tablet":{"background-color":"var(--ast-global-color-5)","background-image":"","background-repeat":"repeat","background-position":"center center","background-size":"auto","background-attachment":"scroll","background-type":"","background-media":"","overlay-type":"","overlay-color":"","overlay-opacity":"","overlay-gradient":""},"mobile":{"background-color":"var(--ast-global-color-5)","background-image":"","background-repeat":"repeat","background-position":"center center","background-size":"auto","background-attachment":"scroll","background-type":"","background-media":"","overlay-type":"","overlay-color":"","overlay-opacity":"","overlay-gradient":""}}},"product_brand":[],"product_cat":[103,1298,225,102],"product_tag":[],"class_list":{"0":"post-15173","1":"product","2":"type-product","3":"status-publish","4":"has-post-thumbnail","6":"product_cat-accessoires-it","7":"product_cat-accessoires-it-informatique","8":"product_cat-gadgets-usb","9":"product_cat-informatique","10":"desktop-align-left","11":"tablet-align-left","12":"mobile-align-left","14":"first","15":"instock","16":"sale","17":"shipping-taxable","18":"purchasable","19":"product-type-simple"},"yoast_head":"<!-- This site is optimized with the Yoast SEO plugin v26.8 - https:\/\/yoast.com\/product\/yoast-seo-wordpress\/ -->\n<title>Ventilateur Portable \u00e0 Pince - Ekco Boutique<\/title>\n<meta name=\"robots\" content=\"index, follow, max-snippet:-1, max-image-preview:large, max-video-preview:-1\" \/>\n<link rel=\"canonical\" href=\"https:\/\/ekco-ci.com\/ecommerce\/produit\/ventilateur-portable-a-pince\/\" \/>\n<meta property=\"og:locale\" content=\"fr_FR\" \/>\n<meta property=\"og:type\" content=\"article\" \/>\n<meta property=\"og:title\" content=\"Ventilateur Portable \u00e0 Pince - Ekco Boutique\" \/>\n<meta property=\"og:description\" content=\"Nouveau ventilateur de bureau mural portable \u00e0 clip (2024), \u00e9clairage nocturne, mini ventilateur de bureau \u00e0 chargement par rotation. Caract\u00e9ristiques\u00a0: [&hellip;]\" \/>\n<meta property=\"og:url\" content=\"https:\/\/ekco-ci.com\/ecommerce\/produit\/ventilateur-portable-a-pince\/\" \/>\n<meta property=\"og:site_name\" content=\"Ekco Boutique\" \/>\n<meta property=\"article:modified_time\" content=\"2026-04-28T16:54:15+00:00\" \/>\n<meta property=\"og:image\" content=\"https:\/\/ekco-ci.com\/ecommerce\/wp-content\/uploads\/2026\/04\/1-2026-04-28T163553.313.jpg\" \/>\n\t<meta property=\"og:image:width\" content=\"680\" \/>\n\t<meta property=\"og:image:height\" content=\"680\" \/>\n\t<meta property=\"og:image:type\" content=\"image\/jpeg\" \/>\n<meta name=\"twitter:card\" content=\"summary_large_image\" \/>\n<meta name=\"twitter:label1\" content=\"Dur\u00e9e de lecture estim\u00e9e\" \/>\n\t<meta name=\"twitter:data1\" content=\"4 minutes\" \/>\n<script type=\"application\/ld+json\" class=\"yoast-schema-graph\">{\"@context\":\"https:\/\/schema.org\",\"@graph\":[{\"@type\":\"WebPage\",\"@id\":\"https:\/\/ekco-ci.com\/ecommerce\/produit\/ventilateur-portable-a-pince\/\",\"url\":\"https:\/\/ekco-ci.com\/ecommerce\/produit\/ventilateur-portable-a-pince\/\",\"name\":\"Ventilateur Portable \u00e0 Pince - Ekco Boutique\",\"isPartOf\":{\"@id\":\"https:\/\/ekco-ci.com\/ecommerce\/#website\"},\"primaryImageOfPage\":{\"@id\":\"https:\/\/ekco-ci.com\/ecommerce\/produit\/ventilateur-portable-a-pince\/#primaryimage\"},\"image\":{\"@id\":\"https:\/\/ekco-ci.com\/ecommerce\/produit\/ventilateur-portable-a-pince\/#primaryimage\"},\"thumbnailUrl\":\"https:\/\/ekco-ci.com\/ecommerce\/wp-content\/uploads\/2026\/04\/1-2026-04-28T163553.313.jpg\",\"datePublished\":\"2026-04-28T16:54:13+00:00\",\"dateModified\":\"2026-04-28T16:54:15+00:00\",\"breadcrumb\":{\"@id\":\"https:\/\/ekco-ci.com\/ecommerce\/produit\/ventilateur-portable-a-pince\/#breadcrumb\"},\"inLanguage\":\"fr-FR\",\"potentialAction\":[{\"@type\":\"ReadAction\",\"target\":[\"https:\/\/ekco-ci.com\/ecommerce\/produit\/ventilateur-portable-a-pince\/\"]}]},{\"@type\":\"ImageObject\",\"inLanguage\":\"fr-FR\",\"@id\":\"https:\/\/ekco-ci.com\/ecommerce\/produit\/ventilateur-portable-a-pince\/#primaryimage\",\"url\":\"https:\/\/ekco-ci.com\/ecommerce\/wp-content\/uploads\/2026\/04\/1-2026-04-28T163553.313.jpg\",\"contentUrl\":\"https:\/\/ekco-ci.com\/ecommerce\/wp-content\/uploads\/2026\/04\/1-2026-04-28T163553.313.jpg\",\"width\":680,\"height\":680},{\"@type\":\"BreadcrumbList\",\"@id\":\"https:\/\/ekco-ci.com\/ecommerce\/produit\/ventilateur-portable-a-pince\/#breadcrumb\",\"itemListElement\":[{\"@type\":\"ListItem\",\"position\":1,\"name\":\"Home\",\"item\":\"https:\/\/ekco-ci.com\/ecommerce\/\"},{\"@type\":\"ListItem\",\"position\":2,\"name\":\"Boutique\",\"item\":\"https:\/\/ekco-ci.com\/ecommerce\/boutique\/\"},{\"@type\":\"ListItem\",\"position\":3,\"name\":\"Ventilateur Portable \u00e0 Pince\"}]},{\"@type\":\"WebSite\",\"@id\":\"https:\/\/ekco-ci.com\/ecommerce\/#website\",\"url\":\"https:\/\/ekco-ci.com\/ecommerce\/\",\"name\":\"Ekco Boutique\",\"description\":\"Ekco Boutique! La qualit\u00e9 au c\u0153ur de chaque achat\",\"publisher\":{\"@id\":\"https:\/\/ekco-ci.com\/ecommerce\/#organization\"},\"alternateName\":\"Boutique\",\"potentialAction\":[{\"@type\":\"SearchAction\",\"target\":{\"@type\":\"EntryPoint\",\"urlTemplate\":\"https:\/\/ekco-ci.com\/ecommerce\/?s={search_term_string}\"},\"query-input\":{\"@type\":\"PropertyValueSpecification\",\"valueRequired\":true,\"valueName\":\"search_term_string\"}}],\"inLanguage\":\"fr-FR\"},{\"@type\":\"Organization\",\"@id\":\"https:\/\/ekco-ci.com\/ecommerce\/#organization\",\"name\":\"Ekco Boutique\",\"url\":\"https:\/\/ekco-ci.com\/ecommerce\/\",\"logo\":{\"@type\":\"ImageObject\",\"inLanguage\":\"fr-FR\",\"@id\":\"https:\/\/ekco-ci.com\/ecommerce\/#\/schema\/logo\/image\/\",\"url\":\"https:\/\/ekco-ci.com\/ecommerce\/wp-content\/uploads\/2024\/08\/cropped-lologo.png\",\"contentUrl\":\"https:\/\/ekco-ci.com\/ecommerce\/wp-content\/uploads\/2024\/08\/cropped-lologo.png\",\"width\":512,\"height\":512,\"caption\":\"Ekco Boutique\"},\"image\":{\"@id\":\"https:\/\/ekco-ci.com\/ecommerce\/#\/schema\/logo\/image\/\"}}]}<\/script>\n<!-- \/ Yoast SEO plugin. -->","yoast_head_json":{"title":"Ventilateur Portable \u00e0 Pince - Ekco Boutique","robots":{"index":"index","follow":"follow","max-snippet":"max-snippet:-1","max-image-preview":"max-image-preview:large","max-video-preview":"max-video-preview:-1"},"canonical":"https:\/\/ekco-ci.com\/ecommerce\/produit\/ventilateur-portable-a-pince\/","og_locale":"fr_FR","og_type":"article","og_title":"Ventilateur Portable \u00e0 Pince - Ekco Boutique","og_description":"Nouveau ventilateur de bureau mural portable \u00e0 clip (2024), \u00e9clairage nocturne, mini ventilateur de bureau \u00e0 chargement par rotation. Caract\u00e9ristiques\u00a0: [&hellip;]","og_url":"https:\/\/ekco-ci.com\/ecommerce\/produit\/ventilateur-portable-a-pince\/","og_site_name":"Ekco Boutique","article_modified_time":"2026-04-28T16:54:15+00:00","og_image":[{"width":680,"height":680,"url":"https:\/\/ekco-ci.com\/ecommerce\/wp-content\/uploads\/2026\/04\/1-2026-04-28T163553.313.jpg","type":"image\/jpeg"}],"twitter_card":"summary_large_image","twitter_misc":{"Dur\u00e9e de lecture estim\u00e9e":"4 minutes"},"schema":{"@context":"https:\/\/schema.org","@graph":[{"@type":"WebPage","@id":"https:\/\/ekco-ci.com\/ecommerce\/produit\/ventilateur-portable-a-pince\/","url":"https:\/\/ekco-ci.com\/ecommerce\/produit\/ventilateur-portable-a-pince\/","name":"Ventilateur Portable \u00e0 Pince - Ekco Boutique","isPartOf":{"@id":"https:\/\/ekco-ci.com\/ecommerce\/#website"},"primaryImageOfPage":{"@id":"https:\/\/ekco-ci.com\/ecommerce\/produit\/ventilateur-portable-a-pince\/#primaryimage"},"image":{"@id":"https:\/\/ekco-ci.com\/ecommerce\/produit\/ventilateur-portable-a-pince\/#primaryimage"},"thumbnailUrl":"https:\/\/ekco-ci.com\/ecommerce\/wp-content\/uploads\/2026\/04\/1-2026-04-28T163553.313.jpg","datePublished":"2026-04-28T16:54:13+00:00","dateModified":"2026-04-28T16:54:15+00:00","breadcrumb":{"@id":"https:\/\/ekco-ci.com\/ecommerce\/produit\/ventilateur-portable-a-pince\/#breadcrumb"},"inLanguage":"fr-FR","potentialAction":[{"@type":"ReadAction","target":["https:\/\/ekco-ci.com\/ecommerce\/produit\/ventilateur-portable-a-pince\/"]}]},{"@type":"ImageObject","inLanguage":"fr-FR","@id":"https:\/\/ekco-ci.com\/ecommerce\/produit\/ventilateur-portable-a-pince\/#primaryimage","url":"https:\/\/ekco-ci.com\/ecommerce\/wp-content\/uploads\/2026\/04\/1-2026-04-28T163553.313.jpg","contentUrl":"https:\/\/ekco-ci.com\/ecommerce\/wp-content\/uploads\/2026\/04\/1-2026-04-28T163553.313.jpg","width":680,"height":680},{"@type":"BreadcrumbList","@id":"https:\/\/ekco-ci.com\/ecommerce\/produit\/ventilateur-portable-a-pince\/#breadcrumb","itemListElement":[{"@type":"ListItem","position":1,"name":"Home","item":"https:\/\/ekco-ci.com\/ecommerce\/"},{"@type":"ListItem","position":2,"name":"Boutique","item":"https:\/\/ekco-ci.com\/ecommerce\/boutique\/"},{"@type":"ListItem","position":3,"name":"Ventilateur Portable \u00e0 Pince"}]},{"@type":"WebSite","@id":"https:\/\/ekco-ci.com\/ecommerce\/#website","url":"https:\/\/ekco-ci.com\/ecommerce\/","name":"Ekco Boutique","description":"Ekco Boutique! La qualit\u00e9 au c\u0153ur de chaque achat","publisher":{"@id":"https:\/\/ekco-ci.com\/ecommerce\/#organization"},"alternateName":"Boutique","potentialAction":[{"@type":"SearchAction","target":{"@type":"EntryPoint","urlTemplate":"https:\/\/ekco-ci.com\/ecommerce\/?s={search_term_string}"},"query-input":{"@type":"PropertyValueSpecification","valueRequired":true,"valueName":"search_term_string"}}],"inLanguage":"fr-FR"},{"@type":"Organization","@id":"https:\/\/ekco-ci.com\/ecommerce\/#organization","name":"Ekco Boutique","url":"https:\/\/ekco-ci.com\/ecommerce\/","logo":{"@type":"ImageObject","inLanguage":"fr-FR","@id":"https:\/\/ekco-ci.com\/ecommerce\/#\/schema\/logo\/image\/","url":"https:\/\/ekco-ci.com\/ecommerce\/wp-content\/uploads\/2024\/08\/cropped-lologo.png","contentUrl":"https:\/\/ekco-ci.com\/ecommerce\/wp-content\/uploads\/2024\/08\/cropped-lologo.png","width":512,"height":512,"caption":"Ekco Boutique"},"image":{"@id":"https:\/\/ekco-ci.com\/ecommerce\/#\/schema\/logo\/image\/"}}]}},"uagb_featured_image_src":{"full":["https:\/\/ekco-ci.com\/ecommerce\/wp-content\/uploads\/2026\/04\/1-2026-04-28T163553.313.jpg",680,680,false],"thumbnail":["https:\/\/ekco-ci.com\/ecommerce\/wp-content\/uploads\/2026\/04\/1-2026-04-28T163553.313-150x150.jpg",150,150,true],"medium":["https:\/\/ekco-ci.com\/ecommerce\/wp-content\/uploads\/2026\/04\/1-2026-04-28T163553.313-300x300.jpg",300,300,true],"medium_large":["https:\/\/ekco-ci.com\/ecommerce\/wp-content\/uploads\/2026\/04\/1-2026-04-28T163553.313.jpg",680,680,false],"large":["https:\/\/ekco-ci.com\/ecommerce\/wp-content\/uploads\/2026\/04\/1-2026-04-28T163553.313.jpg",680,680,false],"1536x1536":["https:\/\/ekco-ci.com\/ecommerce\/wp-content\/uploads\/2026\/04\/1-2026-04-28T163553.313.jpg",680,680,false],"2048x2048":["https:\/\/ekco-ci.com\/ecommerce\/wp-content\/uploads\/2026\/04\/1-2026-04-28T163553.313.jpg",680,680,false],"cfw_cart_thumb":["https:\/\/ekco-ci.com\/ecommerce\/wp-content\/uploads\/2026\/04\/1-2026-04-28T163553.313-60x60.jpg",60,60,true],"cfw_order_bump_thumb":["https:\/\/ekco-ci.com\/ecommerce\/wp-content\/uploads\/2026\/04\/1-2026-04-28T163553.313-320x320.jpg",320,320,true],"woocommerce_thumbnail":["https:\/\/ekco-ci.com\/ecommerce\/wp-content\/uploads\/2026\/04\/1-2026-04-28T163553.313-300x225.jpg",300,225,true],"woocommerce_single":["https:\/\/ekco-ci.com\/ecommerce\/wp-content\/uploads\/2026\/04\/1-2026-04-28T163553.313-600x600.jpg",600,600,true],"woocommerce_gallery_thumbnail":["https:\/\/ekco-ci.com\/ecommerce\/wp-content\/uploads\/2026\/04\/1-2026-04-28T163553.313-100x100.jpg",100,100,true]},"uagb_author_info":{"display_name":"Charlemagne Koula","author_link":"https:\/\/ekco-ci.com\/ecommerce\/author\/"},"uagb_comment_info":0,"uagb_excerpt":"Nouveau ventilateur de bureau mural portable \u00e0 clip (2024), \u00e9clairage nocturne, mini ventilateur de bureau \u00e0 chargement par rotation. Caract\u00e9ristiques\u00a0: [&hellip;]","_links":{"self":[{"href":"https:\/\/ekco-ci.com\/ecommerce\/wp-json\/wp\/v2\/product\/15173","targetHints":{"allow":["GET"]}}],"collection":[{"href":"https:\/\/ekco-ci.com\/ecommerce\/wp-json\/wp\/v2\/product"}],"about":[{"href":"https:\/\/ekco-ci.com\/ecommerce\/wp-json\/wp\/v2\/types\/product"}],"replies":[{"embeddable":true,"href":"https:\/\/ekco-ci.com\/ecommerce\/wp-json\/wp\/v2\/comments?post=15173"}],"wp:featuredmedia":[{"embeddable":true,"href":"https:\/\/ekco-ci.com\/ecommerce\/wp-json\/wp\/v2\/media\/15178"}],"wp:attachment":[{"href":"https:\/\/ekco-ci.com\/ecommerce\/wp-json\/wp\/v2\/media?parent=15173"}],"wp:term":[{"taxonomy":"product_brand","embeddable":true,"href":"https:\/\/ekco-ci.com\/ecommerce\/wp-json\/wp\/v2\/product_brand?post=15173"},{"taxonomy":"product_cat","embeddable":true,"href":"https:\/\/ekco-ci.com\/ecommerce\/wp-json\/wp\/v2\/product_cat?post=15173"},{"taxonomy":"product_tag","embeddable":true,"href":"https:\/\/ekco-ci.com\/ecommerce\/wp-json\/wp\/v2\/product_tag?post=15173"}],"curies":[{"name":"wp","href":"https:\/\/api.w.org\/{rel}","templated":true}]}}