{"id":14935,"date":"2026-04-20T10:33:12","date_gmt":"2026-04-20T10:33:12","guid":{"rendered":"https:\/\/ekco-ci.com\/ecommerce\/?post_type=product&#038;p=14935"},"modified":"2026-04-20T10:33:13","modified_gmt":"2026-04-20T10:33:13","slug":"balai-serpilliere-faites-tourner-et-essorez-la-vadrouille","status":"publish","type":"product","link":"https:\/\/ekco-ci.com\/ecommerce\/produit\/balai-serpilliere-faites-tourner-et-essorez-la-vadrouille\/","title":{"rendered":"Balai\/serpilli\u00e8re-Faites Tourner Et Essorez La Vadrouille"},"content":{"rendered":"<p><b>Caract\u00e9ristique du produit<\/b><br \/>\n1. La t\u00eate en coton n&#8217;est pas facile \u00e0 durcir, pas besoin d&#8217;attendre pour nettoyer le sol : pas besoin d&#8217;attendre pour la tremper dans l&#8217;eau, la t\u00eate en coton est douce quel que soit l&#8217;\u00e9tat sec ou humide, ce qui permet d&#8217;\u00e9conomiser du temps et des efforts.<br \/>\n2. Efficace et rapide, absorbe la salet\u00e9 : proche du sol, similaire \u00e0 une vadrouille manuelle, d\u00e9contamination et d\u00e9poussi\u00e9rage puissants.<br \/>\n3. Enti\u00e8rement am\u00e9lior\u00e9, presser l&#8217;eau de tous les c\u00f4t\u00e9s est plus efficace : l&#8217;eau press\u00e9e rapidement est plus s\u00e8che que l&#8217;essorage manuel, facile \u00e0 extraire l&#8217;eau grasse et sale.<br \/>\n4. Percez facilement les coutures, nettoyez sans impasses.<br \/>\n<img decoding=\"async\" class=\"detail-desc-decorate-image\" src=\"https:\/\/ci.jumia.is\/cms\/external\/pet\/GE070CP139CJINAFAMZ\/395cba51220cc0d8daf554a10a1c14d8.jpg\" alt=\"image\" data-src=\"https:\/\/ci.jumia.is\/cms\/external\/pet\/GE070CP139CJINAFAMZ\/395cba51220cc0d8daf554a10a1c14d8.jpg\" \/>\u00a0<img decoding=\"async\" class=\"detail-desc-decorate-image\" src=\"https:\/\/ci.jumia.is\/cms\/external\/pet\/GE070CP139CJINAFAMZ\/e3e3f2c3fb62662b5a50f934ed8968fb.jpg\" alt=\"image\" data-src=\"https:\/\/ci.jumia.is\/cms\/external\/pet\/GE070CP139CJINAFAMZ\/e3e3f2c3fb62662b5a50f934ed8968fb.jpg\" \/>\u00a0<img decoding=\"async\" class=\"detail-desc-decorate-image\" src=\"https:\/\/ci.jumia.is\/cms\/external\/pet\/GE070CP139CJINAFAMZ\/c043b16ab4c057497c2d7e51e5f809d4.jpg\" alt=\"image\" data-src=\"https:\/\/ci.jumia.is\/cms\/external\/pet\/GE070CP139CJINAFAMZ\/c043b16ab4c057497c2d7e51e5f809d4.jpg\" \/>\u00a0<img decoding=\"async\" class=\"detail-desc-decorate-image\" src=\"https:\/\/ci.jumia.is\/cms\/external\/pet\/GE070CP139CJINAFAMZ\/0e5426f134568d009f467ba331b60673.jpg\" alt=\"image\" data-src=\"https:\/\/ci.jumia.is\/cms\/external\/pet\/GE070CP139CJINAFAMZ\/0e5426f134568d009f467ba331b60673.jpg\" \/>\u00a0<img decoding=\"async\" class=\"detail-desc-decorate-image\" src=\"https:\/\/ci.jumia.is\/cms\/external\/pet\/GE070CP139CJINAFAMZ\/9af8d73869e21f88424e62cb71372578.jpg\" alt=\"image\" data-src=\"https:\/\/ci.jumia.is\/cms\/external\/pet\/GE070CP139CJINAFAMZ\/9af8d73869e21f88424e62cb71372578.jpg\" \/>\u00a0<img decoding=\"async\" class=\"detail-desc-decorate-image\" src=\"https:\/\/ci.jumia.is\/cms\/external\/pet\/GE070CP139CJINAFAMZ\/6730f4c8802525566fca5075a8682ea3.jpg\" alt=\"image\" data-src=\"https:\/\/ci.jumia.is\/cms\/external\/pet\/GE070CP139CJINAFAMZ\/6730f4c8802525566fca5075a8682ea3.jpg\" \/>\u00a0<img decoding=\"async\" class=\"detail-desc-decorate-image\" src=\"https:\/\/ci.jumia.is\/cms\/external\/pet\/GE070CP139CJINAFAMZ\/80948a1396d6c7ae987a68fd569bfd85.jpg\" alt=\"image\" data-src=\"https:\/\/ci.jumia.is\/cms\/external\/pet\/GE070CP139CJINAFAMZ\/80948a1396d6c7ae987a68fd569bfd85.jpg\" \/>\u00a0<img decoding=\"async\" class=\"detail-desc-decorate-image\" src=\"https:\/\/ci.jumia.is\/cms\/external\/pet\/GE070CP139CJINAFAMZ\/5993807f3c65567f5826f9d9a26ee08b.jpg\" alt=\"image\" data-src=\"https:\/\/ci.jumia.is\/cms\/external\/pet\/GE070CP139CJINAFAMZ\/5993807f3c65567f5826f9d9a26ee08b.jpg\" \/>\u00a0<img decoding=\"async\" class=\"detail-desc-decorate-image\" src=\"https:\/\/ci.jumia.is\/cms\/external\/pet\/GE070CP139CJINAFAMZ\/a559d66d8c75ede1d40d0f495557205d.jpg\" alt=\"image\" data-src=\"https:\/\/ci.jumia.is\/cms\/external\/pet\/GE070CP139CJINAFAMZ\/a559d66d8c75ede1d40d0f495557205d.jpg\" \/>\u00a0<img decoding=\"async\" class=\"detail-desc-decorate-image\" src=\"https:\/\/ci.jumia.is\/cms\/external\/pet\/GE070CP139CJINAFAMZ\/03278079a3e7b1ff1f86e45eeadf7773.jpg\" alt=\"image\" data-src=\"https:\/\/ci.jumia.is\/cms\/external\/pet\/GE070CP139CJINAFAMZ\/03278079a3e7b1ff1f86e45eeadf7773.jpg\" \/><\/p>\n","protected":false},"excerpt":{"rendered":"<p>Caract\u00e9ristique du produit 1. La t\u00eate en coton n&#8217;est pas facile \u00e0 durcir, pas besoin d&#8217;attendre pour nettoyer le sol [&hellip;]<\/p>\n","protected":false},"featured_media":14941,"comment_status":"open","ping_status":"closed","template":"","meta":{"_uag_custom_page_level_css":"","site-sidebar-layout":"default","site-content-layout":"","ast-site-content-layout":"default","site-content-style":"default","site-sidebar-style":"default","ast-global-header-display":"","ast-banner-title-visibility":"","ast-main-header-display":"","ast-hfb-above-header-display":"","ast-hfb-below-header-display":"","ast-hfb-mobile-header-display":"","site-post-title":"","ast-breadcrumbs-content":"","ast-featured-img":"","footer-sml-layout":"","ast-disable-related-posts":"","theme-transparent-header-meta":"default","adv-header-id-meta":"","stick-header-meta":"","header-above-stick-meta":"","header-main-stick-meta":"","header-below-stick-meta":"","astra-migrate-meta-layouts":"set","ast-page-background-enabled":"default","ast-page-background-meta":{"desktop":{"background-color":"var(--ast-global-color-4)","background-image":"","background-repeat":"repeat","background-position":"center center","background-size":"auto","background-attachment":"scroll","background-type":"","background-media":"","overlay-type":"","overlay-color":"","overlay-opacity":"","overlay-gradient":""},"tablet":{"background-color":"","background-image":"","background-repeat":"repeat","background-position":"center center","background-size":"auto","background-attachment":"scroll","background-type":"","background-media":"","overlay-type":"","overlay-color":"","overlay-opacity":"","overlay-gradient":""},"mobile":{"background-color":"","background-image":"","background-repeat":"repeat","background-position":"center center","background-size":"auto","background-attachment":"scroll","background-type":"","background-media":"","overlay-type":"","overlay-color":"","overlay-opacity":"","overlay-gradient":""}},"ast-content-background-meta":{"desktop":{"background-color":"var(--ast-global-color-5)","background-image":"","background-repeat":"repeat","background-position":"center center","background-size":"auto","background-attachment":"scroll","background-type":"","background-media":"","overlay-type":"","overlay-color":"","overlay-opacity":"","overlay-gradient":""},"tablet":{"background-color":"var(--ast-global-color-5)","background-image":"","background-repeat":"repeat","background-position":"center center","background-size":"auto","background-attachment":"scroll","background-type":"","background-media":"","overlay-type":"","overlay-color":"","overlay-opacity":"","overlay-gradient":""},"mobile":{"background-color":"var(--ast-global-color-5)","background-image":"","background-repeat":"repeat","background-position":"center center","background-size":"auto","background-attachment":"scroll","background-type":"","background-media":"","overlay-type":"","overlay-color":"","overlay-opacity":"","overlay-gradient":""}}},"product_brand":[],"product_cat":[15],"product_tag":[],"class_list":{"0":"post-14935","1":"product","2":"type-product","3":"status-publish","4":"has-post-thumbnail","6":"product_cat-non-classe","7":"desktop-align-left","8":"tablet-align-left","9":"mobile-align-left","11":"first","12":"instock","13":"sale","14":"shipping-taxable","15":"purchasable","16":"product-type-simple"},"yoast_head":"<!-- This site is optimized with the Yoast SEO plugin v26.8 - https:\/\/yoast.com\/product\/yoast-seo-wordpress\/ -->\n<title>Balai\/serpilli\u00e8re-Faites Tourner Et Essorez La Vadrouille - Ekco Boutique<\/title>\n<meta name=\"robots\" content=\"index, follow, max-snippet:-1, max-image-preview:large, max-video-preview:-1\" \/>\n<link rel=\"canonical\" href=\"https:\/\/ekco-ci.com\/ecommerce\/produit\/balai-serpilliere-faites-tourner-et-essorez-la-vadrouille\/\" \/>\n<meta property=\"og:locale\" content=\"fr_FR\" \/>\n<meta property=\"og:type\" content=\"article\" \/>\n<meta property=\"og:title\" content=\"Balai\/serpilli\u00e8re-Faites Tourner Et Essorez La Vadrouille - Ekco Boutique\" \/>\n<meta property=\"og:description\" content=\"Caract\u00e9ristique du produit 1. La t\u00eate en coton n&#8217;est pas facile \u00e0 durcir, pas besoin d&#8217;attendre pour nettoyer le sol [&hellip;]\" \/>\n<meta property=\"og:url\" content=\"https:\/\/ekco-ci.com\/ecommerce\/produit\/balai-serpilliere-faites-tourner-et-essorez-la-vadrouille\/\" \/>\n<meta property=\"og:site_name\" content=\"Ekco Boutique\" \/>\n<meta property=\"article:modified_time\" content=\"2026-04-20T10:33:13+00:00\" \/>\n<meta property=\"og:image\" content=\"https:\/\/ekco-ci.com\/ecommerce\/wp-content\/uploads\/2026\/04\/1-2026-04-20T102150.250.jpg\" \/>\n\t<meta property=\"og:image:width\" content=\"680\" \/>\n\t<meta property=\"og:image:height\" content=\"680\" \/>\n\t<meta property=\"og:image:type\" content=\"image\/jpeg\" \/>\n<meta name=\"twitter:card\" content=\"summary_large_image\" \/>\n<meta name=\"twitter:label1\" content=\"Dur\u00e9e de lecture estim\u00e9e\" \/>\n\t<meta name=\"twitter:data1\" content=\"3 minutes\" \/>\n<script type=\"application\/ld+json\" class=\"yoast-schema-graph\">{\"@context\":\"https:\/\/schema.org\",\"@graph\":[{\"@type\":\"WebPage\",\"@id\":\"https:\/\/ekco-ci.com\/ecommerce\/produit\/balai-serpilliere-faites-tourner-et-essorez-la-vadrouille\/\",\"url\":\"https:\/\/ekco-ci.com\/ecommerce\/produit\/balai-serpilliere-faites-tourner-et-essorez-la-vadrouille\/\",\"name\":\"Balai\/serpilli\u00e8re-Faites Tourner Et Essorez La Vadrouille - Ekco Boutique\",\"isPartOf\":{\"@id\":\"https:\/\/ekco-ci.com\/ecommerce\/#website\"},\"primaryImageOfPage\":{\"@id\":\"https:\/\/ekco-ci.com\/ecommerce\/produit\/balai-serpilliere-faites-tourner-et-essorez-la-vadrouille\/#primaryimage\"},\"image\":{\"@id\":\"https:\/\/ekco-ci.com\/ecommerce\/produit\/balai-serpilliere-faites-tourner-et-essorez-la-vadrouille\/#primaryimage\"},\"thumbnailUrl\":\"https:\/\/ekco-ci.com\/ecommerce\/wp-content\/uploads\/2026\/04\/1-2026-04-20T102150.250.jpg\",\"datePublished\":\"2026-04-20T10:33:12+00:00\",\"dateModified\":\"2026-04-20T10:33:13+00:00\",\"breadcrumb\":{\"@id\":\"https:\/\/ekco-ci.com\/ecommerce\/produit\/balai-serpilliere-faites-tourner-et-essorez-la-vadrouille\/#breadcrumb\"},\"inLanguage\":\"fr-FR\",\"potentialAction\":[{\"@type\":\"ReadAction\",\"target\":[\"https:\/\/ekco-ci.com\/ecommerce\/produit\/balai-serpilliere-faites-tourner-et-essorez-la-vadrouille\/\"]}]},{\"@type\":\"ImageObject\",\"inLanguage\":\"fr-FR\",\"@id\":\"https:\/\/ekco-ci.com\/ecommerce\/produit\/balai-serpilliere-faites-tourner-et-essorez-la-vadrouille\/#primaryimage\",\"url\":\"https:\/\/ekco-ci.com\/ecommerce\/wp-content\/uploads\/2026\/04\/1-2026-04-20T102150.250.jpg\",\"contentUrl\":\"https:\/\/ekco-ci.com\/ecommerce\/wp-content\/uploads\/2026\/04\/1-2026-04-20T102150.250.jpg\",\"width\":680,\"height\":680},{\"@type\":\"BreadcrumbList\",\"@id\":\"https:\/\/ekco-ci.com\/ecommerce\/produit\/balai-serpilliere-faites-tourner-et-essorez-la-vadrouille\/#breadcrumb\",\"itemListElement\":[{\"@type\":\"ListItem\",\"position\":1,\"name\":\"Home\",\"item\":\"https:\/\/ekco-ci.com\/ecommerce\/\"},{\"@type\":\"ListItem\",\"position\":2,\"name\":\"Boutique\",\"item\":\"https:\/\/ekco-ci.com\/ecommerce\/boutique\/\"},{\"@type\":\"ListItem\",\"position\":3,\"name\":\"Balai\/serpilli\u00e8re-Faites Tourner Et Essorez La Vadrouille\"}]},{\"@type\":\"WebSite\",\"@id\":\"https:\/\/ekco-ci.com\/ecommerce\/#website\",\"url\":\"https:\/\/ekco-ci.com\/ecommerce\/\",\"name\":\"Ekco Boutique\",\"description\":\"Ekco Boutique! La qualit\u00e9 au c\u0153ur de chaque achat\",\"publisher\":{\"@id\":\"https:\/\/ekco-ci.com\/ecommerce\/#organization\"},\"alternateName\":\"Boutique\",\"potentialAction\":[{\"@type\":\"SearchAction\",\"target\":{\"@type\":\"EntryPoint\",\"urlTemplate\":\"https:\/\/ekco-ci.com\/ecommerce\/?s={search_term_string}\"},\"query-input\":{\"@type\":\"PropertyValueSpecification\",\"valueRequired\":true,\"valueName\":\"search_term_string\"}}],\"inLanguage\":\"fr-FR\"},{\"@type\":\"Organization\",\"@id\":\"https:\/\/ekco-ci.com\/ecommerce\/#organization\",\"name\":\"Ekco Boutique\",\"url\":\"https:\/\/ekco-ci.com\/ecommerce\/\",\"logo\":{\"@type\":\"ImageObject\",\"inLanguage\":\"fr-FR\",\"@id\":\"https:\/\/ekco-ci.com\/ecommerce\/#\/schema\/logo\/image\/\",\"url\":\"https:\/\/ekco-ci.com\/ecommerce\/wp-content\/uploads\/2024\/08\/cropped-lologo.png\",\"contentUrl\":\"https:\/\/ekco-ci.com\/ecommerce\/wp-content\/uploads\/2024\/08\/cropped-lologo.png\",\"width\":512,\"height\":512,\"caption\":\"Ekco Boutique\"},\"image\":{\"@id\":\"https:\/\/ekco-ci.com\/ecommerce\/#\/schema\/logo\/image\/\"}}]}<\/script>\n<!-- \/ Yoast SEO plugin. -->","yoast_head_json":{"title":"Balai\/serpilli\u00e8re-Faites Tourner Et Essorez La Vadrouille - Ekco Boutique","robots":{"index":"index","follow":"follow","max-snippet":"max-snippet:-1","max-image-preview":"max-image-preview:large","max-video-preview":"max-video-preview:-1"},"canonical":"https:\/\/ekco-ci.com\/ecommerce\/produit\/balai-serpilliere-faites-tourner-et-essorez-la-vadrouille\/","og_locale":"fr_FR","og_type":"article","og_title":"Balai\/serpilli\u00e8re-Faites Tourner Et Essorez La Vadrouille - Ekco Boutique","og_description":"Caract\u00e9ristique du produit 1. La t\u00eate en coton n&#8217;est pas facile \u00e0 durcir, pas besoin d&#8217;attendre pour nettoyer le sol [&hellip;]","og_url":"https:\/\/ekco-ci.com\/ecommerce\/produit\/balai-serpilliere-faites-tourner-et-essorez-la-vadrouille\/","og_site_name":"Ekco Boutique","article_modified_time":"2026-04-20T10:33:13+00:00","og_image":[{"width":680,"height":680,"url":"https:\/\/ekco-ci.com\/ecommerce\/wp-content\/uploads\/2026\/04\/1-2026-04-20T102150.250.jpg","type":"image\/jpeg"}],"twitter_card":"summary_large_image","twitter_misc":{"Dur\u00e9e de lecture estim\u00e9e":"3 minutes"},"schema":{"@context":"https:\/\/schema.org","@graph":[{"@type":"WebPage","@id":"https:\/\/ekco-ci.com\/ecommerce\/produit\/balai-serpilliere-faites-tourner-et-essorez-la-vadrouille\/","url":"https:\/\/ekco-ci.com\/ecommerce\/produit\/balai-serpilliere-faites-tourner-et-essorez-la-vadrouille\/","name":"Balai\/serpilli\u00e8re-Faites Tourner Et Essorez La Vadrouille - Ekco Boutique","isPartOf":{"@id":"https:\/\/ekco-ci.com\/ecommerce\/#website"},"primaryImageOfPage":{"@id":"https:\/\/ekco-ci.com\/ecommerce\/produit\/balai-serpilliere-faites-tourner-et-essorez-la-vadrouille\/#primaryimage"},"image":{"@id":"https:\/\/ekco-ci.com\/ecommerce\/produit\/balai-serpilliere-faites-tourner-et-essorez-la-vadrouille\/#primaryimage"},"thumbnailUrl":"https:\/\/ekco-ci.com\/ecommerce\/wp-content\/uploads\/2026\/04\/1-2026-04-20T102150.250.jpg","datePublished":"2026-04-20T10:33:12+00:00","dateModified":"2026-04-20T10:33:13+00:00","breadcrumb":{"@id":"https:\/\/ekco-ci.com\/ecommerce\/produit\/balai-serpilliere-faites-tourner-et-essorez-la-vadrouille\/#breadcrumb"},"inLanguage":"fr-FR","potentialAction":[{"@type":"ReadAction","target":["https:\/\/ekco-ci.com\/ecommerce\/produit\/balai-serpilliere-faites-tourner-et-essorez-la-vadrouille\/"]}]},{"@type":"ImageObject","inLanguage":"fr-FR","@id":"https:\/\/ekco-ci.com\/ecommerce\/produit\/balai-serpilliere-faites-tourner-et-essorez-la-vadrouille\/#primaryimage","url":"https:\/\/ekco-ci.com\/ecommerce\/wp-content\/uploads\/2026\/04\/1-2026-04-20T102150.250.jpg","contentUrl":"https:\/\/ekco-ci.com\/ecommerce\/wp-content\/uploads\/2026\/04\/1-2026-04-20T102150.250.jpg","width":680,"height":680},{"@type":"BreadcrumbList","@id":"https:\/\/ekco-ci.com\/ecommerce\/produit\/balai-serpilliere-faites-tourner-et-essorez-la-vadrouille\/#breadcrumb","itemListElement":[{"@type":"ListItem","position":1,"name":"Home","item":"https:\/\/ekco-ci.com\/ecommerce\/"},{"@type":"ListItem","position":2,"name":"Boutique","item":"https:\/\/ekco-ci.com\/ecommerce\/boutique\/"},{"@type":"ListItem","position":3,"name":"Balai\/serpilli\u00e8re-Faites Tourner Et Essorez La Vadrouille"}]},{"@type":"WebSite","@id":"https:\/\/ekco-ci.com\/ecommerce\/#website","url":"https:\/\/ekco-ci.com\/ecommerce\/","name":"Ekco Boutique","description":"Ekco Boutique! La qualit\u00e9 au c\u0153ur de chaque achat","publisher":{"@id":"https:\/\/ekco-ci.com\/ecommerce\/#organization"},"alternateName":"Boutique","potentialAction":[{"@type":"SearchAction","target":{"@type":"EntryPoint","urlTemplate":"https:\/\/ekco-ci.com\/ecommerce\/?s={search_term_string}"},"query-input":{"@type":"PropertyValueSpecification","valueRequired":true,"valueName":"search_term_string"}}],"inLanguage":"fr-FR"},{"@type":"Organization","@id":"https:\/\/ekco-ci.com\/ecommerce\/#organization","name":"Ekco Boutique","url":"https:\/\/ekco-ci.com\/ecommerce\/","logo":{"@type":"ImageObject","inLanguage":"fr-FR","@id":"https:\/\/ekco-ci.com\/ecommerce\/#\/schema\/logo\/image\/","url":"https:\/\/ekco-ci.com\/ecommerce\/wp-content\/uploads\/2024\/08\/cropped-lologo.png","contentUrl":"https:\/\/ekco-ci.com\/ecommerce\/wp-content\/uploads\/2024\/08\/cropped-lologo.png","width":512,"height":512,"caption":"Ekco Boutique"},"image":{"@id":"https:\/\/ekco-ci.com\/ecommerce\/#\/schema\/logo\/image\/"}}]}},"uagb_featured_image_src":{"full":["https:\/\/ekco-ci.com\/ecommerce\/wp-content\/uploads\/2026\/04\/1-2026-04-20T102150.250.jpg",680,680,false],"thumbnail":["https:\/\/ekco-ci.com\/ecommerce\/wp-content\/uploads\/2026\/04\/1-2026-04-20T102150.250-150x150.jpg",150,150,true],"medium":["https:\/\/ekco-ci.com\/ecommerce\/wp-content\/uploads\/2026\/04\/1-2026-04-20T102150.250-300x300.jpg",300,300,true],"medium_large":["https:\/\/ekco-ci.com\/ecommerce\/wp-content\/uploads\/2026\/04\/1-2026-04-20T102150.250.jpg",680,680,false],"large":["https:\/\/ekco-ci.com\/ecommerce\/wp-content\/uploads\/2026\/04\/1-2026-04-20T102150.250.jpg",680,680,false],"1536x1536":["https:\/\/ekco-ci.com\/ecommerce\/wp-content\/uploads\/2026\/04\/1-2026-04-20T102150.250.jpg",680,680,false],"2048x2048":["https:\/\/ekco-ci.com\/ecommerce\/wp-content\/uploads\/2026\/04\/1-2026-04-20T102150.250.jpg",680,680,false],"cfw_cart_thumb":["https:\/\/ekco-ci.com\/ecommerce\/wp-content\/uploads\/2026\/04\/1-2026-04-20T102150.250-60x60.jpg",60,60,true],"cfw_order_bump_thumb":["https:\/\/ekco-ci.com\/ecommerce\/wp-content\/uploads\/2026\/04\/1-2026-04-20T102150.250-320x320.jpg",320,320,true],"woocommerce_thumbnail":["https:\/\/ekco-ci.com\/ecommerce\/wp-content\/uploads\/2026\/04\/1-2026-04-20T102150.250-300x225.jpg",300,225,true],"woocommerce_single":["https:\/\/ekco-ci.com\/ecommerce\/wp-content\/uploads\/2026\/04\/1-2026-04-20T102150.250-600x600.jpg",600,600,true],"woocommerce_gallery_thumbnail":["https:\/\/ekco-ci.com\/ecommerce\/wp-content\/uploads\/2026\/04\/1-2026-04-20T102150.250-100x100.jpg",100,100,true]},"uagb_author_info":{"display_name":"Charlemagne Koula","author_link":"https:\/\/ekco-ci.com\/ecommerce\/author\/"},"uagb_comment_info":0,"uagb_excerpt":"Caract\u00e9ristique du produit 1. La t\u00eate en coton n&#8217;est pas facile \u00e0 durcir, pas besoin d&#8217;attendre pour nettoyer le sol [&hellip;]","_links":{"self":[{"href":"https:\/\/ekco-ci.com\/ecommerce\/wp-json\/wp\/v2\/product\/14935","targetHints":{"allow":["GET"]}}],"collection":[{"href":"https:\/\/ekco-ci.com\/ecommerce\/wp-json\/wp\/v2\/product"}],"about":[{"href":"https:\/\/ekco-ci.com\/ecommerce\/wp-json\/wp\/v2\/types\/product"}],"replies":[{"embeddable":true,"href":"https:\/\/ekco-ci.com\/ecommerce\/wp-json\/wp\/v2\/comments?post=14935"}],"wp:featuredmedia":[{"embeddable":true,"href":"https:\/\/ekco-ci.com\/ecommerce\/wp-json\/wp\/v2\/media\/14941"}],"wp:attachment":[{"href":"https:\/\/ekco-ci.com\/ecommerce\/wp-json\/wp\/v2\/media?parent=14935"}],"wp:term":[{"taxonomy":"product_brand","embeddable":true,"href":"https:\/\/ekco-ci.com\/ecommerce\/wp-json\/wp\/v2\/product_brand?post=14935"},{"taxonomy":"product_cat","embeddable":true,"href":"https:\/\/ekco-ci.com\/ecommerce\/wp-json\/wp\/v2\/product_cat?post=14935"},{"taxonomy":"product_tag","embeddable":true,"href":"https:\/\/ekco-ci.com\/ecommerce\/wp-json\/wp\/v2\/product_tag?post=14935"}],"curies":[{"name":"wp","href":"https:\/\/api.w.org\/{rel}","templated":true}]}}