{"id":14924,"date":"2026-04-20T10:04:51","date_gmt":"2026-04-20T10:04:51","guid":{"rendered":"https:\/\/ekco-ci.com\/ecommerce\/?post_type=product&#038;p=14924"},"modified":"2026-04-20T10:04:52","modified_gmt":"2026-04-20T10:04:52","slug":"lunettes-de-realite-virtuelle-vr-headset-avec-gamepad","status":"publish","type":"product","link":"https:\/\/ekco-ci.com\/ecommerce\/produit\/lunettes-de-realite-virtuelle-vr-headset-avec-gamepad\/","title":{"rendered":"Lunettes De R\u00e9alit\u00e9 Virtuelle\/VR Headset Avec Gamepad"},"content":{"rendered":"<p><b>Param\u00e8tres:<\/b>Convient aux t\u00e9l\u00e9phones mobiles : 4,7-7 poucesSyst\u00e8me compatible : Android, IOS ou autresTaille du paquet: 179*96*125mm<br \/>\n<b>Comment utiliser:<\/b>1. Tout d\u2019abord, vous devez t\u00e9l\u00e9charger et installer l\u2019application li\u00e9e \u00e0 la r\u00e9alit\u00e9 virtuelle sur votre t\u00e9l\u00e9phone mobile. Vous pouvez rechercher des jeux VR ou des films VR. Il existe de nombreuses ressources sur Internet.2. Ouvrez l&#8217;application du jeu VR ou du film VR sur votre t\u00e9l\u00e9phone mobile, puis fixez le t\u00e9l\u00e9phone mobile dans le casque VR.3 Mettez le casque VR sur votre t\u00eate et ajustez la longueur de la sangle du casque VR en fonction de votre t\u00eate.4. Ajustez le bouton de l&#8217;objectif en fonction de votre vue jusqu&#8217;\u00e0 ce que l&#8217;image que vous avez vue soit claire. Veuillez noter qu&#8217;apr\u00e8s quelques minutes de r\u00e9glage, les yeux s&#8217;adapteront automatiquement et l&#8217;image sera plus claire.Vous pouvez d\u00e9sormais profiter des effets choquants de la vue et de l\u2019ou\u00efe.<br \/>\n<b>Le<\/b>\u00a0paquet contient :1 * verre VR1 * Manuel d&#8217;instructions pour casque VR<br \/>\n<img decoding=\"async\" class=\"desc-img-loaded\" src=\"https:\/\/cbu01.alicdn.com\/img\/ibank\/O1CN01EK5EvE1xDpTFhZsY2_!!3167206410-0-cib.jpg\" alt=\"01.jpeg\" data-lazyload-=\"\" data-src=\"https:\/\/cbu01.alicdn.com\/img\/ibank\/O1CN01EK5EvE1xDpTFhZsY2_!!3167206410-0-cib.jpg\" \/><\/p>\n<p><img decoding=\"async\" class=\"desc-img-loaded\" src=\"https:\/\/cbu01.alicdn.com\/img\/ibank\/O1CN01yOt66H1xDpTLZK5ge_!!3167206410-0-cib.jpg\" alt=\"02.jpeg\" data-lazyload-=\"\" data-src=\"https:\/\/cbu01.alicdn.com\/img\/ibank\/O1CN01yOt66H1xDpTLZK5ge_!!3167206410-0-cib.jpg\" \/><\/p>\n<p><img decoding=\"async\" class=\"desc-img-loaded\" src=\"https:\/\/cbu01.alicdn.com\/img\/ibank\/O1CN01Vf519X1xDpTE5DFH2_!!3167206410-0-cib.jpg\" alt=\"03.jpeg\" data-lazyload-=\"\" data-src=\"https:\/\/cbu01.alicdn.com\/img\/ibank\/O1CN01Vf519X1xDpTE5DFH2_!!3167206410-0-cib.jpg\" \/><\/p>\n<p><img decoding=\"async\" class=\"desc-img-loaded\" src=\"https:\/\/cbu01.alicdn.com\/img\/ibank\/O1CN01X3zNWL1xDpT5OGdr1_!!3167206410-0-cib.jpg\" alt=\"04.jpeg\" data-lazyload-=\"\" data-src=\"https:\/\/cbu01.alicdn.com\/img\/ibank\/O1CN01X3zNWL1xDpT5OGdr1_!!3167206410-0-cib.jpg\" \/><\/p>\n<p><img decoding=\"async\" class=\"desc-img-loaded\" src=\"https:\/\/cbu01.alicdn.com\/img\/ibank\/O1CN01N0cH6s1xDpTFQXv4P_!!3167206410-0-cib.jpg\" alt=\"05.jpeg\" data-lazyload-=\"\" data-src=\"https:\/\/cbu01.alicdn.com\/img\/ibank\/O1CN01N0cH6s1xDpTFQXv4P_!!3167206410-0-cib.jpg\" \/><\/p>\n<p><img decoding=\"async\" class=\"desc-img-loaded\" src=\"https:\/\/cbu01.alicdn.com\/img\/ibank\/O1CN01uJIsBX1xDpTLZLlch_!!3167206410-0-cib.jpg\" alt=\"06.jpeg\" data-lazyload-=\"\" data-src=\"https:\/\/cbu01.alicdn.com\/img\/ibank\/O1CN01uJIsBX1xDpTLZLlch_!!3167206410-0-cib.jpg\" \/><\/p>\n<p><img decoding=\"async\" class=\"desc-img-loaded\" src=\"https:\/\/cbu01.alicdn.com\/img\/ibank\/O1CN0108qw3d1xDpTGrztqx_!!3167206410-0-cib.jpg\" alt=\"07.jpeg\" data-lazyload-=\"\" data-src=\"https:\/\/cbu01.alicdn.com\/img\/ibank\/O1CN0108qw3d1xDpTGrztqx_!!3167206410-0-cib.jpg\" \/><\/p>\n<p><img decoding=\"async\" class=\"desc-img-loaded\" src=\"https:\/\/cbu01.alicdn.com\/img\/ibank\/O1CN01zxxpY91xDpTLZJkub_!!3167206410-0-cib.jpg\" alt=\"08.jpeg\" data-lazyload-=\"\" data-src=\"https:\/\/cbu01.alicdn.com\/img\/ibank\/O1CN01zxxpY91xDpTLZJkub_!!3167206410-0-cib.jpg\" \/><\/p>\n<p><img decoding=\"async\" class=\"desc-img-loaded\" src=\"https:\/\/cbu01.alicdn.com\/img\/ibank\/O1CN01g4lvUp1xDpTIGPQeo_!!3167206410-0-cib.jpg\" alt=\"09.jpeg\" data-lazyload-=\"\" data-src=\"https:\/\/cbu01.alicdn.com\/img\/ibank\/O1CN01g4lvUp1xDpTIGPQeo_!!3167206410-0-cib.jpg\" \/><\/p>\n<p><img decoding=\"async\" class=\"desc-img-loaded\" src=\"https:\/\/cbu01.alicdn.com\/img\/ibank\/O1CN01S5EYGG1xDpTHkoF8S_!!3167206410-0-cib.jpg\" alt=\"10.jpeg\" data-lazyload-=\"\" data-src=\"https:\/\/cbu01.alicdn.com\/img\/ibank\/O1CN01S5EYGG1xDpTHkoF8S_!!3167206410-0-cib.jpg\" \/><\/p>\n<p><img decoding=\"async\" class=\"desc-img-loaded\" src=\"https:\/\/cbu01.alicdn.com\/img\/ibank\/O1CN01g1bKQF1xDpTBVGHXy_!!3167206410-0-cib.jpg\" alt=\"11.jpeg\" data-lazyload-=\"\" data-src=\"https:\/\/cbu01.alicdn.com\/img\/ibank\/O1CN01g1bKQF1xDpTBVGHXy_!!3167206410-0-cib.jpg\" \/><\/p>\n<p><img decoding=\"async\" class=\"desc-img-loaded\" src=\"https:\/\/cbu01.alicdn.com\/img\/ibank\/O1CN01Mbw7671xDpTLZLdK0_!!3167206410-0-cib.jpg\" alt=\"12.jpeg\" data-lazyload-=\"\" data-src=\"https:\/\/cbu01.alicdn.com\/img\/ibank\/O1CN01Mbw7671xDpTLZLdK0_!!3167206410-0-cib.jpg\" \/><\/p>\n<p><img decoding=\"async\" class=\"desc-img-loaded\" src=\"https:\/\/cbu01.alicdn.com\/img\/ibank\/O1CN01s3E0at1xDpTBVHQFj_!!3167206410-0-cib.jpg\" alt=\"13.jpeg\" data-lazyload-=\"\" data-src=\"https:\/\/cbu01.alicdn.com\/img\/ibank\/O1CN01s3E0at1xDpTBVHQFj_!!3167206410-0-cib.jpg\" \/><\/p>\n<p><img decoding=\"async\" class=\"desc-img-loaded\" src=\"https:\/\/cbu01.alicdn.com\/img\/ibank\/O1CN012OWK8I1xDpT5OHRn1_!!3167206410-0-cib.jpg\" alt=\"14.jpeg\" data-lazyload-=\"\" data-src=\"https:\/\/cbu01.alicdn.com\/img\/ibank\/O1CN012OWK8I1xDpT5OHRn1_!!3167206410-0-cib.jpg\" \/><\/p>\n<p><img decoding=\"async\" class=\"desc-img-loaded\" src=\"https:\/\/cbu01.alicdn.com\/img\/ibank\/O1CN01vZeXgv1xDpTHklxmY_!!3167206410-0-cib.jpg\" alt=\"15.jpeg\" data-lazyload-=\"\" data-src=\"https:\/\/cbu01.alicdn.com\/img\/ibank\/O1CN01vZeXgv1xDpTHklxmY_!!3167206410-0-cib.jpg\" \/><\/p>\n<p><img decoding=\"async\" class=\"desc-img-loaded\" src=\"https:\/\/cbu01.alicdn.com\/img\/ibank\/O1CN01790S2o1xDpTE9edLo_!!3167206410-0-cib.jpg\" alt=\"16.jpeg\" data-lazyload-=\"\" data-src=\"https:\/\/cbu01.alicdn.com\/img\/ibank\/O1CN01790S2o1xDpTE9edLo_!!3167206410-0-cib.jpg\" \/><\/p>\n","protected":false},"excerpt":{"rendered":"<p>Param\u00e8tres:Convient aux t\u00e9l\u00e9phones mobiles : 4,7-7 poucesSyst\u00e8me compatible : Android, IOS ou autresTaille du paquet: 179*96*125mm Comment utiliser:1. Tout d\u2019abord, [&hellip;]<\/p>\n","protected":false},"featured_media":14926,"comment_status":"open","ping_status":"closed","template":"","meta":{"_uag_custom_page_level_css":"","site-sidebar-layout":"default","site-content-layout":"","ast-site-content-layout":"default","site-content-style":"default","site-sidebar-style":"default","ast-global-header-display":"","ast-banner-title-visibility":"","ast-main-header-display":"","ast-hfb-above-header-display":"","ast-hfb-below-header-display":"","ast-hfb-mobile-header-display":"","site-post-title":"","ast-breadcrumbs-content":"","ast-featured-img":"","footer-sml-layout":"","ast-disable-related-posts":"","theme-transparent-header-meta":"default","adv-header-id-meta":"","stick-header-meta":"","header-above-stick-meta":"","header-main-stick-meta":"","header-below-stick-meta":"","astra-migrate-meta-layouts":"set","ast-page-background-enabled":"default","ast-page-background-meta":{"desktop":{"background-color":"var(--ast-global-color-4)","background-image":"","background-repeat":"repeat","background-position":"center center","background-size":"auto","background-attachment":"scroll","background-type":"","background-media":"","overlay-type":"","overlay-color":"","overlay-opacity":"","overlay-gradient":""},"tablet":{"background-color":"","background-image":"","background-repeat":"repeat","background-position":"center center","background-size":"auto","background-attachment":"scroll","background-type":"","background-media":"","overlay-type":"","overlay-color":"","overlay-opacity":"","overlay-gradient":""},"mobile":{"background-color":"","background-image":"","background-repeat":"repeat","background-position":"center center","background-size":"auto","background-attachment":"scroll","background-type":"","background-media":"","overlay-type":"","overlay-color":"","overlay-opacity":"","overlay-gradient":""}},"ast-content-background-meta":{"desktop":{"background-color":"var(--ast-global-color-5)","background-image":"","background-repeat":"repeat","background-position":"center center","background-size":"auto","background-attachment":"scroll","background-type":"","background-media":"","overlay-type":"","overlay-color":"","overlay-opacity":"","overlay-gradient":""},"tablet":{"background-color":"var(--ast-global-color-5)","background-image":"","background-repeat":"repeat","background-position":"center center","background-size":"auto","background-attachment":"scroll","background-type":"","background-media":"","overlay-type":"","overlay-color":"","overlay-opacity":"","overlay-gradient":""},"mobile":{"background-color":"var(--ast-global-color-5)","background-image":"","background-repeat":"repeat","background-position":"center center","background-size":"auto","background-attachment":"scroll","background-type":"","background-media":"","overlay-type":"","overlay-color":"","overlay-opacity":"","overlay-gradient":""}}},"product_brand":[],"product_cat":[608,81],"product_tag":[],"class_list":{"0":"post-14924","1":"product","2":"type-product","3":"status-publish","4":"has-post-thumbnail","6":"product_cat-technologie-portable-bureau","7":"product_cat-tv-electronique","8":"desktop-align-left","9":"tablet-align-left","10":"mobile-align-left","12":"first","13":"instock","14":"sale","15":"shipping-taxable","16":"purchasable","17":"product-type-simple"},"yoast_head":"<!-- This site is optimized with the Yoast SEO plugin v26.8 - https:\/\/yoast.com\/product\/yoast-seo-wordpress\/ -->\n<title>Lunettes De R\u00e9alit\u00e9 Virtuelle\/VR Headset Avec Gamepad - Ekco Boutique<\/title>\n<meta name=\"robots\" content=\"index, follow, max-snippet:-1, max-image-preview:large, max-video-preview:-1\" \/>\n<link rel=\"canonical\" href=\"https:\/\/ekco-ci.com\/ecommerce\/produit\/lunettes-de-realite-virtuelle-vr-headset-avec-gamepad\/\" \/>\n<meta property=\"og:locale\" content=\"fr_FR\" \/>\n<meta property=\"og:type\" content=\"article\" \/>\n<meta property=\"og:title\" content=\"Lunettes De R\u00e9alit\u00e9 Virtuelle\/VR Headset Avec Gamepad - Ekco Boutique\" \/>\n<meta property=\"og:description\" content=\"Param\u00e8tres:Convient aux t\u00e9l\u00e9phones mobiles : 4,7-7 poucesSyst\u00e8me compatible : Android, IOS ou autresTaille du paquet: 179*96*125mm Comment utiliser:1. Tout d\u2019abord, [&hellip;]\" \/>\n<meta property=\"og:url\" content=\"https:\/\/ekco-ci.com\/ecommerce\/produit\/lunettes-de-realite-virtuelle-vr-headset-avec-gamepad\/\" \/>\n<meta property=\"og:site_name\" content=\"Ekco Boutique\" \/>\n<meta property=\"article:modified_time\" content=\"2026-04-20T10:04:52+00:00\" \/>\n<meta property=\"og:image\" content=\"https:\/\/ekco-ci.com\/ecommerce\/wp-content\/uploads\/2026\/04\/1-2026-04-20T094140.096.jpg\" \/>\n\t<meta property=\"og:image:width\" content=\"680\" \/>\n\t<meta property=\"og:image:height\" content=\"680\" \/>\n\t<meta property=\"og:image:type\" content=\"image\/jpeg\" \/>\n<meta name=\"twitter:card\" content=\"summary_large_image\" \/>\n<meta name=\"twitter:label1\" content=\"Dur\u00e9e de lecture estim\u00e9e\" \/>\n\t<meta name=\"twitter:data1\" content=\"5 minutes\" \/>\n<script type=\"application\/ld+json\" class=\"yoast-schema-graph\">{\"@context\":\"https:\/\/schema.org\",\"@graph\":[{\"@type\":\"WebPage\",\"@id\":\"https:\/\/ekco-ci.com\/ecommerce\/produit\/lunettes-de-realite-virtuelle-vr-headset-avec-gamepad\/\",\"url\":\"https:\/\/ekco-ci.com\/ecommerce\/produit\/lunettes-de-realite-virtuelle-vr-headset-avec-gamepad\/\",\"name\":\"Lunettes De R\u00e9alit\u00e9 Virtuelle\/VR Headset Avec Gamepad - Ekco Boutique\",\"isPartOf\":{\"@id\":\"https:\/\/ekco-ci.com\/ecommerce\/#website\"},\"primaryImageOfPage\":{\"@id\":\"https:\/\/ekco-ci.com\/ecommerce\/produit\/lunettes-de-realite-virtuelle-vr-headset-avec-gamepad\/#primaryimage\"},\"image\":{\"@id\":\"https:\/\/ekco-ci.com\/ecommerce\/produit\/lunettes-de-realite-virtuelle-vr-headset-avec-gamepad\/#primaryimage\"},\"thumbnailUrl\":\"https:\/\/ekco-ci.com\/ecommerce\/wp-content\/uploads\/2026\/04\/1-2026-04-20T094140.096.jpg\",\"datePublished\":\"2026-04-20T10:04:51+00:00\",\"dateModified\":\"2026-04-20T10:04:52+00:00\",\"breadcrumb\":{\"@id\":\"https:\/\/ekco-ci.com\/ecommerce\/produit\/lunettes-de-realite-virtuelle-vr-headset-avec-gamepad\/#breadcrumb\"},\"inLanguage\":\"fr-FR\",\"potentialAction\":[{\"@type\":\"ReadAction\",\"target\":[\"https:\/\/ekco-ci.com\/ecommerce\/produit\/lunettes-de-realite-virtuelle-vr-headset-avec-gamepad\/\"]}]},{\"@type\":\"ImageObject\",\"inLanguage\":\"fr-FR\",\"@id\":\"https:\/\/ekco-ci.com\/ecommerce\/produit\/lunettes-de-realite-virtuelle-vr-headset-avec-gamepad\/#primaryimage\",\"url\":\"https:\/\/ekco-ci.com\/ecommerce\/wp-content\/uploads\/2026\/04\/1-2026-04-20T094140.096.jpg\",\"contentUrl\":\"https:\/\/ekco-ci.com\/ecommerce\/wp-content\/uploads\/2026\/04\/1-2026-04-20T094140.096.jpg\",\"width\":680,\"height\":680},{\"@type\":\"BreadcrumbList\",\"@id\":\"https:\/\/ekco-ci.com\/ecommerce\/produit\/lunettes-de-realite-virtuelle-vr-headset-avec-gamepad\/#breadcrumb\",\"itemListElement\":[{\"@type\":\"ListItem\",\"position\":1,\"name\":\"Home\",\"item\":\"https:\/\/ekco-ci.com\/ecommerce\/\"},{\"@type\":\"ListItem\",\"position\":2,\"name\":\"Boutique\",\"item\":\"https:\/\/ekco-ci.com\/ecommerce\/boutique\/\"},{\"@type\":\"ListItem\",\"position\":3,\"name\":\"Lunettes De R\u00e9alit\u00e9 Virtuelle\/VR Headset Avec Gamepad\"}]},{\"@type\":\"WebSite\",\"@id\":\"https:\/\/ekco-ci.com\/ecommerce\/#website\",\"url\":\"https:\/\/ekco-ci.com\/ecommerce\/\",\"name\":\"Ekco Boutique\",\"description\":\"Ekco Boutique! La qualit\u00e9 au c\u0153ur de chaque achat\",\"publisher\":{\"@id\":\"https:\/\/ekco-ci.com\/ecommerce\/#organization\"},\"alternateName\":\"Boutique\",\"potentialAction\":[{\"@type\":\"SearchAction\",\"target\":{\"@type\":\"EntryPoint\",\"urlTemplate\":\"https:\/\/ekco-ci.com\/ecommerce\/?s={search_term_string}\"},\"query-input\":{\"@type\":\"PropertyValueSpecification\",\"valueRequired\":true,\"valueName\":\"search_term_string\"}}],\"inLanguage\":\"fr-FR\"},{\"@type\":\"Organization\",\"@id\":\"https:\/\/ekco-ci.com\/ecommerce\/#organization\",\"name\":\"Ekco Boutique\",\"url\":\"https:\/\/ekco-ci.com\/ecommerce\/\",\"logo\":{\"@type\":\"ImageObject\",\"inLanguage\":\"fr-FR\",\"@id\":\"https:\/\/ekco-ci.com\/ecommerce\/#\/schema\/logo\/image\/\",\"url\":\"https:\/\/ekco-ci.com\/ecommerce\/wp-content\/uploads\/2024\/08\/cropped-lologo.png\",\"contentUrl\":\"https:\/\/ekco-ci.com\/ecommerce\/wp-content\/uploads\/2024\/08\/cropped-lologo.png\",\"width\":512,\"height\":512,\"caption\":\"Ekco Boutique\"},\"image\":{\"@id\":\"https:\/\/ekco-ci.com\/ecommerce\/#\/schema\/logo\/image\/\"}}]}<\/script>\n<!-- \/ Yoast SEO plugin. -->","yoast_head_json":{"title":"Lunettes De R\u00e9alit\u00e9 Virtuelle\/VR Headset Avec Gamepad - Ekco Boutique","robots":{"index":"index","follow":"follow","max-snippet":"max-snippet:-1","max-image-preview":"max-image-preview:large","max-video-preview":"max-video-preview:-1"},"canonical":"https:\/\/ekco-ci.com\/ecommerce\/produit\/lunettes-de-realite-virtuelle-vr-headset-avec-gamepad\/","og_locale":"fr_FR","og_type":"article","og_title":"Lunettes De R\u00e9alit\u00e9 Virtuelle\/VR Headset Avec Gamepad - Ekco Boutique","og_description":"Param\u00e8tres:Convient aux t\u00e9l\u00e9phones mobiles : 4,7-7 poucesSyst\u00e8me compatible : Android, IOS ou autresTaille du paquet: 179*96*125mm Comment utiliser:1. Tout d\u2019abord, [&hellip;]","og_url":"https:\/\/ekco-ci.com\/ecommerce\/produit\/lunettes-de-realite-virtuelle-vr-headset-avec-gamepad\/","og_site_name":"Ekco Boutique","article_modified_time":"2026-04-20T10:04:52+00:00","og_image":[{"width":680,"height":680,"url":"https:\/\/ekco-ci.com\/ecommerce\/wp-content\/uploads\/2026\/04\/1-2026-04-20T094140.096.jpg","type":"image\/jpeg"}],"twitter_card":"summary_large_image","twitter_misc":{"Dur\u00e9e de lecture estim\u00e9e":"5 minutes"},"schema":{"@context":"https:\/\/schema.org","@graph":[{"@type":"WebPage","@id":"https:\/\/ekco-ci.com\/ecommerce\/produit\/lunettes-de-realite-virtuelle-vr-headset-avec-gamepad\/","url":"https:\/\/ekco-ci.com\/ecommerce\/produit\/lunettes-de-realite-virtuelle-vr-headset-avec-gamepad\/","name":"Lunettes De R\u00e9alit\u00e9 Virtuelle\/VR Headset Avec Gamepad - Ekco Boutique","isPartOf":{"@id":"https:\/\/ekco-ci.com\/ecommerce\/#website"},"primaryImageOfPage":{"@id":"https:\/\/ekco-ci.com\/ecommerce\/produit\/lunettes-de-realite-virtuelle-vr-headset-avec-gamepad\/#primaryimage"},"image":{"@id":"https:\/\/ekco-ci.com\/ecommerce\/produit\/lunettes-de-realite-virtuelle-vr-headset-avec-gamepad\/#primaryimage"},"thumbnailUrl":"https:\/\/ekco-ci.com\/ecommerce\/wp-content\/uploads\/2026\/04\/1-2026-04-20T094140.096.jpg","datePublished":"2026-04-20T10:04:51+00:00","dateModified":"2026-04-20T10:04:52+00:00","breadcrumb":{"@id":"https:\/\/ekco-ci.com\/ecommerce\/produit\/lunettes-de-realite-virtuelle-vr-headset-avec-gamepad\/#breadcrumb"},"inLanguage":"fr-FR","potentialAction":[{"@type":"ReadAction","target":["https:\/\/ekco-ci.com\/ecommerce\/produit\/lunettes-de-realite-virtuelle-vr-headset-avec-gamepad\/"]}]},{"@type":"ImageObject","inLanguage":"fr-FR","@id":"https:\/\/ekco-ci.com\/ecommerce\/produit\/lunettes-de-realite-virtuelle-vr-headset-avec-gamepad\/#primaryimage","url":"https:\/\/ekco-ci.com\/ecommerce\/wp-content\/uploads\/2026\/04\/1-2026-04-20T094140.096.jpg","contentUrl":"https:\/\/ekco-ci.com\/ecommerce\/wp-content\/uploads\/2026\/04\/1-2026-04-20T094140.096.jpg","width":680,"height":680},{"@type":"BreadcrumbList","@id":"https:\/\/ekco-ci.com\/ecommerce\/produit\/lunettes-de-realite-virtuelle-vr-headset-avec-gamepad\/#breadcrumb","itemListElement":[{"@type":"ListItem","position":1,"name":"Home","item":"https:\/\/ekco-ci.com\/ecommerce\/"},{"@type":"ListItem","position":2,"name":"Boutique","item":"https:\/\/ekco-ci.com\/ecommerce\/boutique\/"},{"@type":"ListItem","position":3,"name":"Lunettes De R\u00e9alit\u00e9 Virtuelle\/VR Headset Avec Gamepad"}]},{"@type":"WebSite","@id":"https:\/\/ekco-ci.com\/ecommerce\/#website","url":"https:\/\/ekco-ci.com\/ecommerce\/","name":"Ekco Boutique","description":"Ekco Boutique! La qualit\u00e9 au c\u0153ur de chaque achat","publisher":{"@id":"https:\/\/ekco-ci.com\/ecommerce\/#organization"},"alternateName":"Boutique","potentialAction":[{"@type":"SearchAction","target":{"@type":"EntryPoint","urlTemplate":"https:\/\/ekco-ci.com\/ecommerce\/?s={search_term_string}"},"query-input":{"@type":"PropertyValueSpecification","valueRequired":true,"valueName":"search_term_string"}}],"inLanguage":"fr-FR"},{"@type":"Organization","@id":"https:\/\/ekco-ci.com\/ecommerce\/#organization","name":"Ekco Boutique","url":"https:\/\/ekco-ci.com\/ecommerce\/","logo":{"@type":"ImageObject","inLanguage":"fr-FR","@id":"https:\/\/ekco-ci.com\/ecommerce\/#\/schema\/logo\/image\/","url":"https:\/\/ekco-ci.com\/ecommerce\/wp-content\/uploads\/2024\/08\/cropped-lologo.png","contentUrl":"https:\/\/ekco-ci.com\/ecommerce\/wp-content\/uploads\/2024\/08\/cropped-lologo.png","width":512,"height":512,"caption":"Ekco Boutique"},"image":{"@id":"https:\/\/ekco-ci.com\/ecommerce\/#\/schema\/logo\/image\/"}}]}},"uagb_featured_image_src":{"full":["https:\/\/ekco-ci.com\/ecommerce\/wp-content\/uploads\/2026\/04\/1-2026-04-20T094140.096.jpg",680,680,false],"thumbnail":["https:\/\/ekco-ci.com\/ecommerce\/wp-content\/uploads\/2026\/04\/1-2026-04-20T094140.096-150x150.jpg",150,150,true],"medium":["https:\/\/ekco-ci.com\/ecommerce\/wp-content\/uploads\/2026\/04\/1-2026-04-20T094140.096-300x300.jpg",300,300,true],"medium_large":["https:\/\/ekco-ci.com\/ecommerce\/wp-content\/uploads\/2026\/04\/1-2026-04-20T094140.096.jpg",680,680,false],"large":["https:\/\/ekco-ci.com\/ecommerce\/wp-content\/uploads\/2026\/04\/1-2026-04-20T094140.096.jpg",680,680,false],"1536x1536":["https:\/\/ekco-ci.com\/ecommerce\/wp-content\/uploads\/2026\/04\/1-2026-04-20T094140.096.jpg",680,680,false],"2048x2048":["https:\/\/ekco-ci.com\/ecommerce\/wp-content\/uploads\/2026\/04\/1-2026-04-20T094140.096.jpg",680,680,false],"cfw_cart_thumb":["https:\/\/ekco-ci.com\/ecommerce\/wp-content\/uploads\/2026\/04\/1-2026-04-20T094140.096-60x60.jpg",60,60,true],"cfw_order_bump_thumb":["https:\/\/ekco-ci.com\/ecommerce\/wp-content\/uploads\/2026\/04\/1-2026-04-20T094140.096-320x320.jpg",320,320,true],"woocommerce_thumbnail":["https:\/\/ekco-ci.com\/ecommerce\/wp-content\/uploads\/2026\/04\/1-2026-04-20T094140.096-300x225.jpg",300,225,true],"woocommerce_single":["https:\/\/ekco-ci.com\/ecommerce\/wp-content\/uploads\/2026\/04\/1-2026-04-20T094140.096-600x600.jpg",600,600,true],"woocommerce_gallery_thumbnail":["https:\/\/ekco-ci.com\/ecommerce\/wp-content\/uploads\/2026\/04\/1-2026-04-20T094140.096-100x100.jpg",100,100,true]},"uagb_author_info":{"display_name":"Charlemagne Koula","author_link":"https:\/\/ekco-ci.com\/ecommerce\/author\/"},"uagb_comment_info":0,"uagb_excerpt":"Param\u00e8tres:Convient aux t\u00e9l\u00e9phones mobiles : 4,7-7 poucesSyst\u00e8me compatible : Android, IOS ou autresTaille du paquet: 179*96*125mm Comment utiliser:1. Tout d\u2019abord, [&hellip;]","_links":{"self":[{"href":"https:\/\/ekco-ci.com\/ecommerce\/wp-json\/wp\/v2\/product\/14924","targetHints":{"allow":["GET"]}}],"collection":[{"href":"https:\/\/ekco-ci.com\/ecommerce\/wp-json\/wp\/v2\/product"}],"about":[{"href":"https:\/\/ekco-ci.com\/ecommerce\/wp-json\/wp\/v2\/types\/product"}],"replies":[{"embeddable":true,"href":"https:\/\/ekco-ci.com\/ecommerce\/wp-json\/wp\/v2\/comments?post=14924"}],"wp:featuredmedia":[{"embeddable":true,"href":"https:\/\/ekco-ci.com\/ecommerce\/wp-json\/wp\/v2\/media\/14926"}],"wp:attachment":[{"href":"https:\/\/ekco-ci.com\/ecommerce\/wp-json\/wp\/v2\/media?parent=14924"}],"wp:term":[{"taxonomy":"product_brand","embeddable":true,"href":"https:\/\/ekco-ci.com\/ecommerce\/wp-json\/wp\/v2\/product_brand?post=14924"},{"taxonomy":"product_cat","embeddable":true,"href":"https:\/\/ekco-ci.com\/ecommerce\/wp-json\/wp\/v2\/product_cat?post=14924"},{"taxonomy":"product_tag","embeddable":true,"href":"https:\/\/ekco-ci.com\/ecommerce\/wp-json\/wp\/v2\/product_tag?post=14924"}],"curies":[{"name":"wp","href":"https:\/\/api.w.org\/{rel}","templated":true}]}}