{"id":14686,"date":"2026-04-09T12:58:25","date_gmt":"2026-04-09T12:58:25","guid":{"rendered":"https:\/\/ekco-ci.com\/ecommerce\/?post_type=product&#038;p=14686"},"modified":"2026-04-09T12:58:28","modified_gmt":"2026-04-09T12:58:28","slug":"support-metallique-avec-4-roulettes-pour-la-bouteille-de-gaz-b12","status":"publish","type":"product","link":"https:\/\/ekco-ci.com\/ecommerce\/produit\/support-metallique-avec-4-roulettes-pour-la-bouteille-de-gaz-b12\/","title":{"rendered":"Support m\u00e9tallique avec 4 roulettes pour la bouteille de gaz B12"},"content":{"rendered":"<p>Support en acier avec 4 roulettes appropri\u00e9 pour transporter les bouteilles de gaz butane et propane. D\u00e9placez facilement et confortablement de grands poids, comme les bouteilles de gaz butane, sans nuire \u00e0 votre sant\u00e9. Il sert \u00e0 transporter commod\u00e9ment les bouteilles de butane d\u2019une pi\u00e8ce \u00e0 l\u2019autre. Il est tr\u00e8s r\u00e9sistant pour permettre de d\u00e9placer commod\u00e9ment la bouteille de butane ou de propane sans endommager ni marquer les sols. Il supporte jusqu\u2019\u00e0 50\u00a0kg de poids. Ses quatre roulettes pivotantes sont fabriqu\u00e9es en polypropyl\u00e8ne avec support \u00e0 billes en acier et roulement \u00e0 coussinet pour assurer la stabilit\u00e9 des bouteilles de butane ou de propane et supporter de grands poids sans se plier. Le porte-bouteilles est laqu\u00e9 en peinture \u00e9poxy de haute qualit\u00e9 de couleur rouge. Fabriqu\u00e9 en fer garantissant une r\u00e9sistance suffisante sans montrer de signes de d\u00e9t\u00e9rioration au fil du temps.<\/p>\n","protected":false},"excerpt":{"rendered":"<p>Support en acier avec 4 roulettes appropri\u00e9 pour transporter les bouteilles de gaz butane et propane. D\u00e9placez facilement et confortablement [&hellip;]<\/p>\n","protected":false},"featured_media":14687,"comment_status":"open","ping_status":"closed","template":"","meta":{"_uag_custom_page_level_css":"","site-sidebar-layout":"default","site-content-layout":"","ast-site-content-layout":"default","site-content-style":"default","site-sidebar-style":"default","ast-global-header-display":"","ast-banner-title-visibility":"","ast-main-header-display":"","ast-hfb-above-header-display":"","ast-hfb-below-header-display":"","ast-hfb-mobile-header-display":"","site-post-title":"","ast-breadcrumbs-content":"","ast-featured-img":"","footer-sml-layout":"","ast-disable-related-posts":"","theme-transparent-header-meta":"default","adv-header-id-meta":"","stick-header-meta":"","header-above-stick-meta":"","header-main-stick-meta":"","header-below-stick-meta":"","astra-migrate-meta-layouts":"set","ast-page-background-enabled":"default","ast-page-background-meta":{"desktop":{"background-color":"var(--ast-global-color-4)","background-image":"","background-repeat":"repeat","background-position":"center center","background-size":"auto","background-attachment":"scroll","background-type":"","background-media":"","overlay-type":"","overlay-color":"","overlay-opacity":"","overlay-gradient":""},"tablet":{"background-color":"","background-image":"","background-repeat":"repeat","background-position":"center center","background-size":"auto","background-attachment":"scroll","background-type":"","background-media":"","overlay-type":"","overlay-color":"","overlay-opacity":"","overlay-gradient":""},"mobile":{"background-color":"","background-image":"","background-repeat":"repeat","background-position":"center center","background-size":"auto","background-attachment":"scroll","background-type":"","background-media":"","overlay-type":"","overlay-color":"","overlay-opacity":"","overlay-gradient":""}},"ast-content-background-meta":{"desktop":{"background-color":"var(--ast-global-color-5)","background-image":"","background-repeat":"repeat","background-position":"center center","background-size":"auto","background-attachment":"scroll","background-type":"","background-media":"","overlay-type":"","overlay-color":"","overlay-opacity":"","overlay-gradient":""},"tablet":{"background-color":"var(--ast-global-color-5)","background-image":"","background-repeat":"repeat","background-position":"center center","background-size":"auto","background-attachment":"scroll","background-type":"","background-media":"","overlay-type":"","overlay-color":"","overlay-opacity":"","overlay-gradient":""},"mobile":{"background-color":"var(--ast-global-color-5)","background-image":"","background-repeat":"repeat","background-position":"center center","background-size":"auto","background-attachment":"scroll","background-type":"","background-media":"","overlay-type":"","overlay-color":"","overlay-opacity":"","overlay-gradient":""}}},"product_brand":[],"product_cat":[986,621,74,73,94,1036,929],"product_tag":[],"class_list":{"0":"post-14686","1":"product","2":"type-product","3":"status-publish","4":"has-post-thumbnail","6":"product_cat-accessoires-de-cuisine","7":"product_cat-appareils-de-preparation-culinaire-fait-maison-cuisine-arts-culinaires","8":"product_cat-cuisine-arts-culinaires","9":"product_cat-cuisine-et-art-culinaire","10":"product_cat-cuisine-et-maison","11":"product_cat-supports-a-ustensiles","12":"product_cat-ustensiles-outils-de-cuisine-cuisine-arts-culinaires","13":"desktop-align-left","14":"tablet-align-left","15":"mobile-align-left","17":"first","18":"instock","19":"sale","20":"shipping-taxable","21":"purchasable","22":"product-type-simple"},"yoast_head":"<!-- This site is optimized with the Yoast SEO plugin v26.8 - https:\/\/yoast.com\/product\/yoast-seo-wordpress\/ -->\n<title>Support m\u00e9tallique avec 4 roulettes pour la bouteille de gaz B12 - Ekco Boutique<\/title>\n<meta name=\"robots\" content=\"index, follow, max-snippet:-1, max-image-preview:large, max-video-preview:-1\" \/>\n<link rel=\"canonical\" href=\"https:\/\/ekco-ci.com\/ecommerce\/produit\/support-metallique-avec-4-roulettes-pour-la-bouteille-de-gaz-b12\/\" \/>\n<meta property=\"og:locale\" content=\"fr_FR\" \/>\n<meta property=\"og:type\" content=\"article\" \/>\n<meta property=\"og:title\" content=\"Support m\u00e9tallique avec 4 roulettes pour la bouteille de gaz B12 - Ekco Boutique\" \/>\n<meta property=\"og:description\" content=\"Support en acier avec 4 roulettes appropri\u00e9 pour transporter les bouteilles de gaz butane et propane. D\u00e9placez facilement et confortablement [&hellip;]\" \/>\n<meta property=\"og:url\" content=\"https:\/\/ekco-ci.com\/ecommerce\/produit\/support-metallique-avec-4-roulettes-pour-la-bouteille-de-gaz-b12\/\" \/>\n<meta property=\"og:site_name\" content=\"Ekco Boutique\" \/>\n<meta property=\"article:modified_time\" content=\"2026-04-09T12:58:28+00:00\" \/>\n<meta property=\"og:image\" content=\"https:\/\/ekco-ci.com\/ecommerce\/wp-content\/uploads\/2026\/04\/1-2026-04-09T124439.835.jpg\" \/>\n\t<meta property=\"og:image:width\" content=\"680\" \/>\n\t<meta property=\"og:image:height\" content=\"680\" \/>\n\t<meta property=\"og:image:type\" content=\"image\/jpeg\" \/>\n<meta name=\"twitter:card\" content=\"summary_large_image\" \/>\n<meta name=\"twitter:label1\" content=\"Dur\u00e9e de lecture estim\u00e9e\" \/>\n\t<meta name=\"twitter:data1\" content=\"1 minute\" \/>\n<script type=\"application\/ld+json\" class=\"yoast-schema-graph\">{\"@context\":\"https:\/\/schema.org\",\"@graph\":[{\"@type\":\"WebPage\",\"@id\":\"https:\/\/ekco-ci.com\/ecommerce\/produit\/support-metallique-avec-4-roulettes-pour-la-bouteille-de-gaz-b12\/\",\"url\":\"https:\/\/ekco-ci.com\/ecommerce\/produit\/support-metallique-avec-4-roulettes-pour-la-bouteille-de-gaz-b12\/\",\"name\":\"Support m\u00e9tallique avec 4 roulettes pour la bouteille de gaz B12 - Ekco Boutique\",\"isPartOf\":{\"@id\":\"https:\/\/ekco-ci.com\/ecommerce\/#website\"},\"primaryImageOfPage\":{\"@id\":\"https:\/\/ekco-ci.com\/ecommerce\/produit\/support-metallique-avec-4-roulettes-pour-la-bouteille-de-gaz-b12\/#primaryimage\"},\"image\":{\"@id\":\"https:\/\/ekco-ci.com\/ecommerce\/produit\/support-metallique-avec-4-roulettes-pour-la-bouteille-de-gaz-b12\/#primaryimage\"},\"thumbnailUrl\":\"https:\/\/ekco-ci.com\/ecommerce\/wp-content\/uploads\/2026\/04\/1-2026-04-09T124439.835.jpg\",\"datePublished\":\"2026-04-09T12:58:25+00:00\",\"dateModified\":\"2026-04-09T12:58:28+00:00\",\"breadcrumb\":{\"@id\":\"https:\/\/ekco-ci.com\/ecommerce\/produit\/support-metallique-avec-4-roulettes-pour-la-bouteille-de-gaz-b12\/#breadcrumb\"},\"inLanguage\":\"fr-FR\",\"potentialAction\":[{\"@type\":\"ReadAction\",\"target\":[\"https:\/\/ekco-ci.com\/ecommerce\/produit\/support-metallique-avec-4-roulettes-pour-la-bouteille-de-gaz-b12\/\"]}]},{\"@type\":\"ImageObject\",\"inLanguage\":\"fr-FR\",\"@id\":\"https:\/\/ekco-ci.com\/ecommerce\/produit\/support-metallique-avec-4-roulettes-pour-la-bouteille-de-gaz-b12\/#primaryimage\",\"url\":\"https:\/\/ekco-ci.com\/ecommerce\/wp-content\/uploads\/2026\/04\/1-2026-04-09T124439.835.jpg\",\"contentUrl\":\"https:\/\/ekco-ci.com\/ecommerce\/wp-content\/uploads\/2026\/04\/1-2026-04-09T124439.835.jpg\",\"width\":680,\"height\":680},{\"@type\":\"BreadcrumbList\",\"@id\":\"https:\/\/ekco-ci.com\/ecommerce\/produit\/support-metallique-avec-4-roulettes-pour-la-bouteille-de-gaz-b12\/#breadcrumb\",\"itemListElement\":[{\"@type\":\"ListItem\",\"position\":1,\"name\":\"Home\",\"item\":\"https:\/\/ekco-ci.com\/ecommerce\/\"},{\"@type\":\"ListItem\",\"position\":2,\"name\":\"Boutique\",\"item\":\"https:\/\/ekco-ci.com\/ecommerce\/boutique\/\"},{\"@type\":\"ListItem\",\"position\":3,\"name\":\"Support m\u00e9tallique avec 4 roulettes pour la bouteille de gaz B12\"}]},{\"@type\":\"WebSite\",\"@id\":\"https:\/\/ekco-ci.com\/ecommerce\/#website\",\"url\":\"https:\/\/ekco-ci.com\/ecommerce\/\",\"name\":\"Ekco Boutique\",\"description\":\"Ekco Boutique! La qualit\u00e9 au c\u0153ur de chaque achat\",\"publisher\":{\"@id\":\"https:\/\/ekco-ci.com\/ecommerce\/#organization\"},\"alternateName\":\"Boutique\",\"potentialAction\":[{\"@type\":\"SearchAction\",\"target\":{\"@type\":\"EntryPoint\",\"urlTemplate\":\"https:\/\/ekco-ci.com\/ecommerce\/?s={search_term_string}\"},\"query-input\":{\"@type\":\"PropertyValueSpecification\",\"valueRequired\":true,\"valueName\":\"search_term_string\"}}],\"inLanguage\":\"fr-FR\"},{\"@type\":\"Organization\",\"@id\":\"https:\/\/ekco-ci.com\/ecommerce\/#organization\",\"name\":\"Ekco Boutique\",\"url\":\"https:\/\/ekco-ci.com\/ecommerce\/\",\"logo\":{\"@type\":\"ImageObject\",\"inLanguage\":\"fr-FR\",\"@id\":\"https:\/\/ekco-ci.com\/ecommerce\/#\/schema\/logo\/image\/\",\"url\":\"https:\/\/ekco-ci.com\/ecommerce\/wp-content\/uploads\/2024\/08\/cropped-lologo.png\",\"contentUrl\":\"https:\/\/ekco-ci.com\/ecommerce\/wp-content\/uploads\/2024\/08\/cropped-lologo.png\",\"width\":512,\"height\":512,\"caption\":\"Ekco Boutique\"},\"image\":{\"@id\":\"https:\/\/ekco-ci.com\/ecommerce\/#\/schema\/logo\/image\/\"}}]}<\/script>\n<!-- \/ Yoast SEO plugin. -->","yoast_head_json":{"title":"Support m\u00e9tallique avec 4 roulettes pour la bouteille de gaz B12 - Ekco Boutique","robots":{"index":"index","follow":"follow","max-snippet":"max-snippet:-1","max-image-preview":"max-image-preview:large","max-video-preview":"max-video-preview:-1"},"canonical":"https:\/\/ekco-ci.com\/ecommerce\/produit\/support-metallique-avec-4-roulettes-pour-la-bouteille-de-gaz-b12\/","og_locale":"fr_FR","og_type":"article","og_title":"Support m\u00e9tallique avec 4 roulettes pour la bouteille de gaz B12 - Ekco Boutique","og_description":"Support en acier avec 4 roulettes appropri\u00e9 pour transporter les bouteilles de gaz butane et propane. D\u00e9placez facilement et confortablement [&hellip;]","og_url":"https:\/\/ekco-ci.com\/ecommerce\/produit\/support-metallique-avec-4-roulettes-pour-la-bouteille-de-gaz-b12\/","og_site_name":"Ekco Boutique","article_modified_time":"2026-04-09T12:58:28+00:00","og_image":[{"width":680,"height":680,"url":"https:\/\/ekco-ci.com\/ecommerce\/wp-content\/uploads\/2026\/04\/1-2026-04-09T124439.835.jpg","type":"image\/jpeg"}],"twitter_card":"summary_large_image","twitter_misc":{"Dur\u00e9e de lecture estim\u00e9e":"1 minute"},"schema":{"@context":"https:\/\/schema.org","@graph":[{"@type":"WebPage","@id":"https:\/\/ekco-ci.com\/ecommerce\/produit\/support-metallique-avec-4-roulettes-pour-la-bouteille-de-gaz-b12\/","url":"https:\/\/ekco-ci.com\/ecommerce\/produit\/support-metallique-avec-4-roulettes-pour-la-bouteille-de-gaz-b12\/","name":"Support m\u00e9tallique avec 4 roulettes pour la bouteille de gaz B12 - Ekco Boutique","isPartOf":{"@id":"https:\/\/ekco-ci.com\/ecommerce\/#website"},"primaryImageOfPage":{"@id":"https:\/\/ekco-ci.com\/ecommerce\/produit\/support-metallique-avec-4-roulettes-pour-la-bouteille-de-gaz-b12\/#primaryimage"},"image":{"@id":"https:\/\/ekco-ci.com\/ecommerce\/produit\/support-metallique-avec-4-roulettes-pour-la-bouteille-de-gaz-b12\/#primaryimage"},"thumbnailUrl":"https:\/\/ekco-ci.com\/ecommerce\/wp-content\/uploads\/2026\/04\/1-2026-04-09T124439.835.jpg","datePublished":"2026-04-09T12:58:25+00:00","dateModified":"2026-04-09T12:58:28+00:00","breadcrumb":{"@id":"https:\/\/ekco-ci.com\/ecommerce\/produit\/support-metallique-avec-4-roulettes-pour-la-bouteille-de-gaz-b12\/#breadcrumb"},"inLanguage":"fr-FR","potentialAction":[{"@type":"ReadAction","target":["https:\/\/ekco-ci.com\/ecommerce\/produit\/support-metallique-avec-4-roulettes-pour-la-bouteille-de-gaz-b12\/"]}]},{"@type":"ImageObject","inLanguage":"fr-FR","@id":"https:\/\/ekco-ci.com\/ecommerce\/produit\/support-metallique-avec-4-roulettes-pour-la-bouteille-de-gaz-b12\/#primaryimage","url":"https:\/\/ekco-ci.com\/ecommerce\/wp-content\/uploads\/2026\/04\/1-2026-04-09T124439.835.jpg","contentUrl":"https:\/\/ekco-ci.com\/ecommerce\/wp-content\/uploads\/2026\/04\/1-2026-04-09T124439.835.jpg","width":680,"height":680},{"@type":"BreadcrumbList","@id":"https:\/\/ekco-ci.com\/ecommerce\/produit\/support-metallique-avec-4-roulettes-pour-la-bouteille-de-gaz-b12\/#breadcrumb","itemListElement":[{"@type":"ListItem","position":1,"name":"Home","item":"https:\/\/ekco-ci.com\/ecommerce\/"},{"@type":"ListItem","position":2,"name":"Boutique","item":"https:\/\/ekco-ci.com\/ecommerce\/boutique\/"},{"@type":"ListItem","position":3,"name":"Support m\u00e9tallique avec 4 roulettes pour la bouteille de gaz B12"}]},{"@type":"WebSite","@id":"https:\/\/ekco-ci.com\/ecommerce\/#website","url":"https:\/\/ekco-ci.com\/ecommerce\/","name":"Ekco Boutique","description":"Ekco Boutique! La qualit\u00e9 au c\u0153ur de chaque achat","publisher":{"@id":"https:\/\/ekco-ci.com\/ecommerce\/#organization"},"alternateName":"Boutique","potentialAction":[{"@type":"SearchAction","target":{"@type":"EntryPoint","urlTemplate":"https:\/\/ekco-ci.com\/ecommerce\/?s={search_term_string}"},"query-input":{"@type":"PropertyValueSpecification","valueRequired":true,"valueName":"search_term_string"}}],"inLanguage":"fr-FR"},{"@type":"Organization","@id":"https:\/\/ekco-ci.com\/ecommerce\/#organization","name":"Ekco Boutique","url":"https:\/\/ekco-ci.com\/ecommerce\/","logo":{"@type":"ImageObject","inLanguage":"fr-FR","@id":"https:\/\/ekco-ci.com\/ecommerce\/#\/schema\/logo\/image\/","url":"https:\/\/ekco-ci.com\/ecommerce\/wp-content\/uploads\/2024\/08\/cropped-lologo.png","contentUrl":"https:\/\/ekco-ci.com\/ecommerce\/wp-content\/uploads\/2024\/08\/cropped-lologo.png","width":512,"height":512,"caption":"Ekco Boutique"},"image":{"@id":"https:\/\/ekco-ci.com\/ecommerce\/#\/schema\/logo\/image\/"}}]}},"uagb_featured_image_src":{"full":["https:\/\/ekco-ci.com\/ecommerce\/wp-content\/uploads\/2026\/04\/1-2026-04-09T124439.835.jpg",680,680,false],"thumbnail":["https:\/\/ekco-ci.com\/ecommerce\/wp-content\/uploads\/2026\/04\/1-2026-04-09T124439.835-150x150.jpg",150,150,true],"medium":["https:\/\/ekco-ci.com\/ecommerce\/wp-content\/uploads\/2026\/04\/1-2026-04-09T124439.835-300x300.jpg",300,300,true],"medium_large":["https:\/\/ekco-ci.com\/ecommerce\/wp-content\/uploads\/2026\/04\/1-2026-04-09T124439.835.jpg",680,680,false],"large":["https:\/\/ekco-ci.com\/ecommerce\/wp-content\/uploads\/2026\/04\/1-2026-04-09T124439.835.jpg",680,680,false],"1536x1536":["https:\/\/ekco-ci.com\/ecommerce\/wp-content\/uploads\/2026\/04\/1-2026-04-09T124439.835.jpg",680,680,false],"2048x2048":["https:\/\/ekco-ci.com\/ecommerce\/wp-content\/uploads\/2026\/04\/1-2026-04-09T124439.835.jpg",680,680,false],"cfw_cart_thumb":["https:\/\/ekco-ci.com\/ecommerce\/wp-content\/uploads\/2026\/04\/1-2026-04-09T124439.835-60x60.jpg",60,60,true],"cfw_order_bump_thumb":["https:\/\/ekco-ci.com\/ecommerce\/wp-content\/uploads\/2026\/04\/1-2026-04-09T124439.835-320x320.jpg",320,320,true],"woocommerce_thumbnail":["https:\/\/ekco-ci.com\/ecommerce\/wp-content\/uploads\/2026\/04\/1-2026-04-09T124439.835-300x225.jpg",300,225,true],"woocommerce_single":["https:\/\/ekco-ci.com\/ecommerce\/wp-content\/uploads\/2026\/04\/1-2026-04-09T124439.835-600x600.jpg",600,600,true],"woocommerce_gallery_thumbnail":["https:\/\/ekco-ci.com\/ecommerce\/wp-content\/uploads\/2026\/04\/1-2026-04-09T124439.835-100x100.jpg",100,100,true]},"uagb_author_info":{"display_name":"Charlemagne Koula","author_link":"https:\/\/ekco-ci.com\/ecommerce\/author\/"},"uagb_comment_info":0,"uagb_excerpt":"Support en acier avec 4 roulettes appropri\u00e9 pour transporter les bouteilles de gaz butane et propane. D\u00e9placez facilement et confortablement [&hellip;]","_links":{"self":[{"href":"https:\/\/ekco-ci.com\/ecommerce\/wp-json\/wp\/v2\/product\/14686","targetHints":{"allow":["GET"]}}],"collection":[{"href":"https:\/\/ekco-ci.com\/ecommerce\/wp-json\/wp\/v2\/product"}],"about":[{"href":"https:\/\/ekco-ci.com\/ecommerce\/wp-json\/wp\/v2\/types\/product"}],"replies":[{"embeddable":true,"href":"https:\/\/ekco-ci.com\/ecommerce\/wp-json\/wp\/v2\/comments?post=14686"}],"wp:featuredmedia":[{"embeddable":true,"href":"https:\/\/ekco-ci.com\/ecommerce\/wp-json\/wp\/v2\/media\/14687"}],"wp:attachment":[{"href":"https:\/\/ekco-ci.com\/ecommerce\/wp-json\/wp\/v2\/media?parent=14686"}],"wp:term":[{"taxonomy":"product_brand","embeddable":true,"href":"https:\/\/ekco-ci.com\/ecommerce\/wp-json\/wp\/v2\/product_brand?post=14686"},{"taxonomy":"product_cat","embeddable":true,"href":"https:\/\/ekco-ci.com\/ecommerce\/wp-json\/wp\/v2\/product_cat?post=14686"},{"taxonomy":"product_tag","embeddable":true,"href":"https:\/\/ekco-ci.com\/ecommerce\/wp-json\/wp\/v2\/product_tag?post=14686"}],"curies":[{"name":"wp","href":"https:\/\/api.w.org\/{rel}","templated":true}]}}