{"id":14664,"date":"2026-04-09T11:09:17","date_gmt":"2026-04-09T11:09:17","guid":{"rendered":"https:\/\/ekco-ci.com\/ecommerce\/?post_type=product&#038;p=14664"},"modified":"2026-04-09T11:09:19","modified_gmt":"2026-04-09T11:09:19","slug":"tapis-de-salon-rectangulaire-200cmx100cm","status":"publish","type":"product","link":"https:\/\/ekco-ci.com\/ecommerce\/produit\/tapis-de-salon-rectangulaire-200cmx100cm\/","title":{"rendered":"Tapis De Salon Rectangulaire 200cmx100cm"},"content":{"rendered":"<ol>\n<li><b>Dos solide et durable et base antid\u00e9rapante :<\/b>\u00a0nos tapis moelleux sont fabriqu\u00e9s avec des milliers de points de pr\u00e9hension minuses et durables qui aident \u00e0 tenir sur le bois ou d&#8217;autres mat\u00e9riaux et m\u00eame \u00e0 tenir avec des enfants et des animaux domestiques. Veuillez noter que vous devez garder le dessous du tapis au sec car l&#8217;eau peut glisser sous le tapis.<\/li>\n<li>Surface en velours de 3,5 cm de haut et \u00e9ponge de 1,2 cm d&#8217;\u00e9paisseur pour une sensation luxueuse et un confort optimal &#8211; Nos tapis moelleux modernes sont fabriqu\u00e9s en fibres synth\u00e9tiques r\u00e9sistantes, la texture est assez douce au toucher et dispose d&#8217;une couche sup\u00e9rieure en mat\u00e9riau \u00e9pais \u00e0 poils longs qui est ultra doux, chaud et beau, non coul\u00e9 et ne se d\u00e9colore pas, doux pour la peau.<\/li>\n<li>Design moderne, parfait pour la d\u00e9coration de votre salon ou chambre \u00e0 coucher, chaque tapis au design simple de couleur m\u00e9lang\u00e9e cr\u00e9e une atmosph\u00e8re paisible. Le tapis est adapt\u00e9 non seulement pour votre chambre parentale, votre salon ou votre salle \u00e0 manger, mais aussi pour une chambre d&#8217;enfant, une chambre de b\u00e9b\u00e9, une chambre d&#8217;enfant. Notre tapis est \u00e9galement adapt\u00e9 aux enfants et aux animaux domestiques<\/li>\n<li>Facile \u00e0 nettoyer et \u00e0 entretenir : vous pouvez simplement l&#8217;aspirer avec un aspirateur \u00e0 main pour nettoyer le tapis, mais vous ne pouvez pas utiliser la barre de frappe (brosse spine) sur l&#8217;aspirateur. Pour un nettoyage plus approfondi, nous vous recommandons de l&#8217;essuyer avec un chiffon humide et un savon doux, et nos tapis sont \u00e9galement lavables en machine.<\/li>\n<li>Diff\u00e9rence de l&#8217;emballage et de la photo &#8211; Comme nous avons emball\u00e9 les tapis sous vide, de l\u00e9g\u00e8res plis peuvent appara\u00eetre lorsque vous recevez le tapis. Ne vous inqui\u00e9tez pas. C&#8217;est le ph\u00e9nom\u00e8ne normal apr\u00e8s la compression sous vide. Le tapis peut \u00eatre lav\u00e9, puis s\u00e9ch\u00e9 naturellement, ou simplement carrel\u00e9 pendant quelques jours, il peut retrouver sa belle forme.<\/li>\n<li><b>\u25b2 Instructions d&#8217;entretien :<\/b><\/li>\n<li>\u25b2 Laissez le tapis s\u00e9cher ou accrocher naturellement, ne pas le chauffer directement ou l&#8217;exposer au soleil.<\/li>\n<li>\u25b2 Pour faciliter le transport, nous utiliserons sous vide pour le tapis. D\u00e9ballez le tapis apr\u00e8s l&#8217;achat. D\u00e9pliez le tapis et \u00e9talez pendant 1 \u00e0 2 jours. Le tapis retrouvera son \u00e9paisseur. Apr\u00e8s avoir re\u00e7u le tapis, secouez-le pendant quelques minutes. Vous pouvez \u00e9galement nettoyer le tapis avant de l&#8217;utiliser. Le tapis a retrouv\u00e9 son \u00e9paisseur et les plis ont disparu.<\/li>\n<li><b>\u25b2\u3010Mat\u00e9riaux de haute qualit\u00e9\u3011<\/b>Tapis doux \u00e0 poils longs, surface inf\u00e9rieure antid\u00e9rapante, solide et durable, r\u00e9sistant \u00e0 la pression, \u00e9cologique, sans go\u00fbt, ne se d\u00e9colore pas.<\/li>\n<li>\u25b2\u3010Haute qualit\u00e9\u3011 Fabriqu\u00e9 en fibres de polypropyl\u00e8ne (PVC) de haute qualit\u00e9 et trait\u00e9es professionnellement, le tapis est durable et reste en forme malgr\u00e9 l&#8217;utilisation intensive. Gr\u00e2ce \u00e0 sa fibre synth\u00e9tique robuste, il convient \u00e9galement comme tapis de salon doux ou tapis de bain.<\/li>\n<li>\u25b2\u3010Facile \u00e0 nettoyer\u3011 Vous pouvez facilement enlever la poussi\u00e8re de la surface. Vous n&#8217;avez pas \u00e0 vous soucier de la d\u00e9formation, il r\u00e9cup\u00e8re rapidement et n&#8217;affectera pas l&#8217;utilisation. Aucun probl\u00e8me de nettoyage, g\u00e9n\u00e9ralement avec un aspirateur ou un chiffon humide. Lavable jusqu&#8217;\u00e0 40 degr\u00e9s, id\u00e9al pour les personnes.<\/li>\n<li>\u25b2\u3010Polyvalence\u3011Il s&#8217;agit d&#8217;un beau tapis de chambre \u00e0 coucher, adapt\u00e9 pour la d\u00e9coration de la maison, les tapis de salon, les tapis de jeu pour enfants, les tapis de yoga, etc. Brossez de temps en temps pour le rendre moelleux.<\/li>\n<li>\u25b2\u3010Qualit\u00e9 et service\u3011Notre boutique: LYKEJI Garantie de satisfaction \u00e0 100% : nous croyons en la qualit\u00e9 de notre tapis. Si vous avez des probl\u00e8mes ou des suggestions, veuillez nous contacter et nous vous fournirons un service convivial et facile d&#8217;acc\u00e8s. Il peut y avoir une petite diff\u00e9rence de couleur en raison de son effet d&#8217;affichage.<\/li>\n<li>\u25b2 1 tapis doux et moelleux.<\/li>\n<\/ol>\n","protected":false},"excerpt":{"rendered":"<p>Dos solide et durable et base antid\u00e9rapante :\u00a0nos tapis moelleux sont fabriqu\u00e9s avec des milliers de points de pr\u00e9hension minuses [&hellip;]<\/p>\n","protected":false},"featured_media":14666,"comment_status":"open","ping_status":"closed","template":"","meta":{"_uag_custom_page_level_css":"","site-sidebar-layout":"default","site-content-layout":"","ast-site-content-layout":"default","site-content-style":"default","site-sidebar-style":"default","ast-global-header-display":"","ast-banner-title-visibility":"","ast-main-header-display":"","ast-hfb-above-header-display":"","ast-hfb-below-header-display":"","ast-hfb-mobile-header-display":"","site-post-title":"","ast-breadcrumbs-content":"","ast-featured-img":"","footer-sml-layout":"","ast-disable-related-posts":"","theme-transparent-header-meta":"default","adv-header-id-meta":"","stick-header-meta":"","header-above-stick-meta":"","header-main-stick-meta":"","header-below-stick-meta":"","astra-migrate-meta-layouts":"set","ast-page-background-enabled":"default","ast-page-background-meta":{"desktop":{"background-color":"var(--ast-global-color-4)","background-image":"","background-repeat":"repeat","background-position":"center center","background-size":"auto","background-attachment":"scroll","background-type":"","background-media":"","overlay-type":"","overlay-color":"","overlay-opacity":"","overlay-gradient":""},"tablet":{"background-color":"","background-image":"","background-repeat":"repeat","background-position":"center center","background-size":"auto","background-attachment":"scroll","background-type":"","background-media":"","overlay-type":"","overlay-color":"","overlay-opacity":"","overlay-gradient":""},"mobile":{"background-color":"","background-image":"","background-repeat":"repeat","background-position":"center center","background-size":"auto","background-attachment":"scroll","background-type":"","background-media":"","overlay-type":"","overlay-color":"","overlay-opacity":"","overlay-gradient":""}},"ast-content-background-meta":{"desktop":{"background-color":"var(--ast-global-color-5)","background-image":"","background-repeat":"repeat","background-position":"center center","background-size":"auto","background-attachment":"scroll","background-type":"","background-media":"","overlay-type":"","overlay-color":"","overlay-opacity":"","overlay-gradient":""},"tablet":{"background-color":"var(--ast-global-color-5)","background-image":"","background-repeat":"repeat","background-position":"center center","background-size":"auto","background-attachment":"scroll","background-type":"","background-media":"","overlay-type":"","overlay-color":"","overlay-opacity":"","overlay-gradient":""},"mobile":{"background-color":"var(--ast-global-color-5)","background-image":"","background-repeat":"repeat","background-position":"center center","background-size":"auto","background-attachment":"scroll","background-type":"","background-media":"","overlay-type":"","overlay-color":"","overlay-opacity":"","overlay-gradient":""}}},"product_brand":[],"product_cat":[619,772,23,166],"product_tag":[],"class_list":{"0":"post-14664","1":"product","2":"type-product","3":"status-publish","4":"has-post-thumbnail","6":"product_cat-cuisine-maison","7":"product_cat-decoration-de-maison-cuisine-maison","8":"product_cat-maison-bureau","9":"product_cat-moquettes-tapis","10":"desktop-align-left","11":"tablet-align-left","12":"mobile-align-left","14":"first","15":"instock","16":"sale","17":"shipping-taxable","18":"purchasable","19":"product-type-simple"},"yoast_head":"<!-- This site is optimized with the Yoast SEO plugin v26.8 - https:\/\/yoast.com\/product\/yoast-seo-wordpress\/ -->\n<title>Tapis De Salon Rectangulaire 200cmx100cm - Ekco Boutique<\/title>\n<meta name=\"robots\" content=\"index, follow, max-snippet:-1, max-image-preview:large, max-video-preview:-1\" \/>\n<link rel=\"canonical\" href=\"https:\/\/ekco-ci.com\/ecommerce\/produit\/tapis-de-salon-rectangulaire-200cmx100cm\/\" \/>\n<meta property=\"og:locale\" content=\"fr_FR\" \/>\n<meta property=\"og:type\" content=\"article\" \/>\n<meta property=\"og:title\" content=\"Tapis De Salon Rectangulaire 200cmx100cm - Ekco Boutique\" \/>\n<meta property=\"og:description\" content=\"Dos solide et durable et base antid\u00e9rapante :\u00a0nos tapis moelleux sont fabriqu\u00e9s avec des milliers de points de pr\u00e9hension minuses [&hellip;]\" \/>\n<meta property=\"og:url\" content=\"https:\/\/ekco-ci.com\/ecommerce\/produit\/tapis-de-salon-rectangulaire-200cmx100cm\/\" \/>\n<meta property=\"og:site_name\" content=\"Ekco Boutique\" \/>\n<meta property=\"article:modified_time\" content=\"2026-04-09T11:09:19+00:00\" \/>\n<meta property=\"og:image\" content=\"https:\/\/ekco-ci.com\/ecommerce\/wp-content\/uploads\/2026\/04\/1-2026-04-09T105613.094.jpg\" \/>\n\t<meta property=\"og:image:width\" content=\"680\" \/>\n\t<meta property=\"og:image:height\" content=\"680\" \/>\n\t<meta property=\"og:image:type\" content=\"image\/jpeg\" \/>\n<meta name=\"twitter:card\" content=\"summary_large_image\" \/>\n<meta name=\"twitter:label1\" content=\"Dur\u00e9e de lecture estim\u00e9e\" \/>\n\t<meta name=\"twitter:data1\" content=\"4 minutes\" \/>\n<script type=\"application\/ld+json\" class=\"yoast-schema-graph\">{\"@context\":\"https:\/\/schema.org\",\"@graph\":[{\"@type\":\"WebPage\",\"@id\":\"https:\/\/ekco-ci.com\/ecommerce\/produit\/tapis-de-salon-rectangulaire-200cmx100cm\/\",\"url\":\"https:\/\/ekco-ci.com\/ecommerce\/produit\/tapis-de-salon-rectangulaire-200cmx100cm\/\",\"name\":\"Tapis De Salon Rectangulaire 200cmx100cm - Ekco Boutique\",\"isPartOf\":{\"@id\":\"https:\/\/ekco-ci.com\/ecommerce\/#website\"},\"primaryImageOfPage\":{\"@id\":\"https:\/\/ekco-ci.com\/ecommerce\/produit\/tapis-de-salon-rectangulaire-200cmx100cm\/#primaryimage\"},\"image\":{\"@id\":\"https:\/\/ekco-ci.com\/ecommerce\/produit\/tapis-de-salon-rectangulaire-200cmx100cm\/#primaryimage\"},\"thumbnailUrl\":\"https:\/\/ekco-ci.com\/ecommerce\/wp-content\/uploads\/2026\/04\/1-2026-04-09T105613.094.jpg\",\"datePublished\":\"2026-04-09T11:09:17+00:00\",\"dateModified\":\"2026-04-09T11:09:19+00:00\",\"breadcrumb\":{\"@id\":\"https:\/\/ekco-ci.com\/ecommerce\/produit\/tapis-de-salon-rectangulaire-200cmx100cm\/#breadcrumb\"},\"inLanguage\":\"fr-FR\",\"potentialAction\":[{\"@type\":\"ReadAction\",\"target\":[\"https:\/\/ekco-ci.com\/ecommerce\/produit\/tapis-de-salon-rectangulaire-200cmx100cm\/\"]}]},{\"@type\":\"ImageObject\",\"inLanguage\":\"fr-FR\",\"@id\":\"https:\/\/ekco-ci.com\/ecommerce\/produit\/tapis-de-salon-rectangulaire-200cmx100cm\/#primaryimage\",\"url\":\"https:\/\/ekco-ci.com\/ecommerce\/wp-content\/uploads\/2026\/04\/1-2026-04-09T105613.094.jpg\",\"contentUrl\":\"https:\/\/ekco-ci.com\/ecommerce\/wp-content\/uploads\/2026\/04\/1-2026-04-09T105613.094.jpg\",\"width\":680,\"height\":680},{\"@type\":\"BreadcrumbList\",\"@id\":\"https:\/\/ekco-ci.com\/ecommerce\/produit\/tapis-de-salon-rectangulaire-200cmx100cm\/#breadcrumb\",\"itemListElement\":[{\"@type\":\"ListItem\",\"position\":1,\"name\":\"Home\",\"item\":\"https:\/\/ekco-ci.com\/ecommerce\/\"},{\"@type\":\"ListItem\",\"position\":2,\"name\":\"Boutique\",\"item\":\"https:\/\/ekco-ci.com\/ecommerce\/boutique\/\"},{\"@type\":\"ListItem\",\"position\":3,\"name\":\"Tapis De Salon Rectangulaire 200cmx100cm\"}]},{\"@type\":\"WebSite\",\"@id\":\"https:\/\/ekco-ci.com\/ecommerce\/#website\",\"url\":\"https:\/\/ekco-ci.com\/ecommerce\/\",\"name\":\"Ekco Boutique\",\"description\":\"Ekco Boutique! La qualit\u00e9 au c\u0153ur de chaque achat\",\"publisher\":{\"@id\":\"https:\/\/ekco-ci.com\/ecommerce\/#organization\"},\"alternateName\":\"Boutique\",\"potentialAction\":[{\"@type\":\"SearchAction\",\"target\":{\"@type\":\"EntryPoint\",\"urlTemplate\":\"https:\/\/ekco-ci.com\/ecommerce\/?s={search_term_string}\"},\"query-input\":{\"@type\":\"PropertyValueSpecification\",\"valueRequired\":true,\"valueName\":\"search_term_string\"}}],\"inLanguage\":\"fr-FR\"},{\"@type\":\"Organization\",\"@id\":\"https:\/\/ekco-ci.com\/ecommerce\/#organization\",\"name\":\"Ekco Boutique\",\"url\":\"https:\/\/ekco-ci.com\/ecommerce\/\",\"logo\":{\"@type\":\"ImageObject\",\"inLanguage\":\"fr-FR\",\"@id\":\"https:\/\/ekco-ci.com\/ecommerce\/#\/schema\/logo\/image\/\",\"url\":\"https:\/\/ekco-ci.com\/ecommerce\/wp-content\/uploads\/2024\/08\/cropped-lologo.png\",\"contentUrl\":\"https:\/\/ekco-ci.com\/ecommerce\/wp-content\/uploads\/2024\/08\/cropped-lologo.png\",\"width\":512,\"height\":512,\"caption\":\"Ekco Boutique\"},\"image\":{\"@id\":\"https:\/\/ekco-ci.com\/ecommerce\/#\/schema\/logo\/image\/\"}}]}<\/script>\n<!-- \/ Yoast SEO plugin. -->","yoast_head_json":{"title":"Tapis De Salon Rectangulaire 200cmx100cm - Ekco Boutique","robots":{"index":"index","follow":"follow","max-snippet":"max-snippet:-1","max-image-preview":"max-image-preview:large","max-video-preview":"max-video-preview:-1"},"canonical":"https:\/\/ekco-ci.com\/ecommerce\/produit\/tapis-de-salon-rectangulaire-200cmx100cm\/","og_locale":"fr_FR","og_type":"article","og_title":"Tapis De Salon Rectangulaire 200cmx100cm - Ekco Boutique","og_description":"Dos solide et durable et base antid\u00e9rapante :\u00a0nos tapis moelleux sont fabriqu\u00e9s avec des milliers de points de pr\u00e9hension minuses [&hellip;]","og_url":"https:\/\/ekco-ci.com\/ecommerce\/produit\/tapis-de-salon-rectangulaire-200cmx100cm\/","og_site_name":"Ekco Boutique","article_modified_time":"2026-04-09T11:09:19+00:00","og_image":[{"width":680,"height":680,"url":"https:\/\/ekco-ci.com\/ecommerce\/wp-content\/uploads\/2026\/04\/1-2026-04-09T105613.094.jpg","type":"image\/jpeg"}],"twitter_card":"summary_large_image","twitter_misc":{"Dur\u00e9e de lecture estim\u00e9e":"4 minutes"},"schema":{"@context":"https:\/\/schema.org","@graph":[{"@type":"WebPage","@id":"https:\/\/ekco-ci.com\/ecommerce\/produit\/tapis-de-salon-rectangulaire-200cmx100cm\/","url":"https:\/\/ekco-ci.com\/ecommerce\/produit\/tapis-de-salon-rectangulaire-200cmx100cm\/","name":"Tapis De Salon Rectangulaire 200cmx100cm - Ekco Boutique","isPartOf":{"@id":"https:\/\/ekco-ci.com\/ecommerce\/#website"},"primaryImageOfPage":{"@id":"https:\/\/ekco-ci.com\/ecommerce\/produit\/tapis-de-salon-rectangulaire-200cmx100cm\/#primaryimage"},"image":{"@id":"https:\/\/ekco-ci.com\/ecommerce\/produit\/tapis-de-salon-rectangulaire-200cmx100cm\/#primaryimage"},"thumbnailUrl":"https:\/\/ekco-ci.com\/ecommerce\/wp-content\/uploads\/2026\/04\/1-2026-04-09T105613.094.jpg","datePublished":"2026-04-09T11:09:17+00:00","dateModified":"2026-04-09T11:09:19+00:00","breadcrumb":{"@id":"https:\/\/ekco-ci.com\/ecommerce\/produit\/tapis-de-salon-rectangulaire-200cmx100cm\/#breadcrumb"},"inLanguage":"fr-FR","potentialAction":[{"@type":"ReadAction","target":["https:\/\/ekco-ci.com\/ecommerce\/produit\/tapis-de-salon-rectangulaire-200cmx100cm\/"]}]},{"@type":"ImageObject","inLanguage":"fr-FR","@id":"https:\/\/ekco-ci.com\/ecommerce\/produit\/tapis-de-salon-rectangulaire-200cmx100cm\/#primaryimage","url":"https:\/\/ekco-ci.com\/ecommerce\/wp-content\/uploads\/2026\/04\/1-2026-04-09T105613.094.jpg","contentUrl":"https:\/\/ekco-ci.com\/ecommerce\/wp-content\/uploads\/2026\/04\/1-2026-04-09T105613.094.jpg","width":680,"height":680},{"@type":"BreadcrumbList","@id":"https:\/\/ekco-ci.com\/ecommerce\/produit\/tapis-de-salon-rectangulaire-200cmx100cm\/#breadcrumb","itemListElement":[{"@type":"ListItem","position":1,"name":"Home","item":"https:\/\/ekco-ci.com\/ecommerce\/"},{"@type":"ListItem","position":2,"name":"Boutique","item":"https:\/\/ekco-ci.com\/ecommerce\/boutique\/"},{"@type":"ListItem","position":3,"name":"Tapis De Salon Rectangulaire 200cmx100cm"}]},{"@type":"WebSite","@id":"https:\/\/ekco-ci.com\/ecommerce\/#website","url":"https:\/\/ekco-ci.com\/ecommerce\/","name":"Ekco Boutique","description":"Ekco Boutique! La qualit\u00e9 au c\u0153ur de chaque achat","publisher":{"@id":"https:\/\/ekco-ci.com\/ecommerce\/#organization"},"alternateName":"Boutique","potentialAction":[{"@type":"SearchAction","target":{"@type":"EntryPoint","urlTemplate":"https:\/\/ekco-ci.com\/ecommerce\/?s={search_term_string}"},"query-input":{"@type":"PropertyValueSpecification","valueRequired":true,"valueName":"search_term_string"}}],"inLanguage":"fr-FR"},{"@type":"Organization","@id":"https:\/\/ekco-ci.com\/ecommerce\/#organization","name":"Ekco Boutique","url":"https:\/\/ekco-ci.com\/ecommerce\/","logo":{"@type":"ImageObject","inLanguage":"fr-FR","@id":"https:\/\/ekco-ci.com\/ecommerce\/#\/schema\/logo\/image\/","url":"https:\/\/ekco-ci.com\/ecommerce\/wp-content\/uploads\/2024\/08\/cropped-lologo.png","contentUrl":"https:\/\/ekco-ci.com\/ecommerce\/wp-content\/uploads\/2024\/08\/cropped-lologo.png","width":512,"height":512,"caption":"Ekco Boutique"},"image":{"@id":"https:\/\/ekco-ci.com\/ecommerce\/#\/schema\/logo\/image\/"}}]}},"uagb_featured_image_src":{"full":["https:\/\/ekco-ci.com\/ecommerce\/wp-content\/uploads\/2026\/04\/1-2026-04-09T105613.094.jpg",680,680,false],"thumbnail":["https:\/\/ekco-ci.com\/ecommerce\/wp-content\/uploads\/2026\/04\/1-2026-04-09T105613.094-150x150.jpg",150,150,true],"medium":["https:\/\/ekco-ci.com\/ecommerce\/wp-content\/uploads\/2026\/04\/1-2026-04-09T105613.094-300x300.jpg",300,300,true],"medium_large":["https:\/\/ekco-ci.com\/ecommerce\/wp-content\/uploads\/2026\/04\/1-2026-04-09T105613.094.jpg",680,680,false],"large":["https:\/\/ekco-ci.com\/ecommerce\/wp-content\/uploads\/2026\/04\/1-2026-04-09T105613.094.jpg",680,680,false],"1536x1536":["https:\/\/ekco-ci.com\/ecommerce\/wp-content\/uploads\/2026\/04\/1-2026-04-09T105613.094.jpg",680,680,false],"2048x2048":["https:\/\/ekco-ci.com\/ecommerce\/wp-content\/uploads\/2026\/04\/1-2026-04-09T105613.094.jpg",680,680,false],"cfw_cart_thumb":["https:\/\/ekco-ci.com\/ecommerce\/wp-content\/uploads\/2026\/04\/1-2026-04-09T105613.094-60x60.jpg",60,60,true],"cfw_order_bump_thumb":["https:\/\/ekco-ci.com\/ecommerce\/wp-content\/uploads\/2026\/04\/1-2026-04-09T105613.094-320x320.jpg",320,320,true],"woocommerce_thumbnail":["https:\/\/ekco-ci.com\/ecommerce\/wp-content\/uploads\/2026\/04\/1-2026-04-09T105613.094-300x225.jpg",300,225,true],"woocommerce_single":["https:\/\/ekco-ci.com\/ecommerce\/wp-content\/uploads\/2026\/04\/1-2026-04-09T105613.094-600x600.jpg",600,600,true],"woocommerce_gallery_thumbnail":["https:\/\/ekco-ci.com\/ecommerce\/wp-content\/uploads\/2026\/04\/1-2026-04-09T105613.094-100x100.jpg",100,100,true]},"uagb_author_info":{"display_name":"Charlemagne Koula","author_link":"https:\/\/ekco-ci.com\/ecommerce\/author\/"},"uagb_comment_info":0,"uagb_excerpt":"Dos solide et durable et base antid\u00e9rapante :\u00a0nos tapis moelleux sont fabriqu\u00e9s avec des milliers de points de pr\u00e9hension minuses [&hellip;]","_links":{"self":[{"href":"https:\/\/ekco-ci.com\/ecommerce\/wp-json\/wp\/v2\/product\/14664","targetHints":{"allow":["GET"]}}],"collection":[{"href":"https:\/\/ekco-ci.com\/ecommerce\/wp-json\/wp\/v2\/product"}],"about":[{"href":"https:\/\/ekco-ci.com\/ecommerce\/wp-json\/wp\/v2\/types\/product"}],"replies":[{"embeddable":true,"href":"https:\/\/ekco-ci.com\/ecommerce\/wp-json\/wp\/v2\/comments?post=14664"}],"wp:featuredmedia":[{"embeddable":true,"href":"https:\/\/ekco-ci.com\/ecommerce\/wp-json\/wp\/v2\/media\/14666"}],"wp:attachment":[{"href":"https:\/\/ekco-ci.com\/ecommerce\/wp-json\/wp\/v2\/media?parent=14664"}],"wp:term":[{"taxonomy":"product_brand","embeddable":true,"href":"https:\/\/ekco-ci.com\/ecommerce\/wp-json\/wp\/v2\/product_brand?post=14664"},{"taxonomy":"product_cat","embeddable":true,"href":"https:\/\/ekco-ci.com\/ecommerce\/wp-json\/wp\/v2\/product_cat?post=14664"},{"taxonomy":"product_tag","embeddable":true,"href":"https:\/\/ekco-ci.com\/ecommerce\/wp-json\/wp\/v2\/product_tag?post=14664"}],"curies":[{"name":"wp","href":"https:\/\/api.w.org\/{rel}","templated":true}]}}