{"id":14657,"date":"2026-04-09T09:40:20","date_gmt":"2026-04-09T09:40:20","guid":{"rendered":"https:\/\/ekco-ci.com\/ecommerce\/?post_type=product&#038;p=14657"},"modified":"2026-04-09T09:40:22","modified_gmt":"2026-04-09T09:40:22","slug":"outil-de-diagnostic-mucar-cs5-obd2-ecm-tcm-abs-srs-bcm-outils-de-voiture","status":"publish","type":"product","link":"https:\/\/ekco-ci.com\/ecommerce\/produit\/outil-de-diagnostic-mucar-cs5-obd2-ecm-tcm-abs-srs-bcm-outils-de-voiture\/","title":{"rendered":"Outil de diagnostic MUCAR CS5 OBD2 ECM TCM ABS SRS BCM Outils de voiture"},"content":{"rendered":"<p><strong>Outil de diagnostic MUCAR CS5 OBD2 ECM TCM ABS SRS BCM Outils de voiture Scanner Test de batterie Outil automobile Mise \u00e0 niveau gratuite \u00e0 vie<\/strong><\/p>\n<p><strong>MUCAR CS5: Tous les syst\u00e8mes Cars 5 diagnostiquent les syst\u00e8mes ECM,TCM,ABS,SRS,BCM 5 \u00e0 vie.<\/strong><\/p>\n<p><strong>Prend en charge 13 langues, 94 marques de voitures<\/strong><\/p>\n<p>Anglais, Fran\u00e7ais, Allemand, Italien, Espagnol, Portugais, Japonais, Russe, Polonais, Hongrois, Arabe, Grecque, Slovaque<\/p>\n<p><img decoding=\"async\" src=\"https:\/\/ci.jumia.is\/cms\/external\/pet\/GE070IP1DC98FNAFAMZ\/17952fd64771801a986d44ccb0cab108.jpg\" alt=\"MUCAR CS5 Scanner OBD2 pour voiture ECM TCM ABS SRS BCM Outils de diagnostic automobile Testeur de batterie Outil automobile Mise \u00e0 jour gratuite \u00e0 vie\" data-src=\"https:\/\/ci.jumia.is\/cms\/external\/pet\/GE070IP1DC98FNAFAMZ\/17952fd64771801a986d44ccb0cab108.jpg\" \/><\/p>\n<p><strong>5 Diagnostics syst\u00e8me qui peuvent vous aider \u00e0 trouver la plupart des probl\u00e8mes de votre v\u00e9hicule<\/strong><\/p>\n<p><strong>1. Diagnostiquez l&#8217;ECM (syst\u00e8me de moteur):<\/strong><br \/>\nD\u00e9terminez rapidement la cause du syst\u00e8me moteur et \u00e9teignez le voyant d&#8217;avertissement. Il r\u00e9cup\u00e8re \u00e9galement les codes actuels, permanents et en attente dans le syst\u00e8me de moteur du v\u00e9hicule, qui plus est, il montre \u00e9galement les donn\u00e9es \u00e9tendues standard OBD II critiques, telles que le carburant, les donn\u00e9es d&#8217;\u00e9missions, et d&#8217;autres param\u00e8tres en temps r\u00e9el sp\u00e9cifiques au fabricant dans le syst\u00e8me moteur pour s&#8217;assurer qu&#8217;il fonctionne correctement et en toute s\u00e9curit\u00e9.<\/p>\n<p><strong>2. Diagnostiquer l&#8217;ABS (syst\u00e8me de freinage antiblocage):<\/strong><br \/>\nLisez et effacez le code d&#8217;erreur dans l&#8217;ABS et \u00e9teignez le voyant d&#8217;avertissement. Il r\u00e9cup\u00e8re les codes ABS pour rendre le freinage plus lisse, coh\u00e9rent et s\u00fbr. Il effectue \u00e9galement des flux de donn\u00e9es en direct dans l&#8217;ABS qui permettent \u00e0 l&#8217;utilisateur de surveiller et de diagnostiquer les syst\u00e8mes ABS critiques pour s&#8217;assurer que les r\u00e9parations de ce syst\u00e8me critique sont efficaces et compl\u00e8tes.<\/p>\n<p><strong>3. Diagnostiquez SRS (syst\u00e8me d&#8217;airbag):<\/strong><br \/>\nR\u00e9cup\u00e9rez, lisez et interpr\u00e9tez rapidement les probl\u00e8mes du syst\u00e8me SRS et surveillez les fonctionnalit\u00e9s du syst\u00e8me SRS pour diagnostiquer et r\u00e9parer rapidement la cause du probl\u00e8me. Une fois r\u00e9par\u00e9, ce scanner automobile permettra d&#8217;effacer le code et de tester le syst\u00e8me SRS, par le PCM, pour s&#8217;assurer que les correctifs sont complets.<\/p>\n<p><strong>4. Diagnostiquez TCM (syst\u00e8me de transmission):<\/strong><br \/>\nLire et effacer les codes et visualiser les donn\u00e9es en direct dans les syst\u00e8mes de transmission, maintient la sortie des syst\u00e8mes de transmission adapt\u00e9e de mani\u00e8re optimale \u00e0 la vitesse et \u00e0 la charge. R\u00e9cup\u00e9rer les informations d&#8217;erreur de la transmission automatique (AT) qui est un type de transmission de v\u00e9hicule \u00e0 moteur qui peut changer automatiquement les rapports de vitesse que le v\u00e9hicule se d\u00e9place, lib\u00e9rant le conducteur d&#8217;avoir \u00e0 changer de vitesse manuellement.<\/p>\n<p><strong>5. Diagnostiquer BCM (syst\u00e8me de contr\u00f4le du corps):<\/strong><br \/>\nLe syst\u00e8me BCM recueille les informations ci-dessus et \u00e9met la sortie de commande correspondante (lumi\u00e8res, fen\u00eatres, essuie-glaces et nettoyage, etc.), d\u00e9tection de d\u00e9faillance de charge.<\/p>\n<p><img decoding=\"async\" src=\"https:\/\/ci.jumia.is\/cms\/external\/pet\/GE070IP1DC98FNAFAMZ\/e3e0478e2804445c702d890048abe88b.jpg\" alt=\"MUCAR CS5 Scanner OBD2 pour voiture ECM TCM ABS SRS BCM Outils de diagnostic automobile Testeur de batterie Outil automobile Mise \u00e0 jour gratuite \u00e0 vie\" data-src=\"https:\/\/ci.jumia.is\/cms\/external\/pet\/GE070IP1DC98FNAFAMZ\/e3e0478e2804445c702d890048abe88b.jpg\" \/><\/p>\n<p><strong>Prend en charge 13 langues, 94 marques de voitures<\/strong><\/p>\n<p>Anglais, Fran\u00e7ais, Allemand, Italien, Espagnol, Portugais, Japonais, Russe, Polonais, Hongrois, Arabe, Grecque, Slovaque<\/p>\n<p>Am\u00e9rique:<\/p>\n<p>Ford (Australie), LINCOLN, BUICK, Chrysler, GM, FORD, CHRYSTER, CADILLAC, CHEVROLET, DODGE, FIAT (Br\u00e9sil), GM (Br\u00e9sil), Jeep, SGM<\/p>\n<p>Europe:<\/p>\n<p>AstonMartin, Benz, Sprinter, BMW, Ferrari, Fiat, LandRover, Maserati, Opel, Peugeot, Porsche, Lancia, LT3, Maybach, Mini, Seat, Skoda, Vauxhall, Volkswagen CV, renault, Saab, Smart, Volvo, Volkswagen, Abarth, Alfa, Audi, Bentley, Bugatti, Citroen, Dacia, Jaguar, Lambor Ghini, ALFA ROMEO, BENTLEY, BUGATTI, DR, DACIA, EUROFORD, GAZ, IVECO, IZH, JAGUAR, MERCEDES, MAYBACH, OPEL, OPEL (AFRIQUE DU SUD), PAZ, RENAULT, ROVER, ROLLS-ROYCE, SPRITER, UAZ, VAZ, VAUXHALL, ZAZ<\/p>\n<p>Asie:<\/p>\n<p>Acura, Daewoo, Daihatsu, Honda, Hyundai, Infiniti, Isuzu, Kia, Lexus, Maruti Suzuki, Mazda, Mitsubishi, Nissan, SsangYong, Subaru, Suzuki, Toyota, GTR, Scion, IKCO, LUXGEN, MAHINDRA (INDE), MARUTI (INDE), MAHINDRA (INDE), MARUTI, MVM, NISSANGTR, PERODUA (MALAISIE), PROTON (MALAISIE), PERODUA, PROTON (MALAISIE), RENAULT SAMSUNG, SAIPA, TATA (INDE), TATA, TLISUZU, PAKISTAN UNIE<\/p>\n<p>&lt;img src=&quot;data:;base64,&#8221; alt=&#8221;MUCAR CS5 Scanner OBD2 pour voiture ECM TCM ABS SRS BCM Outils de diagnostic automobile Testeur de batterie Outil automobile Mise \u00e0 jour gratuite \u00e0 vie&#8221; data-src=&#8221;https:\/\/ci.jumia.is\/cms\/external\/pet\/GE070IP1DC98FNAFAMZ\/91efb4f14602d72b72d76f5466103ebd.jpg&#8221; data-lazy-error=&#8221;true&#8221; \/&gt;<\/p>\n<p><strong>Prend en charge les fonctions OBD2 compl\u00e8tes gratuitement \u00e0 vie<\/strong><\/p>\n<p><strong>Lire les codes:<\/strong>Sait ce que et o\u00f9 le probl\u00e8me est selon le DTC et sa d\u00e9finition.<br \/>\n<strong>Codes clairs:<\/strong>Effacer\/Efface les DTC et \u00e9teint les voyants d&#8217;avertissement apr\u00e8s la lecture du code et certaines r\u00e9parations.<br \/>\n<strong>Donn\u00e9es en direct:<\/strong>Afficher les informations du flux de donn\u00e9es continu du v\u00e9hicule dans l&#8217;affichage graphique en direct.<br \/>\nContr\u00f4le du smog: Vous pouvez v\u00e9rifier si les diff\u00e9rentes pi\u00e8ces ou syst\u00e8mes li\u00e9s aux \u00e9missions du v\u00e9hicule fonctionnent correctement et vous assurer que les moniteurs sont pr\u00eats pour un test de smog.<br \/>\n<strong>Cadre de gel:<\/strong>Demander des informations sur le gel frame.<br \/>\n<strong>Test du capteur O2:<\/strong>Afficher les derniers r\u00e9sultats du test du capteur O2 dans l&#8217;affichage graphique pour le d\u00e9pannage.<br \/>\n<strong>Test Evap:<\/strong>Syst\u00e8me de r\u00e9servoir de carburant (test de cartouche de carbone), le mode de contr\u00f4le sp\u00e9cial demande le contr\u00f4le du test EVAP.<br \/>\n<strong>Test du moniteur embarqu\u00e9:<\/strong>Lisez les r\u00e9sultats des tests de surveillance diagnostique embarqu\u00e9s pour des composants\/syst\u00e8mes sp\u00e9cifiques.<br \/>\n<strong>Code DTC:<\/strong>Biblioth\u00e8que de recherche DTC int\u00e9gr\u00e9e avec analyse de cause<br \/>\n<strong>Informations sur le v\u00e9hicule:<\/strong>Afficher les informations telles que VIN (num\u00e9ro d&#8217;identification du v\u00e9hicule), CID (ID d&#8217;\u00e9talonnage) et CVN (num\u00e9ro de v\u00e9rification d&#8217;\u00e9talonnage), etc.<\/p>\n<p><img decoding=\"async\" src=\"https:\/\/ci.jumia.is\/cms\/external\/pet\/GE070IP1DC98FNAFAMZ\/0767969b0554e6326ceaae034034d438.jpg\" alt=\"MUCAR CS5 Scanner OBD2 pour voiture ECM TCM ABS SRS BCM Outils de diagnostic automobile Testeur de batterie Outil automobile Mise \u00e0 jour gratuite \u00e0 vie\" data-src=\"https:\/\/ci.jumia.is\/cms\/external\/pet\/GE070IP1DC98FNAFAMZ\/0767969b0554e6326ceaae034034d438.jpg\" \/><\/p>\n<p><strong>Autres m\u00eames caract\u00e9ristiques<\/strong><\/p>\n<p>Plug and Play<br \/>\nVIN auto<br \/>\nLire le flux de donn\u00e9es en direct<br \/>\nMise \u00e0 jour Wifi One-cick<br \/>\nImprimer le rapport de diagnostic des v\u00e9hicules<\/p>\n<p><img decoding=\"async\" src=\"https:\/\/ci.jumia.is\/cms\/external\/pet\/GE070IP1DC98FNAFAMZ\/02e61941ce89243413a85688abf08095.jpg\" alt=\"MUCAR CS5 Scanner OBD2 pour voiture ECM TCM ABS SRS BCM Outils de diagnostic automobile Testeur de batterie Outil automobile Mise \u00e0 jour gratuite \u00e0 vie\" data-src=\"https:\/\/ci.jumia.is\/cms\/external\/pet\/GE070IP1DC98FNAFAMZ\/02e61941ce89243413a85688abf08095.jpg\" \/><\/p>\n<p><strong><img decoding=\"async\" src=\"https:\/\/ci.jumia.is\/cms\/external\/pet\/GE070IP1DC98FNAFAMZ\/198fc9276f5124ba22d540760e19506e.jpg\" alt=\"MUCAR CS5 Scanner OBD2 pour voiture ECM TCM ABS SRS BCM Outils de diagnostic automobile Testeur de batterie Outil automobile Mise \u00e0 jour gratuite \u00e0 vie\" data-src=\"https:\/\/ci.jumia.is\/cms\/external\/pet\/GE070IP1DC98FNAFAMZ\/198fc9276f5124ba22d540760e19506e.jpg\" \/><\/strong><\/p>\n<p><strong><img decoding=\"async\" src=\"https:\/\/ci.jumia.is\/cms\/external\/pet\/GE070IP1DC98FNAFAMZ\/dea8912a5fb40a131c10e5c9a26842d6.jpg\" alt=\"MUCAR CS5 Scanner OBD2 pour voiture ECM TCM ABS SRS BCM Outils de diagnostic automobile Testeur de batterie Outil automobile Mise \u00e0 jour gratuite \u00e0 vie\" data-src=\"https:\/\/ci.jumia.is\/cms\/external\/pet\/GE070IP1DC98FNAFAMZ\/dea8912a5fb40a131c10e5c9a26842d6.jpg\" \/><\/strong><\/p>\n<p>&nbsp;<\/p>\n","protected":false},"excerpt":{"rendered":"<p>Outil de diagnostic MUCAR CS5 OBD2 ECM TCM ABS SRS BCM Outils de voiture Scanner Test de batterie Outil automobile [&hellip;]<\/p>\n","protected":false},"featured_media":14663,"comment_status":"open","ping_status":"closed","template":"","meta":{"_uag_custom_page_level_css":"","site-sidebar-layout":"default","site-content-layout":"","ast-site-content-layout":"default","site-content-style":"default","site-sidebar-style":"default","ast-global-header-display":"","ast-banner-title-visibility":"","ast-main-header-display":"","ast-hfb-above-header-display":"","ast-hfb-below-header-display":"","ast-hfb-mobile-header-display":"","site-post-title":"","ast-breadcrumbs-content":"","ast-featured-img":"","footer-sml-layout":"","ast-disable-related-posts":"","theme-transparent-header-meta":"default","adv-header-id-meta":"","stick-header-meta":"","header-above-stick-meta":"","header-main-stick-meta":"","header-below-stick-meta":"","astra-migrate-meta-layouts":"set","ast-page-background-enabled":"default","ast-page-background-meta":{"desktop":{"background-color":"var(--ast-global-color-4)","background-image":"","background-repeat":"repeat","background-position":"center center","background-size":"auto","background-attachment":"scroll","background-type":"","background-media":"","overlay-type":"","overlay-color":"","overlay-opacity":"","overlay-gradient":""},"tablet":{"background-color":"","background-image":"","background-repeat":"repeat","background-position":"center center","background-size":"auto","background-attachment":"scroll","background-type":"","background-media":"","overlay-type":"","overlay-color":"","overlay-opacity":"","overlay-gradient":""},"mobile":{"background-color":"","background-image":"","background-repeat":"repeat","background-position":"center center","background-size":"auto","background-attachment":"scroll","background-type":"","background-media":"","overlay-type":"","overlay-color":"","overlay-opacity":"","overlay-gradient":""}},"ast-content-background-meta":{"desktop":{"background-color":"var(--ast-global-color-5)","background-image":"","background-repeat":"repeat","background-position":"center center","background-size":"auto","background-attachment":"scroll","background-type":"","background-media":"","overlay-type":"","overlay-color":"","overlay-opacity":"","overlay-gradient":""},"tablet":{"background-color":"var(--ast-global-color-5)","background-image":"","background-repeat":"repeat","background-position":"center center","background-size":"auto","background-attachment":"scroll","background-type":"","background-media":"","overlay-type":"","overlay-color":"","overlay-opacity":"","overlay-gradient":""},"mobile":{"background-color":"var(--ast-global-color-5)","background-image":"","background-repeat":"repeat","background-position":"center center","background-size":"auto","background-attachment":"scroll","background-type":"","background-media":"","overlay-type":"","overlay-color":"","overlay-opacity":"","overlay-gradient":""}}},"product_brand":[],"product_cat":[626,1193,668,669],"product_tag":[],"class_list":{"0":"post-14657","1":"product","2":"type-product","3":"status-publish","4":"has-post-thumbnail","6":"product_cat-bricolage-renovation-maison-bureau","7":"product_cat-protecteurs","8":"product_cat-securite-protection","9":"product_cat-securite-protection-bricolage-renovation-maison-bureau","10":"desktop-align-left","11":"tablet-align-left","12":"mobile-align-left","14":"first","15":"instock","16":"sale","17":"shipping-taxable","18":"purchasable","19":"product-type-simple"},"yoast_head":"<!-- This site is optimized with the Yoast SEO plugin v26.8 - https:\/\/yoast.com\/product\/yoast-seo-wordpress\/ -->\n<title>Outil de diagnostic MUCAR CS5 OBD2 ECM TCM ABS SRS BCM Outils de voiture - Ekco Boutique<\/title>\n<meta name=\"robots\" content=\"index, follow, max-snippet:-1, max-image-preview:large, max-video-preview:-1\" \/>\n<link rel=\"canonical\" href=\"https:\/\/ekco-ci.com\/ecommerce\/produit\/outil-de-diagnostic-mucar-cs5-obd2-ecm-tcm-abs-srs-bcm-outils-de-voiture\/\" \/>\n<meta property=\"og:locale\" content=\"fr_FR\" \/>\n<meta property=\"og:type\" content=\"article\" \/>\n<meta property=\"og:title\" content=\"Outil de diagnostic MUCAR CS5 OBD2 ECM TCM ABS SRS BCM Outils de voiture - Ekco Boutique\" \/>\n<meta property=\"og:description\" content=\"Outil de diagnostic MUCAR CS5 OBD2 ECM TCM ABS SRS BCM Outils de voiture Scanner Test de batterie Outil automobile [&hellip;]\" \/>\n<meta property=\"og:url\" content=\"https:\/\/ekco-ci.com\/ecommerce\/produit\/outil-de-diagnostic-mucar-cs5-obd2-ecm-tcm-abs-srs-bcm-outils-de-voiture\/\" \/>\n<meta property=\"og:site_name\" content=\"Ekco Boutique\" \/>\n<meta property=\"article:modified_time\" content=\"2026-04-09T09:40:22+00:00\" \/>\n<meta property=\"og:image\" content=\"https:\/\/ekco-ci.com\/ecommerce\/wp-content\/uploads\/2026\/04\/1-2026-04-09T091333.397.jpg\" \/>\n\t<meta property=\"og:image:width\" content=\"680\" \/>\n\t<meta property=\"og:image:height\" content=\"680\" \/>\n\t<meta property=\"og:image:type\" content=\"image\/jpeg\" \/>\n<meta name=\"twitter:card\" content=\"summary_large_image\" \/>\n<meta name=\"twitter:label1\" content=\"Dur\u00e9e de lecture estim\u00e9e\" \/>\n\t<meta name=\"twitter:data1\" content=\"6 minutes\" \/>\n<script type=\"application\/ld+json\" class=\"yoast-schema-graph\">{\"@context\":\"https:\/\/schema.org\",\"@graph\":[{\"@type\":\"WebPage\",\"@id\":\"https:\/\/ekco-ci.com\/ecommerce\/produit\/outil-de-diagnostic-mucar-cs5-obd2-ecm-tcm-abs-srs-bcm-outils-de-voiture\/\",\"url\":\"https:\/\/ekco-ci.com\/ecommerce\/produit\/outil-de-diagnostic-mucar-cs5-obd2-ecm-tcm-abs-srs-bcm-outils-de-voiture\/\",\"name\":\"Outil de diagnostic MUCAR CS5 OBD2 ECM TCM ABS SRS BCM Outils de voiture - Ekco Boutique\",\"isPartOf\":{\"@id\":\"https:\/\/ekco-ci.com\/ecommerce\/#website\"},\"primaryImageOfPage\":{\"@id\":\"https:\/\/ekco-ci.com\/ecommerce\/produit\/outil-de-diagnostic-mucar-cs5-obd2-ecm-tcm-abs-srs-bcm-outils-de-voiture\/#primaryimage\"},\"image\":{\"@id\":\"https:\/\/ekco-ci.com\/ecommerce\/produit\/outil-de-diagnostic-mucar-cs5-obd2-ecm-tcm-abs-srs-bcm-outils-de-voiture\/#primaryimage\"},\"thumbnailUrl\":\"https:\/\/ekco-ci.com\/ecommerce\/wp-content\/uploads\/2026\/04\/1-2026-04-09T091333.397.jpg\",\"datePublished\":\"2026-04-09T09:40:20+00:00\",\"dateModified\":\"2026-04-09T09:40:22+00:00\",\"breadcrumb\":{\"@id\":\"https:\/\/ekco-ci.com\/ecommerce\/produit\/outil-de-diagnostic-mucar-cs5-obd2-ecm-tcm-abs-srs-bcm-outils-de-voiture\/#breadcrumb\"},\"inLanguage\":\"fr-FR\",\"potentialAction\":[{\"@type\":\"ReadAction\",\"target\":[\"https:\/\/ekco-ci.com\/ecommerce\/produit\/outil-de-diagnostic-mucar-cs5-obd2-ecm-tcm-abs-srs-bcm-outils-de-voiture\/\"]}]},{\"@type\":\"ImageObject\",\"inLanguage\":\"fr-FR\",\"@id\":\"https:\/\/ekco-ci.com\/ecommerce\/produit\/outil-de-diagnostic-mucar-cs5-obd2-ecm-tcm-abs-srs-bcm-outils-de-voiture\/#primaryimage\",\"url\":\"https:\/\/ekco-ci.com\/ecommerce\/wp-content\/uploads\/2026\/04\/1-2026-04-09T091333.397.jpg\",\"contentUrl\":\"https:\/\/ekco-ci.com\/ecommerce\/wp-content\/uploads\/2026\/04\/1-2026-04-09T091333.397.jpg\",\"width\":680,\"height\":680},{\"@type\":\"BreadcrumbList\",\"@id\":\"https:\/\/ekco-ci.com\/ecommerce\/produit\/outil-de-diagnostic-mucar-cs5-obd2-ecm-tcm-abs-srs-bcm-outils-de-voiture\/#breadcrumb\",\"itemListElement\":[{\"@type\":\"ListItem\",\"position\":1,\"name\":\"Home\",\"item\":\"https:\/\/ekco-ci.com\/ecommerce\/\"},{\"@type\":\"ListItem\",\"position\":2,\"name\":\"Boutique\",\"item\":\"https:\/\/ekco-ci.com\/ecommerce\/boutique\/\"},{\"@type\":\"ListItem\",\"position\":3,\"name\":\"Outil de diagnostic MUCAR CS5 OBD2 ECM TCM ABS SRS BCM Outils de voiture\"}]},{\"@type\":\"WebSite\",\"@id\":\"https:\/\/ekco-ci.com\/ecommerce\/#website\",\"url\":\"https:\/\/ekco-ci.com\/ecommerce\/\",\"name\":\"Ekco Boutique\",\"description\":\"Ekco Boutique! La qualit\u00e9 au c\u0153ur de chaque achat\",\"publisher\":{\"@id\":\"https:\/\/ekco-ci.com\/ecommerce\/#organization\"},\"alternateName\":\"Boutique\",\"potentialAction\":[{\"@type\":\"SearchAction\",\"target\":{\"@type\":\"EntryPoint\",\"urlTemplate\":\"https:\/\/ekco-ci.com\/ecommerce\/?s={search_term_string}\"},\"query-input\":{\"@type\":\"PropertyValueSpecification\",\"valueRequired\":true,\"valueName\":\"search_term_string\"}}],\"inLanguage\":\"fr-FR\"},{\"@type\":\"Organization\",\"@id\":\"https:\/\/ekco-ci.com\/ecommerce\/#organization\",\"name\":\"Ekco Boutique\",\"url\":\"https:\/\/ekco-ci.com\/ecommerce\/\",\"logo\":{\"@type\":\"ImageObject\",\"inLanguage\":\"fr-FR\",\"@id\":\"https:\/\/ekco-ci.com\/ecommerce\/#\/schema\/logo\/image\/\",\"url\":\"https:\/\/ekco-ci.com\/ecommerce\/wp-content\/uploads\/2024\/08\/cropped-lologo.png\",\"contentUrl\":\"https:\/\/ekco-ci.com\/ecommerce\/wp-content\/uploads\/2024\/08\/cropped-lologo.png\",\"width\":512,\"height\":512,\"caption\":\"Ekco Boutique\"},\"image\":{\"@id\":\"https:\/\/ekco-ci.com\/ecommerce\/#\/schema\/logo\/image\/\"}}]}<\/script>\n<!-- \/ Yoast SEO plugin. -->","yoast_head_json":{"title":"Outil de diagnostic MUCAR CS5 OBD2 ECM TCM ABS SRS BCM Outils de voiture - Ekco Boutique","robots":{"index":"index","follow":"follow","max-snippet":"max-snippet:-1","max-image-preview":"max-image-preview:large","max-video-preview":"max-video-preview:-1"},"canonical":"https:\/\/ekco-ci.com\/ecommerce\/produit\/outil-de-diagnostic-mucar-cs5-obd2-ecm-tcm-abs-srs-bcm-outils-de-voiture\/","og_locale":"fr_FR","og_type":"article","og_title":"Outil de diagnostic MUCAR CS5 OBD2 ECM TCM ABS SRS BCM Outils de voiture - Ekco Boutique","og_description":"Outil de diagnostic MUCAR CS5 OBD2 ECM TCM ABS SRS BCM Outils de voiture Scanner Test de batterie Outil automobile [&hellip;]","og_url":"https:\/\/ekco-ci.com\/ecommerce\/produit\/outil-de-diagnostic-mucar-cs5-obd2-ecm-tcm-abs-srs-bcm-outils-de-voiture\/","og_site_name":"Ekco Boutique","article_modified_time":"2026-04-09T09:40:22+00:00","og_image":[{"width":680,"height":680,"url":"https:\/\/ekco-ci.com\/ecommerce\/wp-content\/uploads\/2026\/04\/1-2026-04-09T091333.397.jpg","type":"image\/jpeg"}],"twitter_card":"summary_large_image","twitter_misc":{"Dur\u00e9e de lecture estim\u00e9e":"6 minutes"},"schema":{"@context":"https:\/\/schema.org","@graph":[{"@type":"WebPage","@id":"https:\/\/ekco-ci.com\/ecommerce\/produit\/outil-de-diagnostic-mucar-cs5-obd2-ecm-tcm-abs-srs-bcm-outils-de-voiture\/","url":"https:\/\/ekco-ci.com\/ecommerce\/produit\/outil-de-diagnostic-mucar-cs5-obd2-ecm-tcm-abs-srs-bcm-outils-de-voiture\/","name":"Outil de diagnostic MUCAR CS5 OBD2 ECM TCM ABS SRS BCM Outils de voiture - Ekco Boutique","isPartOf":{"@id":"https:\/\/ekco-ci.com\/ecommerce\/#website"},"primaryImageOfPage":{"@id":"https:\/\/ekco-ci.com\/ecommerce\/produit\/outil-de-diagnostic-mucar-cs5-obd2-ecm-tcm-abs-srs-bcm-outils-de-voiture\/#primaryimage"},"image":{"@id":"https:\/\/ekco-ci.com\/ecommerce\/produit\/outil-de-diagnostic-mucar-cs5-obd2-ecm-tcm-abs-srs-bcm-outils-de-voiture\/#primaryimage"},"thumbnailUrl":"https:\/\/ekco-ci.com\/ecommerce\/wp-content\/uploads\/2026\/04\/1-2026-04-09T091333.397.jpg","datePublished":"2026-04-09T09:40:20+00:00","dateModified":"2026-04-09T09:40:22+00:00","breadcrumb":{"@id":"https:\/\/ekco-ci.com\/ecommerce\/produit\/outil-de-diagnostic-mucar-cs5-obd2-ecm-tcm-abs-srs-bcm-outils-de-voiture\/#breadcrumb"},"inLanguage":"fr-FR","potentialAction":[{"@type":"ReadAction","target":["https:\/\/ekco-ci.com\/ecommerce\/produit\/outil-de-diagnostic-mucar-cs5-obd2-ecm-tcm-abs-srs-bcm-outils-de-voiture\/"]}]},{"@type":"ImageObject","inLanguage":"fr-FR","@id":"https:\/\/ekco-ci.com\/ecommerce\/produit\/outil-de-diagnostic-mucar-cs5-obd2-ecm-tcm-abs-srs-bcm-outils-de-voiture\/#primaryimage","url":"https:\/\/ekco-ci.com\/ecommerce\/wp-content\/uploads\/2026\/04\/1-2026-04-09T091333.397.jpg","contentUrl":"https:\/\/ekco-ci.com\/ecommerce\/wp-content\/uploads\/2026\/04\/1-2026-04-09T091333.397.jpg","width":680,"height":680},{"@type":"BreadcrumbList","@id":"https:\/\/ekco-ci.com\/ecommerce\/produit\/outil-de-diagnostic-mucar-cs5-obd2-ecm-tcm-abs-srs-bcm-outils-de-voiture\/#breadcrumb","itemListElement":[{"@type":"ListItem","position":1,"name":"Home","item":"https:\/\/ekco-ci.com\/ecommerce\/"},{"@type":"ListItem","position":2,"name":"Boutique","item":"https:\/\/ekco-ci.com\/ecommerce\/boutique\/"},{"@type":"ListItem","position":3,"name":"Outil de diagnostic MUCAR CS5 OBD2 ECM TCM ABS SRS BCM Outils de voiture"}]},{"@type":"WebSite","@id":"https:\/\/ekco-ci.com\/ecommerce\/#website","url":"https:\/\/ekco-ci.com\/ecommerce\/","name":"Ekco Boutique","description":"Ekco Boutique! La qualit\u00e9 au c\u0153ur de chaque achat","publisher":{"@id":"https:\/\/ekco-ci.com\/ecommerce\/#organization"},"alternateName":"Boutique","potentialAction":[{"@type":"SearchAction","target":{"@type":"EntryPoint","urlTemplate":"https:\/\/ekco-ci.com\/ecommerce\/?s={search_term_string}"},"query-input":{"@type":"PropertyValueSpecification","valueRequired":true,"valueName":"search_term_string"}}],"inLanguage":"fr-FR"},{"@type":"Organization","@id":"https:\/\/ekco-ci.com\/ecommerce\/#organization","name":"Ekco Boutique","url":"https:\/\/ekco-ci.com\/ecommerce\/","logo":{"@type":"ImageObject","inLanguage":"fr-FR","@id":"https:\/\/ekco-ci.com\/ecommerce\/#\/schema\/logo\/image\/","url":"https:\/\/ekco-ci.com\/ecommerce\/wp-content\/uploads\/2024\/08\/cropped-lologo.png","contentUrl":"https:\/\/ekco-ci.com\/ecommerce\/wp-content\/uploads\/2024\/08\/cropped-lologo.png","width":512,"height":512,"caption":"Ekco Boutique"},"image":{"@id":"https:\/\/ekco-ci.com\/ecommerce\/#\/schema\/logo\/image\/"}}]}},"uagb_featured_image_src":{"full":["https:\/\/ekco-ci.com\/ecommerce\/wp-content\/uploads\/2026\/04\/1-2026-04-09T091333.397.jpg",680,680,false],"thumbnail":["https:\/\/ekco-ci.com\/ecommerce\/wp-content\/uploads\/2026\/04\/1-2026-04-09T091333.397-150x150.jpg",150,150,true],"medium":["https:\/\/ekco-ci.com\/ecommerce\/wp-content\/uploads\/2026\/04\/1-2026-04-09T091333.397-300x300.jpg",300,300,true],"medium_large":["https:\/\/ekco-ci.com\/ecommerce\/wp-content\/uploads\/2026\/04\/1-2026-04-09T091333.397.jpg",680,680,false],"large":["https:\/\/ekco-ci.com\/ecommerce\/wp-content\/uploads\/2026\/04\/1-2026-04-09T091333.397.jpg",680,680,false],"1536x1536":["https:\/\/ekco-ci.com\/ecommerce\/wp-content\/uploads\/2026\/04\/1-2026-04-09T091333.397.jpg",680,680,false],"2048x2048":["https:\/\/ekco-ci.com\/ecommerce\/wp-content\/uploads\/2026\/04\/1-2026-04-09T091333.397.jpg",680,680,false],"cfw_cart_thumb":["https:\/\/ekco-ci.com\/ecommerce\/wp-content\/uploads\/2026\/04\/1-2026-04-09T091333.397-60x60.jpg",60,60,true],"cfw_order_bump_thumb":["https:\/\/ekco-ci.com\/ecommerce\/wp-content\/uploads\/2026\/04\/1-2026-04-09T091333.397-320x320.jpg",320,320,true],"woocommerce_thumbnail":["https:\/\/ekco-ci.com\/ecommerce\/wp-content\/uploads\/2026\/04\/1-2026-04-09T091333.397-300x225.jpg",300,225,true],"woocommerce_single":["https:\/\/ekco-ci.com\/ecommerce\/wp-content\/uploads\/2026\/04\/1-2026-04-09T091333.397-600x600.jpg",600,600,true],"woocommerce_gallery_thumbnail":["https:\/\/ekco-ci.com\/ecommerce\/wp-content\/uploads\/2026\/04\/1-2026-04-09T091333.397-100x100.jpg",100,100,true]},"uagb_author_info":{"display_name":"Charlemagne Koula","author_link":"https:\/\/ekco-ci.com\/ecommerce\/author\/"},"uagb_comment_info":0,"uagb_excerpt":"Outil de diagnostic MUCAR CS5 OBD2 ECM TCM ABS SRS BCM Outils de voiture Scanner Test de batterie Outil automobile [&hellip;]","_links":{"self":[{"href":"https:\/\/ekco-ci.com\/ecommerce\/wp-json\/wp\/v2\/product\/14657","targetHints":{"allow":["GET"]}}],"collection":[{"href":"https:\/\/ekco-ci.com\/ecommerce\/wp-json\/wp\/v2\/product"}],"about":[{"href":"https:\/\/ekco-ci.com\/ecommerce\/wp-json\/wp\/v2\/types\/product"}],"replies":[{"embeddable":true,"href":"https:\/\/ekco-ci.com\/ecommerce\/wp-json\/wp\/v2\/comments?post=14657"}],"wp:featuredmedia":[{"embeddable":true,"href":"https:\/\/ekco-ci.com\/ecommerce\/wp-json\/wp\/v2\/media\/14663"}],"wp:attachment":[{"href":"https:\/\/ekco-ci.com\/ecommerce\/wp-json\/wp\/v2\/media?parent=14657"}],"wp:term":[{"taxonomy":"product_brand","embeddable":true,"href":"https:\/\/ekco-ci.com\/ecommerce\/wp-json\/wp\/v2\/product_brand?post=14657"},{"taxonomy":"product_cat","embeddable":true,"href":"https:\/\/ekco-ci.com\/ecommerce\/wp-json\/wp\/v2\/product_cat?post=14657"},{"taxonomy":"product_tag","embeddable":true,"href":"https:\/\/ekco-ci.com\/ecommerce\/wp-json\/wp\/v2\/product_tag?post=14657"}],"curies":[{"name":"wp","href":"https:\/\/api.w.org\/{rel}","templated":true}]}}