{"id":14581,"date":"2026-04-03T11:18:10","date_gmt":"2026-04-03T11:18:10","guid":{"rendered":"https:\/\/ekco-ci.com\/ecommerce\/?post_type=product&#038;p=14581"},"modified":"2026-04-03T11:18:11","modified_gmt":"2026-04-03T11:18:11","slug":"biolane-lingettes-visage-et-mains-x64","status":"publish","type":"product","link":"https:\/\/ekco-ci.com\/ecommerce\/produit\/biolane-lingettes-visage-et-mains-x64\/","title":{"rendered":"Biolane Lingettes Visage Et Mains X64"},"content":{"rendered":"<p><strong><img fetchpriority=\"high\" decoding=\"async\" src=\"https:\/\/biolane.fr\/cdn\/shop\/files\/BLVM64_LINGETTES_VISAGE_ET_MAINS.jpg?v=1745327465&amp;width=1445\" alt=\"Lingettes visage et mains\" width=\"587\" height=\"587\" data-src=\"https:\/\/biolane.fr\/cdn\/shop\/files\/BLVM64_LINGETTES_VISAGE_ET_MAINS.jpg?v=1745327465&amp;width=1445\" \/><\/strong><\/p>\n<p>&nbsp;<\/p>\n<p><strong>DESCRIPTION\u00a0<\/strong><\/p>\n<p>Les lingettes visage et mains Biolane nettoient, rafra\u00eechissent et prot\u00e8gent en un seul geste le visage et les mains de votre b\u00e9b\u00e9, pour une peau douce, souple et parfaitement prot\u00e9g\u00e9e.<\/p>\n<p>Elle prot\u00e8ge la peau sensible de votre b\u00e9b\u00e9<br \/>\nDes lingettes \u00e0 97% d&#8217;ingr\u00e9dients d&#8217;origine naturelle, formul\u00e9es \u00e0 pH physiologique pour pr\u00e9server l&#8217;\u00e9quilibre cutan\u00e9 de votre b\u00e9b\u00e9 et apporter une hydratation durable.<br \/>\nUne formule test\u00e9e cliniquement sous contr\u00f4le m\u00e9dical pour la plus grande s\u00e9curit\u00e9 des b\u00e9b\u00e9s.<\/p>\n<p>&nbsp;<\/p>\n<p><img decoding=\"async\" src=\"https:\/\/biolane.fr\/cdn\/shop\/files\/Lingettesvisageetmainslifestyle.jpg?v=1713295594&amp;width=1445\" alt=\"\" width=\"665\" height=\"665\" data-src=\"https:\/\/biolane.fr\/cdn\/shop\/files\/Lingettesvisageetmainslifestyle.jpg?v=1713295594&amp;width=1445\" \/><\/p>\n<p><strong>CONSEILS D&#8217;UTILISATION<\/strong><\/p>\n<p>S&#8217;utilisent \u00e0 tout moment de la journ\u00e9e sur le visage et les mains.<br \/>\nNe n\u00e9cessitent pas de rin\u00e7age.<br \/>\nPour une premi\u00e8re utilisation, retirer l\u2019opercule, puis bien refermer le capot plastique pour garantir une bonne conservation du produit.<\/p>\n<p>A conserver \u00e0 une temp\u00e9rature comprise entre 15 et 25\u00b0C.<br \/>\nNe pas laisser \u00e0 la port\u00e9e des enfants. Usage externe uniquement.<\/p>\n<p>&nbsp;<\/p>\n<p><img decoding=\"async\" src=\"https:\/\/biolane.fr\/cdn\/shop\/files\/Lingettesvisageetmainsgouter_75836670-b465-40a7-bb6c-153aeb3563cb.jpg?v=1713295218&amp;width=1445\" alt=\"\" width=\"563\" height=\"563\" data-src=\"https:\/\/biolane.fr\/cdn\/shop\/files\/Lingettesvisageetmainsgouter_75836670-b465-40a7-bb6c-153aeb3563cb.jpg?v=1713295218&amp;width=1445\" \/><\/p>\n<p><strong>COMPOSITION\u00a0<\/strong><\/p>\n<p>AQUA (WATER), PARFUM (FRAGRANCE), METHYLPROPANEDIOL, TETRASODIUM GLUTAMATE DIACETATE, SODIUM BENZOATE, CITRIC ACID, CETRIMONIUM CHLORIDE, CHLORHEXIDINE DIGLUCONATE, SODIUM HYDROXIDE<\/p>\n","protected":false},"excerpt":{"rendered":"<p>&nbsp; DESCRIPTION\u00a0 Les lingettes visage et mains Biolane nettoient, rafra\u00eechissent et prot\u00e8gent en un seul geste le visage et les [&hellip;]<\/p>\n","protected":false},"featured_media":14582,"comment_status":"open","ping_status":"closed","template":"","meta":{"_uag_custom_page_level_css":"","site-sidebar-layout":"default","site-content-layout":"","ast-site-content-layout":"default","site-content-style":"default","site-sidebar-style":"default","ast-global-header-display":"","ast-banner-title-visibility":"","ast-main-header-display":"","ast-hfb-above-header-display":"","ast-hfb-below-header-display":"","ast-hfb-mobile-header-display":"","site-post-title":"","ast-breadcrumbs-content":"","ast-featured-img":"","footer-sml-layout":"","ast-disable-related-posts":"","theme-transparent-header-meta":"default","adv-header-id-meta":"","stick-header-meta":"","header-above-stick-meta":"","header-main-stick-meta":"","header-below-stick-meta":"","astra-migrate-meta-layouts":"set","ast-page-background-enabled":"default","ast-page-background-meta":{"desktop":{"background-color":"var(--ast-global-color-4)","background-image":"","background-repeat":"repeat","background-position":"center center","background-size":"auto","background-attachment":"scroll","background-type":"","background-media":"","overlay-type":"","overlay-color":"","overlay-opacity":"","overlay-gradient":""},"tablet":{"background-color":"","background-image":"","background-repeat":"repeat","background-position":"center center","background-size":"auto","background-attachment":"scroll","background-type":"","background-media":"","overlay-type":"","overlay-color":"","overlay-opacity":"","overlay-gradient":""},"mobile":{"background-color":"","background-image":"","background-repeat":"repeat","background-position":"center center","background-size":"auto","background-attachment":"scroll","background-type":"","background-media":"","overlay-type":"","overlay-color":"","overlay-opacity":"","overlay-gradient":""}},"ast-content-background-meta":{"desktop":{"background-color":"var(--ast-global-color-5)","background-image":"","background-repeat":"repeat","background-position":"center center","background-size":"auto","background-attachment":"scroll","background-type":"","background-media":"","overlay-type":"","overlay-color":"","overlay-opacity":"","overlay-gradient":""},"tablet":{"background-color":"var(--ast-global-color-5)","background-image":"","background-repeat":"repeat","background-position":"center center","background-size":"auto","background-attachment":"scroll","background-type":"","background-media":"","overlay-type":"","overlay-color":"","overlay-opacity":"","overlay-gradient":""},"mobile":{"background-color":"var(--ast-global-color-5)","background-image":"","background-repeat":"repeat","background-position":"center center","background-size":"auto","background-attachment":"scroll","background-type":"","background-media":"","overlay-type":"","overlay-color":"","overlay-opacity":"","overlay-gradient":""}}},"product_brand":[],"product_cat":[836,854,518],"product_tag":[],"class_list":{"0":"post-14581","1":"product","2":"type-product","3":"status-publish","4":"has-post-thumbnail","6":"product_cat-couches-bebe","7":"product_cat-lingettes-et-accessoires","8":"product_cat-produits-pour-bebe","9":"desktop-align-left","10":"tablet-align-left","11":"mobile-align-left","13":"first","14":"instock","15":"sale","16":"shipping-taxable","17":"purchasable","18":"product-type-simple"},"yoast_head":"<!-- This site is optimized with the Yoast SEO plugin v26.8 - https:\/\/yoast.com\/product\/yoast-seo-wordpress\/ -->\n<title>Biolane Lingettes Visage Et Mains X64 - Ekco Boutique<\/title>\n<meta name=\"robots\" content=\"index, follow, max-snippet:-1, max-image-preview:large, max-video-preview:-1\" \/>\n<link rel=\"canonical\" href=\"https:\/\/ekco-ci.com\/ecommerce\/produit\/biolane-lingettes-visage-et-mains-x64\/\" \/>\n<meta property=\"og:locale\" content=\"fr_FR\" \/>\n<meta property=\"og:type\" content=\"article\" \/>\n<meta property=\"og:title\" content=\"Biolane Lingettes Visage Et Mains X64 - Ekco Boutique\" \/>\n<meta property=\"og:description\" content=\"&nbsp; DESCRIPTION\u00a0 Les lingettes visage et mains Biolane nettoient, rafra\u00eechissent et prot\u00e8gent en un seul geste le visage et les [&hellip;]\" \/>\n<meta property=\"og:url\" content=\"https:\/\/ekco-ci.com\/ecommerce\/produit\/biolane-lingettes-visage-et-mains-x64\/\" \/>\n<meta property=\"og:site_name\" content=\"Ekco Boutique\" \/>\n<meta property=\"article:modified_time\" content=\"2026-04-03T11:18:11+00:00\" \/>\n<meta property=\"og:image\" content=\"https:\/\/ekco-ci.com\/ecommerce\/wp-content\/uploads\/2026\/04\/1-2026-04-03T110714.718.jpg\" \/>\n\t<meta property=\"og:image:width\" content=\"680\" \/>\n\t<meta property=\"og:image:height\" content=\"680\" \/>\n\t<meta property=\"og:image:type\" content=\"image\/jpeg\" \/>\n<meta name=\"twitter:card\" content=\"summary_large_image\" \/>\n<meta name=\"twitter:label1\" content=\"Dur\u00e9e de lecture estim\u00e9e\" \/>\n\t<meta name=\"twitter:data1\" content=\"2 minutes\" \/>\n<script type=\"application\/ld+json\" class=\"yoast-schema-graph\">{\"@context\":\"https:\/\/schema.org\",\"@graph\":[{\"@type\":\"WebPage\",\"@id\":\"https:\/\/ekco-ci.com\/ecommerce\/produit\/biolane-lingettes-visage-et-mains-x64\/\",\"url\":\"https:\/\/ekco-ci.com\/ecommerce\/produit\/biolane-lingettes-visage-et-mains-x64\/\",\"name\":\"Biolane Lingettes Visage Et Mains X64 - Ekco Boutique\",\"isPartOf\":{\"@id\":\"https:\/\/ekco-ci.com\/ecommerce\/#website\"},\"primaryImageOfPage\":{\"@id\":\"https:\/\/ekco-ci.com\/ecommerce\/produit\/biolane-lingettes-visage-et-mains-x64\/#primaryimage\"},\"image\":{\"@id\":\"https:\/\/ekco-ci.com\/ecommerce\/produit\/biolane-lingettes-visage-et-mains-x64\/#primaryimage\"},\"thumbnailUrl\":\"https:\/\/ekco-ci.com\/ecommerce\/wp-content\/uploads\/2026\/04\/1-2026-04-03T110714.718.jpg\",\"datePublished\":\"2026-04-03T11:18:10+00:00\",\"dateModified\":\"2026-04-03T11:18:11+00:00\",\"breadcrumb\":{\"@id\":\"https:\/\/ekco-ci.com\/ecommerce\/produit\/biolane-lingettes-visage-et-mains-x64\/#breadcrumb\"},\"inLanguage\":\"fr-FR\",\"potentialAction\":[{\"@type\":\"ReadAction\",\"target\":[\"https:\/\/ekco-ci.com\/ecommerce\/produit\/biolane-lingettes-visage-et-mains-x64\/\"]}]},{\"@type\":\"ImageObject\",\"inLanguage\":\"fr-FR\",\"@id\":\"https:\/\/ekco-ci.com\/ecommerce\/produit\/biolane-lingettes-visage-et-mains-x64\/#primaryimage\",\"url\":\"https:\/\/ekco-ci.com\/ecommerce\/wp-content\/uploads\/2026\/04\/1-2026-04-03T110714.718.jpg\",\"contentUrl\":\"https:\/\/ekco-ci.com\/ecommerce\/wp-content\/uploads\/2026\/04\/1-2026-04-03T110714.718.jpg\",\"width\":680,\"height\":680},{\"@type\":\"BreadcrumbList\",\"@id\":\"https:\/\/ekco-ci.com\/ecommerce\/produit\/biolane-lingettes-visage-et-mains-x64\/#breadcrumb\",\"itemListElement\":[{\"@type\":\"ListItem\",\"position\":1,\"name\":\"Home\",\"item\":\"https:\/\/ekco-ci.com\/ecommerce\/\"},{\"@type\":\"ListItem\",\"position\":2,\"name\":\"Boutique\",\"item\":\"https:\/\/ekco-ci.com\/ecommerce\/boutique\/\"},{\"@type\":\"ListItem\",\"position\":3,\"name\":\"Biolane Lingettes Visage Et Mains X64\"}]},{\"@type\":\"WebSite\",\"@id\":\"https:\/\/ekco-ci.com\/ecommerce\/#website\",\"url\":\"https:\/\/ekco-ci.com\/ecommerce\/\",\"name\":\"Ekco Boutique\",\"description\":\"Ekco Boutique! La qualit\u00e9 au c\u0153ur de chaque achat\",\"publisher\":{\"@id\":\"https:\/\/ekco-ci.com\/ecommerce\/#organization\"},\"alternateName\":\"Boutique\",\"potentialAction\":[{\"@type\":\"SearchAction\",\"target\":{\"@type\":\"EntryPoint\",\"urlTemplate\":\"https:\/\/ekco-ci.com\/ecommerce\/?s={search_term_string}\"},\"query-input\":{\"@type\":\"PropertyValueSpecification\",\"valueRequired\":true,\"valueName\":\"search_term_string\"}}],\"inLanguage\":\"fr-FR\"},{\"@type\":\"Organization\",\"@id\":\"https:\/\/ekco-ci.com\/ecommerce\/#organization\",\"name\":\"Ekco Boutique\",\"url\":\"https:\/\/ekco-ci.com\/ecommerce\/\",\"logo\":{\"@type\":\"ImageObject\",\"inLanguage\":\"fr-FR\",\"@id\":\"https:\/\/ekco-ci.com\/ecommerce\/#\/schema\/logo\/image\/\",\"url\":\"https:\/\/ekco-ci.com\/ecommerce\/wp-content\/uploads\/2024\/08\/cropped-lologo.png\",\"contentUrl\":\"https:\/\/ekco-ci.com\/ecommerce\/wp-content\/uploads\/2024\/08\/cropped-lologo.png\",\"width\":512,\"height\":512,\"caption\":\"Ekco Boutique\"},\"image\":{\"@id\":\"https:\/\/ekco-ci.com\/ecommerce\/#\/schema\/logo\/image\/\"}}]}<\/script>\n<!-- \/ Yoast SEO plugin. -->","yoast_head_json":{"title":"Biolane Lingettes Visage Et Mains X64 - Ekco Boutique","robots":{"index":"index","follow":"follow","max-snippet":"max-snippet:-1","max-image-preview":"max-image-preview:large","max-video-preview":"max-video-preview:-1"},"canonical":"https:\/\/ekco-ci.com\/ecommerce\/produit\/biolane-lingettes-visage-et-mains-x64\/","og_locale":"fr_FR","og_type":"article","og_title":"Biolane Lingettes Visage Et Mains X64 - Ekco Boutique","og_description":"&nbsp; DESCRIPTION\u00a0 Les lingettes visage et mains Biolane nettoient, rafra\u00eechissent et prot\u00e8gent en un seul geste le visage et les [&hellip;]","og_url":"https:\/\/ekco-ci.com\/ecommerce\/produit\/biolane-lingettes-visage-et-mains-x64\/","og_site_name":"Ekco Boutique","article_modified_time":"2026-04-03T11:18:11+00:00","og_image":[{"width":680,"height":680,"url":"https:\/\/ekco-ci.com\/ecommerce\/wp-content\/uploads\/2026\/04\/1-2026-04-03T110714.718.jpg","type":"image\/jpeg"}],"twitter_card":"summary_large_image","twitter_misc":{"Dur\u00e9e de lecture estim\u00e9e":"2 minutes"},"schema":{"@context":"https:\/\/schema.org","@graph":[{"@type":"WebPage","@id":"https:\/\/ekco-ci.com\/ecommerce\/produit\/biolane-lingettes-visage-et-mains-x64\/","url":"https:\/\/ekco-ci.com\/ecommerce\/produit\/biolane-lingettes-visage-et-mains-x64\/","name":"Biolane Lingettes Visage Et Mains X64 - Ekco Boutique","isPartOf":{"@id":"https:\/\/ekco-ci.com\/ecommerce\/#website"},"primaryImageOfPage":{"@id":"https:\/\/ekco-ci.com\/ecommerce\/produit\/biolane-lingettes-visage-et-mains-x64\/#primaryimage"},"image":{"@id":"https:\/\/ekco-ci.com\/ecommerce\/produit\/biolane-lingettes-visage-et-mains-x64\/#primaryimage"},"thumbnailUrl":"https:\/\/ekco-ci.com\/ecommerce\/wp-content\/uploads\/2026\/04\/1-2026-04-03T110714.718.jpg","datePublished":"2026-04-03T11:18:10+00:00","dateModified":"2026-04-03T11:18:11+00:00","breadcrumb":{"@id":"https:\/\/ekco-ci.com\/ecommerce\/produit\/biolane-lingettes-visage-et-mains-x64\/#breadcrumb"},"inLanguage":"fr-FR","potentialAction":[{"@type":"ReadAction","target":["https:\/\/ekco-ci.com\/ecommerce\/produit\/biolane-lingettes-visage-et-mains-x64\/"]}]},{"@type":"ImageObject","inLanguage":"fr-FR","@id":"https:\/\/ekco-ci.com\/ecommerce\/produit\/biolane-lingettes-visage-et-mains-x64\/#primaryimage","url":"https:\/\/ekco-ci.com\/ecommerce\/wp-content\/uploads\/2026\/04\/1-2026-04-03T110714.718.jpg","contentUrl":"https:\/\/ekco-ci.com\/ecommerce\/wp-content\/uploads\/2026\/04\/1-2026-04-03T110714.718.jpg","width":680,"height":680},{"@type":"BreadcrumbList","@id":"https:\/\/ekco-ci.com\/ecommerce\/produit\/biolane-lingettes-visage-et-mains-x64\/#breadcrumb","itemListElement":[{"@type":"ListItem","position":1,"name":"Home","item":"https:\/\/ekco-ci.com\/ecommerce\/"},{"@type":"ListItem","position":2,"name":"Boutique","item":"https:\/\/ekco-ci.com\/ecommerce\/boutique\/"},{"@type":"ListItem","position":3,"name":"Biolane Lingettes Visage Et Mains X64"}]},{"@type":"WebSite","@id":"https:\/\/ekco-ci.com\/ecommerce\/#website","url":"https:\/\/ekco-ci.com\/ecommerce\/","name":"Ekco Boutique","description":"Ekco Boutique! La qualit\u00e9 au c\u0153ur de chaque achat","publisher":{"@id":"https:\/\/ekco-ci.com\/ecommerce\/#organization"},"alternateName":"Boutique","potentialAction":[{"@type":"SearchAction","target":{"@type":"EntryPoint","urlTemplate":"https:\/\/ekco-ci.com\/ecommerce\/?s={search_term_string}"},"query-input":{"@type":"PropertyValueSpecification","valueRequired":true,"valueName":"search_term_string"}}],"inLanguage":"fr-FR"},{"@type":"Organization","@id":"https:\/\/ekco-ci.com\/ecommerce\/#organization","name":"Ekco Boutique","url":"https:\/\/ekco-ci.com\/ecommerce\/","logo":{"@type":"ImageObject","inLanguage":"fr-FR","@id":"https:\/\/ekco-ci.com\/ecommerce\/#\/schema\/logo\/image\/","url":"https:\/\/ekco-ci.com\/ecommerce\/wp-content\/uploads\/2024\/08\/cropped-lologo.png","contentUrl":"https:\/\/ekco-ci.com\/ecommerce\/wp-content\/uploads\/2024\/08\/cropped-lologo.png","width":512,"height":512,"caption":"Ekco Boutique"},"image":{"@id":"https:\/\/ekco-ci.com\/ecommerce\/#\/schema\/logo\/image\/"}}]}},"uagb_featured_image_src":{"full":["https:\/\/ekco-ci.com\/ecommerce\/wp-content\/uploads\/2026\/04\/1-2026-04-03T110714.718.jpg",680,680,false],"thumbnail":["https:\/\/ekco-ci.com\/ecommerce\/wp-content\/uploads\/2026\/04\/1-2026-04-03T110714.718-150x150.jpg",150,150,true],"medium":["https:\/\/ekco-ci.com\/ecommerce\/wp-content\/uploads\/2026\/04\/1-2026-04-03T110714.718-300x300.jpg",300,300,true],"medium_large":["https:\/\/ekco-ci.com\/ecommerce\/wp-content\/uploads\/2026\/04\/1-2026-04-03T110714.718.jpg",680,680,false],"large":["https:\/\/ekco-ci.com\/ecommerce\/wp-content\/uploads\/2026\/04\/1-2026-04-03T110714.718.jpg",680,680,false],"1536x1536":["https:\/\/ekco-ci.com\/ecommerce\/wp-content\/uploads\/2026\/04\/1-2026-04-03T110714.718.jpg",680,680,false],"2048x2048":["https:\/\/ekco-ci.com\/ecommerce\/wp-content\/uploads\/2026\/04\/1-2026-04-03T110714.718.jpg",680,680,false],"cfw_cart_thumb":["https:\/\/ekco-ci.com\/ecommerce\/wp-content\/uploads\/2026\/04\/1-2026-04-03T110714.718-60x60.jpg",60,60,true],"cfw_order_bump_thumb":["https:\/\/ekco-ci.com\/ecommerce\/wp-content\/uploads\/2026\/04\/1-2026-04-03T110714.718-320x320.jpg",320,320,true],"woocommerce_thumbnail":["https:\/\/ekco-ci.com\/ecommerce\/wp-content\/uploads\/2026\/04\/1-2026-04-03T110714.718-300x225.jpg",300,225,true],"woocommerce_single":["https:\/\/ekco-ci.com\/ecommerce\/wp-content\/uploads\/2026\/04\/1-2026-04-03T110714.718-600x600.jpg",600,600,true],"woocommerce_gallery_thumbnail":["https:\/\/ekco-ci.com\/ecommerce\/wp-content\/uploads\/2026\/04\/1-2026-04-03T110714.718-100x100.jpg",100,100,true]},"uagb_author_info":{"display_name":"Charlemagne Koula","author_link":"https:\/\/ekco-ci.com\/ecommerce\/author\/"},"uagb_comment_info":0,"uagb_excerpt":"&nbsp; DESCRIPTION\u00a0 Les lingettes visage et mains Biolane nettoient, rafra\u00eechissent et prot\u00e8gent en un seul geste le visage et les [&hellip;]","_links":{"self":[{"href":"https:\/\/ekco-ci.com\/ecommerce\/wp-json\/wp\/v2\/product\/14581","targetHints":{"allow":["GET"]}}],"collection":[{"href":"https:\/\/ekco-ci.com\/ecommerce\/wp-json\/wp\/v2\/product"}],"about":[{"href":"https:\/\/ekco-ci.com\/ecommerce\/wp-json\/wp\/v2\/types\/product"}],"replies":[{"embeddable":true,"href":"https:\/\/ekco-ci.com\/ecommerce\/wp-json\/wp\/v2\/comments?post=14581"}],"wp:featuredmedia":[{"embeddable":true,"href":"https:\/\/ekco-ci.com\/ecommerce\/wp-json\/wp\/v2\/media\/14582"}],"wp:attachment":[{"href":"https:\/\/ekco-ci.com\/ecommerce\/wp-json\/wp\/v2\/media?parent=14581"}],"wp:term":[{"taxonomy":"product_brand","embeddable":true,"href":"https:\/\/ekco-ci.com\/ecommerce\/wp-json\/wp\/v2\/product_brand?post=14581"},{"taxonomy":"product_cat","embeddable":true,"href":"https:\/\/ekco-ci.com\/ecommerce\/wp-json\/wp\/v2\/product_cat?post=14581"},{"taxonomy":"product_tag","embeddable":true,"href":"https:\/\/ekco-ci.com\/ecommerce\/wp-json\/wp\/v2\/product_tag?post=14581"}],"curies":[{"name":"wp","href":"https:\/\/api.w.org\/{rel}","templated":true}]}}