{"id":14580,"date":"2026-04-08T08:53:54","date_gmt":"2026-04-08T08:53:54","guid":{"rendered":"https:\/\/ekco-ci.com\/ecommerce\/?post_type=product&#038;p=14580"},"modified":"2026-04-08T08:53:55","modified_gmt":"2026-04-08T08:53:55","slug":"chauffe-bebe-usb-portable-sac-chauffant-pour-bebe-chauffe-lait-2","status":"publish","type":"product","link":"https:\/\/ekco-ci.com\/ecommerce\/produit\/chauffe-bebe-usb-portable-sac-chauffant-pour-bebe-chauffe-lait-2\/","title":{"rendered":"Chauffe-b\u00e9b\u00e9 USB portable, sac chauffant pour b\u00e9b\u00e9, chauffe-lait"},"content":{"rendered":"<p>Chauffe-b-iberon USB portable, sac chauffe-b-iberon, chauffe-lait, sac isotherme pour lait en poudre et bouteilles, adapt\u00e9 aux voyages et \u00e0 la maison<b><br \/>\n<\/b><b><br \/>\n<\/b><b>Information produit:<\/b><\/p>\n<ul>\n<li>Nom : chauffe-b-iberon USB portable<\/li>\n<li>Mod\u00e8le : BWT-001<\/li>\n<li>Mat\u00e9riel: Tissu<\/li>\n<li>Couleur: multicolore<\/li>\n<li>Taille: 30*13.5 cm<\/li>\n<li>Tension : 5 V<\/li>\n<li>Courant : 2 V<\/li>\n<li>Temp\u00e9rature : 50\u00b0C-60\u00b0C<\/li>\n<li>Vitesse: 3 vitesses<\/li>\n<li>Style : Moderne et simple<\/li>\n<li>Caract\u00e9ristiques : pratique, s\u00fbr et durable<\/li>\n<\/ul>\n<p><b><br \/>\n<\/b><b>Caract\u00e9ristiques:<\/b><\/p>\n<ul>\n<li>\u2714 Chauffe-b-iberon de voyage rapide : il convient aux b-iberons de divers mat\u00e9riaux. Le niveau haut est d&#8217;environ 60\u00b0C, le niveau moyen est d&#8217;environ 50\u00b0C et le niveau bas est d&#8217;environ 40\u00b0C, et vous pouvez modifier leurs niveaux en appuyant longuement pendant 3 secondes.<\/li>\n<li>\u2714Mat\u00e9riau : le chauffe-lait est fabriqu\u00e9 dans un tissu de haute qualit\u00e9, confortable au toucher, r\u00e9sistant aux d\u00e9chirures, solide et durable, r\u00e9sistant \u00e0 l&#8217;usure, difficile \u00e0 d\u00e9colorer ou \u00e0 d\u00e9former, longue dur\u00e9e de vie.<\/li>\n<li><b>\u2714Couvercle chauffe-b-iberon :<\/b>\u00a0il y a cinq couches de mat\u00e9riau, une bonne isolation, un chauffage rapide et uniforme, peut verrouiller fermement la temp\u00e9rature, maintenir la temp\u00e9rature de la bouteille pendant longtemps, afin que vos adorables enfants puissent profiter d&#8217;un lait sain et chaud, pas vous. vous devez vous inqui\u00e9ter du fait que vos enfants boivent du lait froid.<\/li>\n<li>\u2714Facile \u00e0 utiliser : facile \u00e0 installer ou \u00e0 retirer, simple et pratique \u00e0 utiliser, trois temp\u00e9ratures r\u00e9glables, pas de mains chaudes. Il peut \u00eatre utilis\u00e9 pour une vari\u00e9t\u00e9 de mat\u00e9riaux, adapt\u00e9 au diam\u00e8tre des b-iberons de 5,5 \u00e0 7 cm, du verre, des cartons de lait, etc., offrant plus de commodit\u00e9 pour la vie quotidienne.<\/li>\n<li>\u2714Portable : l\u00e9ger, de petite taille, facile \u00e0 transporter, peut \u00eatre utilis\u00e9 \u00e0 la maison, en voyage, en randonn\u00e9e, au shopping, en avion, en train et en voiture, peut r\u00e9pondre aux besoins en lait de votre enfant n&#8217;importe o\u00f9 et n&#8217;importe quand.<\/li>\n<\/ul>\n<p><b>Le forfait comprend :<\/b><\/p>\n<ul>\n<li>1 * chauffe-b-iberon USB<\/li>\n<li>1 * c\u00e2ble de donn\u00e9es<\/li>\n<\/ul>\n<p><b><br \/>\n<\/b><b>Avis:<\/b><\/p>\n<ul>\n<li>En raison de la mesure manuelle, veuillez permettre une l\u00e9g\u00e8re erreur de taille de 1 \u00e0 3 cm, veuillez vous assurer que cela ne vous d\u00e9range pas avant de commander.<\/li>\n<li>En raison de la diff\u00e9rence entre les diff\u00e9rents moniteurs, l&#8217;image peut ne pas refl\u00e9ter la couleur r\u00e9elle du produit, veuillez comprendre !<\/li>\n<li>Je vous souhaite un bon shopping en ligne !<\/li>\n<\/ul>\n<p><img decoding=\"async\" src=\"https:\/\/ci.jumia.is\/cms\/external\/pet\/GE070TG17ELMCNAFAMZ\/a860a74c9e028b9c1f9e2988d7fc7329.jpg\" alt=\"image\" data-src=\"https:\/\/ci.jumia.is\/cms\/external\/pet\/GE070TG17ELMCNAFAMZ\/a860a74c9e028b9c1f9e2988d7fc7329.jpg\" \/><img decoding=\"async\" src=\"https:\/\/ci.jumia.is\/cms\/external\/pet\/GE070TG17ELMCNAFAMZ\/f43efde79eff493b8eac303d6c482472.jpg\" alt=\"image\" data-src=\"https:\/\/ci.jumia.is\/cms\/external\/pet\/GE070TG17ELMCNAFAMZ\/f43efde79eff493b8eac303d6c482472.jpg\" \/><img decoding=\"async\" src=\"https:\/\/ci.jumia.is\/cms\/external\/pet\/GE070TG17ELMCNAFAMZ\/1ebc5a36b50f9bc02fdbea9cd02709d0.jpg\" alt=\"image\" data-src=\"https:\/\/ci.jumia.is\/cms\/external\/pet\/GE070TG17ELMCNAFAMZ\/1ebc5a36b50f9bc02fdbea9cd02709d0.jpg\" \/><img decoding=\"async\" src=\"https:\/\/ci.jumia.is\/cms\/external\/pet\/GE070TG17ELMCNAFAMZ\/0b4bc587d2f9fb09c30975e184d0b215.jpg\" alt=\"image\" data-src=\"https:\/\/ci.jumia.is\/cms\/external\/pet\/GE070TG17ELMCNAFAMZ\/0b4bc587d2f9fb09c30975e184d0b215.jpg\" \/><img decoding=\"async\" src=\"https:\/\/ci.jumia.is\/cms\/external\/pet\/GE070TG17ELMCNAFAMZ\/10d15cecc487520a931c6a1851bbcc93.jpg\" alt=\"image\" data-src=\"https:\/\/ci.jumia.is\/cms\/external\/pet\/GE070TG17ELMCNAFAMZ\/10d15cecc487520a931c6a1851bbcc93.jpg\" \/><img decoding=\"async\" src=\"https:\/\/ci.jumia.is\/cms\/external\/pet\/GE070TG17ELMCNAFAMZ\/08af961782b0abafa7a0af8d0af79064.jpg\" alt=\"image\" data-src=\"https:\/\/ci.jumia.is\/cms\/external\/pet\/GE070TG17ELMCNAFAMZ\/08af961782b0abafa7a0af8d0af79064.jpg\" \/><img decoding=\"async\" src=\"https:\/\/ci.jumia.is\/cms\/external\/pet\/GE070TG17ELMCNAFAMZ\/cacab17dc7934820009ff04f71da426f.jpg\" alt=\"image\" data-src=\"https:\/\/ci.jumia.is\/cms\/external\/pet\/GE070TG17ELMCNAFAMZ\/cacab17dc7934820009ff04f71da426f.jpg\" \/><img decoding=\"async\" src=\"https:\/\/ci.jumia.is\/cms\/external\/pet\/GE070TG17ELMCNAFAMZ\/6e4345fc53c397c7c2cb33d30f2ccb89.jpg\" alt=\"image\" data-src=\"https:\/\/ci.jumia.is\/cms\/external\/pet\/GE070TG17ELMCNAFAMZ\/6e4345fc53c397c7c2cb33d30f2ccb89.jpg\" \/><img decoding=\"async\" src=\"https:\/\/ci.jumia.is\/cms\/external\/pet\/GE070TG17ELMCNAFAMZ\/05b51dcc4c9646efedcaa82c1bfe3b72.jpg\" alt=\"image\" data-src=\"https:\/\/ci.jumia.is\/cms\/external\/pet\/GE070TG17ELMCNAFAMZ\/05b51dcc4c9646efedcaa82c1bfe3b72.jpg\" \/><\/p>\n","protected":false},"excerpt":{"rendered":"<p>Chauffe-b-iberon USB portable, sac chauffe-b-iberon, chauffe-lait, sac isotherme pour lait en poudre et bouteilles, adapt\u00e9 aux voyages et \u00e0 la [&hellip;]<\/p>\n","protected":false},"featured_media":14635,"comment_status":"open","ping_status":"closed","template":"","meta":{"_uag_custom_page_level_css":"","site-sidebar-layout":"default","site-content-layout":"","ast-site-content-layout":"default","site-content-style":"default","site-sidebar-style":"default","ast-global-header-display":"","ast-banner-title-visibility":"","ast-main-header-display":"","ast-hfb-above-header-display":"","ast-hfb-below-header-display":"","ast-hfb-mobile-header-display":"","site-post-title":"","ast-breadcrumbs-content":"","ast-featured-img":"","footer-sml-layout":"","ast-disable-related-posts":"","theme-transparent-header-meta":"default","adv-header-id-meta":"","stick-header-meta":"","header-above-stick-meta":"","header-main-stick-meta":"","header-below-stick-meta":"","astra-migrate-meta-layouts":"set","ast-page-background-enabled":"default","ast-page-background-meta":{"desktop":{"background-color":"var(--ast-global-color-4)","background-image":"","background-repeat":"repeat","background-position":"center center","background-size":"auto","background-attachment":"scroll","background-type":"","background-media":"","overlay-type":"","overlay-color":"","overlay-opacity":"","overlay-gradient":""},"tablet":{"background-color":"","background-image":"","background-repeat":"repeat","background-position":"center center","background-size":"auto","background-attachment":"scroll","background-type":"","background-media":"","overlay-type":"","overlay-color":"","overlay-opacity":"","overlay-gradient":""},"mobile":{"background-color":"","background-image":"","background-repeat":"repeat","background-position":"center center","background-size":"auto","background-attachment":"scroll","background-type":"","background-media":"","overlay-type":"","overlay-color":"","overlay-opacity":"","overlay-gradient":""}},"ast-content-background-meta":{"desktop":{"background-color":"var(--ast-global-color-5)","background-image":"","background-repeat":"repeat","background-position":"center center","background-size":"auto","background-attachment":"scroll","background-type":"","background-media":"","overlay-type":"","overlay-color":"","overlay-opacity":"","overlay-gradient":""},"tablet":{"background-color":"var(--ast-global-color-5)","background-image":"","background-repeat":"repeat","background-position":"center center","background-size":"auto","background-attachment":"scroll","background-type":"","background-media":"","overlay-type":"","overlay-color":"","overlay-opacity":"","overlay-gradient":""},"mobile":{"background-color":"var(--ast-global-color-5)","background-image":"","background-repeat":"repeat","background-position":"center center","background-size":"auto","background-attachment":"scroll","background-type":"","background-media":"","overlay-type":"","overlay-color":"","overlay-opacity":"","overlay-gradient":""}}},"product_brand":[],"product_cat":[15],"product_tag":[],"class_list":{"0":"post-14580","1":"product","2":"type-product","3":"status-publish","4":"has-post-thumbnail","6":"product_cat-non-classe","7":"desktop-align-left","8":"tablet-align-left","9":"mobile-align-left","11":"first","12":"instock","13":"shipping-taxable","14":"product-type-simple"},"yoast_head":"<!-- This site is optimized with the Yoast SEO plugin v26.8 - https:\/\/yoast.com\/product\/yoast-seo-wordpress\/ -->\n<title>Chauffe-b\u00e9b\u00e9 USB portable, sac chauffant pour b\u00e9b\u00e9, chauffe-lait - Ekco Boutique<\/title>\n<meta name=\"robots\" content=\"index, follow, max-snippet:-1, max-image-preview:large, max-video-preview:-1\" \/>\n<link rel=\"canonical\" href=\"https:\/\/ekco-ci.com\/ecommerce\/produit\/chauffe-bebe-usb-portable-sac-chauffant-pour-bebe-chauffe-lait-2\/\" \/>\n<meta property=\"og:locale\" content=\"fr_FR\" \/>\n<meta property=\"og:type\" content=\"article\" \/>\n<meta property=\"og:title\" content=\"Chauffe-b\u00e9b\u00e9 USB portable, sac chauffant pour b\u00e9b\u00e9, chauffe-lait - Ekco Boutique\" \/>\n<meta property=\"og:description\" content=\"Chauffe-b-iberon USB portable, sac chauffe-b-iberon, chauffe-lait, sac isotherme pour lait en poudre et bouteilles, adapt\u00e9 aux voyages et \u00e0 la [&hellip;]\" \/>\n<meta property=\"og:url\" content=\"https:\/\/ekco-ci.com\/ecommerce\/produit\/chauffe-bebe-usb-portable-sac-chauffant-pour-bebe-chauffe-lait-2\/\" \/>\n<meta property=\"og:site_name\" content=\"Ekco Boutique\" \/>\n<meta property=\"article:modified_time\" content=\"2026-04-08T08:53:55+00:00\" \/>\n<meta property=\"og:image\" content=\"https:\/\/ekco-ci.com\/ecommerce\/wp-content\/uploads\/2026\/04\/1-2026-04-08T084904.435.jpg\" \/>\n\t<meta property=\"og:image:width\" content=\"680\" \/>\n\t<meta property=\"og:image:height\" content=\"680\" \/>\n\t<meta property=\"og:image:type\" content=\"image\/jpeg\" \/>\n<meta name=\"twitter:card\" content=\"summary_large_image\" \/>\n<meta name=\"twitter:label1\" content=\"Dur\u00e9e de lecture estim\u00e9e\" \/>\n\t<meta name=\"twitter:data1\" content=\"4 minutes\" \/>\n<script type=\"application\/ld+json\" class=\"yoast-schema-graph\">{\"@context\":\"https:\/\/schema.org\",\"@graph\":[{\"@type\":\"WebPage\",\"@id\":\"https:\/\/ekco-ci.com\/ecommerce\/produit\/chauffe-bebe-usb-portable-sac-chauffant-pour-bebe-chauffe-lait-2\/\",\"url\":\"https:\/\/ekco-ci.com\/ecommerce\/produit\/chauffe-bebe-usb-portable-sac-chauffant-pour-bebe-chauffe-lait-2\/\",\"name\":\"Chauffe-b\u00e9b\u00e9 USB portable, sac chauffant pour b\u00e9b\u00e9, chauffe-lait - Ekco Boutique\",\"isPartOf\":{\"@id\":\"https:\/\/ekco-ci.com\/ecommerce\/#website\"},\"primaryImageOfPage\":{\"@id\":\"https:\/\/ekco-ci.com\/ecommerce\/produit\/chauffe-bebe-usb-portable-sac-chauffant-pour-bebe-chauffe-lait-2\/#primaryimage\"},\"image\":{\"@id\":\"https:\/\/ekco-ci.com\/ecommerce\/produit\/chauffe-bebe-usb-portable-sac-chauffant-pour-bebe-chauffe-lait-2\/#primaryimage\"},\"thumbnailUrl\":\"https:\/\/ekco-ci.com\/ecommerce\/wp-content\/uploads\/2026\/04\/1-2026-04-08T084904.435.jpg\",\"datePublished\":\"2026-04-08T08:53:54+00:00\",\"dateModified\":\"2026-04-08T08:53:55+00:00\",\"breadcrumb\":{\"@id\":\"https:\/\/ekco-ci.com\/ecommerce\/produit\/chauffe-bebe-usb-portable-sac-chauffant-pour-bebe-chauffe-lait-2\/#breadcrumb\"},\"inLanguage\":\"fr-FR\",\"potentialAction\":[{\"@type\":\"ReadAction\",\"target\":[\"https:\/\/ekco-ci.com\/ecommerce\/produit\/chauffe-bebe-usb-portable-sac-chauffant-pour-bebe-chauffe-lait-2\/\"]}]},{\"@type\":\"ImageObject\",\"inLanguage\":\"fr-FR\",\"@id\":\"https:\/\/ekco-ci.com\/ecommerce\/produit\/chauffe-bebe-usb-portable-sac-chauffant-pour-bebe-chauffe-lait-2\/#primaryimage\",\"url\":\"https:\/\/ekco-ci.com\/ecommerce\/wp-content\/uploads\/2026\/04\/1-2026-04-08T084904.435.jpg\",\"contentUrl\":\"https:\/\/ekco-ci.com\/ecommerce\/wp-content\/uploads\/2026\/04\/1-2026-04-08T084904.435.jpg\",\"width\":680,\"height\":680},{\"@type\":\"BreadcrumbList\",\"@id\":\"https:\/\/ekco-ci.com\/ecommerce\/produit\/chauffe-bebe-usb-portable-sac-chauffant-pour-bebe-chauffe-lait-2\/#breadcrumb\",\"itemListElement\":[{\"@type\":\"ListItem\",\"position\":1,\"name\":\"Home\",\"item\":\"https:\/\/ekco-ci.com\/ecommerce\/\"},{\"@type\":\"ListItem\",\"position\":2,\"name\":\"Boutique\",\"item\":\"https:\/\/ekco-ci.com\/ecommerce\/boutique\/\"},{\"@type\":\"ListItem\",\"position\":3,\"name\":\"Chauffe-b\u00e9b\u00e9 USB portable, sac chauffant pour b\u00e9b\u00e9, chauffe-lait\"}]},{\"@type\":\"WebSite\",\"@id\":\"https:\/\/ekco-ci.com\/ecommerce\/#website\",\"url\":\"https:\/\/ekco-ci.com\/ecommerce\/\",\"name\":\"Ekco Boutique\",\"description\":\"Ekco Boutique! La qualit\u00e9 au c\u0153ur de chaque achat\",\"publisher\":{\"@id\":\"https:\/\/ekco-ci.com\/ecommerce\/#organization\"},\"alternateName\":\"Boutique\",\"potentialAction\":[{\"@type\":\"SearchAction\",\"target\":{\"@type\":\"EntryPoint\",\"urlTemplate\":\"https:\/\/ekco-ci.com\/ecommerce\/?s={search_term_string}\"},\"query-input\":{\"@type\":\"PropertyValueSpecification\",\"valueRequired\":true,\"valueName\":\"search_term_string\"}}],\"inLanguage\":\"fr-FR\"},{\"@type\":\"Organization\",\"@id\":\"https:\/\/ekco-ci.com\/ecommerce\/#organization\",\"name\":\"Ekco Boutique\",\"url\":\"https:\/\/ekco-ci.com\/ecommerce\/\",\"logo\":{\"@type\":\"ImageObject\",\"inLanguage\":\"fr-FR\",\"@id\":\"https:\/\/ekco-ci.com\/ecommerce\/#\/schema\/logo\/image\/\",\"url\":\"https:\/\/ekco-ci.com\/ecommerce\/wp-content\/uploads\/2024\/08\/cropped-lologo.png\",\"contentUrl\":\"https:\/\/ekco-ci.com\/ecommerce\/wp-content\/uploads\/2024\/08\/cropped-lologo.png\",\"width\":512,\"height\":512,\"caption\":\"Ekco Boutique\"},\"image\":{\"@id\":\"https:\/\/ekco-ci.com\/ecommerce\/#\/schema\/logo\/image\/\"}}]}<\/script>\n<!-- \/ Yoast SEO plugin. -->","yoast_head_json":{"title":"Chauffe-b\u00e9b\u00e9 USB portable, sac chauffant pour b\u00e9b\u00e9, chauffe-lait - Ekco Boutique","robots":{"index":"index","follow":"follow","max-snippet":"max-snippet:-1","max-image-preview":"max-image-preview:large","max-video-preview":"max-video-preview:-1"},"canonical":"https:\/\/ekco-ci.com\/ecommerce\/produit\/chauffe-bebe-usb-portable-sac-chauffant-pour-bebe-chauffe-lait-2\/","og_locale":"fr_FR","og_type":"article","og_title":"Chauffe-b\u00e9b\u00e9 USB portable, sac chauffant pour b\u00e9b\u00e9, chauffe-lait - Ekco Boutique","og_description":"Chauffe-b-iberon USB portable, sac chauffe-b-iberon, chauffe-lait, sac isotherme pour lait en poudre et bouteilles, adapt\u00e9 aux voyages et \u00e0 la [&hellip;]","og_url":"https:\/\/ekco-ci.com\/ecommerce\/produit\/chauffe-bebe-usb-portable-sac-chauffant-pour-bebe-chauffe-lait-2\/","og_site_name":"Ekco Boutique","article_modified_time":"2026-04-08T08:53:55+00:00","og_image":[{"width":680,"height":680,"url":"https:\/\/ekco-ci.com\/ecommerce\/wp-content\/uploads\/2026\/04\/1-2026-04-08T084904.435.jpg","type":"image\/jpeg"}],"twitter_card":"summary_large_image","twitter_misc":{"Dur\u00e9e de lecture estim\u00e9e":"4 minutes"},"schema":{"@context":"https:\/\/schema.org","@graph":[{"@type":"WebPage","@id":"https:\/\/ekco-ci.com\/ecommerce\/produit\/chauffe-bebe-usb-portable-sac-chauffant-pour-bebe-chauffe-lait-2\/","url":"https:\/\/ekco-ci.com\/ecommerce\/produit\/chauffe-bebe-usb-portable-sac-chauffant-pour-bebe-chauffe-lait-2\/","name":"Chauffe-b\u00e9b\u00e9 USB portable, sac chauffant pour b\u00e9b\u00e9, chauffe-lait - Ekco Boutique","isPartOf":{"@id":"https:\/\/ekco-ci.com\/ecommerce\/#website"},"primaryImageOfPage":{"@id":"https:\/\/ekco-ci.com\/ecommerce\/produit\/chauffe-bebe-usb-portable-sac-chauffant-pour-bebe-chauffe-lait-2\/#primaryimage"},"image":{"@id":"https:\/\/ekco-ci.com\/ecommerce\/produit\/chauffe-bebe-usb-portable-sac-chauffant-pour-bebe-chauffe-lait-2\/#primaryimage"},"thumbnailUrl":"https:\/\/ekco-ci.com\/ecommerce\/wp-content\/uploads\/2026\/04\/1-2026-04-08T084904.435.jpg","datePublished":"2026-04-08T08:53:54+00:00","dateModified":"2026-04-08T08:53:55+00:00","breadcrumb":{"@id":"https:\/\/ekco-ci.com\/ecommerce\/produit\/chauffe-bebe-usb-portable-sac-chauffant-pour-bebe-chauffe-lait-2\/#breadcrumb"},"inLanguage":"fr-FR","potentialAction":[{"@type":"ReadAction","target":["https:\/\/ekco-ci.com\/ecommerce\/produit\/chauffe-bebe-usb-portable-sac-chauffant-pour-bebe-chauffe-lait-2\/"]}]},{"@type":"ImageObject","inLanguage":"fr-FR","@id":"https:\/\/ekco-ci.com\/ecommerce\/produit\/chauffe-bebe-usb-portable-sac-chauffant-pour-bebe-chauffe-lait-2\/#primaryimage","url":"https:\/\/ekco-ci.com\/ecommerce\/wp-content\/uploads\/2026\/04\/1-2026-04-08T084904.435.jpg","contentUrl":"https:\/\/ekco-ci.com\/ecommerce\/wp-content\/uploads\/2026\/04\/1-2026-04-08T084904.435.jpg","width":680,"height":680},{"@type":"BreadcrumbList","@id":"https:\/\/ekco-ci.com\/ecommerce\/produit\/chauffe-bebe-usb-portable-sac-chauffant-pour-bebe-chauffe-lait-2\/#breadcrumb","itemListElement":[{"@type":"ListItem","position":1,"name":"Home","item":"https:\/\/ekco-ci.com\/ecommerce\/"},{"@type":"ListItem","position":2,"name":"Boutique","item":"https:\/\/ekco-ci.com\/ecommerce\/boutique\/"},{"@type":"ListItem","position":3,"name":"Chauffe-b\u00e9b\u00e9 USB portable, sac chauffant pour b\u00e9b\u00e9, chauffe-lait"}]},{"@type":"WebSite","@id":"https:\/\/ekco-ci.com\/ecommerce\/#website","url":"https:\/\/ekco-ci.com\/ecommerce\/","name":"Ekco Boutique","description":"Ekco Boutique! La qualit\u00e9 au c\u0153ur de chaque achat","publisher":{"@id":"https:\/\/ekco-ci.com\/ecommerce\/#organization"},"alternateName":"Boutique","potentialAction":[{"@type":"SearchAction","target":{"@type":"EntryPoint","urlTemplate":"https:\/\/ekco-ci.com\/ecommerce\/?s={search_term_string}"},"query-input":{"@type":"PropertyValueSpecification","valueRequired":true,"valueName":"search_term_string"}}],"inLanguage":"fr-FR"},{"@type":"Organization","@id":"https:\/\/ekco-ci.com\/ecommerce\/#organization","name":"Ekco Boutique","url":"https:\/\/ekco-ci.com\/ecommerce\/","logo":{"@type":"ImageObject","inLanguage":"fr-FR","@id":"https:\/\/ekco-ci.com\/ecommerce\/#\/schema\/logo\/image\/","url":"https:\/\/ekco-ci.com\/ecommerce\/wp-content\/uploads\/2024\/08\/cropped-lologo.png","contentUrl":"https:\/\/ekco-ci.com\/ecommerce\/wp-content\/uploads\/2024\/08\/cropped-lologo.png","width":512,"height":512,"caption":"Ekco Boutique"},"image":{"@id":"https:\/\/ekco-ci.com\/ecommerce\/#\/schema\/logo\/image\/"}}]}},"uagb_featured_image_src":{"full":["https:\/\/ekco-ci.com\/ecommerce\/wp-content\/uploads\/2026\/04\/1-2026-04-08T084904.435.jpg",680,680,false],"thumbnail":["https:\/\/ekco-ci.com\/ecommerce\/wp-content\/uploads\/2026\/04\/1-2026-04-08T084904.435-150x150.jpg",150,150,true],"medium":["https:\/\/ekco-ci.com\/ecommerce\/wp-content\/uploads\/2026\/04\/1-2026-04-08T084904.435-300x300.jpg",300,300,true],"medium_large":["https:\/\/ekco-ci.com\/ecommerce\/wp-content\/uploads\/2026\/04\/1-2026-04-08T084904.435.jpg",680,680,false],"large":["https:\/\/ekco-ci.com\/ecommerce\/wp-content\/uploads\/2026\/04\/1-2026-04-08T084904.435.jpg",680,680,false],"1536x1536":["https:\/\/ekco-ci.com\/ecommerce\/wp-content\/uploads\/2026\/04\/1-2026-04-08T084904.435.jpg",680,680,false],"2048x2048":["https:\/\/ekco-ci.com\/ecommerce\/wp-content\/uploads\/2026\/04\/1-2026-04-08T084904.435.jpg",680,680,false],"cfw_cart_thumb":["https:\/\/ekco-ci.com\/ecommerce\/wp-content\/uploads\/2026\/04\/1-2026-04-08T084904.435-60x60.jpg",60,60,true],"cfw_order_bump_thumb":["https:\/\/ekco-ci.com\/ecommerce\/wp-content\/uploads\/2026\/04\/1-2026-04-08T084904.435-320x320.jpg",320,320,true],"woocommerce_thumbnail":["https:\/\/ekco-ci.com\/ecommerce\/wp-content\/uploads\/2026\/04\/1-2026-04-08T084904.435-300x225.jpg",300,225,true],"woocommerce_single":["https:\/\/ekco-ci.com\/ecommerce\/wp-content\/uploads\/2026\/04\/1-2026-04-08T084904.435-600x600.jpg",600,600,true],"woocommerce_gallery_thumbnail":["https:\/\/ekco-ci.com\/ecommerce\/wp-content\/uploads\/2026\/04\/1-2026-04-08T084904.435-100x100.jpg",100,100,true]},"uagb_author_info":{"display_name":"Charlemagne Koula","author_link":"https:\/\/ekco-ci.com\/ecommerce\/author\/"},"uagb_comment_info":0,"uagb_excerpt":"Chauffe-b-iberon USB portable, sac chauffe-b-iberon, chauffe-lait, sac isotherme pour lait en poudre et bouteilles, adapt\u00e9 aux voyages et \u00e0 la [&hellip;]","_links":{"self":[{"href":"https:\/\/ekco-ci.com\/ecommerce\/wp-json\/wp\/v2\/product\/14580","targetHints":{"allow":["GET"]}}],"collection":[{"href":"https:\/\/ekco-ci.com\/ecommerce\/wp-json\/wp\/v2\/product"}],"about":[{"href":"https:\/\/ekco-ci.com\/ecommerce\/wp-json\/wp\/v2\/types\/product"}],"replies":[{"embeddable":true,"href":"https:\/\/ekco-ci.com\/ecommerce\/wp-json\/wp\/v2\/comments?post=14580"}],"wp:featuredmedia":[{"embeddable":true,"href":"https:\/\/ekco-ci.com\/ecommerce\/wp-json\/wp\/v2\/media\/14635"}],"wp:attachment":[{"href":"https:\/\/ekco-ci.com\/ecommerce\/wp-json\/wp\/v2\/media?parent=14580"}],"wp:term":[{"taxonomy":"product_brand","embeddable":true,"href":"https:\/\/ekco-ci.com\/ecommerce\/wp-json\/wp\/v2\/product_brand?post=14580"},{"taxonomy":"product_cat","embeddable":true,"href":"https:\/\/ekco-ci.com\/ecommerce\/wp-json\/wp\/v2\/product_cat?post=14580"},{"taxonomy":"product_tag","embeddable":true,"href":"https:\/\/ekco-ci.com\/ecommerce\/wp-json\/wp\/v2\/product_tag?post=14580"}],"curies":[{"name":"wp","href":"https:\/\/api.w.org\/{rel}","templated":true}]}}