{"id":14545,"date":"2026-03-31T15:53:01","date_gmt":"2026-03-31T15:53:01","guid":{"rendered":"https:\/\/ekco-ci.com\/ecommerce\/?post_type=product&#038;p=14545"},"modified":"2026-03-31T15:53:03","modified_gmt":"2026-03-31T15:53:03","slug":"cle-usb-2-0-a-stylo-64-go-bracelet-noir-cle-usb","status":"publish","type":"product","link":"https:\/\/ekco-ci.com\/ecommerce\/produit\/cle-usb-2-0-a-stylo-64-go-bracelet-noir-cle-usb\/","title":{"rendered":"Cl\u00e9 USB 2.0 \u00e0 Stylo 64 Go, Bracelet Noir, Cl\u00e9 USB"},"content":{"rendered":"<p><b>Cl\u00e9 USB 2.0 \u00e0 stylo 64 Go, bracelet noir, cl\u00e9 USB<\/b><b>D\u00e9crire:<\/b><\/p>\n<ul>\n<li style=\"list-style-type: none\">\n<ul>\n<li style=\"list-style-type: none\">\n<ul>\n<li>La cl\u00e9 USB \u00e0 stylet de 64 Go est livr\u00e9e avec un bracelet en silicone. La cl\u00e9 USB du bracelet peut aider \u00e0 bien cacher et prot\u00e9ger le port USB. Portable et l\u00e9ger. La taille compacte met votre monde num\u00e9rique dans votre poche et emporte vos donn\u00e9es avec vous. L&#8217;USB 2.0 a des vitesses d&#8217;\u00e9criture de 5 Mo\/S \u00e0 8 Mo\/S et des vitesses de lecture de 12 Mo\/S \u00e0 15 Mo\/S.<\/li>\n<\/ul>\n<\/li>\n<\/ul>\n<\/li>\n<\/ul>\n<p><b>Caract\u00e9ristiques:<\/b><\/p>\n<ul>\n<li style=\"list-style-type: none\">\n<ul>\n<li style=\"list-style-type: none\">\n<ul>\n<li>1. Plug and play : aucune installation de pilote requise. Cl\u00e9 USB Branchez simplement votre cl\u00e9 USB pour commencer \u00e0 transf\u00e9rer et \u00e0 stocker des donn\u00e9es entre appareils. Transf\u00e9rez des fichiers num\u00e9riques, des images, de la musique et des vid\u00e9os facilement et rapidement sans installer de logiciel. Branchez-le simplement et c&#8217;est pr\u00eat \u00e0 fonctionner. Simple et pratique !<\/li>\n<li>2. Large gamme d&#8217;applications : les cl\u00e9s USB conviennent au stockage, \u00e0 la transmission et au partage de donn\u00e9es num\u00e9riques. Branchez-le sur une prise USB et utilisez-le. Gardez vos fichiers en s\u00e9curit\u00e9 et enregistrez vos rappels de temps. Prend en charge Windows 7\/8\/10\/11\/12, Windows Vista, Windows 2000, Mac OS X, Linux, etc. Enregistrez des donn\u00e9es au format MP3, MP4, RMVB, EXCEL, WORD, PDF, images et autres fichiers. Compatible avec USB 2.0, r\u00e9trocompatible avec USB 1.1.<\/li>\n<li>3. Lecteur universel : la cl\u00e9 USB peut \u00eatre utilis\u00e9e pour les p\u00e9riph\u00e9riques USB tels que les ordinateurs, les t\u00e9l\u00e9viseurs, les haut-parleurs, les ordinateurs, les ordinateurs portables, les audios de voiture, etc. Supporte PC, Windows, Mac, Linux, etc. Enregistrez les donn\u00e9es dans des fichiers MP3, MP4, RMVB, EXCEL, WORD, PDF, etc.<\/li>\n<li>4. Conception du bracelet : le pilote de stylo adopte une conception de bracelet rond en silicone. Connectez les deux t\u00eates pour cr\u00e9er un bracelet USB. Doux au toucher. Cache et prot\u00e8ge bien les ports USB. Portable et l\u00e9ger. Facile \u00e0 utiliser et \u00e0 transporter. Id\u00e9al pour ranger des cadeaux. La taille compacte met votre monde num\u00e9rique dans votre poche et emporte vos donn\u00e9es avec vous.<\/li>\n<li>5. S\u00e9curit\u00e9 des donn\u00e9es : stockez les donn\u00e9es importantes sur une cl\u00e9 USB, qui peut r\u00e9pondre \u00e0 votre utilisation quotidienne de stockage et de transfert de photos, de musique, de vid\u00e9os et de fichiers au travail, \u00e0 l&#8217;\u00e9cole, \u00e0 la maison et en voyage. Gagnez du temps en t\u00e9l\u00e9chargeant des fichiers par courrier \u00e9lectronique. \u00c9tanche, antichoc, antimagn\u00e9tique, anti-haute temp\u00e9rature, anti-rayons X. La temp\u00e9rature de fonctionnement est de 0 \u00e0 60 degr\u00e9s Celsius. Les temp\u00e9ratures hors fonctionnement varient de moins 10 \u00e0 70 degr\u00e9s Celsius.<\/li>\n<\/ul>\n<\/li>\n<\/ul>\n<\/li>\n<\/ul>\n<p><b>Sp\u00e9cification:<\/b><\/p>\n<ul>\n<li style=\"list-style-type: none\">\n<ul>\n<li style=\"list-style-type: none\">\n<ul>\n<li>Couleur : noir<\/li>\n<li>Capacit\u00e9 : 64 Go<\/li>\n<li>Interface : compatible USB 2.0 (r\u00e9trocompatible avec USB 1.1)<\/li>\n<li>Temp\u00e9rature de fonctionnement : 0\u00ba C \u00e0 60\u00ba C<\/li>\n<li>Temp\u00e9rature de stockage : -10\u00ba C \u00e0 70\u00ba C<\/li>\n<li>Syst\u00e8mes d&#8217;exploitation pris en charge : Win98\/ME\/2000\/XP\/Vista\/7\/8\/10, Mac OS 9.X ou sup\u00e9rieur et Linux.<\/li>\n<li>Compatibilit\u00e9 : ordinateurs de bureau, ordinateurs portables, Macintosh, tablettes, haut-parleurs, tous dot\u00e9s de ports USB.<\/li>\n<\/ul>\n<\/li>\n<\/ul>\n<\/li>\n<\/ul>\n<p><b>Le forfait comprend :<\/b><\/p>\n<ul>\n<li style=\"list-style-type: none\">\n<ul>\n<li>Cl\u00e9 USB de 64 Go * 1<\/li>\n<\/ul>\n<\/li>\n<\/ul>\n","protected":false},"excerpt":{"rendered":"<p>Cl\u00e9 USB 2.0 \u00e0 stylo 64 Go, bracelet noir, cl\u00e9 USBD\u00e9crire: La cl\u00e9 USB \u00e0 stylet de 64 Go est [&hellip;]<\/p>\n","protected":false},"featured_media":14546,"comment_status":"open","ping_status":"closed","template":"","meta":{"_uag_custom_page_level_css":"","site-sidebar-layout":"default","site-content-layout":"","ast-site-content-layout":"default","site-content-style":"default","site-sidebar-style":"default","ast-global-header-display":"","ast-banner-title-visibility":"","ast-main-header-display":"","ast-hfb-above-header-display":"","ast-hfb-below-header-display":"","ast-hfb-mobile-header-display":"","site-post-title":"","ast-breadcrumbs-content":"","ast-featured-img":"","footer-sml-layout":"","ast-disable-related-posts":"","theme-transparent-header-meta":"default","adv-header-id-meta":"","stick-header-meta":"","header-above-stick-meta":"","header-main-stick-meta":"","header-below-stick-meta":"","astra-migrate-meta-layouts":"set","ast-page-background-enabled":"default","ast-page-background-meta":{"desktop":{"background-color":"var(--ast-global-color-4)","background-image":"","background-repeat":"repeat","background-position":"center center","background-size":"auto","background-attachment":"scroll","background-type":"","background-media":"","overlay-type":"","overlay-color":"","overlay-opacity":"","overlay-gradient":""},"tablet":{"background-color":"","background-image":"","background-repeat":"repeat","background-position":"center center","background-size":"auto","background-attachment":"scroll","background-type":"","background-media":"","overlay-type":"","overlay-color":"","overlay-opacity":"","overlay-gradient":""},"mobile":{"background-color":"","background-image":"","background-repeat":"repeat","background-position":"center center","background-size":"auto","background-attachment":"scroll","background-type":"","background-media":"","overlay-type":"","overlay-color":"","overlay-opacity":"","overlay-gradient":""}},"ast-content-background-meta":{"desktop":{"background-color":"var(--ast-global-color-5)","background-image":"","background-repeat":"repeat","background-position":"center center","background-size":"auto","background-attachment":"scroll","background-type":"","background-media":"","overlay-type":"","overlay-color":"","overlay-opacity":"","overlay-gradient":""},"tablet":{"background-color":"var(--ast-global-color-5)","background-image":"","background-repeat":"repeat","background-position":"center center","background-size":"auto","background-attachment":"scroll","background-type":"","background-media":"","overlay-type":"","overlay-color":"","overlay-opacity":"","overlay-gradient":""},"mobile":{"background-color":"var(--ast-global-color-5)","background-image":"","background-repeat":"repeat","background-position":"center center","background-size":"auto","background-attachment":"scroll","background-type":"","background-media":"","overlay-type":"","overlay-color":"","overlay-opacity":"","overlay-gradient":""}}},"product_brand":[],"product_cat":[343,102,699,1350],"product_tag":[],"class_list":{"0":"post-14545","1":"product","2":"type-product","3":"status-publish","4":"has-post-thumbnail","6":"product_cat-cles-usb","7":"product_cat-informatique","8":"product_cat-ordinateurs-et-imprimantes-informatique","9":"product_cat-stockage-de-donnees-ordinateurs-et-imprimantes-informatique","10":"desktop-align-left","11":"tablet-align-left","12":"mobile-align-left","14":"first","15":"instock","16":"sale","17":"shipping-taxable","18":"purchasable","19":"product-type-simple"},"yoast_head":"<!-- This site is optimized with the Yoast SEO plugin v26.8 - https:\/\/yoast.com\/product\/yoast-seo-wordpress\/ -->\n<title>Cl\u00e9 USB 2.0 \u00e0 Stylo 64 Go, Bracelet Noir, Cl\u00e9 USB - Ekco Boutique<\/title>\n<meta name=\"robots\" content=\"index, follow, max-snippet:-1, max-image-preview:large, max-video-preview:-1\" \/>\n<link rel=\"canonical\" href=\"https:\/\/ekco-ci.com\/ecommerce\/produit\/cle-usb-2-0-a-stylo-64-go-bracelet-noir-cle-usb\/\" \/>\n<meta property=\"og:locale\" content=\"fr_FR\" \/>\n<meta property=\"og:type\" content=\"article\" \/>\n<meta property=\"og:title\" content=\"Cl\u00e9 USB 2.0 \u00e0 Stylo 64 Go, Bracelet Noir, Cl\u00e9 USB - Ekco Boutique\" \/>\n<meta property=\"og:description\" content=\"Cl\u00e9 USB 2.0 \u00e0 stylo 64 Go, bracelet noir, cl\u00e9 USBD\u00e9crire: La cl\u00e9 USB \u00e0 stylet de 64 Go est [&hellip;]\" \/>\n<meta property=\"og:url\" content=\"https:\/\/ekco-ci.com\/ecommerce\/produit\/cle-usb-2-0-a-stylo-64-go-bracelet-noir-cle-usb\/\" \/>\n<meta property=\"og:site_name\" content=\"Ekco Boutique\" \/>\n<meta property=\"article:modified_time\" content=\"2026-03-31T15:53:03+00:00\" \/>\n<meta property=\"og:image\" content=\"https:\/\/ekco-ci.com\/ecommerce\/wp-content\/uploads\/2026\/03\/1-2026-03-31T151641.035.jpg\" \/>\n\t<meta property=\"og:image:width\" content=\"680\" \/>\n\t<meta property=\"og:image:height\" content=\"680\" \/>\n\t<meta property=\"og:image:type\" content=\"image\/jpeg\" \/>\n<meta name=\"twitter:card\" content=\"summary_large_image\" \/>\n<meta name=\"twitter:label1\" content=\"Dur\u00e9e de lecture estim\u00e9e\" \/>\n\t<meta name=\"twitter:data1\" content=\"3 minutes\" \/>\n<script type=\"application\/ld+json\" class=\"yoast-schema-graph\">{\"@context\":\"https:\/\/schema.org\",\"@graph\":[{\"@type\":\"WebPage\",\"@id\":\"https:\/\/ekco-ci.com\/ecommerce\/produit\/cle-usb-2-0-a-stylo-64-go-bracelet-noir-cle-usb\/\",\"url\":\"https:\/\/ekco-ci.com\/ecommerce\/produit\/cle-usb-2-0-a-stylo-64-go-bracelet-noir-cle-usb\/\",\"name\":\"Cl\u00e9 USB 2.0 \u00e0 Stylo 64 Go, Bracelet Noir, Cl\u00e9 USB - Ekco Boutique\",\"isPartOf\":{\"@id\":\"https:\/\/ekco-ci.com\/ecommerce\/#website\"},\"primaryImageOfPage\":{\"@id\":\"https:\/\/ekco-ci.com\/ecommerce\/produit\/cle-usb-2-0-a-stylo-64-go-bracelet-noir-cle-usb\/#primaryimage\"},\"image\":{\"@id\":\"https:\/\/ekco-ci.com\/ecommerce\/produit\/cle-usb-2-0-a-stylo-64-go-bracelet-noir-cle-usb\/#primaryimage\"},\"thumbnailUrl\":\"https:\/\/ekco-ci.com\/ecommerce\/wp-content\/uploads\/2026\/03\/1-2026-03-31T151641.035.jpg\",\"datePublished\":\"2026-03-31T15:53:01+00:00\",\"dateModified\":\"2026-03-31T15:53:03+00:00\",\"breadcrumb\":{\"@id\":\"https:\/\/ekco-ci.com\/ecommerce\/produit\/cle-usb-2-0-a-stylo-64-go-bracelet-noir-cle-usb\/#breadcrumb\"},\"inLanguage\":\"fr-FR\",\"potentialAction\":[{\"@type\":\"ReadAction\",\"target\":[\"https:\/\/ekco-ci.com\/ecommerce\/produit\/cle-usb-2-0-a-stylo-64-go-bracelet-noir-cle-usb\/\"]}]},{\"@type\":\"ImageObject\",\"inLanguage\":\"fr-FR\",\"@id\":\"https:\/\/ekco-ci.com\/ecommerce\/produit\/cle-usb-2-0-a-stylo-64-go-bracelet-noir-cle-usb\/#primaryimage\",\"url\":\"https:\/\/ekco-ci.com\/ecommerce\/wp-content\/uploads\/2026\/03\/1-2026-03-31T151641.035.jpg\",\"contentUrl\":\"https:\/\/ekco-ci.com\/ecommerce\/wp-content\/uploads\/2026\/03\/1-2026-03-31T151641.035.jpg\",\"width\":680,\"height\":680},{\"@type\":\"BreadcrumbList\",\"@id\":\"https:\/\/ekco-ci.com\/ecommerce\/produit\/cle-usb-2-0-a-stylo-64-go-bracelet-noir-cle-usb\/#breadcrumb\",\"itemListElement\":[{\"@type\":\"ListItem\",\"position\":1,\"name\":\"Home\",\"item\":\"https:\/\/ekco-ci.com\/ecommerce\/\"},{\"@type\":\"ListItem\",\"position\":2,\"name\":\"Boutique\",\"item\":\"https:\/\/ekco-ci.com\/ecommerce\/boutique\/\"},{\"@type\":\"ListItem\",\"position\":3,\"name\":\"Cl\u00e9 USB 2.0 \u00e0 Stylo 64 Go, Bracelet Noir, Cl\u00e9 USB\"}]},{\"@type\":\"WebSite\",\"@id\":\"https:\/\/ekco-ci.com\/ecommerce\/#website\",\"url\":\"https:\/\/ekco-ci.com\/ecommerce\/\",\"name\":\"Ekco Boutique\",\"description\":\"Ekco Boutique! La qualit\u00e9 au c\u0153ur de chaque achat\",\"publisher\":{\"@id\":\"https:\/\/ekco-ci.com\/ecommerce\/#organization\"},\"alternateName\":\"Boutique\",\"potentialAction\":[{\"@type\":\"SearchAction\",\"target\":{\"@type\":\"EntryPoint\",\"urlTemplate\":\"https:\/\/ekco-ci.com\/ecommerce\/?s={search_term_string}\"},\"query-input\":{\"@type\":\"PropertyValueSpecification\",\"valueRequired\":true,\"valueName\":\"search_term_string\"}}],\"inLanguage\":\"fr-FR\"},{\"@type\":\"Organization\",\"@id\":\"https:\/\/ekco-ci.com\/ecommerce\/#organization\",\"name\":\"Ekco Boutique\",\"url\":\"https:\/\/ekco-ci.com\/ecommerce\/\",\"logo\":{\"@type\":\"ImageObject\",\"inLanguage\":\"fr-FR\",\"@id\":\"https:\/\/ekco-ci.com\/ecommerce\/#\/schema\/logo\/image\/\",\"url\":\"https:\/\/ekco-ci.com\/ecommerce\/wp-content\/uploads\/2024\/08\/cropped-lologo.png\",\"contentUrl\":\"https:\/\/ekco-ci.com\/ecommerce\/wp-content\/uploads\/2024\/08\/cropped-lologo.png\",\"width\":512,\"height\":512,\"caption\":\"Ekco Boutique\"},\"image\":{\"@id\":\"https:\/\/ekco-ci.com\/ecommerce\/#\/schema\/logo\/image\/\"}}]}<\/script>\n<!-- \/ Yoast SEO plugin. -->","yoast_head_json":{"title":"Cl\u00e9 USB 2.0 \u00e0 Stylo 64 Go, Bracelet Noir, Cl\u00e9 USB - Ekco Boutique","robots":{"index":"index","follow":"follow","max-snippet":"max-snippet:-1","max-image-preview":"max-image-preview:large","max-video-preview":"max-video-preview:-1"},"canonical":"https:\/\/ekco-ci.com\/ecommerce\/produit\/cle-usb-2-0-a-stylo-64-go-bracelet-noir-cle-usb\/","og_locale":"fr_FR","og_type":"article","og_title":"Cl\u00e9 USB 2.0 \u00e0 Stylo 64 Go, Bracelet Noir, Cl\u00e9 USB - Ekco Boutique","og_description":"Cl\u00e9 USB 2.0 \u00e0 stylo 64 Go, bracelet noir, cl\u00e9 USBD\u00e9crire: La cl\u00e9 USB \u00e0 stylet de 64 Go est [&hellip;]","og_url":"https:\/\/ekco-ci.com\/ecommerce\/produit\/cle-usb-2-0-a-stylo-64-go-bracelet-noir-cle-usb\/","og_site_name":"Ekco Boutique","article_modified_time":"2026-03-31T15:53:03+00:00","og_image":[{"width":680,"height":680,"url":"https:\/\/ekco-ci.com\/ecommerce\/wp-content\/uploads\/2026\/03\/1-2026-03-31T151641.035.jpg","type":"image\/jpeg"}],"twitter_card":"summary_large_image","twitter_misc":{"Dur\u00e9e de lecture estim\u00e9e":"3 minutes"},"schema":{"@context":"https:\/\/schema.org","@graph":[{"@type":"WebPage","@id":"https:\/\/ekco-ci.com\/ecommerce\/produit\/cle-usb-2-0-a-stylo-64-go-bracelet-noir-cle-usb\/","url":"https:\/\/ekco-ci.com\/ecommerce\/produit\/cle-usb-2-0-a-stylo-64-go-bracelet-noir-cle-usb\/","name":"Cl\u00e9 USB 2.0 \u00e0 Stylo 64 Go, Bracelet Noir, Cl\u00e9 USB - Ekco Boutique","isPartOf":{"@id":"https:\/\/ekco-ci.com\/ecommerce\/#website"},"primaryImageOfPage":{"@id":"https:\/\/ekco-ci.com\/ecommerce\/produit\/cle-usb-2-0-a-stylo-64-go-bracelet-noir-cle-usb\/#primaryimage"},"image":{"@id":"https:\/\/ekco-ci.com\/ecommerce\/produit\/cle-usb-2-0-a-stylo-64-go-bracelet-noir-cle-usb\/#primaryimage"},"thumbnailUrl":"https:\/\/ekco-ci.com\/ecommerce\/wp-content\/uploads\/2026\/03\/1-2026-03-31T151641.035.jpg","datePublished":"2026-03-31T15:53:01+00:00","dateModified":"2026-03-31T15:53:03+00:00","breadcrumb":{"@id":"https:\/\/ekco-ci.com\/ecommerce\/produit\/cle-usb-2-0-a-stylo-64-go-bracelet-noir-cle-usb\/#breadcrumb"},"inLanguage":"fr-FR","potentialAction":[{"@type":"ReadAction","target":["https:\/\/ekco-ci.com\/ecommerce\/produit\/cle-usb-2-0-a-stylo-64-go-bracelet-noir-cle-usb\/"]}]},{"@type":"ImageObject","inLanguage":"fr-FR","@id":"https:\/\/ekco-ci.com\/ecommerce\/produit\/cle-usb-2-0-a-stylo-64-go-bracelet-noir-cle-usb\/#primaryimage","url":"https:\/\/ekco-ci.com\/ecommerce\/wp-content\/uploads\/2026\/03\/1-2026-03-31T151641.035.jpg","contentUrl":"https:\/\/ekco-ci.com\/ecommerce\/wp-content\/uploads\/2026\/03\/1-2026-03-31T151641.035.jpg","width":680,"height":680},{"@type":"BreadcrumbList","@id":"https:\/\/ekco-ci.com\/ecommerce\/produit\/cle-usb-2-0-a-stylo-64-go-bracelet-noir-cle-usb\/#breadcrumb","itemListElement":[{"@type":"ListItem","position":1,"name":"Home","item":"https:\/\/ekco-ci.com\/ecommerce\/"},{"@type":"ListItem","position":2,"name":"Boutique","item":"https:\/\/ekco-ci.com\/ecommerce\/boutique\/"},{"@type":"ListItem","position":3,"name":"Cl\u00e9 USB 2.0 \u00e0 Stylo 64 Go, Bracelet Noir, Cl\u00e9 USB"}]},{"@type":"WebSite","@id":"https:\/\/ekco-ci.com\/ecommerce\/#website","url":"https:\/\/ekco-ci.com\/ecommerce\/","name":"Ekco Boutique","description":"Ekco Boutique! La qualit\u00e9 au c\u0153ur de chaque achat","publisher":{"@id":"https:\/\/ekco-ci.com\/ecommerce\/#organization"},"alternateName":"Boutique","potentialAction":[{"@type":"SearchAction","target":{"@type":"EntryPoint","urlTemplate":"https:\/\/ekco-ci.com\/ecommerce\/?s={search_term_string}"},"query-input":{"@type":"PropertyValueSpecification","valueRequired":true,"valueName":"search_term_string"}}],"inLanguage":"fr-FR"},{"@type":"Organization","@id":"https:\/\/ekco-ci.com\/ecommerce\/#organization","name":"Ekco Boutique","url":"https:\/\/ekco-ci.com\/ecommerce\/","logo":{"@type":"ImageObject","inLanguage":"fr-FR","@id":"https:\/\/ekco-ci.com\/ecommerce\/#\/schema\/logo\/image\/","url":"https:\/\/ekco-ci.com\/ecommerce\/wp-content\/uploads\/2024\/08\/cropped-lologo.png","contentUrl":"https:\/\/ekco-ci.com\/ecommerce\/wp-content\/uploads\/2024\/08\/cropped-lologo.png","width":512,"height":512,"caption":"Ekco Boutique"},"image":{"@id":"https:\/\/ekco-ci.com\/ecommerce\/#\/schema\/logo\/image\/"}}]}},"uagb_featured_image_src":{"full":["https:\/\/ekco-ci.com\/ecommerce\/wp-content\/uploads\/2026\/03\/1-2026-03-31T151641.035.jpg",680,680,false],"thumbnail":["https:\/\/ekco-ci.com\/ecommerce\/wp-content\/uploads\/2026\/03\/1-2026-03-31T151641.035-150x150.jpg",150,150,true],"medium":["https:\/\/ekco-ci.com\/ecommerce\/wp-content\/uploads\/2026\/03\/1-2026-03-31T151641.035-300x300.jpg",300,300,true],"medium_large":["https:\/\/ekco-ci.com\/ecommerce\/wp-content\/uploads\/2026\/03\/1-2026-03-31T151641.035.jpg",680,680,false],"large":["https:\/\/ekco-ci.com\/ecommerce\/wp-content\/uploads\/2026\/03\/1-2026-03-31T151641.035.jpg",680,680,false],"1536x1536":["https:\/\/ekco-ci.com\/ecommerce\/wp-content\/uploads\/2026\/03\/1-2026-03-31T151641.035.jpg",680,680,false],"2048x2048":["https:\/\/ekco-ci.com\/ecommerce\/wp-content\/uploads\/2026\/03\/1-2026-03-31T151641.035.jpg",680,680,false],"cfw_cart_thumb":["https:\/\/ekco-ci.com\/ecommerce\/wp-content\/uploads\/2026\/03\/1-2026-03-31T151641.035-60x60.jpg",60,60,true],"cfw_order_bump_thumb":["https:\/\/ekco-ci.com\/ecommerce\/wp-content\/uploads\/2026\/03\/1-2026-03-31T151641.035-320x320.jpg",320,320,true],"woocommerce_thumbnail":["https:\/\/ekco-ci.com\/ecommerce\/wp-content\/uploads\/2026\/03\/1-2026-03-31T151641.035-300x225.jpg",300,225,true],"woocommerce_single":["https:\/\/ekco-ci.com\/ecommerce\/wp-content\/uploads\/2026\/03\/1-2026-03-31T151641.035-600x600.jpg",600,600,true],"woocommerce_gallery_thumbnail":["https:\/\/ekco-ci.com\/ecommerce\/wp-content\/uploads\/2026\/03\/1-2026-03-31T151641.035-100x100.jpg",100,100,true]},"uagb_author_info":{"display_name":"Charlemagne Koula","author_link":"https:\/\/ekco-ci.com\/ecommerce\/author\/"},"uagb_comment_info":0,"uagb_excerpt":"Cl\u00e9 USB 2.0 \u00e0 stylo 64 Go, bracelet noir, cl\u00e9 USBD\u00e9crire: La cl\u00e9 USB \u00e0 stylet de 64 Go est [&hellip;]","_links":{"self":[{"href":"https:\/\/ekco-ci.com\/ecommerce\/wp-json\/wp\/v2\/product\/14545","targetHints":{"allow":["GET"]}}],"collection":[{"href":"https:\/\/ekco-ci.com\/ecommerce\/wp-json\/wp\/v2\/product"}],"about":[{"href":"https:\/\/ekco-ci.com\/ecommerce\/wp-json\/wp\/v2\/types\/product"}],"replies":[{"embeddable":true,"href":"https:\/\/ekco-ci.com\/ecommerce\/wp-json\/wp\/v2\/comments?post=14545"}],"wp:featuredmedia":[{"embeddable":true,"href":"https:\/\/ekco-ci.com\/ecommerce\/wp-json\/wp\/v2\/media\/14546"}],"wp:attachment":[{"href":"https:\/\/ekco-ci.com\/ecommerce\/wp-json\/wp\/v2\/media?parent=14545"}],"wp:term":[{"taxonomy":"product_brand","embeddable":true,"href":"https:\/\/ekco-ci.com\/ecommerce\/wp-json\/wp\/v2\/product_brand?post=14545"},{"taxonomy":"product_cat","embeddable":true,"href":"https:\/\/ekco-ci.com\/ecommerce\/wp-json\/wp\/v2\/product_cat?post=14545"},{"taxonomy":"product_tag","embeddable":true,"href":"https:\/\/ekco-ci.com\/ecommerce\/wp-json\/wp\/v2\/product_tag?post=14545"}],"curies":[{"name":"wp","href":"https:\/\/api.w.org\/{rel}","templated":true}]}}