{"id":14533,"date":"2026-03-31T13:28:27","date_gmt":"2026-03-31T13:28:27","guid":{"rendered":"https:\/\/ekco-ci.com\/ecommerce\/?post_type=product&#038;p=14533"},"modified":"2026-03-31T13:28:28","modified_gmt":"2026-03-31T13:28:28","slug":"disque-ssd-portable-t5-disque-dur-externe-usb-3-1","status":"publish","type":"product","link":"https:\/\/ekco-ci.com\/ecommerce\/produit\/disque-ssd-portable-t5-disque-dur-externe-usb-3-1\/","title":{"rendered":"Disque SSD portable T5, Disque dur externe USB 3.1"},"content":{"rendered":"<ul>\n<li>Nom\u00a0: Disque SSD portable T5<\/li>\n<li>Mat\u00e9riau\u00a0: M\u00e9tal<\/li>\n<li>Couleur\u00a0: Noir<\/li>\n<li>Dimensions\u00a0: 7,6 x 5,7 x 1\u00a0cm<\/li>\n<li>Capacit\u00e9\u00a0: 4\u00a0To (extension\u00a0: 64\u00a0Go)<\/li>\n<li>Interface\u00a0: USB 3.1<\/li>\n<li>Taux de transfert\u00a0: 15\u00a0Mo\/s<\/li>\n<li>Vitesse de lecture maximale\u00a0: 30\u00a0Mo\/s<\/li>\n<li>Vitesse d\u2019\u00e9criture maximale\u00a0: 15\u00a0Mo\/s<\/li>\n<\/ul>\n<p><strong>Caract\u00e9ristiques\u00a0:<\/strong><\/p>\n<ul>\n<li>1. Conception m\u00e9tallique ultra-fine et robuste\u00a0: Avec seulement 1\u00a0cm d\u2019\u00e9paisseur, ce bo\u00eetier compact et l\u00e9ger offre une capacit\u00e9, une qualit\u00e9 et une fiabilit\u00e9 exceptionnelles.<\/li>\n<li>2. Bo\u00eetier en aluminium\u00a0: Le bo\u00eetier enti\u00e8rement en aluminium r\u00e9sistant aux rayures offre une r\u00e9sistance et une durabilit\u00e9 exceptionnelles, garantissant la s\u00e9curit\u00e9 de ce disque dur portable.<\/li>\n<li>3. Disque de jeu fiable\u00a0: Ce disque dur externe offre des performances rapides et stables. Compatible avec PS4\/PS4 Pro\/Xbox One. Les jeux ne seront ni rejet\u00e9s ni supprim\u00e9s. Compatible avec Windows\/Mac OS (10.6.5 et versions ult\u00e9rieures).<\/li>\n<li>4. Optimisez les performances de votre PC\u00a0: Ce disque dur USB utilise la technologie USB 3.1, ce qui le rend nettement plus rapide que les disques de sauvegarde USB 2.0, tout en restant compatible avec eux, et atteint des vitesses de transfert ultra-rapides allant jusqu&#8217;\u00e0 5\u00a0G\/s.<\/li>\n<li>5. Plug and Play\u00a0: Aucune alimentation externe ni installation de logiciel n&#8217;est requise pour utiliser ce disque dur externe. C&#8217;est le stockage suppl\u00e9mentaire id\u00e9al pour votre ordinateur ou votre console de jeu.<\/li>\n<\/ul>\n<p><strong>Contenu\u00a0:<\/strong><\/p>\n<ul>\n<li>1\u00a0* SSD portable<\/li>\n<\/ul>\n<p><strong>Remarque\u00a0:\u00a0<\/strong><\/p>\n<ul>\n<li>Les mesures \u00e9tant prises \u00e0 la main, veuillez pr\u00e9voir une l\u00e9g\u00e8re diff\u00e9rence de 1 \u00e0 3\u00a0cm entre les dimensions. Veuillez vous assurer que cela est acceptable avant de commander.<\/li>\n<li>En raison des diff\u00e9rences entre les \u00e9crans, les images peuvent ne pas refl\u00e9ter la couleur r\u00e9elle du produit. Merci de votre compr\u00e9hension\u00a0!<\/li>\n<li>Bon shopping en ligne\u00a0!<\/li>\n<\/ul>\n<p><img decoding=\"async\" src=\"https:\/\/ci.jumia.is\/cms\/external\/pet\/GE070EA0AVL01NAFAMZ\/b5bbc572653eeb03951614df3866b7a2.jpg\" alt=\"https:\/\/ci.jumia.is\/cms\/external\/pet\/GE070EA0AVL01NAFAMZ\/b5bbc572653eeb03951614df3866b7a2.jpg\" data-src=\"https:\/\/ci.jumia.is\/cms\/external\/pet\/GE070EA0AVL01NAFAMZ\/b5bbc572653eeb03951614df3866b7a2.jpg\" \/><img decoding=\"async\" src=\"https:\/\/ci.jumia.is\/cms\/external\/pet\/GE070EA0AVL01NAFAMZ\/15617f5d84d8ddf6f74e641d17676a6b.jpg\" alt=\"https:\/\/ci.jumia.is\/cms\/external\/pet\/GE070EA0AVL01NAFAMZ\/15617f5d84d8ddf6f74e641d17676a6b.jpg\" data-src=\"https:\/\/ci.jumia.is\/cms\/external\/pet\/GE070EA0AVL01NAFAMZ\/15617f5d84d8ddf6f74e641d17676a6b.jpg\" \/><img decoding=\"async\" src=\"https:\/\/ci.jumia.is\/cms\/external\/pet\/GE070EA0AVL01NAFAMZ\/9ebafee670843eeb752b41934ae5cb7d.jpg\" alt=\"https:\/\/ci.jumia.is\/cms\/external\/pet\/GE070EA0AVL01NAFAMZ\/9ebafee670843eeb752b41934ae5cb7d.jpg\" data-src=\"https:\/\/ci.jumia.is\/cms\/external\/pet\/GE070EA0AVL01NAFAMZ\/9ebafee670843eeb752b41934ae5cb7d.jpg\" \/><img decoding=\"async\" src=\"https:\/\/ci.jumia.is\/cms\/external\/pet\/GE070EA0AVL01NAFAMZ\/a9b6aaf7d66dc3b2efc5d69b7d7274af.jpg\" alt=\"https:\/\/ci.jumia.is\/cms\/external\/pet\/GE070EA0AVL01NAFAMZ\/a9b6aaf7d66dc3b2efc5d69b7d7274af.jpg\" data-src=\"https:\/\/ci.jumia.is\/cms\/external\/pet\/GE070EA0AVL01NAFAMZ\/a9b6aaf7d66dc3b2efc5d69b7d7274af.jpg\" \/><img decoding=\"async\" src=\"https:\/\/ci.jumia.is\/cms\/external\/pet\/GE070EA0AVL01NAFAMZ\/e7c6ceeba4b39fb8ff5c8dbe54833391.jpg\" alt=\"https:\/\/ci.jumia.is\/cms\/external\/pet\/GE070EA0AVL01NAFAMZ\/e7c6ceeba4b39fb8ff5c8dbe54833391.jpg\" data-src=\"https:\/\/ci.jumia.is\/cms\/external\/pet\/GE070EA0AVL01NAFAMZ\/e7c6ceeba4b39fb8ff5c8dbe54833391.jpg\" \/><img decoding=\"async\" src=\"https:\/\/ci.jumia.is\/cms\/external\/pet\/GE070EA0AVL01NAFAMZ\/4d3a241c23796161599ca1ee3ce2a6dc.jpg\" alt=\"https:\/\/ci.jumia.is\/cms\/external\/pet\/GE070EA0AVL01NAFAMZ\/4d3a241c23796161599ca1ee3ce2a6dc.jpg\" data-src=\"https:\/\/ci.jumia.is\/cms\/external\/pet\/GE070EA0AVL01NAFAMZ\/4d3a241c23796161599ca1ee3ce2a6dc.jpg\" \/><img decoding=\"async\" src=\"https:\/\/ci.jumia.is\/cms\/external\/pet\/GE070EA0AVL01NAFAMZ\/b5bbc572653eeb03951614df3866b7a2.jpg\" alt=\"https:\/\/ci.jumia.is\/cms\/external\/pet\/GE070EA0AVL01NAFAMZ\/b5bbc572653eeb03951614df3866b7a2.jpg\" data-src=\"https:\/\/ci.jumia.is\/cms\/external\/pet\/GE070EA0AVL01NAFAMZ\/b5bbc572653eeb03951614df3866b7a2.jpg\" \/><\/p>\n","protected":false},"excerpt":{"rendered":"<p>Nom\u00a0: Disque SSD portable T5 Mat\u00e9riau\u00a0: M\u00e9tal Couleur\u00a0: Noir Dimensions\u00a0: 7,6 x 5,7 x 1\u00a0cm Capacit\u00e9\u00a0: 4\u00a0To (extension\u00a0: 64\u00a0Go) Interface\u00a0: [&hellip;]<\/p>\n","protected":false},"featured_media":14536,"comment_status":"open","ping_status":"closed","template":"","meta":{"_uag_custom_page_level_css":"","site-sidebar-layout":"default","site-content-layout":"","ast-site-content-layout":"default","site-content-style":"default","site-sidebar-style":"default","ast-global-header-display":"","ast-banner-title-visibility":"","ast-main-header-display":"","ast-hfb-above-header-display":"","ast-hfb-below-header-display":"","ast-hfb-mobile-header-display":"","site-post-title":"","ast-breadcrumbs-content":"","ast-featured-img":"","footer-sml-layout":"","ast-disable-related-posts":"","theme-transparent-header-meta":"default","adv-header-id-meta":"","stick-header-meta":"","header-above-stick-meta":"","header-main-stick-meta":"","header-below-stick-meta":"","astra-migrate-meta-layouts":"set","ast-page-background-enabled":"default","ast-page-background-meta":{"desktop":{"background-color":"var(--ast-global-color-4)","background-image":"","background-repeat":"repeat","background-position":"center center","background-size":"auto","background-attachment":"scroll","background-type":"","background-media":"","overlay-type":"","overlay-color":"","overlay-opacity":"","overlay-gradient":""},"tablet":{"background-color":"","background-image":"","background-repeat":"repeat","background-position":"center center","background-size":"auto","background-attachment":"scroll","background-type":"","background-media":"","overlay-type":"","overlay-color":"","overlay-opacity":"","overlay-gradient":""},"mobile":{"background-color":"","background-image":"","background-repeat":"repeat","background-position":"center center","background-size":"auto","background-attachment":"scroll","background-type":"","background-media":"","overlay-type":"","overlay-color":"","overlay-opacity":"","overlay-gradient":""}},"ast-content-background-meta":{"desktop":{"background-color":"var(--ast-global-color-5)","background-image":"","background-repeat":"repeat","background-position":"center center","background-size":"auto","background-attachment":"scroll","background-type":"","background-media":"","overlay-type":"","overlay-color":"","overlay-opacity":"","overlay-gradient":""},"tablet":{"background-color":"var(--ast-global-color-5)","background-image":"","background-repeat":"repeat","background-position":"center center","background-size":"auto","background-attachment":"scroll","background-type":"","background-media":"","overlay-type":"","overlay-color":"","overlay-opacity":"","overlay-gradient":""},"mobile":{"background-color":"var(--ast-global-color-5)","background-image":"","background-repeat":"repeat","background-position":"center center","background-size":"auto","background-attachment":"scroll","background-type":"","background-media":"","overlay-type":"","overlay-color":"","overlay-opacity":"","overlay-gradient":""}}},"product_brand":[],"product_cat":[1352,1353,1314,102,699,1350],"product_tag":[],"class_list":{"0":"post-14533","1":"product","2":"type-product","3":"status-publish","4":"has-post-thumbnail","6":"product_cat-accessoires-pour-disque-dur","7":"product_cat-disques-durs-externes-stockage-de-donnees-ordinateurs-et-imprimantes-informatique","8":"product_cat-disques-durs-internes","9":"product_cat-informatique","10":"product_cat-ordinateurs-et-imprimantes-informatique","11":"product_cat-stockage-de-donnees-ordinateurs-et-imprimantes-informatique","12":"desktop-align-left","13":"tablet-align-left","14":"mobile-align-left","16":"first","17":"instock","18":"sale","19":"shipping-taxable","20":"purchasable","21":"product-type-simple"},"yoast_head":"<!-- This site is optimized with the Yoast SEO plugin v26.8 - https:\/\/yoast.com\/product\/yoast-seo-wordpress\/ -->\n<title>Disque SSD portable T5, Disque dur externe USB 3.1 - Ekco Boutique<\/title>\n<meta name=\"robots\" content=\"index, follow, max-snippet:-1, max-image-preview:large, max-video-preview:-1\" \/>\n<link rel=\"canonical\" href=\"https:\/\/ekco-ci.com\/ecommerce\/produit\/disque-ssd-portable-t5-disque-dur-externe-usb-3-1\/\" \/>\n<meta property=\"og:locale\" content=\"fr_FR\" \/>\n<meta property=\"og:type\" content=\"article\" \/>\n<meta property=\"og:title\" content=\"Disque SSD portable T5, Disque dur externe USB 3.1 - Ekco Boutique\" \/>\n<meta property=\"og:description\" content=\"Nom\u00a0: Disque SSD portable T5 Mat\u00e9riau\u00a0: M\u00e9tal Couleur\u00a0: Noir Dimensions\u00a0: 7,6 x 5,7 x 1\u00a0cm Capacit\u00e9\u00a0: 4\u00a0To (extension\u00a0: 64\u00a0Go) Interface\u00a0: [&hellip;]\" \/>\n<meta property=\"og:url\" content=\"https:\/\/ekco-ci.com\/ecommerce\/produit\/disque-ssd-portable-t5-disque-dur-externe-usb-3-1\/\" \/>\n<meta property=\"og:site_name\" content=\"Ekco Boutique\" \/>\n<meta property=\"article:modified_time\" content=\"2026-03-31T13:28:28+00:00\" \/>\n<meta property=\"og:image\" content=\"https:\/\/ekco-ci.com\/ecommerce\/wp-content\/uploads\/2026\/03\/1-2026-03-31T130422.574.jpg\" \/>\n\t<meta property=\"og:image:width\" content=\"680\" \/>\n\t<meta property=\"og:image:height\" content=\"680\" \/>\n\t<meta property=\"og:image:type\" content=\"image\/jpeg\" \/>\n<meta name=\"twitter:card\" content=\"summary_large_image\" \/>\n<meta name=\"twitter:label1\" content=\"Dur\u00e9e de lecture estim\u00e9e\" \/>\n\t<meta name=\"twitter:data1\" content=\"3 minutes\" \/>\n<script type=\"application\/ld+json\" class=\"yoast-schema-graph\">{\"@context\":\"https:\/\/schema.org\",\"@graph\":[{\"@type\":\"WebPage\",\"@id\":\"https:\/\/ekco-ci.com\/ecommerce\/produit\/disque-ssd-portable-t5-disque-dur-externe-usb-3-1\/\",\"url\":\"https:\/\/ekco-ci.com\/ecommerce\/produit\/disque-ssd-portable-t5-disque-dur-externe-usb-3-1\/\",\"name\":\"Disque SSD portable T5, Disque dur externe USB 3.1 - Ekco Boutique\",\"isPartOf\":{\"@id\":\"https:\/\/ekco-ci.com\/ecommerce\/#website\"},\"primaryImageOfPage\":{\"@id\":\"https:\/\/ekco-ci.com\/ecommerce\/produit\/disque-ssd-portable-t5-disque-dur-externe-usb-3-1\/#primaryimage\"},\"image\":{\"@id\":\"https:\/\/ekco-ci.com\/ecommerce\/produit\/disque-ssd-portable-t5-disque-dur-externe-usb-3-1\/#primaryimage\"},\"thumbnailUrl\":\"https:\/\/ekco-ci.com\/ecommerce\/wp-content\/uploads\/2026\/03\/1-2026-03-31T130422.574.jpg\",\"datePublished\":\"2026-03-31T13:28:27+00:00\",\"dateModified\":\"2026-03-31T13:28:28+00:00\",\"breadcrumb\":{\"@id\":\"https:\/\/ekco-ci.com\/ecommerce\/produit\/disque-ssd-portable-t5-disque-dur-externe-usb-3-1\/#breadcrumb\"},\"inLanguage\":\"fr-FR\",\"potentialAction\":[{\"@type\":\"ReadAction\",\"target\":[\"https:\/\/ekco-ci.com\/ecommerce\/produit\/disque-ssd-portable-t5-disque-dur-externe-usb-3-1\/\"]}]},{\"@type\":\"ImageObject\",\"inLanguage\":\"fr-FR\",\"@id\":\"https:\/\/ekco-ci.com\/ecommerce\/produit\/disque-ssd-portable-t5-disque-dur-externe-usb-3-1\/#primaryimage\",\"url\":\"https:\/\/ekco-ci.com\/ecommerce\/wp-content\/uploads\/2026\/03\/1-2026-03-31T130422.574.jpg\",\"contentUrl\":\"https:\/\/ekco-ci.com\/ecommerce\/wp-content\/uploads\/2026\/03\/1-2026-03-31T130422.574.jpg\",\"width\":680,\"height\":680},{\"@type\":\"BreadcrumbList\",\"@id\":\"https:\/\/ekco-ci.com\/ecommerce\/produit\/disque-ssd-portable-t5-disque-dur-externe-usb-3-1\/#breadcrumb\",\"itemListElement\":[{\"@type\":\"ListItem\",\"position\":1,\"name\":\"Home\",\"item\":\"https:\/\/ekco-ci.com\/ecommerce\/\"},{\"@type\":\"ListItem\",\"position\":2,\"name\":\"Boutique\",\"item\":\"https:\/\/ekco-ci.com\/ecommerce\/boutique\/\"},{\"@type\":\"ListItem\",\"position\":3,\"name\":\"Disque SSD portable T5, Disque dur externe USB 3.1\"}]},{\"@type\":\"WebSite\",\"@id\":\"https:\/\/ekco-ci.com\/ecommerce\/#website\",\"url\":\"https:\/\/ekco-ci.com\/ecommerce\/\",\"name\":\"Ekco Boutique\",\"description\":\"Ekco Boutique! La qualit\u00e9 au c\u0153ur de chaque achat\",\"publisher\":{\"@id\":\"https:\/\/ekco-ci.com\/ecommerce\/#organization\"},\"alternateName\":\"Boutique\",\"potentialAction\":[{\"@type\":\"SearchAction\",\"target\":{\"@type\":\"EntryPoint\",\"urlTemplate\":\"https:\/\/ekco-ci.com\/ecommerce\/?s={search_term_string}\"},\"query-input\":{\"@type\":\"PropertyValueSpecification\",\"valueRequired\":true,\"valueName\":\"search_term_string\"}}],\"inLanguage\":\"fr-FR\"},{\"@type\":\"Organization\",\"@id\":\"https:\/\/ekco-ci.com\/ecommerce\/#organization\",\"name\":\"Ekco Boutique\",\"url\":\"https:\/\/ekco-ci.com\/ecommerce\/\",\"logo\":{\"@type\":\"ImageObject\",\"inLanguage\":\"fr-FR\",\"@id\":\"https:\/\/ekco-ci.com\/ecommerce\/#\/schema\/logo\/image\/\",\"url\":\"https:\/\/ekco-ci.com\/ecommerce\/wp-content\/uploads\/2024\/08\/cropped-lologo.png\",\"contentUrl\":\"https:\/\/ekco-ci.com\/ecommerce\/wp-content\/uploads\/2024\/08\/cropped-lologo.png\",\"width\":512,\"height\":512,\"caption\":\"Ekco Boutique\"},\"image\":{\"@id\":\"https:\/\/ekco-ci.com\/ecommerce\/#\/schema\/logo\/image\/\"}}]}<\/script>\n<!-- \/ Yoast SEO plugin. -->","yoast_head_json":{"title":"Disque SSD portable T5, Disque dur externe USB 3.1 - Ekco Boutique","robots":{"index":"index","follow":"follow","max-snippet":"max-snippet:-1","max-image-preview":"max-image-preview:large","max-video-preview":"max-video-preview:-1"},"canonical":"https:\/\/ekco-ci.com\/ecommerce\/produit\/disque-ssd-portable-t5-disque-dur-externe-usb-3-1\/","og_locale":"fr_FR","og_type":"article","og_title":"Disque SSD portable T5, Disque dur externe USB 3.1 - Ekco Boutique","og_description":"Nom\u00a0: Disque SSD portable T5 Mat\u00e9riau\u00a0: M\u00e9tal Couleur\u00a0: Noir Dimensions\u00a0: 7,6 x 5,7 x 1\u00a0cm Capacit\u00e9\u00a0: 4\u00a0To (extension\u00a0: 64\u00a0Go) Interface\u00a0: [&hellip;]","og_url":"https:\/\/ekco-ci.com\/ecommerce\/produit\/disque-ssd-portable-t5-disque-dur-externe-usb-3-1\/","og_site_name":"Ekco Boutique","article_modified_time":"2026-03-31T13:28:28+00:00","og_image":[{"width":680,"height":680,"url":"https:\/\/ekco-ci.com\/ecommerce\/wp-content\/uploads\/2026\/03\/1-2026-03-31T130422.574.jpg","type":"image\/jpeg"}],"twitter_card":"summary_large_image","twitter_misc":{"Dur\u00e9e de lecture estim\u00e9e":"3 minutes"},"schema":{"@context":"https:\/\/schema.org","@graph":[{"@type":"WebPage","@id":"https:\/\/ekco-ci.com\/ecommerce\/produit\/disque-ssd-portable-t5-disque-dur-externe-usb-3-1\/","url":"https:\/\/ekco-ci.com\/ecommerce\/produit\/disque-ssd-portable-t5-disque-dur-externe-usb-3-1\/","name":"Disque SSD portable T5, Disque dur externe USB 3.1 - Ekco Boutique","isPartOf":{"@id":"https:\/\/ekco-ci.com\/ecommerce\/#website"},"primaryImageOfPage":{"@id":"https:\/\/ekco-ci.com\/ecommerce\/produit\/disque-ssd-portable-t5-disque-dur-externe-usb-3-1\/#primaryimage"},"image":{"@id":"https:\/\/ekco-ci.com\/ecommerce\/produit\/disque-ssd-portable-t5-disque-dur-externe-usb-3-1\/#primaryimage"},"thumbnailUrl":"https:\/\/ekco-ci.com\/ecommerce\/wp-content\/uploads\/2026\/03\/1-2026-03-31T130422.574.jpg","datePublished":"2026-03-31T13:28:27+00:00","dateModified":"2026-03-31T13:28:28+00:00","breadcrumb":{"@id":"https:\/\/ekco-ci.com\/ecommerce\/produit\/disque-ssd-portable-t5-disque-dur-externe-usb-3-1\/#breadcrumb"},"inLanguage":"fr-FR","potentialAction":[{"@type":"ReadAction","target":["https:\/\/ekco-ci.com\/ecommerce\/produit\/disque-ssd-portable-t5-disque-dur-externe-usb-3-1\/"]}]},{"@type":"ImageObject","inLanguage":"fr-FR","@id":"https:\/\/ekco-ci.com\/ecommerce\/produit\/disque-ssd-portable-t5-disque-dur-externe-usb-3-1\/#primaryimage","url":"https:\/\/ekco-ci.com\/ecommerce\/wp-content\/uploads\/2026\/03\/1-2026-03-31T130422.574.jpg","contentUrl":"https:\/\/ekco-ci.com\/ecommerce\/wp-content\/uploads\/2026\/03\/1-2026-03-31T130422.574.jpg","width":680,"height":680},{"@type":"BreadcrumbList","@id":"https:\/\/ekco-ci.com\/ecommerce\/produit\/disque-ssd-portable-t5-disque-dur-externe-usb-3-1\/#breadcrumb","itemListElement":[{"@type":"ListItem","position":1,"name":"Home","item":"https:\/\/ekco-ci.com\/ecommerce\/"},{"@type":"ListItem","position":2,"name":"Boutique","item":"https:\/\/ekco-ci.com\/ecommerce\/boutique\/"},{"@type":"ListItem","position":3,"name":"Disque SSD portable T5, Disque dur externe USB 3.1"}]},{"@type":"WebSite","@id":"https:\/\/ekco-ci.com\/ecommerce\/#website","url":"https:\/\/ekco-ci.com\/ecommerce\/","name":"Ekco Boutique","description":"Ekco Boutique! La qualit\u00e9 au c\u0153ur de chaque achat","publisher":{"@id":"https:\/\/ekco-ci.com\/ecommerce\/#organization"},"alternateName":"Boutique","potentialAction":[{"@type":"SearchAction","target":{"@type":"EntryPoint","urlTemplate":"https:\/\/ekco-ci.com\/ecommerce\/?s={search_term_string}"},"query-input":{"@type":"PropertyValueSpecification","valueRequired":true,"valueName":"search_term_string"}}],"inLanguage":"fr-FR"},{"@type":"Organization","@id":"https:\/\/ekco-ci.com\/ecommerce\/#organization","name":"Ekco Boutique","url":"https:\/\/ekco-ci.com\/ecommerce\/","logo":{"@type":"ImageObject","inLanguage":"fr-FR","@id":"https:\/\/ekco-ci.com\/ecommerce\/#\/schema\/logo\/image\/","url":"https:\/\/ekco-ci.com\/ecommerce\/wp-content\/uploads\/2024\/08\/cropped-lologo.png","contentUrl":"https:\/\/ekco-ci.com\/ecommerce\/wp-content\/uploads\/2024\/08\/cropped-lologo.png","width":512,"height":512,"caption":"Ekco Boutique"},"image":{"@id":"https:\/\/ekco-ci.com\/ecommerce\/#\/schema\/logo\/image\/"}}]}},"uagb_featured_image_src":{"full":["https:\/\/ekco-ci.com\/ecommerce\/wp-content\/uploads\/2026\/03\/1-2026-03-31T130422.574.jpg",680,680,false],"thumbnail":["https:\/\/ekco-ci.com\/ecommerce\/wp-content\/uploads\/2026\/03\/1-2026-03-31T130422.574-150x150.jpg",150,150,true],"medium":["https:\/\/ekco-ci.com\/ecommerce\/wp-content\/uploads\/2026\/03\/1-2026-03-31T130422.574-300x300.jpg",300,300,true],"medium_large":["https:\/\/ekco-ci.com\/ecommerce\/wp-content\/uploads\/2026\/03\/1-2026-03-31T130422.574.jpg",680,680,false],"large":["https:\/\/ekco-ci.com\/ecommerce\/wp-content\/uploads\/2026\/03\/1-2026-03-31T130422.574.jpg",680,680,false],"1536x1536":["https:\/\/ekco-ci.com\/ecommerce\/wp-content\/uploads\/2026\/03\/1-2026-03-31T130422.574.jpg",680,680,false],"2048x2048":["https:\/\/ekco-ci.com\/ecommerce\/wp-content\/uploads\/2026\/03\/1-2026-03-31T130422.574.jpg",680,680,false],"cfw_cart_thumb":["https:\/\/ekco-ci.com\/ecommerce\/wp-content\/uploads\/2026\/03\/1-2026-03-31T130422.574-60x60.jpg",60,60,true],"cfw_order_bump_thumb":["https:\/\/ekco-ci.com\/ecommerce\/wp-content\/uploads\/2026\/03\/1-2026-03-31T130422.574-320x320.jpg",320,320,true],"woocommerce_thumbnail":["https:\/\/ekco-ci.com\/ecommerce\/wp-content\/uploads\/2026\/03\/1-2026-03-31T130422.574-300x225.jpg",300,225,true],"woocommerce_single":["https:\/\/ekco-ci.com\/ecommerce\/wp-content\/uploads\/2026\/03\/1-2026-03-31T130422.574-600x600.jpg",600,600,true],"woocommerce_gallery_thumbnail":["https:\/\/ekco-ci.com\/ecommerce\/wp-content\/uploads\/2026\/03\/1-2026-03-31T130422.574-100x100.jpg",100,100,true]},"uagb_author_info":{"display_name":"Charlemagne Koula","author_link":"https:\/\/ekco-ci.com\/ecommerce\/author\/"},"uagb_comment_info":0,"uagb_excerpt":"Nom\u00a0: Disque SSD portable T5 Mat\u00e9riau\u00a0: M\u00e9tal Couleur\u00a0: Noir Dimensions\u00a0: 7,6 x 5,7 x 1\u00a0cm Capacit\u00e9\u00a0: 4\u00a0To (extension\u00a0: 64\u00a0Go) Interface\u00a0: [&hellip;]","_links":{"self":[{"href":"https:\/\/ekco-ci.com\/ecommerce\/wp-json\/wp\/v2\/product\/14533","targetHints":{"allow":["GET"]}}],"collection":[{"href":"https:\/\/ekco-ci.com\/ecommerce\/wp-json\/wp\/v2\/product"}],"about":[{"href":"https:\/\/ekco-ci.com\/ecommerce\/wp-json\/wp\/v2\/types\/product"}],"replies":[{"embeddable":true,"href":"https:\/\/ekco-ci.com\/ecommerce\/wp-json\/wp\/v2\/comments?post=14533"}],"wp:featuredmedia":[{"embeddable":true,"href":"https:\/\/ekco-ci.com\/ecommerce\/wp-json\/wp\/v2\/media\/14536"}],"wp:attachment":[{"href":"https:\/\/ekco-ci.com\/ecommerce\/wp-json\/wp\/v2\/media?parent=14533"}],"wp:term":[{"taxonomy":"product_brand","embeddable":true,"href":"https:\/\/ekco-ci.com\/ecommerce\/wp-json\/wp\/v2\/product_brand?post=14533"},{"taxonomy":"product_cat","embeddable":true,"href":"https:\/\/ekco-ci.com\/ecommerce\/wp-json\/wp\/v2\/product_cat?post=14533"},{"taxonomy":"product_tag","embeddable":true,"href":"https:\/\/ekco-ci.com\/ecommerce\/wp-json\/wp\/v2\/product_tag?post=14533"}],"curies":[{"name":"wp","href":"https:\/\/api.w.org\/{rel}","templated":true}]}}