{"id":14465,"date":"2026-03-28T10:29:05","date_gmt":"2026-03-28T10:29:05","guid":{"rendered":"https:\/\/ekco-ci.com\/ecommerce\/?post_type=product&#038;p=14465"},"modified":"2026-03-28T10:29:06","modified_gmt":"2026-03-28T10:29:06","slug":"binatone-cuiseur-a-riz-avec-cuiseur-vapeur-2-en-1-18l","status":"publish","type":"product","link":"https:\/\/ekco-ci.com\/ecommerce\/produit\/binatone-cuiseur-a-riz-avec-cuiseur-vapeur-2-en-1-18l\/","title":{"rendered":"Binatone CUISEUR \u00c0 RIZ avec Cuiseur vapeur 2 EN 1 &#8211; 1,8L"},"content":{"rendered":"<p>Pr\u00e9parez un riz parfait \u00e0 chaque fois avec le\u00a0<strong>cuiseur \u00e0 riz Binatone 1,8 L RCSG 1805.<\/strong>\u00a0Polyvalent et facile \u00e0 utiliser, ce cuiseur \u00e0 riz est con\u00e7u pour faciliter la cuisson du riz. Avec sa grande capacit\u00e9 de 1,8 L, vous pouvez cuire suffisamment de riz pour toute la famille. Le cuiseur \u00e0 riz Binatone pr\u00e9sente \u00e9galement une conception simple et intuitive, facilitant son utilisation et son nettoyage. Que vous cuisiniez du riz blanc, du riz complet ou m\u00eame du porridge, ce cuiseur \u00e0 riz est le compl\u00e9ment id\u00e9al de votre cuisine. Commandez d\u00e8s maintenant et pr\u00e9parez un riz parfait \u00e0 chaque fois.<\/p>\n<p><strong>Caract\u00e9ristiques du produit<\/strong><br \/>\n&#8211; Grande capacit\u00e9 de 1,8 L pour cuire suffisamment de riz pour toute la famille<br \/>\n&#8211; Conception simple et intuitive pour une utilisation et un nettoyage faciles<br \/>\n&#8211; Options de cuisson polyvalentes pour le riz blanc, le riz brun et le porridge<br \/>\n&#8211; Arr\u00eat automatique pour une cuisson s\u00fbre et pratique<br \/>\n&#8211; Cuve et accessoires en acier inoxydable faciles \u00e0 nettoyer<br \/>\n&#8211; Conception compacte pour un rangement pratique<\/p>\n<p><strong>Avantages du produit<\/strong><br \/>\n&#8211; Cuit du riz parfait \u00e0 chaque fois avec des r\u00e9sultats coh\u00e9rents<br \/>\n&#8211; \u00c9conomise du temps et des efforts gr\u00e2ce \u00e0 une utilisation facile et un arr\u00eat automatique<br \/>\n&#8211; Offre des options de cuisson polyvalentes pour diff\u00e9rents types de riz et de bouillie<br \/>\n&#8211; Assure une cuisson s\u00fbre et saine gr\u00e2ce \u00e0 un arr\u00eat automatique et une conception facile \u00e0 nettoyer<br \/>\n&#8211; Offre un rangement pratique avec une conception compacte<br \/>\n&#8211; Am\u00e9liore l&#8217;exp\u00e9rience de cuisson avec une interface facile \u00e0 utiliser et des r\u00e9sultats coh\u00e9rents.<\/p>\n","protected":false},"excerpt":{"rendered":"<p>Pr\u00e9parez un riz parfait \u00e0 chaque fois avec le\u00a0cuiseur \u00e0 riz Binatone 1,8 L RCSG 1805.\u00a0Polyvalent et facile \u00e0 utiliser, [&hellip;]<\/p>\n","protected":false},"featured_media":14464,"comment_status":"open","ping_status":"closed","template":"","meta":{"_uag_custom_page_level_css":"","site-sidebar-layout":"default","site-content-layout":"","ast-site-content-layout":"default","site-content-style":"default","site-sidebar-style":"default","ast-global-header-display":"","ast-banner-title-visibility":"","ast-main-header-display":"","ast-hfb-above-header-display":"","ast-hfb-below-header-display":"","ast-hfb-mobile-header-display":"","site-post-title":"","ast-breadcrumbs-content":"","ast-featured-img":"","footer-sml-layout":"","ast-disable-related-posts":"","theme-transparent-header-meta":"default","adv-header-id-meta":"","stick-header-meta":"","header-above-stick-meta":"","header-main-stick-meta":"","header-below-stick-meta":"","astra-migrate-meta-layouts":"set","ast-page-background-enabled":"default","ast-page-background-meta":{"desktop":{"background-color":"var(--ast-global-color-4)","background-image":"","background-repeat":"repeat","background-position":"center center","background-size":"auto","background-attachment":"scroll","background-type":"","background-media":"","overlay-type":"","overlay-color":"","overlay-opacity":"","overlay-gradient":""},"tablet":{"background-color":"","background-image":"","background-repeat":"repeat","background-position":"center center","background-size":"auto","background-attachment":"scroll","background-type":"","background-media":"","overlay-type":"","overlay-color":"","overlay-opacity":"","overlay-gradient":""},"mobile":{"background-color":"","background-image":"","background-repeat":"repeat","background-position":"center center","background-size":"auto","background-attachment":"scroll","background-type":"","background-media":"","overlay-type":"","overlay-color":"","overlay-opacity":"","overlay-gradient":""}},"ast-content-background-meta":{"desktop":{"background-color":"var(--ast-global-color-5)","background-image":"","background-repeat":"repeat","background-position":"center center","background-size":"auto","background-attachment":"scroll","background-type":"","background-media":"","overlay-type":"","overlay-color":"","overlay-opacity":"","overlay-gradient":""},"tablet":{"background-color":"var(--ast-global-color-5)","background-image":"","background-repeat":"repeat","background-position":"center center","background-size":"auto","background-attachment":"scroll","background-type":"","background-media":"","overlay-type":"","overlay-color":"","overlay-opacity":"","overlay-gradient":""},"mobile":{"background-color":"var(--ast-global-color-5)","background-image":"","background-repeat":"repeat","background-position":"center center","background-size":"auto","background-attachment":"scroll","background-type":"","background-media":"","overlay-type":"","overlay-color":"","overlay-opacity":"","overlay-gradient":""}}},"product_brand":[],"product_cat":[71,439,75,938,877],"product_tag":[],"class_list":{"0":"post-14465","1":"product","2":"type-product","3":"status-publish","4":"has-post-thumbnail","6":"product_cat-appareil-de-cuison","7":"product_cat-appareils-de-cuisson","8":"product_cat-appareils-de-preparation-culinaire-fait-maison","9":"product_cat-cuiseurs-a-riz-appareils-de-preparation-culinaire-fait-maison","10":"product_cat-cuiseurs-a-riz","11":"desktop-align-left","12":"tablet-align-left","13":"mobile-align-left","15":"first","16":"instock","17":"sale","18":"shipping-taxable","19":"purchasable","20":"product-type-simple"},"yoast_head":"<!-- This site is optimized with the Yoast SEO plugin v26.8 - https:\/\/yoast.com\/product\/yoast-seo-wordpress\/ -->\n<title>Binatone CUISEUR \u00c0 RIZ avec Cuiseur vapeur 2 EN 1 - 1,8L - Ekco Boutique<\/title>\n<meta name=\"robots\" content=\"index, follow, max-snippet:-1, max-image-preview:large, max-video-preview:-1\" \/>\n<link rel=\"canonical\" href=\"https:\/\/ekco-ci.com\/ecommerce\/produit\/binatone-cuiseur-a-riz-avec-cuiseur-vapeur-2-en-1-18l\/\" \/>\n<meta property=\"og:locale\" content=\"fr_FR\" \/>\n<meta property=\"og:type\" content=\"article\" \/>\n<meta property=\"og:title\" content=\"Binatone CUISEUR \u00c0 RIZ avec Cuiseur vapeur 2 EN 1 - 1,8L - Ekco Boutique\" \/>\n<meta property=\"og:description\" content=\"Pr\u00e9parez un riz parfait \u00e0 chaque fois avec le\u00a0cuiseur \u00e0 riz Binatone 1,8 L RCSG 1805.\u00a0Polyvalent et facile \u00e0 utiliser, [&hellip;]\" \/>\n<meta property=\"og:url\" content=\"https:\/\/ekco-ci.com\/ecommerce\/produit\/binatone-cuiseur-a-riz-avec-cuiseur-vapeur-2-en-1-18l\/\" \/>\n<meta property=\"og:site_name\" content=\"Ekco Boutique\" \/>\n<meta property=\"article:modified_time\" content=\"2026-03-28T10:29:06+00:00\" \/>\n<meta property=\"og:image\" content=\"https:\/\/ekco-ci.com\/ecommerce\/wp-content\/uploads\/2026\/03\/1-2026-03-28T094719.315.jpg\" \/>\n\t<meta property=\"og:image:width\" content=\"680\" \/>\n\t<meta property=\"og:image:height\" content=\"680\" \/>\n\t<meta property=\"og:image:type\" content=\"image\/jpeg\" \/>\n<meta name=\"twitter:card\" content=\"summary_large_image\" \/>\n<meta name=\"twitter:label1\" content=\"Dur\u00e9e de lecture estim\u00e9e\" \/>\n\t<meta name=\"twitter:data1\" content=\"2 minutes\" \/>\n<script type=\"application\/ld+json\" class=\"yoast-schema-graph\">{\"@context\":\"https:\/\/schema.org\",\"@graph\":[{\"@type\":\"WebPage\",\"@id\":\"https:\/\/ekco-ci.com\/ecommerce\/produit\/binatone-cuiseur-a-riz-avec-cuiseur-vapeur-2-en-1-18l\/\",\"url\":\"https:\/\/ekco-ci.com\/ecommerce\/produit\/binatone-cuiseur-a-riz-avec-cuiseur-vapeur-2-en-1-18l\/\",\"name\":\"Binatone CUISEUR \u00c0 RIZ avec Cuiseur vapeur 2 EN 1 - 1,8L - Ekco Boutique\",\"isPartOf\":{\"@id\":\"https:\/\/ekco-ci.com\/ecommerce\/#website\"},\"primaryImageOfPage\":{\"@id\":\"https:\/\/ekco-ci.com\/ecommerce\/produit\/binatone-cuiseur-a-riz-avec-cuiseur-vapeur-2-en-1-18l\/#primaryimage\"},\"image\":{\"@id\":\"https:\/\/ekco-ci.com\/ecommerce\/produit\/binatone-cuiseur-a-riz-avec-cuiseur-vapeur-2-en-1-18l\/#primaryimage\"},\"thumbnailUrl\":\"https:\/\/ekco-ci.com\/ecommerce\/wp-content\/uploads\/2026\/03\/1-2026-03-28T094719.315.jpg\",\"datePublished\":\"2026-03-28T10:29:05+00:00\",\"dateModified\":\"2026-03-28T10:29:06+00:00\",\"breadcrumb\":{\"@id\":\"https:\/\/ekco-ci.com\/ecommerce\/produit\/binatone-cuiseur-a-riz-avec-cuiseur-vapeur-2-en-1-18l\/#breadcrumb\"},\"inLanguage\":\"fr-FR\",\"potentialAction\":[{\"@type\":\"ReadAction\",\"target\":[\"https:\/\/ekco-ci.com\/ecommerce\/produit\/binatone-cuiseur-a-riz-avec-cuiseur-vapeur-2-en-1-18l\/\"]}]},{\"@type\":\"ImageObject\",\"inLanguage\":\"fr-FR\",\"@id\":\"https:\/\/ekco-ci.com\/ecommerce\/produit\/binatone-cuiseur-a-riz-avec-cuiseur-vapeur-2-en-1-18l\/#primaryimage\",\"url\":\"https:\/\/ekco-ci.com\/ecommerce\/wp-content\/uploads\/2026\/03\/1-2026-03-28T094719.315.jpg\",\"contentUrl\":\"https:\/\/ekco-ci.com\/ecommerce\/wp-content\/uploads\/2026\/03\/1-2026-03-28T094719.315.jpg\",\"width\":680,\"height\":680},{\"@type\":\"BreadcrumbList\",\"@id\":\"https:\/\/ekco-ci.com\/ecommerce\/produit\/binatone-cuiseur-a-riz-avec-cuiseur-vapeur-2-en-1-18l\/#breadcrumb\",\"itemListElement\":[{\"@type\":\"ListItem\",\"position\":1,\"name\":\"Home\",\"item\":\"https:\/\/ekco-ci.com\/ecommerce\/\"},{\"@type\":\"ListItem\",\"position\":2,\"name\":\"Boutique\",\"item\":\"https:\/\/ekco-ci.com\/ecommerce\/boutique\/\"},{\"@type\":\"ListItem\",\"position\":3,\"name\":\"Binatone CUISEUR \u00c0 RIZ avec Cuiseur vapeur 2 EN 1 &#8211; 1,8L\"}]},{\"@type\":\"WebSite\",\"@id\":\"https:\/\/ekco-ci.com\/ecommerce\/#website\",\"url\":\"https:\/\/ekco-ci.com\/ecommerce\/\",\"name\":\"Ekco Boutique\",\"description\":\"Ekco Boutique! La qualit\u00e9 au c\u0153ur de chaque achat\",\"publisher\":{\"@id\":\"https:\/\/ekco-ci.com\/ecommerce\/#organization\"},\"alternateName\":\"Boutique\",\"potentialAction\":[{\"@type\":\"SearchAction\",\"target\":{\"@type\":\"EntryPoint\",\"urlTemplate\":\"https:\/\/ekco-ci.com\/ecommerce\/?s={search_term_string}\"},\"query-input\":{\"@type\":\"PropertyValueSpecification\",\"valueRequired\":true,\"valueName\":\"search_term_string\"}}],\"inLanguage\":\"fr-FR\"},{\"@type\":\"Organization\",\"@id\":\"https:\/\/ekco-ci.com\/ecommerce\/#organization\",\"name\":\"Ekco Boutique\",\"url\":\"https:\/\/ekco-ci.com\/ecommerce\/\",\"logo\":{\"@type\":\"ImageObject\",\"inLanguage\":\"fr-FR\",\"@id\":\"https:\/\/ekco-ci.com\/ecommerce\/#\/schema\/logo\/image\/\",\"url\":\"https:\/\/ekco-ci.com\/ecommerce\/wp-content\/uploads\/2024\/08\/cropped-lologo.png\",\"contentUrl\":\"https:\/\/ekco-ci.com\/ecommerce\/wp-content\/uploads\/2024\/08\/cropped-lologo.png\",\"width\":512,\"height\":512,\"caption\":\"Ekco Boutique\"},\"image\":{\"@id\":\"https:\/\/ekco-ci.com\/ecommerce\/#\/schema\/logo\/image\/\"}}]}<\/script>\n<!-- \/ Yoast SEO plugin. -->","yoast_head_json":{"title":"Binatone CUISEUR \u00c0 RIZ avec Cuiseur vapeur 2 EN 1 - 1,8L - Ekco Boutique","robots":{"index":"index","follow":"follow","max-snippet":"max-snippet:-1","max-image-preview":"max-image-preview:large","max-video-preview":"max-video-preview:-1"},"canonical":"https:\/\/ekco-ci.com\/ecommerce\/produit\/binatone-cuiseur-a-riz-avec-cuiseur-vapeur-2-en-1-18l\/","og_locale":"fr_FR","og_type":"article","og_title":"Binatone CUISEUR \u00c0 RIZ avec Cuiseur vapeur 2 EN 1 - 1,8L - Ekco Boutique","og_description":"Pr\u00e9parez un riz parfait \u00e0 chaque fois avec le\u00a0cuiseur \u00e0 riz Binatone 1,8 L RCSG 1805.\u00a0Polyvalent et facile \u00e0 utiliser, [&hellip;]","og_url":"https:\/\/ekco-ci.com\/ecommerce\/produit\/binatone-cuiseur-a-riz-avec-cuiseur-vapeur-2-en-1-18l\/","og_site_name":"Ekco Boutique","article_modified_time":"2026-03-28T10:29:06+00:00","og_image":[{"width":680,"height":680,"url":"https:\/\/ekco-ci.com\/ecommerce\/wp-content\/uploads\/2026\/03\/1-2026-03-28T094719.315.jpg","type":"image\/jpeg"}],"twitter_card":"summary_large_image","twitter_misc":{"Dur\u00e9e de lecture estim\u00e9e":"2 minutes"},"schema":{"@context":"https:\/\/schema.org","@graph":[{"@type":"WebPage","@id":"https:\/\/ekco-ci.com\/ecommerce\/produit\/binatone-cuiseur-a-riz-avec-cuiseur-vapeur-2-en-1-18l\/","url":"https:\/\/ekco-ci.com\/ecommerce\/produit\/binatone-cuiseur-a-riz-avec-cuiseur-vapeur-2-en-1-18l\/","name":"Binatone CUISEUR \u00c0 RIZ avec Cuiseur vapeur 2 EN 1 - 1,8L - Ekco Boutique","isPartOf":{"@id":"https:\/\/ekco-ci.com\/ecommerce\/#website"},"primaryImageOfPage":{"@id":"https:\/\/ekco-ci.com\/ecommerce\/produit\/binatone-cuiseur-a-riz-avec-cuiseur-vapeur-2-en-1-18l\/#primaryimage"},"image":{"@id":"https:\/\/ekco-ci.com\/ecommerce\/produit\/binatone-cuiseur-a-riz-avec-cuiseur-vapeur-2-en-1-18l\/#primaryimage"},"thumbnailUrl":"https:\/\/ekco-ci.com\/ecommerce\/wp-content\/uploads\/2026\/03\/1-2026-03-28T094719.315.jpg","datePublished":"2026-03-28T10:29:05+00:00","dateModified":"2026-03-28T10:29:06+00:00","breadcrumb":{"@id":"https:\/\/ekco-ci.com\/ecommerce\/produit\/binatone-cuiseur-a-riz-avec-cuiseur-vapeur-2-en-1-18l\/#breadcrumb"},"inLanguage":"fr-FR","potentialAction":[{"@type":"ReadAction","target":["https:\/\/ekco-ci.com\/ecommerce\/produit\/binatone-cuiseur-a-riz-avec-cuiseur-vapeur-2-en-1-18l\/"]}]},{"@type":"ImageObject","inLanguage":"fr-FR","@id":"https:\/\/ekco-ci.com\/ecommerce\/produit\/binatone-cuiseur-a-riz-avec-cuiseur-vapeur-2-en-1-18l\/#primaryimage","url":"https:\/\/ekco-ci.com\/ecommerce\/wp-content\/uploads\/2026\/03\/1-2026-03-28T094719.315.jpg","contentUrl":"https:\/\/ekco-ci.com\/ecommerce\/wp-content\/uploads\/2026\/03\/1-2026-03-28T094719.315.jpg","width":680,"height":680},{"@type":"BreadcrumbList","@id":"https:\/\/ekco-ci.com\/ecommerce\/produit\/binatone-cuiseur-a-riz-avec-cuiseur-vapeur-2-en-1-18l\/#breadcrumb","itemListElement":[{"@type":"ListItem","position":1,"name":"Home","item":"https:\/\/ekco-ci.com\/ecommerce\/"},{"@type":"ListItem","position":2,"name":"Boutique","item":"https:\/\/ekco-ci.com\/ecommerce\/boutique\/"},{"@type":"ListItem","position":3,"name":"Binatone CUISEUR \u00c0 RIZ avec Cuiseur vapeur 2 EN 1 &#8211; 1,8L"}]},{"@type":"WebSite","@id":"https:\/\/ekco-ci.com\/ecommerce\/#website","url":"https:\/\/ekco-ci.com\/ecommerce\/","name":"Ekco Boutique","description":"Ekco Boutique! La qualit\u00e9 au c\u0153ur de chaque achat","publisher":{"@id":"https:\/\/ekco-ci.com\/ecommerce\/#organization"},"alternateName":"Boutique","potentialAction":[{"@type":"SearchAction","target":{"@type":"EntryPoint","urlTemplate":"https:\/\/ekco-ci.com\/ecommerce\/?s={search_term_string}"},"query-input":{"@type":"PropertyValueSpecification","valueRequired":true,"valueName":"search_term_string"}}],"inLanguage":"fr-FR"},{"@type":"Organization","@id":"https:\/\/ekco-ci.com\/ecommerce\/#organization","name":"Ekco Boutique","url":"https:\/\/ekco-ci.com\/ecommerce\/","logo":{"@type":"ImageObject","inLanguage":"fr-FR","@id":"https:\/\/ekco-ci.com\/ecommerce\/#\/schema\/logo\/image\/","url":"https:\/\/ekco-ci.com\/ecommerce\/wp-content\/uploads\/2024\/08\/cropped-lologo.png","contentUrl":"https:\/\/ekco-ci.com\/ecommerce\/wp-content\/uploads\/2024\/08\/cropped-lologo.png","width":512,"height":512,"caption":"Ekco Boutique"},"image":{"@id":"https:\/\/ekco-ci.com\/ecommerce\/#\/schema\/logo\/image\/"}}]}},"uagb_featured_image_src":{"full":["https:\/\/ekco-ci.com\/ecommerce\/wp-content\/uploads\/2026\/03\/1-2026-03-28T094719.315.jpg",680,680,false],"thumbnail":["https:\/\/ekco-ci.com\/ecommerce\/wp-content\/uploads\/2026\/03\/1-2026-03-28T094719.315-150x150.jpg",150,150,true],"medium":["https:\/\/ekco-ci.com\/ecommerce\/wp-content\/uploads\/2026\/03\/1-2026-03-28T094719.315-300x300.jpg",300,300,true],"medium_large":["https:\/\/ekco-ci.com\/ecommerce\/wp-content\/uploads\/2026\/03\/1-2026-03-28T094719.315.jpg",680,680,false],"large":["https:\/\/ekco-ci.com\/ecommerce\/wp-content\/uploads\/2026\/03\/1-2026-03-28T094719.315.jpg",680,680,false],"1536x1536":["https:\/\/ekco-ci.com\/ecommerce\/wp-content\/uploads\/2026\/03\/1-2026-03-28T094719.315.jpg",680,680,false],"2048x2048":["https:\/\/ekco-ci.com\/ecommerce\/wp-content\/uploads\/2026\/03\/1-2026-03-28T094719.315.jpg",680,680,false],"cfw_cart_thumb":["https:\/\/ekco-ci.com\/ecommerce\/wp-content\/uploads\/2026\/03\/1-2026-03-28T094719.315-60x60.jpg",60,60,true],"cfw_order_bump_thumb":["https:\/\/ekco-ci.com\/ecommerce\/wp-content\/uploads\/2026\/03\/1-2026-03-28T094719.315-320x320.jpg",320,320,true],"woocommerce_thumbnail":["https:\/\/ekco-ci.com\/ecommerce\/wp-content\/uploads\/2026\/03\/1-2026-03-28T094719.315-300x225.jpg",300,225,true],"woocommerce_single":["https:\/\/ekco-ci.com\/ecommerce\/wp-content\/uploads\/2026\/03\/1-2026-03-28T094719.315-600x600.jpg",600,600,true],"woocommerce_gallery_thumbnail":["https:\/\/ekco-ci.com\/ecommerce\/wp-content\/uploads\/2026\/03\/1-2026-03-28T094719.315-100x100.jpg",100,100,true]},"uagb_author_info":{"display_name":"Charlemagne Koula","author_link":"https:\/\/ekco-ci.com\/ecommerce\/author\/"},"uagb_comment_info":0,"uagb_excerpt":"Pr\u00e9parez un riz parfait \u00e0 chaque fois avec le\u00a0cuiseur \u00e0 riz Binatone 1,8 L RCSG 1805.\u00a0Polyvalent et facile \u00e0 utiliser, [&hellip;]","_links":{"self":[{"href":"https:\/\/ekco-ci.com\/ecommerce\/wp-json\/wp\/v2\/product\/14465","targetHints":{"allow":["GET"]}}],"collection":[{"href":"https:\/\/ekco-ci.com\/ecommerce\/wp-json\/wp\/v2\/product"}],"about":[{"href":"https:\/\/ekco-ci.com\/ecommerce\/wp-json\/wp\/v2\/types\/product"}],"replies":[{"embeddable":true,"href":"https:\/\/ekco-ci.com\/ecommerce\/wp-json\/wp\/v2\/comments?post=14465"}],"wp:featuredmedia":[{"embeddable":true,"href":"https:\/\/ekco-ci.com\/ecommerce\/wp-json\/wp\/v2\/media\/14464"}],"wp:attachment":[{"href":"https:\/\/ekco-ci.com\/ecommerce\/wp-json\/wp\/v2\/media?parent=14465"}],"wp:term":[{"taxonomy":"product_brand","embeddable":true,"href":"https:\/\/ekco-ci.com\/ecommerce\/wp-json\/wp\/v2\/product_brand?post=14465"},{"taxonomy":"product_cat","embeddable":true,"href":"https:\/\/ekco-ci.com\/ecommerce\/wp-json\/wp\/v2\/product_cat?post=14465"},{"taxonomy":"product_tag","embeddable":true,"href":"https:\/\/ekco-ci.com\/ecommerce\/wp-json\/wp\/v2\/product_tag?post=14465"}],"curies":[{"name":"wp","href":"https:\/\/api.w.org\/{rel}","templated":true}]}}