{"id":14440,"date":"2026-03-27T14:55:36","date_gmt":"2026-03-27T14:55:36","guid":{"rendered":"https:\/\/ekco-ci.com\/ecommerce\/?post_type=product&#038;p=14440"},"modified":"2026-03-27T14:55:37","modified_gmt":"2026-03-27T14:55:37","slug":"gueeton-souris-sans-fil-ultra-mince-2-4g-bluetooth","status":"publish","type":"product","link":"https:\/\/ekco-ci.com\/ecommerce\/produit\/gueeton-souris-sans-fil-ultra-mince-2-4g-bluetooth\/","title":{"rendered":"GUEETON Souris sans fil ultra-mince 2.4G Bluetooth"},"content":{"rendered":"<ul>\n<li>Souris d&#8217;ordinateur sans fil rechargeable &#8211; Cette souris USB sans fil \u00e0 LED est dot\u00e9e d&#8217;une batterie rechargeable int\u00e9gr\u00e9e de 500 mA. S&#8217;il est compl\u00e8tement charg\u00e9, il peut \u00eatre utilis\u00e9 pendant environ 3 semaines ; si la batterie est faible, la lumi\u00e8re de la souris s&#8217;\u00e9teint et le mouvement du curseur ralentit ou ne bouge pas. Veuillez charger \u00e0 temps. Bien entendu, cette souris dispose \u00e9galement d&#8217;une fonction d&#8217;\u00e9conomie d&#8217;\u00e9nergie automatique. Une fois la souris allum\u00e9e pendant 8 minutes, si elle n&#8217;est pas utilis\u00e9e, elle entrera en mode veille.<\/li>\n<li><\/li>\n<li>7 couleurs LED RGB Breathing Light &#8211; Ce type de lumi\u00e8re ne vous rendra pas \u00e9blouissant, mais il peut certainement augmenter la beaut\u00e9 du produit, surtout la nuit, il peut cr\u00e9er un effet cool; tant que vous allumez le bouton d&#8217;\u00e9clairage, il basculera automatiquement entre diff\u00e9rentes couleurs de lumi\u00e8re.<\/li>\n<li><\/li>\n<li>Ultra-silencieux et ergonomique &#8211; La derni\u00e8re technologie de sourdine peut r\u00e9duire le bruit de 95%, adapt\u00e9e pour une utilisation dans les lieux publics tels que les biblioth\u00e8ques, les caf\u00e9s, les bureaux, etc. Presque pas de bruit lorsqu&#8217;il fonctionne, ne vous inqui\u00e9tez pas d&#8217;affecter qui que ce soit. \u00c9l\u00e9gant, bien construit et l\u00e9ger avec une finition mate r\u00e9sistante \u00e0 la transpiration. Forme profil\u00e9e pour tenir confortablement dans la paume de vos mains afin que vous puissiez rester productif plus longtemps.<\/li>\n<li><\/li>\n<li><strong>Transmission stable 2.4 G et bluetooth, double mode<\/strong>, il peut basculer entre 2.4G et bluetooth, Plug and Play, 10 m de distance de connexion<\/li>\n<li><\/li>\n<li>Technologie sans fil 2,4 GHz et 3 niveaux DPI r\u00e9glables &#8211; Le sans fil 2,4 G offre une connexion stable et un suivi pr\u00e9cis. En connectant le r\u00e9cepteur USB au port USB, vous pouvez l&#8217;utiliser \u00e0 tout moment et n&#8217;importe o\u00f9, sans retard ni interf\u00e9rence. Et veuillez noter que la distance de connexion 2.4G ne peut pas d\u00e9passer 10 m\u00e8tres. DPI r\u00e9glable \u00e0 3 niveaux (800\/1200\/1600 DPI), librement pour satisfaire le travail quotidien et le jeu simple.<\/li>\n<li><\/li>\n<li>Compatibilit\u00e9 universelle et qualit\u00e9 fiable &#8211; La souris sans fil est compatible avec presque tous les appareils populaires, y compris les PC, les ordinateurs portables, les MacBook, les Mac et prend en charge Windows 7\/8\/10\/XP, et plus encore.<\/li>\n<li><\/li>\n<li><\/li>\n<li>Pr\u00e9-alarme intelligente : une fois \u00e0 faible puissance, la souris fonctionne lentement pour pr\u00e9-alarmer l&#8217;utilisateur pour charger la souris, elle ne s&#8217;\u00e9teindra pas soudainement \u00e0 cause de l&#8217;absence d&#8217;alimentation.<\/li>\n<li><\/li>\n<li>Attention, la souris a une fonction de veille intelligente, si votre PC est en \u00e9tat de veille, la souris passera automatiquement en \u00e9tat de veille.<\/li>\n<\/ul>\n<p>&nbsp;<\/p>\n<ul>\n<li><\/li>\n<li><strong>Conseils chaleureux :<\/strong><\/li>\n<li><\/li>\n<li>1. Pour \u00e9conomiser de l&#8217;espace, le r\u00e9cepteur est stock\u00e9 dans le bas de la souris.<\/li>\n<li><\/li>\n<li>2. Le curseur de la souris se d\u00e9place lentement ou s&#8217;arr\u00eate lorsque la batterie de la souris est faible. Veuillez le charger \u00e0 temps. Le voyant bleu \u00e0 c\u00f4t\u00e9 de la molette de d\u00e9filement s&#8217;allumera pendant le chargement, puis s&#8217;\u00e9teindra lorsque la souris sera compl\u00e8tement charg\u00e9e.<\/li>\n<li><\/li>\n<li>3. Ne d\u00e9montez pas la souris par vous-m\u00eame, \u00e9vitez de la laisser tomber et \u00e9vitez l&#8217;eau.<\/li>\n<\/ul>\n<p>&nbsp;<\/p>\n<ul>\n<li><\/li>\n<li><strong>Pourquoi vous valez la peine d&#8217;acheter ce produit :<\/strong><\/li>\n<li><\/li>\n<li>1.\u00a0Transmission stable 2.4 G \uff0c2.4G et transmission de 33 pieds Connexion stable<\/li>\n<li><\/li>\n<li>2. Suivi pr\u00e9cis (1600 DPI)<\/li>\n<li><\/li>\n<li>3. \u00c9conomie d&#8217;\u00e9nergie et rechargeable<\/li>\n<li><\/li>\n<li>4.Conception ergonomique et ultra-silencieuse<\/li>\n<li><\/li>\n<li>5. Largement Compatibilit\u00e9<\/li>\n<\/ul>\n<p>&nbsp;<\/p>\n<ul>\n<li><\/li>\n<li><strong>Comment utiliser la souris sans fil ?<\/strong><\/li>\n<li><\/li>\n<li>1.Chargez la souris pendant environ 1 heure avant de l&#8217;utiliser pour la premi\u00e8re fois.<\/li>\n<li><\/li>\n<li>2. Retirez le r\u00e9cepteur USB, qui est stock\u00e9 sous le dos de la souris.<\/li>\n<li><\/li>\n<li>3. Ins\u00e9rez le r\u00e9cepteur USB dans le port USB de votre PC\/ordinateur portable.<\/li>\n<li><\/li>\n<li>4. Allumez la souris, le commutateur est au bas de la souris.<\/li>\n<li><\/li>\n<li>5. Attendez quelques secondes pour l&#8217;installation, aucune action n&#8217;est n\u00e9cessaire, attendez simplement. Ensuite, vous pouvez l&#8217;utiliser.<\/li>\n<\/ul>\n","protected":false},"excerpt":{"rendered":"<p>Souris d&#8217;ordinateur sans fil rechargeable &#8211; Cette souris USB sans fil \u00e0 LED est dot\u00e9e d&#8217;une batterie rechargeable int\u00e9gr\u00e9e de [&hellip;]<\/p>\n","protected":false},"featured_media":14441,"comment_status":"open","ping_status":"closed","template":"","meta":{"_uag_custom_page_level_css":"","site-sidebar-layout":"default","site-content-layout":"","ast-site-content-layout":"default","site-content-style":"default","site-sidebar-style":"default","ast-global-header-display":"","ast-banner-title-visibility":"","ast-main-header-display":"","ast-hfb-above-header-display":"","ast-hfb-below-header-display":"","ast-hfb-mobile-header-display":"","site-post-title":"","ast-breadcrumbs-content":"","ast-featured-img":"","footer-sml-layout":"","ast-disable-related-posts":"","theme-transparent-header-meta":"default","adv-header-id-meta":"","stick-header-meta":"","header-above-stick-meta":"","header-main-stick-meta":"","header-below-stick-meta":"","astra-migrate-meta-layouts":"set","ast-page-background-enabled":"default","ast-page-background-meta":{"desktop":{"background-color":"var(--ast-global-color-4)","background-image":"","background-repeat":"repeat","background-position":"center center","background-size":"auto","background-attachment":"scroll","background-type":"","background-media":"","overlay-type":"","overlay-color":"","overlay-opacity":"","overlay-gradient":""},"tablet":{"background-color":"","background-image":"","background-repeat":"repeat","background-position":"center center","background-size":"auto","background-attachment":"scroll","background-type":"","background-media":"","overlay-type":"","overlay-color":"","overlay-opacity":"","overlay-gradient":""},"mobile":{"background-color":"","background-image":"","background-repeat":"repeat","background-position":"center center","background-size":"auto","background-attachment":"scroll","background-type":"","background-media":"","overlay-type":"","overlay-color":"","overlay-opacity":"","overlay-gradient":""}},"ast-content-background-meta":{"desktop":{"background-color":"var(--ast-global-color-5)","background-image":"","background-repeat":"repeat","background-position":"center center","background-size":"auto","background-attachment":"scroll","background-type":"","background-media":"","overlay-type":"","overlay-color":"","overlay-opacity":"","overlay-gradient":""},"tablet":{"background-color":"var(--ast-global-color-5)","background-image":"","background-repeat":"repeat","background-position":"center center","background-size":"auto","background-attachment":"scroll","background-type":"","background-media":"","overlay-type":"","overlay-color":"","overlay-opacity":"","overlay-gradient":""},"mobile":{"background-color":"var(--ast-global-color-5)","background-image":"","background-repeat":"repeat","background-position":"center center","background-size":"auto","background-attachment":"scroll","background-type":"","background-media":"","overlay-type":"","overlay-color":"","overlay-opacity":"","overlay-gradient":""}}},"product_brand":[],"product_cat":[1298,103,976,102,977],"product_tag":[],"class_list":{"0":"post-14440","1":"product","2":"type-product","3":"status-publish","4":"has-post-thumbnail","6":"product_cat-accessoires-it-informatique","7":"product_cat-accessoires-it","8":"product_cat-claviers-souris-pc","9":"product_cat-informatique","10":"product_cat-souris","11":"desktop-align-left","12":"tablet-align-left","13":"mobile-align-left","15":"first","16":"instock","17":"sale","18":"shipping-taxable","19":"purchasable","20":"product-type-simple"},"yoast_head":"<!-- This site is optimized with the Yoast SEO plugin v26.8 - https:\/\/yoast.com\/product\/yoast-seo-wordpress\/ -->\n<title>GUEETON Souris sans fil ultra-mince 2.4G Bluetooth - Ekco Boutique<\/title>\n<meta name=\"robots\" content=\"index, follow, max-snippet:-1, max-image-preview:large, max-video-preview:-1\" \/>\n<link rel=\"canonical\" href=\"https:\/\/ekco-ci.com\/ecommerce\/produit\/gueeton-souris-sans-fil-ultra-mince-2-4g-bluetooth\/\" \/>\n<meta property=\"og:locale\" content=\"fr_FR\" \/>\n<meta property=\"og:type\" content=\"article\" \/>\n<meta property=\"og:title\" content=\"GUEETON Souris sans fil ultra-mince 2.4G Bluetooth - Ekco Boutique\" \/>\n<meta property=\"og:description\" content=\"Souris d&#8217;ordinateur sans fil rechargeable &#8211; Cette souris USB sans fil \u00e0 LED est dot\u00e9e d&#8217;une batterie rechargeable int\u00e9gr\u00e9e de [&hellip;]\" \/>\n<meta property=\"og:url\" content=\"https:\/\/ekco-ci.com\/ecommerce\/produit\/gueeton-souris-sans-fil-ultra-mince-2-4g-bluetooth\/\" \/>\n<meta property=\"og:site_name\" content=\"Ekco Boutique\" \/>\n<meta property=\"article:modified_time\" content=\"2026-03-27T14:55:37+00:00\" \/>\n<meta property=\"og:image\" content=\"https:\/\/ekco-ci.com\/ecommerce\/wp-content\/uploads\/2026\/03\/1-2026-03-27T144220.684.jpg\" \/>\n\t<meta property=\"og:image:width\" content=\"680\" \/>\n\t<meta property=\"og:image:height\" content=\"680\" \/>\n\t<meta property=\"og:image:type\" content=\"image\/jpeg\" \/>\n<meta name=\"twitter:card\" content=\"summary_large_image\" \/>\n<meta name=\"twitter:label1\" content=\"Dur\u00e9e de lecture estim\u00e9e\" \/>\n\t<meta name=\"twitter:data1\" content=\"4 minutes\" \/>\n<script type=\"application\/ld+json\" class=\"yoast-schema-graph\">{\"@context\":\"https:\/\/schema.org\",\"@graph\":[{\"@type\":\"WebPage\",\"@id\":\"https:\/\/ekco-ci.com\/ecommerce\/produit\/gueeton-souris-sans-fil-ultra-mince-2-4g-bluetooth\/\",\"url\":\"https:\/\/ekco-ci.com\/ecommerce\/produit\/gueeton-souris-sans-fil-ultra-mince-2-4g-bluetooth\/\",\"name\":\"GUEETON Souris sans fil ultra-mince 2.4G Bluetooth - Ekco Boutique\",\"isPartOf\":{\"@id\":\"https:\/\/ekco-ci.com\/ecommerce\/#website\"},\"primaryImageOfPage\":{\"@id\":\"https:\/\/ekco-ci.com\/ecommerce\/produit\/gueeton-souris-sans-fil-ultra-mince-2-4g-bluetooth\/#primaryimage\"},\"image\":{\"@id\":\"https:\/\/ekco-ci.com\/ecommerce\/produit\/gueeton-souris-sans-fil-ultra-mince-2-4g-bluetooth\/#primaryimage\"},\"thumbnailUrl\":\"https:\/\/ekco-ci.com\/ecommerce\/wp-content\/uploads\/2026\/03\/1-2026-03-27T144220.684.jpg\",\"datePublished\":\"2026-03-27T14:55:36+00:00\",\"dateModified\":\"2026-03-27T14:55:37+00:00\",\"breadcrumb\":{\"@id\":\"https:\/\/ekco-ci.com\/ecommerce\/produit\/gueeton-souris-sans-fil-ultra-mince-2-4g-bluetooth\/#breadcrumb\"},\"inLanguage\":\"fr-FR\",\"potentialAction\":[{\"@type\":\"ReadAction\",\"target\":[\"https:\/\/ekco-ci.com\/ecommerce\/produit\/gueeton-souris-sans-fil-ultra-mince-2-4g-bluetooth\/\"]}]},{\"@type\":\"ImageObject\",\"inLanguage\":\"fr-FR\",\"@id\":\"https:\/\/ekco-ci.com\/ecommerce\/produit\/gueeton-souris-sans-fil-ultra-mince-2-4g-bluetooth\/#primaryimage\",\"url\":\"https:\/\/ekco-ci.com\/ecommerce\/wp-content\/uploads\/2026\/03\/1-2026-03-27T144220.684.jpg\",\"contentUrl\":\"https:\/\/ekco-ci.com\/ecommerce\/wp-content\/uploads\/2026\/03\/1-2026-03-27T144220.684.jpg\",\"width\":680,\"height\":680},{\"@type\":\"BreadcrumbList\",\"@id\":\"https:\/\/ekco-ci.com\/ecommerce\/produit\/gueeton-souris-sans-fil-ultra-mince-2-4g-bluetooth\/#breadcrumb\",\"itemListElement\":[{\"@type\":\"ListItem\",\"position\":1,\"name\":\"Home\",\"item\":\"https:\/\/ekco-ci.com\/ecommerce\/\"},{\"@type\":\"ListItem\",\"position\":2,\"name\":\"Boutique\",\"item\":\"https:\/\/ekco-ci.com\/ecommerce\/boutique\/\"},{\"@type\":\"ListItem\",\"position\":3,\"name\":\"GUEETON Souris sans fil ultra-mince 2.4G Bluetooth\"}]},{\"@type\":\"WebSite\",\"@id\":\"https:\/\/ekco-ci.com\/ecommerce\/#website\",\"url\":\"https:\/\/ekco-ci.com\/ecommerce\/\",\"name\":\"Ekco Boutique\",\"description\":\"Ekco Boutique! La qualit\u00e9 au c\u0153ur de chaque achat\",\"publisher\":{\"@id\":\"https:\/\/ekco-ci.com\/ecommerce\/#organization\"},\"alternateName\":\"Boutique\",\"potentialAction\":[{\"@type\":\"SearchAction\",\"target\":{\"@type\":\"EntryPoint\",\"urlTemplate\":\"https:\/\/ekco-ci.com\/ecommerce\/?s={search_term_string}\"},\"query-input\":{\"@type\":\"PropertyValueSpecification\",\"valueRequired\":true,\"valueName\":\"search_term_string\"}}],\"inLanguage\":\"fr-FR\"},{\"@type\":\"Organization\",\"@id\":\"https:\/\/ekco-ci.com\/ecommerce\/#organization\",\"name\":\"Ekco Boutique\",\"url\":\"https:\/\/ekco-ci.com\/ecommerce\/\",\"logo\":{\"@type\":\"ImageObject\",\"inLanguage\":\"fr-FR\",\"@id\":\"https:\/\/ekco-ci.com\/ecommerce\/#\/schema\/logo\/image\/\",\"url\":\"https:\/\/ekco-ci.com\/ecommerce\/wp-content\/uploads\/2024\/08\/cropped-lologo.png\",\"contentUrl\":\"https:\/\/ekco-ci.com\/ecommerce\/wp-content\/uploads\/2024\/08\/cropped-lologo.png\",\"width\":512,\"height\":512,\"caption\":\"Ekco Boutique\"},\"image\":{\"@id\":\"https:\/\/ekco-ci.com\/ecommerce\/#\/schema\/logo\/image\/\"}}]}<\/script>\n<!-- \/ Yoast SEO plugin. -->","yoast_head_json":{"title":"GUEETON Souris sans fil ultra-mince 2.4G Bluetooth - Ekco Boutique","robots":{"index":"index","follow":"follow","max-snippet":"max-snippet:-1","max-image-preview":"max-image-preview:large","max-video-preview":"max-video-preview:-1"},"canonical":"https:\/\/ekco-ci.com\/ecommerce\/produit\/gueeton-souris-sans-fil-ultra-mince-2-4g-bluetooth\/","og_locale":"fr_FR","og_type":"article","og_title":"GUEETON Souris sans fil ultra-mince 2.4G Bluetooth - Ekco Boutique","og_description":"Souris d&#8217;ordinateur sans fil rechargeable &#8211; Cette souris USB sans fil \u00e0 LED est dot\u00e9e d&#8217;une batterie rechargeable int\u00e9gr\u00e9e de [&hellip;]","og_url":"https:\/\/ekco-ci.com\/ecommerce\/produit\/gueeton-souris-sans-fil-ultra-mince-2-4g-bluetooth\/","og_site_name":"Ekco Boutique","article_modified_time":"2026-03-27T14:55:37+00:00","og_image":[{"width":680,"height":680,"url":"https:\/\/ekco-ci.com\/ecommerce\/wp-content\/uploads\/2026\/03\/1-2026-03-27T144220.684.jpg","type":"image\/jpeg"}],"twitter_card":"summary_large_image","twitter_misc":{"Dur\u00e9e de lecture estim\u00e9e":"4 minutes"},"schema":{"@context":"https:\/\/schema.org","@graph":[{"@type":"WebPage","@id":"https:\/\/ekco-ci.com\/ecommerce\/produit\/gueeton-souris-sans-fil-ultra-mince-2-4g-bluetooth\/","url":"https:\/\/ekco-ci.com\/ecommerce\/produit\/gueeton-souris-sans-fil-ultra-mince-2-4g-bluetooth\/","name":"GUEETON Souris sans fil ultra-mince 2.4G Bluetooth - Ekco Boutique","isPartOf":{"@id":"https:\/\/ekco-ci.com\/ecommerce\/#website"},"primaryImageOfPage":{"@id":"https:\/\/ekco-ci.com\/ecommerce\/produit\/gueeton-souris-sans-fil-ultra-mince-2-4g-bluetooth\/#primaryimage"},"image":{"@id":"https:\/\/ekco-ci.com\/ecommerce\/produit\/gueeton-souris-sans-fil-ultra-mince-2-4g-bluetooth\/#primaryimage"},"thumbnailUrl":"https:\/\/ekco-ci.com\/ecommerce\/wp-content\/uploads\/2026\/03\/1-2026-03-27T144220.684.jpg","datePublished":"2026-03-27T14:55:36+00:00","dateModified":"2026-03-27T14:55:37+00:00","breadcrumb":{"@id":"https:\/\/ekco-ci.com\/ecommerce\/produit\/gueeton-souris-sans-fil-ultra-mince-2-4g-bluetooth\/#breadcrumb"},"inLanguage":"fr-FR","potentialAction":[{"@type":"ReadAction","target":["https:\/\/ekco-ci.com\/ecommerce\/produit\/gueeton-souris-sans-fil-ultra-mince-2-4g-bluetooth\/"]}]},{"@type":"ImageObject","inLanguage":"fr-FR","@id":"https:\/\/ekco-ci.com\/ecommerce\/produit\/gueeton-souris-sans-fil-ultra-mince-2-4g-bluetooth\/#primaryimage","url":"https:\/\/ekco-ci.com\/ecommerce\/wp-content\/uploads\/2026\/03\/1-2026-03-27T144220.684.jpg","contentUrl":"https:\/\/ekco-ci.com\/ecommerce\/wp-content\/uploads\/2026\/03\/1-2026-03-27T144220.684.jpg","width":680,"height":680},{"@type":"BreadcrumbList","@id":"https:\/\/ekco-ci.com\/ecommerce\/produit\/gueeton-souris-sans-fil-ultra-mince-2-4g-bluetooth\/#breadcrumb","itemListElement":[{"@type":"ListItem","position":1,"name":"Home","item":"https:\/\/ekco-ci.com\/ecommerce\/"},{"@type":"ListItem","position":2,"name":"Boutique","item":"https:\/\/ekco-ci.com\/ecommerce\/boutique\/"},{"@type":"ListItem","position":3,"name":"GUEETON Souris sans fil ultra-mince 2.4G Bluetooth"}]},{"@type":"WebSite","@id":"https:\/\/ekco-ci.com\/ecommerce\/#website","url":"https:\/\/ekco-ci.com\/ecommerce\/","name":"Ekco Boutique","description":"Ekco Boutique! La qualit\u00e9 au c\u0153ur de chaque achat","publisher":{"@id":"https:\/\/ekco-ci.com\/ecommerce\/#organization"},"alternateName":"Boutique","potentialAction":[{"@type":"SearchAction","target":{"@type":"EntryPoint","urlTemplate":"https:\/\/ekco-ci.com\/ecommerce\/?s={search_term_string}"},"query-input":{"@type":"PropertyValueSpecification","valueRequired":true,"valueName":"search_term_string"}}],"inLanguage":"fr-FR"},{"@type":"Organization","@id":"https:\/\/ekco-ci.com\/ecommerce\/#organization","name":"Ekco Boutique","url":"https:\/\/ekco-ci.com\/ecommerce\/","logo":{"@type":"ImageObject","inLanguage":"fr-FR","@id":"https:\/\/ekco-ci.com\/ecommerce\/#\/schema\/logo\/image\/","url":"https:\/\/ekco-ci.com\/ecommerce\/wp-content\/uploads\/2024\/08\/cropped-lologo.png","contentUrl":"https:\/\/ekco-ci.com\/ecommerce\/wp-content\/uploads\/2024\/08\/cropped-lologo.png","width":512,"height":512,"caption":"Ekco Boutique"},"image":{"@id":"https:\/\/ekco-ci.com\/ecommerce\/#\/schema\/logo\/image\/"}}]}},"uagb_featured_image_src":{"full":["https:\/\/ekco-ci.com\/ecommerce\/wp-content\/uploads\/2026\/03\/1-2026-03-27T144220.684.jpg",680,680,false],"thumbnail":["https:\/\/ekco-ci.com\/ecommerce\/wp-content\/uploads\/2026\/03\/1-2026-03-27T144220.684-150x150.jpg",150,150,true],"medium":["https:\/\/ekco-ci.com\/ecommerce\/wp-content\/uploads\/2026\/03\/1-2026-03-27T144220.684-300x300.jpg",300,300,true],"medium_large":["https:\/\/ekco-ci.com\/ecommerce\/wp-content\/uploads\/2026\/03\/1-2026-03-27T144220.684.jpg",680,680,false],"large":["https:\/\/ekco-ci.com\/ecommerce\/wp-content\/uploads\/2026\/03\/1-2026-03-27T144220.684.jpg",680,680,false],"1536x1536":["https:\/\/ekco-ci.com\/ecommerce\/wp-content\/uploads\/2026\/03\/1-2026-03-27T144220.684.jpg",680,680,false],"2048x2048":["https:\/\/ekco-ci.com\/ecommerce\/wp-content\/uploads\/2026\/03\/1-2026-03-27T144220.684.jpg",680,680,false],"cfw_cart_thumb":["https:\/\/ekco-ci.com\/ecommerce\/wp-content\/uploads\/2026\/03\/1-2026-03-27T144220.684-60x60.jpg",60,60,true],"cfw_order_bump_thumb":["https:\/\/ekco-ci.com\/ecommerce\/wp-content\/uploads\/2026\/03\/1-2026-03-27T144220.684-320x320.jpg",320,320,true],"woocommerce_thumbnail":["https:\/\/ekco-ci.com\/ecommerce\/wp-content\/uploads\/2026\/03\/1-2026-03-27T144220.684-300x225.jpg",300,225,true],"woocommerce_single":["https:\/\/ekco-ci.com\/ecommerce\/wp-content\/uploads\/2026\/03\/1-2026-03-27T144220.684-600x600.jpg",600,600,true],"woocommerce_gallery_thumbnail":["https:\/\/ekco-ci.com\/ecommerce\/wp-content\/uploads\/2026\/03\/1-2026-03-27T144220.684-100x100.jpg",100,100,true]},"uagb_author_info":{"display_name":"Charlemagne Koula","author_link":"https:\/\/ekco-ci.com\/ecommerce\/author\/"},"uagb_comment_info":0,"uagb_excerpt":"Souris d&#8217;ordinateur sans fil rechargeable &#8211; Cette souris USB sans fil \u00e0 LED est dot\u00e9e d&#8217;une batterie rechargeable int\u00e9gr\u00e9e de [&hellip;]","_links":{"self":[{"href":"https:\/\/ekco-ci.com\/ecommerce\/wp-json\/wp\/v2\/product\/14440","targetHints":{"allow":["GET"]}}],"collection":[{"href":"https:\/\/ekco-ci.com\/ecommerce\/wp-json\/wp\/v2\/product"}],"about":[{"href":"https:\/\/ekco-ci.com\/ecommerce\/wp-json\/wp\/v2\/types\/product"}],"replies":[{"embeddable":true,"href":"https:\/\/ekco-ci.com\/ecommerce\/wp-json\/wp\/v2\/comments?post=14440"}],"wp:featuredmedia":[{"embeddable":true,"href":"https:\/\/ekco-ci.com\/ecommerce\/wp-json\/wp\/v2\/media\/14441"}],"wp:attachment":[{"href":"https:\/\/ekco-ci.com\/ecommerce\/wp-json\/wp\/v2\/media?parent=14440"}],"wp:term":[{"taxonomy":"product_brand","embeddable":true,"href":"https:\/\/ekco-ci.com\/ecommerce\/wp-json\/wp\/v2\/product_brand?post=14440"},{"taxonomy":"product_cat","embeddable":true,"href":"https:\/\/ekco-ci.com\/ecommerce\/wp-json\/wp\/v2\/product_cat?post=14440"},{"taxonomy":"product_tag","embeddable":true,"href":"https:\/\/ekco-ci.com\/ecommerce\/wp-json\/wp\/v2\/product_tag?post=14440"}],"curies":[{"name":"wp","href":"https:\/\/api.w.org\/{rel}","templated":true}]}}