{"id":14319,"date":"2026-03-20T10:37:27","date_gmt":"2026-03-20T10:37:27","guid":{"rendered":"https:\/\/ekco-ci.com\/ecommerce\/?post_type=product&#038;p=14319"},"modified":"2026-03-20T10:37:28","modified_gmt":"2026-03-20T10:37:28","slug":"sokany-four-halogene-turbo-noir-blanc","status":"publish","type":"product","link":"https:\/\/ekco-ci.com\/ecommerce\/produit\/sokany-four-halogene-turbo-noir-blanc\/","title":{"rendered":"Sokany Four Halog\u00e8ne Turbo &#8211; Noir\/Blanc"},"content":{"rendered":"<p>vous cherchez un moyen de\u00a0<b>r\u00e9duire\u00a0<\/b>l&#8217;utilisation\u00a0<b>d&#8217;huile<\/b>\u00a0dans vos repas.<br \/>\n<img decoding=\"async\" src=\"https:\/\/ci.jumia.is\/cms\/external\/pet\/SO633HA0ZSY6XNAFAMZ\/5f237dc94f05608fdae16ced5ad2f574.jpg\" alt=\"utiliser un four turbo pour cuire le poulet\" data-src=\"https:\/\/ci.jumia.is\/cms\/external\/pet\/SO633HA0ZSY6XNAFAMZ\/5f237dc94f05608fdae16ced5ad2f574.jpg\" \/><br \/>\nCe Four halog\u00e8ne \u00e9lectrique Cuisson 2 \u00e0 3 fois plus rapide qu&#8217;un four standard La circulation d&#8217;air chaud cuit et fait dorer les aliments rapidement et uniform\u00e9ment gr\u00e2ce \u00e0 une cuisson saine &#8211; aucune huile ou graisse requise ne saisit l&#8217;ext\u00e9rieur de votre viande en la gardant humide sur le l&#8217;int\u00e9rieur du bol en verre amovible facilite le nettoyage des r\u00f4tis, des toasts, des p\u00e2tisseries, des grils, des po\u00eales, des bruns, des barbecues, des r\u00e9chauffages et plus facile \u00e0 utiliser &#8211; il suffit de r\u00e9gler la minuterie et la temp\u00e9rature \u00e9conomique, portable et facile \u00e0 transporter<br \/>\n<img decoding=\"async\" src=\"https:\/\/ci.jumia.is\/cms\/external\/pet\/SO633HA0ZSY6XNAFAMZ\/6407a26613d00229a620fd0859012ba9.jpg\" alt=\"four turbo\" data-src=\"https:\/\/ci.jumia.is\/cms\/external\/pet\/SO633HA0ZSY6XNAFAMZ\/6407a26613d00229a620fd0859012ba9.jpg\" \/><\/p>\n","protected":false},"excerpt":{"rendered":"<p>vous cherchez un moyen de\u00a0r\u00e9duire\u00a0l&#8217;utilisation\u00a0d&#8217;huile\u00a0dans vos repas. Ce Four halog\u00e8ne \u00e9lectrique Cuisson 2 \u00e0 3 fois plus rapide qu&#8217;un four [&hellip;]<\/p>\n","protected":false},"featured_media":14320,"comment_status":"open","ping_status":"closed","template":"","meta":{"_uag_custom_page_level_css":"","site-sidebar-layout":"default","site-content-layout":"","ast-site-content-layout":"default","site-content-style":"default","site-sidebar-style":"default","ast-global-header-display":"","ast-banner-title-visibility":"","ast-main-header-display":"","ast-hfb-above-header-display":"","ast-hfb-below-header-display":"","ast-hfb-mobile-header-display":"","site-post-title":"","ast-breadcrumbs-content":"","ast-featured-img":"","footer-sml-layout":"","ast-disable-related-posts":"","theme-transparent-header-meta":"default","adv-header-id-meta":"","stick-header-meta":"","header-above-stick-meta":"","header-main-stick-meta":"","header-below-stick-meta":"","astra-migrate-meta-layouts":"set","ast-page-background-enabled":"default","ast-page-background-meta":{"desktop":{"background-color":"var(--ast-global-color-4)","background-image":"","background-repeat":"repeat","background-position":"center center","background-size":"auto","background-attachment":"scroll","background-type":"","background-media":"","overlay-type":"","overlay-color":"","overlay-opacity":"","overlay-gradient":""},"tablet":{"background-color":"","background-image":"","background-repeat":"repeat","background-position":"center center","background-size":"auto","background-attachment":"scroll","background-type":"","background-media":"","overlay-type":"","overlay-color":"","overlay-opacity":"","overlay-gradient":""},"mobile":{"background-color":"","background-image":"","background-repeat":"repeat","background-position":"center center","background-size":"auto","background-attachment":"scroll","background-type":"","background-media":"","overlay-type":"","overlay-color":"","overlay-opacity":"","overlay-gradient":""}},"ast-content-background-meta":{"desktop":{"background-color":"var(--ast-global-color-5)","background-image":"","background-repeat":"repeat","background-position":"center center","background-size":"auto","background-attachment":"scroll","background-type":"","background-media":"","overlay-type":"","overlay-color":"","overlay-opacity":"","overlay-gradient":""},"tablet":{"background-color":"var(--ast-global-color-5)","background-image":"","background-repeat":"repeat","background-position":"center center","background-size":"auto","background-attachment":"scroll","background-type":"","background-media":"","overlay-type":"","overlay-color":"","overlay-opacity":"","overlay-gradient":""},"mobile":{"background-color":"var(--ast-global-color-5)","background-image":"","background-repeat":"repeat","background-position":"center center","background-size":"auto","background-attachment":"scroll","background-type":"","background-media":"","overlay-type":"","overlay-color":"","overlay-opacity":"","overlay-gradient":""}}},"product_brand":[],"product_cat":[71,620,94,985],"product_tag":[],"class_list":{"0":"post-14319","1":"product","2":"type-product","3":"status-publish","4":"has-post-thumbnail","6":"product_cat-appareil-de-cuison","7":"product_cat-cuisine-arts-culinaires-cuisine-et-maison","8":"product_cat-cuisine-et-maison","9":"product_cat-ustensiles-outils-de-cuisine-cuisine-et-art-culinaire","10":"desktop-align-left","11":"tablet-align-left","12":"mobile-align-left","14":"first","15":"instock","16":"sale","17":"shipping-taxable","18":"purchasable","19":"product-type-simple"},"yoast_head":"<!-- This site is optimized with the Yoast SEO plugin v26.8 - https:\/\/yoast.com\/product\/yoast-seo-wordpress\/ -->\n<title>Sokany Four Halog\u00e8ne Turbo - Noir\/Blanc - Ekco Boutique<\/title>\n<meta name=\"robots\" content=\"index, follow, max-snippet:-1, max-image-preview:large, max-video-preview:-1\" \/>\n<link rel=\"canonical\" href=\"https:\/\/ekco-ci.com\/ecommerce\/produit\/sokany-four-halogene-turbo-noir-blanc\/\" \/>\n<meta property=\"og:locale\" content=\"fr_FR\" \/>\n<meta property=\"og:type\" content=\"article\" \/>\n<meta property=\"og:title\" content=\"Sokany Four Halog\u00e8ne Turbo - Noir\/Blanc - Ekco Boutique\" \/>\n<meta property=\"og:description\" content=\"vous cherchez un moyen de\u00a0r\u00e9duire\u00a0l&#8217;utilisation\u00a0d&#8217;huile\u00a0dans vos repas. Ce Four halog\u00e8ne \u00e9lectrique Cuisson 2 \u00e0 3 fois plus rapide qu&#8217;un four [&hellip;]\" \/>\n<meta property=\"og:url\" content=\"https:\/\/ekco-ci.com\/ecommerce\/produit\/sokany-four-halogene-turbo-noir-blanc\/\" \/>\n<meta property=\"og:site_name\" content=\"Ekco Boutique\" \/>\n<meta property=\"article:modified_time\" content=\"2026-03-20T10:37:28+00:00\" \/>\n<meta property=\"og:image\" content=\"https:\/\/ekco-ci.com\/ecommerce\/wp-content\/uploads\/2026\/03\/1-2026-03-20T102312.687.jpg\" \/>\n\t<meta property=\"og:image:width\" content=\"680\" \/>\n\t<meta property=\"og:image:height\" content=\"680\" \/>\n\t<meta property=\"og:image:type\" content=\"image\/jpeg\" \/>\n<meta name=\"twitter:card\" content=\"summary_large_image\" \/>\n<meta name=\"twitter:label1\" content=\"Dur\u00e9e de lecture estim\u00e9e\" \/>\n\t<meta name=\"twitter:data1\" content=\"2 minutes\" \/>\n<script type=\"application\/ld+json\" class=\"yoast-schema-graph\">{\"@context\":\"https:\/\/schema.org\",\"@graph\":[{\"@type\":\"WebPage\",\"@id\":\"https:\/\/ekco-ci.com\/ecommerce\/produit\/sokany-four-halogene-turbo-noir-blanc\/\",\"url\":\"https:\/\/ekco-ci.com\/ecommerce\/produit\/sokany-four-halogene-turbo-noir-blanc\/\",\"name\":\"Sokany Four Halog\u00e8ne Turbo - Noir\/Blanc - Ekco Boutique\",\"isPartOf\":{\"@id\":\"https:\/\/ekco-ci.com\/ecommerce\/#website\"},\"primaryImageOfPage\":{\"@id\":\"https:\/\/ekco-ci.com\/ecommerce\/produit\/sokany-four-halogene-turbo-noir-blanc\/#primaryimage\"},\"image\":{\"@id\":\"https:\/\/ekco-ci.com\/ecommerce\/produit\/sokany-four-halogene-turbo-noir-blanc\/#primaryimage\"},\"thumbnailUrl\":\"https:\/\/ekco-ci.com\/ecommerce\/wp-content\/uploads\/2026\/03\/1-2026-03-20T102312.687.jpg\",\"datePublished\":\"2026-03-20T10:37:27+00:00\",\"dateModified\":\"2026-03-20T10:37:28+00:00\",\"breadcrumb\":{\"@id\":\"https:\/\/ekco-ci.com\/ecommerce\/produit\/sokany-four-halogene-turbo-noir-blanc\/#breadcrumb\"},\"inLanguage\":\"fr-FR\",\"potentialAction\":[{\"@type\":\"ReadAction\",\"target\":[\"https:\/\/ekco-ci.com\/ecommerce\/produit\/sokany-four-halogene-turbo-noir-blanc\/\"]}]},{\"@type\":\"ImageObject\",\"inLanguage\":\"fr-FR\",\"@id\":\"https:\/\/ekco-ci.com\/ecommerce\/produit\/sokany-four-halogene-turbo-noir-blanc\/#primaryimage\",\"url\":\"https:\/\/ekco-ci.com\/ecommerce\/wp-content\/uploads\/2026\/03\/1-2026-03-20T102312.687.jpg\",\"contentUrl\":\"https:\/\/ekco-ci.com\/ecommerce\/wp-content\/uploads\/2026\/03\/1-2026-03-20T102312.687.jpg\",\"width\":680,\"height\":680},{\"@type\":\"BreadcrumbList\",\"@id\":\"https:\/\/ekco-ci.com\/ecommerce\/produit\/sokany-four-halogene-turbo-noir-blanc\/#breadcrumb\",\"itemListElement\":[{\"@type\":\"ListItem\",\"position\":1,\"name\":\"Home\",\"item\":\"https:\/\/ekco-ci.com\/ecommerce\/\"},{\"@type\":\"ListItem\",\"position\":2,\"name\":\"Boutique\",\"item\":\"https:\/\/ekco-ci.com\/ecommerce\/boutique\/\"},{\"@type\":\"ListItem\",\"position\":3,\"name\":\"Sokany Four Halog\u00e8ne Turbo &#8211; Noir\/Blanc\"}]},{\"@type\":\"WebSite\",\"@id\":\"https:\/\/ekco-ci.com\/ecommerce\/#website\",\"url\":\"https:\/\/ekco-ci.com\/ecommerce\/\",\"name\":\"Ekco Boutique\",\"description\":\"Ekco Boutique! La qualit\u00e9 au c\u0153ur de chaque achat\",\"publisher\":{\"@id\":\"https:\/\/ekco-ci.com\/ecommerce\/#organization\"},\"alternateName\":\"Boutique\",\"potentialAction\":[{\"@type\":\"SearchAction\",\"target\":{\"@type\":\"EntryPoint\",\"urlTemplate\":\"https:\/\/ekco-ci.com\/ecommerce\/?s={search_term_string}\"},\"query-input\":{\"@type\":\"PropertyValueSpecification\",\"valueRequired\":true,\"valueName\":\"search_term_string\"}}],\"inLanguage\":\"fr-FR\"},{\"@type\":\"Organization\",\"@id\":\"https:\/\/ekco-ci.com\/ecommerce\/#organization\",\"name\":\"Ekco Boutique\",\"url\":\"https:\/\/ekco-ci.com\/ecommerce\/\",\"logo\":{\"@type\":\"ImageObject\",\"inLanguage\":\"fr-FR\",\"@id\":\"https:\/\/ekco-ci.com\/ecommerce\/#\/schema\/logo\/image\/\",\"url\":\"https:\/\/ekco-ci.com\/ecommerce\/wp-content\/uploads\/2024\/08\/cropped-lologo.png\",\"contentUrl\":\"https:\/\/ekco-ci.com\/ecommerce\/wp-content\/uploads\/2024\/08\/cropped-lologo.png\",\"width\":512,\"height\":512,\"caption\":\"Ekco Boutique\"},\"image\":{\"@id\":\"https:\/\/ekco-ci.com\/ecommerce\/#\/schema\/logo\/image\/\"}}]}<\/script>\n<!-- \/ Yoast SEO plugin. -->","yoast_head_json":{"title":"Sokany Four Halog\u00e8ne Turbo - Noir\/Blanc - Ekco Boutique","robots":{"index":"index","follow":"follow","max-snippet":"max-snippet:-1","max-image-preview":"max-image-preview:large","max-video-preview":"max-video-preview:-1"},"canonical":"https:\/\/ekco-ci.com\/ecommerce\/produit\/sokany-four-halogene-turbo-noir-blanc\/","og_locale":"fr_FR","og_type":"article","og_title":"Sokany Four Halog\u00e8ne Turbo - Noir\/Blanc - Ekco Boutique","og_description":"vous cherchez un moyen de\u00a0r\u00e9duire\u00a0l&#8217;utilisation\u00a0d&#8217;huile\u00a0dans vos repas. Ce Four halog\u00e8ne \u00e9lectrique Cuisson 2 \u00e0 3 fois plus rapide qu&#8217;un four [&hellip;]","og_url":"https:\/\/ekco-ci.com\/ecommerce\/produit\/sokany-four-halogene-turbo-noir-blanc\/","og_site_name":"Ekco Boutique","article_modified_time":"2026-03-20T10:37:28+00:00","og_image":[{"width":680,"height":680,"url":"https:\/\/ekco-ci.com\/ecommerce\/wp-content\/uploads\/2026\/03\/1-2026-03-20T102312.687.jpg","type":"image\/jpeg"}],"twitter_card":"summary_large_image","twitter_misc":{"Dur\u00e9e de lecture estim\u00e9e":"2 minutes"},"schema":{"@context":"https:\/\/schema.org","@graph":[{"@type":"WebPage","@id":"https:\/\/ekco-ci.com\/ecommerce\/produit\/sokany-four-halogene-turbo-noir-blanc\/","url":"https:\/\/ekco-ci.com\/ecommerce\/produit\/sokany-four-halogene-turbo-noir-blanc\/","name":"Sokany Four Halog\u00e8ne Turbo - Noir\/Blanc - Ekco Boutique","isPartOf":{"@id":"https:\/\/ekco-ci.com\/ecommerce\/#website"},"primaryImageOfPage":{"@id":"https:\/\/ekco-ci.com\/ecommerce\/produit\/sokany-four-halogene-turbo-noir-blanc\/#primaryimage"},"image":{"@id":"https:\/\/ekco-ci.com\/ecommerce\/produit\/sokany-four-halogene-turbo-noir-blanc\/#primaryimage"},"thumbnailUrl":"https:\/\/ekco-ci.com\/ecommerce\/wp-content\/uploads\/2026\/03\/1-2026-03-20T102312.687.jpg","datePublished":"2026-03-20T10:37:27+00:00","dateModified":"2026-03-20T10:37:28+00:00","breadcrumb":{"@id":"https:\/\/ekco-ci.com\/ecommerce\/produit\/sokany-four-halogene-turbo-noir-blanc\/#breadcrumb"},"inLanguage":"fr-FR","potentialAction":[{"@type":"ReadAction","target":["https:\/\/ekco-ci.com\/ecommerce\/produit\/sokany-four-halogene-turbo-noir-blanc\/"]}]},{"@type":"ImageObject","inLanguage":"fr-FR","@id":"https:\/\/ekco-ci.com\/ecommerce\/produit\/sokany-four-halogene-turbo-noir-blanc\/#primaryimage","url":"https:\/\/ekco-ci.com\/ecommerce\/wp-content\/uploads\/2026\/03\/1-2026-03-20T102312.687.jpg","contentUrl":"https:\/\/ekco-ci.com\/ecommerce\/wp-content\/uploads\/2026\/03\/1-2026-03-20T102312.687.jpg","width":680,"height":680},{"@type":"BreadcrumbList","@id":"https:\/\/ekco-ci.com\/ecommerce\/produit\/sokany-four-halogene-turbo-noir-blanc\/#breadcrumb","itemListElement":[{"@type":"ListItem","position":1,"name":"Home","item":"https:\/\/ekco-ci.com\/ecommerce\/"},{"@type":"ListItem","position":2,"name":"Boutique","item":"https:\/\/ekco-ci.com\/ecommerce\/boutique\/"},{"@type":"ListItem","position":3,"name":"Sokany Four Halog\u00e8ne Turbo &#8211; Noir\/Blanc"}]},{"@type":"WebSite","@id":"https:\/\/ekco-ci.com\/ecommerce\/#website","url":"https:\/\/ekco-ci.com\/ecommerce\/","name":"Ekco Boutique","description":"Ekco Boutique! La qualit\u00e9 au c\u0153ur de chaque achat","publisher":{"@id":"https:\/\/ekco-ci.com\/ecommerce\/#organization"},"alternateName":"Boutique","potentialAction":[{"@type":"SearchAction","target":{"@type":"EntryPoint","urlTemplate":"https:\/\/ekco-ci.com\/ecommerce\/?s={search_term_string}"},"query-input":{"@type":"PropertyValueSpecification","valueRequired":true,"valueName":"search_term_string"}}],"inLanguage":"fr-FR"},{"@type":"Organization","@id":"https:\/\/ekco-ci.com\/ecommerce\/#organization","name":"Ekco Boutique","url":"https:\/\/ekco-ci.com\/ecommerce\/","logo":{"@type":"ImageObject","inLanguage":"fr-FR","@id":"https:\/\/ekco-ci.com\/ecommerce\/#\/schema\/logo\/image\/","url":"https:\/\/ekco-ci.com\/ecommerce\/wp-content\/uploads\/2024\/08\/cropped-lologo.png","contentUrl":"https:\/\/ekco-ci.com\/ecommerce\/wp-content\/uploads\/2024\/08\/cropped-lologo.png","width":512,"height":512,"caption":"Ekco Boutique"},"image":{"@id":"https:\/\/ekco-ci.com\/ecommerce\/#\/schema\/logo\/image\/"}}]}},"uagb_featured_image_src":{"full":["https:\/\/ekco-ci.com\/ecommerce\/wp-content\/uploads\/2026\/03\/1-2026-03-20T102312.687.jpg",680,680,false],"thumbnail":["https:\/\/ekco-ci.com\/ecommerce\/wp-content\/uploads\/2026\/03\/1-2026-03-20T102312.687-150x150.jpg",150,150,true],"medium":["https:\/\/ekco-ci.com\/ecommerce\/wp-content\/uploads\/2026\/03\/1-2026-03-20T102312.687-300x300.jpg",300,300,true],"medium_large":["https:\/\/ekco-ci.com\/ecommerce\/wp-content\/uploads\/2026\/03\/1-2026-03-20T102312.687.jpg",680,680,false],"large":["https:\/\/ekco-ci.com\/ecommerce\/wp-content\/uploads\/2026\/03\/1-2026-03-20T102312.687.jpg",680,680,false],"1536x1536":["https:\/\/ekco-ci.com\/ecommerce\/wp-content\/uploads\/2026\/03\/1-2026-03-20T102312.687.jpg",680,680,false],"2048x2048":["https:\/\/ekco-ci.com\/ecommerce\/wp-content\/uploads\/2026\/03\/1-2026-03-20T102312.687.jpg",680,680,false],"cfw_cart_thumb":["https:\/\/ekco-ci.com\/ecommerce\/wp-content\/uploads\/2026\/03\/1-2026-03-20T102312.687-60x60.jpg",60,60,true],"cfw_order_bump_thumb":["https:\/\/ekco-ci.com\/ecommerce\/wp-content\/uploads\/2026\/03\/1-2026-03-20T102312.687-320x320.jpg",320,320,true],"woocommerce_thumbnail":["https:\/\/ekco-ci.com\/ecommerce\/wp-content\/uploads\/2026\/03\/1-2026-03-20T102312.687-300x225.jpg",300,225,true],"woocommerce_single":["https:\/\/ekco-ci.com\/ecommerce\/wp-content\/uploads\/2026\/03\/1-2026-03-20T102312.687-600x600.jpg",600,600,true],"woocommerce_gallery_thumbnail":["https:\/\/ekco-ci.com\/ecommerce\/wp-content\/uploads\/2026\/03\/1-2026-03-20T102312.687-100x100.jpg",100,100,true]},"uagb_author_info":{"display_name":"Charlemagne Koula","author_link":"https:\/\/ekco-ci.com\/ecommerce\/author\/"},"uagb_comment_info":0,"uagb_excerpt":"vous cherchez un moyen de\u00a0r\u00e9duire\u00a0l&#8217;utilisation\u00a0d&#8217;huile\u00a0dans vos repas. Ce Four halog\u00e8ne \u00e9lectrique Cuisson 2 \u00e0 3 fois plus rapide qu&#8217;un four [&hellip;]","_links":{"self":[{"href":"https:\/\/ekco-ci.com\/ecommerce\/wp-json\/wp\/v2\/product\/14319","targetHints":{"allow":["GET"]}}],"collection":[{"href":"https:\/\/ekco-ci.com\/ecommerce\/wp-json\/wp\/v2\/product"}],"about":[{"href":"https:\/\/ekco-ci.com\/ecommerce\/wp-json\/wp\/v2\/types\/product"}],"replies":[{"embeddable":true,"href":"https:\/\/ekco-ci.com\/ecommerce\/wp-json\/wp\/v2\/comments?post=14319"}],"wp:featuredmedia":[{"embeddable":true,"href":"https:\/\/ekco-ci.com\/ecommerce\/wp-json\/wp\/v2\/media\/14320"}],"wp:attachment":[{"href":"https:\/\/ekco-ci.com\/ecommerce\/wp-json\/wp\/v2\/media?parent=14319"}],"wp:term":[{"taxonomy":"product_brand","embeddable":true,"href":"https:\/\/ekco-ci.com\/ecommerce\/wp-json\/wp\/v2\/product_brand?post=14319"},{"taxonomy":"product_cat","embeddable":true,"href":"https:\/\/ekco-ci.com\/ecommerce\/wp-json\/wp\/v2\/product_cat?post=14319"},{"taxonomy":"product_tag","embeddable":true,"href":"https:\/\/ekco-ci.com\/ecommerce\/wp-json\/wp\/v2\/product_tag?post=14319"}],"curies":[{"name":"wp","href":"https:\/\/api.w.org\/{rel}","templated":true}]}}