{"id":13401,"date":"2026-02-18T13:27:37","date_gmt":"2026-02-18T13:27:37","guid":{"rendered":"https:\/\/ekco-ci.com\/ecommerce\/?post_type=product&#038;p=13401"},"modified":"2026-02-18T13:27:39","modified_gmt":"2026-02-18T13:27:39","slug":"mateamoda-5-pcs-sacs-a-main-pour-femmesmateamoda-5-pcs-sacs-a-main-pour-femmes","status":"publish","type":"product","link":"https:\/\/ekco-ci.com\/ecommerce\/produit\/mateamoda-5-pcs-sacs-a-main-pour-femmesmateamoda-5-pcs-sacs-a-main-pour-femmes\/","title":{"rendered":"Mateamoda 5 PCS Sacs \u00e0 Main Pour FemmesMateamoda 5 PCS Sacs \u00e0 Main Pour Femmes"},"content":{"rendered":"<p>Le nombre de paquets: 5 Paquets<\/p>\n<p>Inclus: 1 Sac \u00e0 Main; 2 Sac \u00e0 bandouli\u00e8res; 1 Sac \u00e0 main sans bretelles; 1 Sac de cartes; Seulement 1 sangle<\/p>\n<p>Mat\u00e9riel: PU (Cuir Artificiel)<\/p>\n<p>Mat\u00e9riau int\u00e9rieur: Sans doublure<\/p>\n<p>Type de fermeture: Fermeture \u00e0 glissi\u00e8re<\/p>\n<p>Taille: Comme le montre la figure<\/p>\n<p>Porter: Sac \u00e0 main; Sac \u00e0 bandouli\u00e8re<\/p>\n<p>Motif: Imprim\u00e9 animal<\/p>\n<h3><strong>Attention<\/strong><\/h3>\n<p>1.La taille du produit est mesur\u00e9e \u00e0 la main et il peut y avoir une erreur de 1 \u00e0 3 cm, qui appartient \u00e0 la plage normale.<\/p>\n<p>2.\u00a0<b>Veuillez juger la taille du produit en fonction de la taille indiqu\u00e9e dans le lien du produit<\/b>, au lieu de vos propres sentiments bas\u00e9s sur les images. Parce que le m\u00eame produit peut appara\u00eetre grand ou petit en raison de la distance lors de la prise de photos.<\/p>\n<p>3. Pendant le processus de prise de vue du produit, en raison de la diff\u00e9rence de lumi\u00e8re, il peut y avoir une l\u00e9g\u00e8re diff\u00e9rence de couleur entre l&#8217;objet r\u00e9el et les images, ce qui est un ph\u00e9nom\u00e8ne normal.<\/p>\n<p>4. Le produit peut \u00eatre press\u00e9 lors de la livraison. Si le produit que vous avez re\u00e7u n&#8217;est pas aussi plat qu&#8217;il n&#8217;y para\u00eet sur les photos, ne vous inqui\u00e9tez pas. C&#8217;est un ph\u00e9nom\u00e8ne normal, et il ira bien apr\u00e8s une utilisation pendant un certain temps.<\/p>\n<p>5. Les produits fabriqu\u00e9s \u00e0 partir de l&#8217;usine auront une odeur de certains mat\u00e9riaux eux &#8211; m\u00eames. C\u2019est normal pour les nouveaux produits. Sortez le produit de l&#8217;emballage et l&#8217;odeur dispara\u00eetra apr\u00e8s quelques jours.<\/p>\n<p>6. Veuillez stocker dans un endroit frais et a\u00e9r\u00e9. Ne pas placer dans un endroit humide ou expos\u00e9 \u00e0 un soleil intense pendant de longues p\u00e9riodes.<\/p>\n","protected":false},"excerpt":{"rendered":"<p>Le nombre de paquets: 5 Paquets Inclus: 1 Sac \u00e0 Main; 2 Sac \u00e0 bandouli\u00e8res; 1 Sac \u00e0 main sans [&hellip;]<\/p>\n","protected":false},"featured_media":13404,"comment_status":"open","ping_status":"closed","template":"","meta":{"_uag_custom_page_level_css":"","site-sidebar-layout":"default","site-content-layout":"","ast-site-content-layout":"default","site-content-style":"default","site-sidebar-style":"default","ast-global-header-display":"","ast-banner-title-visibility":"","ast-main-header-display":"","ast-hfb-above-header-display":"","ast-hfb-below-header-display":"","ast-hfb-mobile-header-display":"","site-post-title":"","ast-breadcrumbs-content":"","ast-featured-img":"","footer-sml-layout":"","ast-disable-related-posts":"","theme-transparent-header-meta":"default","adv-header-id-meta":"","stick-header-meta":"","header-above-stick-meta":"","header-main-stick-meta":"","header-below-stick-meta":"","astra-migrate-meta-layouts":"set","ast-page-background-enabled":"default","ast-page-background-meta":{"desktop":{"background-color":"var(--ast-global-color-4)","background-image":"","background-repeat":"repeat","background-position":"center center","background-size":"auto","background-attachment":"scroll","background-type":"","background-media":"","overlay-type":"","overlay-color":"","overlay-opacity":"","overlay-gradient":""},"tablet":{"background-color":"","background-image":"","background-repeat":"repeat","background-position":"center center","background-size":"auto","background-attachment":"scroll","background-type":"","background-media":"","overlay-type":"","overlay-color":"","overlay-opacity":"","overlay-gradient":""},"mobile":{"background-color":"","background-image":"","background-repeat":"repeat","background-position":"center center","background-size":"auto","background-attachment":"scroll","background-type":"","background-media":"","overlay-type":"","overlay-color":"","overlay-opacity":"","overlay-gradient":""}},"ast-content-background-meta":{"desktop":{"background-color":"var(--ast-global-color-5)","background-image":"","background-repeat":"repeat","background-position":"center center","background-size":"auto","background-attachment":"scroll","background-type":"","background-media":"","overlay-type":"","overlay-color":"","overlay-opacity":"","overlay-gradient":""},"tablet":{"background-color":"var(--ast-global-color-5)","background-image":"","background-repeat":"repeat","background-position":"center center","background-size":"auto","background-attachment":"scroll","background-type":"","background-media":"","overlay-type":"","overlay-color":"","overlay-opacity":"","overlay-gradient":""},"mobile":{"background-color":"var(--ast-global-color-5)","background-image":"","background-repeat":"repeat","background-position":"center center","background-size":"auto","background-attachment":"scroll","background-type":"","background-media":"","overlay-type":"","overlay-color":"","overlay-opacity":"","overlay-gradient":""}}},"product_brand":[],"product_cat":[165,145,171,530,163,162],"product_tag":[],"class_list":{"0":"post-13401","1":"product","2":"type-product","3":"status-publish","4":"has-post-thumbnail","6":"product_cat-sac-a-main-pour-dames","7":"product_cat-sac-pour-balade","8":"product_cat-sacs","9":"product_cat-sacs-sacs-de-voyage-et-chariots-accessoires-sieges-auto","10":"product_cat-sacs-a-main","11":"product_cat-sacs-a-main-et-portefeuilles","12":"desktop-align-left","13":"tablet-align-left","14":"mobile-align-left","16":"first","17":"instock","18":"sale","19":"shipping-taxable","20":"purchasable","21":"product-type-simple"},"yoast_head":"<!-- This site is optimized with the Yoast SEO plugin v26.8 - https:\/\/yoast.com\/product\/yoast-seo-wordpress\/ -->\n<title>Mateamoda 5 PCS Sacs \u00e0 Main Pour FemmesMateamoda 5 PCS Sacs \u00e0 Main Pour Femmes - Ekco Boutique<\/title>\n<meta name=\"robots\" content=\"index, follow, max-snippet:-1, max-image-preview:large, max-video-preview:-1\" \/>\n<link rel=\"canonical\" href=\"https:\/\/ekco-ci.com\/ecommerce\/produit\/mateamoda-5-pcs-sacs-a-main-pour-femmesmateamoda-5-pcs-sacs-a-main-pour-femmes\/\" \/>\n<meta property=\"og:locale\" content=\"fr_FR\" \/>\n<meta property=\"og:type\" content=\"article\" \/>\n<meta property=\"og:title\" content=\"Mateamoda 5 PCS Sacs \u00e0 Main Pour FemmesMateamoda 5 PCS Sacs \u00e0 Main Pour Femmes - Ekco Boutique\" \/>\n<meta property=\"og:description\" content=\"Le nombre de paquets: 5 Paquets Inclus: 1 Sac \u00e0 Main; 2 Sac \u00e0 bandouli\u00e8res; 1 Sac \u00e0 main sans [&hellip;]\" \/>\n<meta property=\"og:url\" content=\"https:\/\/ekco-ci.com\/ecommerce\/produit\/mateamoda-5-pcs-sacs-a-main-pour-femmesmateamoda-5-pcs-sacs-a-main-pour-femmes\/\" \/>\n<meta property=\"og:site_name\" content=\"Ekco Boutique\" \/>\n<meta property=\"article:modified_time\" content=\"2026-02-18T13:27:39+00:00\" \/>\n<meta property=\"og:image\" content=\"https:\/\/ekco-ci.com\/ecommerce\/wp-content\/uploads\/2026\/02\/1-2026-02-18T131325.760.jpg\" \/>\n\t<meta property=\"og:image:width\" content=\"680\" \/>\n\t<meta property=\"og:image:height\" content=\"680\" \/>\n\t<meta property=\"og:image:type\" content=\"image\/jpeg\" \/>\n<meta name=\"twitter:card\" content=\"summary_large_image\" \/>\n<meta name=\"twitter:label1\" content=\"Dur\u00e9e de lecture estim\u00e9e\" \/>\n\t<meta name=\"twitter:data1\" content=\"2 minutes\" \/>\n<script type=\"application\/ld+json\" class=\"yoast-schema-graph\">{\"@context\":\"https:\/\/schema.org\",\"@graph\":[{\"@type\":\"WebPage\",\"@id\":\"https:\/\/ekco-ci.com\/ecommerce\/produit\/mateamoda-5-pcs-sacs-a-main-pour-femmesmateamoda-5-pcs-sacs-a-main-pour-femmes\/\",\"url\":\"https:\/\/ekco-ci.com\/ecommerce\/produit\/mateamoda-5-pcs-sacs-a-main-pour-femmesmateamoda-5-pcs-sacs-a-main-pour-femmes\/\",\"name\":\"Mateamoda 5 PCS Sacs \u00e0 Main Pour FemmesMateamoda 5 PCS Sacs \u00e0 Main Pour Femmes - Ekco Boutique\",\"isPartOf\":{\"@id\":\"https:\/\/ekco-ci.com\/ecommerce\/#website\"},\"primaryImageOfPage\":{\"@id\":\"https:\/\/ekco-ci.com\/ecommerce\/produit\/mateamoda-5-pcs-sacs-a-main-pour-femmesmateamoda-5-pcs-sacs-a-main-pour-femmes\/#primaryimage\"},\"image\":{\"@id\":\"https:\/\/ekco-ci.com\/ecommerce\/produit\/mateamoda-5-pcs-sacs-a-main-pour-femmesmateamoda-5-pcs-sacs-a-main-pour-femmes\/#primaryimage\"},\"thumbnailUrl\":\"https:\/\/ekco-ci.com\/ecommerce\/wp-content\/uploads\/2026\/02\/1-2026-02-18T131325.760.jpg\",\"datePublished\":\"2026-02-18T13:27:37+00:00\",\"dateModified\":\"2026-02-18T13:27:39+00:00\",\"breadcrumb\":{\"@id\":\"https:\/\/ekco-ci.com\/ecommerce\/produit\/mateamoda-5-pcs-sacs-a-main-pour-femmesmateamoda-5-pcs-sacs-a-main-pour-femmes\/#breadcrumb\"},\"inLanguage\":\"fr-FR\",\"potentialAction\":[{\"@type\":\"ReadAction\",\"target\":[\"https:\/\/ekco-ci.com\/ecommerce\/produit\/mateamoda-5-pcs-sacs-a-main-pour-femmesmateamoda-5-pcs-sacs-a-main-pour-femmes\/\"]}]},{\"@type\":\"ImageObject\",\"inLanguage\":\"fr-FR\",\"@id\":\"https:\/\/ekco-ci.com\/ecommerce\/produit\/mateamoda-5-pcs-sacs-a-main-pour-femmesmateamoda-5-pcs-sacs-a-main-pour-femmes\/#primaryimage\",\"url\":\"https:\/\/ekco-ci.com\/ecommerce\/wp-content\/uploads\/2026\/02\/1-2026-02-18T131325.760.jpg\",\"contentUrl\":\"https:\/\/ekco-ci.com\/ecommerce\/wp-content\/uploads\/2026\/02\/1-2026-02-18T131325.760.jpg\",\"width\":680,\"height\":680},{\"@type\":\"BreadcrumbList\",\"@id\":\"https:\/\/ekco-ci.com\/ecommerce\/produit\/mateamoda-5-pcs-sacs-a-main-pour-femmesmateamoda-5-pcs-sacs-a-main-pour-femmes\/#breadcrumb\",\"itemListElement\":[{\"@type\":\"ListItem\",\"position\":1,\"name\":\"Home\",\"item\":\"https:\/\/ekco-ci.com\/ecommerce\/\"},{\"@type\":\"ListItem\",\"position\":2,\"name\":\"Boutique\",\"item\":\"https:\/\/ekco-ci.com\/ecommerce\/boutique\/\"},{\"@type\":\"ListItem\",\"position\":3,\"name\":\"Mateamoda 5 PCS Sacs \u00e0 Main Pour FemmesMateamoda 5 PCS Sacs \u00e0 Main Pour Femmes\"}]},{\"@type\":\"WebSite\",\"@id\":\"https:\/\/ekco-ci.com\/ecommerce\/#website\",\"url\":\"https:\/\/ekco-ci.com\/ecommerce\/\",\"name\":\"Ekco Boutique\",\"description\":\"Ekco Boutique! La qualit\u00e9 au c\u0153ur de chaque achat\",\"publisher\":{\"@id\":\"https:\/\/ekco-ci.com\/ecommerce\/#organization\"},\"alternateName\":\"Boutique\",\"potentialAction\":[{\"@type\":\"SearchAction\",\"target\":{\"@type\":\"EntryPoint\",\"urlTemplate\":\"https:\/\/ekco-ci.com\/ecommerce\/?s={search_term_string}\"},\"query-input\":{\"@type\":\"PropertyValueSpecification\",\"valueRequired\":true,\"valueName\":\"search_term_string\"}}],\"inLanguage\":\"fr-FR\"},{\"@type\":\"Organization\",\"@id\":\"https:\/\/ekco-ci.com\/ecommerce\/#organization\",\"name\":\"Ekco Boutique\",\"url\":\"https:\/\/ekco-ci.com\/ecommerce\/\",\"logo\":{\"@type\":\"ImageObject\",\"inLanguage\":\"fr-FR\",\"@id\":\"https:\/\/ekco-ci.com\/ecommerce\/#\/schema\/logo\/image\/\",\"url\":\"https:\/\/ekco-ci.com\/ecommerce\/wp-content\/uploads\/2024\/08\/cropped-lologo.png\",\"contentUrl\":\"https:\/\/ekco-ci.com\/ecommerce\/wp-content\/uploads\/2024\/08\/cropped-lologo.png\",\"width\":512,\"height\":512,\"caption\":\"Ekco Boutique\"},\"image\":{\"@id\":\"https:\/\/ekco-ci.com\/ecommerce\/#\/schema\/logo\/image\/\"}}]}<\/script>\n<!-- \/ Yoast SEO plugin. -->","yoast_head_json":{"title":"Mateamoda 5 PCS Sacs \u00e0 Main Pour FemmesMateamoda 5 PCS Sacs \u00e0 Main Pour Femmes - Ekco Boutique","robots":{"index":"index","follow":"follow","max-snippet":"max-snippet:-1","max-image-preview":"max-image-preview:large","max-video-preview":"max-video-preview:-1"},"canonical":"https:\/\/ekco-ci.com\/ecommerce\/produit\/mateamoda-5-pcs-sacs-a-main-pour-femmesmateamoda-5-pcs-sacs-a-main-pour-femmes\/","og_locale":"fr_FR","og_type":"article","og_title":"Mateamoda 5 PCS Sacs \u00e0 Main Pour FemmesMateamoda 5 PCS Sacs \u00e0 Main Pour Femmes - Ekco Boutique","og_description":"Le nombre de paquets: 5 Paquets Inclus: 1 Sac \u00e0 Main; 2 Sac \u00e0 bandouli\u00e8res; 1 Sac \u00e0 main sans [&hellip;]","og_url":"https:\/\/ekco-ci.com\/ecommerce\/produit\/mateamoda-5-pcs-sacs-a-main-pour-femmesmateamoda-5-pcs-sacs-a-main-pour-femmes\/","og_site_name":"Ekco Boutique","article_modified_time":"2026-02-18T13:27:39+00:00","og_image":[{"width":680,"height":680,"url":"https:\/\/ekco-ci.com\/ecommerce\/wp-content\/uploads\/2026\/02\/1-2026-02-18T131325.760.jpg","type":"image\/jpeg"}],"twitter_card":"summary_large_image","twitter_misc":{"Dur\u00e9e de lecture estim\u00e9e":"2 minutes"},"schema":{"@context":"https:\/\/schema.org","@graph":[{"@type":"WebPage","@id":"https:\/\/ekco-ci.com\/ecommerce\/produit\/mateamoda-5-pcs-sacs-a-main-pour-femmesmateamoda-5-pcs-sacs-a-main-pour-femmes\/","url":"https:\/\/ekco-ci.com\/ecommerce\/produit\/mateamoda-5-pcs-sacs-a-main-pour-femmesmateamoda-5-pcs-sacs-a-main-pour-femmes\/","name":"Mateamoda 5 PCS Sacs \u00e0 Main Pour FemmesMateamoda 5 PCS Sacs \u00e0 Main Pour Femmes - Ekco Boutique","isPartOf":{"@id":"https:\/\/ekco-ci.com\/ecommerce\/#website"},"primaryImageOfPage":{"@id":"https:\/\/ekco-ci.com\/ecommerce\/produit\/mateamoda-5-pcs-sacs-a-main-pour-femmesmateamoda-5-pcs-sacs-a-main-pour-femmes\/#primaryimage"},"image":{"@id":"https:\/\/ekco-ci.com\/ecommerce\/produit\/mateamoda-5-pcs-sacs-a-main-pour-femmesmateamoda-5-pcs-sacs-a-main-pour-femmes\/#primaryimage"},"thumbnailUrl":"https:\/\/ekco-ci.com\/ecommerce\/wp-content\/uploads\/2026\/02\/1-2026-02-18T131325.760.jpg","datePublished":"2026-02-18T13:27:37+00:00","dateModified":"2026-02-18T13:27:39+00:00","breadcrumb":{"@id":"https:\/\/ekco-ci.com\/ecommerce\/produit\/mateamoda-5-pcs-sacs-a-main-pour-femmesmateamoda-5-pcs-sacs-a-main-pour-femmes\/#breadcrumb"},"inLanguage":"fr-FR","potentialAction":[{"@type":"ReadAction","target":["https:\/\/ekco-ci.com\/ecommerce\/produit\/mateamoda-5-pcs-sacs-a-main-pour-femmesmateamoda-5-pcs-sacs-a-main-pour-femmes\/"]}]},{"@type":"ImageObject","inLanguage":"fr-FR","@id":"https:\/\/ekco-ci.com\/ecommerce\/produit\/mateamoda-5-pcs-sacs-a-main-pour-femmesmateamoda-5-pcs-sacs-a-main-pour-femmes\/#primaryimage","url":"https:\/\/ekco-ci.com\/ecommerce\/wp-content\/uploads\/2026\/02\/1-2026-02-18T131325.760.jpg","contentUrl":"https:\/\/ekco-ci.com\/ecommerce\/wp-content\/uploads\/2026\/02\/1-2026-02-18T131325.760.jpg","width":680,"height":680},{"@type":"BreadcrumbList","@id":"https:\/\/ekco-ci.com\/ecommerce\/produit\/mateamoda-5-pcs-sacs-a-main-pour-femmesmateamoda-5-pcs-sacs-a-main-pour-femmes\/#breadcrumb","itemListElement":[{"@type":"ListItem","position":1,"name":"Home","item":"https:\/\/ekco-ci.com\/ecommerce\/"},{"@type":"ListItem","position":2,"name":"Boutique","item":"https:\/\/ekco-ci.com\/ecommerce\/boutique\/"},{"@type":"ListItem","position":3,"name":"Mateamoda 5 PCS Sacs \u00e0 Main Pour FemmesMateamoda 5 PCS Sacs \u00e0 Main Pour Femmes"}]},{"@type":"WebSite","@id":"https:\/\/ekco-ci.com\/ecommerce\/#website","url":"https:\/\/ekco-ci.com\/ecommerce\/","name":"Ekco Boutique","description":"Ekco Boutique! La qualit\u00e9 au c\u0153ur de chaque achat","publisher":{"@id":"https:\/\/ekco-ci.com\/ecommerce\/#organization"},"alternateName":"Boutique","potentialAction":[{"@type":"SearchAction","target":{"@type":"EntryPoint","urlTemplate":"https:\/\/ekco-ci.com\/ecommerce\/?s={search_term_string}"},"query-input":{"@type":"PropertyValueSpecification","valueRequired":true,"valueName":"search_term_string"}}],"inLanguage":"fr-FR"},{"@type":"Organization","@id":"https:\/\/ekco-ci.com\/ecommerce\/#organization","name":"Ekco Boutique","url":"https:\/\/ekco-ci.com\/ecommerce\/","logo":{"@type":"ImageObject","inLanguage":"fr-FR","@id":"https:\/\/ekco-ci.com\/ecommerce\/#\/schema\/logo\/image\/","url":"https:\/\/ekco-ci.com\/ecommerce\/wp-content\/uploads\/2024\/08\/cropped-lologo.png","contentUrl":"https:\/\/ekco-ci.com\/ecommerce\/wp-content\/uploads\/2024\/08\/cropped-lologo.png","width":512,"height":512,"caption":"Ekco Boutique"},"image":{"@id":"https:\/\/ekco-ci.com\/ecommerce\/#\/schema\/logo\/image\/"}}]}},"uagb_featured_image_src":{"full":["https:\/\/ekco-ci.com\/ecommerce\/wp-content\/uploads\/2026\/02\/1-2026-02-18T131325.760.jpg",680,680,false],"thumbnail":["https:\/\/ekco-ci.com\/ecommerce\/wp-content\/uploads\/2026\/02\/1-2026-02-18T131325.760-150x150.jpg",150,150,true],"medium":["https:\/\/ekco-ci.com\/ecommerce\/wp-content\/uploads\/2026\/02\/1-2026-02-18T131325.760-300x300.jpg",300,300,true],"medium_large":["https:\/\/ekco-ci.com\/ecommerce\/wp-content\/uploads\/2026\/02\/1-2026-02-18T131325.760.jpg",680,680,false],"large":["https:\/\/ekco-ci.com\/ecommerce\/wp-content\/uploads\/2026\/02\/1-2026-02-18T131325.760.jpg",680,680,false],"1536x1536":["https:\/\/ekco-ci.com\/ecommerce\/wp-content\/uploads\/2026\/02\/1-2026-02-18T131325.760.jpg",680,680,false],"2048x2048":["https:\/\/ekco-ci.com\/ecommerce\/wp-content\/uploads\/2026\/02\/1-2026-02-18T131325.760.jpg",680,680,false],"cfw_cart_thumb":["https:\/\/ekco-ci.com\/ecommerce\/wp-content\/uploads\/2026\/02\/1-2026-02-18T131325.760-60x60.jpg",60,60,true],"cfw_order_bump_thumb":["https:\/\/ekco-ci.com\/ecommerce\/wp-content\/uploads\/2026\/02\/1-2026-02-18T131325.760-320x320.jpg",320,320,true],"woocommerce_thumbnail":["https:\/\/ekco-ci.com\/ecommerce\/wp-content\/uploads\/2026\/02\/1-2026-02-18T131325.760-300x225.jpg",300,225,true],"woocommerce_single":["https:\/\/ekco-ci.com\/ecommerce\/wp-content\/uploads\/2026\/02\/1-2026-02-18T131325.760-600x600.jpg",600,600,true],"woocommerce_gallery_thumbnail":["https:\/\/ekco-ci.com\/ecommerce\/wp-content\/uploads\/2026\/02\/1-2026-02-18T131325.760-100x100.jpg",100,100,true]},"uagb_author_info":{"display_name":"Charlemagne Koula","author_link":"https:\/\/ekco-ci.com\/ecommerce\/author\/"},"uagb_comment_info":0,"uagb_excerpt":"Le nombre de paquets: 5 Paquets Inclus: 1 Sac \u00e0 Main; 2 Sac \u00e0 bandouli\u00e8res; 1 Sac \u00e0 main sans [&hellip;]","_links":{"self":[{"href":"https:\/\/ekco-ci.com\/ecommerce\/wp-json\/wp\/v2\/product\/13401","targetHints":{"allow":["GET"]}}],"collection":[{"href":"https:\/\/ekco-ci.com\/ecommerce\/wp-json\/wp\/v2\/product"}],"about":[{"href":"https:\/\/ekco-ci.com\/ecommerce\/wp-json\/wp\/v2\/types\/product"}],"replies":[{"embeddable":true,"href":"https:\/\/ekco-ci.com\/ecommerce\/wp-json\/wp\/v2\/comments?post=13401"}],"wp:featuredmedia":[{"embeddable":true,"href":"https:\/\/ekco-ci.com\/ecommerce\/wp-json\/wp\/v2\/media\/13404"}],"wp:attachment":[{"href":"https:\/\/ekco-ci.com\/ecommerce\/wp-json\/wp\/v2\/media?parent=13401"}],"wp:term":[{"taxonomy":"product_brand","embeddable":true,"href":"https:\/\/ekco-ci.com\/ecommerce\/wp-json\/wp\/v2\/product_brand?post=13401"},{"taxonomy":"product_cat","embeddable":true,"href":"https:\/\/ekco-ci.com\/ecommerce\/wp-json\/wp\/v2\/product_cat?post=13401"},{"taxonomy":"product_tag","embeddable":true,"href":"https:\/\/ekco-ci.com\/ecommerce\/wp-json\/wp\/v2\/product_tag?post=13401"}],"curies":[{"name":"wp","href":"https:\/\/api.w.org\/{rel}","templated":true}]}}