{"id":13284,"date":"2026-02-16T11:43:59","date_gmt":"2026-02-16T11:43:59","guid":{"rendered":"https:\/\/ekco-ci.com\/ecommerce\/?post_type=product&#038;p=13284"},"modified":"2026-02-16T11:44:00","modified_gmt":"2026-02-16T11:44:00","slug":"hisense-tv-android-43-pouces","status":"publish","type":"product","link":"https:\/\/ekco-ci.com\/ecommerce\/produit\/hisense-tv-android-43-pouces\/","title":{"rendered":"Hisense TV ANDROID- 43 Pouces"},"content":{"rendered":"<h2>Plongez dans l&#8217;univers de la Haute D\u00e9finition avec notre TV ANDROID pas chers !<\/h2>\n<p><img decoding=\"async\" src=\"image\/gif;base64,R0lGODlhAQABAIAAAAAAAP\/\/yH5BAEAAAAALAAAAAABAAEAAAIBRAA7\" alt=\"image\" width=\"24\" height=\"24\" data-src=\"https:\/\/image.noelshack.com\/fichiers\/2018\/23\/2\/1528200678-qi.jpg\" data-lazy-error=\"true\" \/><\/p>\n<p>Vous avez longtemps r\u00eav\u00e9 d&#8217;avoir une TV LED offrant une image de qualit\u00e9 sup\u00e9rieure ? eh baah, c&#8217;est chose possible aujourd&#8217;hui gr\u00e2ce \u00e0 la cl\u00e9mence des prix de Jumia. En effet, nous vous ouvrons le portail sur une panoplie de TV Led offrant \u00e0 la fois des images claires en parfaite alliance avec une luminosit\u00e9 Led pour une immersion totale.<\/p>\n<p>&nbsp;<\/p>\n<h3>Une qualit\u00e9 d\u2019image surr\u00e9aliste<\/h3>\n<p><img decoding=\"async\" src=\"https:\/\/static.jumia.ci\/cms\/external\/pet\/NA083HLAGSVWNAFAMZ\/ee0839e1aa94d4cd0ae777062ddcc49e.jpg\" alt=\"image\" width=\"700\" data-src=\"https:\/\/static.jumia.ci\/cms\/external\/pet\/NA083HLAGSVWNAFAMZ\/ee0839e1aa94d4cd0ae777062ddcc49e.jpg\" \/><\/p>\n<p>Envoles-toi avec nous dans un monde o\u00f9 la r\u00e9alit\u00e9 prend le pas sur l&#8217;imaginaire, la sensation et l&#8217;intrigue. Avec le t\u00e9l\u00e9viseur HD, Full HD LED, les limites et les limites optiques de la t\u00e9l\u00e9vision traditionnelle sont d\u00e9fi\u00e9es, et croyez-nous, votre imagination ne vous laissera pas d&#8217;autre choix que de se livrer.<\/p>\n<p>&nbsp;<\/p>\n<h3>D\u00e9placez le stade chez vous !<\/h3>\n<p><img decoding=\"async\" src=\"https:\/\/static.jumia.ci\/cms\/external\/pet\/HI653EL0I5LJWNAFAMZ\/05e03670ab9a1d9155588a56e14cca8e.jpg\" alt=\"image\" width=\"900\" data-src=\"https:\/\/static.jumia.ci\/cms\/external\/pet\/HI653EL0I5LJWNAFAMZ\/05e03670ab9a1d9155588a56e14cca8e.jpg\" \/><\/p>\n<h3>Goutez au design futuriste<\/h3>\n<p><img decoding=\"async\" src=\"https:\/\/static.jumia.ci\/cms\/external\/pet\/HI653EL0I5LJWNAFAMZ\/a64c65bd0675395f1af3beceabe75839.jpg\" alt=\"image\" width=\"1000\" data-src=\"https:\/\/static.jumia.ci\/cms\/external\/pet\/HI653EL0I5LJWNAFAMZ\/a64c65bd0675395f1af3beceabe75839.jpg\" \/><\/p>\n<p>En plus de sa qualit\u00e9 d\u2019image inou\u00efe, elle offre un design ultra fin et des coloris s\u00e9duisants qui s\u2019accommodent avec tous types d&#8217;int\u00e9rieurs. Installez-vous confortablement dans votre salon, bureau, salle d\u2019attente (\u2026) et regardez vos \u00e9missions pr\u00e9f\u00e9r\u00e9es, vos matchs de football en mode haute d\u00e9finition.<\/p>\n<p>&nbsp;<\/p>\n<h3>Connectivit\u00e9 de derni\u00e8re g\u00e9n\u00e9ration<\/h3>\n<p><img decoding=\"async\" src=\"https:\/\/static.jumia.ci\/cms\/external\/pet\/NA083HLAGSVWNAFAMZ\/210b8e99b3759c043031009404af059c.jpg\" alt=\"image\" width=\"1000\" data-src=\"https:\/\/static.jumia.ci\/cms\/external\/pet\/NA083HLAGSVWNAFAMZ\/210b8e99b3759c043031009404af059c.jpg\" \/><\/p>\n<p>Cette TV Led dispose aussi de port USB. En effet, le port USB servira \u00e0 remplacer le DVD et VCD c&#8217;est-\u00e0-dire qu&#8217;il suffira d&#8217;ins\u00e9rer des films, images, documents (&#8230;) sur le support USB et le connecter \u00e0 la TV LED pour visionner vos fichiers en grand format.<\/p>\n","protected":false},"excerpt":{"rendered":"<p>Plongez dans l&#8217;univers de la Haute D\u00e9finition avec notre TV ANDROID pas chers ! Vous avez longtemps r\u00eav\u00e9 d&#8217;avoir une [&hellip;]<\/p>\n","protected":false},"featured_media":13286,"comment_status":"open","ping_status":"closed","template":"","meta":{"_uag_custom_page_level_css":"","site-sidebar-layout":"default","site-content-layout":"","ast-site-content-layout":"default","site-content-style":"default","site-sidebar-style":"default","ast-global-header-display":"","ast-banner-title-visibility":"","ast-main-header-display":"","ast-hfb-above-header-display":"","ast-hfb-below-header-display":"","ast-hfb-mobile-header-display":"","site-post-title":"","ast-breadcrumbs-content":"","ast-featured-img":"","footer-sml-layout":"","ast-disable-related-posts":"","theme-transparent-header-meta":"default","adv-header-id-meta":"","stick-header-meta":"","header-above-stick-meta":"","header-main-stick-meta":"","header-below-stick-meta":"","astra-migrate-meta-layouts":"set","ast-page-background-enabled":"default","ast-page-background-meta":{"desktop":{"background-color":"var(--ast-global-color-4)","background-image":"","background-repeat":"repeat","background-position":"center center","background-size":"auto","background-attachment":"scroll","background-type":"","background-media":"","overlay-type":"","overlay-color":"","overlay-opacity":"","overlay-gradient":""},"tablet":{"background-color":"","background-image":"","background-repeat":"repeat","background-position":"center center","background-size":"auto","background-attachment":"scroll","background-type":"","background-media":"","overlay-type":"","overlay-color":"","overlay-opacity":"","overlay-gradient":""},"mobile":{"background-color":"","background-image":"","background-repeat":"repeat","background-position":"center center","background-size":"auto","background-attachment":"scroll","background-type":"","background-media":"","overlay-type":"","overlay-color":"","overlay-opacity":"","overlay-gradient":""}},"ast-content-background-meta":{"desktop":{"background-color":"var(--ast-global-color-5)","background-image":"","background-repeat":"repeat","background-position":"center center","background-size":"auto","background-attachment":"scroll","background-type":"","background-media":"","overlay-type":"","overlay-color":"","overlay-opacity":"","overlay-gradient":""},"tablet":{"background-color":"var(--ast-global-color-5)","background-image":"","background-repeat":"repeat","background-position":"center center","background-size":"auto","background-attachment":"scroll","background-type":"","background-media":"","overlay-type":"","overlay-color":"","overlay-opacity":"","overlay-gradient":""},"mobile":{"background-color":"var(--ast-global-color-5)","background-image":"","background-repeat":"repeat","background-position":"center center","background-size":"auto","background-attachment":"scroll","background-type":"","background-media":"","overlay-type":"","overlay-color":"","overlay-opacity":"","overlay-gradient":""}}},"product_brand":[],"product_cat":[609,420,606],"product_tag":[],"class_list":{"0":"post-13284","1":"product","2":"type-product","3":"status-publish","4":"has-post-thumbnail","6":"product_cat-smart-tvs-televisions","7":"product_cat-televisions","8":"product_cat-tv-large-ecran","9":"desktop-align-left","10":"tablet-align-left","11":"mobile-align-left","13":"first","14":"instock","15":"sale","16":"shipping-taxable","17":"purchasable","18":"product-type-simple"},"yoast_head":"<!-- This site is optimized with the Yoast SEO plugin v26.8 - https:\/\/yoast.com\/product\/yoast-seo-wordpress\/ -->\n<title>Hisense TV ANDROID- 43 Pouces - Ekco Boutique<\/title>\n<meta name=\"robots\" content=\"index, follow, max-snippet:-1, max-image-preview:large, max-video-preview:-1\" \/>\n<link rel=\"canonical\" href=\"https:\/\/ekco-ci.com\/ecommerce\/produit\/hisense-tv-android-43-pouces\/\" \/>\n<meta property=\"og:locale\" content=\"fr_FR\" \/>\n<meta property=\"og:type\" content=\"article\" \/>\n<meta property=\"og:title\" content=\"Hisense TV ANDROID- 43 Pouces - Ekco Boutique\" \/>\n<meta property=\"og:description\" content=\"Plongez dans l&#8217;univers de la Haute D\u00e9finition avec notre TV ANDROID pas chers ! Vous avez longtemps r\u00eav\u00e9 d&#8217;avoir une [&hellip;]\" \/>\n<meta property=\"og:url\" content=\"https:\/\/ekco-ci.com\/ecommerce\/produit\/hisense-tv-android-43-pouces\/\" \/>\n<meta property=\"og:site_name\" content=\"Ekco Boutique\" \/>\n<meta property=\"article:modified_time\" content=\"2026-02-16T11:44:00+00:00\" \/>\n<meta property=\"og:image\" content=\"https:\/\/ekco-ci.com\/ecommerce\/wp-content\/uploads\/2026\/02\/1-2026-02-16T113627.439.jpg\" \/>\n\t<meta property=\"og:image:width\" content=\"680\" \/>\n\t<meta property=\"og:image:height\" content=\"680\" \/>\n\t<meta property=\"og:image:type\" content=\"image\/jpeg\" \/>\n<meta name=\"twitter:card\" content=\"summary_large_image\" \/>\n<meta name=\"twitter:label1\" content=\"Dur\u00e9e de lecture estim\u00e9e\" \/>\n\t<meta name=\"twitter:data1\" content=\"3 minutes\" \/>\n<script type=\"application\/ld+json\" class=\"yoast-schema-graph\">{\"@context\":\"https:\/\/schema.org\",\"@graph\":[{\"@type\":\"WebPage\",\"@id\":\"https:\/\/ekco-ci.com\/ecommerce\/produit\/hisense-tv-android-43-pouces\/\",\"url\":\"https:\/\/ekco-ci.com\/ecommerce\/produit\/hisense-tv-android-43-pouces\/\",\"name\":\"Hisense TV ANDROID- 43 Pouces - Ekco Boutique\",\"isPartOf\":{\"@id\":\"https:\/\/ekco-ci.com\/ecommerce\/#website\"},\"primaryImageOfPage\":{\"@id\":\"https:\/\/ekco-ci.com\/ecommerce\/produit\/hisense-tv-android-43-pouces\/#primaryimage\"},\"image\":{\"@id\":\"https:\/\/ekco-ci.com\/ecommerce\/produit\/hisense-tv-android-43-pouces\/#primaryimage\"},\"thumbnailUrl\":\"https:\/\/ekco-ci.com\/ecommerce\/wp-content\/uploads\/2026\/02\/1-2026-02-16T113627.439.jpg\",\"datePublished\":\"2026-02-16T11:43:59+00:00\",\"dateModified\":\"2026-02-16T11:44:00+00:00\",\"breadcrumb\":{\"@id\":\"https:\/\/ekco-ci.com\/ecommerce\/produit\/hisense-tv-android-43-pouces\/#breadcrumb\"},\"inLanguage\":\"fr-FR\",\"potentialAction\":[{\"@type\":\"ReadAction\",\"target\":[\"https:\/\/ekco-ci.com\/ecommerce\/produit\/hisense-tv-android-43-pouces\/\"]}]},{\"@type\":\"ImageObject\",\"inLanguage\":\"fr-FR\",\"@id\":\"https:\/\/ekco-ci.com\/ecommerce\/produit\/hisense-tv-android-43-pouces\/#primaryimage\",\"url\":\"https:\/\/ekco-ci.com\/ecommerce\/wp-content\/uploads\/2026\/02\/1-2026-02-16T113627.439.jpg\",\"contentUrl\":\"https:\/\/ekco-ci.com\/ecommerce\/wp-content\/uploads\/2026\/02\/1-2026-02-16T113627.439.jpg\",\"width\":680,\"height\":680},{\"@type\":\"BreadcrumbList\",\"@id\":\"https:\/\/ekco-ci.com\/ecommerce\/produit\/hisense-tv-android-43-pouces\/#breadcrumb\",\"itemListElement\":[{\"@type\":\"ListItem\",\"position\":1,\"name\":\"Home\",\"item\":\"https:\/\/ekco-ci.com\/ecommerce\/\"},{\"@type\":\"ListItem\",\"position\":2,\"name\":\"Boutique\",\"item\":\"https:\/\/ekco-ci.com\/ecommerce\/boutique\/\"},{\"@type\":\"ListItem\",\"position\":3,\"name\":\"Hisense TV ANDROID- 43 Pouces\"}]},{\"@type\":\"WebSite\",\"@id\":\"https:\/\/ekco-ci.com\/ecommerce\/#website\",\"url\":\"https:\/\/ekco-ci.com\/ecommerce\/\",\"name\":\"Ekco Boutique\",\"description\":\"Ekco Boutique! La qualit\u00e9 au c\u0153ur de chaque achat\",\"publisher\":{\"@id\":\"https:\/\/ekco-ci.com\/ecommerce\/#organization\"},\"alternateName\":\"Boutique\",\"potentialAction\":[{\"@type\":\"SearchAction\",\"target\":{\"@type\":\"EntryPoint\",\"urlTemplate\":\"https:\/\/ekco-ci.com\/ecommerce\/?s={search_term_string}\"},\"query-input\":{\"@type\":\"PropertyValueSpecification\",\"valueRequired\":true,\"valueName\":\"search_term_string\"}}],\"inLanguage\":\"fr-FR\"},{\"@type\":\"Organization\",\"@id\":\"https:\/\/ekco-ci.com\/ecommerce\/#organization\",\"name\":\"Ekco Boutique\",\"url\":\"https:\/\/ekco-ci.com\/ecommerce\/\",\"logo\":{\"@type\":\"ImageObject\",\"inLanguage\":\"fr-FR\",\"@id\":\"https:\/\/ekco-ci.com\/ecommerce\/#\/schema\/logo\/image\/\",\"url\":\"https:\/\/ekco-ci.com\/ecommerce\/wp-content\/uploads\/2024\/08\/cropped-lologo.png\",\"contentUrl\":\"https:\/\/ekco-ci.com\/ecommerce\/wp-content\/uploads\/2024\/08\/cropped-lologo.png\",\"width\":512,\"height\":512,\"caption\":\"Ekco Boutique\"},\"image\":{\"@id\":\"https:\/\/ekco-ci.com\/ecommerce\/#\/schema\/logo\/image\/\"}}]}<\/script>\n<!-- \/ Yoast SEO plugin. -->","yoast_head_json":{"title":"Hisense TV ANDROID- 43 Pouces - Ekco Boutique","robots":{"index":"index","follow":"follow","max-snippet":"max-snippet:-1","max-image-preview":"max-image-preview:large","max-video-preview":"max-video-preview:-1"},"canonical":"https:\/\/ekco-ci.com\/ecommerce\/produit\/hisense-tv-android-43-pouces\/","og_locale":"fr_FR","og_type":"article","og_title":"Hisense TV ANDROID- 43 Pouces - Ekco Boutique","og_description":"Plongez dans l&#8217;univers de la Haute D\u00e9finition avec notre TV ANDROID pas chers ! Vous avez longtemps r\u00eav\u00e9 d&#8217;avoir une [&hellip;]","og_url":"https:\/\/ekco-ci.com\/ecommerce\/produit\/hisense-tv-android-43-pouces\/","og_site_name":"Ekco Boutique","article_modified_time":"2026-02-16T11:44:00+00:00","og_image":[{"width":680,"height":680,"url":"https:\/\/ekco-ci.com\/ecommerce\/wp-content\/uploads\/2026\/02\/1-2026-02-16T113627.439.jpg","type":"image\/jpeg"}],"twitter_card":"summary_large_image","twitter_misc":{"Dur\u00e9e de lecture estim\u00e9e":"3 minutes"},"schema":{"@context":"https:\/\/schema.org","@graph":[{"@type":"WebPage","@id":"https:\/\/ekco-ci.com\/ecommerce\/produit\/hisense-tv-android-43-pouces\/","url":"https:\/\/ekco-ci.com\/ecommerce\/produit\/hisense-tv-android-43-pouces\/","name":"Hisense TV ANDROID- 43 Pouces - Ekco Boutique","isPartOf":{"@id":"https:\/\/ekco-ci.com\/ecommerce\/#website"},"primaryImageOfPage":{"@id":"https:\/\/ekco-ci.com\/ecommerce\/produit\/hisense-tv-android-43-pouces\/#primaryimage"},"image":{"@id":"https:\/\/ekco-ci.com\/ecommerce\/produit\/hisense-tv-android-43-pouces\/#primaryimage"},"thumbnailUrl":"https:\/\/ekco-ci.com\/ecommerce\/wp-content\/uploads\/2026\/02\/1-2026-02-16T113627.439.jpg","datePublished":"2026-02-16T11:43:59+00:00","dateModified":"2026-02-16T11:44:00+00:00","breadcrumb":{"@id":"https:\/\/ekco-ci.com\/ecommerce\/produit\/hisense-tv-android-43-pouces\/#breadcrumb"},"inLanguage":"fr-FR","potentialAction":[{"@type":"ReadAction","target":["https:\/\/ekco-ci.com\/ecommerce\/produit\/hisense-tv-android-43-pouces\/"]}]},{"@type":"ImageObject","inLanguage":"fr-FR","@id":"https:\/\/ekco-ci.com\/ecommerce\/produit\/hisense-tv-android-43-pouces\/#primaryimage","url":"https:\/\/ekco-ci.com\/ecommerce\/wp-content\/uploads\/2026\/02\/1-2026-02-16T113627.439.jpg","contentUrl":"https:\/\/ekco-ci.com\/ecommerce\/wp-content\/uploads\/2026\/02\/1-2026-02-16T113627.439.jpg","width":680,"height":680},{"@type":"BreadcrumbList","@id":"https:\/\/ekco-ci.com\/ecommerce\/produit\/hisense-tv-android-43-pouces\/#breadcrumb","itemListElement":[{"@type":"ListItem","position":1,"name":"Home","item":"https:\/\/ekco-ci.com\/ecommerce\/"},{"@type":"ListItem","position":2,"name":"Boutique","item":"https:\/\/ekco-ci.com\/ecommerce\/boutique\/"},{"@type":"ListItem","position":3,"name":"Hisense TV ANDROID- 43 Pouces"}]},{"@type":"WebSite","@id":"https:\/\/ekco-ci.com\/ecommerce\/#website","url":"https:\/\/ekco-ci.com\/ecommerce\/","name":"Ekco Boutique","description":"Ekco Boutique! La qualit\u00e9 au c\u0153ur de chaque achat","publisher":{"@id":"https:\/\/ekco-ci.com\/ecommerce\/#organization"},"alternateName":"Boutique","potentialAction":[{"@type":"SearchAction","target":{"@type":"EntryPoint","urlTemplate":"https:\/\/ekco-ci.com\/ecommerce\/?s={search_term_string}"},"query-input":{"@type":"PropertyValueSpecification","valueRequired":true,"valueName":"search_term_string"}}],"inLanguage":"fr-FR"},{"@type":"Organization","@id":"https:\/\/ekco-ci.com\/ecommerce\/#organization","name":"Ekco Boutique","url":"https:\/\/ekco-ci.com\/ecommerce\/","logo":{"@type":"ImageObject","inLanguage":"fr-FR","@id":"https:\/\/ekco-ci.com\/ecommerce\/#\/schema\/logo\/image\/","url":"https:\/\/ekco-ci.com\/ecommerce\/wp-content\/uploads\/2024\/08\/cropped-lologo.png","contentUrl":"https:\/\/ekco-ci.com\/ecommerce\/wp-content\/uploads\/2024\/08\/cropped-lologo.png","width":512,"height":512,"caption":"Ekco Boutique"},"image":{"@id":"https:\/\/ekco-ci.com\/ecommerce\/#\/schema\/logo\/image\/"}}]}},"uagb_featured_image_src":{"full":["https:\/\/ekco-ci.com\/ecommerce\/wp-content\/uploads\/2026\/02\/1-2026-02-16T113627.439.jpg",680,680,false],"thumbnail":["https:\/\/ekco-ci.com\/ecommerce\/wp-content\/uploads\/2026\/02\/1-2026-02-16T113627.439-150x150.jpg",150,150,true],"medium":["https:\/\/ekco-ci.com\/ecommerce\/wp-content\/uploads\/2026\/02\/1-2026-02-16T113627.439-300x300.jpg",300,300,true],"medium_large":["https:\/\/ekco-ci.com\/ecommerce\/wp-content\/uploads\/2026\/02\/1-2026-02-16T113627.439.jpg",680,680,false],"large":["https:\/\/ekco-ci.com\/ecommerce\/wp-content\/uploads\/2026\/02\/1-2026-02-16T113627.439.jpg",680,680,false],"1536x1536":["https:\/\/ekco-ci.com\/ecommerce\/wp-content\/uploads\/2026\/02\/1-2026-02-16T113627.439.jpg",680,680,false],"2048x2048":["https:\/\/ekco-ci.com\/ecommerce\/wp-content\/uploads\/2026\/02\/1-2026-02-16T113627.439.jpg",680,680,false],"cfw_cart_thumb":["https:\/\/ekco-ci.com\/ecommerce\/wp-content\/uploads\/2026\/02\/1-2026-02-16T113627.439-60x60.jpg",60,60,true],"cfw_order_bump_thumb":["https:\/\/ekco-ci.com\/ecommerce\/wp-content\/uploads\/2026\/02\/1-2026-02-16T113627.439-320x320.jpg",320,320,true],"woocommerce_thumbnail":["https:\/\/ekco-ci.com\/ecommerce\/wp-content\/uploads\/2026\/02\/1-2026-02-16T113627.439-300x225.jpg",300,225,true],"woocommerce_single":["https:\/\/ekco-ci.com\/ecommerce\/wp-content\/uploads\/2026\/02\/1-2026-02-16T113627.439-600x600.jpg",600,600,true],"woocommerce_gallery_thumbnail":["https:\/\/ekco-ci.com\/ecommerce\/wp-content\/uploads\/2026\/02\/1-2026-02-16T113627.439-100x100.jpg",100,100,true]},"uagb_author_info":{"display_name":"Charlemagne Koula","author_link":"https:\/\/ekco-ci.com\/ecommerce\/author\/"},"uagb_comment_info":0,"uagb_excerpt":"Plongez dans l&#8217;univers de la Haute D\u00e9finition avec notre TV ANDROID pas chers ! Vous avez longtemps r\u00eav\u00e9 d&#8217;avoir une [&hellip;]","_links":{"self":[{"href":"https:\/\/ekco-ci.com\/ecommerce\/wp-json\/wp\/v2\/product\/13284","targetHints":{"allow":["GET"]}}],"collection":[{"href":"https:\/\/ekco-ci.com\/ecommerce\/wp-json\/wp\/v2\/product"}],"about":[{"href":"https:\/\/ekco-ci.com\/ecommerce\/wp-json\/wp\/v2\/types\/product"}],"replies":[{"embeddable":true,"href":"https:\/\/ekco-ci.com\/ecommerce\/wp-json\/wp\/v2\/comments?post=13284"}],"wp:featuredmedia":[{"embeddable":true,"href":"https:\/\/ekco-ci.com\/ecommerce\/wp-json\/wp\/v2\/media\/13286"}],"wp:attachment":[{"href":"https:\/\/ekco-ci.com\/ecommerce\/wp-json\/wp\/v2\/media?parent=13284"}],"wp:term":[{"taxonomy":"product_brand","embeddable":true,"href":"https:\/\/ekco-ci.com\/ecommerce\/wp-json\/wp\/v2\/product_brand?post=13284"},{"taxonomy":"product_cat","embeddable":true,"href":"https:\/\/ekco-ci.com\/ecommerce\/wp-json\/wp\/v2\/product_cat?post=13284"},{"taxonomy":"product_tag","embeddable":true,"href":"https:\/\/ekco-ci.com\/ecommerce\/wp-json\/wp\/v2\/product_tag?post=13284"}],"curies":[{"name":"wp","href":"https:\/\/api.w.org\/{rel}","templated":true}]}}