{"id":12423,"date":"2025-04-14T11:56:14","date_gmt":"2025-04-14T11:56:14","guid":{"rendered":"https:\/\/ekco-ci.com\/ecommerce\/?post_type=product&#038;p=12423"},"modified":"2025-04-14T11:56:17","modified_gmt":"2025-04-14T11:56:17","slug":"casio-montre-femme-casio-ltp-e412mpg-1adf","status":"publish","type":"product","link":"https:\/\/ekco-ci.com\/ecommerce\/produit\/casio-montre-femme-casio-ltp-e412mpg-1adf\/","title":{"rendered":"Casio MONTRE FEMME CASIO \u2013 LTP-E412MPG-1ADF"},"content":{"rendered":"<h3><strong>Une montre, c\u2019est utile<\/strong><\/h3>\n<p>&nbsp;<\/p>\n<p>&nbsp;<\/p>\n<p>&nbsp;<\/p>\n<p>Vous \u00eates dans la circulation, pas le temps de regarder sur votre smartphone ?<\/p>\n<p>&nbsp;<\/p>\n<p>Et bien utilisez votre montre ! En un clin d\u2019\u0153il, vous saurez dans quelle direction se tourne le soleil.<\/p>\n<p>&nbsp;<\/p>\n<p>&nbsp;<\/p>\n<p>&nbsp;<\/p>\n<h4>Quelle montre choisir\u00a0?<\/h4>\n<p>&nbsp;<\/p>\n<p>&nbsp;<\/p>\n<p>&nbsp;<\/p>\n<p>A moins de vivre sous terre, vous n\u2019avez pas pu passer \u00e0 c\u00f4t\u00e9 du large choix qu\u2019offre la marque . Et pour bien choisir votre\u00a0<strong>montre\u00a0<\/strong>, il vous faut d\u2019abord trouver la collection qui vous correspond\u00a0!<\/p>\n<p>&nbsp;<\/p>\n<p>&nbsp;<\/p>\n<p>&nbsp;<\/p>\n<h3><img fetchpriority=\"high\" decoding=\"async\" src=\"https:\/\/ci.jumia.is\/cms\/external\/pet\/CA980FAAFNCNNAFAMZ\/9ee3cbf5236302bca274251ec7bb6949.jpg\" alt=\"G Shock\" width=\"462\" height=\"345\" data-src=\"https:\/\/ci.jumia.is\/cms\/external\/pet\/CA980FAAFNCNNAFAMZ\/9ee3cbf5236302bca274251ec7bb6949.jpg\" \/><\/h3>\n<p>&nbsp;<\/p>\n<p>&nbsp;<\/p>\n<p>&nbsp;<\/p>\n<h4>, pour les aventuriers<\/h4>\n<p>&nbsp;<\/p>\n<p>Si c\u2019est la robustesse qui vous int\u00e9resse, alors la\u00a0<strong>montre\u00a0<\/strong>\u00a0est ce qui se fait de mieux\u00a0!<\/p>\n<p>&nbsp;<\/p>\n<p>La ligne a \u00e9t\u00e9 pens\u00e9e pour braver les conditions les plus extr\u00eames\u00a0! Vous appr\u00e9cierez le choix de mat\u00e9riaux qui ont \u00e9t\u00e9 s\u00e9lectionn\u00e9 pour prot\u00e9ger votre montre au maximum, et la sophistication de la technologie au c\u0153ur de chacune des\u00a0<a href=\"https:\/\/www.mode-in-motion.com\/montre--\">montres<\/a>.<\/p>\n<p>&nbsp;<\/p>\n<p>&nbsp;<\/p>\n<p>&nbsp;<\/p>\n<h3><img decoding=\"async\" src=\"https:\/\/ci.jumia.is\/cms\/external\/pet\/CA980FAAFNCNNAFAMZ\/c61d58400c3dbdcd844e23eb8ec668d1.jpg\" alt=\"Baby G\" width=\"452\" height=\"345\" data-src=\"https:\/\/ci.jumia.is\/cms\/external\/pet\/CA980FAAFNCNNAFAMZ\/c61d58400c3dbdcd844e23eb8ec668d1.jpg\" \/><\/h3>\n<p>&nbsp;<\/p>\n<h3><\/h3>\n<p>&nbsp;<\/p>\n<h4>Baby G et les autres Collections Femme, pour les femmes actives et branch\u00e9es<\/h4>\n<p>&nbsp;<\/p>\n<p>Si vous n\u2019\u00eates pas pr\u00eate \u00e0 d\u00e9laisser le design pour la fonctionnalit\u00e9, alors la\u00a0<strong>montre Baby G<\/strong>\u00a0est faite pour vous\u00a0!<\/p>\n<p>&nbsp;<\/p>\n<p>Dans la juste continuit\u00e9 des , les Baby G sont un savant m\u00e9lange de style, de solidit\u00e9 et d\u2019innovation.<\/p>\n<p>&nbsp;<\/p>\n<p>Plus jeune, plus fra\u00eeche, plus compacte mais toujours aussi sportive et fonctionnelle, la\u00a0<a href=\"https:\/\/www.mode-in-motion.com\/montres-?Collection=Baby-G\">montre Baby G<\/a>\u00a0se trouve \u00eatre le compagnon id\u00e9al des femmes dynamiques et tendances\u00a0!<\/p>\n<p>&nbsp;<\/p>\n<p>&nbsp;<\/p>\n<p>&nbsp;<\/p>\n<h3><img decoding=\"async\" src=\"https:\/\/ci.jumia.is\/cms\/external\/pet\/CA980FAAFNCNNAFAMZ\/bc2c2c83a3d7e4807bf9fa9e3e00ce3f.jpg\" alt=\"\" width=\"462\" height=\"345\" data-src=\"https:\/\/ci.jumia.is\/cms\/external\/pet\/CA980FAAFNCNNAFAMZ\/bc2c2c83a3d7e4807bf9fa9e3e00ce3f.jpg\" \/><\/h3>\n<p>&nbsp;<\/p>\n<p>&nbsp;<\/p>\n<p>&nbsp;<\/p>\n<h4>Les autres Collections Hommes, pour les hommes chics et exigeants<\/h4>\n<p>&nbsp;<\/p>\n<p>Si vous \u00eates amateur d\u2019horlogerie, alors la\u00a0<strong>montre\u00a0<\/strong>\u00a0saura vous s\u00e9duire\u00a0!<\/p>\n<p>&nbsp;<\/p>\n<p>Loin d\u2019\u00eatre classique, la montre est un petit bijou de technologie envelopp\u00e9 dans un design des plus \u00e9l\u00e9gants.<\/p>\n<p>&nbsp;<\/p>\n<p>Connues pour leur pr\u00e9cision et leur finition de qualit\u00e9,<\/p>\n<p>&nbsp;<\/p>\n<p>les\u00a0<a href=\"https:\/\/www.mode-in-motion.com\/montres--\">montres<\/a>\u00a0r\u00e9pondent \u00e0 tous les d\u00e9sirs et tous les besoins des hommes modernes.<\/p>\n<p>&nbsp;<\/p>\n<h3><img loading=\"lazy\" decoding=\"async\" src=\"https:\/\/ci.jumia.is\/cms\/external\/pet\/CA980FAAFNCNNAFAMZ\/c8f5f4e003a0ac14899133cc44146d8a.jpg\" alt=\"Vintage\" width=\"452\" height=\"345\" data-src=\"https:\/\/ci.jumia.is\/cms\/external\/pet\/CA980FAAFNCNNAFAMZ\/c8f5f4e003a0ac14899133cc44146d8a.jpg\" \/><\/h3>\n<p>&nbsp;<\/p>\n<h4>Retro Vintage, pour les fashion-addict<\/h4>\n<p>&nbsp;<\/p>\n<p>Si la nostalgie vous gagne et si vous aimez suivre les tendances, alors la\u00a0<strong>montre R\u00e9tro Vintage<\/strong>\u00a0va vous faire de l\u2019\u0153il\u00a0!<\/p>\n<p>&nbsp;<\/p>\n<p>La collection Vintage est la collection du style\u00a0par excellence\u00a0!<\/p>\n<p>&nbsp;<\/p>\n<p>Captivantes, les montres Retro Vintage sont des accessoire authentiques qui s\u00e9duisent avant tout pour leur design.<\/p>\n<p>&nbsp;<\/p>\n<p>Mais pas question de vivre dans le pass\u00e9, car la\u00a0<a href=\"https:\/\/www.mode-in-motion.com\/montre--vintage\">montre Vintage<\/a>\u00a0a \u00e9t\u00e9 \u00e9tudi\u00e9e pour suivre votre rythme\u00a0aussi actif soit-il\u00a0!<\/p>\n<p>&nbsp;<\/p>\n<p>&nbsp;<\/p>\n<p>&nbsp;<\/p>\n<h3><img loading=\"lazy\" decoding=\"async\" src=\"https:\/\/ci.jumia.is\/cms\/external\/pet\/CA980FAAFNCNNAFAMZ\/f145e1a6b845248536b6eb564ddfaa9b.jpg\" alt=\"Pro Trek\" width=\"462\" height=\"345\" data-src=\"https:\/\/ci.jumia.is\/cms\/external\/pet\/CA980FAAFNCNNAFAMZ\/f145e1a6b845248536b6eb564ddfaa9b.jpg\" \/><\/h3>\n<p>&nbsp;<\/p>\n<h4>Pro Trek, pour les sportifs<\/h4>\n<p>&nbsp;<\/p>\n<p>Si la nature est votre terrain de jeu, alors la\u00a0<strong>montre Pro Trek<\/strong>\u00a0sera votre meilleure alli\u00e9e\u00a0!<\/p>\n<p>&nbsp;<\/p>\n<p>Totalement adapt\u00e9es aux sports outdoor,<\/p>\n<p>&nbsp;<\/p>\n<p>les\u00a0<a href=\"https:\/\/www.mode-in-motion.com\/montre--pro-trek\">montres Pro Trek<\/a>\u00a0sont des partenaires ultra fiables gr\u00e2ce \u00e0 leur technologie innovante,<\/p>\n<p>&nbsp;<\/p>\n<p>leur pr\u00e9cision infaillible et leur design \u00e0 la fois moderne et r\u00e9sistant.<\/p>\n<p>&nbsp;<\/p>\n<p>La collection Pro Trek repousse toujours ses limites afin de vous faire vivre des exp\u00e9riences toujours plus extraordinaires\u00a0!<\/p>\n","protected":false},"excerpt":{"rendered":"<p>Une montre, c\u2019est utile &nbsp; &nbsp; &nbsp; Vous \u00eates dans la circulation, pas le temps de regarder sur votre smartphone [&hellip;]<\/p>\n","protected":false},"featured_media":12424,"comment_status":"open","ping_status":"closed","template":"","meta":{"_uag_custom_page_level_css":"","site-sidebar-layout":"default","site-content-layout":"","ast-site-content-layout":"default","site-content-style":"default","site-sidebar-style":"default","ast-global-header-display":"","ast-banner-title-visibility":"","ast-main-header-display":"","ast-hfb-above-header-display":"","ast-hfb-below-header-display":"","ast-hfb-mobile-header-display":"","site-post-title":"","ast-breadcrumbs-content":"","ast-featured-img":"","footer-sml-layout":"","ast-disable-related-posts":"","theme-transparent-header-meta":"default","adv-header-id-meta":"","stick-header-meta":"","header-above-stick-meta":"","header-main-stick-meta":"","header-below-stick-meta":"","astra-migrate-meta-layouts":"set","ast-page-background-enabled":"default","ast-page-background-meta":{"desktop":{"background-color":"var(--ast-global-color-4)","background-image":"","background-repeat":"repeat","background-position":"center center","background-size":"auto","background-attachment":"scroll","background-type":"","background-media":"","overlay-type":"","overlay-color":"","overlay-opacity":"","overlay-gradient":""},"tablet":{"background-color":"","background-image":"","background-repeat":"repeat","background-position":"center center","background-size":"auto","background-attachment":"scroll","background-type":"","background-media":"","overlay-type":"","overlay-color":"","overlay-opacity":"","overlay-gradient":""},"mobile":{"background-color":"","background-image":"","background-repeat":"repeat","background-position":"center center","background-size":"auto","background-attachment":"scroll","background-type":"","background-media":"","overlay-type":"","overlay-color":"","overlay-opacity":"","overlay-gradient":""}},"ast-content-background-meta":{"desktop":{"background-color":"var(--ast-global-color-5)","background-image":"","background-repeat":"repeat","background-position":"center center","background-size":"auto","background-attachment":"scroll","background-type":"","background-media":"","overlay-type":"","overlay-color":"","overlay-opacity":"","overlay-gradient":""},"tablet":{"background-color":"var(--ast-global-color-5)","background-image":"","background-repeat":"repeat","background-position":"center center","background-size":"auto","background-attachment":"scroll","background-type":"","background-media":"","overlay-type":"","overlay-color":"","overlay-opacity":"","overlay-gradient":""},"mobile":{"background-color":"var(--ast-global-color-5)","background-image":"","background-repeat":"repeat","background-position":"center center","background-size":"auto","background-attachment":"scroll","background-type":"","background-media":"","overlay-type":"","overlay-color":"","overlay-opacity":"","overlay-gradient":""}}},"product_brand":[],"product_cat":[188,775,774,776],"product_tag":[],"class_list":{"0":"post-12423","1":"product","2":"type-product","3":"status-publish","4":"has-post-thumbnail","6":"product_cat-accessoires-femme","7":"product_cat-montres-montres-femmes","8":"product_cat-montres-femmes","9":"product_cat-montres-bracelets-montres-montres-femmes","10":"desktop-align-left","11":"tablet-align-left","12":"mobile-align-left","14":"first","15":"instock","16":"sale","17":"shipping-taxable","18":"purchasable","19":"product-type-simple"},"yoast_head":"<!-- This site is optimized with the Yoast SEO plugin v26.8 - https:\/\/yoast.com\/product\/yoast-seo-wordpress\/ -->\n<title>Casio MONTRE FEMME CASIO \u2013 LTP-E412MPG-1ADF - Ekco Boutique<\/title>\n<meta name=\"robots\" content=\"index, follow, max-snippet:-1, max-image-preview:large, max-video-preview:-1\" \/>\n<link rel=\"canonical\" href=\"https:\/\/ekco-ci.com\/ecommerce\/produit\/casio-montre-femme-casio-ltp-e412mpg-1adf\/\" \/>\n<meta property=\"og:locale\" content=\"fr_FR\" \/>\n<meta property=\"og:type\" content=\"article\" \/>\n<meta property=\"og:title\" content=\"Casio MONTRE FEMME CASIO \u2013 LTP-E412MPG-1ADF - Ekco Boutique\" \/>\n<meta property=\"og:description\" content=\"Une montre, c\u2019est utile &nbsp; &nbsp; &nbsp; Vous \u00eates dans la circulation, pas le temps de regarder sur votre smartphone [&hellip;]\" \/>\n<meta property=\"og:url\" content=\"https:\/\/ekco-ci.com\/ecommerce\/produit\/casio-montre-femme-casio-ltp-e412mpg-1adf\/\" \/>\n<meta property=\"og:site_name\" content=\"Ekco Boutique\" \/>\n<meta property=\"article:modified_time\" content=\"2025-04-14T11:56:17+00:00\" \/>\n<meta property=\"og:image\" content=\"https:\/\/ekco-ci.com\/ecommerce\/wp-content\/uploads\/2025\/04\/3-32.jpg\" \/>\n\t<meta property=\"og:image:width\" content=\"680\" \/>\n\t<meta property=\"og:image:height\" content=\"680\" \/>\n\t<meta property=\"og:image:type\" content=\"image\/jpeg\" \/>\n<meta name=\"twitter:card\" content=\"summary_large_image\" \/>\n<meta name=\"twitter:label1\" content=\"Dur\u00e9e de lecture estim\u00e9e\" \/>\n\t<meta name=\"twitter:data1\" content=\"4 minutes\" \/>\n<script type=\"application\/ld+json\" class=\"yoast-schema-graph\">{\"@context\":\"https:\/\/schema.org\",\"@graph\":[{\"@type\":\"WebPage\",\"@id\":\"https:\/\/ekco-ci.com\/ecommerce\/produit\/casio-montre-femme-casio-ltp-e412mpg-1adf\/\",\"url\":\"https:\/\/ekco-ci.com\/ecommerce\/produit\/casio-montre-femme-casio-ltp-e412mpg-1adf\/\",\"name\":\"Casio MONTRE FEMME CASIO \u2013 LTP-E412MPG-1ADF - Ekco Boutique\",\"isPartOf\":{\"@id\":\"https:\/\/ekco-ci.com\/ecommerce\/#website\"},\"primaryImageOfPage\":{\"@id\":\"https:\/\/ekco-ci.com\/ecommerce\/produit\/casio-montre-femme-casio-ltp-e412mpg-1adf\/#primaryimage\"},\"image\":{\"@id\":\"https:\/\/ekco-ci.com\/ecommerce\/produit\/casio-montre-femme-casio-ltp-e412mpg-1adf\/#primaryimage\"},\"thumbnailUrl\":\"https:\/\/ekco-ci.com\/ecommerce\/wp-content\/uploads\/2025\/04\/3-32.jpg\",\"datePublished\":\"2025-04-14T11:56:14+00:00\",\"dateModified\":\"2025-04-14T11:56:17+00:00\",\"breadcrumb\":{\"@id\":\"https:\/\/ekco-ci.com\/ecommerce\/produit\/casio-montre-femme-casio-ltp-e412mpg-1adf\/#breadcrumb\"},\"inLanguage\":\"fr-FR\",\"potentialAction\":[{\"@type\":\"ReadAction\",\"target\":[\"https:\/\/ekco-ci.com\/ecommerce\/produit\/casio-montre-femme-casio-ltp-e412mpg-1adf\/\"]}]},{\"@type\":\"ImageObject\",\"inLanguage\":\"fr-FR\",\"@id\":\"https:\/\/ekco-ci.com\/ecommerce\/produit\/casio-montre-femme-casio-ltp-e412mpg-1adf\/#primaryimage\",\"url\":\"https:\/\/ekco-ci.com\/ecommerce\/wp-content\/uploads\/2025\/04\/3-32.jpg\",\"contentUrl\":\"https:\/\/ekco-ci.com\/ecommerce\/wp-content\/uploads\/2025\/04\/3-32.jpg\",\"width\":680,\"height\":680},{\"@type\":\"BreadcrumbList\",\"@id\":\"https:\/\/ekco-ci.com\/ecommerce\/produit\/casio-montre-femme-casio-ltp-e412mpg-1adf\/#breadcrumb\",\"itemListElement\":[{\"@type\":\"ListItem\",\"position\":1,\"name\":\"Home\",\"item\":\"https:\/\/ekco-ci.com\/ecommerce\/\"},{\"@type\":\"ListItem\",\"position\":2,\"name\":\"Boutique\",\"item\":\"https:\/\/ekco-ci.com\/ecommerce\/boutique\/\"},{\"@type\":\"ListItem\",\"position\":3,\"name\":\"Casio MONTRE FEMME CASIO \u2013 LTP-E412MPG-1ADF\"}]},{\"@type\":\"WebSite\",\"@id\":\"https:\/\/ekco-ci.com\/ecommerce\/#website\",\"url\":\"https:\/\/ekco-ci.com\/ecommerce\/\",\"name\":\"Ekco Boutique\",\"description\":\"Ekco Boutique! La qualit\u00e9 au c\u0153ur de chaque achat\",\"publisher\":{\"@id\":\"https:\/\/ekco-ci.com\/ecommerce\/#organization\"},\"alternateName\":\"Boutique\",\"potentialAction\":[{\"@type\":\"SearchAction\",\"target\":{\"@type\":\"EntryPoint\",\"urlTemplate\":\"https:\/\/ekco-ci.com\/ecommerce\/?s={search_term_string}\"},\"query-input\":{\"@type\":\"PropertyValueSpecification\",\"valueRequired\":true,\"valueName\":\"search_term_string\"}}],\"inLanguage\":\"fr-FR\"},{\"@type\":\"Organization\",\"@id\":\"https:\/\/ekco-ci.com\/ecommerce\/#organization\",\"name\":\"Ekco Boutique\",\"url\":\"https:\/\/ekco-ci.com\/ecommerce\/\",\"logo\":{\"@type\":\"ImageObject\",\"inLanguage\":\"fr-FR\",\"@id\":\"https:\/\/ekco-ci.com\/ecommerce\/#\/schema\/logo\/image\/\",\"url\":\"https:\/\/ekco-ci.com\/ecommerce\/wp-content\/uploads\/2024\/08\/cropped-lologo.png\",\"contentUrl\":\"https:\/\/ekco-ci.com\/ecommerce\/wp-content\/uploads\/2024\/08\/cropped-lologo.png\",\"width\":512,\"height\":512,\"caption\":\"Ekco Boutique\"},\"image\":{\"@id\":\"https:\/\/ekco-ci.com\/ecommerce\/#\/schema\/logo\/image\/\"}}]}<\/script>\n<!-- \/ Yoast SEO plugin. -->","yoast_head_json":{"title":"Casio MONTRE FEMME CASIO \u2013 LTP-E412MPG-1ADF - Ekco Boutique","robots":{"index":"index","follow":"follow","max-snippet":"max-snippet:-1","max-image-preview":"max-image-preview:large","max-video-preview":"max-video-preview:-1"},"canonical":"https:\/\/ekco-ci.com\/ecommerce\/produit\/casio-montre-femme-casio-ltp-e412mpg-1adf\/","og_locale":"fr_FR","og_type":"article","og_title":"Casio MONTRE FEMME CASIO \u2013 LTP-E412MPG-1ADF - Ekco Boutique","og_description":"Une montre, c\u2019est utile &nbsp; &nbsp; &nbsp; Vous \u00eates dans la circulation, pas le temps de regarder sur votre smartphone [&hellip;]","og_url":"https:\/\/ekco-ci.com\/ecommerce\/produit\/casio-montre-femme-casio-ltp-e412mpg-1adf\/","og_site_name":"Ekco Boutique","article_modified_time":"2025-04-14T11:56:17+00:00","og_image":[{"width":680,"height":680,"url":"https:\/\/ekco-ci.com\/ecommerce\/wp-content\/uploads\/2025\/04\/3-32.jpg","type":"image\/jpeg"}],"twitter_card":"summary_large_image","twitter_misc":{"Dur\u00e9e de lecture estim\u00e9e":"4 minutes"},"schema":{"@context":"https:\/\/schema.org","@graph":[{"@type":"WebPage","@id":"https:\/\/ekco-ci.com\/ecommerce\/produit\/casio-montre-femme-casio-ltp-e412mpg-1adf\/","url":"https:\/\/ekco-ci.com\/ecommerce\/produit\/casio-montre-femme-casio-ltp-e412mpg-1adf\/","name":"Casio MONTRE FEMME CASIO \u2013 LTP-E412MPG-1ADF - Ekco Boutique","isPartOf":{"@id":"https:\/\/ekco-ci.com\/ecommerce\/#website"},"primaryImageOfPage":{"@id":"https:\/\/ekco-ci.com\/ecommerce\/produit\/casio-montre-femme-casio-ltp-e412mpg-1adf\/#primaryimage"},"image":{"@id":"https:\/\/ekco-ci.com\/ecommerce\/produit\/casio-montre-femme-casio-ltp-e412mpg-1adf\/#primaryimage"},"thumbnailUrl":"https:\/\/ekco-ci.com\/ecommerce\/wp-content\/uploads\/2025\/04\/3-32.jpg","datePublished":"2025-04-14T11:56:14+00:00","dateModified":"2025-04-14T11:56:17+00:00","breadcrumb":{"@id":"https:\/\/ekco-ci.com\/ecommerce\/produit\/casio-montre-femme-casio-ltp-e412mpg-1adf\/#breadcrumb"},"inLanguage":"fr-FR","potentialAction":[{"@type":"ReadAction","target":["https:\/\/ekco-ci.com\/ecommerce\/produit\/casio-montre-femme-casio-ltp-e412mpg-1adf\/"]}]},{"@type":"ImageObject","inLanguage":"fr-FR","@id":"https:\/\/ekco-ci.com\/ecommerce\/produit\/casio-montre-femme-casio-ltp-e412mpg-1adf\/#primaryimage","url":"https:\/\/ekco-ci.com\/ecommerce\/wp-content\/uploads\/2025\/04\/3-32.jpg","contentUrl":"https:\/\/ekco-ci.com\/ecommerce\/wp-content\/uploads\/2025\/04\/3-32.jpg","width":680,"height":680},{"@type":"BreadcrumbList","@id":"https:\/\/ekco-ci.com\/ecommerce\/produit\/casio-montre-femme-casio-ltp-e412mpg-1adf\/#breadcrumb","itemListElement":[{"@type":"ListItem","position":1,"name":"Home","item":"https:\/\/ekco-ci.com\/ecommerce\/"},{"@type":"ListItem","position":2,"name":"Boutique","item":"https:\/\/ekco-ci.com\/ecommerce\/boutique\/"},{"@type":"ListItem","position":3,"name":"Casio MONTRE FEMME CASIO \u2013 LTP-E412MPG-1ADF"}]},{"@type":"WebSite","@id":"https:\/\/ekco-ci.com\/ecommerce\/#website","url":"https:\/\/ekco-ci.com\/ecommerce\/","name":"Ekco Boutique","description":"Ekco Boutique! La qualit\u00e9 au c\u0153ur de chaque achat","publisher":{"@id":"https:\/\/ekco-ci.com\/ecommerce\/#organization"},"alternateName":"Boutique","potentialAction":[{"@type":"SearchAction","target":{"@type":"EntryPoint","urlTemplate":"https:\/\/ekco-ci.com\/ecommerce\/?s={search_term_string}"},"query-input":{"@type":"PropertyValueSpecification","valueRequired":true,"valueName":"search_term_string"}}],"inLanguage":"fr-FR"},{"@type":"Organization","@id":"https:\/\/ekco-ci.com\/ecommerce\/#organization","name":"Ekco Boutique","url":"https:\/\/ekco-ci.com\/ecommerce\/","logo":{"@type":"ImageObject","inLanguage":"fr-FR","@id":"https:\/\/ekco-ci.com\/ecommerce\/#\/schema\/logo\/image\/","url":"https:\/\/ekco-ci.com\/ecommerce\/wp-content\/uploads\/2024\/08\/cropped-lologo.png","contentUrl":"https:\/\/ekco-ci.com\/ecommerce\/wp-content\/uploads\/2024\/08\/cropped-lologo.png","width":512,"height":512,"caption":"Ekco Boutique"},"image":{"@id":"https:\/\/ekco-ci.com\/ecommerce\/#\/schema\/logo\/image\/"}}]}},"uagb_featured_image_src":{"full":["https:\/\/ekco-ci.com\/ecommerce\/wp-content\/uploads\/2025\/04\/3-32.jpg",680,680,false],"thumbnail":["https:\/\/ekco-ci.com\/ecommerce\/wp-content\/uploads\/2025\/04\/3-32-150x150.jpg",150,150,true],"medium":["https:\/\/ekco-ci.com\/ecommerce\/wp-content\/uploads\/2025\/04\/3-32-300x300.jpg",300,300,true],"medium_large":["https:\/\/ekco-ci.com\/ecommerce\/wp-content\/uploads\/2025\/04\/3-32.jpg",680,680,false],"large":["https:\/\/ekco-ci.com\/ecommerce\/wp-content\/uploads\/2025\/04\/3-32.jpg",680,680,false],"1536x1536":["https:\/\/ekco-ci.com\/ecommerce\/wp-content\/uploads\/2025\/04\/3-32.jpg",680,680,false],"2048x2048":["https:\/\/ekco-ci.com\/ecommerce\/wp-content\/uploads\/2025\/04\/3-32.jpg",680,680,false],"cfw_cart_thumb":["https:\/\/ekco-ci.com\/ecommerce\/wp-content\/uploads\/2025\/04\/3-32-60x60.jpg",60,60,true],"cfw_order_bump_thumb":["https:\/\/ekco-ci.com\/ecommerce\/wp-content\/uploads\/2025\/04\/3-32.jpg",320,320,false],"woocommerce_thumbnail":["https:\/\/ekco-ci.com\/ecommerce\/wp-content\/uploads\/2025\/04\/3-32-300x225.jpg",300,225,true],"woocommerce_single":["https:\/\/ekco-ci.com\/ecommerce\/wp-content\/uploads\/2025\/04\/3-32-600x600.jpg",600,600,true],"woocommerce_gallery_thumbnail":["https:\/\/ekco-ci.com\/ecommerce\/wp-content\/uploads\/2025\/04\/3-32-100x100.jpg",100,100,true]},"uagb_author_info":{"display_name":"Christabelle Moulo","author_link":"https:\/\/ekco-ci.com\/ecommerce\/author\/"},"uagb_comment_info":0,"uagb_excerpt":"Une montre, c\u2019est utile &nbsp; &nbsp; &nbsp; Vous \u00eates dans la circulation, pas le temps de regarder sur votre smartphone [&hellip;]","_links":{"self":[{"href":"https:\/\/ekco-ci.com\/ecommerce\/wp-json\/wp\/v2\/product\/12423","targetHints":{"allow":["GET"]}}],"collection":[{"href":"https:\/\/ekco-ci.com\/ecommerce\/wp-json\/wp\/v2\/product"}],"about":[{"href":"https:\/\/ekco-ci.com\/ecommerce\/wp-json\/wp\/v2\/types\/product"}],"replies":[{"embeddable":true,"href":"https:\/\/ekco-ci.com\/ecommerce\/wp-json\/wp\/v2\/comments?post=12423"}],"wp:featuredmedia":[{"embeddable":true,"href":"https:\/\/ekco-ci.com\/ecommerce\/wp-json\/wp\/v2\/media\/12424"}],"wp:attachment":[{"href":"https:\/\/ekco-ci.com\/ecommerce\/wp-json\/wp\/v2\/media?parent=12423"}],"wp:term":[{"taxonomy":"product_brand","embeddable":true,"href":"https:\/\/ekco-ci.com\/ecommerce\/wp-json\/wp\/v2\/product_brand?post=12423"},{"taxonomy":"product_cat","embeddable":true,"href":"https:\/\/ekco-ci.com\/ecommerce\/wp-json\/wp\/v2\/product_cat?post=12423"},{"taxonomy":"product_tag","embeddable":true,"href":"https:\/\/ekco-ci.com\/ecommerce\/wp-json\/wp\/v2\/product_tag?post=12423"}],"curies":[{"name":"wp","href":"https:\/\/api.w.org\/{rel}","templated":true}]}}