{"id":12274,"date":"2025-03-24T09:35:57","date_gmt":"2025-03-24T09:35:57","guid":{"rendered":"https:\/\/ekco-ci.com\/ecommerce\/?post_type=product&#038;p=12274"},"modified":"2025-03-24T09:40:16","modified_gmt":"2025-03-24T09:40:16","slug":"smart-technology-42-smart-tv-dolby-aosp-stt-4391cw-hdmi-usb-avec-wifi-noir-regulateur-de-tension-garantie-12-mois-2","status":"publish","type":"product","link":"https:\/\/ekco-ci.com\/ecommerce\/produit\/smart-technology-42-smart-tv-dolby-aosp-stt-4391cw-hdmi-usb-avec-wifi-noir-regulateur-de-tension-garantie-12-mois-2\/","title":{"rendered":"SMART TECHNOLOGY 42&#8243; SMART TV DOLBY- AOSP (STT-4391CW) &#8211; HDMI, USB- Avec WIFI &#8211; Noir \/ R\u00e9gulateur De Tension &#8211; Garantie 12 Mois"},"content":{"rendered":"<div class=\"card aim -mtm\">\n<div class=\"markup -mhm -pvl -oxa -sc\">\n<h2><strong>SMART TECHNOLOGY, Le Meilleur Sinon Rien.<\/strong><\/h2>\n<p>&nbsp;<\/p>\n<h2><strong>STT-4391CW<\/strong><\/h2>\n<p>&nbsp;<\/p>\n<p><strong>D\u00e9taille\u00a0<\/strong><\/p>\n<p>&nbsp;<\/p>\n<p>Le syst\u00e8me\u00a0<strong>AOSP<\/strong>\u00a0(Android Open Source Project), une version plus moderne et performante d\u2019Android, offre des fonctionnalit\u00e9s adapt\u00e9es aux d\u00e9fis actuels :<\/p>\n<ul>\n<li><strong>Gestion simplifi\u00e9e<\/strong>\u00a0: une administration plus fluide et centralis\u00e9e.<\/li>\n<li><strong>S\u00e9curit\u00e9 renforc\u00e9e<\/strong>\u00a0: mieux adapt\u00e9e aux cyber-risques actuels.<\/li>\n<li><strong>Compatibilit\u00e9 durable<\/strong>\u00a0: pour continuer \u00e0 profiter des mises \u00e0 jour et des nouvelles fonctionnalit\u00e9s de Microsoft Teams.<\/li>\n<\/ul>\n<h2>Profitez du meilleur de la Full HD<\/h2>\n<p>&nbsp;<\/p>\n<p><img decoding=\"async\" src=\"https:\/\/images.samsung.com\/is\/image\/samsung\/my-feature-full-hd-picture-quality-103833434?$FB_TYPE_A_JPG$\" alt=\"Qualit\u00e9 d'image Full HD\" data-src=\"https:\/\/images.samsung.com\/is\/image\/samsung\/my-feature-full-hd-picture-quality-103833434?$FB_TYPE_A_JPG$\" \/><\/p>\n<p>&nbsp;<\/p>\n<p>&nbsp;<\/p>\n<p>&nbsp;<\/p>\n<p>&nbsp;<\/p>\n<p>Vos \u00e9missions de t\u00e9l\u00e9vision et vos films pr\u00e9f\u00e9r\u00e9s deviennent r\u00e9els.\u00a0La texture riche et vivante des images Full HD vous coupera le souffle.<\/p>\n<p>&nbsp;<\/p>\n<p>&nbsp;<\/p>\n<p>&nbsp;<\/p>\n<p>&nbsp;<\/p>\n<h2>Une vue hors du commun<\/h2>\n<p>&nbsp;<\/p>\n<p>Une vue nette r\u00e9duite du bruit et des interf\u00e9rences, tout en am\u00e9lioration de la couleur et du contraste pour une vue parfaitement nette.\u00a0Profitez de tout avec une qualit\u00e9 d&#8217;image raffin\u00e9e.<\/p>\n<p>&nbsp;<\/p>\n<h2>Une Vue Encore Plus Color\u00e9e<\/h2>\n<p>&nbsp;<\/p>\n<p><img decoding=\"async\" src=\"https:\/\/images.samsung.com\/is\/image\/samsung\/my-feature-wide-colour-enhancer-103833410?$FB_TYPE_A_JPG$\" alt=\"Enhancer de couleur large\" data-src=\"https:\/\/images.samsung.com\/is\/image\/samsung\/my-feature-wide-colour-enhancer-103833410?$FB_TYPE_A_JPG$\" \/><\/p>\n<p>&nbsp;<\/p>\n<p>&nbsp;<\/p>\n<p>Des couleurs vives et richesses vous attendent.\u00a0Nous savons que vous aimerez les belles choses c&#8217;est pourquoi nous vous offrons une qualit\u00e9 d&#8217;image exceptionnelle.<\/p>\n<p>&nbsp;<\/p>\n<h2>Vos Contenus \u00e0 Tous Moments<\/h2>\n<p>&nbsp;<\/p>\n<p><img decoding=\"async\" src=\"https:\/\/images.samsung.com\/is\/image\/samsung\/my-feature-connect-share-movie-103833420?$FB_TYPE_C_JPG$\" alt=\"Connecter le film\" data-src=\"https:\/\/images.samsung.com\/is\/image\/samsung\/my-feature-connect-share-movie-103833420?$FB_TYPE_C_JPG$\" \/><\/p>\n<p>&nbsp;<\/p>\n<p>&nbsp;<\/p>\n<p>Branchez votre divertissement et vos m\u00e9dias pr\u00e9f\u00e9r\u00e9s sur votre t\u00e9l\u00e9viseur &#8211; regardez des vid\u00e9os, \u00e9coutez de la musique ou visionnez des photos via une connexion USB.<\/p>\n<p>&nbsp;<\/p>\n<p>&nbsp;<\/p>\n<p>&nbsp;<\/p>\n<p>&nbsp;<\/p>\n<p><a href=\"https:\/\/www.jumia.ci\/boutique-smart-technology\/\"><img decoding=\"async\" src=\"https:\/\/www.zupimages.net\/up\/20\/10\/5blx.gif\" alt=\"Pour Consulter la Boutique du vendeur\" data-src=\"https:\/\/www.zupimages.net\/up\/20\/10\/5blx.gif\" \/><\/a><\/p>\n<p>&nbsp;<\/p>\n<p>&nbsp;<\/p>\n<p><img decoding=\"async\" src=\"https:\/\/ci.jumia.is\/cms\/external\/pet\/SM350EA04BY9ZNAFAMZ\/80bf7136f217c04ae5654cb2bef950b0.jpg\" alt=\"\" data-src=\"https:\/\/ci.jumia.is\/cms\/external\/pet\/SM350EA04BY9ZNAFAMZ\/80bf7136f217c04ae5654cb2bef950b0.jpg\" \/><\/p>\n<\/div>\n<\/div>\n<section class=\"card aim -mtm -fs16\">\n<div id=\"specifications\" class=\"hook\"><\/div>\n<header class=\"-pvs -bb\">\n<h2 class=\"-fs20 -m -phm -pvxs\"><\/h2>\n<\/header>\n<\/section>\n","protected":false},"excerpt":{"rendered":"<p>SMART TECHNOLOGY, Le Meilleur Sinon Rien. &nbsp; STT-4391CW &nbsp; D\u00e9taille\u00a0 &nbsp; Le syst\u00e8me\u00a0AOSP\u00a0(Android Open Source Project), une version plus moderne [&hellip;]<\/p>\n","protected":false},"featured_media":12270,"comment_status":"open","ping_status":"closed","template":"","meta":{"_uag_custom_page_level_css":"","site-sidebar-layout":"default","site-content-layout":"","ast-site-content-layout":"default","site-content-style":"default","site-sidebar-style":"default","ast-global-header-display":"","ast-banner-title-visibility":"","ast-main-header-display":"","ast-hfb-above-header-display":"","ast-hfb-below-header-display":"","ast-hfb-mobile-header-display":"","site-post-title":"","ast-breadcrumbs-content":"","ast-featured-img":"","footer-sml-layout":"","ast-disable-related-posts":"","theme-transparent-header-meta":"default","adv-header-id-meta":"","stick-header-meta":"","header-above-stick-meta":"","header-main-stick-meta":"","header-below-stick-meta":"","astra-migrate-meta-layouts":"set","ast-page-background-enabled":"default","ast-page-background-meta":{"desktop":{"background-color":"var(--ast-global-color-4)","background-image":"","background-repeat":"repeat","background-position":"center center","background-size":"auto","background-attachment":"scroll","background-type":"","background-media":"","overlay-type":"","overlay-color":"","overlay-opacity":"","overlay-gradient":""},"tablet":{"background-color":"","background-image":"","background-repeat":"repeat","background-position":"center center","background-size":"auto","background-attachment":"scroll","background-type":"","background-media":"","overlay-type":"","overlay-color":"","overlay-opacity":"","overlay-gradient":""},"mobile":{"background-color":"","background-image":"","background-repeat":"repeat","background-position":"center center","background-size":"auto","background-attachment":"scroll","background-type":"","background-media":"","overlay-type":"","overlay-color":"","overlay-opacity":"","overlay-gradient":""}},"ast-content-background-meta":{"desktop":{"background-color":"var(--ast-global-color-5)","background-image":"","background-repeat":"repeat","background-position":"center center","background-size":"auto","background-attachment":"scroll","background-type":"","background-media":"","overlay-type":"","overlay-color":"","overlay-opacity":"","overlay-gradient":""},"tablet":{"background-color":"var(--ast-global-color-5)","background-image":"","background-repeat":"repeat","background-position":"center center","background-size":"auto","background-attachment":"scroll","background-type":"","background-media":"","overlay-type":"","overlay-color":"","overlay-opacity":"","overlay-gradient":""},"mobile":{"background-color":"var(--ast-global-color-5)","background-image":"","background-repeat":"repeat","background-position":"center center","background-size":"auto","background-attachment":"scroll","background-type":"","background-media":"","overlay-type":"","overlay-color":"","overlay-opacity":"","overlay-gradient":""}}},"product_brand":[],"product_cat":[382,1182],"product_tag":[],"class_list":{"0":"post-12274","1":"product","2":"type-product","3":"status-publish","4":"has-post-thumbnail","6":"product_cat-accessoires-smart-watc","7":"product_cat-cables-de-smart-watch","8":"desktop-align-left","9":"tablet-align-left","10":"mobile-align-left","12":"first","13":"instock","14":"sale","15":"shipping-taxable","16":"purchasable","17":"product-type-simple"},"yoast_head":"<!-- This site is optimized with the Yoast SEO plugin v26.8 - https:\/\/yoast.com\/product\/yoast-seo-wordpress\/ -->\n<title>SMART TECHNOLOGY 42&quot; SMART TV DOLBY- AOSP (STT-4391CW) - HDMI, USB- Avec WIFI - Noir \/ R\u00e9gulateur De Tension - Garantie 12 Mois - Ekco Boutique<\/title>\n<meta name=\"robots\" content=\"index, follow, max-snippet:-1, max-image-preview:large, max-video-preview:-1\" \/>\n<link rel=\"canonical\" href=\"https:\/\/ekco-ci.com\/ecommerce\/produit\/smart-technology-42-smart-tv-dolby-aosp-stt-4391cw-hdmi-usb-avec-wifi-noir-regulateur-de-tension-garantie-12-mois-2\/\" \/>\n<meta property=\"og:locale\" content=\"fr_FR\" \/>\n<meta property=\"og:type\" content=\"article\" \/>\n<meta property=\"og:title\" content=\"SMART TECHNOLOGY 42&quot; SMART TV DOLBY- AOSP (STT-4391CW) - HDMI, USB- Avec WIFI - Noir \/ R\u00e9gulateur De Tension - Garantie 12 Mois - Ekco Boutique\" \/>\n<meta property=\"og:description\" content=\"SMART TECHNOLOGY, Le Meilleur Sinon Rien. &nbsp; STT-4391CW &nbsp; D\u00e9taille\u00a0 &nbsp; Le syst\u00e8me\u00a0AOSP\u00a0(Android Open Source Project), une version plus moderne [&hellip;]\" \/>\n<meta property=\"og:url\" content=\"https:\/\/ekco-ci.com\/ecommerce\/produit\/smart-technology-42-smart-tv-dolby-aosp-stt-4391cw-hdmi-usb-avec-wifi-noir-regulateur-de-tension-garantie-12-mois-2\/\" \/>\n<meta property=\"og:site_name\" content=\"Ekco Boutique\" \/>\n<meta property=\"article:modified_time\" content=\"2025-03-24T09:40:16+00:00\" \/>\n<meta property=\"og:image\" content=\"https:\/\/ekco-ci.com\/ecommerce\/wp-content\/uploads\/2025\/03\/1-55.jpg\" \/>\n\t<meta property=\"og:image:width\" content=\"680\" \/>\n\t<meta property=\"og:image:height\" content=\"680\" \/>\n\t<meta property=\"og:image:type\" content=\"image\/jpeg\" \/>\n<meta name=\"twitter:card\" content=\"summary_large_image\" \/>\n<meta name=\"twitter:label1\" content=\"Dur\u00e9e de lecture estim\u00e9e\" \/>\n\t<meta name=\"twitter:data1\" content=\"3 minutes\" \/>\n<script type=\"application\/ld+json\" class=\"yoast-schema-graph\">{\"@context\":\"https:\/\/schema.org\",\"@graph\":[{\"@type\":\"WebPage\",\"@id\":\"https:\/\/ekco-ci.com\/ecommerce\/produit\/smart-technology-42-smart-tv-dolby-aosp-stt-4391cw-hdmi-usb-avec-wifi-noir-regulateur-de-tension-garantie-12-mois-2\/\",\"url\":\"https:\/\/ekco-ci.com\/ecommerce\/produit\/smart-technology-42-smart-tv-dolby-aosp-stt-4391cw-hdmi-usb-avec-wifi-noir-regulateur-de-tension-garantie-12-mois-2\/\",\"name\":\"SMART TECHNOLOGY 42\\\" SMART TV DOLBY- AOSP (STT-4391CW) - HDMI, USB- Avec WIFI - Noir \/ R\u00e9gulateur De Tension - Garantie 12 Mois - Ekco Boutique\",\"isPartOf\":{\"@id\":\"https:\/\/ekco-ci.com\/ecommerce\/#website\"},\"primaryImageOfPage\":{\"@id\":\"https:\/\/ekco-ci.com\/ecommerce\/produit\/smart-technology-42-smart-tv-dolby-aosp-stt-4391cw-hdmi-usb-avec-wifi-noir-regulateur-de-tension-garantie-12-mois-2\/#primaryimage\"},\"image\":{\"@id\":\"https:\/\/ekco-ci.com\/ecommerce\/produit\/smart-technology-42-smart-tv-dolby-aosp-stt-4391cw-hdmi-usb-avec-wifi-noir-regulateur-de-tension-garantie-12-mois-2\/#primaryimage\"},\"thumbnailUrl\":\"https:\/\/ekco-ci.com\/ecommerce\/wp-content\/uploads\/2025\/03\/1-55.jpg\",\"datePublished\":\"2025-03-24T09:35:57+00:00\",\"dateModified\":\"2025-03-24T09:40:16+00:00\",\"breadcrumb\":{\"@id\":\"https:\/\/ekco-ci.com\/ecommerce\/produit\/smart-technology-42-smart-tv-dolby-aosp-stt-4391cw-hdmi-usb-avec-wifi-noir-regulateur-de-tension-garantie-12-mois-2\/#breadcrumb\"},\"inLanguage\":\"fr-FR\",\"potentialAction\":[{\"@type\":\"ReadAction\",\"target\":[\"https:\/\/ekco-ci.com\/ecommerce\/produit\/smart-technology-42-smart-tv-dolby-aosp-stt-4391cw-hdmi-usb-avec-wifi-noir-regulateur-de-tension-garantie-12-mois-2\/\"]}]},{\"@type\":\"ImageObject\",\"inLanguage\":\"fr-FR\",\"@id\":\"https:\/\/ekco-ci.com\/ecommerce\/produit\/smart-technology-42-smart-tv-dolby-aosp-stt-4391cw-hdmi-usb-avec-wifi-noir-regulateur-de-tension-garantie-12-mois-2\/#primaryimage\",\"url\":\"https:\/\/ekco-ci.com\/ecommerce\/wp-content\/uploads\/2025\/03\/1-55.jpg\",\"contentUrl\":\"https:\/\/ekco-ci.com\/ecommerce\/wp-content\/uploads\/2025\/03\/1-55.jpg\",\"width\":680,\"height\":680},{\"@type\":\"BreadcrumbList\",\"@id\":\"https:\/\/ekco-ci.com\/ecommerce\/produit\/smart-technology-42-smart-tv-dolby-aosp-stt-4391cw-hdmi-usb-avec-wifi-noir-regulateur-de-tension-garantie-12-mois-2\/#breadcrumb\",\"itemListElement\":[{\"@type\":\"ListItem\",\"position\":1,\"name\":\"Home\",\"item\":\"https:\/\/ekco-ci.com\/ecommerce\/\"},{\"@type\":\"ListItem\",\"position\":2,\"name\":\"Boutique\",\"item\":\"https:\/\/ekco-ci.com\/ecommerce\/boutique\/\"},{\"@type\":\"ListItem\",\"position\":3,\"name\":\"SMART TECHNOLOGY 42&#8243; SMART TV DOLBY- AOSP (STT-4391CW) &#8211; HDMI, USB- Avec WIFI &#8211; Noir \/ R\u00e9gulateur De Tension &#8211; Garantie 12 Mois\"}]},{\"@type\":\"WebSite\",\"@id\":\"https:\/\/ekco-ci.com\/ecommerce\/#website\",\"url\":\"https:\/\/ekco-ci.com\/ecommerce\/\",\"name\":\"Ekco Boutique\",\"description\":\"Ekco Boutique! La qualit\u00e9 au c\u0153ur de chaque achat\",\"publisher\":{\"@id\":\"https:\/\/ekco-ci.com\/ecommerce\/#organization\"},\"alternateName\":\"Boutique\",\"potentialAction\":[{\"@type\":\"SearchAction\",\"target\":{\"@type\":\"EntryPoint\",\"urlTemplate\":\"https:\/\/ekco-ci.com\/ecommerce\/?s={search_term_string}\"},\"query-input\":{\"@type\":\"PropertyValueSpecification\",\"valueRequired\":true,\"valueName\":\"search_term_string\"}}],\"inLanguage\":\"fr-FR\"},{\"@type\":\"Organization\",\"@id\":\"https:\/\/ekco-ci.com\/ecommerce\/#organization\",\"name\":\"Ekco Boutique\",\"url\":\"https:\/\/ekco-ci.com\/ecommerce\/\",\"logo\":{\"@type\":\"ImageObject\",\"inLanguage\":\"fr-FR\",\"@id\":\"https:\/\/ekco-ci.com\/ecommerce\/#\/schema\/logo\/image\/\",\"url\":\"https:\/\/ekco-ci.com\/ecommerce\/wp-content\/uploads\/2024\/08\/cropped-lologo.png\",\"contentUrl\":\"https:\/\/ekco-ci.com\/ecommerce\/wp-content\/uploads\/2024\/08\/cropped-lologo.png\",\"width\":512,\"height\":512,\"caption\":\"Ekco Boutique\"},\"image\":{\"@id\":\"https:\/\/ekco-ci.com\/ecommerce\/#\/schema\/logo\/image\/\"}}]}<\/script>\n<!-- \/ Yoast SEO plugin. -->","yoast_head_json":{"title":"SMART TECHNOLOGY 42\" SMART TV DOLBY- AOSP (STT-4391CW) - HDMI, USB- Avec WIFI - Noir \/ R\u00e9gulateur De Tension - Garantie 12 Mois - Ekco Boutique","robots":{"index":"index","follow":"follow","max-snippet":"max-snippet:-1","max-image-preview":"max-image-preview:large","max-video-preview":"max-video-preview:-1"},"canonical":"https:\/\/ekco-ci.com\/ecommerce\/produit\/smart-technology-42-smart-tv-dolby-aosp-stt-4391cw-hdmi-usb-avec-wifi-noir-regulateur-de-tension-garantie-12-mois-2\/","og_locale":"fr_FR","og_type":"article","og_title":"SMART TECHNOLOGY 42\" SMART TV DOLBY- AOSP (STT-4391CW) - HDMI, USB- Avec WIFI - Noir \/ R\u00e9gulateur De Tension - Garantie 12 Mois - Ekco Boutique","og_description":"SMART TECHNOLOGY, Le Meilleur Sinon Rien. &nbsp; STT-4391CW &nbsp; D\u00e9taille\u00a0 &nbsp; Le syst\u00e8me\u00a0AOSP\u00a0(Android Open Source Project), une version plus moderne [&hellip;]","og_url":"https:\/\/ekco-ci.com\/ecommerce\/produit\/smart-technology-42-smart-tv-dolby-aosp-stt-4391cw-hdmi-usb-avec-wifi-noir-regulateur-de-tension-garantie-12-mois-2\/","og_site_name":"Ekco Boutique","article_modified_time":"2025-03-24T09:40:16+00:00","og_image":[{"width":680,"height":680,"url":"https:\/\/ekco-ci.com\/ecommerce\/wp-content\/uploads\/2025\/03\/1-55.jpg","type":"image\/jpeg"}],"twitter_card":"summary_large_image","twitter_misc":{"Dur\u00e9e de lecture estim\u00e9e":"3 minutes"},"schema":{"@context":"https:\/\/schema.org","@graph":[{"@type":"WebPage","@id":"https:\/\/ekco-ci.com\/ecommerce\/produit\/smart-technology-42-smart-tv-dolby-aosp-stt-4391cw-hdmi-usb-avec-wifi-noir-regulateur-de-tension-garantie-12-mois-2\/","url":"https:\/\/ekco-ci.com\/ecommerce\/produit\/smart-technology-42-smart-tv-dolby-aosp-stt-4391cw-hdmi-usb-avec-wifi-noir-regulateur-de-tension-garantie-12-mois-2\/","name":"SMART TECHNOLOGY 42\" SMART TV DOLBY- AOSP (STT-4391CW) - HDMI, USB- Avec WIFI - Noir \/ R\u00e9gulateur De Tension - Garantie 12 Mois - Ekco Boutique","isPartOf":{"@id":"https:\/\/ekco-ci.com\/ecommerce\/#website"},"primaryImageOfPage":{"@id":"https:\/\/ekco-ci.com\/ecommerce\/produit\/smart-technology-42-smart-tv-dolby-aosp-stt-4391cw-hdmi-usb-avec-wifi-noir-regulateur-de-tension-garantie-12-mois-2\/#primaryimage"},"image":{"@id":"https:\/\/ekco-ci.com\/ecommerce\/produit\/smart-technology-42-smart-tv-dolby-aosp-stt-4391cw-hdmi-usb-avec-wifi-noir-regulateur-de-tension-garantie-12-mois-2\/#primaryimage"},"thumbnailUrl":"https:\/\/ekco-ci.com\/ecommerce\/wp-content\/uploads\/2025\/03\/1-55.jpg","datePublished":"2025-03-24T09:35:57+00:00","dateModified":"2025-03-24T09:40:16+00:00","breadcrumb":{"@id":"https:\/\/ekco-ci.com\/ecommerce\/produit\/smart-technology-42-smart-tv-dolby-aosp-stt-4391cw-hdmi-usb-avec-wifi-noir-regulateur-de-tension-garantie-12-mois-2\/#breadcrumb"},"inLanguage":"fr-FR","potentialAction":[{"@type":"ReadAction","target":["https:\/\/ekco-ci.com\/ecommerce\/produit\/smart-technology-42-smart-tv-dolby-aosp-stt-4391cw-hdmi-usb-avec-wifi-noir-regulateur-de-tension-garantie-12-mois-2\/"]}]},{"@type":"ImageObject","inLanguage":"fr-FR","@id":"https:\/\/ekco-ci.com\/ecommerce\/produit\/smart-technology-42-smart-tv-dolby-aosp-stt-4391cw-hdmi-usb-avec-wifi-noir-regulateur-de-tension-garantie-12-mois-2\/#primaryimage","url":"https:\/\/ekco-ci.com\/ecommerce\/wp-content\/uploads\/2025\/03\/1-55.jpg","contentUrl":"https:\/\/ekco-ci.com\/ecommerce\/wp-content\/uploads\/2025\/03\/1-55.jpg","width":680,"height":680},{"@type":"BreadcrumbList","@id":"https:\/\/ekco-ci.com\/ecommerce\/produit\/smart-technology-42-smart-tv-dolby-aosp-stt-4391cw-hdmi-usb-avec-wifi-noir-regulateur-de-tension-garantie-12-mois-2\/#breadcrumb","itemListElement":[{"@type":"ListItem","position":1,"name":"Home","item":"https:\/\/ekco-ci.com\/ecommerce\/"},{"@type":"ListItem","position":2,"name":"Boutique","item":"https:\/\/ekco-ci.com\/ecommerce\/boutique\/"},{"@type":"ListItem","position":3,"name":"SMART TECHNOLOGY 42&#8243; SMART TV DOLBY- AOSP (STT-4391CW) &#8211; HDMI, USB- Avec WIFI &#8211; Noir \/ R\u00e9gulateur De Tension &#8211; Garantie 12 Mois"}]},{"@type":"WebSite","@id":"https:\/\/ekco-ci.com\/ecommerce\/#website","url":"https:\/\/ekco-ci.com\/ecommerce\/","name":"Ekco Boutique","description":"Ekco Boutique! La qualit\u00e9 au c\u0153ur de chaque achat","publisher":{"@id":"https:\/\/ekco-ci.com\/ecommerce\/#organization"},"alternateName":"Boutique","potentialAction":[{"@type":"SearchAction","target":{"@type":"EntryPoint","urlTemplate":"https:\/\/ekco-ci.com\/ecommerce\/?s={search_term_string}"},"query-input":{"@type":"PropertyValueSpecification","valueRequired":true,"valueName":"search_term_string"}}],"inLanguage":"fr-FR"},{"@type":"Organization","@id":"https:\/\/ekco-ci.com\/ecommerce\/#organization","name":"Ekco Boutique","url":"https:\/\/ekco-ci.com\/ecommerce\/","logo":{"@type":"ImageObject","inLanguage":"fr-FR","@id":"https:\/\/ekco-ci.com\/ecommerce\/#\/schema\/logo\/image\/","url":"https:\/\/ekco-ci.com\/ecommerce\/wp-content\/uploads\/2024\/08\/cropped-lologo.png","contentUrl":"https:\/\/ekco-ci.com\/ecommerce\/wp-content\/uploads\/2024\/08\/cropped-lologo.png","width":512,"height":512,"caption":"Ekco Boutique"},"image":{"@id":"https:\/\/ekco-ci.com\/ecommerce\/#\/schema\/logo\/image\/"}}]}},"uagb_featured_image_src":{"full":["https:\/\/ekco-ci.com\/ecommerce\/wp-content\/uploads\/2025\/03\/1-55.jpg",680,680,false],"thumbnail":["https:\/\/ekco-ci.com\/ecommerce\/wp-content\/uploads\/2025\/03\/1-55-150x150.jpg",150,150,true],"medium":["https:\/\/ekco-ci.com\/ecommerce\/wp-content\/uploads\/2025\/03\/1-55-300x300.jpg",300,300,true],"medium_large":["https:\/\/ekco-ci.com\/ecommerce\/wp-content\/uploads\/2025\/03\/1-55.jpg",680,680,false],"large":["https:\/\/ekco-ci.com\/ecommerce\/wp-content\/uploads\/2025\/03\/1-55.jpg",680,680,false],"1536x1536":["https:\/\/ekco-ci.com\/ecommerce\/wp-content\/uploads\/2025\/03\/1-55.jpg",680,680,false],"2048x2048":["https:\/\/ekco-ci.com\/ecommerce\/wp-content\/uploads\/2025\/03\/1-55.jpg",680,680,false],"cfw_cart_thumb":["https:\/\/ekco-ci.com\/ecommerce\/wp-content\/uploads\/2025\/03\/1-55-60x60.jpg",60,60,true],"cfw_order_bump_thumb":["https:\/\/ekco-ci.com\/ecommerce\/wp-content\/uploads\/2025\/03\/1-55.jpg",320,320,false],"woocommerce_thumbnail":["https:\/\/ekco-ci.com\/ecommerce\/wp-content\/uploads\/2025\/03\/1-55-300x225.jpg",300,225,true],"woocommerce_single":["https:\/\/ekco-ci.com\/ecommerce\/wp-content\/uploads\/2025\/03\/1-55-600x600.jpg",600,600,true],"woocommerce_gallery_thumbnail":["https:\/\/ekco-ci.com\/ecommerce\/wp-content\/uploads\/2025\/03\/1-55-100x100.jpg",100,100,true]},"uagb_author_info":{"display_name":"Christabelle Moulo","author_link":"https:\/\/ekco-ci.com\/ecommerce\/author\/"},"uagb_comment_info":0,"uagb_excerpt":"SMART TECHNOLOGY, Le Meilleur Sinon Rien. &nbsp; STT-4391CW &nbsp; D\u00e9taille\u00a0 &nbsp; Le syst\u00e8me\u00a0AOSP\u00a0(Android Open Source Project), une version plus moderne [&hellip;]","_links":{"self":[{"href":"https:\/\/ekco-ci.com\/ecommerce\/wp-json\/wp\/v2\/product\/12274","targetHints":{"allow":["GET"]}}],"collection":[{"href":"https:\/\/ekco-ci.com\/ecommerce\/wp-json\/wp\/v2\/product"}],"about":[{"href":"https:\/\/ekco-ci.com\/ecommerce\/wp-json\/wp\/v2\/types\/product"}],"replies":[{"embeddable":true,"href":"https:\/\/ekco-ci.com\/ecommerce\/wp-json\/wp\/v2\/comments?post=12274"}],"wp:featuredmedia":[{"embeddable":true,"href":"https:\/\/ekco-ci.com\/ecommerce\/wp-json\/wp\/v2\/media\/12270"}],"wp:attachment":[{"href":"https:\/\/ekco-ci.com\/ecommerce\/wp-json\/wp\/v2\/media?parent=12274"}],"wp:term":[{"taxonomy":"product_brand","embeddable":true,"href":"https:\/\/ekco-ci.com\/ecommerce\/wp-json\/wp\/v2\/product_brand?post=12274"},{"taxonomy":"product_cat","embeddable":true,"href":"https:\/\/ekco-ci.com\/ecommerce\/wp-json\/wp\/v2\/product_cat?post=12274"},{"taxonomy":"product_tag","embeddable":true,"href":"https:\/\/ekco-ci.com\/ecommerce\/wp-json\/wp\/v2\/product_tag?post=12274"}],"curies":[{"name":"wp","href":"https:\/\/api.w.org\/{rel}","templated":true}]}}