{"id":12175,"date":"2025-03-19T14:35:47","date_gmt":"2025-03-19T14:35:47","guid":{"rendered":"https:\/\/ekco-ci.com\/ecommerce\/?post_type=product&#038;p=12175"},"modified":"2025-03-19T14:35:53","modified_gmt":"2025-03-19T14:35:53","slug":"oraimo-powerbank-charge-rapide-10000mah-12w-noir","status":"publish","type":"product","link":"https:\/\/ekco-ci.com\/ecommerce\/produit\/oraimo-powerbank-charge-rapide-10000mah-12w-noir\/","title":{"rendered":"Oraimo PowerBank Charge Rapide &#8211; 10000mah 12W &#8211; Noir"},"content":{"rendered":"<p><strong>3 c\u00e2bles de charge int\u00e9gr\u00e9s et 4 sorties<br \/>\n<\/strong><strong>Profitez d&#8217;une charge haute vitesse \u00e0 tout moment<br \/>\n<\/strong><\/p>\n<p>Total de 4 ports de sortie (3 c\u00e2bles et un port USB-A), prenant en charge une charge rapide pour 4 appareils intelligents simultan\u00e9ment, ce qui vous fait gagner du temps et n&#8217;a plus besoin de transporter un c\u00e2ble s\u00e9par\u00e9.<\/p>\n<p>*3 c\u00e2bles de chargement int\u00e9gr\u00e9s\u00a0: c\u00e2ble Lightning, type-C et micro-USB<\/p>\n<p>&nbsp;<\/p>\n<p><img fetchpriority=\"high\" decoding=\"async\" class=\"lazyloaded\" src=\"https:\/\/ci.jumia.is\/cms\/external\/pet\/OR234EA1I9MWUNAFAMZ\/e94ba544771218034d0125e6e73ed7bb.jpg\" alt=\"\" width=\"528\" height=\"528\" data-src=\"https:\/\/ci.jumia.is\/cms\/external\/pet\/OR234EA1I9MWUNAFAMZ\/e94ba544771218034d0125e6e73ed7bb.jpg\" \/><\/p>\n<p><strong>Charge rapide 12 W<\/strong><br \/>\n<strong>Con\u00e7u pour la vitesse<br \/>\n<\/strong><\/p>\n<p>Les ports USB-A et Lightning offrent une charge plus rapide pour presque tous les appareils.<br \/>\nPrend en charge une charge rapide jusqu&#8217;\u00e0 2,4 A.<\/p>\n<p>&nbsp;<\/p>\n<p><img decoding=\"async\" class=\"lazyloaded\" src=\"https:\/\/ci.jumia.is\/cms\/external\/pet\/OR234EA1I9MWUNAFAMZ\/f6e7a084ca40a98181f56b552b39225a.jpg\" alt=\"\" width=\"529\" height=\"529\" data-src=\"https:\/\/ci.jumia.is\/cms\/external\/pet\/OR234EA1I9MWUNAFAMZ\/f6e7a084ca40a98181f56b552b39225a.jpg\" \/><\/p>\n<p>&nbsp;<\/p>\n<p><strong>Deux Modes de recharge<\/strong><br \/>\n<strong>Plus d&#8217;options de recharge<br \/>\n<\/strong><\/p>\n<p>Il est livr\u00e9 avec deux ports de recharge Type-C et Micro-USB, vous pouvez choisir le mode de recharge.<\/p>\n<p>&nbsp;<\/p>\n<p><img decoding=\"async\" class=\"lazyloaded\" src=\"https:\/\/ci.jumia.is\/cms\/external\/pet\/OR234EA1I9MWUNAFAMZ\/3e2417f95e8ecfe0bc5d613011c80cd9.jpg\" alt=\"\" width=\"531\" height=\"531\" data-src=\"https:\/\/ci.jumia.is\/cms\/external\/pet\/OR234EA1I9MWUNAFAMZ\/3e2417f95e8ecfe0bc5d613011c80cd9.jpg\" \/><\/p>\n<p>&nbsp;<\/p>\n<p><strong>Capacit\u00e9 de 10 000 mAh<\/strong><br \/>\n<strong>Puissant et portable<br \/>\n<\/strong><\/p>\n<p>Stockez une haute capacit\u00e9 de 10 000 mAh pour charger tous vos appareils et vous aider \u00e0 rester connect\u00e9 pendant une panne de courant.<\/p>\n<p>&nbsp;<\/p>\n<p><img loading=\"lazy\" decoding=\"async\" class=\"lazyloaded\" src=\"https:\/\/ci.jumia.is\/cms\/external\/pet\/OR234EA1I9MWUNAFAMZ\/f308ea16543f68d265b8abb6ce9b8117.jpg\" alt=\"\" width=\"535\" height=\"535\" data-src=\"https:\/\/ci.jumia.is\/cms\/external\/pet\/OR234EA1I9MWUNAFAMZ\/f308ea16543f68d265b8abb6ce9b8117.jpg\" \/><\/p>\n<p>&nbsp;<\/p>\n<p><strong>Compatibilit\u00e9 universelle<\/strong><br \/>\n<strong>Compatible avec plus de 1000 appareils<br \/>\n<\/strong><\/p>\n<p>Avec plusieurs ports de sortie et divers c\u00e2bles de charge inclus,<br \/>\nnotre banque d&#8217;alimentation peut fournir une solution de charge fiable et efficace.<\/p>\n<p>&nbsp;<\/p>\n<p><img loading=\"lazy\" decoding=\"async\" class=\"lazyloaded\" src=\"https:\/\/ci.jumia.is\/cms\/external\/pet\/OR234EA1I9MWUNAFAMZ\/110202042d6451b9ecd090505352b227.jpg\" alt=\"\" width=\"524\" height=\"524\" data-src=\"https:\/\/ci.jumia.is\/cms\/external\/pet\/OR234EA1I9MWUNAFAMZ\/110202042d6451b9ecd090505352b227.jpg\" \/><\/p>\n<p>&nbsp;<\/p>\n<p><strong>Conception durable<\/strong><br \/>\n<strong>Construit pour durer<br \/>\n<\/strong><\/p>\n<p>Robuste et durable<br \/>\nC\u00e2ble de chargement int\u00e9gr\u00e9<br \/>\nLa protection du fil \u00e9paissi et le processus anti-enroulement le rendent plus durable.<\/p>\n<p>Puce de chargement intelligente int\u00e9gr\u00e9e<br \/>\nIdentifie intelligemment le protocole de charge rapide de votre mobile pour fournir la charge la plus rapide possible.<\/p>\n<p>Fil de haute qualit\u00e9<br \/>\nConducteur en cuivre pur, taux de conversion de charge plus \u00e9lev\u00e9, moins de perte de conversion de charge.<\/p>\n<p>&nbsp;<\/p>\n<p><img loading=\"lazy\" decoding=\"async\" class=\"lazyloaded\" src=\"https:\/\/ci.jumia.is\/cms\/external\/pet\/OR234EA1I9MWUNAFAMZ\/f6ccb9520f163c2f4a564190575c8ab1.jpg\" alt=\"\" width=\"531\" height=\"531\" data-src=\"https:\/\/ci.jumia.is\/cms\/external\/pet\/OR234EA1I9MWUNAFAMZ\/f6ccb9520f163c2f4a564190575c8ab1.jpg\" \/><\/p>\n<p>&nbsp;<\/p>\n<p><strong>Syst\u00e8me multi-protection<\/strong><br \/>\n<strong>Fonctions de s\u00e9curit\u00e9 haut de gamme<br \/>\n<\/strong><\/p>\n<p>La puce au lithium polym\u00e8re de qualit\u00e9 sup\u00e9rieure n&#8217;est pas seulement s\u00fbre, elle pr\u00e9sente \u00e9galement un taux de conversion plus \u00e9lev\u00e9,<br \/>\nune tension stable et une protection fiable des circuits.<\/p>\n","protected":false},"excerpt":{"rendered":"<p>3 c\u00e2bles de charge int\u00e9gr\u00e9s et 4 sorties Profitez d&#8217;une charge haute vitesse \u00e0 tout moment Total de 4 ports [&hellip;]<\/p>\n","protected":false},"featured_media":12177,"comment_status":"open","ping_status":"closed","template":"","meta":{"_uag_custom_page_level_css":"","site-sidebar-layout":"default","site-content-layout":"","ast-site-content-layout":"default","site-content-style":"default","site-sidebar-style":"default","ast-global-header-display":"","ast-banner-title-visibility":"","ast-main-header-display":"","ast-hfb-above-header-display":"","ast-hfb-below-header-display":"","ast-hfb-mobile-header-display":"","site-post-title":"","ast-breadcrumbs-content":"","ast-featured-img":"","footer-sml-layout":"","ast-disable-related-posts":"","theme-transparent-header-meta":"default","adv-header-id-meta":"","stick-header-meta":"","header-above-stick-meta":"","header-main-stick-meta":"","header-below-stick-meta":"","astra-migrate-meta-layouts":"set","ast-page-background-enabled":"default","ast-page-background-meta":{"desktop":{"background-color":"var(--ast-global-color-4)","background-image":"","background-repeat":"repeat","background-position":"center center","background-size":"auto","background-attachment":"scroll","background-type":"","background-media":"","overlay-type":"","overlay-color":"","overlay-opacity":"","overlay-gradient":""},"tablet":{"background-color":"","background-image":"","background-repeat":"repeat","background-position":"center center","background-size":"auto","background-attachment":"scroll","background-type":"","background-media":"","overlay-type":"","overlay-color":"","overlay-opacity":"","overlay-gradient":""},"mobile":{"background-color":"","background-image":"","background-repeat":"repeat","background-position":"center center","background-size":"auto","background-attachment":"scroll","background-type":"","background-media":"","overlay-type":"","overlay-color":"","overlay-opacity":"","overlay-gradient":""}},"ast-content-background-meta":{"desktop":{"background-color":"var(--ast-global-color-5)","background-image":"","background-repeat":"repeat","background-position":"center center","background-size":"auto","background-attachment":"scroll","background-type":"","background-media":"","overlay-type":"","overlay-color":"","overlay-opacity":"","overlay-gradient":""},"tablet":{"background-color":"var(--ast-global-color-5)","background-image":"","background-repeat":"repeat","background-position":"center center","background-size":"auto","background-attachment":"scroll","background-type":"","background-media":"","overlay-type":"","overlay-color":"","overlay-opacity":"","overlay-gradient":""},"mobile":{"background-color":"var(--ast-global-color-5)","background-image":"","background-repeat":"repeat","background-position":"center center","background-size":"auto","background-attachment":"scroll","background-type":"","background-media":"","overlay-type":"","overlay-color":"","overlay-opacity":"","overlay-gradient":""}}},"product_brand":[],"product_cat":[1182,1087,1181],"product_tag":[],"class_list":{"0":"post-12175","1":"product","2":"type-product","3":"status-publish","4":"has-post-thumbnail","6":"product_cat-cables-de-smart-watch","7":"product_cat-cables-de-synchronisation-et-de-charge-usb-accessoires-telephone","8":"product_cat-montre-intelligente-cables-chargeurs","9":"desktop-align-left","10":"tablet-align-left","11":"mobile-align-left","13":"first","14":"instock","15":"sale","16":"shipping-taxable","17":"purchasable","18":"product-type-simple"},"yoast_head":"<!-- This site is optimized with the Yoast SEO plugin v26.8 - https:\/\/yoast.com\/product\/yoast-seo-wordpress\/ -->\n<title>Oraimo PowerBank Charge Rapide - 10000mah 12W - Noir - Ekco Boutique<\/title>\n<meta name=\"robots\" content=\"index, follow, max-snippet:-1, max-image-preview:large, max-video-preview:-1\" \/>\n<link rel=\"canonical\" href=\"https:\/\/ekco-ci.com\/ecommerce\/produit\/oraimo-powerbank-charge-rapide-10000mah-12w-noir\/\" \/>\n<meta property=\"og:locale\" content=\"fr_FR\" \/>\n<meta property=\"og:type\" content=\"article\" \/>\n<meta property=\"og:title\" content=\"Oraimo PowerBank Charge Rapide - 10000mah 12W - Noir - Ekco Boutique\" \/>\n<meta property=\"og:description\" content=\"3 c\u00e2bles de charge int\u00e9gr\u00e9s et 4 sorties Profitez d&#8217;une charge haute vitesse \u00e0 tout moment Total de 4 ports [&hellip;]\" \/>\n<meta property=\"og:url\" content=\"https:\/\/ekco-ci.com\/ecommerce\/produit\/oraimo-powerbank-charge-rapide-10000mah-12w-noir\/\" \/>\n<meta property=\"og:site_name\" content=\"Ekco Boutique\" \/>\n<meta property=\"article:modified_time\" content=\"2025-03-19T14:35:53+00:00\" \/>\n<meta property=\"og:image\" content=\"https:\/\/ekco-ci.com\/ecommerce\/wp-content\/uploads\/2025\/03\/1-31-1.jpg\" \/>\n\t<meta property=\"og:image:width\" content=\"680\" \/>\n\t<meta property=\"og:image:height\" content=\"680\" \/>\n\t<meta property=\"og:image:type\" content=\"image\/jpeg\" \/>\n<meta name=\"twitter:card\" content=\"summary_large_image\" \/>\n<meta name=\"twitter:label1\" content=\"Dur\u00e9e de lecture estim\u00e9e\" \/>\n\t<meta name=\"twitter:data1\" content=\"3 minutes\" \/>\n<script type=\"application\/ld+json\" class=\"yoast-schema-graph\">{\"@context\":\"https:\/\/schema.org\",\"@graph\":[{\"@type\":\"WebPage\",\"@id\":\"https:\/\/ekco-ci.com\/ecommerce\/produit\/oraimo-powerbank-charge-rapide-10000mah-12w-noir\/\",\"url\":\"https:\/\/ekco-ci.com\/ecommerce\/produit\/oraimo-powerbank-charge-rapide-10000mah-12w-noir\/\",\"name\":\"Oraimo PowerBank Charge Rapide - 10000mah 12W - Noir - Ekco Boutique\",\"isPartOf\":{\"@id\":\"https:\/\/ekco-ci.com\/ecommerce\/#website\"},\"primaryImageOfPage\":{\"@id\":\"https:\/\/ekco-ci.com\/ecommerce\/produit\/oraimo-powerbank-charge-rapide-10000mah-12w-noir\/#primaryimage\"},\"image\":{\"@id\":\"https:\/\/ekco-ci.com\/ecommerce\/produit\/oraimo-powerbank-charge-rapide-10000mah-12w-noir\/#primaryimage\"},\"thumbnailUrl\":\"https:\/\/ekco-ci.com\/ecommerce\/wp-content\/uploads\/2025\/03\/1-31-1.jpg\",\"datePublished\":\"2025-03-19T14:35:47+00:00\",\"dateModified\":\"2025-03-19T14:35:53+00:00\",\"breadcrumb\":{\"@id\":\"https:\/\/ekco-ci.com\/ecommerce\/produit\/oraimo-powerbank-charge-rapide-10000mah-12w-noir\/#breadcrumb\"},\"inLanguage\":\"fr-FR\",\"potentialAction\":[{\"@type\":\"ReadAction\",\"target\":[\"https:\/\/ekco-ci.com\/ecommerce\/produit\/oraimo-powerbank-charge-rapide-10000mah-12w-noir\/\"]}]},{\"@type\":\"ImageObject\",\"inLanguage\":\"fr-FR\",\"@id\":\"https:\/\/ekco-ci.com\/ecommerce\/produit\/oraimo-powerbank-charge-rapide-10000mah-12w-noir\/#primaryimage\",\"url\":\"https:\/\/ekco-ci.com\/ecommerce\/wp-content\/uploads\/2025\/03\/1-31-1.jpg\",\"contentUrl\":\"https:\/\/ekco-ci.com\/ecommerce\/wp-content\/uploads\/2025\/03\/1-31-1.jpg\",\"width\":680,\"height\":680},{\"@type\":\"BreadcrumbList\",\"@id\":\"https:\/\/ekco-ci.com\/ecommerce\/produit\/oraimo-powerbank-charge-rapide-10000mah-12w-noir\/#breadcrumb\",\"itemListElement\":[{\"@type\":\"ListItem\",\"position\":1,\"name\":\"Home\",\"item\":\"https:\/\/ekco-ci.com\/ecommerce\/\"},{\"@type\":\"ListItem\",\"position\":2,\"name\":\"Boutique\",\"item\":\"https:\/\/ekco-ci.com\/ecommerce\/boutique\/\"},{\"@type\":\"ListItem\",\"position\":3,\"name\":\"Oraimo PowerBank Charge Rapide &#8211; 10000mah 12W &#8211; Noir\"}]},{\"@type\":\"WebSite\",\"@id\":\"https:\/\/ekco-ci.com\/ecommerce\/#website\",\"url\":\"https:\/\/ekco-ci.com\/ecommerce\/\",\"name\":\"Ekco Boutique\",\"description\":\"Ekco Boutique! La qualit\u00e9 au c\u0153ur de chaque achat\",\"publisher\":{\"@id\":\"https:\/\/ekco-ci.com\/ecommerce\/#organization\"},\"alternateName\":\"Boutique\",\"potentialAction\":[{\"@type\":\"SearchAction\",\"target\":{\"@type\":\"EntryPoint\",\"urlTemplate\":\"https:\/\/ekco-ci.com\/ecommerce\/?s={search_term_string}\"},\"query-input\":{\"@type\":\"PropertyValueSpecification\",\"valueRequired\":true,\"valueName\":\"search_term_string\"}}],\"inLanguage\":\"fr-FR\"},{\"@type\":\"Organization\",\"@id\":\"https:\/\/ekco-ci.com\/ecommerce\/#organization\",\"name\":\"Ekco Boutique\",\"url\":\"https:\/\/ekco-ci.com\/ecommerce\/\",\"logo\":{\"@type\":\"ImageObject\",\"inLanguage\":\"fr-FR\",\"@id\":\"https:\/\/ekco-ci.com\/ecommerce\/#\/schema\/logo\/image\/\",\"url\":\"https:\/\/ekco-ci.com\/ecommerce\/wp-content\/uploads\/2024\/08\/cropped-lologo.png\",\"contentUrl\":\"https:\/\/ekco-ci.com\/ecommerce\/wp-content\/uploads\/2024\/08\/cropped-lologo.png\",\"width\":512,\"height\":512,\"caption\":\"Ekco Boutique\"},\"image\":{\"@id\":\"https:\/\/ekco-ci.com\/ecommerce\/#\/schema\/logo\/image\/\"}}]}<\/script>\n<!-- \/ Yoast SEO plugin. -->","yoast_head_json":{"title":"Oraimo PowerBank Charge Rapide - 10000mah 12W - Noir - Ekco Boutique","robots":{"index":"index","follow":"follow","max-snippet":"max-snippet:-1","max-image-preview":"max-image-preview:large","max-video-preview":"max-video-preview:-1"},"canonical":"https:\/\/ekco-ci.com\/ecommerce\/produit\/oraimo-powerbank-charge-rapide-10000mah-12w-noir\/","og_locale":"fr_FR","og_type":"article","og_title":"Oraimo PowerBank Charge Rapide - 10000mah 12W - Noir - Ekco Boutique","og_description":"3 c\u00e2bles de charge int\u00e9gr\u00e9s et 4 sorties Profitez d&#8217;une charge haute vitesse \u00e0 tout moment Total de 4 ports [&hellip;]","og_url":"https:\/\/ekco-ci.com\/ecommerce\/produit\/oraimo-powerbank-charge-rapide-10000mah-12w-noir\/","og_site_name":"Ekco Boutique","article_modified_time":"2025-03-19T14:35:53+00:00","og_image":[{"width":680,"height":680,"url":"https:\/\/ekco-ci.com\/ecommerce\/wp-content\/uploads\/2025\/03\/1-31-1.jpg","type":"image\/jpeg"}],"twitter_card":"summary_large_image","twitter_misc":{"Dur\u00e9e de lecture estim\u00e9e":"3 minutes"},"schema":{"@context":"https:\/\/schema.org","@graph":[{"@type":"WebPage","@id":"https:\/\/ekco-ci.com\/ecommerce\/produit\/oraimo-powerbank-charge-rapide-10000mah-12w-noir\/","url":"https:\/\/ekco-ci.com\/ecommerce\/produit\/oraimo-powerbank-charge-rapide-10000mah-12w-noir\/","name":"Oraimo PowerBank Charge Rapide - 10000mah 12W - Noir - Ekco Boutique","isPartOf":{"@id":"https:\/\/ekco-ci.com\/ecommerce\/#website"},"primaryImageOfPage":{"@id":"https:\/\/ekco-ci.com\/ecommerce\/produit\/oraimo-powerbank-charge-rapide-10000mah-12w-noir\/#primaryimage"},"image":{"@id":"https:\/\/ekco-ci.com\/ecommerce\/produit\/oraimo-powerbank-charge-rapide-10000mah-12w-noir\/#primaryimage"},"thumbnailUrl":"https:\/\/ekco-ci.com\/ecommerce\/wp-content\/uploads\/2025\/03\/1-31-1.jpg","datePublished":"2025-03-19T14:35:47+00:00","dateModified":"2025-03-19T14:35:53+00:00","breadcrumb":{"@id":"https:\/\/ekco-ci.com\/ecommerce\/produit\/oraimo-powerbank-charge-rapide-10000mah-12w-noir\/#breadcrumb"},"inLanguage":"fr-FR","potentialAction":[{"@type":"ReadAction","target":["https:\/\/ekco-ci.com\/ecommerce\/produit\/oraimo-powerbank-charge-rapide-10000mah-12w-noir\/"]}]},{"@type":"ImageObject","inLanguage":"fr-FR","@id":"https:\/\/ekco-ci.com\/ecommerce\/produit\/oraimo-powerbank-charge-rapide-10000mah-12w-noir\/#primaryimage","url":"https:\/\/ekco-ci.com\/ecommerce\/wp-content\/uploads\/2025\/03\/1-31-1.jpg","contentUrl":"https:\/\/ekco-ci.com\/ecommerce\/wp-content\/uploads\/2025\/03\/1-31-1.jpg","width":680,"height":680},{"@type":"BreadcrumbList","@id":"https:\/\/ekco-ci.com\/ecommerce\/produit\/oraimo-powerbank-charge-rapide-10000mah-12w-noir\/#breadcrumb","itemListElement":[{"@type":"ListItem","position":1,"name":"Home","item":"https:\/\/ekco-ci.com\/ecommerce\/"},{"@type":"ListItem","position":2,"name":"Boutique","item":"https:\/\/ekco-ci.com\/ecommerce\/boutique\/"},{"@type":"ListItem","position":3,"name":"Oraimo PowerBank Charge Rapide &#8211; 10000mah 12W &#8211; Noir"}]},{"@type":"WebSite","@id":"https:\/\/ekco-ci.com\/ecommerce\/#website","url":"https:\/\/ekco-ci.com\/ecommerce\/","name":"Ekco Boutique","description":"Ekco Boutique! La qualit\u00e9 au c\u0153ur de chaque achat","publisher":{"@id":"https:\/\/ekco-ci.com\/ecommerce\/#organization"},"alternateName":"Boutique","potentialAction":[{"@type":"SearchAction","target":{"@type":"EntryPoint","urlTemplate":"https:\/\/ekco-ci.com\/ecommerce\/?s={search_term_string}"},"query-input":{"@type":"PropertyValueSpecification","valueRequired":true,"valueName":"search_term_string"}}],"inLanguage":"fr-FR"},{"@type":"Organization","@id":"https:\/\/ekco-ci.com\/ecommerce\/#organization","name":"Ekco Boutique","url":"https:\/\/ekco-ci.com\/ecommerce\/","logo":{"@type":"ImageObject","inLanguage":"fr-FR","@id":"https:\/\/ekco-ci.com\/ecommerce\/#\/schema\/logo\/image\/","url":"https:\/\/ekco-ci.com\/ecommerce\/wp-content\/uploads\/2024\/08\/cropped-lologo.png","contentUrl":"https:\/\/ekco-ci.com\/ecommerce\/wp-content\/uploads\/2024\/08\/cropped-lologo.png","width":512,"height":512,"caption":"Ekco Boutique"},"image":{"@id":"https:\/\/ekco-ci.com\/ecommerce\/#\/schema\/logo\/image\/"}}]}},"uagb_featured_image_src":{"full":["https:\/\/ekco-ci.com\/ecommerce\/wp-content\/uploads\/2025\/03\/1-31-1.jpg",680,680,false],"thumbnail":["https:\/\/ekco-ci.com\/ecommerce\/wp-content\/uploads\/2025\/03\/1-31-1-150x150.jpg",150,150,true],"medium":["https:\/\/ekco-ci.com\/ecommerce\/wp-content\/uploads\/2025\/03\/1-31-1-300x300.jpg",300,300,true],"medium_large":["https:\/\/ekco-ci.com\/ecommerce\/wp-content\/uploads\/2025\/03\/1-31-1.jpg",680,680,false],"large":["https:\/\/ekco-ci.com\/ecommerce\/wp-content\/uploads\/2025\/03\/1-31-1.jpg",680,680,false],"1536x1536":["https:\/\/ekco-ci.com\/ecommerce\/wp-content\/uploads\/2025\/03\/1-31-1.jpg",680,680,false],"2048x2048":["https:\/\/ekco-ci.com\/ecommerce\/wp-content\/uploads\/2025\/03\/1-31-1.jpg",680,680,false],"cfw_cart_thumb":["https:\/\/ekco-ci.com\/ecommerce\/wp-content\/uploads\/2025\/03\/1-31-1-60x60.jpg",60,60,true],"cfw_order_bump_thumb":["https:\/\/ekco-ci.com\/ecommerce\/wp-content\/uploads\/2025\/03\/1-31-1.jpg",320,320,false],"woocommerce_thumbnail":["https:\/\/ekco-ci.com\/ecommerce\/wp-content\/uploads\/2025\/03\/1-31-1-300x225.jpg",300,225,true],"woocommerce_single":["https:\/\/ekco-ci.com\/ecommerce\/wp-content\/uploads\/2025\/03\/1-31-1-600x600.jpg",600,600,true],"woocommerce_gallery_thumbnail":["https:\/\/ekco-ci.com\/ecommerce\/wp-content\/uploads\/2025\/03\/1-31-1-100x100.jpg",100,100,true]},"uagb_author_info":{"display_name":"Christabelle Moulo","author_link":"https:\/\/ekco-ci.com\/ecommerce\/author\/"},"uagb_comment_info":0,"uagb_excerpt":"3 c\u00e2bles de charge int\u00e9gr\u00e9s et 4 sorties Profitez d&#8217;une charge haute vitesse \u00e0 tout moment Total de 4 ports [&hellip;]","_links":{"self":[{"href":"https:\/\/ekco-ci.com\/ecommerce\/wp-json\/wp\/v2\/product\/12175","targetHints":{"allow":["GET"]}}],"collection":[{"href":"https:\/\/ekco-ci.com\/ecommerce\/wp-json\/wp\/v2\/product"}],"about":[{"href":"https:\/\/ekco-ci.com\/ecommerce\/wp-json\/wp\/v2\/types\/product"}],"replies":[{"embeddable":true,"href":"https:\/\/ekco-ci.com\/ecommerce\/wp-json\/wp\/v2\/comments?post=12175"}],"wp:featuredmedia":[{"embeddable":true,"href":"https:\/\/ekco-ci.com\/ecommerce\/wp-json\/wp\/v2\/media\/12177"}],"wp:attachment":[{"href":"https:\/\/ekco-ci.com\/ecommerce\/wp-json\/wp\/v2\/media?parent=12175"}],"wp:term":[{"taxonomy":"product_brand","embeddable":true,"href":"https:\/\/ekco-ci.com\/ecommerce\/wp-json\/wp\/v2\/product_brand?post=12175"},{"taxonomy":"product_cat","embeddable":true,"href":"https:\/\/ekco-ci.com\/ecommerce\/wp-json\/wp\/v2\/product_cat?post=12175"},{"taxonomy":"product_tag","embeddable":true,"href":"https:\/\/ekco-ci.com\/ecommerce\/wp-json\/wp\/v2\/product_tag?post=12175"}],"curies":[{"name":"wp","href":"https:\/\/api.w.org\/{rel}","templated":true}]}}