{"id":12017,"date":"2025-02-04T10:30:53","date_gmt":"2025-02-04T10:30:53","guid":{"rendered":"https:\/\/ekco-ci.com\/ecommerce\/?post_type=product&#038;p=12017"},"modified":"2025-02-04T10:30:58","modified_gmt":"2025-02-04T10:30:58","slug":"chaises-fauteuil-directeur-ergonomique","status":"publish","type":"product","link":"https:\/\/ekco-ci.com\/ecommerce\/produit\/chaises-fauteuil-directeur-ergonomique\/","title":{"rendered":"Chaises Fauteuil Directeur Ergonomique"},"content":{"rendered":"<p><b>D\u00e9couvrez le Meilleur du Mobilier<\/b>\u00a0!Choisir un fauteuil de bureau confortable, c\u2019est passer plus de temps \u00e0 travailler qu\u2019\u00e0 se plaindre de son dos. Nos chaises pivotantes ont des accoudoirs, des si\u00e8ges r\u00e9glables en hauteur et des fonctions de bascule que votre corps appr\u00e9ciera. Notre large gamme de styles vous permettra de trouver celle qui vous convient pour travailler confortablement, chez vous comme au bureau.<br \/>\nNettoyer avec un chiffon imbib\u00e9 d&#8217;un d\u00e9tergent doux\u00a0D\u00e9couvrez le Meilleur du Mobilier !Choisir un fauteuil de bureau confortable, c\u2019est passer plus de temps \u00e0 travailler qu\u2019\u00e0 se plaindre de son dos. Nos chaises pivotantes ont des accoudoirs, des si\u00e8ges r\u00e9glables en hauteur et des fonctions de bascule que votre corps appr\u00e9ciera. Notre large gamme de styles vous permettra de trouver celle qui vous convient pour travailler confortablement, chez vous comme au bureau.<br \/>\nNettoyer avec un chiffon imbib\u00e9 d&#8217;un d\u00e9tergent doux<\/p>\n","protected":false},"excerpt":{"rendered":"<p>D\u00e9couvrez le Meilleur du Mobilier\u00a0!Choisir un fauteuil de bureau confortable, c\u2019est passer plus de temps \u00e0 travailler qu\u2019\u00e0 se plaindre [&hellip;]<\/p>\n","protected":false},"featured_media":12018,"comment_status":"open","ping_status":"closed","template":"","meta":{"_uag_custom_page_level_css":"","site-sidebar-layout":"default","site-content-layout":"","ast-site-content-layout":"default","site-content-style":"default","site-sidebar-style":"default","ast-global-header-display":"","ast-banner-title-visibility":"","ast-main-header-display":"","ast-hfb-above-header-display":"","ast-hfb-below-header-display":"","ast-hfb-mobile-header-display":"","site-post-title":"","ast-breadcrumbs-content":"","ast-featured-img":"","footer-sml-layout":"","ast-disable-related-posts":"","theme-transparent-header-meta":"default","adv-header-id-meta":"","stick-header-meta":"","header-above-stick-meta":"","header-main-stick-meta":"","header-below-stick-meta":"","astra-migrate-meta-layouts":"set","ast-page-background-enabled":"default","ast-page-background-meta":{"desktop":{"background-color":"var(--ast-global-color-4)","background-image":"","background-repeat":"repeat","background-position":"center center","background-size":"auto","background-attachment":"scroll","background-type":"","background-media":"","overlay-type":"","overlay-color":"","overlay-opacity":"","overlay-gradient":""},"tablet":{"background-color":"","background-image":"","background-repeat":"repeat","background-position":"center center","background-size":"auto","background-attachment":"scroll","background-type":"","background-media":"","overlay-type":"","overlay-color":"","overlay-opacity":"","overlay-gradient":""},"mobile":{"background-color":"","background-image":"","background-repeat":"repeat","background-position":"center center","background-size":"auto","background-attachment":"scroll","background-type":"","background-media":"","overlay-type":"","overlay-color":"","overlay-opacity":"","overlay-gradient":""}},"ast-content-background-meta":{"desktop":{"background-color":"var(--ast-global-color-5)","background-image":"","background-repeat":"repeat","background-position":"center center","background-size":"auto","background-attachment":"scroll","background-type":"","background-media":"","overlay-type":"","overlay-color":"","overlay-opacity":"","overlay-gradient":""},"tablet":{"background-color":"var(--ast-global-color-5)","background-image":"","background-repeat":"repeat","background-position":"center center","background-size":"auto","background-attachment":"scroll","background-type":"","background-media":"","overlay-type":"","overlay-color":"","overlay-opacity":"","overlay-gradient":""},"mobile":{"background-color":"var(--ast-global-color-5)","background-image":"","background-repeat":"repeat","background-position":"center center","background-size":"auto","background-attachment":"scroll","background-type":"","background-media":"","overlay-type":"","overlay-color":"","overlay-opacity":"","overlay-gradient":""}}},"product_brand":[],"product_cat":[201,236,194],"product_tag":[],"class_list":{"0":"post-12017","1":"product","2":"type-product","3":"status-publish","4":"has-post-thumbnail","6":"product_cat-accessoires-de-bureau-et-organisateurs-de-lespace-de-travail","7":"product_cat-chaises-et-sieges","8":"product_cat-fournitures-de-bureau","9":"desktop-align-left","10":"tablet-align-left","11":"mobile-align-left","13":"first","14":"instock","15":"sale","16":"shipping-taxable","17":"purchasable","18":"product-type-simple"},"yoast_head":"<!-- This site is optimized with the Yoast SEO plugin v26.8 - https:\/\/yoast.com\/product\/yoast-seo-wordpress\/ -->\n<title>Chaises Fauteuil Directeur Ergonomique - Ekco Boutique<\/title>\n<meta name=\"robots\" content=\"index, follow, max-snippet:-1, max-image-preview:large, max-video-preview:-1\" \/>\n<link rel=\"canonical\" href=\"https:\/\/ekco-ci.com\/ecommerce\/produit\/chaises-fauteuil-directeur-ergonomique\/\" \/>\n<meta property=\"og:locale\" content=\"fr_FR\" \/>\n<meta property=\"og:type\" content=\"article\" \/>\n<meta property=\"og:title\" content=\"Chaises Fauteuil Directeur Ergonomique - Ekco Boutique\" \/>\n<meta property=\"og:description\" content=\"D\u00e9couvrez le Meilleur du Mobilier\u00a0!Choisir un fauteuil de bureau confortable, c\u2019est passer plus de temps \u00e0 travailler qu\u2019\u00e0 se plaindre [&hellip;]\" \/>\n<meta property=\"og:url\" content=\"https:\/\/ekco-ci.com\/ecommerce\/produit\/chaises-fauteuil-directeur-ergonomique\/\" \/>\n<meta property=\"og:site_name\" content=\"Ekco Boutique\" \/>\n<meta property=\"article:modified_time\" content=\"2025-02-04T10:30:58+00:00\" \/>\n<meta property=\"og:image\" content=\"https:\/\/ekco-ci.com\/ecommerce\/wp-content\/uploads\/2025\/02\/1-9.jpg\" \/>\n\t<meta property=\"og:image:width\" content=\"680\" \/>\n\t<meta property=\"og:image:height\" content=\"680\" \/>\n\t<meta property=\"og:image:type\" content=\"image\/jpeg\" \/>\n<meta name=\"twitter:card\" content=\"summary_large_image\" \/>\n<meta name=\"twitter:label1\" content=\"Dur\u00e9e de lecture estim\u00e9e\" \/>\n\t<meta name=\"twitter:data1\" content=\"1 minute\" \/>\n<script type=\"application\/ld+json\" class=\"yoast-schema-graph\">{\"@context\":\"https:\/\/schema.org\",\"@graph\":[{\"@type\":\"WebPage\",\"@id\":\"https:\/\/ekco-ci.com\/ecommerce\/produit\/chaises-fauteuil-directeur-ergonomique\/\",\"url\":\"https:\/\/ekco-ci.com\/ecommerce\/produit\/chaises-fauteuil-directeur-ergonomique\/\",\"name\":\"Chaises Fauteuil Directeur Ergonomique - Ekco Boutique\",\"isPartOf\":{\"@id\":\"https:\/\/ekco-ci.com\/ecommerce\/#website\"},\"primaryImageOfPage\":{\"@id\":\"https:\/\/ekco-ci.com\/ecommerce\/produit\/chaises-fauteuil-directeur-ergonomique\/#primaryimage\"},\"image\":{\"@id\":\"https:\/\/ekco-ci.com\/ecommerce\/produit\/chaises-fauteuil-directeur-ergonomique\/#primaryimage\"},\"thumbnailUrl\":\"https:\/\/ekco-ci.com\/ecommerce\/wp-content\/uploads\/2025\/02\/1-9.jpg\",\"datePublished\":\"2025-02-04T10:30:53+00:00\",\"dateModified\":\"2025-02-04T10:30:58+00:00\",\"breadcrumb\":{\"@id\":\"https:\/\/ekco-ci.com\/ecommerce\/produit\/chaises-fauteuil-directeur-ergonomique\/#breadcrumb\"},\"inLanguage\":\"fr-FR\",\"potentialAction\":[{\"@type\":\"ReadAction\",\"target\":[\"https:\/\/ekco-ci.com\/ecommerce\/produit\/chaises-fauteuil-directeur-ergonomique\/\"]}]},{\"@type\":\"ImageObject\",\"inLanguage\":\"fr-FR\",\"@id\":\"https:\/\/ekco-ci.com\/ecommerce\/produit\/chaises-fauteuil-directeur-ergonomique\/#primaryimage\",\"url\":\"https:\/\/ekco-ci.com\/ecommerce\/wp-content\/uploads\/2025\/02\/1-9.jpg\",\"contentUrl\":\"https:\/\/ekco-ci.com\/ecommerce\/wp-content\/uploads\/2025\/02\/1-9.jpg\",\"width\":680,\"height\":680},{\"@type\":\"BreadcrumbList\",\"@id\":\"https:\/\/ekco-ci.com\/ecommerce\/produit\/chaises-fauteuil-directeur-ergonomique\/#breadcrumb\",\"itemListElement\":[{\"@type\":\"ListItem\",\"position\":1,\"name\":\"Home\",\"item\":\"https:\/\/ekco-ci.com\/ecommerce\/\"},{\"@type\":\"ListItem\",\"position\":2,\"name\":\"Boutique\",\"item\":\"https:\/\/ekco-ci.com\/ecommerce\/boutique\/\"},{\"@type\":\"ListItem\",\"position\":3,\"name\":\"Chaises Fauteuil Directeur Ergonomique\"}]},{\"@type\":\"WebSite\",\"@id\":\"https:\/\/ekco-ci.com\/ecommerce\/#website\",\"url\":\"https:\/\/ekco-ci.com\/ecommerce\/\",\"name\":\"Ekco Boutique\",\"description\":\"Ekco Boutique! La qualit\u00e9 au c\u0153ur de chaque achat\",\"publisher\":{\"@id\":\"https:\/\/ekco-ci.com\/ecommerce\/#organization\"},\"alternateName\":\"Boutique\",\"potentialAction\":[{\"@type\":\"SearchAction\",\"target\":{\"@type\":\"EntryPoint\",\"urlTemplate\":\"https:\/\/ekco-ci.com\/ecommerce\/?s={search_term_string}\"},\"query-input\":{\"@type\":\"PropertyValueSpecification\",\"valueRequired\":true,\"valueName\":\"search_term_string\"}}],\"inLanguage\":\"fr-FR\"},{\"@type\":\"Organization\",\"@id\":\"https:\/\/ekco-ci.com\/ecommerce\/#organization\",\"name\":\"Ekco Boutique\",\"url\":\"https:\/\/ekco-ci.com\/ecommerce\/\",\"logo\":{\"@type\":\"ImageObject\",\"inLanguage\":\"fr-FR\",\"@id\":\"https:\/\/ekco-ci.com\/ecommerce\/#\/schema\/logo\/image\/\",\"url\":\"https:\/\/ekco-ci.com\/ecommerce\/wp-content\/uploads\/2024\/08\/cropped-lologo.png\",\"contentUrl\":\"https:\/\/ekco-ci.com\/ecommerce\/wp-content\/uploads\/2024\/08\/cropped-lologo.png\",\"width\":512,\"height\":512,\"caption\":\"Ekco Boutique\"},\"image\":{\"@id\":\"https:\/\/ekco-ci.com\/ecommerce\/#\/schema\/logo\/image\/\"}}]}<\/script>\n<!-- \/ Yoast SEO plugin. -->","yoast_head_json":{"title":"Chaises Fauteuil Directeur Ergonomique - Ekco Boutique","robots":{"index":"index","follow":"follow","max-snippet":"max-snippet:-1","max-image-preview":"max-image-preview:large","max-video-preview":"max-video-preview:-1"},"canonical":"https:\/\/ekco-ci.com\/ecommerce\/produit\/chaises-fauteuil-directeur-ergonomique\/","og_locale":"fr_FR","og_type":"article","og_title":"Chaises Fauteuil Directeur Ergonomique - Ekco Boutique","og_description":"D\u00e9couvrez le Meilleur du Mobilier\u00a0!Choisir un fauteuil de bureau confortable, c\u2019est passer plus de temps \u00e0 travailler qu\u2019\u00e0 se plaindre [&hellip;]","og_url":"https:\/\/ekco-ci.com\/ecommerce\/produit\/chaises-fauteuil-directeur-ergonomique\/","og_site_name":"Ekco Boutique","article_modified_time":"2025-02-04T10:30:58+00:00","og_image":[{"width":680,"height":680,"url":"https:\/\/ekco-ci.com\/ecommerce\/wp-content\/uploads\/2025\/02\/1-9.jpg","type":"image\/jpeg"}],"twitter_card":"summary_large_image","twitter_misc":{"Dur\u00e9e de lecture estim\u00e9e":"1 minute"},"schema":{"@context":"https:\/\/schema.org","@graph":[{"@type":"WebPage","@id":"https:\/\/ekco-ci.com\/ecommerce\/produit\/chaises-fauteuil-directeur-ergonomique\/","url":"https:\/\/ekco-ci.com\/ecommerce\/produit\/chaises-fauteuil-directeur-ergonomique\/","name":"Chaises Fauteuil Directeur Ergonomique - Ekco Boutique","isPartOf":{"@id":"https:\/\/ekco-ci.com\/ecommerce\/#website"},"primaryImageOfPage":{"@id":"https:\/\/ekco-ci.com\/ecommerce\/produit\/chaises-fauteuil-directeur-ergonomique\/#primaryimage"},"image":{"@id":"https:\/\/ekco-ci.com\/ecommerce\/produit\/chaises-fauteuil-directeur-ergonomique\/#primaryimage"},"thumbnailUrl":"https:\/\/ekco-ci.com\/ecommerce\/wp-content\/uploads\/2025\/02\/1-9.jpg","datePublished":"2025-02-04T10:30:53+00:00","dateModified":"2025-02-04T10:30:58+00:00","breadcrumb":{"@id":"https:\/\/ekco-ci.com\/ecommerce\/produit\/chaises-fauteuil-directeur-ergonomique\/#breadcrumb"},"inLanguage":"fr-FR","potentialAction":[{"@type":"ReadAction","target":["https:\/\/ekco-ci.com\/ecommerce\/produit\/chaises-fauteuil-directeur-ergonomique\/"]}]},{"@type":"ImageObject","inLanguage":"fr-FR","@id":"https:\/\/ekco-ci.com\/ecommerce\/produit\/chaises-fauteuil-directeur-ergonomique\/#primaryimage","url":"https:\/\/ekco-ci.com\/ecommerce\/wp-content\/uploads\/2025\/02\/1-9.jpg","contentUrl":"https:\/\/ekco-ci.com\/ecommerce\/wp-content\/uploads\/2025\/02\/1-9.jpg","width":680,"height":680},{"@type":"BreadcrumbList","@id":"https:\/\/ekco-ci.com\/ecommerce\/produit\/chaises-fauteuil-directeur-ergonomique\/#breadcrumb","itemListElement":[{"@type":"ListItem","position":1,"name":"Home","item":"https:\/\/ekco-ci.com\/ecommerce\/"},{"@type":"ListItem","position":2,"name":"Boutique","item":"https:\/\/ekco-ci.com\/ecommerce\/boutique\/"},{"@type":"ListItem","position":3,"name":"Chaises Fauteuil Directeur Ergonomique"}]},{"@type":"WebSite","@id":"https:\/\/ekco-ci.com\/ecommerce\/#website","url":"https:\/\/ekco-ci.com\/ecommerce\/","name":"Ekco Boutique","description":"Ekco Boutique! La qualit\u00e9 au c\u0153ur de chaque achat","publisher":{"@id":"https:\/\/ekco-ci.com\/ecommerce\/#organization"},"alternateName":"Boutique","potentialAction":[{"@type":"SearchAction","target":{"@type":"EntryPoint","urlTemplate":"https:\/\/ekco-ci.com\/ecommerce\/?s={search_term_string}"},"query-input":{"@type":"PropertyValueSpecification","valueRequired":true,"valueName":"search_term_string"}}],"inLanguage":"fr-FR"},{"@type":"Organization","@id":"https:\/\/ekco-ci.com\/ecommerce\/#organization","name":"Ekco Boutique","url":"https:\/\/ekco-ci.com\/ecommerce\/","logo":{"@type":"ImageObject","inLanguage":"fr-FR","@id":"https:\/\/ekco-ci.com\/ecommerce\/#\/schema\/logo\/image\/","url":"https:\/\/ekco-ci.com\/ecommerce\/wp-content\/uploads\/2024\/08\/cropped-lologo.png","contentUrl":"https:\/\/ekco-ci.com\/ecommerce\/wp-content\/uploads\/2024\/08\/cropped-lologo.png","width":512,"height":512,"caption":"Ekco Boutique"},"image":{"@id":"https:\/\/ekco-ci.com\/ecommerce\/#\/schema\/logo\/image\/"}}]}},"uagb_featured_image_src":{"full":["https:\/\/ekco-ci.com\/ecommerce\/wp-content\/uploads\/2025\/02\/1-9.jpg",680,680,false],"thumbnail":["https:\/\/ekco-ci.com\/ecommerce\/wp-content\/uploads\/2025\/02\/1-9-150x150.jpg",150,150,true],"medium":["https:\/\/ekco-ci.com\/ecommerce\/wp-content\/uploads\/2025\/02\/1-9-300x300.jpg",300,300,true],"medium_large":["https:\/\/ekco-ci.com\/ecommerce\/wp-content\/uploads\/2025\/02\/1-9.jpg",680,680,false],"large":["https:\/\/ekco-ci.com\/ecommerce\/wp-content\/uploads\/2025\/02\/1-9.jpg",680,680,false],"1536x1536":["https:\/\/ekco-ci.com\/ecommerce\/wp-content\/uploads\/2025\/02\/1-9.jpg",680,680,false],"2048x2048":["https:\/\/ekco-ci.com\/ecommerce\/wp-content\/uploads\/2025\/02\/1-9.jpg",680,680,false],"cfw_cart_thumb":["https:\/\/ekco-ci.com\/ecommerce\/wp-content\/uploads\/2025\/02\/1-9-60x60.jpg",60,60,true],"cfw_order_bump_thumb":["https:\/\/ekco-ci.com\/ecommerce\/wp-content\/uploads\/2025\/02\/1-9.jpg",320,320,false],"woocommerce_thumbnail":["https:\/\/ekco-ci.com\/ecommerce\/wp-content\/uploads\/2025\/02\/1-9-300x225.jpg",300,225,true],"woocommerce_single":["https:\/\/ekco-ci.com\/ecommerce\/wp-content\/uploads\/2025\/02\/1-9-600x600.jpg",600,600,true],"woocommerce_gallery_thumbnail":["https:\/\/ekco-ci.com\/ecommerce\/wp-content\/uploads\/2025\/02\/1-9-100x100.jpg",100,100,true]},"uagb_author_info":{"display_name":"ekco","author_link":"https:\/\/ekco-ci.com\/ecommerce\/author\/"},"uagb_comment_info":0,"uagb_excerpt":"D\u00e9couvrez le Meilleur du Mobilier\u00a0!Choisir un fauteuil de bureau confortable, c\u2019est passer plus de temps \u00e0 travailler qu\u2019\u00e0 se plaindre [&hellip;]","_links":{"self":[{"href":"https:\/\/ekco-ci.com\/ecommerce\/wp-json\/wp\/v2\/product\/12017","targetHints":{"allow":["GET"]}}],"collection":[{"href":"https:\/\/ekco-ci.com\/ecommerce\/wp-json\/wp\/v2\/product"}],"about":[{"href":"https:\/\/ekco-ci.com\/ecommerce\/wp-json\/wp\/v2\/types\/product"}],"replies":[{"embeddable":true,"href":"https:\/\/ekco-ci.com\/ecommerce\/wp-json\/wp\/v2\/comments?post=12017"}],"wp:featuredmedia":[{"embeddable":true,"href":"https:\/\/ekco-ci.com\/ecommerce\/wp-json\/wp\/v2\/media\/12018"}],"wp:attachment":[{"href":"https:\/\/ekco-ci.com\/ecommerce\/wp-json\/wp\/v2\/media?parent=12017"}],"wp:term":[{"taxonomy":"product_brand","embeddable":true,"href":"https:\/\/ekco-ci.com\/ecommerce\/wp-json\/wp\/v2\/product_brand?post=12017"},{"taxonomy":"product_cat","embeddable":true,"href":"https:\/\/ekco-ci.com\/ecommerce\/wp-json\/wp\/v2\/product_cat?post=12017"},{"taxonomy":"product_tag","embeddable":true,"href":"https:\/\/ekco-ci.com\/ecommerce\/wp-json\/wp\/v2\/product_tag?post=12017"}],"curies":[{"name":"wp","href":"https:\/\/api.w.org\/{rel}","templated":true}]}}