{"id":12008,"date":"2025-02-01T17:31:39","date_gmt":"2025-02-01T17:31:39","guid":{"rendered":"https:\/\/ekco-ci.com\/ecommerce\/?post_type=product&#038;p=12008"},"modified":"2025-02-01T17:33:04","modified_gmt":"2025-02-01T17:33:04","slug":"pack-de-4-cartouches-de-toner-lasercolor-compatible-117a-black-cyan-yellow-magenta-2","status":"publish","type":"product","link":"https:\/\/ekco-ci.com\/ecommerce\/produit\/pack-de-4-cartouches-de-toner-lasercolor-compatible-117a-black-cyan-yellow-magenta-2\/","title":{"rendered":"Pack De 4 Cartouches De Toner Lasercolor Compatible 117A &#8211; Black, Cyan, Yellow, Magenta"},"content":{"rendered":"<p><b>Vous h\u00e9sitez<\/b>\u00a0\u00e0 choisir un<b>\u00a0toner compatible ?<\/b>Soyez rassur\u00e9 ! Nos cartouches sont syst\u00e9matiquement test\u00e9es une \u00e0 une, sous contr\u00f4les extr\u00eamement rigoureux, ce qui leur assure des performances identiques aux produits originaux. Toute cartouche<b>\u00a0<\/b>constat\u00e9e comme d\u00e9fectueuse sera syst\u00e9matiquement remplac\u00e9e et en aucun cas l&#8217;utilisation du consommable compatible n&#8217;affectera la vie de votre imprimante.<br \/>\nObtenez d\u00e8s maintenant vos toners compatibles \u00e0 des tarifs attractifs, pour le bureau ou la maison. Un achat de toner compatible parmi nos r\u00e9f\u00e9rences produits vous garantit un service de qualit\u00e9, \u00e0 travers un catalogue de plusieurs milliers de r\u00e9f\u00e9rences r\u00e9parties entre les marques constructeurs et autres toners compatibles.<br \/>\nPour vous offrir une gamme de toner compatible de qualit\u00e9 et \u00e0 un prix comp\u00e9titif, nous travaillons uniquement avec des usines sp\u00e9cialis\u00e9es qui proposent du mat\u00e9riel \u00e9cologique et respectant les normes les plus exigeantes du march\u00e9<\/p>\n","protected":false},"excerpt":{"rendered":"<p>Vous h\u00e9sitez\u00a0\u00e0 choisir un\u00a0toner compatible ?Soyez rassur\u00e9 ! Nos cartouches sont syst\u00e9matiquement test\u00e9es une \u00e0 une, sous contr\u00f4les extr\u00eamement rigoureux, [&hellip;]<\/p>\n","protected":false},"featured_media":12007,"comment_status":"open","ping_status":"closed","template":"","meta":{"_uag_custom_page_level_css":"","site-sidebar-layout":"default","site-content-layout":"","ast-site-content-layout":"default","site-content-style":"default","site-sidebar-style":"default","ast-global-header-display":"","ast-banner-title-visibility":"","ast-main-header-display":"","ast-hfb-above-header-display":"","ast-hfb-below-header-display":"","ast-hfb-mobile-header-display":"","site-post-title":"","ast-breadcrumbs-content":"","ast-featured-img":"","footer-sml-layout":"","ast-disable-related-posts":"","theme-transparent-header-meta":"default","adv-header-id-meta":"","stick-header-meta":"","header-above-stick-meta":"","header-main-stick-meta":"","header-below-stick-meta":"","astra-migrate-meta-layouts":"set","ast-page-background-enabled":"default","ast-page-background-meta":{"desktop":{"background-color":"var(--ast-global-color-4)","background-image":"","background-repeat":"repeat","background-position":"center center","background-size":"auto","background-attachment":"scroll","background-type":"","background-media":"","overlay-type":"","overlay-color":"","overlay-opacity":"","overlay-gradient":""},"tablet":{"background-color":"","background-image":"","background-repeat":"repeat","background-position":"center center","background-size":"auto","background-attachment":"scroll","background-type":"","background-media":"","overlay-type":"","overlay-color":"","overlay-opacity":"","overlay-gradient":""},"mobile":{"background-color":"","background-image":"","background-repeat":"repeat","background-position":"center center","background-size":"auto","background-attachment":"scroll","background-type":"","background-media":"","overlay-type":"","overlay-color":"","overlay-opacity":"","overlay-gradient":""}},"ast-content-background-meta":{"desktop":{"background-color":"var(--ast-global-color-5)","background-image":"","background-repeat":"repeat","background-position":"center center","background-size":"auto","background-attachment":"scroll","background-type":"","background-media":"","overlay-type":"","overlay-color":"","overlay-opacity":"","overlay-gradient":""},"tablet":{"background-color":"var(--ast-global-color-5)","background-image":"","background-repeat":"repeat","background-position":"center center","background-size":"auto","background-attachment":"scroll","background-type":"","background-media":"","overlay-type":"","overlay-color":"","overlay-opacity":"","overlay-gradient":""},"mobile":{"background-color":"var(--ast-global-color-5)","background-image":"","background-repeat":"repeat","background-position":"center center","background-size":"auto","background-attachment":"scroll","background-type":"","background-media":"","overlay-type":"","overlay-color":"","overlay-opacity":"","overlay-gradient":""}}},"product_brand":[],"product_cat":[210,211],"product_tag":[],"class_list":{"0":"post-12008","1":"product","2":"type-product","3":"status-publish","4":"has-post-thumbnail","6":"product_cat-encre-dimprimante-et-toner","7":"product_cat-toner-imprimante-laser","8":"desktop-align-left","9":"tablet-align-left","10":"mobile-align-left","12":"first","13":"instock","14":"shipping-taxable","15":"purchasable","16":"product-type-simple"},"yoast_head":"<!-- This site is optimized with the Yoast SEO plugin v26.8 - https:\/\/yoast.com\/product\/yoast-seo-wordpress\/ -->\n<title>Pack De 4 Cartouches De Toner Lasercolor Compatible 117A - Black, Cyan, Yellow, Magenta - Ekco Boutique<\/title>\n<meta name=\"robots\" content=\"index, follow, max-snippet:-1, max-image-preview:large, max-video-preview:-1\" \/>\n<link rel=\"canonical\" href=\"https:\/\/ekco-ci.com\/ecommerce\/produit\/pack-de-4-cartouches-de-toner-lasercolor-compatible-117a-black-cyan-yellow-magenta-2\/\" \/>\n<meta property=\"og:locale\" content=\"fr_FR\" \/>\n<meta property=\"og:type\" content=\"article\" \/>\n<meta property=\"og:title\" content=\"Pack De 4 Cartouches De Toner Lasercolor Compatible 117A - Black, Cyan, Yellow, Magenta - Ekco Boutique\" \/>\n<meta property=\"og:description\" content=\"Vous h\u00e9sitez\u00a0\u00e0 choisir un\u00a0toner compatible ?Soyez rassur\u00e9 ! Nos cartouches sont syst\u00e9matiquement test\u00e9es une \u00e0 une, sous contr\u00f4les extr\u00eamement rigoureux, [&hellip;]\" \/>\n<meta property=\"og:url\" content=\"https:\/\/ekco-ci.com\/ecommerce\/produit\/pack-de-4-cartouches-de-toner-lasercolor-compatible-117a-black-cyan-yellow-magenta-2\/\" \/>\n<meta property=\"og:site_name\" content=\"Ekco Boutique\" \/>\n<meta property=\"article:modified_time\" content=\"2025-02-01T17:33:04+00:00\" \/>\n<meta property=\"og:image\" content=\"https:\/\/ekco-ci.com\/ecommerce\/wp-content\/uploads\/2025\/02\/1-8.jpg\" \/>\n\t<meta property=\"og:image:width\" content=\"680\" \/>\n\t<meta property=\"og:image:height\" content=\"680\" \/>\n\t<meta property=\"og:image:type\" content=\"image\/jpeg\" \/>\n<meta name=\"twitter:card\" content=\"summary_large_image\" \/>\n<meta name=\"twitter:label1\" content=\"Dur\u00e9e de lecture estim\u00e9e\" \/>\n\t<meta name=\"twitter:data1\" content=\"1 minute\" \/>\n<script type=\"application\/ld+json\" class=\"yoast-schema-graph\">{\"@context\":\"https:\/\/schema.org\",\"@graph\":[{\"@type\":\"WebPage\",\"@id\":\"https:\/\/ekco-ci.com\/ecommerce\/produit\/pack-de-4-cartouches-de-toner-lasercolor-compatible-117a-black-cyan-yellow-magenta-2\/\",\"url\":\"https:\/\/ekco-ci.com\/ecommerce\/produit\/pack-de-4-cartouches-de-toner-lasercolor-compatible-117a-black-cyan-yellow-magenta-2\/\",\"name\":\"Pack De 4 Cartouches De Toner Lasercolor Compatible 117A - Black, Cyan, Yellow, Magenta - Ekco Boutique\",\"isPartOf\":{\"@id\":\"https:\/\/ekco-ci.com\/ecommerce\/#website\"},\"primaryImageOfPage\":{\"@id\":\"https:\/\/ekco-ci.com\/ecommerce\/produit\/pack-de-4-cartouches-de-toner-lasercolor-compatible-117a-black-cyan-yellow-magenta-2\/#primaryimage\"},\"image\":{\"@id\":\"https:\/\/ekco-ci.com\/ecommerce\/produit\/pack-de-4-cartouches-de-toner-lasercolor-compatible-117a-black-cyan-yellow-magenta-2\/#primaryimage\"},\"thumbnailUrl\":\"https:\/\/ekco-ci.com\/ecommerce\/wp-content\/uploads\/2025\/02\/1-8.jpg\",\"datePublished\":\"2025-02-01T17:31:39+00:00\",\"dateModified\":\"2025-02-01T17:33:04+00:00\",\"breadcrumb\":{\"@id\":\"https:\/\/ekco-ci.com\/ecommerce\/produit\/pack-de-4-cartouches-de-toner-lasercolor-compatible-117a-black-cyan-yellow-magenta-2\/#breadcrumb\"},\"inLanguage\":\"fr-FR\",\"potentialAction\":[{\"@type\":\"ReadAction\",\"target\":[\"https:\/\/ekco-ci.com\/ecommerce\/produit\/pack-de-4-cartouches-de-toner-lasercolor-compatible-117a-black-cyan-yellow-magenta-2\/\"]}]},{\"@type\":\"ImageObject\",\"inLanguage\":\"fr-FR\",\"@id\":\"https:\/\/ekco-ci.com\/ecommerce\/produit\/pack-de-4-cartouches-de-toner-lasercolor-compatible-117a-black-cyan-yellow-magenta-2\/#primaryimage\",\"url\":\"https:\/\/ekco-ci.com\/ecommerce\/wp-content\/uploads\/2025\/02\/1-8.jpg\",\"contentUrl\":\"https:\/\/ekco-ci.com\/ecommerce\/wp-content\/uploads\/2025\/02\/1-8.jpg\",\"width\":680,\"height\":680},{\"@type\":\"BreadcrumbList\",\"@id\":\"https:\/\/ekco-ci.com\/ecommerce\/produit\/pack-de-4-cartouches-de-toner-lasercolor-compatible-117a-black-cyan-yellow-magenta-2\/#breadcrumb\",\"itemListElement\":[{\"@type\":\"ListItem\",\"position\":1,\"name\":\"Home\",\"item\":\"https:\/\/ekco-ci.com\/ecommerce\/\"},{\"@type\":\"ListItem\",\"position\":2,\"name\":\"Boutique\",\"item\":\"https:\/\/ekco-ci.com\/ecommerce\/boutique\/\"},{\"@type\":\"ListItem\",\"position\":3,\"name\":\"Pack De 4 Cartouches De Toner Lasercolor Compatible 117A &#8211; Black, Cyan, Yellow, Magenta\"}]},{\"@type\":\"WebSite\",\"@id\":\"https:\/\/ekco-ci.com\/ecommerce\/#website\",\"url\":\"https:\/\/ekco-ci.com\/ecommerce\/\",\"name\":\"Ekco Boutique\",\"description\":\"Ekco Boutique! La qualit\u00e9 au c\u0153ur de chaque achat\",\"publisher\":{\"@id\":\"https:\/\/ekco-ci.com\/ecommerce\/#organization\"},\"alternateName\":\"Boutique\",\"potentialAction\":[{\"@type\":\"SearchAction\",\"target\":{\"@type\":\"EntryPoint\",\"urlTemplate\":\"https:\/\/ekco-ci.com\/ecommerce\/?s={search_term_string}\"},\"query-input\":{\"@type\":\"PropertyValueSpecification\",\"valueRequired\":true,\"valueName\":\"search_term_string\"}}],\"inLanguage\":\"fr-FR\"},{\"@type\":\"Organization\",\"@id\":\"https:\/\/ekco-ci.com\/ecommerce\/#organization\",\"name\":\"Ekco Boutique\",\"url\":\"https:\/\/ekco-ci.com\/ecommerce\/\",\"logo\":{\"@type\":\"ImageObject\",\"inLanguage\":\"fr-FR\",\"@id\":\"https:\/\/ekco-ci.com\/ecommerce\/#\/schema\/logo\/image\/\",\"url\":\"https:\/\/ekco-ci.com\/ecommerce\/wp-content\/uploads\/2024\/08\/cropped-lologo.png\",\"contentUrl\":\"https:\/\/ekco-ci.com\/ecommerce\/wp-content\/uploads\/2024\/08\/cropped-lologo.png\",\"width\":512,\"height\":512,\"caption\":\"Ekco Boutique\"},\"image\":{\"@id\":\"https:\/\/ekco-ci.com\/ecommerce\/#\/schema\/logo\/image\/\"}}]}<\/script>\n<!-- \/ Yoast SEO plugin. -->","yoast_head_json":{"title":"Pack De 4 Cartouches De Toner Lasercolor Compatible 117A - Black, Cyan, Yellow, Magenta - Ekco Boutique","robots":{"index":"index","follow":"follow","max-snippet":"max-snippet:-1","max-image-preview":"max-image-preview:large","max-video-preview":"max-video-preview:-1"},"canonical":"https:\/\/ekco-ci.com\/ecommerce\/produit\/pack-de-4-cartouches-de-toner-lasercolor-compatible-117a-black-cyan-yellow-magenta-2\/","og_locale":"fr_FR","og_type":"article","og_title":"Pack De 4 Cartouches De Toner Lasercolor Compatible 117A - Black, Cyan, Yellow, Magenta - Ekco Boutique","og_description":"Vous h\u00e9sitez\u00a0\u00e0 choisir un\u00a0toner compatible ?Soyez rassur\u00e9 ! Nos cartouches sont syst\u00e9matiquement test\u00e9es une \u00e0 une, sous contr\u00f4les extr\u00eamement rigoureux, [&hellip;]","og_url":"https:\/\/ekco-ci.com\/ecommerce\/produit\/pack-de-4-cartouches-de-toner-lasercolor-compatible-117a-black-cyan-yellow-magenta-2\/","og_site_name":"Ekco Boutique","article_modified_time":"2025-02-01T17:33:04+00:00","og_image":[{"width":680,"height":680,"url":"https:\/\/ekco-ci.com\/ecommerce\/wp-content\/uploads\/2025\/02\/1-8.jpg","type":"image\/jpeg"}],"twitter_card":"summary_large_image","twitter_misc":{"Dur\u00e9e de lecture estim\u00e9e":"1 minute"},"schema":{"@context":"https:\/\/schema.org","@graph":[{"@type":"WebPage","@id":"https:\/\/ekco-ci.com\/ecommerce\/produit\/pack-de-4-cartouches-de-toner-lasercolor-compatible-117a-black-cyan-yellow-magenta-2\/","url":"https:\/\/ekco-ci.com\/ecommerce\/produit\/pack-de-4-cartouches-de-toner-lasercolor-compatible-117a-black-cyan-yellow-magenta-2\/","name":"Pack De 4 Cartouches De Toner Lasercolor Compatible 117A - Black, Cyan, Yellow, Magenta - Ekco Boutique","isPartOf":{"@id":"https:\/\/ekco-ci.com\/ecommerce\/#website"},"primaryImageOfPage":{"@id":"https:\/\/ekco-ci.com\/ecommerce\/produit\/pack-de-4-cartouches-de-toner-lasercolor-compatible-117a-black-cyan-yellow-magenta-2\/#primaryimage"},"image":{"@id":"https:\/\/ekco-ci.com\/ecommerce\/produit\/pack-de-4-cartouches-de-toner-lasercolor-compatible-117a-black-cyan-yellow-magenta-2\/#primaryimage"},"thumbnailUrl":"https:\/\/ekco-ci.com\/ecommerce\/wp-content\/uploads\/2025\/02\/1-8.jpg","datePublished":"2025-02-01T17:31:39+00:00","dateModified":"2025-02-01T17:33:04+00:00","breadcrumb":{"@id":"https:\/\/ekco-ci.com\/ecommerce\/produit\/pack-de-4-cartouches-de-toner-lasercolor-compatible-117a-black-cyan-yellow-magenta-2\/#breadcrumb"},"inLanguage":"fr-FR","potentialAction":[{"@type":"ReadAction","target":["https:\/\/ekco-ci.com\/ecommerce\/produit\/pack-de-4-cartouches-de-toner-lasercolor-compatible-117a-black-cyan-yellow-magenta-2\/"]}]},{"@type":"ImageObject","inLanguage":"fr-FR","@id":"https:\/\/ekco-ci.com\/ecommerce\/produit\/pack-de-4-cartouches-de-toner-lasercolor-compatible-117a-black-cyan-yellow-magenta-2\/#primaryimage","url":"https:\/\/ekco-ci.com\/ecommerce\/wp-content\/uploads\/2025\/02\/1-8.jpg","contentUrl":"https:\/\/ekco-ci.com\/ecommerce\/wp-content\/uploads\/2025\/02\/1-8.jpg","width":680,"height":680},{"@type":"BreadcrumbList","@id":"https:\/\/ekco-ci.com\/ecommerce\/produit\/pack-de-4-cartouches-de-toner-lasercolor-compatible-117a-black-cyan-yellow-magenta-2\/#breadcrumb","itemListElement":[{"@type":"ListItem","position":1,"name":"Home","item":"https:\/\/ekco-ci.com\/ecommerce\/"},{"@type":"ListItem","position":2,"name":"Boutique","item":"https:\/\/ekco-ci.com\/ecommerce\/boutique\/"},{"@type":"ListItem","position":3,"name":"Pack De 4 Cartouches De Toner Lasercolor Compatible 117A &#8211; Black, Cyan, Yellow, Magenta"}]},{"@type":"WebSite","@id":"https:\/\/ekco-ci.com\/ecommerce\/#website","url":"https:\/\/ekco-ci.com\/ecommerce\/","name":"Ekco Boutique","description":"Ekco Boutique! La qualit\u00e9 au c\u0153ur de chaque achat","publisher":{"@id":"https:\/\/ekco-ci.com\/ecommerce\/#organization"},"alternateName":"Boutique","potentialAction":[{"@type":"SearchAction","target":{"@type":"EntryPoint","urlTemplate":"https:\/\/ekco-ci.com\/ecommerce\/?s={search_term_string}"},"query-input":{"@type":"PropertyValueSpecification","valueRequired":true,"valueName":"search_term_string"}}],"inLanguage":"fr-FR"},{"@type":"Organization","@id":"https:\/\/ekco-ci.com\/ecommerce\/#organization","name":"Ekco Boutique","url":"https:\/\/ekco-ci.com\/ecommerce\/","logo":{"@type":"ImageObject","inLanguage":"fr-FR","@id":"https:\/\/ekco-ci.com\/ecommerce\/#\/schema\/logo\/image\/","url":"https:\/\/ekco-ci.com\/ecommerce\/wp-content\/uploads\/2024\/08\/cropped-lologo.png","contentUrl":"https:\/\/ekco-ci.com\/ecommerce\/wp-content\/uploads\/2024\/08\/cropped-lologo.png","width":512,"height":512,"caption":"Ekco Boutique"},"image":{"@id":"https:\/\/ekco-ci.com\/ecommerce\/#\/schema\/logo\/image\/"}}]}},"uagb_featured_image_src":{"full":["https:\/\/ekco-ci.com\/ecommerce\/wp-content\/uploads\/2025\/02\/1-8.jpg",680,680,false],"thumbnail":["https:\/\/ekco-ci.com\/ecommerce\/wp-content\/uploads\/2025\/02\/1-8-150x150.jpg",150,150,true],"medium":["https:\/\/ekco-ci.com\/ecommerce\/wp-content\/uploads\/2025\/02\/1-8-300x300.jpg",300,300,true],"medium_large":["https:\/\/ekco-ci.com\/ecommerce\/wp-content\/uploads\/2025\/02\/1-8.jpg",680,680,false],"large":["https:\/\/ekco-ci.com\/ecommerce\/wp-content\/uploads\/2025\/02\/1-8.jpg",680,680,false],"1536x1536":["https:\/\/ekco-ci.com\/ecommerce\/wp-content\/uploads\/2025\/02\/1-8.jpg",680,680,false],"2048x2048":["https:\/\/ekco-ci.com\/ecommerce\/wp-content\/uploads\/2025\/02\/1-8.jpg",680,680,false],"cfw_cart_thumb":["https:\/\/ekco-ci.com\/ecommerce\/wp-content\/uploads\/2025\/02\/1-8-60x60.jpg",60,60,true],"cfw_order_bump_thumb":["https:\/\/ekco-ci.com\/ecommerce\/wp-content\/uploads\/2025\/02\/1-8.jpg",320,320,false],"woocommerce_thumbnail":["https:\/\/ekco-ci.com\/ecommerce\/wp-content\/uploads\/2025\/02\/1-8-300x225.jpg",300,225,true],"woocommerce_single":["https:\/\/ekco-ci.com\/ecommerce\/wp-content\/uploads\/2025\/02\/1-8-600x600.jpg",600,600,true],"woocommerce_gallery_thumbnail":["https:\/\/ekco-ci.com\/ecommerce\/wp-content\/uploads\/2025\/02\/1-8-100x100.jpg",100,100,true]},"uagb_author_info":{"display_name":"ekco","author_link":"https:\/\/ekco-ci.com\/ecommerce\/author\/"},"uagb_comment_info":0,"uagb_excerpt":"Vous h\u00e9sitez\u00a0\u00e0 choisir un\u00a0toner compatible ?Soyez rassur\u00e9 ! Nos cartouches sont syst\u00e9matiquement test\u00e9es une \u00e0 une, sous contr\u00f4les extr\u00eamement rigoureux, [&hellip;]","_links":{"self":[{"href":"https:\/\/ekco-ci.com\/ecommerce\/wp-json\/wp\/v2\/product\/12008","targetHints":{"allow":["GET"]}}],"collection":[{"href":"https:\/\/ekco-ci.com\/ecommerce\/wp-json\/wp\/v2\/product"}],"about":[{"href":"https:\/\/ekco-ci.com\/ecommerce\/wp-json\/wp\/v2\/types\/product"}],"replies":[{"embeddable":true,"href":"https:\/\/ekco-ci.com\/ecommerce\/wp-json\/wp\/v2\/comments?post=12008"}],"wp:featuredmedia":[{"embeddable":true,"href":"https:\/\/ekco-ci.com\/ecommerce\/wp-json\/wp\/v2\/media\/12007"}],"wp:attachment":[{"href":"https:\/\/ekco-ci.com\/ecommerce\/wp-json\/wp\/v2\/media?parent=12008"}],"wp:term":[{"taxonomy":"product_brand","embeddable":true,"href":"https:\/\/ekco-ci.com\/ecommerce\/wp-json\/wp\/v2\/product_brand?post=12008"},{"taxonomy":"product_cat","embeddable":true,"href":"https:\/\/ekco-ci.com\/ecommerce\/wp-json\/wp\/v2\/product_cat?post=12008"},{"taxonomy":"product_tag","embeddable":true,"href":"https:\/\/ekco-ci.com\/ecommerce\/wp-json\/wp\/v2\/product_tag?post=12008"}],"curies":[{"name":"wp","href":"https:\/\/api.w.org\/{rel}","templated":true}]}}