{"id":11760,"date":"2025-01-25T13:09:20","date_gmt":"2025-01-25T13:09:20","guid":{"rendered":"https:\/\/ekco-ci.com\/ecommerce\/?post_type=product&#038;p=11760"},"modified":"2025-01-25T13:09:24","modified_gmt":"2025-01-25T13:09:24","slug":"ezeey-s5-mini-ordinateur-de-bureau-et-pc-multimedia-haut-parleur-noir","status":"publish","type":"product","link":"https:\/\/ekco-ci.com\/ecommerce\/produit\/ezeey-s5-mini-ordinateur-de-bureau-et-pc-multimedia-haut-parleur-noir\/","title":{"rendered":"EZEEY S5 Mini Ordinateur De Bureau ET PC- Multim\u00e9dia Haut-parleur &#8211; Noir"},"content":{"rendered":"<h3>Trouvez de tout !<\/h3>\n<p>&nbsp;<\/p>\n<p>Antichocs, Montres connect\u00e9es, accessoires et autres gadgets \u00e9lectroniques sont \u00e0 votre port\u00e9e, et vous en avez pour tous les go\u00fbts. A la sauce Oreo, marshmallow ou Nougat, vous pourrez tous les mangez, Miam !<\/p>\n<p><img decoding=\"async\" src=\"https:\/\/ci.jumia.is\/cms\/external\/pet\/GE070CL1IUK3JNAFAMZ\/872dc0e72d6fe6a7ec8dd001c3c83715.jpg\" alt=\"image\" width=\"450\" data-src=\"https:\/\/ci.jumia.is\/cms\/external\/pet\/GE070CL1IUK3JNAFAMZ\/872dc0e72d6fe6a7ec8dd001c3c83715.jpg\" \/><\/p>\n<h3>Des accessoires pour le quotidien<\/h3>\n<p>&nbsp;<\/p>\n<p>Les accessoires que vous rencontrerez sur Jumia sont innovants, fashion et utile au quotidien. ; Des antichocs et \u00e9tuis pour vos smartphones, des \u00e9couteurs et casques filaires ou bluetooth, des manettes pour votre console, ou encore des rasoirs etc\u2026. La liste est longue, et vous pouvez prendre le temps de la parcourir pour trouver votre bonheur.<\/p>\n<p><img decoding=\"async\" src=\"https:\/\/ci.jumia.is\/cms\/external\/pet\/GE070CL1IUK3JNAFAMZ\/1352c34a54358371d555125b2d90156c.jpg\" alt=\"image\" width=\"650\" data-src=\"https:\/\/ci.jumia.is\/cms\/external\/pet\/GE070CL1IUK3JNAFAMZ\/1352c34a54358371d555125b2d90156c.jpg\" \/><\/p>\n<h3>Des accessoires pour tout Public<\/h3>\n<p>&nbsp;<\/p>\n<p>Si vous \u00eates adeptes de selfies, n\u2019h\u00e9siter pas \u00e0 prendre une perche. Il y en a de toutes les couleurs.<\/p>\n<p>Vous \u00eates souvent \u00e0 court de batterie ? Optez pour un Power Bank, pour \u00eatre toujours au top. En outre si vous \u00eates un \u00ab performer \u00bb, ou une personne \u00ab active \u00bb, comptez sur la\u00a0<b>Gear Fit<\/b>\u00a0et tout autres gadget du genre pour vous accompagner chaque pour.<br \/>\nVous l\u2019aurez compris, nous proposons des accessoires de toutes heures, pour les\u00a0<b>geeks<\/b>, les fashionistas, les pros, les ados et m\u00eame les b\u00e9b\u00e9s. Alors \u00ab shoper \u00bb les tous comme des pokemons, ils sont \u00e0 vous !<\/p>\n<p><img decoding=\"async\" src=\"image\/gif;base64,R0lGODlhAQABAIAAAAAAAP\/\/\/yH5BAEAAAAALAAAAAABAAEAAAIBRAA7\" alt=\"image\" width=\"850\" data-src=\"https:\/\/dzvfs5sz5rprz.cloudfront.net\/media\/wysiwyg\/Description_Images\/ASZ\/Samsung_Gear_Fit2_Pro_Red_R365N_des_3.jpg\" data-lazy-error=\"true\" \/><\/p>\n","protected":false},"excerpt":{"rendered":"<p>Trouvez de tout ! &nbsp; Antichocs, Montres connect\u00e9es, accessoires et autres gadgets \u00e9lectroniques sont \u00e0 votre port\u00e9e, et vous en [&hellip;]<\/p>\n","protected":false},"featured_media":11764,"comment_status":"open","ping_status":"closed","template":"","meta":{"_uag_custom_page_level_css":"","site-sidebar-layout":"default","site-content-layout":"","ast-site-content-layout":"default","site-content-style":"default","site-sidebar-style":"default","ast-global-header-display":"","ast-banner-title-visibility":"","ast-main-header-display":"","ast-hfb-above-header-display":"","ast-hfb-below-header-display":"","ast-hfb-mobile-header-display":"","site-post-title":"","ast-breadcrumbs-content":"","ast-featured-img":"","footer-sml-layout":"","ast-disable-related-posts":"","theme-transparent-header-meta":"default","adv-header-id-meta":"","stick-header-meta":"","header-above-stick-meta":"","header-main-stick-meta":"","header-below-stick-meta":"","astra-migrate-meta-layouts":"set","ast-page-background-enabled":"default","ast-page-background-meta":{"desktop":{"background-color":"var(--ast-global-color-4)","background-image":"","background-repeat":"repeat","background-position":"center center","background-size":"auto","background-attachment":"scroll","background-type":"","background-media":"","overlay-type":"","overlay-color":"","overlay-opacity":"","overlay-gradient":""},"tablet":{"background-color":"","background-image":"","background-repeat":"repeat","background-position":"center center","background-size":"auto","background-attachment":"scroll","background-type":"","background-media":"","overlay-type":"","overlay-color":"","overlay-opacity":"","overlay-gradient":""},"mobile":{"background-color":"","background-image":"","background-repeat":"repeat","background-position":"center center","background-size":"auto","background-attachment":"scroll","background-type":"","background-media":"","overlay-type":"","overlay-color":"","overlay-opacity":"","overlay-gradient":""}},"ast-content-background-meta":{"desktop":{"background-color":"var(--ast-global-color-5)","background-image":"","background-repeat":"repeat","background-position":"center center","background-size":"auto","background-attachment":"scroll","background-type":"","background-media":"","overlay-type":"","overlay-color":"","overlay-opacity":"","overlay-gradient":""},"tablet":{"background-color":"var(--ast-global-color-5)","background-image":"","background-repeat":"repeat","background-position":"center center","background-size":"auto","background-attachment":"scroll","background-type":"","background-media":"","overlay-type":"","overlay-color":"","overlay-opacity":"","overlay-gradient":""},"mobile":{"background-color":"var(--ast-global-color-5)","background-image":"","background-repeat":"repeat","background-position":"center center","background-size":"auto","background-attachment":"scroll","background-type":"","background-media":"","overlay-type":"","overlay-color":"","overlay-opacity":"","overlay-gradient":""}}},"product_brand":[],"product_cat":[15],"product_tag":[],"class_list":{"0":"post-11760","1":"product","2":"type-product","3":"status-publish","4":"has-post-thumbnail","6":"product_cat-non-classe","7":"desktop-align-left","8":"tablet-align-left","9":"mobile-align-left","11":"first","12":"instock","13":"sale","14":"shipping-taxable","15":"purchasable","16":"product-type-simple"},"yoast_head":"<!-- This site is optimized with the Yoast SEO plugin v26.8 - https:\/\/yoast.com\/product\/yoast-seo-wordpress\/ -->\n<title>EZEEY S5 Mini Ordinateur De Bureau ET PC- Multim\u00e9dia Haut-parleur - Noir - Ekco Boutique<\/title>\n<meta name=\"robots\" content=\"index, follow, max-snippet:-1, max-image-preview:large, max-video-preview:-1\" \/>\n<link rel=\"canonical\" href=\"https:\/\/ekco-ci.com\/ecommerce\/produit\/ezeey-s5-mini-ordinateur-de-bureau-et-pc-multimedia-haut-parleur-noir\/\" \/>\n<meta property=\"og:locale\" content=\"fr_FR\" \/>\n<meta property=\"og:type\" content=\"article\" \/>\n<meta property=\"og:title\" content=\"EZEEY S5 Mini Ordinateur De Bureau ET PC- Multim\u00e9dia Haut-parleur - Noir - Ekco Boutique\" \/>\n<meta property=\"og:description\" content=\"Trouvez de tout ! &nbsp; Antichocs, Montres connect\u00e9es, accessoires et autres gadgets \u00e9lectroniques sont \u00e0 votre port\u00e9e, et vous en [&hellip;]\" \/>\n<meta property=\"og:url\" content=\"https:\/\/ekco-ci.com\/ecommerce\/produit\/ezeey-s5-mini-ordinateur-de-bureau-et-pc-multimedia-haut-parleur-noir\/\" \/>\n<meta property=\"og:site_name\" content=\"Ekco Boutique\" \/>\n<meta property=\"article:modified_time\" content=\"2025-01-25T13:09:24+00:00\" \/>\n<meta property=\"og:image\" content=\"https:\/\/ekco-ci.com\/ecommerce\/wp-content\/uploads\/2025\/01\/3-4-4.jpg\" \/>\n\t<meta property=\"og:image:width\" content=\"500\" \/>\n\t<meta property=\"og:image:height\" content=\"500\" \/>\n\t<meta property=\"og:image:type\" content=\"image\/jpeg\" \/>\n<meta name=\"twitter:card\" content=\"summary_large_image\" \/>\n<meta name=\"twitter:label1\" content=\"Dur\u00e9e de lecture estim\u00e9e\" \/>\n\t<meta name=\"twitter:data1\" content=\"2 minutes\" \/>\n<script type=\"application\/ld+json\" class=\"yoast-schema-graph\">{\"@context\":\"https:\/\/schema.org\",\"@graph\":[{\"@type\":\"WebPage\",\"@id\":\"https:\/\/ekco-ci.com\/ecommerce\/produit\/ezeey-s5-mini-ordinateur-de-bureau-et-pc-multimedia-haut-parleur-noir\/\",\"url\":\"https:\/\/ekco-ci.com\/ecommerce\/produit\/ezeey-s5-mini-ordinateur-de-bureau-et-pc-multimedia-haut-parleur-noir\/\",\"name\":\"EZEEY S5 Mini Ordinateur De Bureau ET PC- Multim\u00e9dia Haut-parleur - Noir - Ekco Boutique\",\"isPartOf\":{\"@id\":\"https:\/\/ekco-ci.com\/ecommerce\/#website\"},\"primaryImageOfPage\":{\"@id\":\"https:\/\/ekco-ci.com\/ecommerce\/produit\/ezeey-s5-mini-ordinateur-de-bureau-et-pc-multimedia-haut-parleur-noir\/#primaryimage\"},\"image\":{\"@id\":\"https:\/\/ekco-ci.com\/ecommerce\/produit\/ezeey-s5-mini-ordinateur-de-bureau-et-pc-multimedia-haut-parleur-noir\/#primaryimage\"},\"thumbnailUrl\":\"https:\/\/ekco-ci.com\/ecommerce\/wp-content\/uploads\/2025\/01\/3-4-4.jpg\",\"datePublished\":\"2025-01-25T13:09:20+00:00\",\"dateModified\":\"2025-01-25T13:09:24+00:00\",\"breadcrumb\":{\"@id\":\"https:\/\/ekco-ci.com\/ecommerce\/produit\/ezeey-s5-mini-ordinateur-de-bureau-et-pc-multimedia-haut-parleur-noir\/#breadcrumb\"},\"inLanguage\":\"fr-FR\",\"potentialAction\":[{\"@type\":\"ReadAction\",\"target\":[\"https:\/\/ekco-ci.com\/ecommerce\/produit\/ezeey-s5-mini-ordinateur-de-bureau-et-pc-multimedia-haut-parleur-noir\/\"]}]},{\"@type\":\"ImageObject\",\"inLanguage\":\"fr-FR\",\"@id\":\"https:\/\/ekco-ci.com\/ecommerce\/produit\/ezeey-s5-mini-ordinateur-de-bureau-et-pc-multimedia-haut-parleur-noir\/#primaryimage\",\"url\":\"https:\/\/ekco-ci.com\/ecommerce\/wp-content\/uploads\/2025\/01\/3-4-4.jpg\",\"contentUrl\":\"https:\/\/ekco-ci.com\/ecommerce\/wp-content\/uploads\/2025\/01\/3-4-4.jpg\",\"width\":500,\"height\":500},{\"@type\":\"BreadcrumbList\",\"@id\":\"https:\/\/ekco-ci.com\/ecommerce\/produit\/ezeey-s5-mini-ordinateur-de-bureau-et-pc-multimedia-haut-parleur-noir\/#breadcrumb\",\"itemListElement\":[{\"@type\":\"ListItem\",\"position\":1,\"name\":\"Home\",\"item\":\"https:\/\/ekco-ci.com\/ecommerce\/\"},{\"@type\":\"ListItem\",\"position\":2,\"name\":\"Boutique\",\"item\":\"https:\/\/ekco-ci.com\/ecommerce\/boutique\/\"},{\"@type\":\"ListItem\",\"position\":3,\"name\":\"EZEEY S5 Mini Ordinateur De Bureau ET PC- Multim\u00e9dia Haut-parleur &#8211; Noir\"}]},{\"@type\":\"WebSite\",\"@id\":\"https:\/\/ekco-ci.com\/ecommerce\/#website\",\"url\":\"https:\/\/ekco-ci.com\/ecommerce\/\",\"name\":\"Ekco Boutique\",\"description\":\"Ekco Boutique! La qualit\u00e9 au c\u0153ur de chaque achat\",\"publisher\":{\"@id\":\"https:\/\/ekco-ci.com\/ecommerce\/#organization\"},\"alternateName\":\"Boutique\",\"potentialAction\":[{\"@type\":\"SearchAction\",\"target\":{\"@type\":\"EntryPoint\",\"urlTemplate\":\"https:\/\/ekco-ci.com\/ecommerce\/?s={search_term_string}\"},\"query-input\":{\"@type\":\"PropertyValueSpecification\",\"valueRequired\":true,\"valueName\":\"search_term_string\"}}],\"inLanguage\":\"fr-FR\"},{\"@type\":\"Organization\",\"@id\":\"https:\/\/ekco-ci.com\/ecommerce\/#organization\",\"name\":\"Ekco Boutique\",\"url\":\"https:\/\/ekco-ci.com\/ecommerce\/\",\"logo\":{\"@type\":\"ImageObject\",\"inLanguage\":\"fr-FR\",\"@id\":\"https:\/\/ekco-ci.com\/ecommerce\/#\/schema\/logo\/image\/\",\"url\":\"https:\/\/ekco-ci.com\/ecommerce\/wp-content\/uploads\/2024\/08\/cropped-lologo.png\",\"contentUrl\":\"https:\/\/ekco-ci.com\/ecommerce\/wp-content\/uploads\/2024\/08\/cropped-lologo.png\",\"width\":512,\"height\":512,\"caption\":\"Ekco Boutique\"},\"image\":{\"@id\":\"https:\/\/ekco-ci.com\/ecommerce\/#\/schema\/logo\/image\/\"}}]}<\/script>\n<!-- \/ Yoast SEO plugin. -->","yoast_head_json":{"title":"EZEEY S5 Mini Ordinateur De Bureau ET PC- Multim\u00e9dia Haut-parleur - Noir - Ekco Boutique","robots":{"index":"index","follow":"follow","max-snippet":"max-snippet:-1","max-image-preview":"max-image-preview:large","max-video-preview":"max-video-preview:-1"},"canonical":"https:\/\/ekco-ci.com\/ecommerce\/produit\/ezeey-s5-mini-ordinateur-de-bureau-et-pc-multimedia-haut-parleur-noir\/","og_locale":"fr_FR","og_type":"article","og_title":"EZEEY S5 Mini Ordinateur De Bureau ET PC- Multim\u00e9dia Haut-parleur - Noir - Ekco Boutique","og_description":"Trouvez de tout ! &nbsp; Antichocs, Montres connect\u00e9es, accessoires et autres gadgets \u00e9lectroniques sont \u00e0 votre port\u00e9e, et vous en [&hellip;]","og_url":"https:\/\/ekco-ci.com\/ecommerce\/produit\/ezeey-s5-mini-ordinateur-de-bureau-et-pc-multimedia-haut-parleur-noir\/","og_site_name":"Ekco Boutique","article_modified_time":"2025-01-25T13:09:24+00:00","og_image":[{"width":500,"height":500,"url":"https:\/\/ekco-ci.com\/ecommerce\/wp-content\/uploads\/2025\/01\/3-4-4.jpg","type":"image\/jpeg"}],"twitter_card":"summary_large_image","twitter_misc":{"Dur\u00e9e de lecture estim\u00e9e":"2 minutes"},"schema":{"@context":"https:\/\/schema.org","@graph":[{"@type":"WebPage","@id":"https:\/\/ekco-ci.com\/ecommerce\/produit\/ezeey-s5-mini-ordinateur-de-bureau-et-pc-multimedia-haut-parleur-noir\/","url":"https:\/\/ekco-ci.com\/ecommerce\/produit\/ezeey-s5-mini-ordinateur-de-bureau-et-pc-multimedia-haut-parleur-noir\/","name":"EZEEY S5 Mini Ordinateur De Bureau ET PC- Multim\u00e9dia Haut-parleur - Noir - Ekco Boutique","isPartOf":{"@id":"https:\/\/ekco-ci.com\/ecommerce\/#website"},"primaryImageOfPage":{"@id":"https:\/\/ekco-ci.com\/ecommerce\/produit\/ezeey-s5-mini-ordinateur-de-bureau-et-pc-multimedia-haut-parleur-noir\/#primaryimage"},"image":{"@id":"https:\/\/ekco-ci.com\/ecommerce\/produit\/ezeey-s5-mini-ordinateur-de-bureau-et-pc-multimedia-haut-parleur-noir\/#primaryimage"},"thumbnailUrl":"https:\/\/ekco-ci.com\/ecommerce\/wp-content\/uploads\/2025\/01\/3-4-4.jpg","datePublished":"2025-01-25T13:09:20+00:00","dateModified":"2025-01-25T13:09:24+00:00","breadcrumb":{"@id":"https:\/\/ekco-ci.com\/ecommerce\/produit\/ezeey-s5-mini-ordinateur-de-bureau-et-pc-multimedia-haut-parleur-noir\/#breadcrumb"},"inLanguage":"fr-FR","potentialAction":[{"@type":"ReadAction","target":["https:\/\/ekco-ci.com\/ecommerce\/produit\/ezeey-s5-mini-ordinateur-de-bureau-et-pc-multimedia-haut-parleur-noir\/"]}]},{"@type":"ImageObject","inLanguage":"fr-FR","@id":"https:\/\/ekco-ci.com\/ecommerce\/produit\/ezeey-s5-mini-ordinateur-de-bureau-et-pc-multimedia-haut-parleur-noir\/#primaryimage","url":"https:\/\/ekco-ci.com\/ecommerce\/wp-content\/uploads\/2025\/01\/3-4-4.jpg","contentUrl":"https:\/\/ekco-ci.com\/ecommerce\/wp-content\/uploads\/2025\/01\/3-4-4.jpg","width":500,"height":500},{"@type":"BreadcrumbList","@id":"https:\/\/ekco-ci.com\/ecommerce\/produit\/ezeey-s5-mini-ordinateur-de-bureau-et-pc-multimedia-haut-parleur-noir\/#breadcrumb","itemListElement":[{"@type":"ListItem","position":1,"name":"Home","item":"https:\/\/ekco-ci.com\/ecommerce\/"},{"@type":"ListItem","position":2,"name":"Boutique","item":"https:\/\/ekco-ci.com\/ecommerce\/boutique\/"},{"@type":"ListItem","position":3,"name":"EZEEY S5 Mini Ordinateur De Bureau ET PC- Multim\u00e9dia Haut-parleur &#8211; Noir"}]},{"@type":"WebSite","@id":"https:\/\/ekco-ci.com\/ecommerce\/#website","url":"https:\/\/ekco-ci.com\/ecommerce\/","name":"Ekco Boutique","description":"Ekco Boutique! La qualit\u00e9 au c\u0153ur de chaque achat","publisher":{"@id":"https:\/\/ekco-ci.com\/ecommerce\/#organization"},"alternateName":"Boutique","potentialAction":[{"@type":"SearchAction","target":{"@type":"EntryPoint","urlTemplate":"https:\/\/ekco-ci.com\/ecommerce\/?s={search_term_string}"},"query-input":{"@type":"PropertyValueSpecification","valueRequired":true,"valueName":"search_term_string"}}],"inLanguage":"fr-FR"},{"@type":"Organization","@id":"https:\/\/ekco-ci.com\/ecommerce\/#organization","name":"Ekco Boutique","url":"https:\/\/ekco-ci.com\/ecommerce\/","logo":{"@type":"ImageObject","inLanguage":"fr-FR","@id":"https:\/\/ekco-ci.com\/ecommerce\/#\/schema\/logo\/image\/","url":"https:\/\/ekco-ci.com\/ecommerce\/wp-content\/uploads\/2024\/08\/cropped-lologo.png","contentUrl":"https:\/\/ekco-ci.com\/ecommerce\/wp-content\/uploads\/2024\/08\/cropped-lologo.png","width":512,"height":512,"caption":"Ekco Boutique"},"image":{"@id":"https:\/\/ekco-ci.com\/ecommerce\/#\/schema\/logo\/image\/"}}]}},"uagb_featured_image_src":{"full":["https:\/\/ekco-ci.com\/ecommerce\/wp-content\/uploads\/2025\/01\/3-4-4.jpg",500,500,false],"thumbnail":["https:\/\/ekco-ci.com\/ecommerce\/wp-content\/uploads\/2025\/01\/3-4-4-150x150.jpg",150,150,true],"medium":["https:\/\/ekco-ci.com\/ecommerce\/wp-content\/uploads\/2025\/01\/3-4-4-300x300.jpg",300,300,true],"medium_large":["https:\/\/ekco-ci.com\/ecommerce\/wp-content\/uploads\/2025\/01\/3-4-4.jpg",500,500,false],"large":["https:\/\/ekco-ci.com\/ecommerce\/wp-content\/uploads\/2025\/01\/3-4-4.jpg",500,500,false],"1536x1536":["https:\/\/ekco-ci.com\/ecommerce\/wp-content\/uploads\/2025\/01\/3-4-4.jpg",500,500,false],"2048x2048":["https:\/\/ekco-ci.com\/ecommerce\/wp-content\/uploads\/2025\/01\/3-4-4.jpg",500,500,false],"cfw_cart_thumb":["https:\/\/ekco-ci.com\/ecommerce\/wp-content\/uploads\/2025\/01\/3-4-4-60x60.jpg",60,60,true],"cfw_order_bump_thumb":["https:\/\/ekco-ci.com\/ecommerce\/wp-content\/uploads\/2025\/01\/3-4-4.jpg",320,320,false],"woocommerce_thumbnail":["https:\/\/ekco-ci.com\/ecommerce\/wp-content\/uploads\/2025\/01\/3-4-4-300x225.jpg",300,225,true],"woocommerce_single":["https:\/\/ekco-ci.com\/ecommerce\/wp-content\/uploads\/2025\/01\/3-4-4.jpg",500,500,false],"woocommerce_gallery_thumbnail":["https:\/\/ekco-ci.com\/ecommerce\/wp-content\/uploads\/2025\/01\/3-4-4-100x100.jpg",100,100,true]},"uagb_author_info":{"display_name":"Christabelle Moulo","author_link":"https:\/\/ekco-ci.com\/ecommerce\/author\/"},"uagb_comment_info":0,"uagb_excerpt":"Trouvez de tout ! &nbsp; Antichocs, Montres connect\u00e9es, accessoires et autres gadgets \u00e9lectroniques sont \u00e0 votre port\u00e9e, et vous en [&hellip;]","_links":{"self":[{"href":"https:\/\/ekco-ci.com\/ecommerce\/wp-json\/wp\/v2\/product\/11760","targetHints":{"allow":["GET"]}}],"collection":[{"href":"https:\/\/ekco-ci.com\/ecommerce\/wp-json\/wp\/v2\/product"}],"about":[{"href":"https:\/\/ekco-ci.com\/ecommerce\/wp-json\/wp\/v2\/types\/product"}],"replies":[{"embeddable":true,"href":"https:\/\/ekco-ci.com\/ecommerce\/wp-json\/wp\/v2\/comments?post=11760"}],"wp:featuredmedia":[{"embeddable":true,"href":"https:\/\/ekco-ci.com\/ecommerce\/wp-json\/wp\/v2\/media\/11764"}],"wp:attachment":[{"href":"https:\/\/ekco-ci.com\/ecommerce\/wp-json\/wp\/v2\/media?parent=11760"}],"wp:term":[{"taxonomy":"product_brand","embeddable":true,"href":"https:\/\/ekco-ci.com\/ecommerce\/wp-json\/wp\/v2\/product_brand?post=11760"},{"taxonomy":"product_cat","embeddable":true,"href":"https:\/\/ekco-ci.com\/ecommerce\/wp-json\/wp\/v2\/product_cat?post=11760"},{"taxonomy":"product_tag","embeddable":true,"href":"https:\/\/ekco-ci.com\/ecommerce\/wp-json\/wp\/v2\/product_tag?post=11760"}],"curies":[{"name":"wp","href":"https:\/\/api.w.org\/{rel}","templated":true}]}}