{"id":11571,"date":"2025-01-22T14:37:15","date_gmt":"2025-01-22T14:37:15","guid":{"rendered":"https:\/\/ekco-ci.com\/ecommerce\/?post_type=product&#038;p=11571"},"modified":"2025-01-22T14:37:28","modified_gmt":"2025-01-22T14:37:28","slug":"lenovo-ideapad-slim-1-amd-ryzen-3-core-i3-amd-ecran-156-fhd-8-go-ssd-256-go-windows-11","status":"publish","type":"product","link":"https:\/\/ekco-ci.com\/ecommerce\/produit\/lenovo-ideapad-slim-1-amd-ryzen-3-core-i3-amd-ecran-156-fhd-8-go-ssd-256-go-windows-11\/","title":{"rendered":"Lenovo IdeaPad Slim 1 &#8211; AMD Ryzen 3( Core I3 AMD) &#8211; Ecran 15,6&#8243; &#8211; FHD 8 Go\/SSD 256 Go &#8211; Windows 11"},"content":{"rendered":"<h2>Lenovo Ideapad 1 15AMN7<\/h2>\n<p><img decoding=\"async\" src=\"https:\/\/ci.jumia.is\/cms\/external\/pet\/LE018CL120EFBNAFAMZ\/379fb5ab7b1e5abea5a93527a11e48e0.jpg\" alt=\"lenovo\" data-src=\"https:\/\/ci.jumia.is\/cms\/external\/pet\/LE018CL120EFBNAFAMZ\/379fb5ab7b1e5abea5a93527a11e48e0.jpg\" \/><img decoding=\"async\" src=\"https:\/\/ci.jumia.is\/cms\/external\/pet\/LE018CL120EFBNAFAMZ\/cf8baaf8bbf58af36d2c21eb4960a92f.jpg\" alt=\"lenovo\" data-src=\"https:\/\/ci.jumia.is\/cms\/external\/pet\/LE018CL120EFBNAFAMZ\/cf8baaf8bbf58af36d2c21eb4960a92f.jpg\" \/><\/p>\n<h2>Efficacit\u00e9 et portabilit\u00e9<\/h2>\n<p>Surfez et communiquez de n&#8217;importe o\u00f9 avec l\u2019IdeaPad 1 Gen 7 (15&#8243; AMD), un portable \u00e9tonnamment fin. Gr\u00e2ce \u00e0 l\u2019option de d\u00e9marrage rapide, il est pr\u00eat \u00e0 fonctionner d\u00e8s l\u2019ouverture du capot, et ses processeurs AMD Ryzen ultra-efficaces facilitent le multit\u00e2che.<\/p>\n<p><img decoding=\"async\" src=\"https:\/\/ci.jumia.is\/cms\/external\/pet\/LE018CL120EFBNAFAMZ\/a3d2f10725d4205e8876410e14ec6daa.jpg\" alt=\"lenovo\" data-src=\"https:\/\/ci.jumia.is\/cms\/external\/pet\/LE018CL120EFBNAFAMZ\/a3d2f10725d4205e8876410e14ec6daa.jpg\" \/><\/p>\n<h2>Grand \u00e9cran<\/h2>\n<p>Divertissez-vous avec l\u2019IdeaPad 1 Gen 7 (15&#8243; Intel) en regardant des vid\u00e9os sur le grand \u00e9cran de 39,62 cm (15,6&#8243;) au cadre ultra-fin Full HD.<\/p>\n<p><img decoding=\"async\" src=\"https:\/\/ci.jumia.is\/cms\/external\/pet\/LE018CL120EFBNAFAMZ\/ecfbfee48a4f13f152d9cb33b28181f7.jpg\" alt=\"lenovo\" data-src=\"https:\/\/ci.jumia.is\/cms\/external\/pet\/LE018CL120EFBNAFAMZ\/ecfbfee48a4f13f152d9cb33b28181f7.jpg\" \/><\/p>\n<h2>Son riche avec Dolby Audio<\/h2>\n<p>Profitez d\u2019un son riche gr\u00e2ce aux haut-parleurs st\u00e9r\u00e9o Dolby Audio. Appr\u00e9ciez la clart\u00e9 des appels vid\u00e9o gr\u00e2ce \u00e0 la webcam HD avec cache de confidentialit\u00e9 int\u00e9gr\u00e9 qui bloque les regards ind\u00e9sirables.<\/p>\n<p><img decoding=\"async\" src=\"https:\/\/ci.jumia.is\/cms\/external\/pet\/LE018CL120EFBNAFAMZ\/1d8882ce6bed36be4ef8088481dabcd9.jpg\" alt=\"lenovo\" data-src=\"https:\/\/ci.jumia.is\/cms\/external\/pet\/LE018CL120EFBNAFAMZ\/1d8882ce6bed36be4ef8088481dabcd9.jpg\" \/><\/p>\n<h2>Un appareil polyvalent qui vous accompagne partout<\/h2>\n<p>Avec une batterie d&#8217;une autonomie d&#8217;une journ\u00e9e et \u00e0 recharge ultra-rapide, vous pouvez travailler de n\u2019importe o\u00f9.<\/p>\n<p><img decoding=\"async\" src=\"https:\/\/ci.jumia.is\/cms\/external\/pet\/LE018CL120EFBNAFAMZ\/66d6641bdb40bc3f49c80dd23dfad71d.jpg\" alt=\"lenovo\" data-src=\"https:\/\/ci.jumia.is\/cms\/external\/pet\/LE018CL120EFBNAFAMZ\/66d6641bdb40bc3f49c80dd23dfad71d.jpg\" \/><\/p>\n","protected":false},"excerpt":{"rendered":"<p>Lenovo Ideapad 1 15AMN7 Efficacit\u00e9 et portabilit\u00e9 Surfez et communiquez de n&#8217;importe o\u00f9 avec l\u2019IdeaPad 1 Gen 7 (15&#8243; AMD), [&hellip;]<\/p>\n","protected":false},"featured_media":11572,"comment_status":"open","ping_status":"closed","template":"","meta":{"_uag_custom_page_level_css":"","site-sidebar-layout":"default","site-content-layout":"","ast-site-content-layout":"default","site-content-style":"default","site-sidebar-style":"default","ast-global-header-display":"","ast-banner-title-visibility":"","ast-main-header-display":"","ast-hfb-above-header-display":"","ast-hfb-below-header-display":"","ast-hfb-mobile-header-display":"","site-post-title":"","ast-breadcrumbs-content":"","ast-featured-img":"","footer-sml-layout":"","ast-disable-related-posts":"","theme-transparent-header-meta":"default","adv-header-id-meta":"","stick-header-meta":"","header-above-stick-meta":"","header-main-stick-meta":"","header-below-stick-meta":"","astra-migrate-meta-layouts":"set","ast-page-background-enabled":"default","ast-page-background-meta":{"desktop":{"background-color":"var(--ast-global-color-4)","background-image":"","background-repeat":"repeat","background-position":"center center","background-size":"auto","background-attachment":"scroll","background-type":"","background-media":"","overlay-type":"","overlay-color":"","overlay-opacity":"","overlay-gradient":""},"tablet":{"background-color":"","background-image":"","background-repeat":"repeat","background-position":"center center","background-size":"auto","background-attachment":"scroll","background-type":"","background-media":"","overlay-type":"","overlay-color":"","overlay-opacity":"","overlay-gradient":""},"mobile":{"background-color":"","background-image":"","background-repeat":"repeat","background-position":"center center","background-size":"auto","background-attachment":"scroll","background-type":"","background-media":"","overlay-type":"","overlay-color":"","overlay-opacity":"","overlay-gradient":""}},"ast-content-background-meta":{"desktop":{"background-color":"var(--ast-global-color-5)","background-image":"","background-repeat":"repeat","background-position":"center center","background-size":"auto","background-attachment":"scroll","background-type":"","background-media":"","overlay-type":"","overlay-color":"","overlay-opacity":"","overlay-gradient":""},"tablet":{"background-color":"var(--ast-global-color-5)","background-image":"","background-repeat":"repeat","background-position":"center center","background-size":"auto","background-attachment":"scroll","background-type":"","background-media":"","overlay-type":"","overlay-color":"","overlay-opacity":"","overlay-gradient":""},"mobile":{"background-color":"var(--ast-global-color-5)","background-image":"","background-repeat":"repeat","background-position":"center center","background-size":"auto","background-attachment":"scroll","background-type":"","background-media":"","overlay-type":"","overlay-color":"","overlay-opacity":"","overlay-gradient":""}}},"product_brand":[],"product_cat":[102,883,880,699,881,882],"product_tag":[],"class_list":{"0":"post-11571","1":"product","2":"type-product","3":"status-publish","4":"has-post-thumbnail","6":"product_cat-informatique","7":"product_cat-netbooks-ordinateurs-portables-traditionnels-ordinateurs-portables-ordinateurs-ordinateurs-et-imprimantes-informatique","8":"product_cat-ordinateurs-ordinateurs-et-imprimantes-informatique","9":"product_cat-ordinateurs-et-imprimantes-informatique","10":"product_cat-ordinateurs-portables-ordinateurs-ordinateurs-et-imprimantes-informatique","11":"product_cat-ordinateurs-portables-traditionnels-ordinateurs-portables-ordinateurs-ordinateurs-et-imprimantes-informatique","12":"desktop-align-left","13":"tablet-align-left","14":"mobile-align-left","16":"first","17":"instock","18":"sale","19":"shipping-taxable","20":"purchasable","21":"product-type-simple"},"yoast_head":"<!-- This site is optimized with the Yoast SEO plugin v26.8 - https:\/\/yoast.com\/product\/yoast-seo-wordpress\/ -->\n<title>Lenovo IdeaPad Slim 1 - AMD Ryzen 3( Core I3 AMD) - Ecran 15,6&quot; - FHD 8 Go\/SSD 256 Go - Windows 11 - Ekco Boutique<\/title>\n<meta name=\"robots\" content=\"index, follow, max-snippet:-1, max-image-preview:large, max-video-preview:-1\" \/>\n<link rel=\"canonical\" href=\"https:\/\/ekco-ci.com\/ecommerce\/produit\/lenovo-ideapad-slim-1-amd-ryzen-3-core-i3-amd-ecran-156-fhd-8-go-ssd-256-go-windows-11\/\" \/>\n<meta property=\"og:locale\" content=\"fr_FR\" \/>\n<meta property=\"og:type\" content=\"article\" \/>\n<meta property=\"og:title\" content=\"Lenovo IdeaPad Slim 1 - AMD Ryzen 3( Core I3 AMD) - Ecran 15,6&quot; - FHD 8 Go\/SSD 256 Go - Windows 11 - Ekco Boutique\" \/>\n<meta property=\"og:description\" content=\"Lenovo Ideapad 1 15AMN7 Efficacit\u00e9 et portabilit\u00e9 Surfez et communiquez de n&#8217;importe o\u00f9 avec l\u2019IdeaPad 1 Gen 7 (15&#8243; AMD), [&hellip;]\" \/>\n<meta property=\"og:url\" content=\"https:\/\/ekco-ci.com\/ecommerce\/produit\/lenovo-ideapad-slim-1-amd-ryzen-3-core-i3-amd-ecran-156-fhd-8-go-ssd-256-go-windows-11\/\" \/>\n<meta property=\"og:site_name\" content=\"Ekco Boutique\" \/>\n<meta property=\"article:modified_time\" content=\"2025-01-22T14:37:28+00:00\" \/>\n<meta property=\"og:image\" content=\"https:\/\/ekco-ci.com\/ecommerce\/wp-content\/uploads\/2025\/01\/4-13.jpg\" \/>\n\t<meta property=\"og:image:width\" content=\"500\" \/>\n\t<meta property=\"og:image:height\" content=\"500\" \/>\n\t<meta property=\"og:image:type\" content=\"image\/jpeg\" \/>\n<meta name=\"twitter:card\" content=\"summary_large_image\" \/>\n<meta name=\"twitter:label1\" content=\"Dur\u00e9e de lecture estim\u00e9e\" \/>\n\t<meta name=\"twitter:data1\" content=\"3 minutes\" \/>\n<script type=\"application\/ld+json\" class=\"yoast-schema-graph\">{\"@context\":\"https:\/\/schema.org\",\"@graph\":[{\"@type\":\"WebPage\",\"@id\":\"https:\/\/ekco-ci.com\/ecommerce\/produit\/lenovo-ideapad-slim-1-amd-ryzen-3-core-i3-amd-ecran-156-fhd-8-go-ssd-256-go-windows-11\/\",\"url\":\"https:\/\/ekco-ci.com\/ecommerce\/produit\/lenovo-ideapad-slim-1-amd-ryzen-3-core-i3-amd-ecran-156-fhd-8-go-ssd-256-go-windows-11\/\",\"name\":\"Lenovo IdeaPad Slim 1 - AMD Ryzen 3( Core I3 AMD) - Ecran 15,6\\\" - FHD 8 Go\/SSD 256 Go - Windows 11 - Ekco Boutique\",\"isPartOf\":{\"@id\":\"https:\/\/ekco-ci.com\/ecommerce\/#website\"},\"primaryImageOfPage\":{\"@id\":\"https:\/\/ekco-ci.com\/ecommerce\/produit\/lenovo-ideapad-slim-1-amd-ryzen-3-core-i3-amd-ecran-156-fhd-8-go-ssd-256-go-windows-11\/#primaryimage\"},\"image\":{\"@id\":\"https:\/\/ekco-ci.com\/ecommerce\/produit\/lenovo-ideapad-slim-1-amd-ryzen-3-core-i3-amd-ecran-156-fhd-8-go-ssd-256-go-windows-11\/#primaryimage\"},\"thumbnailUrl\":\"https:\/\/ekco-ci.com\/ecommerce\/wp-content\/uploads\/2025\/01\/4-13.jpg\",\"datePublished\":\"2025-01-22T14:37:15+00:00\",\"dateModified\":\"2025-01-22T14:37:28+00:00\",\"breadcrumb\":{\"@id\":\"https:\/\/ekco-ci.com\/ecommerce\/produit\/lenovo-ideapad-slim-1-amd-ryzen-3-core-i3-amd-ecran-156-fhd-8-go-ssd-256-go-windows-11\/#breadcrumb\"},\"inLanguage\":\"fr-FR\",\"potentialAction\":[{\"@type\":\"ReadAction\",\"target\":[\"https:\/\/ekco-ci.com\/ecommerce\/produit\/lenovo-ideapad-slim-1-amd-ryzen-3-core-i3-amd-ecran-156-fhd-8-go-ssd-256-go-windows-11\/\"]}]},{\"@type\":\"ImageObject\",\"inLanguage\":\"fr-FR\",\"@id\":\"https:\/\/ekco-ci.com\/ecommerce\/produit\/lenovo-ideapad-slim-1-amd-ryzen-3-core-i3-amd-ecran-156-fhd-8-go-ssd-256-go-windows-11\/#primaryimage\",\"url\":\"https:\/\/ekco-ci.com\/ecommerce\/wp-content\/uploads\/2025\/01\/4-13.jpg\",\"contentUrl\":\"https:\/\/ekco-ci.com\/ecommerce\/wp-content\/uploads\/2025\/01\/4-13.jpg\",\"width\":500,\"height\":500},{\"@type\":\"BreadcrumbList\",\"@id\":\"https:\/\/ekco-ci.com\/ecommerce\/produit\/lenovo-ideapad-slim-1-amd-ryzen-3-core-i3-amd-ecran-156-fhd-8-go-ssd-256-go-windows-11\/#breadcrumb\",\"itemListElement\":[{\"@type\":\"ListItem\",\"position\":1,\"name\":\"Home\",\"item\":\"https:\/\/ekco-ci.com\/ecommerce\/\"},{\"@type\":\"ListItem\",\"position\":2,\"name\":\"Boutique\",\"item\":\"https:\/\/ekco-ci.com\/ecommerce\/boutique\/\"},{\"@type\":\"ListItem\",\"position\":3,\"name\":\"Lenovo IdeaPad Slim 1 &#8211; AMD Ryzen 3( Core I3 AMD) &#8211; Ecran 15,6&#8243; &#8211; FHD 8 Go\/SSD 256 Go &#8211; Windows 11\"}]},{\"@type\":\"WebSite\",\"@id\":\"https:\/\/ekco-ci.com\/ecommerce\/#website\",\"url\":\"https:\/\/ekco-ci.com\/ecommerce\/\",\"name\":\"Ekco Boutique\",\"description\":\"Ekco Boutique! La qualit\u00e9 au c\u0153ur de chaque achat\",\"publisher\":{\"@id\":\"https:\/\/ekco-ci.com\/ecommerce\/#organization\"},\"alternateName\":\"Boutique\",\"potentialAction\":[{\"@type\":\"SearchAction\",\"target\":{\"@type\":\"EntryPoint\",\"urlTemplate\":\"https:\/\/ekco-ci.com\/ecommerce\/?s={search_term_string}\"},\"query-input\":{\"@type\":\"PropertyValueSpecification\",\"valueRequired\":true,\"valueName\":\"search_term_string\"}}],\"inLanguage\":\"fr-FR\"},{\"@type\":\"Organization\",\"@id\":\"https:\/\/ekco-ci.com\/ecommerce\/#organization\",\"name\":\"Ekco Boutique\",\"url\":\"https:\/\/ekco-ci.com\/ecommerce\/\",\"logo\":{\"@type\":\"ImageObject\",\"inLanguage\":\"fr-FR\",\"@id\":\"https:\/\/ekco-ci.com\/ecommerce\/#\/schema\/logo\/image\/\",\"url\":\"https:\/\/ekco-ci.com\/ecommerce\/wp-content\/uploads\/2024\/08\/cropped-lologo.png\",\"contentUrl\":\"https:\/\/ekco-ci.com\/ecommerce\/wp-content\/uploads\/2024\/08\/cropped-lologo.png\",\"width\":512,\"height\":512,\"caption\":\"Ekco Boutique\"},\"image\":{\"@id\":\"https:\/\/ekco-ci.com\/ecommerce\/#\/schema\/logo\/image\/\"}}]}<\/script>\n<!-- \/ Yoast SEO plugin. -->","yoast_head_json":{"title":"Lenovo IdeaPad Slim 1 - AMD Ryzen 3( Core I3 AMD) - Ecran 15,6\" - FHD 8 Go\/SSD 256 Go - Windows 11 - Ekco Boutique","robots":{"index":"index","follow":"follow","max-snippet":"max-snippet:-1","max-image-preview":"max-image-preview:large","max-video-preview":"max-video-preview:-1"},"canonical":"https:\/\/ekco-ci.com\/ecommerce\/produit\/lenovo-ideapad-slim-1-amd-ryzen-3-core-i3-amd-ecran-156-fhd-8-go-ssd-256-go-windows-11\/","og_locale":"fr_FR","og_type":"article","og_title":"Lenovo IdeaPad Slim 1 - AMD Ryzen 3( Core I3 AMD) - Ecran 15,6\" - FHD 8 Go\/SSD 256 Go - Windows 11 - Ekco Boutique","og_description":"Lenovo Ideapad 1 15AMN7 Efficacit\u00e9 et portabilit\u00e9 Surfez et communiquez de n&#8217;importe o\u00f9 avec l\u2019IdeaPad 1 Gen 7 (15&#8243; AMD), [&hellip;]","og_url":"https:\/\/ekco-ci.com\/ecommerce\/produit\/lenovo-ideapad-slim-1-amd-ryzen-3-core-i3-amd-ecran-156-fhd-8-go-ssd-256-go-windows-11\/","og_site_name":"Ekco Boutique","article_modified_time":"2025-01-22T14:37:28+00:00","og_image":[{"width":500,"height":500,"url":"https:\/\/ekco-ci.com\/ecommerce\/wp-content\/uploads\/2025\/01\/4-13.jpg","type":"image\/jpeg"}],"twitter_card":"summary_large_image","twitter_misc":{"Dur\u00e9e de lecture estim\u00e9e":"3 minutes"},"schema":{"@context":"https:\/\/schema.org","@graph":[{"@type":"WebPage","@id":"https:\/\/ekco-ci.com\/ecommerce\/produit\/lenovo-ideapad-slim-1-amd-ryzen-3-core-i3-amd-ecran-156-fhd-8-go-ssd-256-go-windows-11\/","url":"https:\/\/ekco-ci.com\/ecommerce\/produit\/lenovo-ideapad-slim-1-amd-ryzen-3-core-i3-amd-ecran-156-fhd-8-go-ssd-256-go-windows-11\/","name":"Lenovo IdeaPad Slim 1 - AMD Ryzen 3( Core I3 AMD) - Ecran 15,6\" - FHD 8 Go\/SSD 256 Go - Windows 11 - Ekco Boutique","isPartOf":{"@id":"https:\/\/ekco-ci.com\/ecommerce\/#website"},"primaryImageOfPage":{"@id":"https:\/\/ekco-ci.com\/ecommerce\/produit\/lenovo-ideapad-slim-1-amd-ryzen-3-core-i3-amd-ecran-156-fhd-8-go-ssd-256-go-windows-11\/#primaryimage"},"image":{"@id":"https:\/\/ekco-ci.com\/ecommerce\/produit\/lenovo-ideapad-slim-1-amd-ryzen-3-core-i3-amd-ecran-156-fhd-8-go-ssd-256-go-windows-11\/#primaryimage"},"thumbnailUrl":"https:\/\/ekco-ci.com\/ecommerce\/wp-content\/uploads\/2025\/01\/4-13.jpg","datePublished":"2025-01-22T14:37:15+00:00","dateModified":"2025-01-22T14:37:28+00:00","breadcrumb":{"@id":"https:\/\/ekco-ci.com\/ecommerce\/produit\/lenovo-ideapad-slim-1-amd-ryzen-3-core-i3-amd-ecran-156-fhd-8-go-ssd-256-go-windows-11\/#breadcrumb"},"inLanguage":"fr-FR","potentialAction":[{"@type":"ReadAction","target":["https:\/\/ekco-ci.com\/ecommerce\/produit\/lenovo-ideapad-slim-1-amd-ryzen-3-core-i3-amd-ecran-156-fhd-8-go-ssd-256-go-windows-11\/"]}]},{"@type":"ImageObject","inLanguage":"fr-FR","@id":"https:\/\/ekco-ci.com\/ecommerce\/produit\/lenovo-ideapad-slim-1-amd-ryzen-3-core-i3-amd-ecran-156-fhd-8-go-ssd-256-go-windows-11\/#primaryimage","url":"https:\/\/ekco-ci.com\/ecommerce\/wp-content\/uploads\/2025\/01\/4-13.jpg","contentUrl":"https:\/\/ekco-ci.com\/ecommerce\/wp-content\/uploads\/2025\/01\/4-13.jpg","width":500,"height":500},{"@type":"BreadcrumbList","@id":"https:\/\/ekco-ci.com\/ecommerce\/produit\/lenovo-ideapad-slim-1-amd-ryzen-3-core-i3-amd-ecran-156-fhd-8-go-ssd-256-go-windows-11\/#breadcrumb","itemListElement":[{"@type":"ListItem","position":1,"name":"Home","item":"https:\/\/ekco-ci.com\/ecommerce\/"},{"@type":"ListItem","position":2,"name":"Boutique","item":"https:\/\/ekco-ci.com\/ecommerce\/boutique\/"},{"@type":"ListItem","position":3,"name":"Lenovo IdeaPad Slim 1 &#8211; AMD Ryzen 3( Core I3 AMD) &#8211; Ecran 15,6&#8243; &#8211; FHD 8 Go\/SSD 256 Go &#8211; Windows 11"}]},{"@type":"WebSite","@id":"https:\/\/ekco-ci.com\/ecommerce\/#website","url":"https:\/\/ekco-ci.com\/ecommerce\/","name":"Ekco Boutique","description":"Ekco Boutique! La qualit\u00e9 au c\u0153ur de chaque achat","publisher":{"@id":"https:\/\/ekco-ci.com\/ecommerce\/#organization"},"alternateName":"Boutique","potentialAction":[{"@type":"SearchAction","target":{"@type":"EntryPoint","urlTemplate":"https:\/\/ekco-ci.com\/ecommerce\/?s={search_term_string}"},"query-input":{"@type":"PropertyValueSpecification","valueRequired":true,"valueName":"search_term_string"}}],"inLanguage":"fr-FR"},{"@type":"Organization","@id":"https:\/\/ekco-ci.com\/ecommerce\/#organization","name":"Ekco Boutique","url":"https:\/\/ekco-ci.com\/ecommerce\/","logo":{"@type":"ImageObject","inLanguage":"fr-FR","@id":"https:\/\/ekco-ci.com\/ecommerce\/#\/schema\/logo\/image\/","url":"https:\/\/ekco-ci.com\/ecommerce\/wp-content\/uploads\/2024\/08\/cropped-lologo.png","contentUrl":"https:\/\/ekco-ci.com\/ecommerce\/wp-content\/uploads\/2024\/08\/cropped-lologo.png","width":512,"height":512,"caption":"Ekco Boutique"},"image":{"@id":"https:\/\/ekco-ci.com\/ecommerce\/#\/schema\/logo\/image\/"}}]}},"uagb_featured_image_src":{"full":["https:\/\/ekco-ci.com\/ecommerce\/wp-content\/uploads\/2025\/01\/4-13.jpg",500,500,false],"thumbnail":["https:\/\/ekco-ci.com\/ecommerce\/wp-content\/uploads\/2025\/01\/4-13-150x150.jpg",150,150,true],"medium":["https:\/\/ekco-ci.com\/ecommerce\/wp-content\/uploads\/2025\/01\/4-13-300x300.jpg",300,300,true],"medium_large":["https:\/\/ekco-ci.com\/ecommerce\/wp-content\/uploads\/2025\/01\/4-13.jpg",500,500,false],"large":["https:\/\/ekco-ci.com\/ecommerce\/wp-content\/uploads\/2025\/01\/4-13.jpg",500,500,false],"1536x1536":["https:\/\/ekco-ci.com\/ecommerce\/wp-content\/uploads\/2025\/01\/4-13.jpg",500,500,false],"2048x2048":["https:\/\/ekco-ci.com\/ecommerce\/wp-content\/uploads\/2025\/01\/4-13.jpg",500,500,false],"cfw_cart_thumb":["https:\/\/ekco-ci.com\/ecommerce\/wp-content\/uploads\/2025\/01\/4-13-60x60.jpg",60,60,true],"cfw_order_bump_thumb":["https:\/\/ekco-ci.com\/ecommerce\/wp-content\/uploads\/2025\/01\/4-13.jpg",320,320,false],"woocommerce_thumbnail":["https:\/\/ekco-ci.com\/ecommerce\/wp-content\/uploads\/2025\/01\/4-13-300x225.jpg",300,225,true],"woocommerce_single":["https:\/\/ekco-ci.com\/ecommerce\/wp-content\/uploads\/2025\/01\/4-13.jpg",500,500,false],"woocommerce_gallery_thumbnail":["https:\/\/ekco-ci.com\/ecommerce\/wp-content\/uploads\/2025\/01\/4-13-100x100.jpg",100,100,true]},"uagb_author_info":{"display_name":"Christabelle Moulo","author_link":"https:\/\/ekco-ci.com\/ecommerce\/author\/"},"uagb_comment_info":0,"uagb_excerpt":"Lenovo Ideapad 1 15AMN7 Efficacit\u00e9 et portabilit\u00e9 Surfez et communiquez de n&#8217;importe o\u00f9 avec l\u2019IdeaPad 1 Gen 7 (15&#8243; AMD), [&hellip;]","_links":{"self":[{"href":"https:\/\/ekco-ci.com\/ecommerce\/wp-json\/wp\/v2\/product\/11571","targetHints":{"allow":["GET"]}}],"collection":[{"href":"https:\/\/ekco-ci.com\/ecommerce\/wp-json\/wp\/v2\/product"}],"about":[{"href":"https:\/\/ekco-ci.com\/ecommerce\/wp-json\/wp\/v2\/types\/product"}],"replies":[{"embeddable":true,"href":"https:\/\/ekco-ci.com\/ecommerce\/wp-json\/wp\/v2\/comments?post=11571"}],"wp:featuredmedia":[{"embeddable":true,"href":"https:\/\/ekco-ci.com\/ecommerce\/wp-json\/wp\/v2\/media\/11572"}],"wp:attachment":[{"href":"https:\/\/ekco-ci.com\/ecommerce\/wp-json\/wp\/v2\/media?parent=11571"}],"wp:term":[{"taxonomy":"product_brand","embeddable":true,"href":"https:\/\/ekco-ci.com\/ecommerce\/wp-json\/wp\/v2\/product_brand?post=11571"},{"taxonomy":"product_cat","embeddable":true,"href":"https:\/\/ekco-ci.com\/ecommerce\/wp-json\/wp\/v2\/product_cat?post=11571"},{"taxonomy":"product_tag","embeddable":true,"href":"https:\/\/ekco-ci.com\/ecommerce\/wp-json\/wp\/v2\/product_tag?post=11571"}],"curies":[{"name":"wp","href":"https:\/\/api.w.org\/{rel}","templated":true}]}}