{"id":11526,"date":"2025-01-16T16:48:27","date_gmt":"2025-01-16T16:48:27","guid":{"rendered":"https:\/\/ekco-ci.com\/ecommerce\/?post_type=product&#038;p=11526"},"modified":"2025-01-16T16:48:30","modified_gmt":"2025-01-16T16:48:30","slug":"kit-de-reparation-de-pare-brise-polissage-de-reparation-de-vitres-de-voiture","status":"publish","type":"product","link":"https:\/\/ekco-ci.com\/ecommerce\/produit\/kit-de-reparation-de-pare-brise-polissage-de-reparation-de-vitres-de-voiture\/","title":{"rendered":"Kit De R\u00e9paration De Pare-brise Polissage De R\u00e9paration De Vitres De Voiture"},"content":{"rendered":"<p><b>Caract\u00e9ristiques:<\/b><\/p>\n<p>* Kit de r\u00e9sine de r\u00e9paration de verre de fen\u00eatre de pare-brise de voiture Kit d&#8217;outils de verre automatique<\/p>\n<p>* 100% tout neuf et de haute qualit\u00e9<\/p>\n<p>* Il vous permet de gu\u00e9rir et de r\u00e9parer diff\u00e9rents types de dommages caus\u00e9s par les accidents de la circulation, les impacts, les collisions, les coups<\/p>\n<p>* Haute r\u00e9sistance \u00e0 la r\u00e9paration, transparent et non jaune, pas de fissuration secondaire<\/p>\n<p>* Cela vous fera \u00e9conomiser beaucoup de temps et de co\u00fbts pour acheter un nouveau morceau de verre<\/p>\n<p>* Se combine avec une lampe \u00e0 polym\u00e9riser pour obtenir de meilleurs effets de r\u00e9paration<\/p>\n<p>* Kit d&#8217;outils de r\u00e9paration de verre de voiture pratique pour tous les propri\u00e9taires de voitures avis\u00e9s<\/p>\n<p>* Facile \u00e0 utiliser et \u00e0 utiliser, facile \u00e0 transporter et \u00e0 stocker<\/p>\n<p><b>Caract\u00e9ristiques:<\/b><\/p>\n<p>* Quantit\u00e9:\u00a0<b>1 ensemble (5 pi\u00e8ces)<\/b><\/p>\n<p>* Couleur: comme le montrent les images<\/p>\n<p>* Mat\u00e9riel: colle de r\u00e9sine<\/p>\n<p><b>Remarque:<\/b><\/p>\n<p>1. La couleur r\u00e9elle de l&#8217;article peut \u00eatre l\u00e9g\u00e8rement diff\u00e9rente des images affich\u00e9es sur le site web en raison de nombreux facteurs tels que la luminosit\u00e9 de votre moniteur et la luminosit\u00e9 de la lumi\u00e8re.<\/p>\n<p>2. Veuillez permettre un l\u00e9ger \u00e9cart de mesure manuel pour les donn\u00e9es.<\/p>\n<p>Par ailleurs, si vous aimez notre magasin, veuillez ajouter notre magasin \u00e0 votreMagasins pr\u00e9f\u00e9r\u00e9s, Vous pouvez obtenir nos informations de nouveaut\u00e9 et de r\u00e9duction \u00e0 temps.<\/p>\n<p><img decoding=\"async\" class=\"detail-desc-decorate-image\" src=\"https:\/\/ci.jumia.is\/cms\/external\/pet\/GE070OP1DZKRPNAFAMZ\/9da38bcbcbb6ec066ae815c9a2f72b25.jpg\" alt=\"image\" data-src=\"https:\/\/ci.jumia.is\/cms\/external\/pet\/GE070OP1DZKRPNAFAMZ\/9da38bcbcbb6ec066ae815c9a2f72b25.jpg\" \/><img decoding=\"async\" class=\"detail-desc-decorate-image\" src=\"https:\/\/ci.jumia.is\/cms\/external\/pet\/GE070OP1DZKRPNAFAMZ\/d8f637c4de9ac1d9366311abb9994630.jpg\" alt=\"image\" data-src=\"https:\/\/ci.jumia.is\/cms\/external\/pet\/GE070OP1DZKRPNAFAMZ\/d8f637c4de9ac1d9366311abb9994630.jpg\" \/><img decoding=\"async\" class=\"detail-desc-decorate-image\" src=\"https:\/\/ci.jumia.is\/cms\/external\/pet\/GE070OP1DZKRPNAFAMZ\/bb6af870a0b2c971a84f9e53e1de7469.jpg\" alt=\"image\" data-src=\"https:\/\/ci.jumia.is\/cms\/external\/pet\/GE070OP1DZKRPNAFAMZ\/bb6af870a0b2c971a84f9e53e1de7469.jpg\" \/><img decoding=\"async\" class=\"detail-desc-decorate-image\" src=\"https:\/\/ci.jumia.is\/cms\/external\/pet\/GE070OP1DZKRPNAFAMZ\/247813be4068b34b39d7c4f512ca2e15.jpg\" alt=\"image\" data-src=\"https:\/\/ci.jumia.is\/cms\/external\/pet\/GE070OP1DZKRPNAFAMZ\/247813be4068b34b39d7c4f512ca2e15.jpg\" \/><img decoding=\"async\" class=\"detail-desc-decorate-image\" src=\"https:\/\/ci.jumia.is\/cms\/external\/pet\/GE070OP1DZKRPNAFAMZ\/9999deee5abc6965af9607a0004f361e.jpg\" alt=\"image\" data-src=\"https:\/\/ci.jumia.is\/cms\/external\/pet\/GE070OP1DZKRPNAFAMZ\/9999deee5abc6965af9607a0004f361e.jpg\" \/><img decoding=\"async\" class=\"detail-desc-decorate-image\" src=\"https:\/\/ci.jumia.is\/cms\/external\/pet\/GE070OP1DZKRPNAFAMZ\/f0a18b14a4e7640788a6d3510ef47a18.jpg\" alt=\"image\" data-src=\"https:\/\/ci.jumia.is\/cms\/external\/pet\/GE070OP1DZKRPNAFAMZ\/f0a18b14a4e7640788a6d3510ef47a18.jpg\" \/><\/p>\n","protected":false},"excerpt":{"rendered":"<p>Caract\u00e9ristiques: * Kit de r\u00e9sine de r\u00e9paration de verre de fen\u00eatre de pare-brise de voiture Kit d&#8217;outils de verre automatique [&hellip;]<\/p>\n","protected":false},"featured_media":11527,"comment_status":"open","ping_status":"closed","template":"","meta":{"_uag_custom_page_level_css":"","site-sidebar-layout":"default","site-content-layout":"","ast-site-content-layout":"default","site-content-style":"default","site-sidebar-style":"default","ast-global-header-display":"","ast-banner-title-visibility":"","ast-main-header-display":"","ast-hfb-above-header-display":"","ast-hfb-below-header-display":"","ast-hfb-mobile-header-display":"","site-post-title":"","ast-breadcrumbs-content":"","ast-featured-img":"","footer-sml-layout":"","ast-disable-related-posts":"","theme-transparent-header-meta":"default","adv-header-id-meta":"","stick-header-meta":"","header-above-stick-meta":"","header-main-stick-meta":"","header-below-stick-meta":"","astra-migrate-meta-layouts":"set","ast-page-background-enabled":"default","ast-page-background-meta":{"desktop":{"background-color":"var(--ast-global-color-4)","background-image":"","background-repeat":"repeat","background-position":"center center","background-size":"auto","background-attachment":"scroll","background-type":"","background-media":"","overlay-type":"","overlay-color":"","overlay-opacity":"","overlay-gradient":""},"tablet":{"background-color":"","background-image":"","background-repeat":"repeat","background-position":"center center","background-size":"auto","background-attachment":"scroll","background-type":"","background-media":"","overlay-type":"","overlay-color":"","overlay-opacity":"","overlay-gradient":""},"mobile":{"background-color":"","background-image":"","background-repeat":"repeat","background-position":"center center","background-size":"auto","background-attachment":"scroll","background-type":"","background-media":"","overlay-type":"","overlay-color":"","overlay-opacity":"","overlay-gradient":""}},"ast-content-background-meta":{"desktop":{"background-color":"var(--ast-global-color-5)","background-image":"","background-repeat":"repeat","background-position":"center center","background-size":"auto","background-attachment":"scroll","background-type":"","background-media":"","overlay-type":"","overlay-color":"","overlay-opacity":"","overlay-gradient":""},"tablet":{"background-color":"var(--ast-global-color-5)","background-image":"","background-repeat":"repeat","background-position":"center center","background-size":"auto","background-attachment":"scroll","background-type":"","background-media":"","overlay-type":"","overlay-color":"","overlay-opacity":"","overlay-gradient":""},"mobile":{"background-color":"var(--ast-global-color-5)","background-image":"","background-repeat":"repeat","background-position":"center center","background-size":"auto","background-attachment":"scroll","background-type":"","background-media":"","overlay-type":"","overlay-color":"","overlay-opacity":"","overlay-gradient":""}}},"product_brand":[],"product_cat":[1191,1196,1322,240],"product_tag":[],"class_list":{"0":"post-11526","1":"product","2":"type-product","3":"status-publish","4":"has-post-thumbnail","6":"product_cat-entretien-auto-moto","7":"product_cat-entretien-exterieurs","8":"product_cat-lustrages-et-cires-pour-voitures","9":"product_cat-voiture","10":"desktop-align-left","11":"tablet-align-left","12":"mobile-align-left","14":"first","15":"instock","16":"sale","17":"shipping-taxable","18":"purchasable","19":"product-type-simple"},"yoast_head":"<!-- This site is optimized with the Yoast SEO plugin v26.8 - https:\/\/yoast.com\/product\/yoast-seo-wordpress\/ -->\n<title>Kit De R\u00e9paration De Pare-brise Polissage De R\u00e9paration De Vitres De Voiture - Ekco Boutique<\/title>\n<meta name=\"robots\" content=\"index, follow, max-snippet:-1, max-image-preview:large, max-video-preview:-1\" \/>\n<link rel=\"canonical\" href=\"https:\/\/ekco-ci.com\/ecommerce\/produit\/kit-de-reparation-de-pare-brise-polissage-de-reparation-de-vitres-de-voiture\/\" \/>\n<meta property=\"og:locale\" content=\"fr_FR\" \/>\n<meta property=\"og:type\" content=\"article\" \/>\n<meta property=\"og:title\" content=\"Kit De R\u00e9paration De Pare-brise Polissage De R\u00e9paration De Vitres De Voiture - Ekco Boutique\" \/>\n<meta property=\"og:description\" content=\"Caract\u00e9ristiques: * Kit de r\u00e9sine de r\u00e9paration de verre de fen\u00eatre de pare-brise de voiture Kit d&#8217;outils de verre automatique [&hellip;]\" \/>\n<meta property=\"og:url\" content=\"https:\/\/ekco-ci.com\/ecommerce\/produit\/kit-de-reparation-de-pare-brise-polissage-de-reparation-de-vitres-de-voiture\/\" \/>\n<meta property=\"og:site_name\" content=\"Ekco Boutique\" \/>\n<meta property=\"article:modified_time\" content=\"2025-01-16T16:48:30+00:00\" \/>\n<meta property=\"og:image\" content=\"https:\/\/ekco-ci.com\/ecommerce\/wp-content\/uploads\/2025\/01\/5-6-1.jpg\" \/>\n\t<meta property=\"og:image:width\" content=\"500\" \/>\n\t<meta property=\"og:image:height\" content=\"500\" \/>\n\t<meta property=\"og:image:type\" content=\"image\/jpeg\" \/>\n<meta name=\"twitter:card\" content=\"summary_large_image\" \/>\n<meta name=\"twitter:label1\" content=\"Dur\u00e9e de lecture estim\u00e9e\" \/>\n\t<meta name=\"twitter:data1\" content=\"3 minutes\" \/>\n<script type=\"application\/ld+json\" class=\"yoast-schema-graph\">{\"@context\":\"https:\/\/schema.org\",\"@graph\":[{\"@type\":\"WebPage\",\"@id\":\"https:\/\/ekco-ci.com\/ecommerce\/produit\/kit-de-reparation-de-pare-brise-polissage-de-reparation-de-vitres-de-voiture\/\",\"url\":\"https:\/\/ekco-ci.com\/ecommerce\/produit\/kit-de-reparation-de-pare-brise-polissage-de-reparation-de-vitres-de-voiture\/\",\"name\":\"Kit De R\u00e9paration De Pare-brise Polissage De R\u00e9paration De Vitres De Voiture - Ekco Boutique\",\"isPartOf\":{\"@id\":\"https:\/\/ekco-ci.com\/ecommerce\/#website\"},\"primaryImageOfPage\":{\"@id\":\"https:\/\/ekco-ci.com\/ecommerce\/produit\/kit-de-reparation-de-pare-brise-polissage-de-reparation-de-vitres-de-voiture\/#primaryimage\"},\"image\":{\"@id\":\"https:\/\/ekco-ci.com\/ecommerce\/produit\/kit-de-reparation-de-pare-brise-polissage-de-reparation-de-vitres-de-voiture\/#primaryimage\"},\"thumbnailUrl\":\"https:\/\/ekco-ci.com\/ecommerce\/wp-content\/uploads\/2025\/01\/5-6-1.jpg\",\"datePublished\":\"2025-01-16T16:48:27+00:00\",\"dateModified\":\"2025-01-16T16:48:30+00:00\",\"breadcrumb\":{\"@id\":\"https:\/\/ekco-ci.com\/ecommerce\/produit\/kit-de-reparation-de-pare-brise-polissage-de-reparation-de-vitres-de-voiture\/#breadcrumb\"},\"inLanguage\":\"fr-FR\",\"potentialAction\":[{\"@type\":\"ReadAction\",\"target\":[\"https:\/\/ekco-ci.com\/ecommerce\/produit\/kit-de-reparation-de-pare-brise-polissage-de-reparation-de-vitres-de-voiture\/\"]}]},{\"@type\":\"ImageObject\",\"inLanguage\":\"fr-FR\",\"@id\":\"https:\/\/ekco-ci.com\/ecommerce\/produit\/kit-de-reparation-de-pare-brise-polissage-de-reparation-de-vitres-de-voiture\/#primaryimage\",\"url\":\"https:\/\/ekco-ci.com\/ecommerce\/wp-content\/uploads\/2025\/01\/5-6-1.jpg\",\"contentUrl\":\"https:\/\/ekco-ci.com\/ecommerce\/wp-content\/uploads\/2025\/01\/5-6-1.jpg\",\"width\":500,\"height\":500},{\"@type\":\"BreadcrumbList\",\"@id\":\"https:\/\/ekco-ci.com\/ecommerce\/produit\/kit-de-reparation-de-pare-brise-polissage-de-reparation-de-vitres-de-voiture\/#breadcrumb\",\"itemListElement\":[{\"@type\":\"ListItem\",\"position\":1,\"name\":\"Home\",\"item\":\"https:\/\/ekco-ci.com\/ecommerce\/\"},{\"@type\":\"ListItem\",\"position\":2,\"name\":\"Boutique\",\"item\":\"https:\/\/ekco-ci.com\/ecommerce\/boutique\/\"},{\"@type\":\"ListItem\",\"position\":3,\"name\":\"Kit De R\u00e9paration De Pare-brise Polissage De R\u00e9paration De Vitres De Voiture\"}]},{\"@type\":\"WebSite\",\"@id\":\"https:\/\/ekco-ci.com\/ecommerce\/#website\",\"url\":\"https:\/\/ekco-ci.com\/ecommerce\/\",\"name\":\"Ekco Boutique\",\"description\":\"Ekco Boutique! La qualit\u00e9 au c\u0153ur de chaque achat\",\"publisher\":{\"@id\":\"https:\/\/ekco-ci.com\/ecommerce\/#organization\"},\"alternateName\":\"Boutique\",\"potentialAction\":[{\"@type\":\"SearchAction\",\"target\":{\"@type\":\"EntryPoint\",\"urlTemplate\":\"https:\/\/ekco-ci.com\/ecommerce\/?s={search_term_string}\"},\"query-input\":{\"@type\":\"PropertyValueSpecification\",\"valueRequired\":true,\"valueName\":\"search_term_string\"}}],\"inLanguage\":\"fr-FR\"},{\"@type\":\"Organization\",\"@id\":\"https:\/\/ekco-ci.com\/ecommerce\/#organization\",\"name\":\"Ekco Boutique\",\"url\":\"https:\/\/ekco-ci.com\/ecommerce\/\",\"logo\":{\"@type\":\"ImageObject\",\"inLanguage\":\"fr-FR\",\"@id\":\"https:\/\/ekco-ci.com\/ecommerce\/#\/schema\/logo\/image\/\",\"url\":\"https:\/\/ekco-ci.com\/ecommerce\/wp-content\/uploads\/2024\/08\/cropped-lologo.png\",\"contentUrl\":\"https:\/\/ekco-ci.com\/ecommerce\/wp-content\/uploads\/2024\/08\/cropped-lologo.png\",\"width\":512,\"height\":512,\"caption\":\"Ekco Boutique\"},\"image\":{\"@id\":\"https:\/\/ekco-ci.com\/ecommerce\/#\/schema\/logo\/image\/\"}}]}<\/script>\n<!-- \/ Yoast SEO plugin. -->","yoast_head_json":{"title":"Kit De R\u00e9paration De Pare-brise Polissage De R\u00e9paration De Vitres De Voiture - Ekco Boutique","robots":{"index":"index","follow":"follow","max-snippet":"max-snippet:-1","max-image-preview":"max-image-preview:large","max-video-preview":"max-video-preview:-1"},"canonical":"https:\/\/ekco-ci.com\/ecommerce\/produit\/kit-de-reparation-de-pare-brise-polissage-de-reparation-de-vitres-de-voiture\/","og_locale":"fr_FR","og_type":"article","og_title":"Kit De R\u00e9paration De Pare-brise Polissage De R\u00e9paration De Vitres De Voiture - Ekco Boutique","og_description":"Caract\u00e9ristiques: * Kit de r\u00e9sine de r\u00e9paration de verre de fen\u00eatre de pare-brise de voiture Kit d&#8217;outils de verre automatique [&hellip;]","og_url":"https:\/\/ekco-ci.com\/ecommerce\/produit\/kit-de-reparation-de-pare-brise-polissage-de-reparation-de-vitres-de-voiture\/","og_site_name":"Ekco Boutique","article_modified_time":"2025-01-16T16:48:30+00:00","og_image":[{"width":500,"height":500,"url":"https:\/\/ekco-ci.com\/ecommerce\/wp-content\/uploads\/2025\/01\/5-6-1.jpg","type":"image\/jpeg"}],"twitter_card":"summary_large_image","twitter_misc":{"Dur\u00e9e de lecture estim\u00e9e":"3 minutes"},"schema":{"@context":"https:\/\/schema.org","@graph":[{"@type":"WebPage","@id":"https:\/\/ekco-ci.com\/ecommerce\/produit\/kit-de-reparation-de-pare-brise-polissage-de-reparation-de-vitres-de-voiture\/","url":"https:\/\/ekco-ci.com\/ecommerce\/produit\/kit-de-reparation-de-pare-brise-polissage-de-reparation-de-vitres-de-voiture\/","name":"Kit De R\u00e9paration De Pare-brise Polissage De R\u00e9paration De Vitres De Voiture - Ekco Boutique","isPartOf":{"@id":"https:\/\/ekco-ci.com\/ecommerce\/#website"},"primaryImageOfPage":{"@id":"https:\/\/ekco-ci.com\/ecommerce\/produit\/kit-de-reparation-de-pare-brise-polissage-de-reparation-de-vitres-de-voiture\/#primaryimage"},"image":{"@id":"https:\/\/ekco-ci.com\/ecommerce\/produit\/kit-de-reparation-de-pare-brise-polissage-de-reparation-de-vitres-de-voiture\/#primaryimage"},"thumbnailUrl":"https:\/\/ekco-ci.com\/ecommerce\/wp-content\/uploads\/2025\/01\/5-6-1.jpg","datePublished":"2025-01-16T16:48:27+00:00","dateModified":"2025-01-16T16:48:30+00:00","breadcrumb":{"@id":"https:\/\/ekco-ci.com\/ecommerce\/produit\/kit-de-reparation-de-pare-brise-polissage-de-reparation-de-vitres-de-voiture\/#breadcrumb"},"inLanguage":"fr-FR","potentialAction":[{"@type":"ReadAction","target":["https:\/\/ekco-ci.com\/ecommerce\/produit\/kit-de-reparation-de-pare-brise-polissage-de-reparation-de-vitres-de-voiture\/"]}]},{"@type":"ImageObject","inLanguage":"fr-FR","@id":"https:\/\/ekco-ci.com\/ecommerce\/produit\/kit-de-reparation-de-pare-brise-polissage-de-reparation-de-vitres-de-voiture\/#primaryimage","url":"https:\/\/ekco-ci.com\/ecommerce\/wp-content\/uploads\/2025\/01\/5-6-1.jpg","contentUrl":"https:\/\/ekco-ci.com\/ecommerce\/wp-content\/uploads\/2025\/01\/5-6-1.jpg","width":500,"height":500},{"@type":"BreadcrumbList","@id":"https:\/\/ekco-ci.com\/ecommerce\/produit\/kit-de-reparation-de-pare-brise-polissage-de-reparation-de-vitres-de-voiture\/#breadcrumb","itemListElement":[{"@type":"ListItem","position":1,"name":"Home","item":"https:\/\/ekco-ci.com\/ecommerce\/"},{"@type":"ListItem","position":2,"name":"Boutique","item":"https:\/\/ekco-ci.com\/ecommerce\/boutique\/"},{"@type":"ListItem","position":3,"name":"Kit De R\u00e9paration De Pare-brise Polissage De R\u00e9paration De Vitres De Voiture"}]},{"@type":"WebSite","@id":"https:\/\/ekco-ci.com\/ecommerce\/#website","url":"https:\/\/ekco-ci.com\/ecommerce\/","name":"Ekco Boutique","description":"Ekco Boutique! La qualit\u00e9 au c\u0153ur de chaque achat","publisher":{"@id":"https:\/\/ekco-ci.com\/ecommerce\/#organization"},"alternateName":"Boutique","potentialAction":[{"@type":"SearchAction","target":{"@type":"EntryPoint","urlTemplate":"https:\/\/ekco-ci.com\/ecommerce\/?s={search_term_string}"},"query-input":{"@type":"PropertyValueSpecification","valueRequired":true,"valueName":"search_term_string"}}],"inLanguage":"fr-FR"},{"@type":"Organization","@id":"https:\/\/ekco-ci.com\/ecommerce\/#organization","name":"Ekco Boutique","url":"https:\/\/ekco-ci.com\/ecommerce\/","logo":{"@type":"ImageObject","inLanguage":"fr-FR","@id":"https:\/\/ekco-ci.com\/ecommerce\/#\/schema\/logo\/image\/","url":"https:\/\/ekco-ci.com\/ecommerce\/wp-content\/uploads\/2024\/08\/cropped-lologo.png","contentUrl":"https:\/\/ekco-ci.com\/ecommerce\/wp-content\/uploads\/2024\/08\/cropped-lologo.png","width":512,"height":512,"caption":"Ekco Boutique"},"image":{"@id":"https:\/\/ekco-ci.com\/ecommerce\/#\/schema\/logo\/image\/"}}]}},"uagb_featured_image_src":{"full":["https:\/\/ekco-ci.com\/ecommerce\/wp-content\/uploads\/2025\/01\/5-6-1.jpg",500,500,false],"thumbnail":["https:\/\/ekco-ci.com\/ecommerce\/wp-content\/uploads\/2025\/01\/5-6-1-150x150.jpg",150,150,true],"medium":["https:\/\/ekco-ci.com\/ecommerce\/wp-content\/uploads\/2025\/01\/5-6-1-300x300.jpg",300,300,true],"medium_large":["https:\/\/ekco-ci.com\/ecommerce\/wp-content\/uploads\/2025\/01\/5-6-1.jpg",500,500,false],"large":["https:\/\/ekco-ci.com\/ecommerce\/wp-content\/uploads\/2025\/01\/5-6-1.jpg",500,500,false],"1536x1536":["https:\/\/ekco-ci.com\/ecommerce\/wp-content\/uploads\/2025\/01\/5-6-1.jpg",500,500,false],"2048x2048":["https:\/\/ekco-ci.com\/ecommerce\/wp-content\/uploads\/2025\/01\/5-6-1.jpg",500,500,false],"cfw_cart_thumb":["https:\/\/ekco-ci.com\/ecommerce\/wp-content\/uploads\/2025\/01\/5-6-1-60x60.jpg",60,60,true],"cfw_order_bump_thumb":["https:\/\/ekco-ci.com\/ecommerce\/wp-content\/uploads\/2025\/01\/5-6-1.jpg",320,320,false],"woocommerce_thumbnail":["https:\/\/ekco-ci.com\/ecommerce\/wp-content\/uploads\/2025\/01\/5-6-1-300x225.jpg",300,225,true],"woocommerce_single":["https:\/\/ekco-ci.com\/ecommerce\/wp-content\/uploads\/2025\/01\/5-6-1.jpg",500,500,false],"woocommerce_gallery_thumbnail":["https:\/\/ekco-ci.com\/ecommerce\/wp-content\/uploads\/2025\/01\/5-6-1-100x100.jpg",100,100,true]},"uagb_author_info":{"display_name":"Christabelle Moulo","author_link":"https:\/\/ekco-ci.com\/ecommerce\/author\/"},"uagb_comment_info":0,"uagb_excerpt":"Caract\u00e9ristiques: * Kit de r\u00e9sine de r\u00e9paration de verre de fen\u00eatre de pare-brise de voiture Kit d&#8217;outils de verre automatique [&hellip;]","_links":{"self":[{"href":"https:\/\/ekco-ci.com\/ecommerce\/wp-json\/wp\/v2\/product\/11526","targetHints":{"allow":["GET"]}}],"collection":[{"href":"https:\/\/ekco-ci.com\/ecommerce\/wp-json\/wp\/v2\/product"}],"about":[{"href":"https:\/\/ekco-ci.com\/ecommerce\/wp-json\/wp\/v2\/types\/product"}],"replies":[{"embeddable":true,"href":"https:\/\/ekco-ci.com\/ecommerce\/wp-json\/wp\/v2\/comments?post=11526"}],"wp:featuredmedia":[{"embeddable":true,"href":"https:\/\/ekco-ci.com\/ecommerce\/wp-json\/wp\/v2\/media\/11527"}],"wp:attachment":[{"href":"https:\/\/ekco-ci.com\/ecommerce\/wp-json\/wp\/v2\/media?parent=11526"}],"wp:term":[{"taxonomy":"product_brand","embeddable":true,"href":"https:\/\/ekco-ci.com\/ecommerce\/wp-json\/wp\/v2\/product_brand?post=11526"},{"taxonomy":"product_cat","embeddable":true,"href":"https:\/\/ekco-ci.com\/ecommerce\/wp-json\/wp\/v2\/product_cat?post=11526"},{"taxonomy":"product_tag","embeddable":true,"href":"https:\/\/ekco-ci.com\/ecommerce\/wp-json\/wp\/v2\/product_tag?post=11526"}],"curies":[{"name":"wp","href":"https:\/\/api.w.org\/{rel}","templated":true}]}}