{"id":11327,"date":"2025-01-11T10:49:41","date_gmt":"2025-01-11T10:49:41","guid":{"rendered":"https:\/\/ekco-ci.com\/ecommerce\/?post_type=product&#038;p=11327"},"modified":"2025-01-11T10:49:43","modified_gmt":"2025-01-11T10:49:43","slug":"veste-slim-homme","status":"publish","type":"product","link":"https:\/\/ekco-ci.com\/ecommerce\/produit\/veste-slim-homme\/","title":{"rendered":"Veste Slim Homme"},"content":{"rendered":"<p style=\"text-align: center\">Lavage en<br \/>\nmachine<\/p>\n<p style=\"text-align: center\">\u00b7\u00a0\u00a0<b>Mat\u00e9riel:<br \/>\nCoton Polyester M\u00e9lang\u00e9<\/b><\/p>\n<p>&nbsp;<\/p>\n<p>\u00b7\u00a0 Haut: revers<br \/>\ncrant\u00e9, 4 boutons sur les manches, 2 poches \u00e0 rabat, 1 poches poitrine avec 1<br \/>\npoche int\u00e9rieure<\/p>\n<p>&nbsp;<\/p>\n<p>\u00b7\u00a0 : F\u00eate, dates,<br \/>\nmariage, affaires, quotidien, f\u00eate de remise des dipl\u00f4mes, bal, etc.<\/p>\n<p>&nbsp;<\/p>\n<p>\u00b7\u00a0 Lavable en<br \/>\nmachine, laver s\u00e9par\u00e9ment ou avec des couleurs similaires \u00e0 l&#8217;eau froide.<\/p>\n<p>&nbsp;<\/p>\n<p>\u00b7\u00a0 Paquet: 1<br \/>\npi\u00e8ce veste<\/p>\n<p>&nbsp;<\/p>\n<p>\u00b7\u00a0 Taille: S, M,<br \/>\nL<\/p>\n<p>&nbsp;<\/p>\n<p>\u00b7\u00a0 Taille S = EU<br \/>\n48 = UK \/ US 38: poitrine = 92cm \/ 35.9in taille = 80cm \/ 31.2in &#8221;<\/p>\n<p>&nbsp;<\/p>\n<p>\u00b7\u00a0 Taille M = EU<br \/>\n50 = UK \/ US 40: poitrine = 96cm \/ 37.5in taille = 84cm \/ 32.8in &#8221;<\/p>\n<p>&nbsp;<\/p>\n<p>\u00b7\u00a0 Taille L = EU<br \/>\n52 = UK \/ US 42: poitrine = 100cm \/ 39in taille = 88cm \/ 34.4in &#8221;<\/p>\n<p>&nbsp;<\/p>\n<p>\u00b7<b>\u00a0 Remarque:\u00a0<\/b>\u00e0<br \/>\npropos des diff\u00e9rences de couleur<\/p>\n<p>&nbsp;<\/p>\n<p>\u00b7\u00a0 1.En raison de<br \/>\nla\u00a0<b>photographie\u00a0<\/b>et des diff\u00e9rences in\u00e9vitables dans les param\u00e8tres du moniteur,<br \/>\nles couleurs affich\u00e9es peuvent ne pas \u00eatre \u00e0 100% les m\u00eames avec les \u00e9l\u00e9ments<br \/>\nr\u00e9els<\/p>\n<p>&nbsp;<\/p>\n<p>\u00b7\u00a0 2. veuillez<br \/>\npermettre des erreurs de mesure de 1 \u00e0 3 cm.<\/p>\n<p>&nbsp;<\/p>\n<p>\u00b7\u00a0 3: Nous nous<br \/>\nengageons \u00e0 fournir \u00e0 chaque client la qualit\u00e9 de service client\u00e8le la plus<br \/>\n\u00e9lev\u00e9e possible. Si vous avez des questions sur un produit ou une commande,<br \/>\nn&#8217;h\u00e9sitez pas \u00e0.<\/p>\n<p>&nbsp;<\/p>\n<p>\u00b7\u00a0 4.Quelques<br \/>\nbalises? Le num\u00e9ro de taille UK \/ US peut \u00eatre diff\u00e9rent de notre \u00e9tiquette?<br \/>\ntaille \/ taille EUR, veuillez prendre notre tableau des tailles comme r\u00e9f\u00e9rence<br \/>\nstandard.<\/p>\n<p>&nbsp;<\/p>\n<p>\u00b7\u00a0 Service et<br \/>\ncommentaires<\/p>\n<p>&nbsp;<\/p>\n<p>\u00b7\u00a0 N&#8217;h\u00e9sitez pas<br \/>\n\u00e0 nous contacter avant et apr\u00e8s votre achat; nous nous engageons \u00e0 votre<br \/>\nsatisfaction client \u00e0 100%. Nous soutenons notre engagement avec un service<br \/>\nexceptionnel, un remboursement int\u00e9gral \u00e0 100% et une garantie de satisfaction<br \/>\nclient.<\/p>\n<p>&nbsp;<\/p>\n<p>\u00b7\u00a0 Si vous \u00eates<br \/>\nsatisfait de nos produits et services, nous esp\u00e9rons sinc\u00e8rement que vous<br \/>\npourrez nous laisser un commentaire positif et des \u00e9valuations d\u00e9taill\u00e9es du<br \/>\nvendeur 5 \u00e9toiles.<\/p>\n","protected":false},"excerpt":{"rendered":"<p>Lavage en machine \u00b7\u00a0\u00a0Mat\u00e9riel: Coton Polyester M\u00e9lang\u00e9 &nbsp; \u00b7\u00a0 Haut: revers crant\u00e9, 4 boutons sur les manches, 2 poches \u00e0 [&hellip;]<\/p>\n","protected":false},"featured_media":11329,"comment_status":"open","ping_status":"closed","template":"","meta":{"_uag_custom_page_level_css":"","site-sidebar-layout":"default","site-content-layout":"","ast-site-content-layout":"default","site-content-style":"default","site-sidebar-style":"default","ast-global-header-display":"","ast-banner-title-visibility":"","ast-main-header-display":"","ast-hfb-above-header-display":"","ast-hfb-below-header-display":"","ast-hfb-mobile-header-display":"","site-post-title":"","ast-breadcrumbs-content":"","ast-featured-img":"","footer-sml-layout":"","ast-disable-related-posts":"","theme-transparent-header-meta":"default","adv-header-id-meta":"","stick-header-meta":"","header-above-stick-meta":"","header-main-stick-meta":"","header-below-stick-meta":"","astra-migrate-meta-layouts":"set","ast-page-background-enabled":"default","ast-page-background-meta":{"desktop":{"background-color":"var(--ast-global-color-4)","background-image":"","background-repeat":"repeat","background-position":"center center","background-size":"auto","background-attachment":"scroll","background-type":"","background-media":"","overlay-type":"","overlay-color":"","overlay-opacity":"","overlay-gradient":""},"tablet":{"background-color":"","background-image":"","background-repeat":"repeat","background-position":"center center","background-size":"auto","background-attachment":"scroll","background-type":"","background-media":"","overlay-type":"","overlay-color":"","overlay-opacity":"","overlay-gradient":""},"mobile":{"background-color":"","background-image":"","background-repeat":"repeat","background-position":"center center","background-size":"auto","background-attachment":"scroll","background-type":"","background-media":"","overlay-type":"","overlay-color":"","overlay-opacity":"","overlay-gradient":""}},"ast-content-background-meta":{"desktop":{"background-color":"var(--ast-global-color-5)","background-image":"","background-repeat":"repeat","background-position":"center center","background-size":"auto","background-attachment":"scroll","background-type":"","background-media":"","overlay-type":"","overlay-color":"","overlay-opacity":"","overlay-gradient":""},"tablet":{"background-color":"var(--ast-global-color-5)","background-image":"","background-repeat":"repeat","background-position":"center center","background-size":"auto","background-attachment":"scroll","background-type":"","background-media":"","overlay-type":"","overlay-color":"","overlay-opacity":"","overlay-gradient":""},"mobile":{"background-color":"var(--ast-global-color-5)","background-image":"","background-repeat":"repeat","background-position":"center center","background-size":"auto","background-attachment":"scroll","background-type":"","background-media":"","overlay-type":"","overlay-color":"","overlay-opacity":"","overlay-gradient":""}}},"product_brand":[],"product_cat":[1308,30,1211],"product_tag":[],"class_list":{"0":"post-11327","1":"product","2":"type-product","3":"status-publish","4":"has-post-thumbnail","6":"product_cat-costumes-accessoires","7":"product_cat-mode","8":"product_cat-mode-homme","9":"desktop-align-left","10":"tablet-align-left","11":"mobile-align-left","13":"first","14":"instock","15":"sale","16":"shipping-taxable","17":"purchasable","18":"product-type-simple"},"yoast_head":"<!-- This site is optimized with the Yoast SEO plugin v26.8 - https:\/\/yoast.com\/product\/yoast-seo-wordpress\/ -->\n<title>Veste Slim Homme - Ekco Boutique<\/title>\n<meta name=\"robots\" content=\"index, follow, max-snippet:-1, max-image-preview:large, max-video-preview:-1\" \/>\n<link rel=\"canonical\" href=\"https:\/\/ekco-ci.com\/ecommerce\/produit\/veste-slim-homme\/\" \/>\n<meta property=\"og:locale\" content=\"fr_FR\" \/>\n<meta property=\"og:type\" content=\"article\" \/>\n<meta property=\"og:title\" content=\"Veste Slim Homme - Ekco Boutique\" \/>\n<meta property=\"og:description\" content=\"Lavage en machine \u00b7\u00a0\u00a0Mat\u00e9riel: Coton Polyester M\u00e9lang\u00e9 &nbsp; \u00b7\u00a0 Haut: revers crant\u00e9, 4 boutons sur les manches, 2 poches \u00e0 [&hellip;]\" \/>\n<meta property=\"og:url\" content=\"https:\/\/ekco-ci.com\/ecommerce\/produit\/veste-slim-homme\/\" \/>\n<meta property=\"og:site_name\" content=\"Ekco Boutique\" \/>\n<meta property=\"article:modified_time\" content=\"2025-01-11T10:49:43+00:00\" \/>\n<meta property=\"og:image\" content=\"https:\/\/ekco-ci.com\/ecommerce\/wp-content\/uploads\/2025\/01\/1-11.jpg\" \/>\n\t<meta property=\"og:image:width\" content=\"500\" \/>\n\t<meta property=\"og:image:height\" content=\"500\" \/>\n\t<meta property=\"og:image:type\" content=\"image\/jpeg\" \/>\n<meta name=\"twitter:card\" content=\"summary_large_image\" \/>\n<meta name=\"twitter:label1\" content=\"Dur\u00e9e de lecture estim\u00e9e\" \/>\n\t<meta name=\"twitter:data1\" content=\"2 minutes\" \/>\n<script type=\"application\/ld+json\" class=\"yoast-schema-graph\">{\"@context\":\"https:\/\/schema.org\",\"@graph\":[{\"@type\":\"WebPage\",\"@id\":\"https:\/\/ekco-ci.com\/ecommerce\/produit\/veste-slim-homme\/\",\"url\":\"https:\/\/ekco-ci.com\/ecommerce\/produit\/veste-slim-homme\/\",\"name\":\"Veste Slim Homme - Ekco Boutique\",\"isPartOf\":{\"@id\":\"https:\/\/ekco-ci.com\/ecommerce\/#website\"},\"primaryImageOfPage\":{\"@id\":\"https:\/\/ekco-ci.com\/ecommerce\/produit\/veste-slim-homme\/#primaryimage\"},\"image\":{\"@id\":\"https:\/\/ekco-ci.com\/ecommerce\/produit\/veste-slim-homme\/#primaryimage\"},\"thumbnailUrl\":\"https:\/\/ekco-ci.com\/ecommerce\/wp-content\/uploads\/2025\/01\/1-11.jpg\",\"datePublished\":\"2025-01-11T10:49:41+00:00\",\"dateModified\":\"2025-01-11T10:49:43+00:00\",\"breadcrumb\":{\"@id\":\"https:\/\/ekco-ci.com\/ecommerce\/produit\/veste-slim-homme\/#breadcrumb\"},\"inLanguage\":\"fr-FR\",\"potentialAction\":[{\"@type\":\"ReadAction\",\"target\":[\"https:\/\/ekco-ci.com\/ecommerce\/produit\/veste-slim-homme\/\"]}]},{\"@type\":\"ImageObject\",\"inLanguage\":\"fr-FR\",\"@id\":\"https:\/\/ekco-ci.com\/ecommerce\/produit\/veste-slim-homme\/#primaryimage\",\"url\":\"https:\/\/ekco-ci.com\/ecommerce\/wp-content\/uploads\/2025\/01\/1-11.jpg\",\"contentUrl\":\"https:\/\/ekco-ci.com\/ecommerce\/wp-content\/uploads\/2025\/01\/1-11.jpg\",\"width\":500,\"height\":500},{\"@type\":\"BreadcrumbList\",\"@id\":\"https:\/\/ekco-ci.com\/ecommerce\/produit\/veste-slim-homme\/#breadcrumb\",\"itemListElement\":[{\"@type\":\"ListItem\",\"position\":1,\"name\":\"Home\",\"item\":\"https:\/\/ekco-ci.com\/ecommerce\/\"},{\"@type\":\"ListItem\",\"position\":2,\"name\":\"Boutique\",\"item\":\"https:\/\/ekco-ci.com\/ecommerce\/boutique\/\"},{\"@type\":\"ListItem\",\"position\":3,\"name\":\"Veste Slim Homme\"}]},{\"@type\":\"WebSite\",\"@id\":\"https:\/\/ekco-ci.com\/ecommerce\/#website\",\"url\":\"https:\/\/ekco-ci.com\/ecommerce\/\",\"name\":\"Ekco Boutique\",\"description\":\"Ekco Boutique! La qualit\u00e9 au c\u0153ur de chaque achat\",\"publisher\":{\"@id\":\"https:\/\/ekco-ci.com\/ecommerce\/#organization\"},\"alternateName\":\"Boutique\",\"potentialAction\":[{\"@type\":\"SearchAction\",\"target\":{\"@type\":\"EntryPoint\",\"urlTemplate\":\"https:\/\/ekco-ci.com\/ecommerce\/?s={search_term_string}\"},\"query-input\":{\"@type\":\"PropertyValueSpecification\",\"valueRequired\":true,\"valueName\":\"search_term_string\"}}],\"inLanguage\":\"fr-FR\"},{\"@type\":\"Organization\",\"@id\":\"https:\/\/ekco-ci.com\/ecommerce\/#organization\",\"name\":\"Ekco Boutique\",\"url\":\"https:\/\/ekco-ci.com\/ecommerce\/\",\"logo\":{\"@type\":\"ImageObject\",\"inLanguage\":\"fr-FR\",\"@id\":\"https:\/\/ekco-ci.com\/ecommerce\/#\/schema\/logo\/image\/\",\"url\":\"https:\/\/ekco-ci.com\/ecommerce\/wp-content\/uploads\/2024\/08\/cropped-lologo.png\",\"contentUrl\":\"https:\/\/ekco-ci.com\/ecommerce\/wp-content\/uploads\/2024\/08\/cropped-lologo.png\",\"width\":512,\"height\":512,\"caption\":\"Ekco Boutique\"},\"image\":{\"@id\":\"https:\/\/ekco-ci.com\/ecommerce\/#\/schema\/logo\/image\/\"}}]}<\/script>\n<!-- \/ Yoast SEO plugin. -->","yoast_head_json":{"title":"Veste Slim Homme - Ekco Boutique","robots":{"index":"index","follow":"follow","max-snippet":"max-snippet:-1","max-image-preview":"max-image-preview:large","max-video-preview":"max-video-preview:-1"},"canonical":"https:\/\/ekco-ci.com\/ecommerce\/produit\/veste-slim-homme\/","og_locale":"fr_FR","og_type":"article","og_title":"Veste Slim Homme - Ekco Boutique","og_description":"Lavage en machine \u00b7\u00a0\u00a0Mat\u00e9riel: Coton Polyester M\u00e9lang\u00e9 &nbsp; \u00b7\u00a0 Haut: revers crant\u00e9, 4 boutons sur les manches, 2 poches \u00e0 [&hellip;]","og_url":"https:\/\/ekco-ci.com\/ecommerce\/produit\/veste-slim-homme\/","og_site_name":"Ekco Boutique","article_modified_time":"2025-01-11T10:49:43+00:00","og_image":[{"width":500,"height":500,"url":"https:\/\/ekco-ci.com\/ecommerce\/wp-content\/uploads\/2025\/01\/1-11.jpg","type":"image\/jpeg"}],"twitter_card":"summary_large_image","twitter_misc":{"Dur\u00e9e de lecture estim\u00e9e":"2 minutes"},"schema":{"@context":"https:\/\/schema.org","@graph":[{"@type":"WebPage","@id":"https:\/\/ekco-ci.com\/ecommerce\/produit\/veste-slim-homme\/","url":"https:\/\/ekco-ci.com\/ecommerce\/produit\/veste-slim-homme\/","name":"Veste Slim Homme - Ekco Boutique","isPartOf":{"@id":"https:\/\/ekco-ci.com\/ecommerce\/#website"},"primaryImageOfPage":{"@id":"https:\/\/ekco-ci.com\/ecommerce\/produit\/veste-slim-homme\/#primaryimage"},"image":{"@id":"https:\/\/ekco-ci.com\/ecommerce\/produit\/veste-slim-homme\/#primaryimage"},"thumbnailUrl":"https:\/\/ekco-ci.com\/ecommerce\/wp-content\/uploads\/2025\/01\/1-11.jpg","datePublished":"2025-01-11T10:49:41+00:00","dateModified":"2025-01-11T10:49:43+00:00","breadcrumb":{"@id":"https:\/\/ekco-ci.com\/ecommerce\/produit\/veste-slim-homme\/#breadcrumb"},"inLanguage":"fr-FR","potentialAction":[{"@type":"ReadAction","target":["https:\/\/ekco-ci.com\/ecommerce\/produit\/veste-slim-homme\/"]}]},{"@type":"ImageObject","inLanguage":"fr-FR","@id":"https:\/\/ekco-ci.com\/ecommerce\/produit\/veste-slim-homme\/#primaryimage","url":"https:\/\/ekco-ci.com\/ecommerce\/wp-content\/uploads\/2025\/01\/1-11.jpg","contentUrl":"https:\/\/ekco-ci.com\/ecommerce\/wp-content\/uploads\/2025\/01\/1-11.jpg","width":500,"height":500},{"@type":"BreadcrumbList","@id":"https:\/\/ekco-ci.com\/ecommerce\/produit\/veste-slim-homme\/#breadcrumb","itemListElement":[{"@type":"ListItem","position":1,"name":"Home","item":"https:\/\/ekco-ci.com\/ecommerce\/"},{"@type":"ListItem","position":2,"name":"Boutique","item":"https:\/\/ekco-ci.com\/ecommerce\/boutique\/"},{"@type":"ListItem","position":3,"name":"Veste Slim Homme"}]},{"@type":"WebSite","@id":"https:\/\/ekco-ci.com\/ecommerce\/#website","url":"https:\/\/ekco-ci.com\/ecommerce\/","name":"Ekco Boutique","description":"Ekco Boutique! La qualit\u00e9 au c\u0153ur de chaque achat","publisher":{"@id":"https:\/\/ekco-ci.com\/ecommerce\/#organization"},"alternateName":"Boutique","potentialAction":[{"@type":"SearchAction","target":{"@type":"EntryPoint","urlTemplate":"https:\/\/ekco-ci.com\/ecommerce\/?s={search_term_string}"},"query-input":{"@type":"PropertyValueSpecification","valueRequired":true,"valueName":"search_term_string"}}],"inLanguage":"fr-FR"},{"@type":"Organization","@id":"https:\/\/ekco-ci.com\/ecommerce\/#organization","name":"Ekco Boutique","url":"https:\/\/ekco-ci.com\/ecommerce\/","logo":{"@type":"ImageObject","inLanguage":"fr-FR","@id":"https:\/\/ekco-ci.com\/ecommerce\/#\/schema\/logo\/image\/","url":"https:\/\/ekco-ci.com\/ecommerce\/wp-content\/uploads\/2024\/08\/cropped-lologo.png","contentUrl":"https:\/\/ekco-ci.com\/ecommerce\/wp-content\/uploads\/2024\/08\/cropped-lologo.png","width":512,"height":512,"caption":"Ekco Boutique"},"image":{"@id":"https:\/\/ekco-ci.com\/ecommerce\/#\/schema\/logo\/image\/"}}]}},"uagb_featured_image_src":{"full":["https:\/\/ekco-ci.com\/ecommerce\/wp-content\/uploads\/2025\/01\/1-11.jpg",500,500,false],"thumbnail":["https:\/\/ekco-ci.com\/ecommerce\/wp-content\/uploads\/2025\/01\/1-11-150x150.jpg",150,150,true],"medium":["https:\/\/ekco-ci.com\/ecommerce\/wp-content\/uploads\/2025\/01\/1-11-300x300.jpg",300,300,true],"medium_large":["https:\/\/ekco-ci.com\/ecommerce\/wp-content\/uploads\/2025\/01\/1-11.jpg",500,500,false],"large":["https:\/\/ekco-ci.com\/ecommerce\/wp-content\/uploads\/2025\/01\/1-11.jpg",500,500,false],"1536x1536":["https:\/\/ekco-ci.com\/ecommerce\/wp-content\/uploads\/2025\/01\/1-11.jpg",500,500,false],"2048x2048":["https:\/\/ekco-ci.com\/ecommerce\/wp-content\/uploads\/2025\/01\/1-11.jpg",500,500,false],"cfw_cart_thumb":["https:\/\/ekco-ci.com\/ecommerce\/wp-content\/uploads\/2025\/01\/1-11-60x60.jpg",60,60,true],"cfw_order_bump_thumb":["https:\/\/ekco-ci.com\/ecommerce\/wp-content\/uploads\/2025\/01\/1-11.jpg",320,320,false],"woocommerce_thumbnail":["https:\/\/ekco-ci.com\/ecommerce\/wp-content\/uploads\/2025\/01\/1-11-300x225.jpg",300,225,true],"woocommerce_single":["https:\/\/ekco-ci.com\/ecommerce\/wp-content\/uploads\/2025\/01\/1-11.jpg",500,500,false],"woocommerce_gallery_thumbnail":["https:\/\/ekco-ci.com\/ecommerce\/wp-content\/uploads\/2025\/01\/1-11-100x100.jpg",100,100,true]},"uagb_author_info":{"display_name":"Christabelle Moulo","author_link":"https:\/\/ekco-ci.com\/ecommerce\/author\/"},"uagb_comment_info":0,"uagb_excerpt":"Lavage en machine \u00b7\u00a0\u00a0Mat\u00e9riel: Coton Polyester M\u00e9lang\u00e9 &nbsp; \u00b7\u00a0 Haut: revers crant\u00e9, 4 boutons sur les manches, 2 poches \u00e0 [&hellip;]","_links":{"self":[{"href":"https:\/\/ekco-ci.com\/ecommerce\/wp-json\/wp\/v2\/product\/11327","targetHints":{"allow":["GET"]}}],"collection":[{"href":"https:\/\/ekco-ci.com\/ecommerce\/wp-json\/wp\/v2\/product"}],"about":[{"href":"https:\/\/ekco-ci.com\/ecommerce\/wp-json\/wp\/v2\/types\/product"}],"replies":[{"embeddable":true,"href":"https:\/\/ekco-ci.com\/ecommerce\/wp-json\/wp\/v2\/comments?post=11327"}],"wp:featuredmedia":[{"embeddable":true,"href":"https:\/\/ekco-ci.com\/ecommerce\/wp-json\/wp\/v2\/media\/11329"}],"wp:attachment":[{"href":"https:\/\/ekco-ci.com\/ecommerce\/wp-json\/wp\/v2\/media?parent=11327"}],"wp:term":[{"taxonomy":"product_brand","embeddable":true,"href":"https:\/\/ekco-ci.com\/ecommerce\/wp-json\/wp\/v2\/product_brand?post=11327"},{"taxonomy":"product_cat","embeddable":true,"href":"https:\/\/ekco-ci.com\/ecommerce\/wp-json\/wp\/v2\/product_cat?post=11327"},{"taxonomy":"product_tag","embeddable":true,"href":"https:\/\/ekco-ci.com\/ecommerce\/wp-json\/wp\/v2\/product_tag?post=11327"}],"curies":[{"name":"wp","href":"https:\/\/api.w.org\/{rel}","templated":true}]}}