{"id":11302,"date":"2025-01-10T14:41:26","date_gmt":"2025-01-10T14:41:26","guid":{"rendered":"https:\/\/ekco-ci.com\/ecommerce\/?post_type=product&#038;p=11302"},"modified":"2025-01-10T14:41:29","modified_gmt":"2025-01-10T14:41:29","slug":"hp-laserjet-pro-m428fdw","status":"publish","type":"product","link":"https:\/\/ekco-ci.com\/ecommerce\/produit\/hp-laserjet-pro-m428fdw\/","title":{"rendered":"HP LaserJet Pro M428fdw"},"content":{"rendered":"<p>Gagnez en productivit\u00e9 et lib\u00e9rez du temps pour vos activit\u00e9s en installant l\u2019imprimante multifonction monochrome HP LaserJet Pro M428fdw dans votre univers professionnel. Ce mod\u00e8le 4-en-1 se montrera rapidement indispensable pour vos besoins du quotidien.<\/p>\n<p>&nbsp;<\/p>\n<p><img decoding=\"async\" src=\"https:\/\/media.ldlc.com\/v3\/marque\/bo\/00\/03\/15\/98\/V30003159855_2.jpg\" alt=\"HP\" \/><\/p>\n<p>&nbsp;<\/p>\n<h2 class=\"h2-master\">Adapt\u00e9e pour vos besoins professionnels<\/h2>\n<section>Gagnez en productivit\u00e9 et lib\u00e9rez du temps pour vos activit\u00e9s en installant l\u2019imprimante multifonction monochrome\u00a0<strong>HP LaserJet Pro M428fdw<\/strong>\u00a0dans votre univers professionnel. Ce mod\u00e8le 4-en-1 se montrera rapidement indispensable pour vos besoins du quotidien. En plus du Wi-Fi et d\u2019une prise en charge de l\u2019impression mobile, cette imprimante propose une prise en main simple et rapide pour l\u2019ensemble de vos collaborateurs.<\/section>\n<section>\n<div class=\"desc-text\">\n<h2>UN OUTIL DE TRAVAIL PERFORMANT<\/h2>\n<p>Avec l\u2019imprimante\u00a0<strong>HP LaserJet Pro M428fdw<\/strong>, vous apportez \u00e0 votre environnement professionnel une solution performante et compl\u00e8te pour vos besoins du quotidien. Imprimez, num\u00e9risez, faxez et copiez en toute simplicit\u00e9 avec en plus, une s\u00e9r\u00e9nit\u00e9 absolue gr\u00e2ce \u00e0 la technologie HP Print Security. Ce mod\u00e8le est capable d\u2019accueillir\u00a0<strong>jusqu\u2019\u00e0 350 feuilles<\/strong>\u00a0et poss\u00e8de une impression\u00a0<strong>recto-verso automatique<\/strong>\u00a0tr\u00e8s pratique pour une productivit\u00e9 toujours au rendez-vous !<\/p>\n<p><img decoding=\"async\" src=\"https:\/\/media.ldlc.com\/bo\/images\/fiches\/imprimante\/hp\/m428fdw\/impression.jpg\" alt=\"impression\" \/><\/p>\n<\/div>\n<\/section>\n<section>\n<div class=\"desc-text\">\n<h2>FONCTIONNALIT\u00c9S CONNECT\u00c9ES<\/h2>\n<p>Connect\u00e9e, l\u2019imprimante HP M428fdw d\u2019une\u00a0<strong>connexion sans fil Wi-Fi Dual Band et Wi-Fi Direct<\/strong>\u00a0pour r\u00e9pondre \u00e0 toutes vos attentes. Vous b\u00e9n\u00e9ficiez \u00e9galement d\u2019un port Gigabit Ethernet et d\u2019un port USB 2.0. L\u2019<strong>impression mobile<\/strong>\u00a0est \u00e9galement pr\u00e9sente avec une compatibilit\u00e9 Apple AirPrint, Mopria et Google Print 2.0. Enfin, l\u2019\u00e9cran tactile couleur de 2.7\u2033 apportera \u00e0 chaque utilisateur un confort suppl\u00e9mentaire pour effectuer chaque action.<\/p>\n<\/div>\n<div class=\"desc-image\"><img decoding=\"async\" src=\"https:\/\/media.ldlc.com\/bo\/images\/fiches\/imprimante\/hp\/m428dw\/productivite.jpg\" alt=\"productivite\" \/><\/div>\n<\/section>\n","protected":false},"excerpt":{"rendered":"<p>Gagnez en productivit\u00e9 et lib\u00e9rez du temps pour vos activit\u00e9s en installant l\u2019imprimante multifonction monochrome HP LaserJet Pro M428fdw dans [&hellip;]<\/p>\n","protected":false},"featured_media":11303,"comment_status":"open","ping_status":"closed","template":"","meta":{"_uag_custom_page_level_css":"","site-sidebar-layout":"default","site-content-layout":"","ast-site-content-layout":"default","site-content-style":"default","site-sidebar-style":"default","ast-global-header-display":"","ast-banner-title-visibility":"","ast-main-header-display":"","ast-hfb-above-header-display":"","ast-hfb-below-header-display":"","ast-hfb-mobile-header-display":"","site-post-title":"","ast-breadcrumbs-content":"","ast-featured-img":"","footer-sml-layout":"","ast-disable-related-posts":"","theme-transparent-header-meta":"default","adv-header-id-meta":"","stick-header-meta":"","header-above-stick-meta":"","header-main-stick-meta":"","header-below-stick-meta":"","astra-migrate-meta-layouts":"set","ast-page-background-enabled":"default","ast-page-background-meta":{"desktop":{"background-color":"var(--ast-global-color-4)","background-image":"","background-repeat":"repeat","background-position":"center center","background-size":"auto","background-attachment":"scroll","background-type":"","background-media":"","overlay-type":"","overlay-color":"","overlay-opacity":"","overlay-gradient":""},"tablet":{"background-color":"","background-image":"","background-repeat":"repeat","background-position":"center center","background-size":"auto","background-attachment":"scroll","background-type":"","background-media":"","overlay-type":"","overlay-color":"","overlay-opacity":"","overlay-gradient":""},"mobile":{"background-color":"","background-image":"","background-repeat":"repeat","background-position":"center center","background-size":"auto","background-attachment":"scroll","background-type":"","background-media":"","overlay-type":"","overlay-color":"","overlay-opacity":"","overlay-gradient":""}},"ast-content-background-meta":{"desktop":{"background-color":"var(--ast-global-color-5)","background-image":"","background-repeat":"repeat","background-position":"center center","background-size":"auto","background-attachment":"scroll","background-type":"","background-media":"","overlay-type":"","overlay-color":"","overlay-opacity":"","overlay-gradient":""},"tablet":{"background-color":"var(--ast-global-color-5)","background-image":"","background-repeat":"repeat","background-position":"center center","background-size":"auto","background-attachment":"scroll","background-type":"","background-media":"","overlay-type":"","overlay-color":"","overlay-opacity":"","overlay-gradient":""},"mobile":{"background-color":"var(--ast-global-color-5)","background-image":"","background-repeat":"repeat","background-position":"center center","background-size":"auto","background-attachment":"scroll","background-type":"","background-media":"","overlay-type":"","overlay-color":"","overlay-opacity":"","overlay-gradient":""}}},"product_brand":[],"product_cat":[700,701,102,699],"product_tag":[],"class_list":{"0":"post-11302","1":"product","2":"type-product","3":"status-publish","4":"has-post-thumbnail","6":"product_cat-imprimantes-ordinateurs-et-imprimantes-informatique","7":"product_cat-imprimantes-multi-fonctions-imprimantes-ordinateurs-et-imprimantes-informatique","8":"product_cat-informatique","9":"product_cat-ordinateurs-et-imprimantes-informatique","10":"desktop-align-left","11":"tablet-align-left","12":"mobile-align-left","14":"first","15":"instock","16":"sale","17":"shipping-taxable","18":"purchasable","19":"product-type-simple"},"yoast_head":"<!-- This site is optimized with the Yoast SEO plugin v26.8 - https:\/\/yoast.com\/product\/yoast-seo-wordpress\/ -->\n<title>HP LaserJet Pro M428fdw - Ekco Boutique<\/title>\n<meta name=\"robots\" content=\"index, follow, max-snippet:-1, max-image-preview:large, max-video-preview:-1\" \/>\n<link rel=\"canonical\" href=\"https:\/\/ekco-ci.com\/ecommerce\/produit\/hp-laserjet-pro-m428fdw\/\" \/>\n<meta property=\"og:locale\" content=\"fr_FR\" \/>\n<meta property=\"og:type\" content=\"article\" \/>\n<meta property=\"og:title\" content=\"HP LaserJet Pro M428fdw - Ekco Boutique\" \/>\n<meta property=\"og:description\" content=\"Gagnez en productivit\u00e9 et lib\u00e9rez du temps pour vos activit\u00e9s en installant l\u2019imprimante multifonction monochrome HP LaserJet Pro M428fdw dans [&hellip;]\" \/>\n<meta property=\"og:url\" content=\"https:\/\/ekco-ci.com\/ecommerce\/produit\/hp-laserjet-pro-m428fdw\/\" \/>\n<meta property=\"og:site_name\" content=\"Ekco Boutique\" \/>\n<meta property=\"article:modified_time\" content=\"2025-01-10T14:41:29+00:00\" \/>\n<meta property=\"og:image\" content=\"https:\/\/ekco-ci.com\/ecommerce\/wp-content\/uploads\/2025\/01\/HP-LaserJet-Pro-M428dw-1.jpg.webp\" \/>\n\t<meta property=\"og:image:width\" content=\"800\" \/>\n\t<meta property=\"og:image:height\" content=\"900\" \/>\n\t<meta property=\"og:image:type\" content=\"image\/webp\" \/>\n<meta name=\"twitter:card\" content=\"summary_large_image\" \/>\n<meta name=\"twitter:label1\" content=\"Dur\u00e9e de lecture estim\u00e9e\" \/>\n\t<meta name=\"twitter:data1\" content=\"3 minutes\" \/>\n<script type=\"application\/ld+json\" class=\"yoast-schema-graph\">{\"@context\":\"https:\/\/schema.org\",\"@graph\":[{\"@type\":\"WebPage\",\"@id\":\"https:\/\/ekco-ci.com\/ecommerce\/produit\/hp-laserjet-pro-m428fdw\/\",\"url\":\"https:\/\/ekco-ci.com\/ecommerce\/produit\/hp-laserjet-pro-m428fdw\/\",\"name\":\"HP LaserJet Pro M428fdw - Ekco Boutique\",\"isPartOf\":{\"@id\":\"https:\/\/ekco-ci.com\/ecommerce\/#website\"},\"primaryImageOfPage\":{\"@id\":\"https:\/\/ekco-ci.com\/ecommerce\/produit\/hp-laserjet-pro-m428fdw\/#primaryimage\"},\"image\":{\"@id\":\"https:\/\/ekco-ci.com\/ecommerce\/produit\/hp-laserjet-pro-m428fdw\/#primaryimage\"},\"thumbnailUrl\":\"https:\/\/ekco-ci.com\/ecommerce\/wp-content\/uploads\/2025\/01\/HP-LaserJet-Pro-M428dw-1.jpg.webp\",\"datePublished\":\"2025-01-10T14:41:26+00:00\",\"dateModified\":\"2025-01-10T14:41:29+00:00\",\"breadcrumb\":{\"@id\":\"https:\/\/ekco-ci.com\/ecommerce\/produit\/hp-laserjet-pro-m428fdw\/#breadcrumb\"},\"inLanguage\":\"fr-FR\",\"potentialAction\":[{\"@type\":\"ReadAction\",\"target\":[\"https:\/\/ekco-ci.com\/ecommerce\/produit\/hp-laserjet-pro-m428fdw\/\"]}]},{\"@type\":\"ImageObject\",\"inLanguage\":\"fr-FR\",\"@id\":\"https:\/\/ekco-ci.com\/ecommerce\/produit\/hp-laserjet-pro-m428fdw\/#primaryimage\",\"url\":\"https:\/\/ekco-ci.com\/ecommerce\/wp-content\/uploads\/2025\/01\/HP-LaserJet-Pro-M428dw-1.jpg.webp\",\"contentUrl\":\"https:\/\/ekco-ci.com\/ecommerce\/wp-content\/uploads\/2025\/01\/HP-LaserJet-Pro-M428dw-1.jpg.webp\",\"width\":800,\"height\":900},{\"@type\":\"BreadcrumbList\",\"@id\":\"https:\/\/ekco-ci.com\/ecommerce\/produit\/hp-laserjet-pro-m428fdw\/#breadcrumb\",\"itemListElement\":[{\"@type\":\"ListItem\",\"position\":1,\"name\":\"Home\",\"item\":\"https:\/\/ekco-ci.com\/ecommerce\/\"},{\"@type\":\"ListItem\",\"position\":2,\"name\":\"Boutique\",\"item\":\"https:\/\/ekco-ci.com\/ecommerce\/boutique\/\"},{\"@type\":\"ListItem\",\"position\":3,\"name\":\"HP LaserJet Pro M428fdw\"}]},{\"@type\":\"WebSite\",\"@id\":\"https:\/\/ekco-ci.com\/ecommerce\/#website\",\"url\":\"https:\/\/ekco-ci.com\/ecommerce\/\",\"name\":\"Ekco Boutique\",\"description\":\"Ekco Boutique! La qualit\u00e9 au c\u0153ur de chaque achat\",\"publisher\":{\"@id\":\"https:\/\/ekco-ci.com\/ecommerce\/#organization\"},\"alternateName\":\"Boutique\",\"potentialAction\":[{\"@type\":\"SearchAction\",\"target\":{\"@type\":\"EntryPoint\",\"urlTemplate\":\"https:\/\/ekco-ci.com\/ecommerce\/?s={search_term_string}\"},\"query-input\":{\"@type\":\"PropertyValueSpecification\",\"valueRequired\":true,\"valueName\":\"search_term_string\"}}],\"inLanguage\":\"fr-FR\"},{\"@type\":\"Organization\",\"@id\":\"https:\/\/ekco-ci.com\/ecommerce\/#organization\",\"name\":\"Ekco Boutique\",\"url\":\"https:\/\/ekco-ci.com\/ecommerce\/\",\"logo\":{\"@type\":\"ImageObject\",\"inLanguage\":\"fr-FR\",\"@id\":\"https:\/\/ekco-ci.com\/ecommerce\/#\/schema\/logo\/image\/\",\"url\":\"https:\/\/ekco-ci.com\/ecommerce\/wp-content\/uploads\/2024\/08\/cropped-lologo.png\",\"contentUrl\":\"https:\/\/ekco-ci.com\/ecommerce\/wp-content\/uploads\/2024\/08\/cropped-lologo.png\",\"width\":512,\"height\":512,\"caption\":\"Ekco Boutique\"},\"image\":{\"@id\":\"https:\/\/ekco-ci.com\/ecommerce\/#\/schema\/logo\/image\/\"}}]}<\/script>\n<!-- \/ Yoast SEO plugin. -->","yoast_head_json":{"title":"HP LaserJet Pro M428fdw - Ekco Boutique","robots":{"index":"index","follow":"follow","max-snippet":"max-snippet:-1","max-image-preview":"max-image-preview:large","max-video-preview":"max-video-preview:-1"},"canonical":"https:\/\/ekco-ci.com\/ecommerce\/produit\/hp-laserjet-pro-m428fdw\/","og_locale":"fr_FR","og_type":"article","og_title":"HP LaserJet Pro M428fdw - Ekco Boutique","og_description":"Gagnez en productivit\u00e9 et lib\u00e9rez du temps pour vos activit\u00e9s en installant l\u2019imprimante multifonction monochrome HP LaserJet Pro M428fdw dans [&hellip;]","og_url":"https:\/\/ekco-ci.com\/ecommerce\/produit\/hp-laserjet-pro-m428fdw\/","og_site_name":"Ekco Boutique","article_modified_time":"2025-01-10T14:41:29+00:00","og_image":[{"width":800,"height":900,"url":"https:\/\/ekco-ci.com\/ecommerce\/wp-content\/uploads\/2025\/01\/HP-LaserJet-Pro-M428dw-1.jpg.webp","type":"image\/webp"}],"twitter_card":"summary_large_image","twitter_misc":{"Dur\u00e9e de lecture estim\u00e9e":"3 minutes"},"schema":{"@context":"https:\/\/schema.org","@graph":[{"@type":"WebPage","@id":"https:\/\/ekco-ci.com\/ecommerce\/produit\/hp-laserjet-pro-m428fdw\/","url":"https:\/\/ekco-ci.com\/ecommerce\/produit\/hp-laserjet-pro-m428fdw\/","name":"HP LaserJet Pro M428fdw - Ekco Boutique","isPartOf":{"@id":"https:\/\/ekco-ci.com\/ecommerce\/#website"},"primaryImageOfPage":{"@id":"https:\/\/ekco-ci.com\/ecommerce\/produit\/hp-laserjet-pro-m428fdw\/#primaryimage"},"image":{"@id":"https:\/\/ekco-ci.com\/ecommerce\/produit\/hp-laserjet-pro-m428fdw\/#primaryimage"},"thumbnailUrl":"https:\/\/ekco-ci.com\/ecommerce\/wp-content\/uploads\/2025\/01\/HP-LaserJet-Pro-M428dw-1.jpg.webp","datePublished":"2025-01-10T14:41:26+00:00","dateModified":"2025-01-10T14:41:29+00:00","breadcrumb":{"@id":"https:\/\/ekco-ci.com\/ecommerce\/produit\/hp-laserjet-pro-m428fdw\/#breadcrumb"},"inLanguage":"fr-FR","potentialAction":[{"@type":"ReadAction","target":["https:\/\/ekco-ci.com\/ecommerce\/produit\/hp-laserjet-pro-m428fdw\/"]}]},{"@type":"ImageObject","inLanguage":"fr-FR","@id":"https:\/\/ekco-ci.com\/ecommerce\/produit\/hp-laserjet-pro-m428fdw\/#primaryimage","url":"https:\/\/ekco-ci.com\/ecommerce\/wp-content\/uploads\/2025\/01\/HP-LaserJet-Pro-M428dw-1.jpg.webp","contentUrl":"https:\/\/ekco-ci.com\/ecommerce\/wp-content\/uploads\/2025\/01\/HP-LaserJet-Pro-M428dw-1.jpg.webp","width":800,"height":900},{"@type":"BreadcrumbList","@id":"https:\/\/ekco-ci.com\/ecommerce\/produit\/hp-laserjet-pro-m428fdw\/#breadcrumb","itemListElement":[{"@type":"ListItem","position":1,"name":"Home","item":"https:\/\/ekco-ci.com\/ecommerce\/"},{"@type":"ListItem","position":2,"name":"Boutique","item":"https:\/\/ekco-ci.com\/ecommerce\/boutique\/"},{"@type":"ListItem","position":3,"name":"HP LaserJet Pro M428fdw"}]},{"@type":"WebSite","@id":"https:\/\/ekco-ci.com\/ecommerce\/#website","url":"https:\/\/ekco-ci.com\/ecommerce\/","name":"Ekco Boutique","description":"Ekco Boutique! La qualit\u00e9 au c\u0153ur de chaque achat","publisher":{"@id":"https:\/\/ekco-ci.com\/ecommerce\/#organization"},"alternateName":"Boutique","potentialAction":[{"@type":"SearchAction","target":{"@type":"EntryPoint","urlTemplate":"https:\/\/ekco-ci.com\/ecommerce\/?s={search_term_string}"},"query-input":{"@type":"PropertyValueSpecification","valueRequired":true,"valueName":"search_term_string"}}],"inLanguage":"fr-FR"},{"@type":"Organization","@id":"https:\/\/ekco-ci.com\/ecommerce\/#organization","name":"Ekco Boutique","url":"https:\/\/ekco-ci.com\/ecommerce\/","logo":{"@type":"ImageObject","inLanguage":"fr-FR","@id":"https:\/\/ekco-ci.com\/ecommerce\/#\/schema\/logo\/image\/","url":"https:\/\/ekco-ci.com\/ecommerce\/wp-content\/uploads\/2024\/08\/cropped-lologo.png","contentUrl":"https:\/\/ekco-ci.com\/ecommerce\/wp-content\/uploads\/2024\/08\/cropped-lologo.png","width":512,"height":512,"caption":"Ekco Boutique"},"image":{"@id":"https:\/\/ekco-ci.com\/ecommerce\/#\/schema\/logo\/image\/"}}]}},"uagb_featured_image_src":{"full":["https:\/\/ekco-ci.com\/ecommerce\/wp-content\/uploads\/2025\/01\/HP-LaserJet-Pro-M428dw-1.jpg.webp",800,900,false],"thumbnail":["https:\/\/ekco-ci.com\/ecommerce\/wp-content\/uploads\/2025\/01\/HP-LaserJet-Pro-M428dw-1.jpg-150x150.webp",150,150,true],"medium":["https:\/\/ekco-ci.com\/ecommerce\/wp-content\/uploads\/2025\/01\/HP-LaserJet-Pro-M428dw-1.jpg-267x300.webp",267,300,true],"medium_large":["https:\/\/ekco-ci.com\/ecommerce\/wp-content\/uploads\/2025\/01\/HP-LaserJet-Pro-M428dw-1.jpg-768x864.webp",768,864,true],"large":["https:\/\/ekco-ci.com\/ecommerce\/wp-content\/uploads\/2025\/01\/HP-LaserJet-Pro-M428dw-1.jpg.webp",800,900,false],"1536x1536":["https:\/\/ekco-ci.com\/ecommerce\/wp-content\/uploads\/2025\/01\/HP-LaserJet-Pro-M428dw-1.jpg.webp",800,900,false],"2048x2048":["https:\/\/ekco-ci.com\/ecommerce\/wp-content\/uploads\/2025\/01\/HP-LaserJet-Pro-M428dw-1.jpg.webp",800,900,false],"cfw_cart_thumb":["https:\/\/ekco-ci.com\/ecommerce\/wp-content\/uploads\/2025\/01\/HP-LaserJet-Pro-M428dw-1.jpg-60x68.webp",60,68,true],"cfw_order_bump_thumb":["https:\/\/ekco-ci.com\/ecommerce\/wp-content\/uploads\/2025\/01\/HP-LaserJet-Pro-M428dw-1.jpg.webp",320,360,false],"woocommerce_thumbnail":["https:\/\/ekco-ci.com\/ecommerce\/wp-content\/uploads\/2025\/01\/HP-LaserJet-Pro-M428dw-1.jpg-300x225.webp",300,225,true],"woocommerce_single":["https:\/\/ekco-ci.com\/ecommerce\/wp-content\/uploads\/2025\/01\/HP-LaserJet-Pro-M428dw-1.jpg-600x675.webp",600,675,true],"woocommerce_gallery_thumbnail":["https:\/\/ekco-ci.com\/ecommerce\/wp-content\/uploads\/2025\/01\/HP-LaserJet-Pro-M428dw-1.jpg-100x100.webp",100,100,true]},"uagb_author_info":{"display_name":"Christabelle Moulo","author_link":"https:\/\/ekco-ci.com\/ecommerce\/author\/"},"uagb_comment_info":0,"uagb_excerpt":"Gagnez en productivit\u00e9 et lib\u00e9rez du temps pour vos activit\u00e9s en installant l\u2019imprimante multifonction monochrome HP LaserJet Pro M428fdw dans [&hellip;]","_links":{"self":[{"href":"https:\/\/ekco-ci.com\/ecommerce\/wp-json\/wp\/v2\/product\/11302","targetHints":{"allow":["GET"]}}],"collection":[{"href":"https:\/\/ekco-ci.com\/ecommerce\/wp-json\/wp\/v2\/product"}],"about":[{"href":"https:\/\/ekco-ci.com\/ecommerce\/wp-json\/wp\/v2\/types\/product"}],"replies":[{"embeddable":true,"href":"https:\/\/ekco-ci.com\/ecommerce\/wp-json\/wp\/v2\/comments?post=11302"}],"wp:featuredmedia":[{"embeddable":true,"href":"https:\/\/ekco-ci.com\/ecommerce\/wp-json\/wp\/v2\/media\/11303"}],"wp:attachment":[{"href":"https:\/\/ekco-ci.com\/ecommerce\/wp-json\/wp\/v2\/media?parent=11302"}],"wp:term":[{"taxonomy":"product_brand","embeddable":true,"href":"https:\/\/ekco-ci.com\/ecommerce\/wp-json\/wp\/v2\/product_brand?post=11302"},{"taxonomy":"product_cat","embeddable":true,"href":"https:\/\/ekco-ci.com\/ecommerce\/wp-json\/wp\/v2\/product_cat?post=11302"},{"taxonomy":"product_tag","embeddable":true,"href":"https:\/\/ekco-ci.com\/ecommerce\/wp-json\/wp\/v2\/product_tag?post=11302"}],"curies":[{"name":"wp","href":"https:\/\/api.w.org\/{rel}","templated":true}]}}