{"id":11266,"date":"2025-01-08T09:36:39","date_gmt":"2025-01-08T09:36:39","guid":{"rendered":"https:\/\/ekco-ci.com\/ecommerce\/?post_type=product&#038;p=11266"},"modified":"2025-01-08T09:36:42","modified_gmt":"2025-01-08T09:36:42","slug":"jeu-de-quilles-jouet-pour-enfants-10-quilles-et-2-boules-de-quilles","status":"publish","type":"product","link":"https:\/\/ekco-ci.com\/ecommerce\/produit\/jeu-de-quilles-jouet-pour-enfants-10-quilles-et-2-boules-de-quilles\/","title":{"rendered":"Jeu De Quilles Jouet Pour Enfants, 10 Quilles Et 2 Boules De Quilles"},"content":{"rendered":"<ul>\n<li><b>Caract\u00e9ristiques:<\/b><br \/>\n\u2666 Caract\u00e9ristiques telles que des jouets de bowling<br \/>\n\u2666 Multifonction int\u00e9gr\u00e9e en une seule, stimulant l&#8217;int\u00e9r\u00eat des enfants pour le jeu<br \/>\n\u2666 Les couleurs brillantes peuvent tr\u00e8s bien attirer l&#8217;attention des enfants<br \/>\n\u2666 La surface du produit est lisse et sans bavures et ne rayera pas les mains des enfants.<br \/>\n\u2666 Convient aux enfants de plus de 3 ans pour jouer<br \/>\n\u2666 Cultiver les capacit\u00e9s manuelles et mentales des enfants, ce qui contribuera \u00e0 leur d\u00e9veloppement intellectuel et \u00e0 leurs capacit\u00e9s interactives, etc.<img decoding=\"async\" class=\"desc-img-loaded\" src=\"https:\/\/ci.jumia.is\/cms\/external\/pet\/GE070TG03RE2GNAFAMZ\/54b2f960bd69a20bb1aac803f58fbae9.jpg\" alt=\"undefined\" data-lazyload-=\"\" data-src=\"https:\/\/ci.jumia.is\/cms\/external\/pet\/GE070TG03RE2GNAFAMZ\/54b2f960bd69a20bb1aac803f58fbae9.jpg\" \/><\/li>\n<\/ul>\n<p><img decoding=\"async\" class=\"desc-img-loaded\" src=\"https:\/\/ci.jumia.is\/cms\/external\/pet\/GE070TG03RE2GNAFAMZ\/f69646e411807a001a994708ba60472e.jpg\" alt=\"undefined\" data-lazyload-=\"\" data-src=\"https:\/\/ci.jumia.is\/cms\/external\/pet\/GE070TG03RE2GNAFAMZ\/f69646e411807a001a994708ba60472e.jpg\" \/><br class=\"img-brk\" \/><img decoding=\"async\" class=\"desc-img-loaded\" src=\"https:\/\/ci.jumia.is\/cms\/external\/pet\/GE070TG03RE2GNAFAMZ\/2ae7697f0ab2ce417f5e954356af95e8.jpg\" alt=\"undefined\" data-lazyload-=\"\" data-src=\"https:\/\/ci.jumia.is\/cms\/external\/pet\/GE070TG03RE2GNAFAMZ\/2ae7697f0ab2ce417f5e954356af95e8.jpg\" \/><br class=\"img-brk\" \/><img decoding=\"async\" class=\"desc-img-loaded\" src=\"https:\/\/ci.jumia.is\/cms\/external\/pet\/GE070TG03RE2GNAFAMZ\/f1455a9b9a2587b1d0f7ea68a678bf67.jpg\" alt=\"undefined\" data-lazyload-=\"\" data-src=\"https:\/\/ci.jumia.is\/cms\/external\/pet\/GE070TG03RE2GNAFAMZ\/f1455a9b9a2587b1d0f7ea68a678bf67.jpg\" \/><br class=\"img-brk\" \/><img decoding=\"async\" class=\"desc-img-loaded\" src=\"https:\/\/ci.jumia.is\/cms\/external\/pet\/GE070TG03RE2GNAFAMZ\/c5a2be809de09ea7a925a886e6433147.jpg\" alt=\"undefined\" data-lazyload-=\"\" data-src=\"https:\/\/ci.jumia.is\/cms\/external\/pet\/GE070TG03RE2GNAFAMZ\/c5a2be809de09ea7a925a886e6433147.jpg\" \/><br class=\"img-brk\" \/><img decoding=\"async\" class=\"desc-img-loaded\" src=\"https:\/\/ci.jumia.is\/cms\/external\/pet\/GE070TG03RE2GNAFAMZ\/023806f9c2dae1591bef9f2d147e99dc.jpg\" alt=\"undefined\" data-lazyload-=\"\" data-src=\"https:\/\/ci.jumia.is\/cms\/external\/pet\/GE070TG03RE2GNAFAMZ\/023806f9c2dae1591bef9f2d147e99dc.jpg\" \/><\/p>\n","protected":false},"excerpt":{"rendered":"<p>Caract\u00e9ristiques: \u2666 Caract\u00e9ristiques telles que des jouets de bowling \u2666 Multifonction int\u00e9gr\u00e9e en une seule, stimulant l&#8217;int\u00e9r\u00eat des enfants pour [&hellip;]<\/p>\n","protected":false},"featured_media":11267,"comment_status":"open","ping_status":"closed","template":"","meta":{"_uag_custom_page_level_css":"","site-sidebar-layout":"default","site-content-layout":"","ast-site-content-layout":"default","site-content-style":"default","site-sidebar-style":"default","ast-global-header-display":"","ast-banner-title-visibility":"","ast-main-header-display":"","ast-hfb-above-header-display":"","ast-hfb-below-header-display":"","ast-hfb-mobile-header-display":"","site-post-title":"","ast-breadcrumbs-content":"","ast-featured-img":"","footer-sml-layout":"","ast-disable-related-posts":"","theme-transparent-header-meta":"default","adv-header-id-meta":"","stick-header-meta":"","header-above-stick-meta":"","header-main-stick-meta":"","header-below-stick-meta":"","astra-migrate-meta-layouts":"set","ast-page-background-enabled":"default","ast-page-background-meta":{"desktop":{"background-color":"var(--ast-global-color-4)","background-image":"","background-repeat":"repeat","background-position":"center center","background-size":"auto","background-attachment":"scroll","background-type":"","background-media":"","overlay-type":"","overlay-color":"","overlay-opacity":"","overlay-gradient":""},"tablet":{"background-color":"","background-image":"","background-repeat":"repeat","background-position":"center center","background-size":"auto","background-attachment":"scroll","background-type":"","background-media":"","overlay-type":"","overlay-color":"","overlay-opacity":"","overlay-gradient":""},"mobile":{"background-color":"","background-image":"","background-repeat":"repeat","background-position":"center center","background-size":"auto","background-attachment":"scroll","background-type":"","background-media":"","overlay-type":"","overlay-color":"","overlay-opacity":"","overlay-gradient":""}},"ast-content-background-meta":{"desktop":{"background-color":"var(--ast-global-color-5)","background-image":"","background-repeat":"repeat","background-position":"center center","background-size":"auto","background-attachment":"scroll","background-type":"","background-media":"","overlay-type":"","overlay-color":"","overlay-opacity":"","overlay-gradient":""},"tablet":{"background-color":"var(--ast-global-color-5)","background-image":"","background-repeat":"repeat","background-position":"center center","background-size":"auto","background-attachment":"scroll","background-type":"","background-media":"","overlay-type":"","overlay-color":"","overlay-opacity":"","overlay-gradient":""},"mobile":{"background-color":"var(--ast-global-color-5)","background-image":"","background-repeat":"repeat","background-position":"center center","background-size":"auto","background-attachment":"scroll","background-type":"","background-media":"","overlay-type":"","overlay-color":"","overlay-opacity":"","overlay-gradient":""}}},"product_brand":[],"product_cat":[1296,1095,518,835],"product_tag":[],"class_list":{"0":"post-11266","1":"product","2":"type-product","3":"status-publish","4":"has-post-thumbnail","6":"product_cat-boules","7":"product_cat-jouets-bebe-tout-petits","8":"product_cat-produits-pour-bebe","9":"product_cat-produits-pour-bebes","10":"desktop-align-left","11":"tablet-align-left","12":"mobile-align-left","14":"first","15":"instock","16":"sale","17":"shipping-taxable","18":"purchasable","19":"product-type-simple"},"yoast_head":"<!-- This site is optimized with the Yoast SEO plugin v26.8 - https:\/\/yoast.com\/product\/yoast-seo-wordpress\/ -->\n<title>Jeu De Quilles Jouet Pour Enfants, 10 Quilles Et 2 Boules De Quilles - Ekco Boutique<\/title>\n<meta name=\"robots\" content=\"index, follow, max-snippet:-1, max-image-preview:large, max-video-preview:-1\" \/>\n<link rel=\"canonical\" href=\"https:\/\/ekco-ci.com\/ecommerce\/produit\/jeu-de-quilles-jouet-pour-enfants-10-quilles-et-2-boules-de-quilles\/\" \/>\n<meta property=\"og:locale\" content=\"fr_FR\" \/>\n<meta property=\"og:type\" content=\"article\" \/>\n<meta property=\"og:title\" content=\"Jeu De Quilles Jouet Pour Enfants, 10 Quilles Et 2 Boules De Quilles - Ekco Boutique\" \/>\n<meta property=\"og:description\" content=\"Caract\u00e9ristiques: \u2666 Caract\u00e9ristiques telles que des jouets de bowling \u2666 Multifonction int\u00e9gr\u00e9e en une seule, stimulant l&#8217;int\u00e9r\u00eat des enfants pour [&hellip;]\" \/>\n<meta property=\"og:url\" content=\"https:\/\/ekco-ci.com\/ecommerce\/produit\/jeu-de-quilles-jouet-pour-enfants-10-quilles-et-2-boules-de-quilles\/\" \/>\n<meta property=\"og:site_name\" content=\"Ekco Boutique\" \/>\n<meta property=\"article:modified_time\" content=\"2025-01-08T09:36:42+00:00\" \/>\n<meta property=\"og:image\" content=\"https:\/\/ekco-ci.com\/ecommerce\/wp-content\/uploads\/2025\/01\/5-4.jpg\" \/>\n\t<meta property=\"og:image:width\" content=\"500\" \/>\n\t<meta property=\"og:image:height\" content=\"500\" \/>\n\t<meta property=\"og:image:type\" content=\"image\/jpeg\" \/>\n<meta name=\"twitter:card\" content=\"summary_large_image\" \/>\n<meta name=\"twitter:label1\" content=\"Dur\u00e9e de lecture estim\u00e9e\" \/>\n\t<meta name=\"twitter:data1\" content=\"2 minutes\" \/>\n<script type=\"application\/ld+json\" class=\"yoast-schema-graph\">{\"@context\":\"https:\/\/schema.org\",\"@graph\":[{\"@type\":\"WebPage\",\"@id\":\"https:\/\/ekco-ci.com\/ecommerce\/produit\/jeu-de-quilles-jouet-pour-enfants-10-quilles-et-2-boules-de-quilles\/\",\"url\":\"https:\/\/ekco-ci.com\/ecommerce\/produit\/jeu-de-quilles-jouet-pour-enfants-10-quilles-et-2-boules-de-quilles\/\",\"name\":\"Jeu De Quilles Jouet Pour Enfants, 10 Quilles Et 2 Boules De Quilles - Ekco Boutique\",\"isPartOf\":{\"@id\":\"https:\/\/ekco-ci.com\/ecommerce\/#website\"},\"primaryImageOfPage\":{\"@id\":\"https:\/\/ekco-ci.com\/ecommerce\/produit\/jeu-de-quilles-jouet-pour-enfants-10-quilles-et-2-boules-de-quilles\/#primaryimage\"},\"image\":{\"@id\":\"https:\/\/ekco-ci.com\/ecommerce\/produit\/jeu-de-quilles-jouet-pour-enfants-10-quilles-et-2-boules-de-quilles\/#primaryimage\"},\"thumbnailUrl\":\"https:\/\/ekco-ci.com\/ecommerce\/wp-content\/uploads\/2025\/01\/5-4.jpg\",\"datePublished\":\"2025-01-08T09:36:39+00:00\",\"dateModified\":\"2025-01-08T09:36:42+00:00\",\"breadcrumb\":{\"@id\":\"https:\/\/ekco-ci.com\/ecommerce\/produit\/jeu-de-quilles-jouet-pour-enfants-10-quilles-et-2-boules-de-quilles\/#breadcrumb\"},\"inLanguage\":\"fr-FR\",\"potentialAction\":[{\"@type\":\"ReadAction\",\"target\":[\"https:\/\/ekco-ci.com\/ecommerce\/produit\/jeu-de-quilles-jouet-pour-enfants-10-quilles-et-2-boules-de-quilles\/\"]}]},{\"@type\":\"ImageObject\",\"inLanguage\":\"fr-FR\",\"@id\":\"https:\/\/ekco-ci.com\/ecommerce\/produit\/jeu-de-quilles-jouet-pour-enfants-10-quilles-et-2-boules-de-quilles\/#primaryimage\",\"url\":\"https:\/\/ekco-ci.com\/ecommerce\/wp-content\/uploads\/2025\/01\/5-4.jpg\",\"contentUrl\":\"https:\/\/ekco-ci.com\/ecommerce\/wp-content\/uploads\/2025\/01\/5-4.jpg\",\"width\":500,\"height\":500},{\"@type\":\"BreadcrumbList\",\"@id\":\"https:\/\/ekco-ci.com\/ecommerce\/produit\/jeu-de-quilles-jouet-pour-enfants-10-quilles-et-2-boules-de-quilles\/#breadcrumb\",\"itemListElement\":[{\"@type\":\"ListItem\",\"position\":1,\"name\":\"Home\",\"item\":\"https:\/\/ekco-ci.com\/ecommerce\/\"},{\"@type\":\"ListItem\",\"position\":2,\"name\":\"Boutique\",\"item\":\"https:\/\/ekco-ci.com\/ecommerce\/boutique\/\"},{\"@type\":\"ListItem\",\"position\":3,\"name\":\"Jeu De Quilles Jouet Pour Enfants, 10 Quilles Et 2 Boules De Quilles\"}]},{\"@type\":\"WebSite\",\"@id\":\"https:\/\/ekco-ci.com\/ecommerce\/#website\",\"url\":\"https:\/\/ekco-ci.com\/ecommerce\/\",\"name\":\"Ekco Boutique\",\"description\":\"Ekco Boutique! La qualit\u00e9 au c\u0153ur de chaque achat\",\"publisher\":{\"@id\":\"https:\/\/ekco-ci.com\/ecommerce\/#organization\"},\"alternateName\":\"Boutique\",\"potentialAction\":[{\"@type\":\"SearchAction\",\"target\":{\"@type\":\"EntryPoint\",\"urlTemplate\":\"https:\/\/ekco-ci.com\/ecommerce\/?s={search_term_string}\"},\"query-input\":{\"@type\":\"PropertyValueSpecification\",\"valueRequired\":true,\"valueName\":\"search_term_string\"}}],\"inLanguage\":\"fr-FR\"},{\"@type\":\"Organization\",\"@id\":\"https:\/\/ekco-ci.com\/ecommerce\/#organization\",\"name\":\"Ekco Boutique\",\"url\":\"https:\/\/ekco-ci.com\/ecommerce\/\",\"logo\":{\"@type\":\"ImageObject\",\"inLanguage\":\"fr-FR\",\"@id\":\"https:\/\/ekco-ci.com\/ecommerce\/#\/schema\/logo\/image\/\",\"url\":\"https:\/\/ekco-ci.com\/ecommerce\/wp-content\/uploads\/2024\/08\/cropped-lologo.png\",\"contentUrl\":\"https:\/\/ekco-ci.com\/ecommerce\/wp-content\/uploads\/2024\/08\/cropped-lologo.png\",\"width\":512,\"height\":512,\"caption\":\"Ekco Boutique\"},\"image\":{\"@id\":\"https:\/\/ekco-ci.com\/ecommerce\/#\/schema\/logo\/image\/\"}}]}<\/script>\n<!-- \/ Yoast SEO plugin. -->","yoast_head_json":{"title":"Jeu De Quilles Jouet Pour Enfants, 10 Quilles Et 2 Boules De Quilles - Ekco Boutique","robots":{"index":"index","follow":"follow","max-snippet":"max-snippet:-1","max-image-preview":"max-image-preview:large","max-video-preview":"max-video-preview:-1"},"canonical":"https:\/\/ekco-ci.com\/ecommerce\/produit\/jeu-de-quilles-jouet-pour-enfants-10-quilles-et-2-boules-de-quilles\/","og_locale":"fr_FR","og_type":"article","og_title":"Jeu De Quilles Jouet Pour Enfants, 10 Quilles Et 2 Boules De Quilles - Ekco Boutique","og_description":"Caract\u00e9ristiques: \u2666 Caract\u00e9ristiques telles que des jouets de bowling \u2666 Multifonction int\u00e9gr\u00e9e en une seule, stimulant l&#8217;int\u00e9r\u00eat des enfants pour [&hellip;]","og_url":"https:\/\/ekco-ci.com\/ecommerce\/produit\/jeu-de-quilles-jouet-pour-enfants-10-quilles-et-2-boules-de-quilles\/","og_site_name":"Ekco Boutique","article_modified_time":"2025-01-08T09:36:42+00:00","og_image":[{"width":500,"height":500,"url":"https:\/\/ekco-ci.com\/ecommerce\/wp-content\/uploads\/2025\/01\/5-4.jpg","type":"image\/jpeg"}],"twitter_card":"summary_large_image","twitter_misc":{"Dur\u00e9e de lecture estim\u00e9e":"2 minutes"},"schema":{"@context":"https:\/\/schema.org","@graph":[{"@type":"WebPage","@id":"https:\/\/ekco-ci.com\/ecommerce\/produit\/jeu-de-quilles-jouet-pour-enfants-10-quilles-et-2-boules-de-quilles\/","url":"https:\/\/ekco-ci.com\/ecommerce\/produit\/jeu-de-quilles-jouet-pour-enfants-10-quilles-et-2-boules-de-quilles\/","name":"Jeu De Quilles Jouet Pour Enfants, 10 Quilles Et 2 Boules De Quilles - Ekco Boutique","isPartOf":{"@id":"https:\/\/ekco-ci.com\/ecommerce\/#website"},"primaryImageOfPage":{"@id":"https:\/\/ekco-ci.com\/ecommerce\/produit\/jeu-de-quilles-jouet-pour-enfants-10-quilles-et-2-boules-de-quilles\/#primaryimage"},"image":{"@id":"https:\/\/ekco-ci.com\/ecommerce\/produit\/jeu-de-quilles-jouet-pour-enfants-10-quilles-et-2-boules-de-quilles\/#primaryimage"},"thumbnailUrl":"https:\/\/ekco-ci.com\/ecommerce\/wp-content\/uploads\/2025\/01\/5-4.jpg","datePublished":"2025-01-08T09:36:39+00:00","dateModified":"2025-01-08T09:36:42+00:00","breadcrumb":{"@id":"https:\/\/ekco-ci.com\/ecommerce\/produit\/jeu-de-quilles-jouet-pour-enfants-10-quilles-et-2-boules-de-quilles\/#breadcrumb"},"inLanguage":"fr-FR","potentialAction":[{"@type":"ReadAction","target":["https:\/\/ekco-ci.com\/ecommerce\/produit\/jeu-de-quilles-jouet-pour-enfants-10-quilles-et-2-boules-de-quilles\/"]}]},{"@type":"ImageObject","inLanguage":"fr-FR","@id":"https:\/\/ekco-ci.com\/ecommerce\/produit\/jeu-de-quilles-jouet-pour-enfants-10-quilles-et-2-boules-de-quilles\/#primaryimage","url":"https:\/\/ekco-ci.com\/ecommerce\/wp-content\/uploads\/2025\/01\/5-4.jpg","contentUrl":"https:\/\/ekco-ci.com\/ecommerce\/wp-content\/uploads\/2025\/01\/5-4.jpg","width":500,"height":500},{"@type":"BreadcrumbList","@id":"https:\/\/ekco-ci.com\/ecommerce\/produit\/jeu-de-quilles-jouet-pour-enfants-10-quilles-et-2-boules-de-quilles\/#breadcrumb","itemListElement":[{"@type":"ListItem","position":1,"name":"Home","item":"https:\/\/ekco-ci.com\/ecommerce\/"},{"@type":"ListItem","position":2,"name":"Boutique","item":"https:\/\/ekco-ci.com\/ecommerce\/boutique\/"},{"@type":"ListItem","position":3,"name":"Jeu De Quilles Jouet Pour Enfants, 10 Quilles Et 2 Boules De Quilles"}]},{"@type":"WebSite","@id":"https:\/\/ekco-ci.com\/ecommerce\/#website","url":"https:\/\/ekco-ci.com\/ecommerce\/","name":"Ekco Boutique","description":"Ekco Boutique! La qualit\u00e9 au c\u0153ur de chaque achat","publisher":{"@id":"https:\/\/ekco-ci.com\/ecommerce\/#organization"},"alternateName":"Boutique","potentialAction":[{"@type":"SearchAction","target":{"@type":"EntryPoint","urlTemplate":"https:\/\/ekco-ci.com\/ecommerce\/?s={search_term_string}"},"query-input":{"@type":"PropertyValueSpecification","valueRequired":true,"valueName":"search_term_string"}}],"inLanguage":"fr-FR"},{"@type":"Organization","@id":"https:\/\/ekco-ci.com\/ecommerce\/#organization","name":"Ekco Boutique","url":"https:\/\/ekco-ci.com\/ecommerce\/","logo":{"@type":"ImageObject","inLanguage":"fr-FR","@id":"https:\/\/ekco-ci.com\/ecommerce\/#\/schema\/logo\/image\/","url":"https:\/\/ekco-ci.com\/ecommerce\/wp-content\/uploads\/2024\/08\/cropped-lologo.png","contentUrl":"https:\/\/ekco-ci.com\/ecommerce\/wp-content\/uploads\/2024\/08\/cropped-lologo.png","width":512,"height":512,"caption":"Ekco Boutique"},"image":{"@id":"https:\/\/ekco-ci.com\/ecommerce\/#\/schema\/logo\/image\/"}}]}},"uagb_featured_image_src":{"full":["https:\/\/ekco-ci.com\/ecommerce\/wp-content\/uploads\/2025\/01\/5-4.jpg",500,500,false],"thumbnail":["https:\/\/ekco-ci.com\/ecommerce\/wp-content\/uploads\/2025\/01\/5-4-150x150.jpg",150,150,true],"medium":["https:\/\/ekco-ci.com\/ecommerce\/wp-content\/uploads\/2025\/01\/5-4-300x300.jpg",300,300,true],"medium_large":["https:\/\/ekco-ci.com\/ecommerce\/wp-content\/uploads\/2025\/01\/5-4.jpg",500,500,false],"large":["https:\/\/ekco-ci.com\/ecommerce\/wp-content\/uploads\/2025\/01\/5-4.jpg",500,500,false],"1536x1536":["https:\/\/ekco-ci.com\/ecommerce\/wp-content\/uploads\/2025\/01\/5-4.jpg",500,500,false],"2048x2048":["https:\/\/ekco-ci.com\/ecommerce\/wp-content\/uploads\/2025\/01\/5-4.jpg",500,500,false],"cfw_cart_thumb":["https:\/\/ekco-ci.com\/ecommerce\/wp-content\/uploads\/2025\/01\/5-4-60x60.jpg",60,60,true],"cfw_order_bump_thumb":["https:\/\/ekco-ci.com\/ecommerce\/wp-content\/uploads\/2025\/01\/5-4.jpg",320,320,false],"woocommerce_thumbnail":["https:\/\/ekco-ci.com\/ecommerce\/wp-content\/uploads\/2025\/01\/5-4-300x225.jpg",300,225,true],"woocommerce_single":["https:\/\/ekco-ci.com\/ecommerce\/wp-content\/uploads\/2025\/01\/5-4.jpg",500,500,false],"woocommerce_gallery_thumbnail":["https:\/\/ekco-ci.com\/ecommerce\/wp-content\/uploads\/2025\/01\/5-4-100x100.jpg",100,100,true]},"uagb_author_info":{"display_name":"Christabelle Moulo","author_link":"https:\/\/ekco-ci.com\/ecommerce\/author\/"},"uagb_comment_info":0,"uagb_excerpt":"Caract\u00e9ristiques: \u2666 Caract\u00e9ristiques telles que des jouets de bowling \u2666 Multifonction int\u00e9gr\u00e9e en une seule, stimulant l&#8217;int\u00e9r\u00eat des enfants pour [&hellip;]","_links":{"self":[{"href":"https:\/\/ekco-ci.com\/ecommerce\/wp-json\/wp\/v2\/product\/11266","targetHints":{"allow":["GET"]}}],"collection":[{"href":"https:\/\/ekco-ci.com\/ecommerce\/wp-json\/wp\/v2\/product"}],"about":[{"href":"https:\/\/ekco-ci.com\/ecommerce\/wp-json\/wp\/v2\/types\/product"}],"replies":[{"embeddable":true,"href":"https:\/\/ekco-ci.com\/ecommerce\/wp-json\/wp\/v2\/comments?post=11266"}],"wp:featuredmedia":[{"embeddable":true,"href":"https:\/\/ekco-ci.com\/ecommerce\/wp-json\/wp\/v2\/media\/11267"}],"wp:attachment":[{"href":"https:\/\/ekco-ci.com\/ecommerce\/wp-json\/wp\/v2\/media?parent=11266"}],"wp:term":[{"taxonomy":"product_brand","embeddable":true,"href":"https:\/\/ekco-ci.com\/ecommerce\/wp-json\/wp\/v2\/product_brand?post=11266"},{"taxonomy":"product_cat","embeddable":true,"href":"https:\/\/ekco-ci.com\/ecommerce\/wp-json\/wp\/v2\/product_cat?post=11266"},{"taxonomy":"product_tag","embeddable":true,"href":"https:\/\/ekco-ci.com\/ecommerce\/wp-json\/wp\/v2\/product_tag?post=11266"}],"curies":[{"name":"wp","href":"https:\/\/api.w.org\/{rel}","templated":true}]}}