{"id":11137,"date":"2024-12-31T10:01:55","date_gmt":"2024-12-31T10:01:55","guid":{"rendered":"https:\/\/ekco-ci.com\/ecommerce\/?post_type=product&#038;p=11137"},"modified":"2024-12-31T10:01:58","modified_gmt":"2024-12-31T10:01:58","slug":"pantalon-chasseur-homme-decontracte-noir","status":"publish","type":"product","link":"https:\/\/ekco-ci.com\/ecommerce\/produit\/pantalon-chasseur-homme-decontracte-noir\/","title":{"rendered":"Pantalon Chasseur Homme D\u00e9contract\u00e9 &#8211; Noir"},"content":{"rendered":"<table border=\"1\" cellspacing=\"1\" cellpadding=\"1\">\n<tbody>\n<tr>\n<td>\u2605Plus de recommandations de produits<strong>\u2605<\/strong><\/td>\n<\/tr>\n<\/tbody>\n<\/table>\n<table border=\"1\" cellspacing=\"1\" cellpadding=\"1\">\n<tbody>\n<tr>\n<td><a href=\"https:\/\/www.jumia.ci\/fashion-chaussures-decontractees-hommes-respirantes-mesh-sandales-29371484.html\"><img decoding=\"async\" src=\"https:\/\/ci.jumia.is\/unsafe\/fit-in\/500x500\/filters:fill(white)\/product\/48\/417392\/1.jpg?2875\" alt=\"\" data-src=\"https:\/\/ci.jumia.is\/unsafe\/fit-in\/500x500\/filters:fill(white)\/product\/48\/417392\/1.jpg?2875\" \/><\/a><\/td>\n<td><a href=\"https:\/\/www.jumia.ci\/fashion-baskets-demi-flop-decontractees-pour-hommes-noir-29631010.html\"><img decoding=\"async\" src=\"https:\/\/ci.jumia.is\/unsafe\/fit-in\/500x500\/filters:fill(white)\/product\/01\/013692\/1.jpg?2773\" alt=\"\" data-src=\"https:\/\/ci.jumia.is\/unsafe\/fit-in\/500x500\/filters:fill(white)\/product\/01\/013692\/1.jpg?2773\" \/><\/a><\/td>\n<td><a href=\"https:\/\/www.jumia.ci\/fashion-chaussures-pour-hommes-noir-26898970.html\"><img decoding=\"async\" src=\"https:\/\/ci.jumia.is\/unsafe\/fit-in\/500x500\/filters:fill(white)\/product\/07\/989862\/1.jpg?9350\" alt=\"\" data-src=\"https:\/\/ci.jumia.is\/unsafe\/fit-in\/500x500\/filters:fill(white)\/product\/07\/989862\/1.jpg?9350\" \/><\/a><\/td>\n<td><a href=\"https:\/\/www.jumia.ci\/fashion-chaussures-decontractees-pour-hommes-20583277.html\"><img decoding=\"async\" src=\"https:\/\/ci.jumia.is\/unsafe\/fit-in\/500x500\/filters:fill(white)\/product\/77\/238502\/3.jpg?7145\" alt=\"\" data-src=\"https:\/\/ci.jumia.is\/unsafe\/fit-in\/500x500\/filters:fill(white)\/product\/77\/238502\/3.jpg?7145\" \/><\/a><\/td>\n<td><a href=\"https:\/\/www.jumia.ci\/fashion-baskets-dexterieur-decontractees-pour-hommes-29371482.html\"><img decoding=\"async\" src=\"https:\/\/ci.jumia.is\/unsafe\/fit-in\/500x500\/filters:fill(white)\/product\/28\/417392\/1.jpg?2859\" alt=\"\" data-src=\"https:\/\/ci.jumia.is\/unsafe\/fit-in\/500x500\/filters:fill(white)\/product\/28\/417392\/1.jpg?2859\" \/><\/a><\/td>\n<\/tr>\n<tr>\n<td><a href=\"https:\/\/www.jumia.ci\/fashion-chaussures-de-sport-a-semelle-epaisse-homme-basket-sneaker-26373843.html\"><img decoding=\"async\" src=\"https:\/\/ci.jumia.is\/unsafe\/fit-in\/500x500\/filters:fill(white)\/product\/34\/837362\/4.jpg?7200\" alt=\"\" data-src=\"https:\/\/ci.jumia.is\/unsafe\/fit-in\/500x500\/filters:fill(white)\/product\/34\/837362\/4.jpg?7200\" \/><\/a><\/td>\n<td><a href=\"https:\/\/www.jumia.ci\/fashion-baskets-respirantes-homme-kaki-26853138.html\"><img decoding=\"async\" src=\"https:\/\/ci.jumia.is\/unsafe\/fit-in\/500x500\/filters:fill(white)\/product\/83\/135862\/1.jpg?5775\" alt=\"\" data-src=\"https:\/\/ci.jumia.is\/unsafe\/fit-in\/500x500\/filters:fill(white)\/product\/83\/135862\/1.jpg?5775\" \/><\/a><\/td>\n<td><a href=\"https:\/\/www.jumia.ci\/fashion-hommes-chaussures-en-cuir-britanniques-a-la-mode-15054550.html\"><img decoding=\"async\" src=\"https:\/\/ci.jumia.is\/unsafe\/fit-in\/500x500\/filters:fill(white)\/product\/05\/545051\/1.jpg?2709\" alt=\"\" data-src=\"https:\/\/ci.jumia.is\/unsafe\/fit-in\/500x500\/filters:fill(white)\/product\/05\/545051\/1.jpg?2709\" \/><\/a><\/td>\n<td><a href=\"https:\/\/www.jumia.ci\/fashion-baskets-a-semelles-souples-pour-homme-pu-leather-mocassins-brun-29663830.html\"><img decoding=\"async\" src=\"https:\/\/ci.jumia.is\/unsafe\/fit-in\/500x500\/filters:fill(white)\/product\/03\/836692\/1.jpg?2844\" alt=\"\" data-src=\"https:\/\/ci.jumia.is\/unsafe\/fit-in\/500x500\/filters:fill(white)\/product\/03\/836692\/1.jpg?2844\" \/><\/a><\/td>\n<td><a href=\"https:\/\/www.jumia.ci\/fashion-sneakers-decontractees-homme-avec-cuir-mocassins-polyvalents-noir-29663835.html\"><img decoding=\"async\" src=\"https:\/\/ci.jumia.is\/unsafe\/fit-in\/500x500\/filters:fill(white)\/product\/53\/836692\/1.jpg?9446\" alt=\"\" data-src=\"https:\/\/ci.jumia.is\/unsafe\/fit-in\/500x500\/filters:fill(white)\/product\/53\/836692\/1.jpg?9446\" \/><\/a><\/td>\n<\/tr>\n<tr>\n<td><a href=\"https:\/\/www.jumia.ci\/fashion-chaussures-decontractees-en-toile-a-semelle-souple-pour-hommes-bleu-29703731.html\"><img decoding=\"async\" src=\"https:\/\/ci.jumia.is\/unsafe\/fit-in\/500x500\/filters:fill(white)\/product\/13\/730792\/1.jpg?3845\" alt=\"\" data-src=\"https:\/\/ci.jumia.is\/unsafe\/fit-in\/500x500\/filters:fill(white)\/product\/13\/730792\/1.jpg?3845\" \/><\/a><\/td>\n<td><a href=\"https:\/\/www.jumia.ci\/fashion-chaussures-en-toile-respirante-pour-hommes-bleu-fonce-29703725.html\"><img decoding=\"async\" src=\"https:\/\/ci.jumia.is\/unsafe\/fit-in\/500x500\/filters:fill(white)\/product\/52\/730792\/1.jpg?4340\" alt=\"\" data-src=\"https:\/\/ci.jumia.is\/unsafe\/fit-in\/500x500\/filters:fill(white)\/product\/52\/730792\/1.jpg?4340\" \/><\/a><\/td>\n<td><a href=\"https:\/\/www.jumia.ci\/fashion-demi-pantoufles-plates-decontractees-pour-hommes-noir-29703728.html\"><img decoding=\"async\" src=\"https:\/\/ci.jumia.is\/unsafe\/fit-in\/500x500\/filters:fill(white)\/product\/82\/730792\/1.jpg?0444\" alt=\"\" data-src=\"https:\/\/ci.jumia.is\/unsafe\/fit-in\/500x500\/filters:fill(white)\/product\/82\/730792\/1.jpg?0444\" \/><\/a><\/td>\n<td><a href=\"https:\/\/www.jumia.ci\/fashion-pantoufles-decontractees-pour-hommes-noirvert-29703726.html\"><img decoding=\"async\" src=\"https:\/\/ci.jumia.is\/unsafe\/fit-in\/500x500\/filters:fill(white)\/product\/62\/730792\/1.jpg?4340\" alt=\"\" data-src=\"https:\/\/ci.jumia.is\/unsafe\/fit-in\/500x500\/filters:fill(white)\/product\/62\/730792\/1.jpg?4340\" \/><\/a><\/td>\n<td><a href=\"https:\/\/www.jumia.ci\/fashion-pantoufles-decontractees-pour-hommes-noir-29703721.html\"><img decoding=\"async\" src=\"https:\/\/ci.jumia.is\/unsafe\/fit-in\/500x500\/filters:fill(white)\/product\/12\/730792\/1.jpg?4264\" alt=\"\" data-src=\"https:\/\/ci.jumia.is\/unsafe\/fit-in\/500x500\/filters:fill(white)\/product\/12\/730792\/1.jpg?4264\" \/><\/a><\/td>\n<\/tr>\n<tr>\n<td><a href=\"https:\/\/www.jumia.ci\/fashion-homme-t-shirt-top-imprime-manches-courtes-noir-29028060.html\"><img decoding=\"async\" src=\"https:\/\/ci.jumia.is\/unsafe\/fit-in\/500x500\/filters:fill(white)\/product\/06\/082092\/1.jpg?9338\" alt=\"\" data-src=\"https:\/\/ci.jumia.is\/unsafe\/fit-in\/500x500\/filters:fill(white)\/product\/06\/082092\/1.jpg?9338\" \/><\/a><\/td>\n<td><a href=\"https:\/\/www.jumia.ci\/fashion-chemise-a-manches-longues-pour-hommes-multicolore-20096983.html\"><img decoding=\"async\" src=\"https:\/\/ci.jumia.is\/unsafe\/fit-in\/500x500\/filters:fill(white)\/product\/38\/969002\/1.jpg?7551\" alt=\"\" data-src=\"https:\/\/ci.jumia.is\/unsafe\/fit-in\/500x500\/filters:fill(white)\/product\/38\/969002\/1.jpg?7551\" \/><\/a><\/td>\n<td><a href=\"https:\/\/www.jumia.ci\/fashion-short-en-jean-pour-homme-bleu-29028038.html\"><img decoding=\"async\" src=\"https:\/\/ci.jumia.is\/unsafe\/fit-in\/500x500\/filters:fill(white)\/product\/83\/082092\/1.jpg?9351\" alt=\"\" data-src=\"https:\/\/ci.jumia.is\/unsafe\/fit-in\/500x500\/filters:fill(white)\/product\/83\/082092\/1.jpg?9351\" \/><\/a><\/td>\n<td><a href=\"https:\/\/www.jumia.ci\/fashion-2pcs-homme-chemiseshorts-loisirs-sports-3d-ensemble-bleu-29028064.html\"><img decoding=\"async\" src=\"https:\/\/ci.jumia.is\/unsafe\/fit-in\/500x500\/filters:fill(white)\/product\/46\/082092\/3.jpg?9335\" alt=\"\" data-src=\"https:\/\/ci.jumia.is\/unsafe\/fit-in\/500x500\/filters:fill(white)\/product\/46\/082092\/3.jpg?9335\" \/><\/a><\/td>\n<td><a href=\"https:\/\/www.jumia.ci\/fashion-polo-raye-decontracte-a-manches-courtes-pour-hommes-29631771.html\"><img decoding=\"async\" src=\"https:\/\/ci.jumia.is\/unsafe\/fit-in\/500x500\/filters:fill(white)\/product\/17\/713692\/1.jpg?1235\" alt=\"\" data-src=\"https:\/\/ci.jumia.is\/unsafe\/fit-in\/500x500\/filters:fill(white)\/product\/17\/713692\/1.jpg?1235\" \/><\/a><\/td>\n<\/tr>\n<tr>\n<td><a href=\"https:\/\/www.jumia.ci\/fashion-chemise-homme-plaid-manches-longues-rouge-20322245.html\"><img decoding=\"async\" src=\"https:\/\/ci.jumia.is\/unsafe\/fit-in\/500x500\/filters:fill(white)\/product\/54\/222302\/1.jpg?0548\" alt=\"\" data-src=\"https:\/\/ci.jumia.is\/unsafe\/fit-in\/500x500\/filters:fill(white)\/product\/54\/222302\/1.jpg?0548\" \/><\/a><\/td>\n<td><a href=\"https:\/\/www.jumia.ci\/fashion-2-pcs-homme-casual-sport-shorts-noir-khaki-29700828.html\"><img decoding=\"async\" src=\"https:\/\/ci.jumia.is\/unsafe\/fit-in\/500x500\/filters:fill(white)\/product\/82\/800792\/1.jpg?2843\" alt=\"\" data-src=\"https:\/\/ci.jumia.is\/unsafe\/fit-in\/500x500\/filters:fill(white)\/product\/82\/800792\/1.jpg?2843\" \/><\/a><\/td>\n<td><a href=\"https:\/\/www.jumia.ci\/fashion-homme-uni-col-rond-manches-courtes-brown-29700697.html\"><img decoding=\"async\" src=\"image\/gif;base64,R0lGODlhAQABAIAAAAAAAP\/\/\/yH5BAEAAAAALAAAAAABAAEAAAIBRAA7\" alt=\"\" data-src=\"https:\/\/ci.jumia.is\/unsafe\/fit-in\/500x500\/filters:fill(white)\/product\/79\/600792\/1.jpg?2088\" data-lazy-error=\"true\" \/><\/a><\/td>\n<td><a href=\"https:\/\/www.jumia.ci\/fashion-chemise-imprimee-pour-homme-rouge-29679794.html\"><img decoding=\"async\" src=\"image\/gif;base64,R0lGODlhAQABAIAAAAAAAP\/\/\/yH5BAEAAAAALAAAAAABAAEAAAIBRAA7\" alt=\"\" data-src=\"https:\/\/ci.jumia.is\/unsafe\/fit-in\/500x500\/filters:fill(white)\/product\/49\/797692\/3.jpg?0453\" data-lazy-error=\"true\" \/><\/a><\/td>\n<td><a href=\"https:\/\/www.jumia.ci\/fashion-pantalon-decontracte-homme-pantalon-de-sport-beige-29679785.html\"><img decoding=\"async\" src=\"image\/gif;base64,R0lGODlhAQABAIAAAAAAAP\/\/\/yH5BAEAAAAALAAAAAABAAEAAAIBRAA7\" alt=\"\" data-src=\"https:\/\/ci.jumia.is\/unsafe\/fit-in\/500x500\/filters:fill(white)\/product\/58\/797692\/1.jpg?5318\" data-lazy-error=\"true\" \/><\/a><\/td>\n<\/tr>\n<\/tbody>\n<\/table>\n<p>Ce\u00a0<strong>pantalon cargo est con\u00e7u avec\u00a0<\/strong>un bon sens du d\u00e9tail et de l&#8217;artisanat. Fabriqu\u00e9 en 100% coton\/polyester, doux et confortable. Il est fait de mat\u00e9riaux de haute qualit\u00e9, durables et adapt\u00e9s \u00e0 votre usage quotidien. Un design \u00e9l\u00e9gant et \u00e9l\u00e9gant vous rend plus attrayant. Ce costume est parfait pour les sorties, les soir\u00e9es cin\u00e9ma, No\u00ebl, les anniversaires, les anniversaires de la Saint-Valentin et plus encore. Nos conceptions graphiques sont imprim\u00e9es de mani\u00e8re professionnelle et standard. Il est \u00e9galement dot\u00e9 de poignets c\u00f4tel\u00e9s \u00e9lastiques et d&#8217;une ceinture pour se prot\u00e9ger du froid. \u00a0 VEUILLEZ NOTER : Le tissu que vous recevrez sera froiss\u00e9 en raison des besoins d&#8217;exp\u00e9dition. Ne vous inqui\u00e9tez pas, cette condition de pli dispara\u00eetra apr\u00e8s votre premier nettoyage ou repassage. \u00a0 \u00c0 propos de la couleur : les images sont fournies \u00e0 titre indicatif uniquement. En raison des limitations photographiques et des diff\u00e9rences in\u00e9vitables dans les param\u00e8tres du moniteur, les couleurs affich\u00e9es sur les photos peuvent ne pas correspondre \u00e0 100 % aux couleurs de l&#8217;article lui-m\u00eame.<\/p>\n","protected":false},"excerpt":{"rendered":"<p>\u2605Plus de recommandations de produits\u2605 Ce\u00a0pantalon cargo est con\u00e7u avec\u00a0un bon sens du d\u00e9tail et de l&#8217;artisanat. Fabriqu\u00e9 en 100% [&hellip;]<\/p>\n","protected":false},"featured_media":11138,"comment_status":"open","ping_status":"closed","template":"","meta":{"_uag_custom_page_level_css":"","site-sidebar-layout":"default","site-content-layout":"","ast-site-content-layout":"default","site-content-style":"default","site-sidebar-style":"default","ast-global-header-display":"","ast-banner-title-visibility":"","ast-main-header-display":"","ast-hfb-above-header-display":"","ast-hfb-below-header-display":"","ast-hfb-mobile-header-display":"","site-post-title":"","ast-breadcrumbs-content":"","ast-featured-img":"","footer-sml-layout":"","ast-disable-related-posts":"","theme-transparent-header-meta":"default","adv-header-id-meta":"","stick-header-meta":"","header-above-stick-meta":"","header-main-stick-meta":"","header-below-stick-meta":"","astra-migrate-meta-layouts":"set","ast-page-background-enabled":"default","ast-page-background-meta":{"desktop":{"background-color":"var(--ast-global-color-4)","background-image":"","background-repeat":"repeat","background-position":"center center","background-size":"auto","background-attachment":"scroll","background-type":"","background-media":"","overlay-type":"","overlay-color":"","overlay-opacity":"","overlay-gradient":""},"tablet":{"background-color":"","background-image":"","background-repeat":"repeat","background-position":"center center","background-size":"auto","background-attachment":"scroll","background-type":"","background-media":"","overlay-type":"","overlay-color":"","overlay-opacity":"","overlay-gradient":""},"mobile":{"background-color":"","background-image":"","background-repeat":"repeat","background-position":"center center","background-size":"auto","background-attachment":"scroll","background-type":"","background-media":"","overlay-type":"","overlay-color":"","overlay-opacity":"","overlay-gradient":""}},"ast-content-background-meta":{"desktop":{"background-color":"var(--ast-global-color-5)","background-image":"","background-repeat":"repeat","background-position":"center center","background-size":"auto","background-attachment":"scroll","background-type":"","background-media":"","overlay-type":"","overlay-color":"","overlay-opacity":"","overlay-gradient":""},"tablet":{"background-color":"var(--ast-global-color-5)","background-image":"","background-repeat":"repeat","background-position":"center center","background-size":"auto","background-attachment":"scroll","background-type":"","background-media":"","overlay-type":"","overlay-color":"","overlay-opacity":"","overlay-gradient":""},"mobile":{"background-color":"var(--ast-global-color-5)","background-image":"","background-repeat":"repeat","background-position":"center center","background-size":"auto","background-attachment":"scroll","background-type":"","background-media":"","overlay-type":"","overlay-color":"","overlay-opacity":"","overlay-gradient":""}}},"product_brand":[],"product_cat":[30,1211,1213,1278,1212],"product_tag":[],"class_list":{"0":"post-11137","1":"product","2":"type-product","3":"status-publish","4":"has-post-thumbnail","6":"product_cat-mode","7":"product_cat-mode-homme","8":"product_cat-pantalon","9":"product_cat-trousers","10":"product_cat-vetements-mode-homme","11":"desktop-align-left","12":"tablet-align-left","13":"mobile-align-left","15":"first","16":"instock","17":"sale","18":"shipping-taxable","19":"purchasable","20":"product-type-simple"},"yoast_head":"<!-- This site is optimized with the Yoast SEO plugin v26.8 - https:\/\/yoast.com\/product\/yoast-seo-wordpress\/ -->\n<title>Pantalon Chasseur Homme D\u00e9contract\u00e9 - Noir - Ekco Boutique<\/title>\n<meta name=\"robots\" content=\"index, follow, max-snippet:-1, max-image-preview:large, max-video-preview:-1\" \/>\n<link rel=\"canonical\" href=\"https:\/\/ekco-ci.com\/ecommerce\/produit\/pantalon-chasseur-homme-decontracte-noir\/\" \/>\n<meta property=\"og:locale\" content=\"fr_FR\" \/>\n<meta property=\"og:type\" content=\"article\" \/>\n<meta property=\"og:title\" content=\"Pantalon Chasseur Homme D\u00e9contract\u00e9 - Noir - Ekco Boutique\" \/>\n<meta property=\"og:description\" content=\"\u2605Plus de recommandations de produits\u2605 Ce\u00a0pantalon cargo est con\u00e7u avec\u00a0un bon sens du d\u00e9tail et de l&#8217;artisanat. Fabriqu\u00e9 en 100% [&hellip;]\" \/>\n<meta property=\"og:url\" content=\"https:\/\/ekco-ci.com\/ecommerce\/produit\/pantalon-chasseur-homme-decontracte-noir\/\" \/>\n<meta property=\"og:site_name\" content=\"Ekco Boutique\" \/>\n<meta property=\"article:modified_time\" content=\"2024-12-31T10:01:58+00:00\" \/>\n<meta property=\"og:image\" content=\"https:\/\/ekco-ci.com\/ecommerce\/wp-content\/uploads\/2024\/12\/5-17.jpg\" \/>\n\t<meta property=\"og:image:width\" content=\"500\" \/>\n\t<meta property=\"og:image:height\" content=\"500\" \/>\n\t<meta property=\"og:image:type\" content=\"image\/jpeg\" \/>\n<meta name=\"twitter:card\" content=\"summary_large_image\" \/>\n<meta name=\"twitter:label1\" content=\"Dur\u00e9e de lecture estim\u00e9e\" \/>\n\t<meta name=\"twitter:data1\" content=\"7 minutes\" \/>\n<script type=\"application\/ld+json\" class=\"yoast-schema-graph\">{\"@context\":\"https:\/\/schema.org\",\"@graph\":[{\"@type\":\"WebPage\",\"@id\":\"https:\/\/ekco-ci.com\/ecommerce\/produit\/pantalon-chasseur-homme-decontracte-noir\/\",\"url\":\"https:\/\/ekco-ci.com\/ecommerce\/produit\/pantalon-chasseur-homme-decontracte-noir\/\",\"name\":\"Pantalon Chasseur Homme D\u00e9contract\u00e9 - Noir - Ekco Boutique\",\"isPartOf\":{\"@id\":\"https:\/\/ekco-ci.com\/ecommerce\/#website\"},\"primaryImageOfPage\":{\"@id\":\"https:\/\/ekco-ci.com\/ecommerce\/produit\/pantalon-chasseur-homme-decontracte-noir\/#primaryimage\"},\"image\":{\"@id\":\"https:\/\/ekco-ci.com\/ecommerce\/produit\/pantalon-chasseur-homme-decontracte-noir\/#primaryimage\"},\"thumbnailUrl\":\"https:\/\/ekco-ci.com\/ecommerce\/wp-content\/uploads\/2024\/12\/5-17.jpg\",\"datePublished\":\"2024-12-31T10:01:55+00:00\",\"dateModified\":\"2024-12-31T10:01:58+00:00\",\"breadcrumb\":{\"@id\":\"https:\/\/ekco-ci.com\/ecommerce\/produit\/pantalon-chasseur-homme-decontracte-noir\/#breadcrumb\"},\"inLanguage\":\"fr-FR\",\"potentialAction\":[{\"@type\":\"ReadAction\",\"target\":[\"https:\/\/ekco-ci.com\/ecommerce\/produit\/pantalon-chasseur-homme-decontracte-noir\/\"]}]},{\"@type\":\"ImageObject\",\"inLanguage\":\"fr-FR\",\"@id\":\"https:\/\/ekco-ci.com\/ecommerce\/produit\/pantalon-chasseur-homme-decontracte-noir\/#primaryimage\",\"url\":\"https:\/\/ekco-ci.com\/ecommerce\/wp-content\/uploads\/2024\/12\/5-17.jpg\",\"contentUrl\":\"https:\/\/ekco-ci.com\/ecommerce\/wp-content\/uploads\/2024\/12\/5-17.jpg\",\"width\":500,\"height\":500},{\"@type\":\"BreadcrumbList\",\"@id\":\"https:\/\/ekco-ci.com\/ecommerce\/produit\/pantalon-chasseur-homme-decontracte-noir\/#breadcrumb\",\"itemListElement\":[{\"@type\":\"ListItem\",\"position\":1,\"name\":\"Home\",\"item\":\"https:\/\/ekco-ci.com\/ecommerce\/\"},{\"@type\":\"ListItem\",\"position\":2,\"name\":\"Boutique\",\"item\":\"https:\/\/ekco-ci.com\/ecommerce\/boutique\/\"},{\"@type\":\"ListItem\",\"position\":3,\"name\":\"Pantalon Chasseur Homme D\u00e9contract\u00e9 &#8211; Noir\"}]},{\"@type\":\"WebSite\",\"@id\":\"https:\/\/ekco-ci.com\/ecommerce\/#website\",\"url\":\"https:\/\/ekco-ci.com\/ecommerce\/\",\"name\":\"Ekco Boutique\",\"description\":\"Ekco Boutique! La qualit\u00e9 au c\u0153ur de chaque achat\",\"publisher\":{\"@id\":\"https:\/\/ekco-ci.com\/ecommerce\/#organization\"},\"alternateName\":\"Boutique\",\"potentialAction\":[{\"@type\":\"SearchAction\",\"target\":{\"@type\":\"EntryPoint\",\"urlTemplate\":\"https:\/\/ekco-ci.com\/ecommerce\/?s={search_term_string}\"},\"query-input\":{\"@type\":\"PropertyValueSpecification\",\"valueRequired\":true,\"valueName\":\"search_term_string\"}}],\"inLanguage\":\"fr-FR\"},{\"@type\":\"Organization\",\"@id\":\"https:\/\/ekco-ci.com\/ecommerce\/#organization\",\"name\":\"Ekco Boutique\",\"url\":\"https:\/\/ekco-ci.com\/ecommerce\/\",\"logo\":{\"@type\":\"ImageObject\",\"inLanguage\":\"fr-FR\",\"@id\":\"https:\/\/ekco-ci.com\/ecommerce\/#\/schema\/logo\/image\/\",\"url\":\"https:\/\/ekco-ci.com\/ecommerce\/wp-content\/uploads\/2024\/08\/cropped-lologo.png\",\"contentUrl\":\"https:\/\/ekco-ci.com\/ecommerce\/wp-content\/uploads\/2024\/08\/cropped-lologo.png\",\"width\":512,\"height\":512,\"caption\":\"Ekco Boutique\"},\"image\":{\"@id\":\"https:\/\/ekco-ci.com\/ecommerce\/#\/schema\/logo\/image\/\"}}]}<\/script>\n<!-- \/ Yoast SEO plugin. -->","yoast_head_json":{"title":"Pantalon Chasseur Homme D\u00e9contract\u00e9 - Noir - Ekco Boutique","robots":{"index":"index","follow":"follow","max-snippet":"max-snippet:-1","max-image-preview":"max-image-preview:large","max-video-preview":"max-video-preview:-1"},"canonical":"https:\/\/ekco-ci.com\/ecommerce\/produit\/pantalon-chasseur-homme-decontracte-noir\/","og_locale":"fr_FR","og_type":"article","og_title":"Pantalon Chasseur Homme D\u00e9contract\u00e9 - Noir - Ekco Boutique","og_description":"\u2605Plus de recommandations de produits\u2605 Ce\u00a0pantalon cargo est con\u00e7u avec\u00a0un bon sens du d\u00e9tail et de l&#8217;artisanat. Fabriqu\u00e9 en 100% [&hellip;]","og_url":"https:\/\/ekco-ci.com\/ecommerce\/produit\/pantalon-chasseur-homme-decontracte-noir\/","og_site_name":"Ekco Boutique","article_modified_time":"2024-12-31T10:01:58+00:00","og_image":[{"width":500,"height":500,"url":"https:\/\/ekco-ci.com\/ecommerce\/wp-content\/uploads\/2024\/12\/5-17.jpg","type":"image\/jpeg"}],"twitter_card":"summary_large_image","twitter_misc":{"Dur\u00e9e de lecture estim\u00e9e":"7 minutes"},"schema":{"@context":"https:\/\/schema.org","@graph":[{"@type":"WebPage","@id":"https:\/\/ekco-ci.com\/ecommerce\/produit\/pantalon-chasseur-homme-decontracte-noir\/","url":"https:\/\/ekco-ci.com\/ecommerce\/produit\/pantalon-chasseur-homme-decontracte-noir\/","name":"Pantalon Chasseur Homme D\u00e9contract\u00e9 - Noir - Ekco Boutique","isPartOf":{"@id":"https:\/\/ekco-ci.com\/ecommerce\/#website"},"primaryImageOfPage":{"@id":"https:\/\/ekco-ci.com\/ecommerce\/produit\/pantalon-chasseur-homme-decontracte-noir\/#primaryimage"},"image":{"@id":"https:\/\/ekco-ci.com\/ecommerce\/produit\/pantalon-chasseur-homme-decontracte-noir\/#primaryimage"},"thumbnailUrl":"https:\/\/ekco-ci.com\/ecommerce\/wp-content\/uploads\/2024\/12\/5-17.jpg","datePublished":"2024-12-31T10:01:55+00:00","dateModified":"2024-12-31T10:01:58+00:00","breadcrumb":{"@id":"https:\/\/ekco-ci.com\/ecommerce\/produit\/pantalon-chasseur-homme-decontracte-noir\/#breadcrumb"},"inLanguage":"fr-FR","potentialAction":[{"@type":"ReadAction","target":["https:\/\/ekco-ci.com\/ecommerce\/produit\/pantalon-chasseur-homme-decontracte-noir\/"]}]},{"@type":"ImageObject","inLanguage":"fr-FR","@id":"https:\/\/ekco-ci.com\/ecommerce\/produit\/pantalon-chasseur-homme-decontracte-noir\/#primaryimage","url":"https:\/\/ekco-ci.com\/ecommerce\/wp-content\/uploads\/2024\/12\/5-17.jpg","contentUrl":"https:\/\/ekco-ci.com\/ecommerce\/wp-content\/uploads\/2024\/12\/5-17.jpg","width":500,"height":500},{"@type":"BreadcrumbList","@id":"https:\/\/ekco-ci.com\/ecommerce\/produit\/pantalon-chasseur-homme-decontracte-noir\/#breadcrumb","itemListElement":[{"@type":"ListItem","position":1,"name":"Home","item":"https:\/\/ekco-ci.com\/ecommerce\/"},{"@type":"ListItem","position":2,"name":"Boutique","item":"https:\/\/ekco-ci.com\/ecommerce\/boutique\/"},{"@type":"ListItem","position":3,"name":"Pantalon Chasseur Homme D\u00e9contract\u00e9 &#8211; Noir"}]},{"@type":"WebSite","@id":"https:\/\/ekco-ci.com\/ecommerce\/#website","url":"https:\/\/ekco-ci.com\/ecommerce\/","name":"Ekco Boutique","description":"Ekco Boutique! La qualit\u00e9 au c\u0153ur de chaque achat","publisher":{"@id":"https:\/\/ekco-ci.com\/ecommerce\/#organization"},"alternateName":"Boutique","potentialAction":[{"@type":"SearchAction","target":{"@type":"EntryPoint","urlTemplate":"https:\/\/ekco-ci.com\/ecommerce\/?s={search_term_string}"},"query-input":{"@type":"PropertyValueSpecification","valueRequired":true,"valueName":"search_term_string"}}],"inLanguage":"fr-FR"},{"@type":"Organization","@id":"https:\/\/ekco-ci.com\/ecommerce\/#organization","name":"Ekco Boutique","url":"https:\/\/ekco-ci.com\/ecommerce\/","logo":{"@type":"ImageObject","inLanguage":"fr-FR","@id":"https:\/\/ekco-ci.com\/ecommerce\/#\/schema\/logo\/image\/","url":"https:\/\/ekco-ci.com\/ecommerce\/wp-content\/uploads\/2024\/08\/cropped-lologo.png","contentUrl":"https:\/\/ekco-ci.com\/ecommerce\/wp-content\/uploads\/2024\/08\/cropped-lologo.png","width":512,"height":512,"caption":"Ekco Boutique"},"image":{"@id":"https:\/\/ekco-ci.com\/ecommerce\/#\/schema\/logo\/image\/"}}]}},"uagb_featured_image_src":{"full":["https:\/\/ekco-ci.com\/ecommerce\/wp-content\/uploads\/2024\/12\/5-17.jpg",500,500,false],"thumbnail":["https:\/\/ekco-ci.com\/ecommerce\/wp-content\/uploads\/2024\/12\/5-17-150x150.jpg",150,150,true],"medium":["https:\/\/ekco-ci.com\/ecommerce\/wp-content\/uploads\/2024\/12\/5-17-300x300.jpg",300,300,true],"medium_large":["https:\/\/ekco-ci.com\/ecommerce\/wp-content\/uploads\/2024\/12\/5-17.jpg",500,500,false],"large":["https:\/\/ekco-ci.com\/ecommerce\/wp-content\/uploads\/2024\/12\/5-17.jpg",500,500,false],"1536x1536":["https:\/\/ekco-ci.com\/ecommerce\/wp-content\/uploads\/2024\/12\/5-17.jpg",500,500,false],"2048x2048":["https:\/\/ekco-ci.com\/ecommerce\/wp-content\/uploads\/2024\/12\/5-17.jpg",500,500,false],"cfw_cart_thumb":["https:\/\/ekco-ci.com\/ecommerce\/wp-content\/uploads\/2024\/12\/5-17-60x60.jpg",60,60,true],"cfw_order_bump_thumb":["https:\/\/ekco-ci.com\/ecommerce\/wp-content\/uploads\/2024\/12\/5-17.jpg",320,320,false],"woocommerce_thumbnail":["https:\/\/ekco-ci.com\/ecommerce\/wp-content\/uploads\/2024\/12\/5-17-300x225.jpg",300,225,true],"woocommerce_single":["https:\/\/ekco-ci.com\/ecommerce\/wp-content\/uploads\/2024\/12\/5-17.jpg",500,500,false],"woocommerce_gallery_thumbnail":["https:\/\/ekco-ci.com\/ecommerce\/wp-content\/uploads\/2024\/12\/5-17-100x100.jpg",100,100,true]},"uagb_author_info":{"display_name":"Christabelle Moulo","author_link":"https:\/\/ekco-ci.com\/ecommerce\/author\/"},"uagb_comment_info":0,"uagb_excerpt":"\u2605Plus de recommandations de produits\u2605 Ce\u00a0pantalon cargo est con\u00e7u avec\u00a0un bon sens du d\u00e9tail et de l&#8217;artisanat. Fabriqu\u00e9 en 100% [&hellip;]","_links":{"self":[{"href":"https:\/\/ekco-ci.com\/ecommerce\/wp-json\/wp\/v2\/product\/11137","targetHints":{"allow":["GET"]}}],"collection":[{"href":"https:\/\/ekco-ci.com\/ecommerce\/wp-json\/wp\/v2\/product"}],"about":[{"href":"https:\/\/ekco-ci.com\/ecommerce\/wp-json\/wp\/v2\/types\/product"}],"replies":[{"embeddable":true,"href":"https:\/\/ekco-ci.com\/ecommerce\/wp-json\/wp\/v2\/comments?post=11137"}],"wp:featuredmedia":[{"embeddable":true,"href":"https:\/\/ekco-ci.com\/ecommerce\/wp-json\/wp\/v2\/media\/11138"}],"wp:attachment":[{"href":"https:\/\/ekco-ci.com\/ecommerce\/wp-json\/wp\/v2\/media?parent=11137"}],"wp:term":[{"taxonomy":"product_brand","embeddable":true,"href":"https:\/\/ekco-ci.com\/ecommerce\/wp-json\/wp\/v2\/product_brand?post=11137"},{"taxonomy":"product_cat","embeddable":true,"href":"https:\/\/ekco-ci.com\/ecommerce\/wp-json\/wp\/v2\/product_cat?post=11137"},{"taxonomy":"product_tag","embeddable":true,"href":"https:\/\/ekco-ci.com\/ecommerce\/wp-json\/wp\/v2\/product_tag?post=11137"}],"curies":[{"name":"wp","href":"https:\/\/api.w.org\/{rel}","templated":true}]}}