{"id":10956,"date":"2024-12-24T09:24:58","date_gmt":"2024-12-24T09:24:58","guid":{"rendered":"https:\/\/ekco-ci.com\/ecommerce\/?post_type=product&#038;p=10956"},"modified":"2024-12-24T09:25:01","modified_gmt":"2024-12-24T09:25:01","slug":"nasco-lecteur-multimedia-20w-nas-ss2-1-n2412-noir-garantie-3-mois","status":"publish","type":"product","link":"https:\/\/ekco-ci.com\/ecommerce\/produit\/nasco-lecteur-multimedia-20w-nas-ss2-1-n2412-noir-garantie-3-mois\/","title":{"rendered":"Nasco Lecteur Multimedia 20W &#8211; NAS-SS2.1-N2412 &#8211; Noir &#8211; Garantie 3 Mois"},"content":{"rendered":"<p>Associant design, compacit\u00e9 et qualit\u00e9 sonore, abolissez les fronti\u00e8res du son avec cette enceinte<\/p>\n<p>Un haut-parleur l\u00e9ger, portable qui apporte la musique avec vous.<\/p>\n<p>Malgr\u00e9 sa taille compacte, il produit un son puissant.<\/p>\n<p><img decoding=\"async\" src=\"https:\/\/ci.jumia.is\/cms\/external\/pet\/NA083HLAHFF7NAFAMZ\/e855085468630c9771dac0faec4b38ad.jpg\" alt=\"\" data-src=\"https:\/\/ci.jumia.is\/cms\/external\/pet\/NA083HLAHFF7NAFAMZ\/e855085468630c9771dac0faec4b38ad.jpg\" \/><\/p>\n<h3>La puissance condens\u00e9<\/h3>\n<p><img fetchpriority=\"high\" decoding=\"async\" src=\"https:\/\/ci.jumia.is\/cms\/external\/pet\/NA083HLAHFF7NAFAMZ\/ac50affc64d81b9db201b8e381384477.jpg\" alt=\"\" width=\"681\" height=\"470\" data-src=\"https:\/\/ci.jumia.is\/cms\/external\/pet\/NA083HLAHFF7NAFAMZ\/ac50affc64d81b9db201b8e381384477.jpg\" \/><\/p>\n<p>Cette enceinte est dot\u00e9 d&#8217;une technologie de haute qualit\u00e9 pour reproduire un son profond, intense, puissant et r\u00e9aliste afin d\u2019appr\u00e9cier les nuances les plus subtiles.<\/p>\n<p>La puret\u00e9 du son donnera une note particuli\u00e8re \u00e0 la soir\u00e9e entre amis.<\/p>\n<p>&nbsp;<\/p>\n<h3>Le moindre son sera entendu.<\/h3>\n<p><img decoding=\"async\" src=\"https:\/\/ci.jumia.is\/cms\/external\/pet\/NA083HLAHFF7NAFAMZ\/d6fa61af2ab44c92d5af1c5885ddeb07.jpg\" alt=\"\" width=\"554\" height=\"260\" data-src=\"https:\/\/ci.jumia.is\/cms\/external\/pet\/NA083HLAHFF7NAFAMZ\/d6fa61af2ab44c92d5af1c5885ddeb07.jpg\" \/><\/p>\n<p>Profitez au mieux de votre divertissement gr\u00e2ce \u00e0 son spectre sonore.<\/p>\n<p>Profitez d\u2019un son comparable \u00e0 celui d\u2019un cin\u00e9ma et d\u2019une musique parfaite en \u00e9tant confortablement install\u00e9 dans votre salon.<\/p>\n<p>Avec son syst\u00e8me de correction d&#8217;erreurs, vous aurez toujours un son de haute qualit\u00e9, peu importe la distance.<\/p>\n","protected":false},"excerpt":{"rendered":"<p>Associant design, compacit\u00e9 et qualit\u00e9 sonore, abolissez les fronti\u00e8res du son avec cette enceinte Un haut-parleur l\u00e9ger, portable qui apporte [&hellip;]<\/p>\n","protected":false},"featured_media":10957,"comment_status":"open","ping_status":"closed","template":"","meta":{"_uag_custom_page_level_css":"","site-sidebar-layout":"default","site-content-layout":"","ast-site-content-layout":"default","site-content-style":"default","site-sidebar-style":"default","ast-global-header-display":"","ast-banner-title-visibility":"","ast-main-header-display":"","ast-hfb-above-header-display":"","ast-hfb-below-header-display":"","ast-hfb-mobile-header-display":"","site-post-title":"","ast-breadcrumbs-content":"","ast-featured-img":"","footer-sml-layout":"","ast-disable-related-posts":"","theme-transparent-header-meta":"default","adv-header-id-meta":"","stick-header-meta":"","header-above-stick-meta":"","header-main-stick-meta":"","header-below-stick-meta":"","astra-migrate-meta-layouts":"set","ast-page-background-enabled":"default","ast-page-background-meta":{"desktop":{"background-color":"var(--ast-global-color-4)","background-image":"","background-repeat":"repeat","background-position":"center center","background-size":"auto","background-attachment":"scroll","background-type":"","background-media":"","overlay-type":"","overlay-color":"","overlay-opacity":"","overlay-gradient":""},"tablet":{"background-color":"","background-image":"","background-repeat":"repeat","background-position":"center center","background-size":"auto","background-attachment":"scroll","background-type":"","background-media":"","overlay-type":"","overlay-color":"","overlay-opacity":"","overlay-gradient":""},"mobile":{"background-color":"","background-image":"","background-repeat":"repeat","background-position":"center center","background-size":"auto","background-attachment":"scroll","background-type":"","background-media":"","overlay-type":"","overlay-color":"","overlay-opacity":"","overlay-gradient":""}},"ast-content-background-meta":{"desktop":{"background-color":"var(--ast-global-color-5)","background-image":"","background-repeat":"repeat","background-position":"center center","background-size":"auto","background-attachment":"scroll","background-type":"","background-media":"","overlay-type":"","overlay-color":"","overlay-opacity":"","overlay-gradient":""},"tablet":{"background-color":"var(--ast-global-color-5)","background-image":"","background-repeat":"repeat","background-position":"center center","background-size":"auto","background-attachment":"scroll","background-type":"","background-media":"","overlay-type":"","overlay-color":"","overlay-opacity":"","overlay-gradient":""},"mobile":{"background-color":"var(--ast-global-color-5)","background-image":"","background-repeat":"repeat","background-position":"center center","background-size":"auto","background-attachment":"scroll","background-type":"","background-media":"","overlay-type":"","overlay-color":"","overlay-opacity":"","overlay-gradient":""}}},"product_brand":[],"product_cat":[1267,1268,81],"product_tag":[],"class_list":{"0":"post-10956","1":"product","2":"type-product","3":"status-publish","4":"has-post-thumbnail","6":"product_cat-audio-hifi-tv-electronique","7":"product_cat-mini-chaines-hifi-audio-hifi","8":"product_cat-tv-electronique","9":"desktop-align-left","10":"tablet-align-left","11":"mobile-align-left","13":"first","14":"instock","15":"sale","16":"shipping-taxable","17":"purchasable","18":"product-type-simple"},"yoast_head":"<!-- This site is optimized with the Yoast SEO plugin v26.8 - https:\/\/yoast.com\/product\/yoast-seo-wordpress\/ -->\n<title>Nasco Lecteur Multimedia 20W - NAS-SS2.1-N2412 - Noir - Garantie 3 Mois - Ekco Boutique<\/title>\n<meta name=\"robots\" content=\"index, follow, max-snippet:-1, max-image-preview:large, max-video-preview:-1\" \/>\n<link rel=\"canonical\" href=\"https:\/\/ekco-ci.com\/ecommerce\/produit\/nasco-lecteur-multimedia-20w-nas-ss2-1-n2412-noir-garantie-3-mois\/\" \/>\n<meta property=\"og:locale\" content=\"fr_FR\" \/>\n<meta property=\"og:type\" content=\"article\" \/>\n<meta property=\"og:title\" content=\"Nasco Lecteur Multimedia 20W - NAS-SS2.1-N2412 - Noir - Garantie 3 Mois - Ekco Boutique\" \/>\n<meta property=\"og:description\" content=\"Associant design, compacit\u00e9 et qualit\u00e9 sonore, abolissez les fronti\u00e8res du son avec cette enceinte Un haut-parleur l\u00e9ger, portable qui apporte [&hellip;]\" \/>\n<meta property=\"og:url\" content=\"https:\/\/ekco-ci.com\/ecommerce\/produit\/nasco-lecteur-multimedia-20w-nas-ss2-1-n2412-noir-garantie-3-mois\/\" \/>\n<meta property=\"og:site_name\" content=\"Ekco Boutique\" \/>\n<meta property=\"article:modified_time\" content=\"2024-12-24T09:25:01+00:00\" \/>\n<meta property=\"og:image\" content=\"https:\/\/ekco-ci.com\/ecommerce\/wp-content\/uploads\/2024\/12\/2-1-5.jpg\" \/>\n\t<meta property=\"og:image:width\" content=\"500\" \/>\n\t<meta property=\"og:image:height\" content=\"500\" \/>\n\t<meta property=\"og:image:type\" content=\"image\/jpeg\" \/>\n<meta name=\"twitter:card\" content=\"summary_large_image\" \/>\n<meta name=\"twitter:label1\" content=\"Dur\u00e9e de lecture estim\u00e9e\" \/>\n\t<meta name=\"twitter:data1\" content=\"2 minutes\" \/>\n<script type=\"application\/ld+json\" class=\"yoast-schema-graph\">{\"@context\":\"https:\/\/schema.org\",\"@graph\":[{\"@type\":\"WebPage\",\"@id\":\"https:\/\/ekco-ci.com\/ecommerce\/produit\/nasco-lecteur-multimedia-20w-nas-ss2-1-n2412-noir-garantie-3-mois\/\",\"url\":\"https:\/\/ekco-ci.com\/ecommerce\/produit\/nasco-lecteur-multimedia-20w-nas-ss2-1-n2412-noir-garantie-3-mois\/\",\"name\":\"Nasco Lecteur Multimedia 20W - NAS-SS2.1-N2412 - Noir - Garantie 3 Mois - Ekco Boutique\",\"isPartOf\":{\"@id\":\"https:\/\/ekco-ci.com\/ecommerce\/#website\"},\"primaryImageOfPage\":{\"@id\":\"https:\/\/ekco-ci.com\/ecommerce\/produit\/nasco-lecteur-multimedia-20w-nas-ss2-1-n2412-noir-garantie-3-mois\/#primaryimage\"},\"image\":{\"@id\":\"https:\/\/ekco-ci.com\/ecommerce\/produit\/nasco-lecteur-multimedia-20w-nas-ss2-1-n2412-noir-garantie-3-mois\/#primaryimage\"},\"thumbnailUrl\":\"https:\/\/ekco-ci.com\/ecommerce\/wp-content\/uploads\/2024\/12\/2-1-5.jpg\",\"datePublished\":\"2024-12-24T09:24:58+00:00\",\"dateModified\":\"2024-12-24T09:25:01+00:00\",\"breadcrumb\":{\"@id\":\"https:\/\/ekco-ci.com\/ecommerce\/produit\/nasco-lecteur-multimedia-20w-nas-ss2-1-n2412-noir-garantie-3-mois\/#breadcrumb\"},\"inLanguage\":\"fr-FR\",\"potentialAction\":[{\"@type\":\"ReadAction\",\"target\":[\"https:\/\/ekco-ci.com\/ecommerce\/produit\/nasco-lecteur-multimedia-20w-nas-ss2-1-n2412-noir-garantie-3-mois\/\"]}]},{\"@type\":\"ImageObject\",\"inLanguage\":\"fr-FR\",\"@id\":\"https:\/\/ekco-ci.com\/ecommerce\/produit\/nasco-lecteur-multimedia-20w-nas-ss2-1-n2412-noir-garantie-3-mois\/#primaryimage\",\"url\":\"https:\/\/ekco-ci.com\/ecommerce\/wp-content\/uploads\/2024\/12\/2-1-5.jpg\",\"contentUrl\":\"https:\/\/ekco-ci.com\/ecommerce\/wp-content\/uploads\/2024\/12\/2-1-5.jpg\",\"width\":500,\"height\":500},{\"@type\":\"BreadcrumbList\",\"@id\":\"https:\/\/ekco-ci.com\/ecommerce\/produit\/nasco-lecteur-multimedia-20w-nas-ss2-1-n2412-noir-garantie-3-mois\/#breadcrumb\",\"itemListElement\":[{\"@type\":\"ListItem\",\"position\":1,\"name\":\"Home\",\"item\":\"https:\/\/ekco-ci.com\/ecommerce\/\"},{\"@type\":\"ListItem\",\"position\":2,\"name\":\"Boutique\",\"item\":\"https:\/\/ekco-ci.com\/ecommerce\/boutique\/\"},{\"@type\":\"ListItem\",\"position\":3,\"name\":\"Nasco Lecteur Multimedia 20W &#8211; NAS-SS2.1-N2412 &#8211; Noir &#8211; Garantie 3 Mois\"}]},{\"@type\":\"WebSite\",\"@id\":\"https:\/\/ekco-ci.com\/ecommerce\/#website\",\"url\":\"https:\/\/ekco-ci.com\/ecommerce\/\",\"name\":\"Ekco Boutique\",\"description\":\"Ekco Boutique! La qualit\u00e9 au c\u0153ur de chaque achat\",\"publisher\":{\"@id\":\"https:\/\/ekco-ci.com\/ecommerce\/#organization\"},\"alternateName\":\"Boutique\",\"potentialAction\":[{\"@type\":\"SearchAction\",\"target\":{\"@type\":\"EntryPoint\",\"urlTemplate\":\"https:\/\/ekco-ci.com\/ecommerce\/?s={search_term_string}\"},\"query-input\":{\"@type\":\"PropertyValueSpecification\",\"valueRequired\":true,\"valueName\":\"search_term_string\"}}],\"inLanguage\":\"fr-FR\"},{\"@type\":\"Organization\",\"@id\":\"https:\/\/ekco-ci.com\/ecommerce\/#organization\",\"name\":\"Ekco Boutique\",\"url\":\"https:\/\/ekco-ci.com\/ecommerce\/\",\"logo\":{\"@type\":\"ImageObject\",\"inLanguage\":\"fr-FR\",\"@id\":\"https:\/\/ekco-ci.com\/ecommerce\/#\/schema\/logo\/image\/\",\"url\":\"https:\/\/ekco-ci.com\/ecommerce\/wp-content\/uploads\/2024\/08\/cropped-lologo.png\",\"contentUrl\":\"https:\/\/ekco-ci.com\/ecommerce\/wp-content\/uploads\/2024\/08\/cropped-lologo.png\",\"width\":512,\"height\":512,\"caption\":\"Ekco Boutique\"},\"image\":{\"@id\":\"https:\/\/ekco-ci.com\/ecommerce\/#\/schema\/logo\/image\/\"}}]}<\/script>\n<!-- \/ Yoast SEO plugin. -->","yoast_head_json":{"title":"Nasco Lecteur Multimedia 20W - NAS-SS2.1-N2412 - Noir - Garantie 3 Mois - Ekco Boutique","robots":{"index":"index","follow":"follow","max-snippet":"max-snippet:-1","max-image-preview":"max-image-preview:large","max-video-preview":"max-video-preview:-1"},"canonical":"https:\/\/ekco-ci.com\/ecommerce\/produit\/nasco-lecteur-multimedia-20w-nas-ss2-1-n2412-noir-garantie-3-mois\/","og_locale":"fr_FR","og_type":"article","og_title":"Nasco Lecteur Multimedia 20W - NAS-SS2.1-N2412 - Noir - Garantie 3 Mois - Ekco Boutique","og_description":"Associant design, compacit\u00e9 et qualit\u00e9 sonore, abolissez les fronti\u00e8res du son avec cette enceinte Un haut-parleur l\u00e9ger, portable qui apporte [&hellip;]","og_url":"https:\/\/ekco-ci.com\/ecommerce\/produit\/nasco-lecteur-multimedia-20w-nas-ss2-1-n2412-noir-garantie-3-mois\/","og_site_name":"Ekco Boutique","article_modified_time":"2024-12-24T09:25:01+00:00","og_image":[{"width":500,"height":500,"url":"https:\/\/ekco-ci.com\/ecommerce\/wp-content\/uploads\/2024\/12\/2-1-5.jpg","type":"image\/jpeg"}],"twitter_card":"summary_large_image","twitter_misc":{"Dur\u00e9e de lecture estim\u00e9e":"2 minutes"},"schema":{"@context":"https:\/\/schema.org","@graph":[{"@type":"WebPage","@id":"https:\/\/ekco-ci.com\/ecommerce\/produit\/nasco-lecteur-multimedia-20w-nas-ss2-1-n2412-noir-garantie-3-mois\/","url":"https:\/\/ekco-ci.com\/ecommerce\/produit\/nasco-lecteur-multimedia-20w-nas-ss2-1-n2412-noir-garantie-3-mois\/","name":"Nasco Lecteur Multimedia 20W - NAS-SS2.1-N2412 - Noir - Garantie 3 Mois - Ekco Boutique","isPartOf":{"@id":"https:\/\/ekco-ci.com\/ecommerce\/#website"},"primaryImageOfPage":{"@id":"https:\/\/ekco-ci.com\/ecommerce\/produit\/nasco-lecteur-multimedia-20w-nas-ss2-1-n2412-noir-garantie-3-mois\/#primaryimage"},"image":{"@id":"https:\/\/ekco-ci.com\/ecommerce\/produit\/nasco-lecteur-multimedia-20w-nas-ss2-1-n2412-noir-garantie-3-mois\/#primaryimage"},"thumbnailUrl":"https:\/\/ekco-ci.com\/ecommerce\/wp-content\/uploads\/2024\/12\/2-1-5.jpg","datePublished":"2024-12-24T09:24:58+00:00","dateModified":"2024-12-24T09:25:01+00:00","breadcrumb":{"@id":"https:\/\/ekco-ci.com\/ecommerce\/produit\/nasco-lecteur-multimedia-20w-nas-ss2-1-n2412-noir-garantie-3-mois\/#breadcrumb"},"inLanguage":"fr-FR","potentialAction":[{"@type":"ReadAction","target":["https:\/\/ekco-ci.com\/ecommerce\/produit\/nasco-lecteur-multimedia-20w-nas-ss2-1-n2412-noir-garantie-3-mois\/"]}]},{"@type":"ImageObject","inLanguage":"fr-FR","@id":"https:\/\/ekco-ci.com\/ecommerce\/produit\/nasco-lecteur-multimedia-20w-nas-ss2-1-n2412-noir-garantie-3-mois\/#primaryimage","url":"https:\/\/ekco-ci.com\/ecommerce\/wp-content\/uploads\/2024\/12\/2-1-5.jpg","contentUrl":"https:\/\/ekco-ci.com\/ecommerce\/wp-content\/uploads\/2024\/12\/2-1-5.jpg","width":500,"height":500},{"@type":"BreadcrumbList","@id":"https:\/\/ekco-ci.com\/ecommerce\/produit\/nasco-lecteur-multimedia-20w-nas-ss2-1-n2412-noir-garantie-3-mois\/#breadcrumb","itemListElement":[{"@type":"ListItem","position":1,"name":"Home","item":"https:\/\/ekco-ci.com\/ecommerce\/"},{"@type":"ListItem","position":2,"name":"Boutique","item":"https:\/\/ekco-ci.com\/ecommerce\/boutique\/"},{"@type":"ListItem","position":3,"name":"Nasco Lecteur Multimedia 20W &#8211; NAS-SS2.1-N2412 &#8211; Noir &#8211; Garantie 3 Mois"}]},{"@type":"WebSite","@id":"https:\/\/ekco-ci.com\/ecommerce\/#website","url":"https:\/\/ekco-ci.com\/ecommerce\/","name":"Ekco Boutique","description":"Ekco Boutique! La qualit\u00e9 au c\u0153ur de chaque achat","publisher":{"@id":"https:\/\/ekco-ci.com\/ecommerce\/#organization"},"alternateName":"Boutique","potentialAction":[{"@type":"SearchAction","target":{"@type":"EntryPoint","urlTemplate":"https:\/\/ekco-ci.com\/ecommerce\/?s={search_term_string}"},"query-input":{"@type":"PropertyValueSpecification","valueRequired":true,"valueName":"search_term_string"}}],"inLanguage":"fr-FR"},{"@type":"Organization","@id":"https:\/\/ekco-ci.com\/ecommerce\/#organization","name":"Ekco Boutique","url":"https:\/\/ekco-ci.com\/ecommerce\/","logo":{"@type":"ImageObject","inLanguage":"fr-FR","@id":"https:\/\/ekco-ci.com\/ecommerce\/#\/schema\/logo\/image\/","url":"https:\/\/ekco-ci.com\/ecommerce\/wp-content\/uploads\/2024\/08\/cropped-lologo.png","contentUrl":"https:\/\/ekco-ci.com\/ecommerce\/wp-content\/uploads\/2024\/08\/cropped-lologo.png","width":512,"height":512,"caption":"Ekco Boutique"},"image":{"@id":"https:\/\/ekco-ci.com\/ecommerce\/#\/schema\/logo\/image\/"}}]}},"uagb_featured_image_src":{"full":["https:\/\/ekco-ci.com\/ecommerce\/wp-content\/uploads\/2024\/12\/2-1-5.jpg",500,500,false],"thumbnail":["https:\/\/ekco-ci.com\/ecommerce\/wp-content\/uploads\/2024\/12\/2-1-5-150x150.jpg",150,150,true],"medium":["https:\/\/ekco-ci.com\/ecommerce\/wp-content\/uploads\/2024\/12\/2-1-5-300x300.jpg",300,300,true],"medium_large":["https:\/\/ekco-ci.com\/ecommerce\/wp-content\/uploads\/2024\/12\/2-1-5.jpg",500,500,false],"large":["https:\/\/ekco-ci.com\/ecommerce\/wp-content\/uploads\/2024\/12\/2-1-5.jpg",500,500,false],"1536x1536":["https:\/\/ekco-ci.com\/ecommerce\/wp-content\/uploads\/2024\/12\/2-1-5.jpg",500,500,false],"2048x2048":["https:\/\/ekco-ci.com\/ecommerce\/wp-content\/uploads\/2024\/12\/2-1-5.jpg",500,500,false],"cfw_cart_thumb":["https:\/\/ekco-ci.com\/ecommerce\/wp-content\/uploads\/2024\/12\/2-1-5-60x60.jpg",60,60,true],"cfw_order_bump_thumb":["https:\/\/ekco-ci.com\/ecommerce\/wp-content\/uploads\/2024\/12\/2-1-5.jpg",320,320,false],"woocommerce_thumbnail":["https:\/\/ekco-ci.com\/ecommerce\/wp-content\/uploads\/2024\/12\/2-1-5-300x225.jpg",300,225,true],"woocommerce_single":["https:\/\/ekco-ci.com\/ecommerce\/wp-content\/uploads\/2024\/12\/2-1-5.jpg",500,500,false],"woocommerce_gallery_thumbnail":["https:\/\/ekco-ci.com\/ecommerce\/wp-content\/uploads\/2024\/12\/2-1-5-100x100.jpg",100,100,true]},"uagb_author_info":{"display_name":"Christabelle Moulo","author_link":"https:\/\/ekco-ci.com\/ecommerce\/author\/"},"uagb_comment_info":0,"uagb_excerpt":"Associant design, compacit\u00e9 et qualit\u00e9 sonore, abolissez les fronti\u00e8res du son avec cette enceinte Un haut-parleur l\u00e9ger, portable qui apporte [&hellip;]","_links":{"self":[{"href":"https:\/\/ekco-ci.com\/ecommerce\/wp-json\/wp\/v2\/product\/10956","targetHints":{"allow":["GET"]}}],"collection":[{"href":"https:\/\/ekco-ci.com\/ecommerce\/wp-json\/wp\/v2\/product"}],"about":[{"href":"https:\/\/ekco-ci.com\/ecommerce\/wp-json\/wp\/v2\/types\/product"}],"replies":[{"embeddable":true,"href":"https:\/\/ekco-ci.com\/ecommerce\/wp-json\/wp\/v2\/comments?post=10956"}],"wp:featuredmedia":[{"embeddable":true,"href":"https:\/\/ekco-ci.com\/ecommerce\/wp-json\/wp\/v2\/media\/10957"}],"wp:attachment":[{"href":"https:\/\/ekco-ci.com\/ecommerce\/wp-json\/wp\/v2\/media?parent=10956"}],"wp:term":[{"taxonomy":"product_brand","embeddable":true,"href":"https:\/\/ekco-ci.com\/ecommerce\/wp-json\/wp\/v2\/product_brand?post=10956"},{"taxonomy":"product_cat","embeddable":true,"href":"https:\/\/ekco-ci.com\/ecommerce\/wp-json\/wp\/v2\/product_cat?post=10956"},{"taxonomy":"product_tag","embeddable":true,"href":"https:\/\/ekco-ci.com\/ecommerce\/wp-json\/wp\/v2\/product_tag?post=10956"}],"curies":[{"name":"wp","href":"https:\/\/api.w.org\/{rel}","templated":true}]}}