{"id":10924,"date":"2024-12-23T11:31:55","date_gmt":"2024-12-23T11:31:55","guid":{"rendered":"https:\/\/ekco-ci.com\/ecommerce\/?post_type=product&#038;p=10924"},"modified":"2024-12-23T11:31:59","modified_gmt":"2024-12-23T11:31:59","slug":"2x5m-led-bande-lumineuse-avec-commande","status":"publish","type":"product","link":"https:\/\/ekco-ci.com\/ecommerce\/produit\/2x5m-led-bande-lumineuse-avec-commande\/","title":{"rendered":"2x5M &#8211; Led Bande Lumineuse Avec Commande"},"content":{"rendered":"<p><img decoding=\"async\" src=\"https:\/\/ci.jumia.is\/J3wpxgORqWKJsjz50JgB18zGyk4=\/fit-in\/500x500\/filters:fill(white)\/product\/89\/406862\/2.jpg?6990\" alt=\"image\" data-src=\"https:\/\/ci.jumia.is\/J3wpxgORqWKJsjz50JgB18zGyk4=\/fit-in\/500x500\/filters:fill(white)\/product\/89\/406862\/2.jpg?6990\" \/><img decoding=\"async\" src=\"https:\/\/ci.jumia.is\/VTxOBRvdL02QhYuntEXHsU79rX8=\/fit-in\/500x500\/filters:fill(white)\/product\/89\/406862\/3.jpg?6990\" alt=\"image\" data-src=\"https:\/\/ci.jumia.is\/VTxOBRvdL02QhYuntEXHsU79rX8=\/fit-in\/500x500\/filters:fill(white)\/product\/89\/406862\/3.jpg?6990\" \/><img decoding=\"async\" src=\"https:\/\/ci.jumia.is\/aEc0dQG2bE2e4_qkLIpRZ8pNzJc=\/fit-in\/500x500\/filters:fill(white)\/product\/89\/406862\/4.jpg?6990\" alt=\"image\" data-src=\"https:\/\/ci.jumia.is\/aEc0dQG2bE2e4_qkLIpRZ8pNzJc=\/fit-in\/500x500\/filters:fill(white)\/product\/89\/406862\/4.jpg?6990\" \/><img decoding=\"async\" src=\"https:\/\/ci.jumia.is\/nIefmxwmGwevbFLVJKAHQDgcaF8=\/fit-in\/500x500\/filters:fill(white)\/product\/89\/406862\/5.jpg?6990\" alt=\"image\" data-src=\"https:\/\/ci.jumia.is\/nIefmxwmGwevbFLVJKAHQDgcaF8=\/fit-in\/500x500\/filters:fill(white)\/product\/89\/406862\/5.jpg?6990\" \/><img decoding=\"async\" src=\"https:\/\/ci.jumia.is\/vnBO7LcQS7AYNK0ZYkQye7ONlOo=\/fit-in\/500x500\/filters:fill(white)\/product\/89\/406862\/6.jpg?6990\" alt=\"image\" data-src=\"https:\/\/ci.jumia.is\/vnBO7LcQS7AYNK0ZYkQye7ONlOo=\/fit-in\/500x500\/filters:fill(white)\/product\/89\/406862\/6.jpg?6990\" \/><img decoding=\"async\" src=\"https:\/\/ci.jumia.is\/tFCAssG6KZO0sal56hi5OSVyLvE=\/fit-in\/500x500\/filters:fill(white)\/product\/89\/406862\/7.jpg?6990\" alt=\"image\" data-src=\"https:\/\/ci.jumia.is\/tFCAssG6KZO0sal56hi5OSVyLvE=\/fit-in\/500x500\/filters:fill(white)\/product\/89\/406862\/7.jpg?6990\" \/><b>Aper\u00e7u:<\/b><\/p>\n<ul>\n<li>Cette bande lumineuse LED peut changer les couleurs de lumi\u00e8re, les modes d&#8217;\u00e9clairage et la luminosit\u00e9 par le contr\u00f4leur IR ou le contr\u00f4le BT APP. Il est livr\u00e9 avec des perles lumineuses LED 5050 de haute qualit\u00e9. Convient pour une utilisation \u00e0 la maison et \u00e0 l&#8217;h\u00f4tel, club, bar, centre commercial, caf\u00e9, etc., cr\u00e9ant une atmosph\u00e8re romantique ou \u00e0 des fins d&#8217;\u00e9clairage.<\/li>\n<\/ul>\n<p><b>Caract\u00e9ristiques:<\/b><\/p>\n<ul>\n<li><b>\u3010<\/b>Largement utilis\u00e9<b>\u3011<\/b>la bande lumineuse LED RVB peut \u00eatre utilis\u00e9e dans le salon, la chambre, la cuisine, le plafond, les escaliers, la sc\u00e8ne du mariage, la f\u00eate scolaire, la f\u00eate du festival, etc., pour cr\u00e9er une atmosph\u00e8re romantique parfaite ou \u00e0 des fins d&#8217;\u00e9clairage.<\/li>\n<li><\/li>\n<li>\u3010T\u00e9l\u00e9commande infrarouge et contr\u00f4le APP\u3011 livr\u00e9 avec une t\u00e9l\u00e9commande infrarouge, qui prend en charge 4 modes d&#8217;\u00e9clairage dynamiques, 16 couleurs vives et un r\u00e9glage de la luminosit\u00e9. BT APP peut r\u00e9gler 6 modes dynamiques ou 16 millions de couleurs statiques, ou changer les couleurs en fonction du rythme de la musique, etc. Prend \u00e9galement en charge le r\u00e9glage de la minuterie et le r\u00e9glage des modes de sc\u00e8ne.<\/li>\n<li><\/li>\n<li>\u3010D\u00e9coupable et joignable\u3011<b>\u00a0<\/b>Toutes les 3 LED peuvent \u00eatre coup\u00e9es le long de la marque de coupe sans endommager les bandes restantes. Apr\u00e8s la d\u00e9coupe, des connecteurs sont n\u00e9cessaires pour les connecter ensemble, afin que vous puissiez personnaliser la longueur des lumi\u00e8res LED. Chaque m\u00e8tre de la bande contient 12 perles LED 5050.<\/li>\n<li><\/li>\n<li>\u3010S\u00e9curit\u00e9 et durabilit\u00e9\u3011 la bande LED adopte 5050 perles lumineuses LED de haute qualit\u00e9, longue dur\u00e9e de vie, faible consommation d&#8217;\u00e9nergie, alimentation basse tension 5 V, tactile et sans danger pour les adultes et les enfants.<\/li>\n<li><\/li>\n<li>\u3010Installation facile\u3011 les bandes lumineuses LED avec ruban adh\u00e9sif peuvent adh\u00e9rer fermement \u00e0 toute surface s\u00e8che et lisse, r\u00e9solvant le probl\u00e8me de chute. Nous vous recommandons de tester les lumi\u00e8res avant l&#8217;installation. Et veuillez confirmer sa position avant de coller la bande lumineuse, en \u00e9vitant le collage secondaire.<\/li>\n<\/ul>\n<p><b>Caract\u00e9ristiques:<\/b><\/p>\n<ul>\n<li>Nom de l&#8217;article : bandes lumineuses LED.<\/li>\n<li>Couleur : RVB<\/li>\n<li>Type de perle lumineuse : 5050 LED<\/li>\n<li>Tension de fonctionnement : 5 V CC.<\/li>\n<li>Longueur totale de la bande : 10 M<\/li>\n<li>Mat\u00e9riau principal : plastique<\/li>\n<li>\u00c9tanche : non \u00e9tanche<\/li>\n<\/ul>\n<p><b>Liste des packages :<\/b><\/p>\n<ul>\n<li>1 * bande lumineuse LED RVB<\/li>\n<li>1 * t\u00e9l\u00e9commande infrarouge<\/li>\n<li>1 * bo\u00eetier de commande<\/li>\n<li>1 * manuel d&#8217;utilisation<\/li>\n<\/ul>\n","protected":false},"excerpt":{"rendered":"<p>Aper\u00e7u: Cette bande lumineuse LED peut changer les couleurs de lumi\u00e8re, les modes d&#8217;\u00e9clairage et la luminosit\u00e9 par le contr\u00f4leur [&hellip;]<\/p>\n","protected":false},"featured_media":10925,"comment_status":"open","ping_status":"closed","template":"","meta":{"_uag_custom_page_level_css":"","site-sidebar-layout":"default","site-content-layout":"","ast-site-content-layout":"default","site-content-style":"default","site-sidebar-style":"default","ast-global-header-display":"","ast-banner-title-visibility":"","ast-main-header-display":"","ast-hfb-above-header-display":"","ast-hfb-below-header-display":"","ast-hfb-mobile-header-display":"","site-post-title":"","ast-breadcrumbs-content":"","ast-featured-img":"","footer-sml-layout":"","ast-disable-related-posts":"","theme-transparent-header-meta":"default","adv-header-id-meta":"","stick-header-meta":"","header-above-stick-meta":"","header-main-stick-meta":"","header-below-stick-meta":"","astra-migrate-meta-layouts":"set","ast-page-background-enabled":"default","ast-page-background-meta":{"desktop":{"background-color":"var(--ast-global-color-4)","background-image":"","background-repeat":"repeat","background-position":"center center","background-size":"auto","background-attachment":"scroll","background-type":"","background-media":"","overlay-type":"","overlay-color":"","overlay-opacity":"","overlay-gradient":""},"tablet":{"background-color":"","background-image":"","background-repeat":"repeat","background-position":"center center","background-size":"auto","background-attachment":"scroll","background-type":"","background-media":"","overlay-type":"","overlay-color":"","overlay-opacity":"","overlay-gradient":""},"mobile":{"background-color":"","background-image":"","background-repeat":"repeat","background-position":"center center","background-size":"auto","background-attachment":"scroll","background-type":"","background-media":"","overlay-type":"","overlay-color":"","overlay-opacity":"","overlay-gradient":""}},"ast-content-background-meta":{"desktop":{"background-color":"var(--ast-global-color-5)","background-image":"","background-repeat":"repeat","background-position":"center center","background-size":"auto","background-attachment":"scroll","background-type":"","background-media":"","overlay-type":"","overlay-color":"","overlay-opacity":"","overlay-gradient":""},"tablet":{"background-color":"var(--ast-global-color-5)","background-image":"","background-repeat":"repeat","background-position":"center center","background-size":"auto","background-attachment":"scroll","background-type":"","background-media":"","overlay-type":"","overlay-color":"","overlay-opacity":"","overlay-gradient":""},"mobile":{"background-color":"var(--ast-global-color-5)","background-image":"","background-repeat":"repeat","background-position":"center center","background-size":"auto","background-attachment":"scroll","background-type":"","background-media":"","overlay-type":"","overlay-color":"","overlay-opacity":"","overlay-gradient":""}}},"product_brand":[],"product_cat":[1262,619,638,639,23],"product_tag":[],"class_list":{"0":"post-10924","1":"product","2":"type-product","3":"status-publish","4":"has-post-thumbnail","6":"product_cat-accessoires-declairage","7":"product_cat-cuisine-maison","8":"product_cat-lampes-cuisine-maison","9":"product_cat-luminaires-plafonniers-cuisine-maison","10":"product_cat-maison-bureau","11":"desktop-align-left","12":"tablet-align-left","13":"mobile-align-left","15":"first","16":"instock","17":"sale","18":"shipping-taxable","19":"purchasable","20":"product-type-simple"},"yoast_head":"<!-- This site is optimized with the Yoast SEO plugin v26.8 - https:\/\/yoast.com\/product\/yoast-seo-wordpress\/ -->\n<title>2x5M - Led Bande Lumineuse Avec Commande - Ekco Boutique<\/title>\n<meta name=\"robots\" content=\"index, follow, max-snippet:-1, max-image-preview:large, max-video-preview:-1\" \/>\n<link rel=\"canonical\" href=\"https:\/\/ekco-ci.com\/ecommerce\/produit\/2x5m-led-bande-lumineuse-avec-commande\/\" \/>\n<meta property=\"og:locale\" content=\"fr_FR\" \/>\n<meta property=\"og:type\" content=\"article\" \/>\n<meta property=\"og:title\" content=\"2x5M - Led Bande Lumineuse Avec Commande - Ekco Boutique\" \/>\n<meta property=\"og:description\" content=\"Aper\u00e7u: Cette bande lumineuse LED peut changer les couleurs de lumi\u00e8re, les modes d&#8217;\u00e9clairage et la luminosit\u00e9 par le contr\u00f4leur [&hellip;]\" \/>\n<meta property=\"og:url\" content=\"https:\/\/ekco-ci.com\/ecommerce\/produit\/2x5m-led-bande-lumineuse-avec-commande\/\" \/>\n<meta property=\"og:site_name\" content=\"Ekco Boutique\" \/>\n<meta property=\"article:modified_time\" content=\"2024-12-23T11:31:59+00:00\" \/>\n<meta property=\"og:image\" content=\"https:\/\/ekco-ci.com\/ecommerce\/wp-content\/uploads\/2024\/12\/8-12.jpg\" \/>\n\t<meta property=\"og:image:width\" content=\"500\" \/>\n\t<meta property=\"og:image:height\" content=\"500\" \/>\n\t<meta property=\"og:image:type\" content=\"image\/jpeg\" \/>\n<meta name=\"twitter:card\" content=\"summary_large_image\" \/>\n<meta name=\"twitter:label1\" content=\"Dur\u00e9e de lecture estim\u00e9e\" \/>\n\t<meta name=\"twitter:data1\" content=\"4 minutes\" \/>\n<script type=\"application\/ld+json\" class=\"yoast-schema-graph\">{\"@context\":\"https:\/\/schema.org\",\"@graph\":[{\"@type\":\"WebPage\",\"@id\":\"https:\/\/ekco-ci.com\/ecommerce\/produit\/2x5m-led-bande-lumineuse-avec-commande\/\",\"url\":\"https:\/\/ekco-ci.com\/ecommerce\/produit\/2x5m-led-bande-lumineuse-avec-commande\/\",\"name\":\"2x5M - Led Bande Lumineuse Avec Commande - Ekco Boutique\",\"isPartOf\":{\"@id\":\"https:\/\/ekco-ci.com\/ecommerce\/#website\"},\"primaryImageOfPage\":{\"@id\":\"https:\/\/ekco-ci.com\/ecommerce\/produit\/2x5m-led-bande-lumineuse-avec-commande\/#primaryimage\"},\"image\":{\"@id\":\"https:\/\/ekco-ci.com\/ecommerce\/produit\/2x5m-led-bande-lumineuse-avec-commande\/#primaryimage\"},\"thumbnailUrl\":\"https:\/\/ekco-ci.com\/ecommerce\/wp-content\/uploads\/2024\/12\/8-12.jpg\",\"datePublished\":\"2024-12-23T11:31:55+00:00\",\"dateModified\":\"2024-12-23T11:31:59+00:00\",\"breadcrumb\":{\"@id\":\"https:\/\/ekco-ci.com\/ecommerce\/produit\/2x5m-led-bande-lumineuse-avec-commande\/#breadcrumb\"},\"inLanguage\":\"fr-FR\",\"potentialAction\":[{\"@type\":\"ReadAction\",\"target\":[\"https:\/\/ekco-ci.com\/ecommerce\/produit\/2x5m-led-bande-lumineuse-avec-commande\/\"]}]},{\"@type\":\"ImageObject\",\"inLanguage\":\"fr-FR\",\"@id\":\"https:\/\/ekco-ci.com\/ecommerce\/produit\/2x5m-led-bande-lumineuse-avec-commande\/#primaryimage\",\"url\":\"https:\/\/ekco-ci.com\/ecommerce\/wp-content\/uploads\/2024\/12\/8-12.jpg\",\"contentUrl\":\"https:\/\/ekco-ci.com\/ecommerce\/wp-content\/uploads\/2024\/12\/8-12.jpg\",\"width\":500,\"height\":500},{\"@type\":\"BreadcrumbList\",\"@id\":\"https:\/\/ekco-ci.com\/ecommerce\/produit\/2x5m-led-bande-lumineuse-avec-commande\/#breadcrumb\",\"itemListElement\":[{\"@type\":\"ListItem\",\"position\":1,\"name\":\"Home\",\"item\":\"https:\/\/ekco-ci.com\/ecommerce\/\"},{\"@type\":\"ListItem\",\"position\":2,\"name\":\"Boutique\",\"item\":\"https:\/\/ekco-ci.com\/ecommerce\/boutique\/\"},{\"@type\":\"ListItem\",\"position\":3,\"name\":\"2x5M &#8211; Led Bande Lumineuse Avec Commande\"}]},{\"@type\":\"WebSite\",\"@id\":\"https:\/\/ekco-ci.com\/ecommerce\/#website\",\"url\":\"https:\/\/ekco-ci.com\/ecommerce\/\",\"name\":\"Ekco Boutique\",\"description\":\"Ekco Boutique! La qualit\u00e9 au c\u0153ur de chaque achat\",\"publisher\":{\"@id\":\"https:\/\/ekco-ci.com\/ecommerce\/#organization\"},\"alternateName\":\"Boutique\",\"potentialAction\":[{\"@type\":\"SearchAction\",\"target\":{\"@type\":\"EntryPoint\",\"urlTemplate\":\"https:\/\/ekco-ci.com\/ecommerce\/?s={search_term_string}\"},\"query-input\":{\"@type\":\"PropertyValueSpecification\",\"valueRequired\":true,\"valueName\":\"search_term_string\"}}],\"inLanguage\":\"fr-FR\"},{\"@type\":\"Organization\",\"@id\":\"https:\/\/ekco-ci.com\/ecommerce\/#organization\",\"name\":\"Ekco Boutique\",\"url\":\"https:\/\/ekco-ci.com\/ecommerce\/\",\"logo\":{\"@type\":\"ImageObject\",\"inLanguage\":\"fr-FR\",\"@id\":\"https:\/\/ekco-ci.com\/ecommerce\/#\/schema\/logo\/image\/\",\"url\":\"https:\/\/ekco-ci.com\/ecommerce\/wp-content\/uploads\/2024\/08\/cropped-lologo.png\",\"contentUrl\":\"https:\/\/ekco-ci.com\/ecommerce\/wp-content\/uploads\/2024\/08\/cropped-lologo.png\",\"width\":512,\"height\":512,\"caption\":\"Ekco Boutique\"},\"image\":{\"@id\":\"https:\/\/ekco-ci.com\/ecommerce\/#\/schema\/logo\/image\/\"}}]}<\/script>\n<!-- \/ Yoast SEO plugin. -->","yoast_head_json":{"title":"2x5M - Led Bande Lumineuse Avec Commande - Ekco Boutique","robots":{"index":"index","follow":"follow","max-snippet":"max-snippet:-1","max-image-preview":"max-image-preview:large","max-video-preview":"max-video-preview:-1"},"canonical":"https:\/\/ekco-ci.com\/ecommerce\/produit\/2x5m-led-bande-lumineuse-avec-commande\/","og_locale":"fr_FR","og_type":"article","og_title":"2x5M - Led Bande Lumineuse Avec Commande - Ekco Boutique","og_description":"Aper\u00e7u: Cette bande lumineuse LED peut changer les couleurs de lumi\u00e8re, les modes d&#8217;\u00e9clairage et la luminosit\u00e9 par le contr\u00f4leur [&hellip;]","og_url":"https:\/\/ekco-ci.com\/ecommerce\/produit\/2x5m-led-bande-lumineuse-avec-commande\/","og_site_name":"Ekco Boutique","article_modified_time":"2024-12-23T11:31:59+00:00","og_image":[{"width":500,"height":500,"url":"https:\/\/ekco-ci.com\/ecommerce\/wp-content\/uploads\/2024\/12\/8-12.jpg","type":"image\/jpeg"}],"twitter_card":"summary_large_image","twitter_misc":{"Dur\u00e9e de lecture estim\u00e9e":"4 minutes"},"schema":{"@context":"https:\/\/schema.org","@graph":[{"@type":"WebPage","@id":"https:\/\/ekco-ci.com\/ecommerce\/produit\/2x5m-led-bande-lumineuse-avec-commande\/","url":"https:\/\/ekco-ci.com\/ecommerce\/produit\/2x5m-led-bande-lumineuse-avec-commande\/","name":"2x5M - Led Bande Lumineuse Avec Commande - Ekco Boutique","isPartOf":{"@id":"https:\/\/ekco-ci.com\/ecommerce\/#website"},"primaryImageOfPage":{"@id":"https:\/\/ekco-ci.com\/ecommerce\/produit\/2x5m-led-bande-lumineuse-avec-commande\/#primaryimage"},"image":{"@id":"https:\/\/ekco-ci.com\/ecommerce\/produit\/2x5m-led-bande-lumineuse-avec-commande\/#primaryimage"},"thumbnailUrl":"https:\/\/ekco-ci.com\/ecommerce\/wp-content\/uploads\/2024\/12\/8-12.jpg","datePublished":"2024-12-23T11:31:55+00:00","dateModified":"2024-12-23T11:31:59+00:00","breadcrumb":{"@id":"https:\/\/ekco-ci.com\/ecommerce\/produit\/2x5m-led-bande-lumineuse-avec-commande\/#breadcrumb"},"inLanguage":"fr-FR","potentialAction":[{"@type":"ReadAction","target":["https:\/\/ekco-ci.com\/ecommerce\/produit\/2x5m-led-bande-lumineuse-avec-commande\/"]}]},{"@type":"ImageObject","inLanguage":"fr-FR","@id":"https:\/\/ekco-ci.com\/ecommerce\/produit\/2x5m-led-bande-lumineuse-avec-commande\/#primaryimage","url":"https:\/\/ekco-ci.com\/ecommerce\/wp-content\/uploads\/2024\/12\/8-12.jpg","contentUrl":"https:\/\/ekco-ci.com\/ecommerce\/wp-content\/uploads\/2024\/12\/8-12.jpg","width":500,"height":500},{"@type":"BreadcrumbList","@id":"https:\/\/ekco-ci.com\/ecommerce\/produit\/2x5m-led-bande-lumineuse-avec-commande\/#breadcrumb","itemListElement":[{"@type":"ListItem","position":1,"name":"Home","item":"https:\/\/ekco-ci.com\/ecommerce\/"},{"@type":"ListItem","position":2,"name":"Boutique","item":"https:\/\/ekco-ci.com\/ecommerce\/boutique\/"},{"@type":"ListItem","position":3,"name":"2x5M &#8211; Led Bande Lumineuse Avec Commande"}]},{"@type":"WebSite","@id":"https:\/\/ekco-ci.com\/ecommerce\/#website","url":"https:\/\/ekco-ci.com\/ecommerce\/","name":"Ekco Boutique","description":"Ekco Boutique! La qualit\u00e9 au c\u0153ur de chaque achat","publisher":{"@id":"https:\/\/ekco-ci.com\/ecommerce\/#organization"},"alternateName":"Boutique","potentialAction":[{"@type":"SearchAction","target":{"@type":"EntryPoint","urlTemplate":"https:\/\/ekco-ci.com\/ecommerce\/?s={search_term_string}"},"query-input":{"@type":"PropertyValueSpecification","valueRequired":true,"valueName":"search_term_string"}}],"inLanguage":"fr-FR"},{"@type":"Organization","@id":"https:\/\/ekco-ci.com\/ecommerce\/#organization","name":"Ekco Boutique","url":"https:\/\/ekco-ci.com\/ecommerce\/","logo":{"@type":"ImageObject","inLanguage":"fr-FR","@id":"https:\/\/ekco-ci.com\/ecommerce\/#\/schema\/logo\/image\/","url":"https:\/\/ekco-ci.com\/ecommerce\/wp-content\/uploads\/2024\/08\/cropped-lologo.png","contentUrl":"https:\/\/ekco-ci.com\/ecommerce\/wp-content\/uploads\/2024\/08\/cropped-lologo.png","width":512,"height":512,"caption":"Ekco Boutique"},"image":{"@id":"https:\/\/ekco-ci.com\/ecommerce\/#\/schema\/logo\/image\/"}}]}},"uagb_featured_image_src":{"full":["https:\/\/ekco-ci.com\/ecommerce\/wp-content\/uploads\/2024\/12\/8-12.jpg",500,500,false],"thumbnail":["https:\/\/ekco-ci.com\/ecommerce\/wp-content\/uploads\/2024\/12\/8-12-150x150.jpg",150,150,true],"medium":["https:\/\/ekco-ci.com\/ecommerce\/wp-content\/uploads\/2024\/12\/8-12-300x300.jpg",300,300,true],"medium_large":["https:\/\/ekco-ci.com\/ecommerce\/wp-content\/uploads\/2024\/12\/8-12.jpg",500,500,false],"large":["https:\/\/ekco-ci.com\/ecommerce\/wp-content\/uploads\/2024\/12\/8-12.jpg",500,500,false],"1536x1536":["https:\/\/ekco-ci.com\/ecommerce\/wp-content\/uploads\/2024\/12\/8-12.jpg",500,500,false],"2048x2048":["https:\/\/ekco-ci.com\/ecommerce\/wp-content\/uploads\/2024\/12\/8-12.jpg",500,500,false],"cfw_cart_thumb":["https:\/\/ekco-ci.com\/ecommerce\/wp-content\/uploads\/2024\/12\/8-12-60x60.jpg",60,60,true],"cfw_order_bump_thumb":["https:\/\/ekco-ci.com\/ecommerce\/wp-content\/uploads\/2024\/12\/8-12.jpg",320,320,false],"woocommerce_thumbnail":["https:\/\/ekco-ci.com\/ecommerce\/wp-content\/uploads\/2024\/12\/8-12-300x225.jpg",300,225,true],"woocommerce_single":["https:\/\/ekco-ci.com\/ecommerce\/wp-content\/uploads\/2024\/12\/8-12.jpg",500,500,false],"woocommerce_gallery_thumbnail":["https:\/\/ekco-ci.com\/ecommerce\/wp-content\/uploads\/2024\/12\/8-12-100x100.jpg",100,100,true]},"uagb_author_info":{"display_name":"Christabelle Moulo","author_link":"https:\/\/ekco-ci.com\/ecommerce\/author\/"},"uagb_comment_info":0,"uagb_excerpt":"Aper\u00e7u: Cette bande lumineuse LED peut changer les couleurs de lumi\u00e8re, les modes d&#8217;\u00e9clairage et la luminosit\u00e9 par le contr\u00f4leur [&hellip;]","_links":{"self":[{"href":"https:\/\/ekco-ci.com\/ecommerce\/wp-json\/wp\/v2\/product\/10924","targetHints":{"allow":["GET"]}}],"collection":[{"href":"https:\/\/ekco-ci.com\/ecommerce\/wp-json\/wp\/v2\/product"}],"about":[{"href":"https:\/\/ekco-ci.com\/ecommerce\/wp-json\/wp\/v2\/types\/product"}],"replies":[{"embeddable":true,"href":"https:\/\/ekco-ci.com\/ecommerce\/wp-json\/wp\/v2\/comments?post=10924"}],"wp:featuredmedia":[{"embeddable":true,"href":"https:\/\/ekco-ci.com\/ecommerce\/wp-json\/wp\/v2\/media\/10925"}],"wp:attachment":[{"href":"https:\/\/ekco-ci.com\/ecommerce\/wp-json\/wp\/v2\/media?parent=10924"}],"wp:term":[{"taxonomy":"product_brand","embeddable":true,"href":"https:\/\/ekco-ci.com\/ecommerce\/wp-json\/wp\/v2\/product_brand?post=10924"},{"taxonomy":"product_cat","embeddable":true,"href":"https:\/\/ekco-ci.com\/ecommerce\/wp-json\/wp\/v2\/product_cat?post=10924"},{"taxonomy":"product_tag","embeddable":true,"href":"https:\/\/ekco-ci.com\/ecommerce\/wp-json\/wp\/v2\/product_tag?post=10924"}],"curies":[{"name":"wp","href":"https:\/\/api.w.org\/{rel}","templated":true}]}}