{"id":10651,"date":"2024-12-07T09:22:56","date_gmt":"2024-12-07T09:22:56","guid":{"rendered":"https:\/\/ekco-ci.com\/ecommerce\/?post_type=product&#038;p=10651"},"modified":"2024-12-12T09:20:39","modified_gmt":"2024-12-12T09:20:39","slug":"video-projecteur-led-borrego-t6-android-wi-fi-4k","status":"publish","type":"product","link":"https:\/\/ekco-ci.com\/ecommerce\/produit\/video-projecteur-led-borrego-t6-android-wi-fi-4k\/","title":{"rendered":"Vid\u00e9o Projecteur LED Borrego T6 Android, Wi-Fi 4K"},"content":{"rendered":"<p>Le Projecteur LED Borrego T6 est un projecteur multim\u00e9dia compatible avec Android, Wi-Fi, Bluetooth, 4K et 3D<\/p>\n<p>Ecran LCD TFT de 4,3 pouces avec une r\u00e9solution maximale de 1920 x 1080 pixels<\/p>\n<p>Source lumineuse LED avec une luminosit\u00e9 de 3500 lumens et une dur\u00e9e de vie de 30000 heures<\/p>\n<p>Rapport de contraste de 2000:1, un rapport de projection de 1.4:1, un zoom et une mise au point automatique<\/p>\n<p>Il peut projeter une image de 30 \u00e0 170 pouces \u00e0 une distance de 1 \u00e0 5 m\u00e8tres<\/p>\n<p>Formats d\u2019image support\u00e9 :\u00a0 4:3 et 16:9, ainsi que le HDR10+<\/p>\n<p>Formats vid\u00e9o lus :\u00a0 MPG, AV, TS, MOV, MKV, DAT, MP4, VOB en 1080p, et les formats audio MP3, WMA, AAC, M4a<\/p>\n<p>Interface :\u00a0 2 ports HDMI, 2 ports USB, 1 port AV, 1 port VGA, 1 prise jack 3,5 et 1 adaptateur secteur.<\/p>\n<p>Haut-parleurs : int\u00e9gr\u00e9s de 4\u03a93W et une consommation \u00e9lectrique de 110W<\/p>\n<p><img decoding=\"async\" src=\"https:\/\/www.negoce.ci\/img\/p\/1\/1\/8\/7\/6\/11876.jpg\" alt=\"11876.jpg\" \/><\/p>\n<ul>\n<li>Entr\u00e9e :\u00a0 AV , USB , HDMI<\/li>\n<li>R\u00e9solution du format vid\u00e9o : 720P (1280&#215;720)<\/li>\n<li>Luminosit\u00e9 (lm): 3800<\/li>\n<li>Syst\u00e8me d&#8217;image : LED<\/li>\n<li>Rapport de contraste : 1000:1<\/li>\n<li>Taille de l&#8217;image (pouces) : 40-200<\/li>\n<li>Distance de projection (m) : 1,2-5<\/li>\n<li>Format d&#8217;image : 4:3 et 16:9<\/li>\n<\/ul>\n<p>Syst\u00e8me Android int\u00e9gr\u00e9, Wifi, sortie HDMI deviennent instantan\u00e9ment un d\u00e9codeur (uniquement pour Android T6) Prise en charge de l&#8217;installation d&#8217;APK, peut instantan\u00e9ment devenir le d\u00e9codeur r\u00e9seau<\/p>\n<p>Type d&#8217;article : projecteur WiFi intelligent LED.<\/p>\n","protected":false},"excerpt":{"rendered":"<p>Le Projecteur LED Borrego T6 est un projecteur multim\u00e9dia compatible avec Android, Wi-Fi, Bluetooth, 4K et 3D Ecran LCD TFT [&hellip;]<\/p>\n","protected":false},"featured_media":10652,"comment_status":"open","ping_status":"closed","template":"","meta":{"_uag_custom_page_level_css":"","site-sidebar-layout":"default","site-content-layout":"","ast-site-content-layout":"default","site-content-style":"default","site-sidebar-style":"default","ast-global-header-display":"","ast-banner-title-visibility":"","ast-main-header-display":"","ast-hfb-above-header-display":"","ast-hfb-below-header-display":"","ast-hfb-mobile-header-display":"","site-post-title":"","ast-breadcrumbs-content":"","ast-featured-img":"","footer-sml-layout":"","ast-disable-related-posts":"","theme-transparent-header-meta":"default","adv-header-id-meta":"","stick-header-meta":"","header-above-stick-meta":"","header-main-stick-meta":"","header-below-stick-meta":"","astra-migrate-meta-layouts":"set","ast-page-background-enabled":"default","ast-page-background-meta":{"desktop":{"background-color":"var(--ast-global-color-4)","background-image":"","background-repeat":"repeat","background-position":"center center","background-size":"auto","background-attachment":"scroll","background-type":"","background-media":"","overlay-type":"","overlay-color":"","overlay-opacity":"","overlay-gradient":""},"tablet":{"background-color":"","background-image":"","background-repeat":"repeat","background-position":"center center","background-size":"auto","background-attachment":"scroll","background-type":"","background-media":"","overlay-type":"","overlay-color":"","overlay-opacity":"","overlay-gradient":""},"mobile":{"background-color":"","background-image":"","background-repeat":"repeat","background-position":"center center","background-size":"auto","background-attachment":"scroll","background-type":"","background-media":"","overlay-type":"","overlay-color":"","overlay-opacity":"","overlay-gradient":""}},"ast-content-background-meta":{"desktop":{"background-color":"var(--ast-global-color-5)","background-image":"","background-repeat":"repeat","background-position":"center center","background-size":"auto","background-attachment":"scroll","background-type":"","background-media":"","overlay-type":"","overlay-color":"","overlay-opacity":"","overlay-gradient":""},"tablet":{"background-color":"var(--ast-global-color-5)","background-image":"","background-repeat":"repeat","background-position":"center center","background-size":"auto","background-attachment":"scroll","background-type":"","background-media":"","overlay-type":"","overlay-color":"","overlay-opacity":"","overlay-gradient":""},"mobile":{"background-color":"var(--ast-global-color-5)","background-image":"","background-repeat":"repeat","background-position":"center center","background-size":"auto","background-attachment":"scroll","background-type":"","background-media":"","overlay-type":"","overlay-color":"","overlay-opacity":"","overlay-gradient":""}}},"product_brand":[],"product_cat":[708,23],"product_tag":[],"class_list":{"0":"post-10651","1":"product","2":"type-product","3":"status-publish","4":"has-post-thumbnail","6":"product_cat-fournitures-scolaires-bureau-maison-bureau","7":"product_cat-maison-bureau","8":"desktop-align-left","9":"tablet-align-left","10":"mobile-align-left","12":"first","13":"instock","14":"sale","15":"shipping-taxable","16":"purchasable","17":"product-type-simple"},"yoast_head":"<!-- This site is optimized with the Yoast SEO plugin v26.8 - https:\/\/yoast.com\/product\/yoast-seo-wordpress\/ -->\n<title>Vid\u00e9o Projecteur LED Borrego T6 Android, Wi-Fi 4K - Ekco Boutique<\/title>\n<meta name=\"robots\" content=\"index, follow, max-snippet:-1, max-image-preview:large, max-video-preview:-1\" \/>\n<link rel=\"canonical\" href=\"https:\/\/ekco-ci.com\/ecommerce\/produit\/video-projecteur-led-borrego-t6-android-wi-fi-4k\/\" \/>\n<meta property=\"og:locale\" content=\"fr_FR\" \/>\n<meta property=\"og:type\" content=\"article\" \/>\n<meta property=\"og:title\" content=\"Vid\u00e9o Projecteur LED Borrego T6 Android, Wi-Fi 4K - Ekco Boutique\" \/>\n<meta property=\"og:description\" content=\"Le Projecteur LED Borrego T6 est un projecteur multim\u00e9dia compatible avec Android, Wi-Fi, Bluetooth, 4K et 3D Ecran LCD TFT [&hellip;]\" \/>\n<meta property=\"og:url\" content=\"https:\/\/ekco-ci.com\/ecommerce\/produit\/video-projecteur-led-borrego-t6-android-wi-fi-4k\/\" \/>\n<meta property=\"og:site_name\" content=\"Ekco Boutique\" \/>\n<meta property=\"article:modified_time\" content=\"2024-12-12T09:20:39+00:00\" \/>\n<meta property=\"og:image\" content=\"https:\/\/ekco-ci.com\/ecommerce\/wp-content\/uploads\/2024\/12\/video-projecteur-led-borrego-t6-android-wi-fi-4k-2.jpg\" \/>\n\t<meta property=\"og:image:width\" content=\"400\" \/>\n\t<meta property=\"og:image:height\" content=\"400\" \/>\n\t<meta property=\"og:image:type\" content=\"image\/jpeg\" \/>\n<meta name=\"twitter:card\" content=\"summary_large_image\" \/>\n<meta name=\"twitter:label1\" content=\"Dur\u00e9e de lecture estim\u00e9e\" \/>\n\t<meta name=\"twitter:data1\" content=\"2 minutes\" \/>\n<script type=\"application\/ld+json\" class=\"yoast-schema-graph\">{\"@context\":\"https:\/\/schema.org\",\"@graph\":[{\"@type\":\"WebPage\",\"@id\":\"https:\/\/ekco-ci.com\/ecommerce\/produit\/video-projecteur-led-borrego-t6-android-wi-fi-4k\/\",\"url\":\"https:\/\/ekco-ci.com\/ecommerce\/produit\/video-projecteur-led-borrego-t6-android-wi-fi-4k\/\",\"name\":\"Vid\u00e9o Projecteur LED Borrego T6 Android, Wi-Fi 4K - Ekco Boutique\",\"isPartOf\":{\"@id\":\"https:\/\/ekco-ci.com\/ecommerce\/#website\"},\"primaryImageOfPage\":{\"@id\":\"https:\/\/ekco-ci.com\/ecommerce\/produit\/video-projecteur-led-borrego-t6-android-wi-fi-4k\/#primaryimage\"},\"image\":{\"@id\":\"https:\/\/ekco-ci.com\/ecommerce\/produit\/video-projecteur-led-borrego-t6-android-wi-fi-4k\/#primaryimage\"},\"thumbnailUrl\":\"https:\/\/ekco-ci.com\/ecommerce\/wp-content\/uploads\/2024\/12\/video-projecteur-led-borrego-t6-android-wi-fi-4k-2.jpg\",\"datePublished\":\"2024-12-07T09:22:56+00:00\",\"dateModified\":\"2024-12-12T09:20:39+00:00\",\"breadcrumb\":{\"@id\":\"https:\/\/ekco-ci.com\/ecommerce\/produit\/video-projecteur-led-borrego-t6-android-wi-fi-4k\/#breadcrumb\"},\"inLanguage\":\"fr-FR\",\"potentialAction\":[{\"@type\":\"ReadAction\",\"target\":[\"https:\/\/ekco-ci.com\/ecommerce\/produit\/video-projecteur-led-borrego-t6-android-wi-fi-4k\/\"]}]},{\"@type\":\"ImageObject\",\"inLanguage\":\"fr-FR\",\"@id\":\"https:\/\/ekco-ci.com\/ecommerce\/produit\/video-projecteur-led-borrego-t6-android-wi-fi-4k\/#primaryimage\",\"url\":\"https:\/\/ekco-ci.com\/ecommerce\/wp-content\/uploads\/2024\/12\/video-projecteur-led-borrego-t6-android-wi-fi-4k-2.jpg\",\"contentUrl\":\"https:\/\/ekco-ci.com\/ecommerce\/wp-content\/uploads\/2024\/12\/video-projecteur-led-borrego-t6-android-wi-fi-4k-2.jpg\",\"width\":400,\"height\":400},{\"@type\":\"BreadcrumbList\",\"@id\":\"https:\/\/ekco-ci.com\/ecommerce\/produit\/video-projecteur-led-borrego-t6-android-wi-fi-4k\/#breadcrumb\",\"itemListElement\":[{\"@type\":\"ListItem\",\"position\":1,\"name\":\"Home\",\"item\":\"https:\/\/ekco-ci.com\/ecommerce\/\"},{\"@type\":\"ListItem\",\"position\":2,\"name\":\"Boutique\",\"item\":\"https:\/\/ekco-ci.com\/ecommerce\/boutique\/\"},{\"@type\":\"ListItem\",\"position\":3,\"name\":\"Vid\u00e9o Projecteur LED Borrego T6 Android, Wi-Fi 4K\"}]},{\"@type\":\"WebSite\",\"@id\":\"https:\/\/ekco-ci.com\/ecommerce\/#website\",\"url\":\"https:\/\/ekco-ci.com\/ecommerce\/\",\"name\":\"Ekco Boutique\",\"description\":\"Ekco Boutique! La qualit\u00e9 au c\u0153ur de chaque achat\",\"publisher\":{\"@id\":\"https:\/\/ekco-ci.com\/ecommerce\/#organization\"},\"alternateName\":\"Boutique\",\"potentialAction\":[{\"@type\":\"SearchAction\",\"target\":{\"@type\":\"EntryPoint\",\"urlTemplate\":\"https:\/\/ekco-ci.com\/ecommerce\/?s={search_term_string}\"},\"query-input\":{\"@type\":\"PropertyValueSpecification\",\"valueRequired\":true,\"valueName\":\"search_term_string\"}}],\"inLanguage\":\"fr-FR\"},{\"@type\":\"Organization\",\"@id\":\"https:\/\/ekco-ci.com\/ecommerce\/#organization\",\"name\":\"Ekco Boutique\",\"url\":\"https:\/\/ekco-ci.com\/ecommerce\/\",\"logo\":{\"@type\":\"ImageObject\",\"inLanguage\":\"fr-FR\",\"@id\":\"https:\/\/ekco-ci.com\/ecommerce\/#\/schema\/logo\/image\/\",\"url\":\"https:\/\/ekco-ci.com\/ecommerce\/wp-content\/uploads\/2024\/08\/cropped-lologo.png\",\"contentUrl\":\"https:\/\/ekco-ci.com\/ecommerce\/wp-content\/uploads\/2024\/08\/cropped-lologo.png\",\"width\":512,\"height\":512,\"caption\":\"Ekco Boutique\"},\"image\":{\"@id\":\"https:\/\/ekco-ci.com\/ecommerce\/#\/schema\/logo\/image\/\"}}]}<\/script>\n<!-- \/ Yoast SEO plugin. -->","yoast_head_json":{"title":"Vid\u00e9o Projecteur LED Borrego T6 Android, Wi-Fi 4K - Ekco Boutique","robots":{"index":"index","follow":"follow","max-snippet":"max-snippet:-1","max-image-preview":"max-image-preview:large","max-video-preview":"max-video-preview:-1"},"canonical":"https:\/\/ekco-ci.com\/ecommerce\/produit\/video-projecteur-led-borrego-t6-android-wi-fi-4k\/","og_locale":"fr_FR","og_type":"article","og_title":"Vid\u00e9o Projecteur LED Borrego T6 Android, Wi-Fi 4K - Ekco Boutique","og_description":"Le Projecteur LED Borrego T6 est un projecteur multim\u00e9dia compatible avec Android, Wi-Fi, Bluetooth, 4K et 3D Ecran LCD TFT [&hellip;]","og_url":"https:\/\/ekco-ci.com\/ecommerce\/produit\/video-projecteur-led-borrego-t6-android-wi-fi-4k\/","og_site_name":"Ekco Boutique","article_modified_time":"2024-12-12T09:20:39+00:00","og_image":[{"width":400,"height":400,"url":"https:\/\/ekco-ci.com\/ecommerce\/wp-content\/uploads\/2024\/12\/video-projecteur-led-borrego-t6-android-wi-fi-4k-2.jpg","type":"image\/jpeg"}],"twitter_card":"summary_large_image","twitter_misc":{"Dur\u00e9e de lecture estim\u00e9e":"2 minutes"},"schema":{"@context":"https:\/\/schema.org","@graph":[{"@type":"WebPage","@id":"https:\/\/ekco-ci.com\/ecommerce\/produit\/video-projecteur-led-borrego-t6-android-wi-fi-4k\/","url":"https:\/\/ekco-ci.com\/ecommerce\/produit\/video-projecteur-led-borrego-t6-android-wi-fi-4k\/","name":"Vid\u00e9o Projecteur LED Borrego T6 Android, Wi-Fi 4K - Ekco Boutique","isPartOf":{"@id":"https:\/\/ekco-ci.com\/ecommerce\/#website"},"primaryImageOfPage":{"@id":"https:\/\/ekco-ci.com\/ecommerce\/produit\/video-projecteur-led-borrego-t6-android-wi-fi-4k\/#primaryimage"},"image":{"@id":"https:\/\/ekco-ci.com\/ecommerce\/produit\/video-projecteur-led-borrego-t6-android-wi-fi-4k\/#primaryimage"},"thumbnailUrl":"https:\/\/ekco-ci.com\/ecommerce\/wp-content\/uploads\/2024\/12\/video-projecteur-led-borrego-t6-android-wi-fi-4k-2.jpg","datePublished":"2024-12-07T09:22:56+00:00","dateModified":"2024-12-12T09:20:39+00:00","breadcrumb":{"@id":"https:\/\/ekco-ci.com\/ecommerce\/produit\/video-projecteur-led-borrego-t6-android-wi-fi-4k\/#breadcrumb"},"inLanguage":"fr-FR","potentialAction":[{"@type":"ReadAction","target":["https:\/\/ekco-ci.com\/ecommerce\/produit\/video-projecteur-led-borrego-t6-android-wi-fi-4k\/"]}]},{"@type":"ImageObject","inLanguage":"fr-FR","@id":"https:\/\/ekco-ci.com\/ecommerce\/produit\/video-projecteur-led-borrego-t6-android-wi-fi-4k\/#primaryimage","url":"https:\/\/ekco-ci.com\/ecommerce\/wp-content\/uploads\/2024\/12\/video-projecteur-led-borrego-t6-android-wi-fi-4k-2.jpg","contentUrl":"https:\/\/ekco-ci.com\/ecommerce\/wp-content\/uploads\/2024\/12\/video-projecteur-led-borrego-t6-android-wi-fi-4k-2.jpg","width":400,"height":400},{"@type":"BreadcrumbList","@id":"https:\/\/ekco-ci.com\/ecommerce\/produit\/video-projecteur-led-borrego-t6-android-wi-fi-4k\/#breadcrumb","itemListElement":[{"@type":"ListItem","position":1,"name":"Home","item":"https:\/\/ekco-ci.com\/ecommerce\/"},{"@type":"ListItem","position":2,"name":"Boutique","item":"https:\/\/ekco-ci.com\/ecommerce\/boutique\/"},{"@type":"ListItem","position":3,"name":"Vid\u00e9o Projecteur LED Borrego T6 Android, Wi-Fi 4K"}]},{"@type":"WebSite","@id":"https:\/\/ekco-ci.com\/ecommerce\/#website","url":"https:\/\/ekco-ci.com\/ecommerce\/","name":"Ekco Boutique","description":"Ekco Boutique! La qualit\u00e9 au c\u0153ur de chaque achat","publisher":{"@id":"https:\/\/ekco-ci.com\/ecommerce\/#organization"},"alternateName":"Boutique","potentialAction":[{"@type":"SearchAction","target":{"@type":"EntryPoint","urlTemplate":"https:\/\/ekco-ci.com\/ecommerce\/?s={search_term_string}"},"query-input":{"@type":"PropertyValueSpecification","valueRequired":true,"valueName":"search_term_string"}}],"inLanguage":"fr-FR"},{"@type":"Organization","@id":"https:\/\/ekco-ci.com\/ecommerce\/#organization","name":"Ekco Boutique","url":"https:\/\/ekco-ci.com\/ecommerce\/","logo":{"@type":"ImageObject","inLanguage":"fr-FR","@id":"https:\/\/ekco-ci.com\/ecommerce\/#\/schema\/logo\/image\/","url":"https:\/\/ekco-ci.com\/ecommerce\/wp-content\/uploads\/2024\/08\/cropped-lologo.png","contentUrl":"https:\/\/ekco-ci.com\/ecommerce\/wp-content\/uploads\/2024\/08\/cropped-lologo.png","width":512,"height":512,"caption":"Ekco Boutique"},"image":{"@id":"https:\/\/ekco-ci.com\/ecommerce\/#\/schema\/logo\/image\/"}}]}},"uagb_featured_image_src":{"full":["https:\/\/ekco-ci.com\/ecommerce\/wp-content\/uploads\/2024\/12\/video-projecteur-led-borrego-t6-android-wi-fi-4k-2.jpg",400,400,false],"thumbnail":["https:\/\/ekco-ci.com\/ecommerce\/wp-content\/uploads\/2024\/12\/video-projecteur-led-borrego-t6-android-wi-fi-4k-2-150x150.jpg",150,150,true],"medium":["https:\/\/ekco-ci.com\/ecommerce\/wp-content\/uploads\/2024\/12\/video-projecteur-led-borrego-t6-android-wi-fi-4k-2-300x300.jpg",300,300,true],"medium_large":["https:\/\/ekco-ci.com\/ecommerce\/wp-content\/uploads\/2024\/12\/video-projecteur-led-borrego-t6-android-wi-fi-4k-2.jpg",400,400,false],"large":["https:\/\/ekco-ci.com\/ecommerce\/wp-content\/uploads\/2024\/12\/video-projecteur-led-borrego-t6-android-wi-fi-4k-2.jpg",400,400,false],"1536x1536":["https:\/\/ekco-ci.com\/ecommerce\/wp-content\/uploads\/2024\/12\/video-projecteur-led-borrego-t6-android-wi-fi-4k-2.jpg",400,400,false],"2048x2048":["https:\/\/ekco-ci.com\/ecommerce\/wp-content\/uploads\/2024\/12\/video-projecteur-led-borrego-t6-android-wi-fi-4k-2.jpg",400,400,false],"cfw_cart_thumb":["https:\/\/ekco-ci.com\/ecommerce\/wp-content\/uploads\/2024\/12\/video-projecteur-led-borrego-t6-android-wi-fi-4k-2-60x60.jpg",60,60,true],"cfw_order_bump_thumb":["https:\/\/ekco-ci.com\/ecommerce\/wp-content\/uploads\/2024\/12\/video-projecteur-led-borrego-t6-android-wi-fi-4k-2.jpg",320,320,false],"woocommerce_thumbnail":["https:\/\/ekco-ci.com\/ecommerce\/wp-content\/uploads\/2024\/12\/video-projecteur-led-borrego-t6-android-wi-fi-4k-2-300x225.jpg",300,225,true],"woocommerce_single":["https:\/\/ekco-ci.com\/ecommerce\/wp-content\/uploads\/2024\/12\/video-projecteur-led-borrego-t6-android-wi-fi-4k-2.jpg",400,400,false],"woocommerce_gallery_thumbnail":["https:\/\/ekco-ci.com\/ecommerce\/wp-content\/uploads\/2024\/12\/video-projecteur-led-borrego-t6-android-wi-fi-4k-2-100x100.jpg",100,100,true]},"uagb_author_info":{"display_name":"Christabelle Moulo","author_link":"https:\/\/ekco-ci.com\/ecommerce\/author\/"},"uagb_comment_info":0,"uagb_excerpt":"Le Projecteur LED Borrego T6 est un projecteur multim\u00e9dia compatible avec Android, Wi-Fi, Bluetooth, 4K et 3D Ecran LCD TFT [&hellip;]","_links":{"self":[{"href":"https:\/\/ekco-ci.com\/ecommerce\/wp-json\/wp\/v2\/product\/10651","targetHints":{"allow":["GET"]}}],"collection":[{"href":"https:\/\/ekco-ci.com\/ecommerce\/wp-json\/wp\/v2\/product"}],"about":[{"href":"https:\/\/ekco-ci.com\/ecommerce\/wp-json\/wp\/v2\/types\/product"}],"replies":[{"embeddable":true,"href":"https:\/\/ekco-ci.com\/ecommerce\/wp-json\/wp\/v2\/comments?post=10651"}],"wp:featuredmedia":[{"embeddable":true,"href":"https:\/\/ekco-ci.com\/ecommerce\/wp-json\/wp\/v2\/media\/10652"}],"wp:attachment":[{"href":"https:\/\/ekco-ci.com\/ecommerce\/wp-json\/wp\/v2\/media?parent=10651"}],"wp:term":[{"taxonomy":"product_brand","embeddable":true,"href":"https:\/\/ekco-ci.com\/ecommerce\/wp-json\/wp\/v2\/product_brand?post=10651"},{"taxonomy":"product_cat","embeddable":true,"href":"https:\/\/ekco-ci.com\/ecommerce\/wp-json\/wp\/v2\/product_cat?post=10651"},{"taxonomy":"product_tag","embeddable":true,"href":"https:\/\/ekco-ci.com\/ecommerce\/wp-json\/wp\/v2\/product_tag?post=10651"}],"curies":[{"name":"wp","href":"https:\/\/api.w.org\/{rel}","templated":true}]}}