{"id":10498,"date":"2024-12-02T10:27:03","date_gmt":"2024-12-02T10:27:03","guid":{"rendered":"https:\/\/ekco-ci.com\/ecommerce\/?post_type=product&#038;p=10498"},"modified":"2024-12-12T09:20:36","modified_gmt":"2024-12-12T09:20:36","slug":"autocollant-mural-loup-en-pleine-lune","status":"publish","type":"product","link":"https:\/\/ekco-ci.com\/ecommerce\/produit\/autocollant-mural-loup-en-pleine-lune\/","title":{"rendered":"Autocollant Mural -Loup En Pleine Lune"},"content":{"rendered":"<header class=\"-pvs -bb\">\n<h2 class=\"-fs20 -m -phm -pvxs\">D\u00e9tails<\/h2>\n<\/header>\n<div class=\"markup -mhm -pvl -oxa -sc\">Caract\u00e9ristiques:<br \/>\nMettez un beau sticker mural sur votre maison ou votre bureau pour donner \u00e0 votre pi\u00e8ce un aspect neuf.<br \/>\nFacile \u00e0 coller et \u00e0 enlever sans laisser de r\u00e9sidus.<br \/>\nPeut \u00eatre coll\u00e9 sur des surfaces lisses et s\u00e8ches telles que les murs, les carreaux, le verre ou les salles de bain, les bureaux, les dortoirs ou les magasins.<br \/>\nGrande d\u00e9coration pour salon, cuisine, etc.<\/p>\n<p>Type : autocollant mural.<br \/>\nMat\u00e9riel: PVC<br \/>\nUtilisation : chambre \u00e0 coucher, salon, bureau, caf\u00e9.<br \/>\nCaract\u00e9ristiques : motif loups et lune, \u00e9tanche \u00e0 l&#8217;humidit\u00e9, amovible, respectueux de l&#8217;environnement.<br \/>\nTaille : 30 cm x 90 cm\/11,8&#8243; x 35,43&#8243;, taille finie : 70 cm x 85 cm\/27,6&#8243; x 33,4&#8243; (env.)<br \/>\nRemarques:En raison de la diff\u00e9rence de r\u00e9glage de la lumi\u00e8re et de l&#8217;\u00e9cran, la couleur de l&#8217;article peut \u00eatre l\u00e9g\u00e8rement diff\u00e9rente de celle des images.<br \/>\nVeuillez permettre une l\u00e9g\u00e8re diff\u00e9rence de dimension en raison de diff\u00e9rentes mesures manuelles.<br \/>\nLe forfait comprend :1 feuille d&#8217;autocollant mural<br \/>\n&nbsp;<\/p>\n<p>&nbsp;<\/p>\n<p>&nbsp;<\/p>\n<p><img fetchpriority=\"high\" decoding=\"async\" class=\"desc-img-loaded\" src=\"https:\/\/ci.jumia.is\/cms\/external\/pet\/GE070FD1EWMWGNAFAMZ\/8614a8b743845a78d82e9f4fd8316d9a.jpg\" alt=\"undefined\" width=\"790\" height=\"790\" data-lazyload-=\"\" data-src=\"https:\/\/ci.jumia.is\/cms\/external\/pet\/GE070FD1EWMWGNAFAMZ\/8614a8b743845a78d82e9f4fd8316d9a.jpg\" \/><\/p>\n<p><img decoding=\"async\" class=\"desc-img-loaded\" src=\"https:\/\/ci.jumia.is\/cms\/external\/pet\/GE070FD1EWMWGNAFAMZ\/5be711ca4a9939c8f45aed49e8364fc7.jpg\" alt=\"undefined\" width=\"790\" height=\"790\" data-lazyload-=\"\" data-src=\"https:\/\/ci.jumia.is\/cms\/external\/pet\/GE070FD1EWMWGNAFAMZ\/5be711ca4a9939c8f45aed49e8364fc7.jpg\" \/><\/p>\n<p><img decoding=\"async\" class=\"desc-img-loaded\" src=\"https:\/\/ci.jumia.is\/cms\/external\/pet\/GE070FD1EWMWGNAFAMZ\/8bdaf4f102612b5ab9c83e974dfae1de.jpg\" alt=\"undefined\" width=\"790\" height=\"790\" data-lazyload-=\"\" data-src=\"https:\/\/ci.jumia.is\/cms\/external\/pet\/GE070FD1EWMWGNAFAMZ\/8bdaf4f102612b5ab9c83e974dfae1de.jpg\" \/><\/p>\n<p><img loading=\"lazy\" decoding=\"async\" class=\"desc-img-loaded\" src=\"https:\/\/ci.jumia.is\/cms\/external\/pet\/GE070FD1EWMWGNAFAMZ\/c71c810d6d2985c3ec3d170e54fde086.jpg\" alt=\"undefined\" width=\"790\" height=\"790\" data-lazyload-=\"\" data-src=\"https:\/\/ci.jumia.is\/cms\/external\/pet\/GE070FD1EWMWGNAFAMZ\/c71c810d6d2985c3ec3d170e54fde086.jpg\" \/><\/p>\n<p><img loading=\"lazy\" decoding=\"async\" class=\"desc-img-loaded\" src=\"https:\/\/ci.jumia.is\/cms\/external\/pet\/GE070FD1EWMWGNAFAMZ\/8100d513d219964642ad7617da79e030.jpg\" alt=\"undefined\" width=\"790\" height=\"790\" data-lazyload-=\"\" data-src=\"https:\/\/ci.jumia.is\/cms\/external\/pet\/GE070FD1EWMWGNAFAMZ\/8100d513d219964642ad7617da79e030.jpg\" \/><\/p>\n<p><img loading=\"lazy\" decoding=\"async\" class=\"desc-img-loaded\" src=\"https:\/\/ci.jumia.is\/cms\/external\/pet\/GE070FD1EWMWGNAFAMZ\/bda2820ea3d1a15aa1aeb2f55f01fad1.jpg\" alt=\"undefined\" width=\"790\" height=\"790\" data-lazyload-=\"\" data-src=\"https:\/\/ci.jumia.is\/cms\/external\/pet\/GE070FD1EWMWGNAFAMZ\/bda2820ea3d1a15aa1aeb2f55f01fad1.jpg\" \/><\/p>\n<p><img loading=\"lazy\" decoding=\"async\" class=\"desc-img-loaded\" src=\"https:\/\/ci.jumia.is\/cms\/external\/pet\/GE070FD1EWMWGNAFAMZ\/7e8083cc0a6019962da61163912537d9.jpg\" alt=\"undefined\" width=\"790\" height=\"790\" data-lazyload-=\"\" data-src=\"https:\/\/ci.jumia.is\/cms\/external\/pet\/GE070FD1EWMWGNAFAMZ\/7e8083cc0a6019962da61163912537d9.jpg\" \/><\/p>\n<\/div>\n","protected":false},"excerpt":{"rendered":"<p>D\u00e9tails Caract\u00e9ristiques: Mettez un beau sticker mural sur votre maison ou votre bureau pour donner \u00e0 votre pi\u00e8ce un aspect [&hellip;]<\/p>\n","protected":false},"featured_media":10499,"comment_status":"open","ping_status":"closed","template":"","meta":{"_uag_custom_page_level_css":"","site-sidebar-layout":"default","site-content-layout":"","ast-site-content-layout":"default","site-content-style":"default","site-sidebar-style":"default","ast-global-header-display":"","ast-banner-title-visibility":"","ast-main-header-display":"","ast-hfb-above-header-display":"","ast-hfb-below-header-display":"","ast-hfb-mobile-header-display":"","site-post-title":"","ast-breadcrumbs-content":"","ast-featured-img":"","footer-sml-layout":"","ast-disable-related-posts":"","theme-transparent-header-meta":"default","adv-header-id-meta":"","stick-header-meta":"","header-above-stick-meta":"","header-main-stick-meta":"","header-below-stick-meta":"","astra-migrate-meta-layouts":"set","ast-page-background-enabled":"default","ast-page-background-meta":{"desktop":{"background-color":"var(--ast-global-color-4)","background-image":"","background-repeat":"repeat","background-position":"center center","background-size":"auto","background-attachment":"scroll","background-type":"","background-media":"","overlay-type":"","overlay-color":"","overlay-opacity":"","overlay-gradient":""},"tablet":{"background-color":"","background-image":"","background-repeat":"repeat","background-position":"center center","background-size":"auto","background-attachment":"scroll","background-type":"","background-media":"","overlay-type":"","overlay-color":"","overlay-opacity":"","overlay-gradient":""},"mobile":{"background-color":"","background-image":"","background-repeat":"repeat","background-position":"center center","background-size":"auto","background-attachment":"scroll","background-type":"","background-media":"","overlay-type":"","overlay-color":"","overlay-opacity":"","overlay-gradient":""}},"ast-content-background-meta":{"desktop":{"background-color":"var(--ast-global-color-5)","background-image":"","background-repeat":"repeat","background-position":"center center","background-size":"auto","background-attachment":"scroll","background-type":"","background-media":"","overlay-type":"","overlay-color":"","overlay-opacity":"","overlay-gradient":""},"tablet":{"background-color":"var(--ast-global-color-5)","background-image":"","background-repeat":"repeat","background-position":"center center","background-size":"auto","background-attachment":"scroll","background-type":"","background-media":"","overlay-type":"","overlay-color":"","overlay-opacity":"","overlay-gradient":""},"mobile":{"background-color":"var(--ast-global-color-5)","background-image":"","background-repeat":"repeat","background-position":"center center","background-size":"auto","background-attachment":"scroll","background-type":"","background-media":"","overlay-type":"","overlay-color":"","overlay-opacity":"","overlay-gradient":""}}},"product_brand":[],"product_cat":[255,619,772,23,1172,1171],"product_tag":[],"class_list":{"0":"post-10498","1":"product","2":"type-product","3":"status-publish","4":"has-post-thumbnail","6":"product_cat-accents-de-decoration-a-la-maison","7":"product_cat-cuisine-maison","8":"product_cat-decoration-de-maison-cuisine-maison","9":"product_cat-maison-bureau","10":"product_cat-stickers-muraux","11":"product_cat-stickers-muraux-et-murales","12":"desktop-align-left","13":"tablet-align-left","14":"mobile-align-left","16":"first","17":"instock","18":"sale","19":"shipping-taxable","20":"purchasable","21":"product-type-simple"},"yoast_head":"<!-- This site is optimized with the Yoast SEO plugin v26.8 - https:\/\/yoast.com\/product\/yoast-seo-wordpress\/ -->\n<title>Autocollant Mural -Loup En Pleine Lune - Ekco Boutique<\/title>\n<meta name=\"robots\" content=\"index, follow, max-snippet:-1, max-image-preview:large, max-video-preview:-1\" \/>\n<link rel=\"canonical\" href=\"https:\/\/ekco-ci.com\/ecommerce\/produit\/autocollant-mural-loup-en-pleine-lune\/\" \/>\n<meta property=\"og:locale\" content=\"fr_FR\" \/>\n<meta property=\"og:type\" content=\"article\" \/>\n<meta property=\"og:title\" content=\"Autocollant Mural -Loup En Pleine Lune - Ekco Boutique\" \/>\n<meta property=\"og:description\" content=\"D\u00e9tails Caract\u00e9ristiques: Mettez un beau sticker mural sur votre maison ou votre bureau pour donner \u00e0 votre pi\u00e8ce un aspect [&hellip;]\" \/>\n<meta property=\"og:url\" content=\"https:\/\/ekco-ci.com\/ecommerce\/produit\/autocollant-mural-loup-en-pleine-lune\/\" \/>\n<meta property=\"og:site_name\" content=\"Ekco Boutique\" \/>\n<meta property=\"article:modified_time\" content=\"2024-12-12T09:20:36+00:00\" \/>\n<meta property=\"og:image\" content=\"https:\/\/ekco-ci.com\/ecommerce\/wp-content\/uploads\/2024\/12\/5-9.jpg\" \/>\n\t<meta property=\"og:image:width\" content=\"500\" \/>\n\t<meta property=\"og:image:height\" content=\"500\" \/>\n\t<meta property=\"og:image:type\" content=\"image\/jpeg\" \/>\n<meta name=\"twitter:card\" content=\"summary_large_image\" \/>\n<meta name=\"twitter:label1\" content=\"Dur\u00e9e de lecture estim\u00e9e\" \/>\n\t<meta name=\"twitter:data1\" content=\"3 minutes\" \/>\n<script type=\"application\/ld+json\" class=\"yoast-schema-graph\">{\"@context\":\"https:\/\/schema.org\",\"@graph\":[{\"@type\":\"WebPage\",\"@id\":\"https:\/\/ekco-ci.com\/ecommerce\/produit\/autocollant-mural-loup-en-pleine-lune\/\",\"url\":\"https:\/\/ekco-ci.com\/ecommerce\/produit\/autocollant-mural-loup-en-pleine-lune\/\",\"name\":\"Autocollant Mural -Loup En Pleine Lune - Ekco Boutique\",\"isPartOf\":{\"@id\":\"https:\/\/ekco-ci.com\/ecommerce\/#website\"},\"primaryImageOfPage\":{\"@id\":\"https:\/\/ekco-ci.com\/ecommerce\/produit\/autocollant-mural-loup-en-pleine-lune\/#primaryimage\"},\"image\":{\"@id\":\"https:\/\/ekco-ci.com\/ecommerce\/produit\/autocollant-mural-loup-en-pleine-lune\/#primaryimage\"},\"thumbnailUrl\":\"https:\/\/ekco-ci.com\/ecommerce\/wp-content\/uploads\/2024\/12\/5-9.jpg\",\"datePublished\":\"2024-12-02T10:27:03+00:00\",\"dateModified\":\"2024-12-12T09:20:36+00:00\",\"breadcrumb\":{\"@id\":\"https:\/\/ekco-ci.com\/ecommerce\/produit\/autocollant-mural-loup-en-pleine-lune\/#breadcrumb\"},\"inLanguage\":\"fr-FR\",\"potentialAction\":[{\"@type\":\"ReadAction\",\"target\":[\"https:\/\/ekco-ci.com\/ecommerce\/produit\/autocollant-mural-loup-en-pleine-lune\/\"]}]},{\"@type\":\"ImageObject\",\"inLanguage\":\"fr-FR\",\"@id\":\"https:\/\/ekco-ci.com\/ecommerce\/produit\/autocollant-mural-loup-en-pleine-lune\/#primaryimage\",\"url\":\"https:\/\/ekco-ci.com\/ecommerce\/wp-content\/uploads\/2024\/12\/5-9.jpg\",\"contentUrl\":\"https:\/\/ekco-ci.com\/ecommerce\/wp-content\/uploads\/2024\/12\/5-9.jpg\",\"width\":500,\"height\":500},{\"@type\":\"BreadcrumbList\",\"@id\":\"https:\/\/ekco-ci.com\/ecommerce\/produit\/autocollant-mural-loup-en-pleine-lune\/#breadcrumb\",\"itemListElement\":[{\"@type\":\"ListItem\",\"position\":1,\"name\":\"Home\",\"item\":\"https:\/\/ekco-ci.com\/ecommerce\/\"},{\"@type\":\"ListItem\",\"position\":2,\"name\":\"Boutique\",\"item\":\"https:\/\/ekco-ci.com\/ecommerce\/boutique\/\"},{\"@type\":\"ListItem\",\"position\":3,\"name\":\"Autocollant Mural -Loup En Pleine Lune\"}]},{\"@type\":\"WebSite\",\"@id\":\"https:\/\/ekco-ci.com\/ecommerce\/#website\",\"url\":\"https:\/\/ekco-ci.com\/ecommerce\/\",\"name\":\"Ekco Boutique\",\"description\":\"Ekco Boutique! La qualit\u00e9 au c\u0153ur de chaque achat\",\"publisher\":{\"@id\":\"https:\/\/ekco-ci.com\/ecommerce\/#organization\"},\"alternateName\":\"Boutique\",\"potentialAction\":[{\"@type\":\"SearchAction\",\"target\":{\"@type\":\"EntryPoint\",\"urlTemplate\":\"https:\/\/ekco-ci.com\/ecommerce\/?s={search_term_string}\"},\"query-input\":{\"@type\":\"PropertyValueSpecification\",\"valueRequired\":true,\"valueName\":\"search_term_string\"}}],\"inLanguage\":\"fr-FR\"},{\"@type\":\"Organization\",\"@id\":\"https:\/\/ekco-ci.com\/ecommerce\/#organization\",\"name\":\"Ekco Boutique\",\"url\":\"https:\/\/ekco-ci.com\/ecommerce\/\",\"logo\":{\"@type\":\"ImageObject\",\"inLanguage\":\"fr-FR\",\"@id\":\"https:\/\/ekco-ci.com\/ecommerce\/#\/schema\/logo\/image\/\",\"url\":\"https:\/\/ekco-ci.com\/ecommerce\/wp-content\/uploads\/2024\/08\/cropped-lologo.png\",\"contentUrl\":\"https:\/\/ekco-ci.com\/ecommerce\/wp-content\/uploads\/2024\/08\/cropped-lologo.png\",\"width\":512,\"height\":512,\"caption\":\"Ekco Boutique\"},\"image\":{\"@id\":\"https:\/\/ekco-ci.com\/ecommerce\/#\/schema\/logo\/image\/\"}}]}<\/script>\n<!-- \/ Yoast SEO plugin. -->","yoast_head_json":{"title":"Autocollant Mural -Loup En Pleine Lune - Ekco Boutique","robots":{"index":"index","follow":"follow","max-snippet":"max-snippet:-1","max-image-preview":"max-image-preview:large","max-video-preview":"max-video-preview:-1"},"canonical":"https:\/\/ekco-ci.com\/ecommerce\/produit\/autocollant-mural-loup-en-pleine-lune\/","og_locale":"fr_FR","og_type":"article","og_title":"Autocollant Mural -Loup En Pleine Lune - Ekco Boutique","og_description":"D\u00e9tails Caract\u00e9ristiques: Mettez un beau sticker mural sur votre maison ou votre bureau pour donner \u00e0 votre pi\u00e8ce un aspect [&hellip;]","og_url":"https:\/\/ekco-ci.com\/ecommerce\/produit\/autocollant-mural-loup-en-pleine-lune\/","og_site_name":"Ekco Boutique","article_modified_time":"2024-12-12T09:20:36+00:00","og_image":[{"width":500,"height":500,"url":"https:\/\/ekco-ci.com\/ecommerce\/wp-content\/uploads\/2024\/12\/5-9.jpg","type":"image\/jpeg"}],"twitter_card":"summary_large_image","twitter_misc":{"Dur\u00e9e de lecture estim\u00e9e":"3 minutes"},"schema":{"@context":"https:\/\/schema.org","@graph":[{"@type":"WebPage","@id":"https:\/\/ekco-ci.com\/ecommerce\/produit\/autocollant-mural-loup-en-pleine-lune\/","url":"https:\/\/ekco-ci.com\/ecommerce\/produit\/autocollant-mural-loup-en-pleine-lune\/","name":"Autocollant Mural -Loup En Pleine Lune - Ekco Boutique","isPartOf":{"@id":"https:\/\/ekco-ci.com\/ecommerce\/#website"},"primaryImageOfPage":{"@id":"https:\/\/ekco-ci.com\/ecommerce\/produit\/autocollant-mural-loup-en-pleine-lune\/#primaryimage"},"image":{"@id":"https:\/\/ekco-ci.com\/ecommerce\/produit\/autocollant-mural-loup-en-pleine-lune\/#primaryimage"},"thumbnailUrl":"https:\/\/ekco-ci.com\/ecommerce\/wp-content\/uploads\/2024\/12\/5-9.jpg","datePublished":"2024-12-02T10:27:03+00:00","dateModified":"2024-12-12T09:20:36+00:00","breadcrumb":{"@id":"https:\/\/ekco-ci.com\/ecommerce\/produit\/autocollant-mural-loup-en-pleine-lune\/#breadcrumb"},"inLanguage":"fr-FR","potentialAction":[{"@type":"ReadAction","target":["https:\/\/ekco-ci.com\/ecommerce\/produit\/autocollant-mural-loup-en-pleine-lune\/"]}]},{"@type":"ImageObject","inLanguage":"fr-FR","@id":"https:\/\/ekco-ci.com\/ecommerce\/produit\/autocollant-mural-loup-en-pleine-lune\/#primaryimage","url":"https:\/\/ekco-ci.com\/ecommerce\/wp-content\/uploads\/2024\/12\/5-9.jpg","contentUrl":"https:\/\/ekco-ci.com\/ecommerce\/wp-content\/uploads\/2024\/12\/5-9.jpg","width":500,"height":500},{"@type":"BreadcrumbList","@id":"https:\/\/ekco-ci.com\/ecommerce\/produit\/autocollant-mural-loup-en-pleine-lune\/#breadcrumb","itemListElement":[{"@type":"ListItem","position":1,"name":"Home","item":"https:\/\/ekco-ci.com\/ecommerce\/"},{"@type":"ListItem","position":2,"name":"Boutique","item":"https:\/\/ekco-ci.com\/ecommerce\/boutique\/"},{"@type":"ListItem","position":3,"name":"Autocollant Mural -Loup En Pleine Lune"}]},{"@type":"WebSite","@id":"https:\/\/ekco-ci.com\/ecommerce\/#website","url":"https:\/\/ekco-ci.com\/ecommerce\/","name":"Ekco Boutique","description":"Ekco Boutique! La qualit\u00e9 au c\u0153ur de chaque achat","publisher":{"@id":"https:\/\/ekco-ci.com\/ecommerce\/#organization"},"alternateName":"Boutique","potentialAction":[{"@type":"SearchAction","target":{"@type":"EntryPoint","urlTemplate":"https:\/\/ekco-ci.com\/ecommerce\/?s={search_term_string}"},"query-input":{"@type":"PropertyValueSpecification","valueRequired":true,"valueName":"search_term_string"}}],"inLanguage":"fr-FR"},{"@type":"Organization","@id":"https:\/\/ekco-ci.com\/ecommerce\/#organization","name":"Ekco Boutique","url":"https:\/\/ekco-ci.com\/ecommerce\/","logo":{"@type":"ImageObject","inLanguage":"fr-FR","@id":"https:\/\/ekco-ci.com\/ecommerce\/#\/schema\/logo\/image\/","url":"https:\/\/ekco-ci.com\/ecommerce\/wp-content\/uploads\/2024\/08\/cropped-lologo.png","contentUrl":"https:\/\/ekco-ci.com\/ecommerce\/wp-content\/uploads\/2024\/08\/cropped-lologo.png","width":512,"height":512,"caption":"Ekco Boutique"},"image":{"@id":"https:\/\/ekco-ci.com\/ecommerce\/#\/schema\/logo\/image\/"}}]}},"uagb_featured_image_src":{"full":["https:\/\/ekco-ci.com\/ecommerce\/wp-content\/uploads\/2024\/12\/5-9.jpg",500,500,false],"thumbnail":["https:\/\/ekco-ci.com\/ecommerce\/wp-content\/uploads\/2024\/12\/5-9-150x150.jpg",150,150,true],"medium":["https:\/\/ekco-ci.com\/ecommerce\/wp-content\/uploads\/2024\/12\/5-9-300x300.jpg",300,300,true],"medium_large":["https:\/\/ekco-ci.com\/ecommerce\/wp-content\/uploads\/2024\/12\/5-9.jpg",500,500,false],"large":["https:\/\/ekco-ci.com\/ecommerce\/wp-content\/uploads\/2024\/12\/5-9.jpg",500,500,false],"1536x1536":["https:\/\/ekco-ci.com\/ecommerce\/wp-content\/uploads\/2024\/12\/5-9.jpg",500,500,false],"2048x2048":["https:\/\/ekco-ci.com\/ecommerce\/wp-content\/uploads\/2024\/12\/5-9.jpg",500,500,false],"cfw_cart_thumb":["https:\/\/ekco-ci.com\/ecommerce\/wp-content\/uploads\/2024\/12\/5-9-60x60.jpg",60,60,true],"cfw_order_bump_thumb":["https:\/\/ekco-ci.com\/ecommerce\/wp-content\/uploads\/2024\/12\/5-9.jpg",320,320,false],"woocommerce_thumbnail":["https:\/\/ekco-ci.com\/ecommerce\/wp-content\/uploads\/2024\/12\/5-9-300x225.jpg",300,225,true],"woocommerce_single":["https:\/\/ekco-ci.com\/ecommerce\/wp-content\/uploads\/2024\/12\/5-9.jpg",500,500,false],"woocommerce_gallery_thumbnail":["https:\/\/ekco-ci.com\/ecommerce\/wp-content\/uploads\/2024\/12\/5-9-100x100.jpg",100,100,true]},"uagb_author_info":{"display_name":"Christabelle Moulo","author_link":"https:\/\/ekco-ci.com\/ecommerce\/author\/"},"uagb_comment_info":0,"uagb_excerpt":"D\u00e9tails Caract\u00e9ristiques: Mettez un beau sticker mural sur votre maison ou votre bureau pour donner \u00e0 votre pi\u00e8ce un aspect [&hellip;]","_links":{"self":[{"href":"https:\/\/ekco-ci.com\/ecommerce\/wp-json\/wp\/v2\/product\/10498","targetHints":{"allow":["GET"]}}],"collection":[{"href":"https:\/\/ekco-ci.com\/ecommerce\/wp-json\/wp\/v2\/product"}],"about":[{"href":"https:\/\/ekco-ci.com\/ecommerce\/wp-json\/wp\/v2\/types\/product"}],"replies":[{"embeddable":true,"href":"https:\/\/ekco-ci.com\/ecommerce\/wp-json\/wp\/v2\/comments?post=10498"}],"wp:featuredmedia":[{"embeddable":true,"href":"https:\/\/ekco-ci.com\/ecommerce\/wp-json\/wp\/v2\/media\/10499"}],"wp:attachment":[{"href":"https:\/\/ekco-ci.com\/ecommerce\/wp-json\/wp\/v2\/media?parent=10498"}],"wp:term":[{"taxonomy":"product_brand","embeddable":true,"href":"https:\/\/ekco-ci.com\/ecommerce\/wp-json\/wp\/v2\/product_brand?post=10498"},{"taxonomy":"product_cat","embeddable":true,"href":"https:\/\/ekco-ci.com\/ecommerce\/wp-json\/wp\/v2\/product_cat?post=10498"},{"taxonomy":"product_tag","embeddable":true,"href":"https:\/\/ekco-ci.com\/ecommerce\/wp-json\/wp\/v2\/product_tag?post=10498"}],"curies":[{"name":"wp","href":"https:\/\/api.w.org\/{rel}","templated":true}]}}