{"id":10409,"date":"2024-11-29T14:15:23","date_gmt":"2024-11-29T14:15:23","guid":{"rendered":"https:\/\/ekco-ci.com\/ecommerce\/?post_type=product&#038;p=10409"},"modified":"2024-12-12T09:20:34","modified_gmt":"2024-12-12T09:20:34","slug":"smart-watch-connectee-bluetooth-sim-carte-memoire-caracteristiques-numeroteur-bluetooth-rappel-dappel-anti-perte-podometre-moniteur-de-sommeil-rappel-sedentaire-langue-anglais-multilingue","status":"publish","type":"product","link":"https:\/\/ekco-ci.com\/ecommerce\/produit\/smart-watch-connectee-bluetooth-sim-carte-memoire-caracteristiques-numeroteur-bluetooth-rappel-dappel-anti-perte-podometre-moniteur-de-sommeil-rappel-sedentaire-langue-anglais-multilingue\/","title":{"rendered":"Smart watch Connect\u00e9e, Bluetooth, SIM, Carte memoire Caract\u00e9ristiques: num\u00e9roteur Bluetooth, rappel d&#8217;appel, anti-perte, podom\u00e8tre, moniteur de sommeil, rappel s\u00e9dentaire Langue: anglais\/multilingue (facultatif) \u00c9cran: 1.54 pouces FQVGA 240*240 pixels \u00c9cran tactile: p\u00e2te compl\u00e8te capacitive G + F Touch Vibration: Oui Autonomie en veille: 150 heures Temps de conversation: 3 heures Contact via Bluetooth: oui SMS: Oui CPU: MTK6261D"},"content":{"rendered":"<p>Smart watch\u00a0<b>Connect\u00e9e<\/b>, Bluetooth, SIM, Carte memoire Caract\u00e9ristiques: num\u00e9roteur Bluetooth, rappel d&#8217;appel, anti-perte, podom\u00e8tre, moniteur de sommeil, rappel s\u00e9dentaire Langue: anglais\/multilingue (facultatif) \u00c9cran: 1.54 pouces FQVGA 240*240 pixels \u00c9cran tactile: p\u00e2te compl\u00e8te capacitive G + F Touch Vibration: Oui Autonomie en veille: 150 heures Temps de conversation: 3 heures Contact via Bluetooth: oui SMS: Oui CPU: MTK6261D<\/p>\n","protected":false},"excerpt":{"rendered":"<p>Smart watch\u00a0Connect\u00e9e, Bluetooth, SIM, Carte memoire Caract\u00e9ristiques: num\u00e9roteur Bluetooth, rappel d&#8217;appel, anti-perte, podom\u00e8tre, moniteur de sommeil, rappel s\u00e9dentaire Langue: anglais\/multilingue [&hellip;]<\/p>\n","protected":false},"featured_media":10410,"comment_status":"open","ping_status":"closed","template":"","meta":{"_uag_custom_page_level_css":"","site-sidebar-layout":"default","site-content-layout":"","ast-site-content-layout":"default","site-content-style":"default","site-sidebar-style":"default","ast-global-header-display":"","ast-banner-title-visibility":"","ast-main-header-display":"","ast-hfb-above-header-display":"","ast-hfb-below-header-display":"","ast-hfb-mobile-header-display":"","site-post-title":"","ast-breadcrumbs-content":"","ast-featured-img":"","footer-sml-layout":"","ast-disable-related-posts":"","theme-transparent-header-meta":"default","adv-header-id-meta":"","stick-header-meta":"","header-above-stick-meta":"","header-main-stick-meta":"","header-below-stick-meta":"","astra-migrate-meta-layouts":"set","ast-page-background-enabled":"default","ast-page-background-meta":{"desktop":{"background-color":"var(--ast-global-color-4)","background-image":"","background-repeat":"repeat","background-position":"center center","background-size":"auto","background-attachment":"scroll","background-type":"","background-media":"","overlay-type":"","overlay-color":"","overlay-opacity":"","overlay-gradient":""},"tablet":{"background-color":"","background-image":"","background-repeat":"repeat","background-position":"center center","background-size":"auto","background-attachment":"scroll","background-type":"","background-media":"","overlay-type":"","overlay-color":"","overlay-opacity":"","overlay-gradient":""},"mobile":{"background-color":"","background-image":"","background-repeat":"repeat","background-position":"center center","background-size":"auto","background-attachment":"scroll","background-type":"","background-media":"","overlay-type":"","overlay-color":"","overlay-opacity":"","overlay-gradient":""}},"ast-content-background-meta":{"desktop":{"background-color":"var(--ast-global-color-5)","background-image":"","background-repeat":"repeat","background-position":"center center","background-size":"auto","background-attachment":"scroll","background-type":"","background-media":"","overlay-type":"","overlay-color":"","overlay-opacity":"","overlay-gradient":""},"tablet":{"background-color":"var(--ast-global-color-5)","background-image":"","background-repeat":"repeat","background-position":"center center","background-size":"auto","background-attachment":"scroll","background-type":"","background-media":"","overlay-type":"","overlay-color":"","overlay-opacity":"","overlay-gradient":""},"mobile":{"background-color":"var(--ast-global-color-5)","background-image":"","background-repeat":"repeat","background-position":"center center","background-size":"auto","background-attachment":"scroll","background-type":"","background-media":"","overlay-type":"","overlay-color":"","overlay-opacity":"","overlay-gradient":""}}},"product_brand":[],"product_cat":[85,1180,1182,1181,45],"product_tag":[],"class_list":{"0":"post-10409","1":"product","2":"type-product","3":"status-publish","4":"has-post-thumbnail","6":"product_cat-accesoires-telephone","7":"product_cat-accessoires-smart-watch","8":"product_cat-cables-de-smart-watch","9":"product_cat-montre-intelligente-cables-chargeurs","10":"product_cat-telephones-tablettes","11":"desktop-align-left","12":"tablet-align-left","13":"mobile-align-left","15":"first","16":"instock","17":"sale","18":"shipping-taxable","19":"purchasable","20":"product-type-simple"},"yoast_head":"<!-- This site is optimized with the Yoast SEO plugin v26.8 - https:\/\/yoast.com\/product\/yoast-seo-wordpress\/ -->\n<title>Smart watch Connect\u00e9e, Bluetooth, SIM, Carte memoire Caract\u00e9ristiques: num\u00e9roteur Bluetooth, rappel d&#039;appel, anti-perte, podom\u00e8tre, moniteur de sommeil, rappel s\u00e9dentaire Langue: anglais\/multilingue (facultatif) \u00c9cran: 1.54 pouces FQVGA 240*240 pixels \u00c9cran tactile: p\u00e2te compl\u00e8te capacitive G + F Touch Vibration: Oui Autonomie en veille: 150 heures Temps de conversation: 3 heures Contact via Bluetooth: oui SMS: Oui CPU: MTK6261D - Ekco Boutique<\/title>\n<meta name=\"robots\" content=\"index, follow, max-snippet:-1, max-image-preview:large, max-video-preview:-1\" \/>\n<link rel=\"canonical\" href=\"https:\/\/ekco-ci.com\/ecommerce\/produit\/smart-watch-connectee-bluetooth-sim-carte-memoire-caracteristiques-numeroteur-bluetooth-rappel-dappel-anti-perte-podometre-moniteur-de-sommeil-rappel-sedentaire-langue-anglais-multilingue\/\" \/>\n<meta property=\"og:locale\" content=\"fr_FR\" \/>\n<meta property=\"og:type\" content=\"article\" \/>\n<meta property=\"og:title\" content=\"Smart watch Connect\u00e9e, Bluetooth, SIM, Carte memoire Caract\u00e9ristiques: num\u00e9roteur Bluetooth, rappel d&#039;appel, anti-perte, podom\u00e8tre, moniteur de sommeil, rappel s\u00e9dentaire Langue: anglais\/multilingue (facultatif) \u00c9cran: 1.54 pouces FQVGA 240*240 pixels \u00c9cran tactile: p\u00e2te compl\u00e8te capacitive G + F Touch Vibration: Oui Autonomie en veille: 150 heures Temps de conversation: 3 heures Contact via Bluetooth: oui SMS: Oui CPU: MTK6261D - Ekco Boutique\" \/>\n<meta property=\"og:description\" content=\"Smart watch\u00a0Connect\u00e9e, Bluetooth, SIM, Carte memoire Caract\u00e9ristiques: num\u00e9roteur Bluetooth, rappel d&#8217;appel, anti-perte, podom\u00e8tre, moniteur de sommeil, rappel s\u00e9dentaire Langue: anglais\/multilingue [&hellip;]\" \/>\n<meta property=\"og:url\" content=\"https:\/\/ekco-ci.com\/ecommerce\/produit\/smart-watch-connectee-bluetooth-sim-carte-memoire-caracteristiques-numeroteur-bluetooth-rappel-dappel-anti-perte-podometre-moniteur-de-sommeil-rappel-sedentaire-langue-anglais-multilingue\/\" \/>\n<meta property=\"og:site_name\" content=\"Ekco Boutique\" \/>\n<meta property=\"article:modified_time\" content=\"2024-12-12T09:20:34+00:00\" \/>\n<meta property=\"og:image\" content=\"https:\/\/ekco-ci.com\/ecommerce\/wp-content\/uploads\/2024\/11\/1-9-12.jpg\" \/>\n\t<meta property=\"og:image:width\" content=\"500\" \/>\n\t<meta property=\"og:image:height\" content=\"500\" \/>\n\t<meta property=\"og:image:type\" content=\"image\/jpeg\" \/>\n<meta name=\"twitter:card\" content=\"summary_large_image\" \/>\n<meta name=\"twitter:label1\" content=\"Dur\u00e9e de lecture estim\u00e9e\" \/>\n\t<meta name=\"twitter:data1\" content=\"1 minute\" \/>\n<script type=\"application\/ld+json\" class=\"yoast-schema-graph\">{\"@context\":\"https:\/\/schema.org\",\"@graph\":[{\"@type\":\"WebPage\",\"@id\":\"https:\/\/ekco-ci.com\/ecommerce\/produit\/smart-watch-connectee-bluetooth-sim-carte-memoire-caracteristiques-numeroteur-bluetooth-rappel-dappel-anti-perte-podometre-moniteur-de-sommeil-rappel-sedentaire-langue-anglais-multilingue\/\",\"url\":\"https:\/\/ekco-ci.com\/ecommerce\/produit\/smart-watch-connectee-bluetooth-sim-carte-memoire-caracteristiques-numeroteur-bluetooth-rappel-dappel-anti-perte-podometre-moniteur-de-sommeil-rappel-sedentaire-langue-anglais-multilingue\/\",\"name\":\"Smart watch Connect\u00e9e, Bluetooth, SIM, Carte memoire Caract\u00e9ristiques: num\u00e9roteur Bluetooth, rappel d'appel, anti-perte, podom\u00e8tre, moniteur de sommeil, rappel s\u00e9dentaire Langue: anglais\/multilingue (facultatif) \u00c9cran: 1.54 pouces FQVGA 240*240 pixels \u00c9cran tactile: p\u00e2te compl\u00e8te capacitive G + F Touch Vibration: Oui Autonomie en veille: 150 heures Temps de conversation: 3 heures Contact via Bluetooth: oui SMS: Oui CPU: MTK6261D - Ekco Boutique\",\"isPartOf\":{\"@id\":\"https:\/\/ekco-ci.com\/ecommerce\/#website\"},\"primaryImageOfPage\":{\"@id\":\"https:\/\/ekco-ci.com\/ecommerce\/produit\/smart-watch-connectee-bluetooth-sim-carte-memoire-caracteristiques-numeroteur-bluetooth-rappel-dappel-anti-perte-podometre-moniteur-de-sommeil-rappel-sedentaire-langue-anglais-multilingue\/#primaryimage\"},\"image\":{\"@id\":\"https:\/\/ekco-ci.com\/ecommerce\/produit\/smart-watch-connectee-bluetooth-sim-carte-memoire-caracteristiques-numeroteur-bluetooth-rappel-dappel-anti-perte-podometre-moniteur-de-sommeil-rappel-sedentaire-langue-anglais-multilingue\/#primaryimage\"},\"thumbnailUrl\":\"https:\/\/ekco-ci.com\/ecommerce\/wp-content\/uploads\/2024\/11\/1-9-12.jpg\",\"datePublished\":\"2024-11-29T14:15:23+00:00\",\"dateModified\":\"2024-12-12T09:20:34+00:00\",\"breadcrumb\":{\"@id\":\"https:\/\/ekco-ci.com\/ecommerce\/produit\/smart-watch-connectee-bluetooth-sim-carte-memoire-caracteristiques-numeroteur-bluetooth-rappel-dappel-anti-perte-podometre-moniteur-de-sommeil-rappel-sedentaire-langue-anglais-multilingue\/#breadcrumb\"},\"inLanguage\":\"fr-FR\",\"potentialAction\":[{\"@type\":\"ReadAction\",\"target\":[\"https:\/\/ekco-ci.com\/ecommerce\/produit\/smart-watch-connectee-bluetooth-sim-carte-memoire-caracteristiques-numeroteur-bluetooth-rappel-dappel-anti-perte-podometre-moniteur-de-sommeil-rappel-sedentaire-langue-anglais-multilingue\/\"]}]},{\"@type\":\"ImageObject\",\"inLanguage\":\"fr-FR\",\"@id\":\"https:\/\/ekco-ci.com\/ecommerce\/produit\/smart-watch-connectee-bluetooth-sim-carte-memoire-caracteristiques-numeroteur-bluetooth-rappel-dappel-anti-perte-podometre-moniteur-de-sommeil-rappel-sedentaire-langue-anglais-multilingue\/#primaryimage\",\"url\":\"https:\/\/ekco-ci.com\/ecommerce\/wp-content\/uploads\/2024\/11\/1-9-12.jpg\",\"contentUrl\":\"https:\/\/ekco-ci.com\/ecommerce\/wp-content\/uploads\/2024\/11\/1-9-12.jpg\",\"width\":500,\"height\":500},{\"@type\":\"BreadcrumbList\",\"@id\":\"https:\/\/ekco-ci.com\/ecommerce\/produit\/smart-watch-connectee-bluetooth-sim-carte-memoire-caracteristiques-numeroteur-bluetooth-rappel-dappel-anti-perte-podometre-moniteur-de-sommeil-rappel-sedentaire-langue-anglais-multilingue\/#breadcrumb\",\"itemListElement\":[{\"@type\":\"ListItem\",\"position\":1,\"name\":\"Home\",\"item\":\"https:\/\/ekco-ci.com\/ecommerce\/\"},{\"@type\":\"ListItem\",\"position\":2,\"name\":\"Boutique\",\"item\":\"https:\/\/ekco-ci.com\/ecommerce\/boutique\/\"},{\"@type\":\"ListItem\",\"position\":3,\"name\":\"Smart watch Connect\u00e9e, Bluetooth, SIM, Carte memoire Caract\u00e9ristiques: num\u00e9roteur Bluetooth, rappel d&#8217;appel, anti-perte, podom\u00e8tre, moniteur de sommeil, rappel s\u00e9dentaire Langue: anglais\/multilingue (facultatif) \u00c9cran: 1.54 pouces FQVGA 240*240 pixels \u00c9cran tactile: p\u00e2te compl\u00e8te capacitive G + F Touch Vibration: Oui Autonomie en veille: 150 heures Temps de conversation: 3 heures Contact via Bluetooth: oui SMS: Oui CPU: MTK6261D\"}]},{\"@type\":\"WebSite\",\"@id\":\"https:\/\/ekco-ci.com\/ecommerce\/#website\",\"url\":\"https:\/\/ekco-ci.com\/ecommerce\/\",\"name\":\"Ekco Boutique\",\"description\":\"Ekco Boutique! La qualit\u00e9 au c\u0153ur de chaque achat\",\"publisher\":{\"@id\":\"https:\/\/ekco-ci.com\/ecommerce\/#organization\"},\"alternateName\":\"Boutique\",\"potentialAction\":[{\"@type\":\"SearchAction\",\"target\":{\"@type\":\"EntryPoint\",\"urlTemplate\":\"https:\/\/ekco-ci.com\/ecommerce\/?s={search_term_string}\"},\"query-input\":{\"@type\":\"PropertyValueSpecification\",\"valueRequired\":true,\"valueName\":\"search_term_string\"}}],\"inLanguage\":\"fr-FR\"},{\"@type\":\"Organization\",\"@id\":\"https:\/\/ekco-ci.com\/ecommerce\/#organization\",\"name\":\"Ekco Boutique\",\"url\":\"https:\/\/ekco-ci.com\/ecommerce\/\",\"logo\":{\"@type\":\"ImageObject\",\"inLanguage\":\"fr-FR\",\"@id\":\"https:\/\/ekco-ci.com\/ecommerce\/#\/schema\/logo\/image\/\",\"url\":\"https:\/\/ekco-ci.com\/ecommerce\/wp-content\/uploads\/2024\/08\/cropped-lologo.png\",\"contentUrl\":\"https:\/\/ekco-ci.com\/ecommerce\/wp-content\/uploads\/2024\/08\/cropped-lologo.png\",\"width\":512,\"height\":512,\"caption\":\"Ekco Boutique\"},\"image\":{\"@id\":\"https:\/\/ekco-ci.com\/ecommerce\/#\/schema\/logo\/image\/\"}}]}<\/script>\n<!-- \/ Yoast SEO plugin. -->","yoast_head_json":{"title":"Smart watch Connect\u00e9e, Bluetooth, SIM, Carte memoire Caract\u00e9ristiques: num\u00e9roteur Bluetooth, rappel d'appel, anti-perte, podom\u00e8tre, moniteur de sommeil, rappel s\u00e9dentaire Langue: anglais\/multilingue (facultatif) \u00c9cran: 1.54 pouces FQVGA 240*240 pixels \u00c9cran tactile: p\u00e2te compl\u00e8te capacitive G + F Touch Vibration: Oui Autonomie en veille: 150 heures Temps de conversation: 3 heures Contact via Bluetooth: oui SMS: Oui CPU: MTK6261D - Ekco Boutique","robots":{"index":"index","follow":"follow","max-snippet":"max-snippet:-1","max-image-preview":"max-image-preview:large","max-video-preview":"max-video-preview:-1"},"canonical":"https:\/\/ekco-ci.com\/ecommerce\/produit\/smart-watch-connectee-bluetooth-sim-carte-memoire-caracteristiques-numeroteur-bluetooth-rappel-dappel-anti-perte-podometre-moniteur-de-sommeil-rappel-sedentaire-langue-anglais-multilingue\/","og_locale":"fr_FR","og_type":"article","og_title":"Smart watch Connect\u00e9e, Bluetooth, SIM, Carte memoire Caract\u00e9ristiques: num\u00e9roteur Bluetooth, rappel d'appel, anti-perte, podom\u00e8tre, moniteur de sommeil, rappel s\u00e9dentaire Langue: anglais\/multilingue (facultatif) \u00c9cran: 1.54 pouces FQVGA 240*240 pixels \u00c9cran tactile: p\u00e2te compl\u00e8te capacitive G + F Touch Vibration: Oui Autonomie en veille: 150 heures Temps de conversation: 3 heures Contact via Bluetooth: oui SMS: Oui CPU: MTK6261D - Ekco Boutique","og_description":"Smart watch\u00a0Connect\u00e9e, Bluetooth, SIM, Carte memoire Caract\u00e9ristiques: num\u00e9roteur Bluetooth, rappel d&#8217;appel, anti-perte, podom\u00e8tre, moniteur de sommeil, rappel s\u00e9dentaire Langue: anglais\/multilingue [&hellip;]","og_url":"https:\/\/ekco-ci.com\/ecommerce\/produit\/smart-watch-connectee-bluetooth-sim-carte-memoire-caracteristiques-numeroteur-bluetooth-rappel-dappel-anti-perte-podometre-moniteur-de-sommeil-rappel-sedentaire-langue-anglais-multilingue\/","og_site_name":"Ekco Boutique","article_modified_time":"2024-12-12T09:20:34+00:00","og_image":[{"width":500,"height":500,"url":"https:\/\/ekco-ci.com\/ecommerce\/wp-content\/uploads\/2024\/11\/1-9-12.jpg","type":"image\/jpeg"}],"twitter_card":"summary_large_image","twitter_misc":{"Dur\u00e9e de lecture estim\u00e9e":"1 minute"},"schema":{"@context":"https:\/\/schema.org","@graph":[{"@type":"WebPage","@id":"https:\/\/ekco-ci.com\/ecommerce\/produit\/smart-watch-connectee-bluetooth-sim-carte-memoire-caracteristiques-numeroteur-bluetooth-rappel-dappel-anti-perte-podometre-moniteur-de-sommeil-rappel-sedentaire-langue-anglais-multilingue\/","url":"https:\/\/ekco-ci.com\/ecommerce\/produit\/smart-watch-connectee-bluetooth-sim-carte-memoire-caracteristiques-numeroteur-bluetooth-rappel-dappel-anti-perte-podometre-moniteur-de-sommeil-rappel-sedentaire-langue-anglais-multilingue\/","name":"Smart watch Connect\u00e9e, Bluetooth, SIM, Carte memoire Caract\u00e9ristiques: num\u00e9roteur Bluetooth, rappel d'appel, anti-perte, podom\u00e8tre, moniteur de sommeil, rappel s\u00e9dentaire Langue: anglais\/multilingue (facultatif) \u00c9cran: 1.54 pouces FQVGA 240*240 pixels \u00c9cran tactile: p\u00e2te compl\u00e8te capacitive G + F Touch Vibration: Oui Autonomie en veille: 150 heures Temps de conversation: 3 heures Contact via Bluetooth: oui SMS: Oui CPU: MTK6261D - Ekco Boutique","isPartOf":{"@id":"https:\/\/ekco-ci.com\/ecommerce\/#website"},"primaryImageOfPage":{"@id":"https:\/\/ekco-ci.com\/ecommerce\/produit\/smart-watch-connectee-bluetooth-sim-carte-memoire-caracteristiques-numeroteur-bluetooth-rappel-dappel-anti-perte-podometre-moniteur-de-sommeil-rappel-sedentaire-langue-anglais-multilingue\/#primaryimage"},"image":{"@id":"https:\/\/ekco-ci.com\/ecommerce\/produit\/smart-watch-connectee-bluetooth-sim-carte-memoire-caracteristiques-numeroteur-bluetooth-rappel-dappel-anti-perte-podometre-moniteur-de-sommeil-rappel-sedentaire-langue-anglais-multilingue\/#primaryimage"},"thumbnailUrl":"https:\/\/ekco-ci.com\/ecommerce\/wp-content\/uploads\/2024\/11\/1-9-12.jpg","datePublished":"2024-11-29T14:15:23+00:00","dateModified":"2024-12-12T09:20:34+00:00","breadcrumb":{"@id":"https:\/\/ekco-ci.com\/ecommerce\/produit\/smart-watch-connectee-bluetooth-sim-carte-memoire-caracteristiques-numeroteur-bluetooth-rappel-dappel-anti-perte-podometre-moniteur-de-sommeil-rappel-sedentaire-langue-anglais-multilingue\/#breadcrumb"},"inLanguage":"fr-FR","potentialAction":[{"@type":"ReadAction","target":["https:\/\/ekco-ci.com\/ecommerce\/produit\/smart-watch-connectee-bluetooth-sim-carte-memoire-caracteristiques-numeroteur-bluetooth-rappel-dappel-anti-perte-podometre-moniteur-de-sommeil-rappel-sedentaire-langue-anglais-multilingue\/"]}]},{"@type":"ImageObject","inLanguage":"fr-FR","@id":"https:\/\/ekco-ci.com\/ecommerce\/produit\/smart-watch-connectee-bluetooth-sim-carte-memoire-caracteristiques-numeroteur-bluetooth-rappel-dappel-anti-perte-podometre-moniteur-de-sommeil-rappel-sedentaire-langue-anglais-multilingue\/#primaryimage","url":"https:\/\/ekco-ci.com\/ecommerce\/wp-content\/uploads\/2024\/11\/1-9-12.jpg","contentUrl":"https:\/\/ekco-ci.com\/ecommerce\/wp-content\/uploads\/2024\/11\/1-9-12.jpg","width":500,"height":500},{"@type":"BreadcrumbList","@id":"https:\/\/ekco-ci.com\/ecommerce\/produit\/smart-watch-connectee-bluetooth-sim-carte-memoire-caracteristiques-numeroteur-bluetooth-rappel-dappel-anti-perte-podometre-moniteur-de-sommeil-rappel-sedentaire-langue-anglais-multilingue\/#breadcrumb","itemListElement":[{"@type":"ListItem","position":1,"name":"Home","item":"https:\/\/ekco-ci.com\/ecommerce\/"},{"@type":"ListItem","position":2,"name":"Boutique","item":"https:\/\/ekco-ci.com\/ecommerce\/boutique\/"},{"@type":"ListItem","position":3,"name":"Smart watch Connect\u00e9e, Bluetooth, SIM, Carte memoire Caract\u00e9ristiques: num\u00e9roteur Bluetooth, rappel d&#8217;appel, anti-perte, podom\u00e8tre, moniteur de sommeil, rappel s\u00e9dentaire Langue: anglais\/multilingue (facultatif) \u00c9cran: 1.54 pouces FQVGA 240*240 pixels \u00c9cran tactile: p\u00e2te compl\u00e8te capacitive G + F Touch Vibration: Oui Autonomie en veille: 150 heures Temps de conversation: 3 heures Contact via Bluetooth: oui SMS: Oui CPU: MTK6261D"}]},{"@type":"WebSite","@id":"https:\/\/ekco-ci.com\/ecommerce\/#website","url":"https:\/\/ekco-ci.com\/ecommerce\/","name":"Ekco Boutique","description":"Ekco Boutique! La qualit\u00e9 au c\u0153ur de chaque achat","publisher":{"@id":"https:\/\/ekco-ci.com\/ecommerce\/#organization"},"alternateName":"Boutique","potentialAction":[{"@type":"SearchAction","target":{"@type":"EntryPoint","urlTemplate":"https:\/\/ekco-ci.com\/ecommerce\/?s={search_term_string}"},"query-input":{"@type":"PropertyValueSpecification","valueRequired":true,"valueName":"search_term_string"}}],"inLanguage":"fr-FR"},{"@type":"Organization","@id":"https:\/\/ekco-ci.com\/ecommerce\/#organization","name":"Ekco Boutique","url":"https:\/\/ekco-ci.com\/ecommerce\/","logo":{"@type":"ImageObject","inLanguage":"fr-FR","@id":"https:\/\/ekco-ci.com\/ecommerce\/#\/schema\/logo\/image\/","url":"https:\/\/ekco-ci.com\/ecommerce\/wp-content\/uploads\/2024\/08\/cropped-lologo.png","contentUrl":"https:\/\/ekco-ci.com\/ecommerce\/wp-content\/uploads\/2024\/08\/cropped-lologo.png","width":512,"height":512,"caption":"Ekco Boutique"},"image":{"@id":"https:\/\/ekco-ci.com\/ecommerce\/#\/schema\/logo\/image\/"}}]}},"uagb_featured_image_src":{"full":["https:\/\/ekco-ci.com\/ecommerce\/wp-content\/uploads\/2024\/11\/1-9-12.jpg",500,500,false],"thumbnail":["https:\/\/ekco-ci.com\/ecommerce\/wp-content\/uploads\/2024\/11\/1-9-12-150x150.jpg",150,150,true],"medium":["https:\/\/ekco-ci.com\/ecommerce\/wp-content\/uploads\/2024\/11\/1-9-12-300x300.jpg",300,300,true],"medium_large":["https:\/\/ekco-ci.com\/ecommerce\/wp-content\/uploads\/2024\/11\/1-9-12.jpg",500,500,false],"large":["https:\/\/ekco-ci.com\/ecommerce\/wp-content\/uploads\/2024\/11\/1-9-12.jpg",500,500,false],"1536x1536":["https:\/\/ekco-ci.com\/ecommerce\/wp-content\/uploads\/2024\/11\/1-9-12.jpg",500,500,false],"2048x2048":["https:\/\/ekco-ci.com\/ecommerce\/wp-content\/uploads\/2024\/11\/1-9-12.jpg",500,500,false],"cfw_cart_thumb":["https:\/\/ekco-ci.com\/ecommerce\/wp-content\/uploads\/2024\/11\/1-9-12-60x60.jpg",60,60,true],"cfw_order_bump_thumb":["https:\/\/ekco-ci.com\/ecommerce\/wp-content\/uploads\/2024\/11\/1-9-12.jpg",320,320,false],"woocommerce_thumbnail":["https:\/\/ekco-ci.com\/ecommerce\/wp-content\/uploads\/2024\/11\/1-9-12-300x225.jpg",300,225,true],"woocommerce_single":["https:\/\/ekco-ci.com\/ecommerce\/wp-content\/uploads\/2024\/11\/1-9-12.jpg",500,500,false],"woocommerce_gallery_thumbnail":["https:\/\/ekco-ci.com\/ecommerce\/wp-content\/uploads\/2024\/11\/1-9-12-100x100.jpg",100,100,true]},"uagb_author_info":{"display_name":"Christabelle Moulo","author_link":"https:\/\/ekco-ci.com\/ecommerce\/author\/"},"uagb_comment_info":0,"uagb_excerpt":"Smart watch\u00a0Connect\u00e9e, Bluetooth, SIM, Carte memoire Caract\u00e9ristiques: num\u00e9roteur Bluetooth, rappel d&#8217;appel, anti-perte, podom\u00e8tre, moniteur de sommeil, rappel s\u00e9dentaire Langue: anglais\/multilingue [&hellip;]","_links":{"self":[{"href":"https:\/\/ekco-ci.com\/ecommerce\/wp-json\/wp\/v2\/product\/10409","targetHints":{"allow":["GET"]}}],"collection":[{"href":"https:\/\/ekco-ci.com\/ecommerce\/wp-json\/wp\/v2\/product"}],"about":[{"href":"https:\/\/ekco-ci.com\/ecommerce\/wp-json\/wp\/v2\/types\/product"}],"replies":[{"embeddable":true,"href":"https:\/\/ekco-ci.com\/ecommerce\/wp-json\/wp\/v2\/comments?post=10409"}],"wp:featuredmedia":[{"embeddable":true,"href":"https:\/\/ekco-ci.com\/ecommerce\/wp-json\/wp\/v2\/media\/10410"}],"wp:attachment":[{"href":"https:\/\/ekco-ci.com\/ecommerce\/wp-json\/wp\/v2\/media?parent=10409"}],"wp:term":[{"taxonomy":"product_brand","embeddable":true,"href":"https:\/\/ekco-ci.com\/ecommerce\/wp-json\/wp\/v2\/product_brand?post=10409"},{"taxonomy":"product_cat","embeddable":true,"href":"https:\/\/ekco-ci.com\/ecommerce\/wp-json\/wp\/v2\/product_cat?post=10409"},{"taxonomy":"product_tag","embeddable":true,"href":"https:\/\/ekco-ci.com\/ecommerce\/wp-json\/wp\/v2\/product_tag?post=10409"}],"curies":[{"name":"wp","href":"https:\/\/api.w.org\/{rel}","templated":true}]}}