{"id":12,"date":"2024-08-10T14:30:20","date_gmt":"2024-08-10T14:30:20","guid":{"rendered":"https:\/\/ekco-ci.com\/ecommerce\/?page_id=12"},"modified":"2024-08-10T14:32:10","modified_gmt":"2024-08-10T14:32:10","slug":"remboursements_retours","status":"publish","type":"page","link":"https:\/\/ekco-ci.com\/ecommerce\/remboursements_retours\/","title":{"rendered":"Politique en mati\u00e8re de remboursements et de retours"},"content":{"rendered":"\n<p>Politique de Retours et Remboursements<\/p>\n\n\n\n<p><\/p>\n\n\n\n<p>Chez Ekco Boutique, nous nous engageons \u00e0 vous fournir une exp\u00e9rience d&#8217;achat satisfaisante \u00e0 chaque visite sur notre plateforme. Toutefois, si vous devez retourner un article, nous avons mis en place une politique de retours et de remboursements claire et \u00e9quitable pour faciliter votre exp\u00e9rience Jumia. Cette politique d\u00e9finit les conditions d&#8217;acceptation des retours ainsi que les situations dans lesquelles nous ne pouvons pas autoriser de remboursement.<\/p>\n\n\n\n<p>1. Retour pour Changement d&#8217;avis ou Probl\u00e8me de taille d\u2019article<\/p>\n\n\n\n<p>Vous pouvez retourner tout article, \u00e0 l&#8217;exception des cat\u00e9gories suivantes :<\/p>\n\n\n\n<p>&#8211; Articles scell\u00e9s qui ont \u00e9t\u00e9 ouverts (sceaux officiels de la marque ou emballages d&#8217;origine, tels que plastiques prot\u00e9geant les cartons des t\u00e9l\u00e9phones ou des parfums)<\/p>\n\n\n\n<p>&#8211; Cat\u00e9gories non \u00e9ligibles au retour (notamment matelas, sous-v\u00eatements, etc., voir liste ci-dessous)<\/p>\n\n\n\n<p>&#8211; T\u00e9l\u00e9visions et Gros \u00c9lectrom\u00e9nagers<\/p>\n\n\n\n<p>&#8211; Articles emball\u00e9s avec de grosses agrafes (comme les canap\u00e9s, meubles, gros \u00e9quipements)<\/p>\n\n\n\n<p>Conditions de Retour : Vous devez retourner l&#8217;article avec son bon de livraison et son emballage dans un excellent \u00e9tat.<\/p>\n\n\n\n<p>D\u00e9lai de retour : Vous disposez de 10 jours ouvrables \u00e0 compter de la date de livraison pour initier votre retour sur Ekco boutique et d\u00e9poser l&#8217;article dans le point relais choisi.<\/p>\n\n\n\n<p>2. Retour pour toutes autres raisons ( Articles d\u00e9fectueux, re\u00e7us cass\u00e9s, Non fonctionnels, Contrefaits Non conformes, Incomplets ou D\u00e9j\u00e0 utilis\u00e9s)<\/p>\n\n\n\n<p>Les retours sont accept\u00e9s pour tous types d&#8217;articles, \u00e0 l&#8217;exception des cat\u00e9gories non \u00e9ligibles au retour (voir liste ci-dessous).<\/p>\n\n\n\n<p>Conditions de Retour : Vous devez retourner l&#8217;article avec son bon de livraison et son emballage dans leur \u00e9tat d&#8217;origine.<\/p>\n\n\n\n<p>D\u00e9lai de Retour : Vous disposez de 10 jours ouvrables \u00e0 compter de la date de livraison pour initier votre retour sur Jumia et d\u00e9poser l&#8217;article dans le point relais choisi.<\/p>\n\n\n\n<p>Remarque : Pour les cat\u00e9gories non-\u00e9ligibles au retour, veuillez contacter le service client de Jumia pour plus de d\u00e9tails au 25 20 00 61 61.<\/p>\n\n\n\n<p>NB : Nous vous recommandons de bien faire la v\u00e9rification de vos articles \u00e0 la r\u00e9ception, afin d\u2019\u00e9viter tout cas de litige<\/p>\n\n\n\n<p>Cat\u00e9gories Non \u00c9ligibles au Retour<\/p>\n\n\n\n<p>Matelas<\/p>\n\n\n\n<p>Imprimantes, scanners et accessoires<\/p>\n\n\n\n<p>Logiciels informatiques<\/p>\n\n\n\n<p>Supermarch\u00e9 (\u00e9picerie, boissons, papeterie, etc.)<\/p>\n\n\n\n<p>Articles de m\u00e9nage (produits de nettoyage vaisselle, lessive, sols, d\u00e9tergents, d\u00e9sodorisants, etc.)<\/p>\n\n\n\n<p>Sous-v\u00eatements, maillots de bain et de plage<\/p>\n\n\n\n<p>Produits de beaut\u00e9 (maquillage, soins du corps et du visage, soins des mains et des pieds, soins capillaires, m\u00e8ches&#8230;)<\/p>\n\n\n\n<p>Parfums<\/p>\n\n\n\n<p>Sant\u00e9 et relaxation<\/p>\n\n\n\n<p>Produits pour adultes\/coquins<\/p>\n\n\n\n<p>Autres \u00e9v\u00e9nements et billets<\/p>\n\n\n\n<p>3. Conseils<\/p>\n\n\n\n<p>Les articles retourn\u00e9s sont sous votre responsabilit\u00e9 jusqu&#8217;\u00e0 ce qu&#8217;ils nous parviennent. Veillez donc \u00e0 ce qu&#8217;ils soient correctement emball\u00e9s et ne puissent pas \u00eatre endommag\u00e9s en cours de route.<\/p>\n\n\n\n<p>Vous ne devez pas inclure dans l&#8217;emballage de l&#8217;article retourn\u00e9 tout article ne faisant pas partie de l&#8217;article retourn\u00e9 tel qu&#8217;il a \u00e9t\u00e9 initialement re\u00e7u de Jumia. Vous devez enti\u00e8rement supprimer et \u00e9liminer toutes les donn\u00e9es personnelles vous concernant et\/ou concernant un tiers qui pourraient \u00eatre pr\u00e9sentes dans un article, et d\u00e9verrouiller tout compte \u00e9ventuellement li\u00e9 \u00e0 l&#8217;article.<\/p>\n\n\n\n<p>Ekco Boutique ne sera pas responsable des articles contenus par erreur dans un colis retourn\u00e9, ni de toute violation de donn\u00e9es r\u00e9sultant d&#8217;un d\u00e9faut d&#8217;\u00e9limination des donn\u00e9es personnelles contenues dans un article retourn\u00e9.<\/p>\n\n\n\n<p>4. Remboursements<\/p>\n\n\n\n<p>Si nous acceptons votre retour, ou si vous pr\u00e9payez mais ne recevez pas un article, nous avons pour objectif de vous rembourser le prix d&#8217;achat de l&#8217;article dans le d\u00e9lai indiqu\u00e9 sur la page des d\u00e9lais de retour. Cliquez ici<\/p>\n\n\n\n<p>Pour les articles non conformes, d\u00e9fectueux ou endommag\u00e9s, vous serez \u00e9galement rembours\u00e9 de l&#8217;int\u00e9gralit\u00e9 des frais de livraison des articles retourn\u00e9s, une fois votre retour trait\u00e9.<\/p>\n\n\n\n<p>Si le retour ne r\u00e9sulte pas d&#8217;une erreur de Ekco Boutique ou du vendeur (par exemple, si vous avez chang\u00e9 d&#8217;avis ou si la taille ne correspond pas \u00e0 vos attentes), vous ne recevrez aucun remboursement des frais de livraison.<\/p>\n\n\n\n<p>Le formulaire de demande de remboursement doit indiquer le(s) mode(s) de paiement pour la r\u00e9ception des remboursements dont vous disposez.<\/p>\n\n\n\n<p>5. Demandes de retour et de remboursement rejet\u00e9es et confiscation<\/p>\n\n\n\n<p>Tous les articles sont inspect\u00e9s lors de leur retour afin de v\u00e9rifier les raisons du retour fournies. Si votre demande de retour n&#8217;est pas approuv\u00e9e par Ekco boutique, vous ne recevrez aucun remboursement du prix d&#8217;achat ou des frais de livraison, et nous ferons 2 tentatives de re-livraison dans les 7 jours ouvrables.<\/p>\n\n\n\n<p>Si les deux tentatives de relivraison \u00e9chouent, nous vous informerons imm\u00e9diatement que nous conserverons l&#8217;article pendant 30 jours suppl\u00e9mentaires \u00e0 compter de la date de la notification initiale. Notre notification comprendra des d\u00e9tails sur le lieu d&#8217;enl\u00e8vement et les heures d&#8217;ouverture.<\/p>\n\n\n\n<p>Si vous ne r\u00e9cup\u00e9rez pas l&#8217;article dans le d\u00e9lai requis, vous perdrez l&#8217;article, c&#8217;est-\u00e0-dire que l&#8217;article deviendra la propri\u00e9t\u00e9 de Ekco boutique et que Ekco Boutique pourra en disposer de la mani\u00e8re qu&#8217;elle jugera appropri\u00e9e, par exemple par vente, don de charit\u00e9, recyclage ou destruction.<\/p>\n\n\n\n<p>6. Pas d&#8217;\u00e9changes<\/p>\n\n\n\n<p>Veuillez noter que nous n&#8217;offrons pas d&#8217;\u00e9changes. Si vous d\u00e9sirez recevoir un article de couleur ou de taille diff\u00e9rentes, nous vous prions de retourner l&#8217;article en question et de passer une nouvelle commande.<\/p>\n\n\n\n<p>7. Information additionnelle<\/p>\n\n\n\n<p>Pour plus d&#8217;information, merci de visiter l&#8217;une des pages suivantes:<\/p>\n\n\n\n<p>Comment cr\u00e9er un retour? : Cliquez ici<\/p>\n\n\n\n<p>D\u00e9lais de traitement&nbsp; : Cliquez ici<\/p>\n\n\n\n<p>Foire \u00e0 questions (Faq) : Cliquez ici<\/p>\n\n\n\n<p>Politique de garantie : Cliquez ici<\/p>\n\n\n\n<p>Si vous avez besoin de nous contacter, merci de visiter notre page contact.<\/p>\n","protected":false},"excerpt":{"rendered":"<p>Politique de Retours et Remboursements Chez Ekco Boutique, nous nous engageons \u00e0 vous fournir une exp\u00e9rience d&#8217;achat satisfaisante \u00e0 chaque [&hellip;]<\/p>\n","protected":false},"author":1,"featured_media":0,"parent":0,"menu_order":0,"comment_status":"closed","ping_status":"closed","template":"","meta":{"_uag_custom_page_level_css":"","site-sidebar-layout":"default","site-content-layout":"","ast-site-content-layout":"default","site-content-style":"default","site-sidebar-style":"default","ast-global-header-display":"","ast-banner-title-visibility":"","ast-main-header-display":"","ast-hfb-above-header-display":"","ast-hfb-below-header-display":"","ast-hfb-mobile-header-display":"","site-post-title":"","ast-breadcrumbs-content":"","ast-featured-img":"","footer-sml-layout":"","ast-disable-related-posts":"","theme-transparent-header-meta":"","adv-header-id-meta":"","stick-header-meta":"","header-above-stick-meta":"","header-main-stick-meta":"","header-below-stick-meta":"","astra-migrate-meta-layouts":"default","ast-page-background-enabled":"default","ast-page-background-meta":{"desktop":{"background-color":"var(--ast-global-color-4)","background-image":"","background-repeat":"repeat","background-position":"center center","background-size":"auto","background-attachment":"scroll","background-type":"","background-media":"","overlay-type":"","overlay-color":"","overlay-opacity":"","overlay-gradient":""},"tablet":{"background-color":"","background-image":"","background-repeat":"repeat","background-position":"center center","background-size":"auto","background-attachment":"scroll","background-type":"","background-media":"","overlay-type":"","overlay-color":"","overlay-opacity":"","overlay-gradient":""},"mobile":{"background-color":"","background-image":"","background-repeat":"repeat","background-position":"center center","background-size":"auto","background-attachment":"scroll","background-type":"","background-media":"","overlay-type":"","overlay-color":"","overlay-opacity":"","overlay-gradient":""}},"ast-content-background-meta":{"desktop":{"background-color":"var(--ast-global-color-5)","background-image":"","background-repeat":"repeat","background-position":"center center","background-size":"auto","background-attachment":"scroll","background-type":"","background-media":"","overlay-type":"","overlay-color":"","overlay-opacity":"","overlay-gradient":""},"tablet":{"background-color":"var(--ast-global-color-5)","background-image":"","background-repeat":"repeat","background-position":"center center","background-size":"auto","background-attachment":"scroll","background-type":"","background-media":"","overlay-type":"","overlay-color":"","overlay-opacity":"","overlay-gradient":""},"mobile":{"background-color":"var(--ast-global-color-5)","background-image":"","background-repeat":"repeat","background-position":"center center","background-size":"auto","background-attachment":"scroll","background-type":"","background-media":"","overlay-type":"","overlay-color":"","overlay-opacity":"","overlay-gradient":""}},"footnotes":""},"class_list":["post-12","page","type-page","status-publish","hentry"],"yoast_head":"<!-- This site is optimized with the Yoast SEO plugin v26.8 - https:\/\/yoast.com\/product\/yoast-seo-wordpress\/ -->\n<title>Politique en mati\u00e8re de remboursements et de retours - Ekco Boutique<\/title>\n<meta name=\"robots\" content=\"index, follow, max-snippet:-1, max-image-preview:large, max-video-preview:-1\" \/>\n<link rel=\"canonical\" href=\"https:\/\/ekco-ci.com\/ecommerce\/remboursements_retours\/\" \/>\n<meta property=\"og:locale\" content=\"fr_FR\" \/>\n<meta property=\"og:type\" content=\"article\" \/>\n<meta property=\"og:title\" content=\"Politique en mati\u00e8re de remboursements et de retours - Ekco Boutique\" \/>\n<meta property=\"og:description\" content=\"Politique de Retours et Remboursements Chez Ekco Boutique, nous nous engageons \u00e0 vous fournir une exp\u00e9rience d&#8217;achat satisfaisante \u00e0 chaque [&hellip;]\" \/>\n<meta property=\"og:url\" content=\"https:\/\/ekco-ci.com\/ecommerce\/remboursements_retours\/\" \/>\n<meta property=\"og:site_name\" content=\"Ekco Boutique\" \/>\n<meta property=\"article:modified_time\" content=\"2024-08-10T14:32:10+00:00\" \/>\n<meta property=\"og:image\" content=\"https:\/\/ekco-ci.com\/ecommerce\/wp-content\/uploads\/2024\/08\/cropped-lologo.png\" \/>\n\t<meta property=\"og:image:width\" content=\"512\" \/>\n\t<meta property=\"og:image:height\" content=\"512\" \/>\n\t<meta property=\"og:image:type\" content=\"image\/png\" \/>\n<meta name=\"twitter:card\" content=\"summary_large_image\" \/>\n<meta name=\"twitter:label1\" content=\"Dur\u00e9e de lecture estim\u00e9e\" \/>\n\t<meta name=\"twitter:data1\" content=\"5 minutes\" \/>\n<script type=\"application\/ld+json\" class=\"yoast-schema-graph\">{\"@context\":\"https:\/\/schema.org\",\"@graph\":[{\"@type\":\"WebPage\",\"@id\":\"https:\/\/ekco-ci.com\/ecommerce\/remboursements_retours\/\",\"url\":\"https:\/\/ekco-ci.com\/ecommerce\/remboursements_retours\/\",\"name\":\"Politique en mati\u00e8re de remboursements et de retours - Ekco Boutique\",\"isPartOf\":{\"@id\":\"https:\/\/ekco-ci.com\/ecommerce\/#website\"},\"datePublished\":\"2024-08-10T14:30:20+00:00\",\"dateModified\":\"2024-08-10T14:32:10+00:00\",\"breadcrumb\":{\"@id\":\"https:\/\/ekco-ci.com\/ecommerce\/remboursements_retours\/#breadcrumb\"},\"inLanguage\":\"fr-FR\",\"potentialAction\":[{\"@type\":\"ReadAction\",\"target\":[\"https:\/\/ekco-ci.com\/ecommerce\/remboursements_retours\/\"]}]},{\"@type\":\"BreadcrumbList\",\"@id\":\"https:\/\/ekco-ci.com\/ecommerce\/remboursements_retours\/#breadcrumb\",\"itemListElement\":[{\"@type\":\"ListItem\",\"position\":1,\"name\":\"Home\",\"item\":\"https:\/\/ekco-ci.com\/ecommerce\/\"},{\"@type\":\"ListItem\",\"position\":2,\"name\":\"Politique en mati\u00e8re de remboursements et de retours\"}]},{\"@type\":\"WebSite\",\"@id\":\"https:\/\/ekco-ci.com\/ecommerce\/#website\",\"url\":\"https:\/\/ekco-ci.com\/ecommerce\/\",\"name\":\"Ekco Boutique\",\"description\":\"Ekco Boutique! La qualit\u00e9 au c\u0153ur de chaque achat\",\"publisher\":{\"@id\":\"https:\/\/ekco-ci.com\/ecommerce\/#organization\"},\"alternateName\":\"Boutique\",\"potentialAction\":[{\"@type\":\"SearchAction\",\"target\":{\"@type\":\"EntryPoint\",\"urlTemplate\":\"https:\/\/ekco-ci.com\/ecommerce\/?s={search_term_string}\"},\"query-input\":{\"@type\":\"PropertyValueSpecification\",\"valueRequired\":true,\"valueName\":\"search_term_string\"}}],\"inLanguage\":\"fr-FR\"},{\"@type\":\"Organization\",\"@id\":\"https:\/\/ekco-ci.com\/ecommerce\/#organization\",\"name\":\"Ekco Boutique\",\"url\":\"https:\/\/ekco-ci.com\/ecommerce\/\",\"logo\":{\"@type\":\"ImageObject\",\"inLanguage\":\"fr-FR\",\"@id\":\"https:\/\/ekco-ci.com\/ecommerce\/#\/schema\/logo\/image\/\",\"url\":\"https:\/\/ekco-ci.com\/ecommerce\/wp-content\/uploads\/2024\/08\/cropped-lologo.png\",\"contentUrl\":\"https:\/\/ekco-ci.com\/ecommerce\/wp-content\/uploads\/2024\/08\/cropped-lologo.png\",\"width\":512,\"height\":512,\"caption\":\"Ekco Boutique\"},\"image\":{\"@id\":\"https:\/\/ekco-ci.com\/ecommerce\/#\/schema\/logo\/image\/\"}}]}<\/script>\n<!-- \/ Yoast SEO plugin. -->","yoast_head_json":{"title":"Politique en mati\u00e8re de remboursements et de retours - Ekco Boutique","robots":{"index":"index","follow":"follow","max-snippet":"max-snippet:-1","max-image-preview":"max-image-preview:large","max-video-preview":"max-video-preview:-1"},"canonical":"https:\/\/ekco-ci.com\/ecommerce\/remboursements_retours\/","og_locale":"fr_FR","og_type":"article","og_title":"Politique en mati\u00e8re de remboursements et de retours - Ekco Boutique","og_description":"Politique de Retours et Remboursements Chez Ekco Boutique, nous nous engageons \u00e0 vous fournir une exp\u00e9rience d&#8217;achat satisfaisante \u00e0 chaque [&hellip;]","og_url":"https:\/\/ekco-ci.com\/ecommerce\/remboursements_retours\/","og_site_name":"Ekco Boutique","article_modified_time":"2024-08-10T14:32:10+00:00","og_image":[{"width":512,"height":512,"url":"https:\/\/ekco-ci.com\/ecommerce\/wp-content\/uploads\/2024\/08\/cropped-lologo.png","type":"image\/png"}],"twitter_card":"summary_large_image","twitter_misc":{"Dur\u00e9e de lecture estim\u00e9e":"5 minutes"},"schema":{"@context":"https:\/\/schema.org","@graph":[{"@type":"WebPage","@id":"https:\/\/ekco-ci.com\/ecommerce\/remboursements_retours\/","url":"https:\/\/ekco-ci.com\/ecommerce\/remboursements_retours\/","name":"Politique en mati\u00e8re de remboursements et de retours - Ekco Boutique","isPartOf":{"@id":"https:\/\/ekco-ci.com\/ecommerce\/#website"},"datePublished":"2024-08-10T14:30:20+00:00","dateModified":"2024-08-10T14:32:10+00:00","breadcrumb":{"@id":"https:\/\/ekco-ci.com\/ecommerce\/remboursements_retours\/#breadcrumb"},"inLanguage":"fr-FR","potentialAction":[{"@type":"ReadAction","target":["https:\/\/ekco-ci.com\/ecommerce\/remboursements_retours\/"]}]},{"@type":"BreadcrumbList","@id":"https:\/\/ekco-ci.com\/ecommerce\/remboursements_retours\/#breadcrumb","itemListElement":[{"@type":"ListItem","position":1,"name":"Home","item":"https:\/\/ekco-ci.com\/ecommerce\/"},{"@type":"ListItem","position":2,"name":"Politique en mati\u00e8re de remboursements et de retours"}]},{"@type":"WebSite","@id":"https:\/\/ekco-ci.com\/ecommerce\/#website","url":"https:\/\/ekco-ci.com\/ecommerce\/","name":"Ekco Boutique","description":"Ekco Boutique! La qualit\u00e9 au c\u0153ur de chaque achat","publisher":{"@id":"https:\/\/ekco-ci.com\/ecommerce\/#organization"},"alternateName":"Boutique","potentialAction":[{"@type":"SearchAction","target":{"@type":"EntryPoint","urlTemplate":"https:\/\/ekco-ci.com\/ecommerce\/?s={search_term_string}"},"query-input":{"@type":"PropertyValueSpecification","valueRequired":true,"valueName":"search_term_string"}}],"inLanguage":"fr-FR"},{"@type":"Organization","@id":"https:\/\/ekco-ci.com\/ecommerce\/#organization","name":"Ekco Boutique","url":"https:\/\/ekco-ci.com\/ecommerce\/","logo":{"@type":"ImageObject","inLanguage":"fr-FR","@id":"https:\/\/ekco-ci.com\/ecommerce\/#\/schema\/logo\/image\/","url":"https:\/\/ekco-ci.com\/ecommerce\/wp-content\/uploads\/2024\/08\/cropped-lologo.png","contentUrl":"https:\/\/ekco-ci.com\/ecommerce\/wp-content\/uploads\/2024\/08\/cropped-lologo.png","width":512,"height":512,"caption":"Ekco Boutique"},"image":{"@id":"https:\/\/ekco-ci.com\/ecommerce\/#\/schema\/logo\/image\/"}}]}},"uagb_featured_image_src":{"full":false,"thumbnail":false,"medium":false,"medium_large":false,"large":false,"1536x1536":false,"2048x2048":false,"cfw_cart_thumb":false,"cfw_order_bump_thumb":false,"woocommerce_thumbnail":false,"woocommerce_single":false,"woocommerce_gallery_thumbnail":false},"uagb_author_info":{"display_name":"ekco","author_link":"https:\/\/ekco-ci.com\/ecommerce\/author\/ekco\/"},"uagb_comment_info":0,"uagb_excerpt":"Politique de Retours et Remboursements Chez Ekco Boutique, nous nous engageons \u00e0 vous fournir une exp\u00e9rience d&#8217;achat satisfaisante \u00e0 chaque [&hellip;]","_links":{"self":[{"href":"https:\/\/ekco-ci.com\/ecommerce\/wp-json\/wp\/v2\/pages\/12","targetHints":{"allow":["GET"]}}],"collection":[{"href":"https:\/\/ekco-ci.com\/ecommerce\/wp-json\/wp\/v2\/pages"}],"about":[{"href":"https:\/\/ekco-ci.com\/ecommerce\/wp-json\/wp\/v2\/types\/page"}],"author":[{"embeddable":true,"href":"https:\/\/ekco-ci.com\/ecommerce\/wp-json\/wp\/v2\/users\/1"}],"replies":[{"embeddable":true,"href":"https:\/\/ekco-ci.com\/ecommerce\/wp-json\/wp\/v2\/comments?post=12"}],"version-history":[{"count":2,"href":"https:\/\/ekco-ci.com\/ecommerce\/wp-json\/wp\/v2\/pages\/12\/revisions"}],"predecessor-version":[{"id":902,"href":"https:\/\/ekco-ci.com\/ecommerce\/wp-json\/wp\/v2\/pages\/12\/revisions\/902"}],"wp:attachment":[{"href":"https:\/\/ekco-ci.com\/ecommerce\/wp-json\/wp\/v2\/media?parent=12"}],"curies":[{"name":"wp","href":"https:\/\/api.w.org\/{rel}","templated":true}]}}